{"id":91742,"date":"2025-02-15T11:50:04","date_gmt":"2025-02-15T10:50:04","guid":{"rendered":"https:\/\/turijnmagazijn.nl\/product\/werkzeug-zum-entfernen-der-nabenabdeckung-fiat-500x\/"},"modified":"2025-02-15T11:50:04","modified_gmt":"2025-02-15T10:50:04","slug":"werkzeug-zum-entfernen-der-nabenabdeckung-fiat-500x","status":"publish","type":"product","link":"https:\/\/turijnmagazijn.nl\/de\/produkt\/werkzeug-zum-entfernen-der-nabenabdeckung-fiat-500x\/","title":{"rendered":"Werkzeug zum Entfernen der Nabenabdeckung Fiat 500X"},"content":{"rendered":"<p>Neuer Artikel. Mit diesem kleinen Werkzeug k\u00f6nnen Sie die Radkappen des Fiat 500X entfernen, ohne die Felge und die Kappen zu besch\u00e4digen. <\/p>\n<p>Stecken Sie das Ende schr\u00e4g in die Aussparung zwischen Felge und Kante der Kappe.<\/p>\n<p>Ziehen Sie den Griff gerade zu sich, um den Deckel zu entfernen.<\/p>\n<p>Obwohl die 500X-Nabenabdeckungen noch leicht erh\u00e4ltlich sind, kosten sie schnell 20 Euro pro St\u00fcck. Das ist es allemal wert, wenn Sie sie mit Hilfe dieses kleinen Werkzeugs unbesch\u00e4digt entfernen k\u00f6nnen und Ihr Set komplett bleibt. <\/p>\n<p>Ersatznabenabdeckungen f\u00fcr Fiat 500X finden Sie auch in unserem Shop \u00fcber diese Links:<\/p>\n<blockquote class=\"wp-embedded-content\" data-secret=\"VUeL94yeFx\"><p><a href=\"https:\/\/turijnmagazijn.nl\/product\/naafdop-zwart-fiat-500x-originele-lichtmetalen-velgen\/\">Naafdeksel Zwart Fiat 500X originele lichtmetalen velgen<\/a><\/p><\/blockquote>\n<p><iframe class=\"wp-embedded-content\" sandbox=\"allow-scripts\" security=\"restricted\" style=\"position: absolute; visibility: hidden;\" title=\"&#8222;Naafdeksel Zwart Fiat 500X originele lichtmetalen velgen&#8220; &#8212; Turijnmagazijn\" src=\"https:\/\/turijnmagazijn.nl\/product\/naafdop-zwart-fiat-500x-originele-lichtmetalen-velgen\/embed\/#?secret=x25UPoclWt#?secret=VUeL94yeFx\" data-secret=\"VUeL94yeFx\" width=\"600\" height=\"338\" frameborder=\"0\" marginwidth=\"0\" marginheight=\"0\" scrolling=\"no\"><\/iframe><\/p>\n<blockquote class=\"wp-embedded-content\" data-secret=\"zOBVjg4MZM\"><p><a href=\"https:\/\/turijnmagazijn.nl\/product\/naafdop-fiat-500x-chroom-en-zilver-735626312\/\">Naafdop Fiat 500X Chroom en zilver 735626312<\/a><\/p><\/blockquote>\n<p><iframe class=\"wp-embedded-content\" sandbox=\"allow-scripts\" security=\"restricted\" style=\"position: absolute; visibility: hidden;\" title=\"&#8222;Naafdop Fiat 500X Chroom en zilver 735626312&#8220; &#8212; Turijnmagazijn\" src=\"https:\/\/turijnmagazijn.nl\/product\/naafdop-fiat-500x-chroom-en-zilver-735626312\/embed\/#?secret=EV9gHo5FUJ#?secret=zOBVjg4MZM\" data-secret=\"zOBVjg4MZM\" width=\"600\" height=\"338\" frameborder=\"0\" marginwidth=\"0\" marginheight=\"0\" scrolling=\"no\"><\/iframe><\/p>\n","protected":false},"excerpt":{"rendered":"<p>Demontagewerkzeug f\u00fcr Nabenabdeckung Fiat 500X Felgen<\/p>\n","protected":false},"featured_media":88993,"comment_status":"open","ping_status":"closed","template":"","meta":{"_acf_changed":false},"product_brand":[],"product_cat":[1698,1689],"product_tag":[],"class_list":{"0":"post-91742","1":"product","2":"type-product","3":"status-publish","4":"has-post-thumbnail","6":"product_cat-500x-334-de","7":"product_cat-fiat-de","8":"pa_soort-onderdeel-karosserie-und-blech","10":"first","11":"instock","12":"taxable","13":"shipping-taxable","14":"purchasable","15":"product-type-simple"},"acf":[],"yoast_head":"<!-- This site is optimized with the Yoast SEO plugin v27.2 - https:\/\/yoast.com\/product\/yoast-seo-wordpress\/ -->\n<title>Werkzeug zum Entfernen der Nabenabdeckung Fiat 500X - Turijnmagazijn<\/title>\n<meta name=\"robots\" content=\"index, follow, max-snippet:-1, max-image-preview:large, max-video-preview:-1\" \/>\n<link rel=\"canonical\" href=\"https:\/\/turijnmagazijn.nl\/de\/produkt\/werkzeug-zum-entfernen-der-nabenabdeckung-fiat-500x\/\" \/>\n<meta property=\"og:locale\" content=\"de_DE\" \/>\n<meta property=\"og:type\" content=\"article\" \/>\n<meta property=\"og:title\" content=\"Werkzeug zum Entfernen der Nabenabdeckung Fiat 500X - Turijnmagazijn\" \/>\n<meta property=\"og:description\" content=\"Demontagewerkzeug f\u00fcr Nabenabdeckung Fiat 500X Felgen\" \/>\n<meta property=\"og:url\" content=\"https:\/\/turijnmagazijn.nl\/de\/produkt\/werkzeug-zum-entfernen-der-nabenabdeckung-fiat-500x\/\" \/>\n<meta property=\"og:site_name\" content=\"Turijnmagazijn\" \/>\n<meta property=\"article:publisher\" content=\"https:\/\/www.facebook.com\/turijnmagazijn\" \/>\n<meta property=\"og:image\" content=\"https:\/\/turijnmagazijn.nl\/wp-content\/uploads\/2025\/02\/DN0100401-b-Naafdeksel-trekker-Fiat-500X-1.jpg\" \/>\n\t<meta property=\"og:image:width\" content=\"1440\" \/>\n\t<meta property=\"og:image:height\" content=\"1080\" \/>\n\t<meta property=\"og:image:type\" content=\"image\/jpeg\" \/>\n<meta name=\"twitter:card\" content=\"summary_large_image\" \/>\n<meta name=\"twitter:label1\" content=\"Gesch\u00e4tzte Lesezeit\" \/>\n\t<meta name=\"twitter:data1\" content=\"1\u00a0Minute\" \/>\n<script type=\"application\/ld+json\" class=\"yoast-schema-graph\">{\"@context\":\"https:\/\/schema.org\",\"@graph\":[{\"@type\":\"WebPage\",\"@id\":\"https:\/\/turijnmagazijn.nl\/de\/produkt\/werkzeug-zum-entfernen-der-nabenabdeckung-fiat-500x\/\",\"url\":\"https:\/\/turijnmagazijn.nl\/de\/produkt\/werkzeug-zum-entfernen-der-nabenabdeckung-fiat-500x\/\",\"name\":\"Werkzeug zum Entfernen der Nabenabdeckung Fiat 500X - Turijnmagazijn\",\"isPartOf\":{\"@id\":\"https:\/\/turijnmagazijn.jumpstone-dev.nl\/#website\"},\"primaryImageOfPage\":{\"@id\":\"https:\/\/turijnmagazijn.nl\/de\/produkt\/werkzeug-zum-entfernen-der-nabenabdeckung-fiat-500x\/#primaryimage\"},\"image\":{\"@id\":\"https:\/\/turijnmagazijn.nl\/de\/produkt\/werkzeug-zum-entfernen-der-nabenabdeckung-fiat-500x\/#primaryimage\"},\"thumbnailUrl\":\"https:\/\/turijnmagazijn.nl\/wp-content\/uploads\/2025\/02\/DN0100401-b-Naafdeksel-trekker-Fiat-500X-1.jpg\",\"datePublished\":\"2025-02-15T10:50:04+00:00\",\"breadcrumb\":{\"@id\":\"https:\/\/turijnmagazijn.nl\/de\/produkt\/werkzeug-zum-entfernen-der-nabenabdeckung-fiat-500x\/#breadcrumb\"},\"inLanguage\":\"de\",\"potentialAction\":[{\"@type\":\"ReadAction\",\"target\":[\"https:\/\/turijnmagazijn.nl\/de\/produkt\/werkzeug-zum-entfernen-der-nabenabdeckung-fiat-500x\/\"]}]},{\"@type\":\"ImageObject\",\"inLanguage\":\"de\",\"@id\":\"https:\/\/turijnmagazijn.nl\/de\/produkt\/werkzeug-zum-entfernen-der-nabenabdeckung-fiat-500x\/#primaryimage\",\"url\":\"https:\/\/turijnmagazijn.nl\/wp-content\/uploads\/2025\/02\/DN0100401-b-Naafdeksel-trekker-Fiat-500X-1.jpg\",\"contentUrl\":\"https:\/\/turijnmagazijn.nl\/wp-content\/uploads\/2025\/02\/DN0100401-b-Naafdeksel-trekker-Fiat-500X-1.jpg\",\"width\":1440,\"height\":1080},{\"@type\":\"BreadcrumbList\",\"@id\":\"https:\/\/turijnmagazijn.nl\/de\/produkt\/werkzeug-zum-entfernen-der-nabenabdeckung-fiat-500x\/#breadcrumb\",\"itemListElement\":[{\"@type\":\"ListItem\",\"position\":1,\"name\":\"Home\",\"item\":\"https:\/\/turijnmagazijn.nl\/de\/\"},{\"@type\":\"ListItem\",\"position\":2,\"name\":\"Produkte\",\"item\":\"https:\/\/turijnmagazijn.nl\/de\/shop\/\"},{\"@type\":\"ListItem\",\"position\":3,\"name\":\"Werkzeug zum Entfernen der Nabenabdeckung Fiat 500X\"}]},{\"@type\":\"WebSite\",\"@id\":\"https:\/\/turijnmagazijn.jumpstone-dev.nl\/#website\",\"url\":\"https:\/\/turijnmagazijn.jumpstone-dev.nl\/\",\"name\":\"Turijnmagazijn\",\"description\":\"Onderdelen nieuw en gebruikt - Fiat &amp; Lancia\",\"publisher\":{\"@id\":\"https:\/\/turijnmagazijn.jumpstone-dev.nl\/#organization\"},\"potentialAction\":[{\"@type\":\"SearchAction\",\"target\":{\"@type\":\"EntryPoint\",\"urlTemplate\":\"https:\/\/turijnmagazijn.jumpstone-dev.nl\/?s={search_term_string}\"},\"query-input\":{\"@type\":\"PropertyValueSpecification\",\"valueRequired\":true,\"valueName\":\"search_term_string\"}}],\"inLanguage\":\"de\"},{\"@type\":\"Organization\",\"@id\":\"https:\/\/turijnmagazijn.jumpstone-dev.nl\/#organization\",\"name\":\"Turijnmagazijn\",\"url\":\"https:\/\/turijnmagazijn.jumpstone-dev.nl\/\",\"logo\":{\"@type\":\"ImageObject\",\"inLanguage\":\"de\",\"@id\":\"https:\/\/turijnmagazijn.jumpstone-dev.nl\/#\/schema\/logo\/image\/\",\"url\":\"https:\/\/turijnmagazijn.nl\/wp-content\/uploads\/2021\/02\/turijnmagazijnlogo.png\",\"contentUrl\":\"https:\/\/turijnmagazijn.nl\/wp-content\/uploads\/2021\/02\/turijnmagazijnlogo.png\",\"width\":555,\"height\":270,\"caption\":\"Turijnmagazijn\"},\"image\":{\"@id\":\"https:\/\/turijnmagazijn.jumpstone-dev.nl\/#\/schema\/logo\/image\/\"},\"sameAs\":[\"https:\/\/www.facebook.com\/turijnmagazijn\"]}]}<\/script>\n<!-- \/ Yoast SEO plugin. -->","yoast_head_json":{"title":"Werkzeug zum Entfernen der Nabenabdeckung Fiat 500X - Turijnmagazijn","robots":{"index":"index","follow":"follow","max-snippet":"max-snippet:-1","max-image-preview":"max-image-preview:large","max-video-preview":"max-video-preview:-1"},"canonical":"https:\/\/turijnmagazijn.nl\/de\/produkt\/werkzeug-zum-entfernen-der-nabenabdeckung-fiat-500x\/","og_locale":"de_DE","og_type":"article","og_title":"Werkzeug zum Entfernen der Nabenabdeckung Fiat 500X - Turijnmagazijn","og_description":"Demontagewerkzeug f\u00fcr Nabenabdeckung Fiat 500X Felgen","og_url":"https:\/\/turijnmagazijn.nl\/de\/produkt\/werkzeug-zum-entfernen-der-nabenabdeckung-fiat-500x\/","og_site_name":"Turijnmagazijn","article_publisher":"https:\/\/www.facebook.com\/turijnmagazijn","og_image":[{"width":1440,"height":1080,"url":"https:\/\/turijnmagazijn.nl\/wp-content\/uploads\/2025\/02\/DN0100401-b-Naafdeksel-trekker-Fiat-500X-1.jpg","type":"image\/jpeg"}],"twitter_card":"summary_large_image","twitter_misc":{"Gesch\u00e4tzte Lesezeit":"1\u00a0Minute"},"schema":{"@context":"https:\/\/schema.org","@graph":[{"@type":"WebPage","@id":"https:\/\/turijnmagazijn.nl\/de\/produkt\/werkzeug-zum-entfernen-der-nabenabdeckung-fiat-500x\/","url":"https:\/\/turijnmagazijn.nl\/de\/produkt\/werkzeug-zum-entfernen-der-nabenabdeckung-fiat-500x\/","name":"Werkzeug zum Entfernen der Nabenabdeckung Fiat 500X - Turijnmagazijn","isPartOf":{"@id":"https:\/\/turijnmagazijn.jumpstone-dev.nl\/#website"},"primaryImageOfPage":{"@id":"https:\/\/turijnmagazijn.nl\/de\/produkt\/werkzeug-zum-entfernen-der-nabenabdeckung-fiat-500x\/#primaryimage"},"image":{"@id":"https:\/\/turijnmagazijn.nl\/de\/produkt\/werkzeug-zum-entfernen-der-nabenabdeckung-fiat-500x\/#primaryimage"},"thumbnailUrl":"https:\/\/turijnmagazijn.nl\/wp-content\/uploads\/2025\/02\/DN0100401-b-Naafdeksel-trekker-Fiat-500X-1.jpg","datePublished":"2025-02-15T10:50:04+00:00","breadcrumb":{"@id":"https:\/\/turijnmagazijn.nl\/de\/produkt\/werkzeug-zum-entfernen-der-nabenabdeckung-fiat-500x\/#breadcrumb"},"inLanguage":"de","potentialAction":[{"@type":"ReadAction","target":["https:\/\/turijnmagazijn.nl\/de\/produkt\/werkzeug-zum-entfernen-der-nabenabdeckung-fiat-500x\/"]}]},{"@type":"ImageObject","inLanguage":"de","@id":"https:\/\/turijnmagazijn.nl\/de\/produkt\/werkzeug-zum-entfernen-der-nabenabdeckung-fiat-500x\/#primaryimage","url":"https:\/\/turijnmagazijn.nl\/wp-content\/uploads\/2025\/02\/DN0100401-b-Naafdeksel-trekker-Fiat-500X-1.jpg","contentUrl":"https:\/\/turijnmagazijn.nl\/wp-content\/uploads\/2025\/02\/DN0100401-b-Naafdeksel-trekker-Fiat-500X-1.jpg","width":1440,"height":1080},{"@type":"BreadcrumbList","@id":"https:\/\/turijnmagazijn.nl\/de\/produkt\/werkzeug-zum-entfernen-der-nabenabdeckung-fiat-500x\/#breadcrumb","itemListElement":[{"@type":"ListItem","position":1,"name":"Home","item":"https:\/\/turijnmagazijn.nl\/de\/"},{"@type":"ListItem","position":2,"name":"Produkte","item":"https:\/\/turijnmagazijn.nl\/de\/shop\/"},{"@type":"ListItem","position":3,"name":"Werkzeug zum Entfernen der Nabenabdeckung Fiat 500X"}]},{"@type":"WebSite","@id":"https:\/\/turijnmagazijn.jumpstone-dev.nl\/#website","url":"https:\/\/turijnmagazijn.jumpstone-dev.nl\/","name":"Turijnmagazijn","description":"Onderdelen nieuw en gebruikt - Fiat &amp; Lancia","publisher":{"@id":"https:\/\/turijnmagazijn.jumpstone-dev.nl\/#organization"},"potentialAction":[{"@type":"SearchAction","target":{"@type":"EntryPoint","urlTemplate":"https:\/\/turijnmagazijn.jumpstone-dev.nl\/?s={search_term_string}"},"query-input":{"@type":"PropertyValueSpecification","valueRequired":true,"valueName":"search_term_string"}}],"inLanguage":"de"},{"@type":"Organization","@id":"https:\/\/turijnmagazijn.jumpstone-dev.nl\/#organization","name":"Turijnmagazijn","url":"https:\/\/turijnmagazijn.jumpstone-dev.nl\/","logo":{"@type":"ImageObject","inLanguage":"de","@id":"https:\/\/turijnmagazijn.jumpstone-dev.nl\/#\/schema\/logo\/image\/","url":"https:\/\/turijnmagazijn.nl\/wp-content\/uploads\/2021\/02\/turijnmagazijnlogo.png","contentUrl":"https:\/\/turijnmagazijn.nl\/wp-content\/uploads\/2021\/02\/turijnmagazijnlogo.png","width":555,"height":270,"caption":"Turijnmagazijn"},"image":{"@id":"https:\/\/turijnmagazijn.jumpstone-dev.nl\/#\/schema\/logo\/image\/"},"sameAs":["https:\/\/www.facebook.com\/turijnmagazijn"]}]}},"_links":{"self":[{"href":"https:\/\/turijnmagazijn.nl\/de\/wp-json\/wp\/v2\/product\/91742","targetHints":{"allow":["GET"]}}],"collection":[{"href":"https:\/\/turijnmagazijn.nl\/de\/wp-json\/wp\/v2\/product"}],"about":[{"href":"https:\/\/turijnmagazijn.nl\/de\/wp-json\/wp\/v2\/types\/product"}],"replies":[{"embeddable":true,"href":"https:\/\/turijnmagazijn.nl\/de\/wp-json\/wp\/v2\/comments?post=91742"}],"wp:featuredmedia":[{"embeddable":true,"href":"https:\/\/turijnmagazijn.nl\/de\/wp-json\/wp\/v2\/media\/88993"}],"wp:attachment":[{"href":"https:\/\/turijnmagazijn.nl\/de\/wp-json\/wp\/v2\/media?parent=91742"}],"wp:term":[{"taxonomy":"product_brand","embeddable":true,"href":"https:\/\/turijnmagazijn.nl\/de\/wp-json\/wp\/v2\/product_brand?post=91742"},{"taxonomy":"product_cat","embeddable":true,"href":"https:\/\/turijnmagazijn.nl\/de\/wp-json\/wp\/v2\/product_cat?post=91742"},{"taxonomy":"product_tag","embeddable":true,"href":"https:\/\/turijnmagazijn.nl\/de\/wp-json\/wp\/v2\/product_tag?post=91742"}],"curies":[{"name":"wp","href":"https:\/\/api.w.org\/{rel}","templated":true}]}}