{"id":91746,"date":"2024-11-04T00:01:19","date_gmt":"2024-11-03T23:01:19","guid":{"rendered":"https:\/\/turijnmagazijn.nl\/product\/kappe-fuer-tuerverkleidung-lancia-delta-integrale-imitation\/"},"modified":"2024-11-04T00:01:19","modified_gmt":"2024-11-03T23:01:19","slug":"kappe-fuer-tuerverkleidung-lancia-delta-integrale-imitation","status":"publish","type":"product","link":"https:\/\/turijnmagazijn.nl\/de\/produkt\/kappe-fuer-tuerverkleidung-lancia-delta-integrale-imitation\/","title":{"rendered":"Kappe f\u00fcr T\u00fcrverkleidung Lancia Delta Integrale IMITATION"},"content":{"rendered":"<p>Kappe f\u00fcr T\u00fcrverkleidung Lancia Delta Integrale.<br \/>\nAlternative zur Zierkappe mit OEM-Nummer 82372115  <\/p>\n<p>ACHTUNG: diese Kappe funktioniert nur in Kombination mit unserer alternativen Halterung f\u00fcr unter die Kappe mit unserer Artikelnummer DN0100414. Bestellen Sie diese also bitte in der gleichen Menge.<br \/>\nDas Design dieser Kappe unterscheidet sich leicht vom Original, die Kappe ist etwas konvexer und aus einem gl\u00e4nzenden schwarzen Material gefertigt.<br \/>\nDas Aussehen nach der Montage k\u00f6nnen Sie auf den Fotos \u00fcberpr\u00fcfen. <\/p>\n<p>Alternative f\u00fcr Teil Nummer 5 auf der technischen Zeichnung von EPER Zeichnungsnummer 137556CFCD72FF60EEF1692009D41AC4 bez\u00fcglich der Anwendung am Lancia Delta Integrale. Von diesem Teil werden 2 St\u00fcck pro Auto ben\u00f6tigt. <\/p>\n","protected":false},"excerpt":{"rendered":"<p>  82372115 Kappe f\u00fcr T\u00fcrverkleidung Lancia Delta Integrale NICHT ORIGINAL ALTERNATIV<\/p>\n","protected":false},"featured_media":90581,"comment_status":"open","ping_status":"closed","template":"","meta":{"_acf_changed":false},"product_brand":[],"product_cat":[1807,1829,1797],"product_tag":[],"class_list":{"0":"post-91746","1":"product","2":"type-product","3":"status-publish","4":"has-post-thumbnail","6":"product_cat-delta-1-831-de","7":"product_cat-integrale-8v-de","8":"product_cat-lancia-de","9":"pa_soort-onderdeel-interieur-und-polsterung","11":"first","12":"instock","13":"sold-individually","14":"taxable","15":"shipping-taxable","16":"purchasable","17":"product-type-simple"},"acf":[],"yoast_head":"<!-- This site is optimized with the Yoast SEO plugin v27.3 - https:\/\/yoast.com\/product\/yoast-seo-wordpress\/ -->\n<title>Kappe f\u00fcr T\u00fcrverkleidung Lancia Delta Integrale IMITATION - Turijnmagazijn<\/title>\n<meta name=\"robots\" content=\"index, follow, max-snippet:-1, max-image-preview:large, max-video-preview:-1\" \/>\n<link rel=\"canonical\" href=\"https:\/\/turijnmagazijn.nl\/de\/produkt\/kappe-fuer-tuerverkleidung-lancia-delta-integrale-imitation\/\" \/>\n<meta property=\"og:locale\" content=\"de_DE\" \/>\n<meta property=\"og:type\" content=\"article\" \/>\n<meta property=\"og:title\" content=\"Kappe f\u00fcr T\u00fcrverkleidung Lancia Delta Integrale IMITATION - Turijnmagazijn\" \/>\n<meta property=\"og:description\" content=\"82372115 Kappe f\u00fcr T\u00fcrverkleidung Lancia Delta Integrale NICHT ORIGINAL ALTERNATIV\" \/>\n<meta property=\"og:url\" content=\"https:\/\/turijnmagazijn.nl\/de\/produkt\/kappe-fuer-tuerverkleidung-lancia-delta-integrale-imitation\/\" \/>\n<meta property=\"og:site_name\" content=\"Turijnmagazijn\" \/>\n<meta property=\"article:publisher\" content=\"https:\/\/www.facebook.com\/turijnmagazijn\" \/>\n<meta property=\"og:image\" content=\"https:\/\/turijnmagazijn.nl\/wp-content\/uploads\/2024\/11\/DN0100413-Dop-voor-deurpaneel-Lancia-Delta-Integrale-IMITATIE-82372115-6.jpg\" \/>\n\t<meta property=\"og:image:width\" content=\"1440\" \/>\n\t<meta property=\"og:image:height\" content=\"1080\" \/>\n\t<meta property=\"og:image:type\" content=\"image\/jpeg\" \/>\n<meta name=\"twitter:card\" content=\"summary_large_image\" \/>\n<meta name=\"twitter:label1\" content=\"Gesch\u00e4tzte Lesezeit\" \/>\n\t<meta name=\"twitter:data1\" content=\"1\u00a0Minute\" \/>\n<script type=\"application\/ld+json\" class=\"yoast-schema-graph\">{\"@context\":\"https:\\\/\\\/schema.org\",\"@graph\":[{\"@type\":\"WebPage\",\"@id\":\"https:\\\/\\\/turijnmagazijn.nl\\\/de\\\/produkt\\\/kappe-fuer-tuerverkleidung-lancia-delta-integrale-imitation\\\/\",\"url\":\"https:\\\/\\\/turijnmagazijn.nl\\\/de\\\/produkt\\\/kappe-fuer-tuerverkleidung-lancia-delta-integrale-imitation\\\/\",\"name\":\"Kappe f\u00fcr T\u00fcrverkleidung Lancia Delta Integrale IMITATION - Turijnmagazijn\",\"isPartOf\":{\"@id\":\"https:\\\/\\\/turijnmagazijn.jumpstone-dev.nl\\\/#website\"},\"primaryImageOfPage\":{\"@id\":\"https:\\\/\\\/turijnmagazijn.nl\\\/de\\\/produkt\\\/kappe-fuer-tuerverkleidung-lancia-delta-integrale-imitation\\\/#primaryimage\"},\"image\":{\"@id\":\"https:\\\/\\\/turijnmagazijn.nl\\\/de\\\/produkt\\\/kappe-fuer-tuerverkleidung-lancia-delta-integrale-imitation\\\/#primaryimage\"},\"thumbnailUrl\":\"https:\\\/\\\/turijnmagazijn.nl\\\/wp-content\\\/uploads\\\/2024\\\/11\\\/DN0100413-Dop-voor-deurpaneel-Lancia-Delta-Integrale-IMITATIE-82372115-6.jpg\",\"datePublished\":\"2024-11-03T23:01:19+00:00\",\"breadcrumb\":{\"@id\":\"https:\\\/\\\/turijnmagazijn.nl\\\/de\\\/produkt\\\/kappe-fuer-tuerverkleidung-lancia-delta-integrale-imitation\\\/#breadcrumb\"},\"inLanguage\":\"de\",\"potentialAction\":[{\"@type\":\"ReadAction\",\"target\":[\"https:\\\/\\\/turijnmagazijn.nl\\\/de\\\/produkt\\\/kappe-fuer-tuerverkleidung-lancia-delta-integrale-imitation\\\/\"]}]},{\"@type\":\"ImageObject\",\"inLanguage\":\"de\",\"@id\":\"https:\\\/\\\/turijnmagazijn.nl\\\/de\\\/produkt\\\/kappe-fuer-tuerverkleidung-lancia-delta-integrale-imitation\\\/#primaryimage\",\"url\":\"https:\\\/\\\/turijnmagazijn.nl\\\/wp-content\\\/uploads\\\/2024\\\/11\\\/DN0100413-Dop-voor-deurpaneel-Lancia-Delta-Integrale-IMITATIE-82372115-6.jpg\",\"contentUrl\":\"https:\\\/\\\/turijnmagazijn.nl\\\/wp-content\\\/uploads\\\/2024\\\/11\\\/DN0100413-Dop-voor-deurpaneel-Lancia-Delta-Integrale-IMITATIE-82372115-6.jpg\",\"width\":1440,\"height\":1080},{\"@type\":\"BreadcrumbList\",\"@id\":\"https:\\\/\\\/turijnmagazijn.nl\\\/de\\\/produkt\\\/kappe-fuer-tuerverkleidung-lancia-delta-integrale-imitation\\\/#breadcrumb\",\"itemListElement\":[{\"@type\":\"ListItem\",\"position\":1,\"name\":\"Home\",\"item\":\"https:\\\/\\\/turijnmagazijn.nl\\\/de\\\/\"},{\"@type\":\"ListItem\",\"position\":2,\"name\":\"Produkte\",\"item\":\"https:\\\/\\\/turijnmagazijn.nl\\\/de\\\/shop\\\/\"},{\"@type\":\"ListItem\",\"position\":3,\"name\":\"Kappe f\u00fcr T\u00fcrverkleidung Lancia Delta Integrale IMITATION\"}]},{\"@type\":\"WebSite\",\"@id\":\"https:\\\/\\\/turijnmagazijn.jumpstone-dev.nl\\\/#website\",\"url\":\"https:\\\/\\\/turijnmagazijn.jumpstone-dev.nl\\\/\",\"name\":\"Turijnmagazijn\",\"description\":\"Onderdelen nieuw en gebruikt - Fiat &amp; Lancia\",\"publisher\":{\"@id\":\"https:\\\/\\\/turijnmagazijn.jumpstone-dev.nl\\\/#organization\"},\"potentialAction\":[{\"@type\":\"SearchAction\",\"target\":{\"@type\":\"EntryPoint\",\"urlTemplate\":\"https:\\\/\\\/turijnmagazijn.jumpstone-dev.nl\\\/?s={search_term_string}\"},\"query-input\":{\"@type\":\"PropertyValueSpecification\",\"valueRequired\":true,\"valueName\":\"search_term_string\"}}],\"inLanguage\":\"de\"},{\"@type\":\"Organization\",\"@id\":\"https:\\\/\\\/turijnmagazijn.jumpstone-dev.nl\\\/#organization\",\"name\":\"Turijnmagazijn\",\"url\":\"https:\\\/\\\/turijnmagazijn.jumpstone-dev.nl\\\/\",\"logo\":{\"@type\":\"ImageObject\",\"inLanguage\":\"de\",\"@id\":\"https:\\\/\\\/turijnmagazijn.jumpstone-dev.nl\\\/#\\\/schema\\\/logo\\\/image\\\/\",\"url\":\"https:\\\/\\\/turijnmagazijn.nl\\\/wp-content\\\/uploads\\\/2021\\\/02\\\/turijnmagazijnlogo.png\",\"contentUrl\":\"https:\\\/\\\/turijnmagazijn.nl\\\/wp-content\\\/uploads\\\/2021\\\/02\\\/turijnmagazijnlogo.png\",\"width\":555,\"height\":270,\"caption\":\"Turijnmagazijn\"},\"image\":{\"@id\":\"https:\\\/\\\/turijnmagazijn.jumpstone-dev.nl\\\/#\\\/schema\\\/logo\\\/image\\\/\"},\"sameAs\":[\"https:\\\/\\\/www.facebook.com\\\/turijnmagazijn\"]}]}<\/script>\n<!-- \/ Yoast SEO plugin. -->","yoast_head_json":{"title":"Kappe f\u00fcr T\u00fcrverkleidung Lancia Delta Integrale IMITATION - Turijnmagazijn","robots":{"index":"index","follow":"follow","max-snippet":"max-snippet:-1","max-image-preview":"max-image-preview:large","max-video-preview":"max-video-preview:-1"},"canonical":"https:\/\/turijnmagazijn.nl\/de\/produkt\/kappe-fuer-tuerverkleidung-lancia-delta-integrale-imitation\/","og_locale":"de_DE","og_type":"article","og_title":"Kappe f\u00fcr T\u00fcrverkleidung Lancia Delta Integrale IMITATION - Turijnmagazijn","og_description":"82372115 Kappe f\u00fcr T\u00fcrverkleidung Lancia Delta Integrale NICHT ORIGINAL ALTERNATIV","og_url":"https:\/\/turijnmagazijn.nl\/de\/produkt\/kappe-fuer-tuerverkleidung-lancia-delta-integrale-imitation\/","og_site_name":"Turijnmagazijn","article_publisher":"https:\/\/www.facebook.com\/turijnmagazijn","og_image":[{"width":1440,"height":1080,"url":"https:\/\/turijnmagazijn.nl\/wp-content\/uploads\/2024\/11\/DN0100413-Dop-voor-deurpaneel-Lancia-Delta-Integrale-IMITATIE-82372115-6.jpg","type":"image\/jpeg"}],"twitter_card":"summary_large_image","twitter_misc":{"Gesch\u00e4tzte Lesezeit":"1\u00a0Minute"},"schema":{"@context":"https:\/\/schema.org","@graph":[{"@type":"WebPage","@id":"https:\/\/turijnmagazijn.nl\/de\/produkt\/kappe-fuer-tuerverkleidung-lancia-delta-integrale-imitation\/","url":"https:\/\/turijnmagazijn.nl\/de\/produkt\/kappe-fuer-tuerverkleidung-lancia-delta-integrale-imitation\/","name":"Kappe f\u00fcr T\u00fcrverkleidung Lancia Delta Integrale IMITATION - Turijnmagazijn","isPartOf":{"@id":"https:\/\/turijnmagazijn.jumpstone-dev.nl\/#website"},"primaryImageOfPage":{"@id":"https:\/\/turijnmagazijn.nl\/de\/produkt\/kappe-fuer-tuerverkleidung-lancia-delta-integrale-imitation\/#primaryimage"},"image":{"@id":"https:\/\/turijnmagazijn.nl\/de\/produkt\/kappe-fuer-tuerverkleidung-lancia-delta-integrale-imitation\/#primaryimage"},"thumbnailUrl":"https:\/\/turijnmagazijn.nl\/wp-content\/uploads\/2024\/11\/DN0100413-Dop-voor-deurpaneel-Lancia-Delta-Integrale-IMITATIE-82372115-6.jpg","datePublished":"2024-11-03T23:01:19+00:00","breadcrumb":{"@id":"https:\/\/turijnmagazijn.nl\/de\/produkt\/kappe-fuer-tuerverkleidung-lancia-delta-integrale-imitation\/#breadcrumb"},"inLanguage":"de","potentialAction":[{"@type":"ReadAction","target":["https:\/\/turijnmagazijn.nl\/de\/produkt\/kappe-fuer-tuerverkleidung-lancia-delta-integrale-imitation\/"]}]},{"@type":"ImageObject","inLanguage":"de","@id":"https:\/\/turijnmagazijn.nl\/de\/produkt\/kappe-fuer-tuerverkleidung-lancia-delta-integrale-imitation\/#primaryimage","url":"https:\/\/turijnmagazijn.nl\/wp-content\/uploads\/2024\/11\/DN0100413-Dop-voor-deurpaneel-Lancia-Delta-Integrale-IMITATIE-82372115-6.jpg","contentUrl":"https:\/\/turijnmagazijn.nl\/wp-content\/uploads\/2024\/11\/DN0100413-Dop-voor-deurpaneel-Lancia-Delta-Integrale-IMITATIE-82372115-6.jpg","width":1440,"height":1080},{"@type":"BreadcrumbList","@id":"https:\/\/turijnmagazijn.nl\/de\/produkt\/kappe-fuer-tuerverkleidung-lancia-delta-integrale-imitation\/#breadcrumb","itemListElement":[{"@type":"ListItem","position":1,"name":"Home","item":"https:\/\/turijnmagazijn.nl\/de\/"},{"@type":"ListItem","position":2,"name":"Produkte","item":"https:\/\/turijnmagazijn.nl\/de\/shop\/"},{"@type":"ListItem","position":3,"name":"Kappe f\u00fcr T\u00fcrverkleidung Lancia Delta Integrale IMITATION"}]},{"@type":"WebSite","@id":"https:\/\/turijnmagazijn.jumpstone-dev.nl\/#website","url":"https:\/\/turijnmagazijn.jumpstone-dev.nl\/","name":"Turijnmagazijn","description":"Onderdelen nieuw en gebruikt - Fiat &amp; Lancia","publisher":{"@id":"https:\/\/turijnmagazijn.jumpstone-dev.nl\/#organization"},"potentialAction":[{"@type":"SearchAction","target":{"@type":"EntryPoint","urlTemplate":"https:\/\/turijnmagazijn.jumpstone-dev.nl\/?s={search_term_string}"},"query-input":{"@type":"PropertyValueSpecification","valueRequired":true,"valueName":"search_term_string"}}],"inLanguage":"de"},{"@type":"Organization","@id":"https:\/\/turijnmagazijn.jumpstone-dev.nl\/#organization","name":"Turijnmagazijn","url":"https:\/\/turijnmagazijn.jumpstone-dev.nl\/","logo":{"@type":"ImageObject","inLanguage":"de","@id":"https:\/\/turijnmagazijn.jumpstone-dev.nl\/#\/schema\/logo\/image\/","url":"https:\/\/turijnmagazijn.nl\/wp-content\/uploads\/2021\/02\/turijnmagazijnlogo.png","contentUrl":"https:\/\/turijnmagazijn.nl\/wp-content\/uploads\/2021\/02\/turijnmagazijnlogo.png","width":555,"height":270,"caption":"Turijnmagazijn"},"image":{"@id":"https:\/\/turijnmagazijn.jumpstone-dev.nl\/#\/schema\/logo\/image\/"},"sameAs":["https:\/\/www.facebook.com\/turijnmagazijn"]}]}},"_links":{"self":[{"href":"https:\/\/turijnmagazijn.nl\/de\/wp-json\/wp\/v2\/product\/91746","targetHints":{"allow":["GET"]}}],"collection":[{"href":"https:\/\/turijnmagazijn.nl\/de\/wp-json\/wp\/v2\/product"}],"about":[{"href":"https:\/\/turijnmagazijn.nl\/de\/wp-json\/wp\/v2\/types\/product"}],"replies":[{"embeddable":true,"href":"https:\/\/turijnmagazijn.nl\/de\/wp-json\/wp\/v2\/comments?post=91746"}],"wp:featuredmedia":[{"embeddable":true,"href":"https:\/\/turijnmagazijn.nl\/de\/wp-json\/wp\/v2\/media\/90581"}],"wp:attachment":[{"href":"https:\/\/turijnmagazijn.nl\/de\/wp-json\/wp\/v2\/media?parent=91746"}],"wp:term":[{"taxonomy":"product_brand","embeddable":true,"href":"https:\/\/turijnmagazijn.nl\/de\/wp-json\/wp\/v2\/product_brand?post=91746"},{"taxonomy":"product_cat","embeddable":true,"href":"https:\/\/turijnmagazijn.nl\/de\/wp-json\/wp\/v2\/product_cat?post=91746"},{"taxonomy":"product_tag","embeddable":true,"href":"https:\/\/turijnmagazijn.nl\/de\/wp-json\/wp\/v2\/product_tag?post=91746"}],"curies":[{"name":"wp","href":"https:\/\/api.w.org\/{rel}","templated":true}]}}