{"id":91758,"date":"2025-05-31T18:00:24","date_gmt":"2025-05-31T16:00:24","guid":{"rendered":"https:\/\/turijnmagazijn.nl\/?post_type=product&#038;p=91758"},"modified":"2026-03-19T12:57:51","modified_gmt":"2026-03-19T11:57:51","slug":"dn010-dummy-lancia-delta-integrale-neue-nachahmung-kopie-30","status":"publish","type":"product","link":"https:\/\/turijnmagazijn.nl\/de\/produkt\/dn010-dummy-lancia-delta-integrale-neue-nachahmung-kopie-30\/","title":{"rendered":"Orangefarbene Kunststoff-Schraubanzeige Delta Integrale 8V-16V"},"content":{"rendered":"<p>Neues Nachahmungsteil.<\/p>\n<p><span data-sheets-root=\"1\">Orangefarbene Kunststoffschraube zur Befestigung des Blinkerglases im Aram-Rahmen in der vorderen Sto\u00dfstange f\u00fcr Lancia Delta 1, alle Versionen bis zum Delta Integrale 8V-16V. Also nicht geeignet f\u00fcr EVO-Modelle. <\/span><\/p>\n<p>Verkauf pro St\u00fcck.<\/p>\n<p>OEM Lancia 15170388<\/p>\n","protected":false},"excerpt":{"rendered":"<p>15170388 <span data-sheets-root=\"1\">Orangefarbener Kunststoff-Schraubenanzeiger Delta Integrale 8V-16V<\/span><\/p>\n","protected":false},"featured_media":91787,"comment_status":"closed","ping_status":"closed","template":"","meta":{"_acf_changed":false},"product_brand":[],"product_cat":[1811,1807,1817,1822,1826,1834,1829,1797],"product_tag":[],"class_list":{"0":"post-91758","1":"product","2":"type-product","3":"status-publish","4":"has-post-thumbnail","6":"product_cat-1-1-1-3-1-5-de","7":"product_cat-delta-1-831-de","8":"product_cat-gt-i-e-de","9":"product_cat-hf-4wd-de","10":"product_cat-hf-turbo-de","11":"product_cat-integrale-16v-de","12":"product_cat-integrale-8v-de","13":"product_cat-lancia-de","14":"pa_soort-onderdeel-beleuchtung","16":"first","17":"instock","18":"featured","19":"taxable","20":"shipping-taxable","21":"purchasable","22":"product-type-simple"},"acf":[],"yoast_head":"<!-- This site is optimized with the Yoast SEO plugin v27.3 - https:\/\/yoast.com\/product\/yoast-seo-wordpress\/ -->\n<title>Orangefarbene Kunststoff-Schraubanzeige Delta Integrale 8V-16V - Turijnmagazijn<\/title>\n<meta name=\"robots\" content=\"index, follow, max-snippet:-1, max-image-preview:large, max-video-preview:-1\" \/>\n<link rel=\"canonical\" href=\"https:\/\/turijnmagazijn.nl\/de\/produkt\/dn010-dummy-lancia-delta-integrale-neue-nachahmung-kopie-30\/\" \/>\n<meta property=\"og:locale\" content=\"de_DE\" \/>\n<meta property=\"og:type\" content=\"article\" \/>\n<meta property=\"og:title\" content=\"Orangefarbene Kunststoff-Schraubanzeige Delta Integrale 8V-16V - Turijnmagazijn\" \/>\n<meta property=\"og:description\" content=\"15170388 Orangefarbener Kunststoff-Schraubenanzeiger Delta Integrale 8V-16V\" \/>\n<meta property=\"og:url\" content=\"https:\/\/turijnmagazijn.nl\/de\/produkt\/dn010-dummy-lancia-delta-integrale-neue-nachahmung-kopie-30\/\" \/>\n<meta property=\"og:site_name\" content=\"Turijnmagazijn\" \/>\n<meta property=\"article:publisher\" content=\"https:\/\/www.facebook.com\/turijnmagazijn\" \/>\n<meta property=\"article:modified_time\" content=\"2026-03-19T11:57:51+00:00\" \/>\n<meta property=\"og:image\" content=\"https:\/\/turijnmagazijn.nl\/wp-content\/uploads\/2025\/05\/DN0100419-schroef-knipperlicht-voorzijde-Lancia-Delta-Integrale-15170388-4-800x600-1.jpg\" \/>\n\t<meta property=\"og:image:width\" content=\"800\" \/>\n\t<meta property=\"og:image:height\" content=\"600\" \/>\n\t<meta property=\"og:image:type\" content=\"image\/jpeg\" \/>\n<meta name=\"twitter:card\" content=\"summary_large_image\" \/>\n<script type=\"application\/ld+json\" class=\"yoast-schema-graph\">{\"@context\":\"https:\\\/\\\/schema.org\",\"@graph\":[{\"@type\":\"WebPage\",\"@id\":\"https:\\\/\\\/turijnmagazijn.nl\\\/de\\\/produkt\\\/dn010-dummy-lancia-delta-integrale-neue-nachahmung-kopie-30\\\/\",\"url\":\"https:\\\/\\\/turijnmagazijn.nl\\\/de\\\/produkt\\\/dn010-dummy-lancia-delta-integrale-neue-nachahmung-kopie-30\\\/\",\"name\":\"Orangefarbene Kunststoff-Schraubanzeige Delta Integrale 8V-16V - Turijnmagazijn\",\"isPartOf\":{\"@id\":\"https:\\\/\\\/turijnmagazijn.jumpstone-dev.nl\\\/#website\"},\"primaryImageOfPage\":{\"@id\":\"https:\\\/\\\/turijnmagazijn.nl\\\/de\\\/produkt\\\/dn010-dummy-lancia-delta-integrale-neue-nachahmung-kopie-30\\\/#primaryimage\"},\"image\":{\"@id\":\"https:\\\/\\\/turijnmagazijn.nl\\\/de\\\/produkt\\\/dn010-dummy-lancia-delta-integrale-neue-nachahmung-kopie-30\\\/#primaryimage\"},\"thumbnailUrl\":\"https:\\\/\\\/turijnmagazijn.nl\\\/wp-content\\\/uploads\\\/2025\\\/05\\\/DN0100419-schroef-knipperlicht-voorzijde-Lancia-Delta-Integrale-15170388-4-800x600-1.jpg\",\"datePublished\":\"2025-05-31T16:00:24+00:00\",\"dateModified\":\"2026-03-19T11:57:51+00:00\",\"breadcrumb\":{\"@id\":\"https:\\\/\\\/turijnmagazijn.nl\\\/de\\\/produkt\\\/dn010-dummy-lancia-delta-integrale-neue-nachahmung-kopie-30\\\/#breadcrumb\"},\"inLanguage\":\"de\",\"potentialAction\":[{\"@type\":\"ReadAction\",\"target\":[\"https:\\\/\\\/turijnmagazijn.nl\\\/de\\\/produkt\\\/dn010-dummy-lancia-delta-integrale-neue-nachahmung-kopie-30\\\/\"]}]},{\"@type\":\"ImageObject\",\"inLanguage\":\"de\",\"@id\":\"https:\\\/\\\/turijnmagazijn.nl\\\/de\\\/produkt\\\/dn010-dummy-lancia-delta-integrale-neue-nachahmung-kopie-30\\\/#primaryimage\",\"url\":\"https:\\\/\\\/turijnmagazijn.nl\\\/wp-content\\\/uploads\\\/2025\\\/05\\\/DN0100419-schroef-knipperlicht-voorzijde-Lancia-Delta-Integrale-15170388-4-800x600-1.jpg\",\"contentUrl\":\"https:\\\/\\\/turijnmagazijn.nl\\\/wp-content\\\/uploads\\\/2025\\\/05\\\/DN0100419-schroef-knipperlicht-voorzijde-Lancia-Delta-Integrale-15170388-4-800x600-1.jpg\",\"width\":800,\"height\":600},{\"@type\":\"BreadcrumbList\",\"@id\":\"https:\\\/\\\/turijnmagazijn.nl\\\/de\\\/produkt\\\/dn010-dummy-lancia-delta-integrale-neue-nachahmung-kopie-30\\\/#breadcrumb\",\"itemListElement\":[{\"@type\":\"ListItem\",\"position\":1,\"name\":\"Home\",\"item\":\"https:\\\/\\\/turijnmagazijn.nl\\\/de\\\/\"},{\"@type\":\"ListItem\",\"position\":2,\"name\":\"Produkte\",\"item\":\"https:\\\/\\\/turijnmagazijn.nl\\\/de\\\/shop\\\/\"},{\"@type\":\"ListItem\",\"position\":3,\"name\":\"Orangefarbene Kunststoff-Schraubanzeige Delta Integrale 8V-16V\"}]},{\"@type\":\"WebSite\",\"@id\":\"https:\\\/\\\/turijnmagazijn.jumpstone-dev.nl\\\/#website\",\"url\":\"https:\\\/\\\/turijnmagazijn.jumpstone-dev.nl\\\/\",\"name\":\"Turijnmagazijn\",\"description\":\"Onderdelen nieuw en gebruikt - Fiat &amp; Lancia\",\"publisher\":{\"@id\":\"https:\\\/\\\/turijnmagazijn.jumpstone-dev.nl\\\/#organization\"},\"potentialAction\":[{\"@type\":\"SearchAction\",\"target\":{\"@type\":\"EntryPoint\",\"urlTemplate\":\"https:\\\/\\\/turijnmagazijn.jumpstone-dev.nl\\\/?s={search_term_string}\"},\"query-input\":{\"@type\":\"PropertyValueSpecification\",\"valueRequired\":true,\"valueName\":\"search_term_string\"}}],\"inLanguage\":\"de\"},{\"@type\":\"Organization\",\"@id\":\"https:\\\/\\\/turijnmagazijn.jumpstone-dev.nl\\\/#organization\",\"name\":\"Turijnmagazijn\",\"url\":\"https:\\\/\\\/turijnmagazijn.jumpstone-dev.nl\\\/\",\"logo\":{\"@type\":\"ImageObject\",\"inLanguage\":\"de\",\"@id\":\"https:\\\/\\\/turijnmagazijn.jumpstone-dev.nl\\\/#\\\/schema\\\/logo\\\/image\\\/\",\"url\":\"https:\\\/\\\/turijnmagazijn.nl\\\/wp-content\\\/uploads\\\/2021\\\/02\\\/turijnmagazijnlogo.png\",\"contentUrl\":\"https:\\\/\\\/turijnmagazijn.nl\\\/wp-content\\\/uploads\\\/2021\\\/02\\\/turijnmagazijnlogo.png\",\"width\":555,\"height\":270,\"caption\":\"Turijnmagazijn\"},\"image\":{\"@id\":\"https:\\\/\\\/turijnmagazijn.jumpstone-dev.nl\\\/#\\\/schema\\\/logo\\\/image\\\/\"},\"sameAs\":[\"https:\\\/\\\/www.facebook.com\\\/turijnmagazijn\"]}]}<\/script>\n<!-- \/ Yoast SEO plugin. -->","yoast_head_json":{"title":"Orangefarbene Kunststoff-Schraubanzeige Delta Integrale 8V-16V - Turijnmagazijn","robots":{"index":"index","follow":"follow","max-snippet":"max-snippet:-1","max-image-preview":"max-image-preview:large","max-video-preview":"max-video-preview:-1"},"canonical":"https:\/\/turijnmagazijn.nl\/de\/produkt\/dn010-dummy-lancia-delta-integrale-neue-nachahmung-kopie-30\/","og_locale":"de_DE","og_type":"article","og_title":"Orangefarbene Kunststoff-Schraubanzeige Delta Integrale 8V-16V - Turijnmagazijn","og_description":"15170388 Orangefarbener Kunststoff-Schraubenanzeiger Delta Integrale 8V-16V","og_url":"https:\/\/turijnmagazijn.nl\/de\/produkt\/dn010-dummy-lancia-delta-integrale-neue-nachahmung-kopie-30\/","og_site_name":"Turijnmagazijn","article_publisher":"https:\/\/www.facebook.com\/turijnmagazijn","article_modified_time":"2026-03-19T11:57:51+00:00","og_image":[{"width":800,"height":600,"url":"https:\/\/turijnmagazijn.nl\/wp-content\/uploads\/2025\/05\/DN0100419-schroef-knipperlicht-voorzijde-Lancia-Delta-Integrale-15170388-4-800x600-1.jpg","type":"image\/jpeg"}],"twitter_card":"summary_large_image","schema":{"@context":"https:\/\/schema.org","@graph":[{"@type":"WebPage","@id":"https:\/\/turijnmagazijn.nl\/de\/produkt\/dn010-dummy-lancia-delta-integrale-neue-nachahmung-kopie-30\/","url":"https:\/\/turijnmagazijn.nl\/de\/produkt\/dn010-dummy-lancia-delta-integrale-neue-nachahmung-kopie-30\/","name":"Orangefarbene Kunststoff-Schraubanzeige Delta Integrale 8V-16V - Turijnmagazijn","isPartOf":{"@id":"https:\/\/turijnmagazijn.jumpstone-dev.nl\/#website"},"primaryImageOfPage":{"@id":"https:\/\/turijnmagazijn.nl\/de\/produkt\/dn010-dummy-lancia-delta-integrale-neue-nachahmung-kopie-30\/#primaryimage"},"image":{"@id":"https:\/\/turijnmagazijn.nl\/de\/produkt\/dn010-dummy-lancia-delta-integrale-neue-nachahmung-kopie-30\/#primaryimage"},"thumbnailUrl":"https:\/\/turijnmagazijn.nl\/wp-content\/uploads\/2025\/05\/DN0100419-schroef-knipperlicht-voorzijde-Lancia-Delta-Integrale-15170388-4-800x600-1.jpg","datePublished":"2025-05-31T16:00:24+00:00","dateModified":"2026-03-19T11:57:51+00:00","breadcrumb":{"@id":"https:\/\/turijnmagazijn.nl\/de\/produkt\/dn010-dummy-lancia-delta-integrale-neue-nachahmung-kopie-30\/#breadcrumb"},"inLanguage":"de","potentialAction":[{"@type":"ReadAction","target":["https:\/\/turijnmagazijn.nl\/de\/produkt\/dn010-dummy-lancia-delta-integrale-neue-nachahmung-kopie-30\/"]}]},{"@type":"ImageObject","inLanguage":"de","@id":"https:\/\/turijnmagazijn.nl\/de\/produkt\/dn010-dummy-lancia-delta-integrale-neue-nachahmung-kopie-30\/#primaryimage","url":"https:\/\/turijnmagazijn.nl\/wp-content\/uploads\/2025\/05\/DN0100419-schroef-knipperlicht-voorzijde-Lancia-Delta-Integrale-15170388-4-800x600-1.jpg","contentUrl":"https:\/\/turijnmagazijn.nl\/wp-content\/uploads\/2025\/05\/DN0100419-schroef-knipperlicht-voorzijde-Lancia-Delta-Integrale-15170388-4-800x600-1.jpg","width":800,"height":600},{"@type":"BreadcrumbList","@id":"https:\/\/turijnmagazijn.nl\/de\/produkt\/dn010-dummy-lancia-delta-integrale-neue-nachahmung-kopie-30\/#breadcrumb","itemListElement":[{"@type":"ListItem","position":1,"name":"Home","item":"https:\/\/turijnmagazijn.nl\/de\/"},{"@type":"ListItem","position":2,"name":"Produkte","item":"https:\/\/turijnmagazijn.nl\/de\/shop\/"},{"@type":"ListItem","position":3,"name":"Orangefarbene Kunststoff-Schraubanzeige Delta Integrale 8V-16V"}]},{"@type":"WebSite","@id":"https:\/\/turijnmagazijn.jumpstone-dev.nl\/#website","url":"https:\/\/turijnmagazijn.jumpstone-dev.nl\/","name":"Turijnmagazijn","description":"Onderdelen nieuw en gebruikt - Fiat &amp; Lancia","publisher":{"@id":"https:\/\/turijnmagazijn.jumpstone-dev.nl\/#organization"},"potentialAction":[{"@type":"SearchAction","target":{"@type":"EntryPoint","urlTemplate":"https:\/\/turijnmagazijn.jumpstone-dev.nl\/?s={search_term_string}"},"query-input":{"@type":"PropertyValueSpecification","valueRequired":true,"valueName":"search_term_string"}}],"inLanguage":"de"},{"@type":"Organization","@id":"https:\/\/turijnmagazijn.jumpstone-dev.nl\/#organization","name":"Turijnmagazijn","url":"https:\/\/turijnmagazijn.jumpstone-dev.nl\/","logo":{"@type":"ImageObject","inLanguage":"de","@id":"https:\/\/turijnmagazijn.jumpstone-dev.nl\/#\/schema\/logo\/image\/","url":"https:\/\/turijnmagazijn.nl\/wp-content\/uploads\/2021\/02\/turijnmagazijnlogo.png","contentUrl":"https:\/\/turijnmagazijn.nl\/wp-content\/uploads\/2021\/02\/turijnmagazijnlogo.png","width":555,"height":270,"caption":"Turijnmagazijn"},"image":{"@id":"https:\/\/turijnmagazijn.jumpstone-dev.nl\/#\/schema\/logo\/image\/"},"sameAs":["https:\/\/www.facebook.com\/turijnmagazijn"]}]}},"_links":{"self":[{"href":"https:\/\/turijnmagazijn.nl\/de\/wp-json\/wp\/v2\/product\/91758","targetHints":{"allow":["GET"]}}],"collection":[{"href":"https:\/\/turijnmagazijn.nl\/de\/wp-json\/wp\/v2\/product"}],"about":[{"href":"https:\/\/turijnmagazijn.nl\/de\/wp-json\/wp\/v2\/types\/product"}],"replies":[{"embeddable":true,"href":"https:\/\/turijnmagazijn.nl\/de\/wp-json\/wp\/v2\/comments?post=91758"}],"wp:featuredmedia":[{"embeddable":true,"href":"https:\/\/turijnmagazijn.nl\/de\/wp-json\/wp\/v2\/media\/91787"}],"wp:attachment":[{"href":"https:\/\/turijnmagazijn.nl\/de\/wp-json\/wp\/v2\/media?parent=91758"}],"wp:term":[{"taxonomy":"product_brand","embeddable":true,"href":"https:\/\/turijnmagazijn.nl\/de\/wp-json\/wp\/v2\/product_brand?post=91758"},{"taxonomy":"product_cat","embeddable":true,"href":"https:\/\/turijnmagazijn.nl\/de\/wp-json\/wp\/v2\/product_cat?post=91758"},{"taxonomy":"product_tag","embeddable":true,"href":"https:\/\/turijnmagazijn.nl\/de\/wp-json\/wp\/v2\/product_tag?post=91758"}],"curies":[{"name":"wp","href":"https:\/\/api.w.org\/{rel}","templated":true}]}}