{"id":92374,"date":"2025-06-07T19:31:47","date_gmt":"2025-06-07T17:31:47","guid":{"rendered":"https:\/\/turijnmagazijn.nl\/?post_type=product&#038;p=92374"},"modified":"2025-12-29T20:18:34","modified_gmt":"2025-12-29T19:18:34","slug":"nabenabdeckung-bundig-schwarz-logo-lancia-delta-integrale-satz-4-stuck-kopie-2","status":"publish","type":"product","link":"https:\/\/turijnmagazijn.nl\/de\/produkt\/nabenabdeckung-bundig-schwarz-logo-lancia-delta-integrale-satz-4-stuck-kopie-2\/","title":{"rendered":"Nabendeckel dicke Felge schwarzes Logo Lancia Delta Integrale (Satz 4 St\u00fcck)"},"content":{"rendered":"<p>Set mit 4 neuen Reproduktionsradzentren f\u00fcr Lancia Delta Integrale. Diese Gr\u00f6\u00dfe der Nabenkappe wird auch auf einigen der Felgen verwendet, die auf der Kappa, Delta II, Thema und Ypsilon geliefert werden.<\/p>\n<p>Beispiele f\u00fcr die OEM-Felgen, in die diese Zentren passen, finden Sie in den Beispielfotos f\u00fcr eine m\u00f6gliche Anwendung.<\/p>\n<p>Die Vorderseite besteht aus einem Gel-Dome-Logo, die R\u00fcckseite ist zweiteilig: oben ein 3D-gedruckter Rand und unten ein Spritzgussteil mit dem urspr\u00fcnglichen Grad an Elastizit\u00e4t und Passform.<\/p>\n<p>Optisch \u00e4hnelt diese Art von Nabenabdeckung den OEM-Abdeckungen aufgrund der dicken Kunststofffelge, die das Logo etwas weiter von der Felge abstehen l\u00e4sst.<\/p>\n<p>Tolle Alternative zum Original von Lancia unter der Nummer 82355891 46424280 und 46784941 Deckel, die leider nicht mehr erh\u00e4ltlich sind.<\/p>\n<p>Eigene Produktion in den Niederlanden, direkt ab Lager lieferbar.<\/p>\n<p>&nbsp;<\/p>\n<p>Die Art der Radkappen, die diese Reproduktion ersetzen, wurde bei den folgenden Fahrzeugen serienm\u00e4\u00dfig verwendet;<\/p>\n<ul>\n<li>Lancia Delta I inklusive Integrale- und EVO-Modellen<\/li>\n<li>Lancia Dedra I<\/li>\n<li>Lancia Thema<\/li>\n<li>Lancia Kappa\n<ul>\n<li>Felgentyp 46438588<\/li>\n<\/ul>\n<\/li>\n<li>Lancia Delta II<\/li>\n<li>Lancia Ypsilon 1\n<ul>\n<li>Felgentyp 46777506<\/li>\n<\/ul>\n<\/li>\n<\/ul>\n<p>Zur Veranschaulichung sind einige Fotos von Felgentypen angebracht, auf denen diese Radkappen genau passen.<\/p>\n<p>&nbsp;<\/p>\n<p>&nbsp;<\/p>\n","protected":false},"excerpt":{"rendered":"<p>Radk\u00f6rper dicke Felge schwarzes Logo Lancia Delta Integrale (Satz 4 St\u00fcck) &#8211; Satz von 4 neuen Reproduktions-Radk\u00f6rpern f\u00fcr Lancia Delta Integrale.Radk\u00f6rper b\u00fcndig schwarzes Logo Lancia Delta Integrale (Satz 4 St\u00fcck) -REPRODUKTION-<\/p>\n","protected":false},"featured_media":92821,"comment_status":"closed","ping_status":"closed","template":"","meta":{"_acf_changed":false},"product_brand":[],"product_cat":[1811,1847,1849,1864,1803,1807,1844,1817,1822,1826,1834,1829,1839,1859,1797,1869,1894,1904,1900,1913],"product_tag":[],"class_list":{"0":"post-92374","1":"product","2":"type-product","3":"status-publish","4":"has-post-thumbnail","6":"product_cat-1-1-1-3-1-5-de","7":"product_cat-3-deurs-hpe-de","8":"product_cat-5-deurs-de","9":"product_cat-berlina-de","10":"product_cat-dedra-835-de","11":"product_cat-delta-1-831-de","12":"product_cat-delta-2-836-de","13":"product_cat-gt-i-e-de","14":"product_cat-hf-4wd-de","15":"product_cat-hf-turbo-de","16":"product_cat-integrale-16v-de","17":"product_cat-integrale-8v-de","18":"product_cat-integrale-evo-de","19":"product_cat-kappa-838-de","20":"product_cat-lancia-de","21":"product_cat-sw-de","22":"product_cat-thema-834-de","23":"product_cat-thema-sedan-de","24":"product_cat-thema-sw-de","25":"product_cat-ypsilon-1-840-de","26":"pa_soort-onderdeel-karosserie-und-blech","28":"first","29":"instock","30":"featured","31":"taxable","32":"shipping-taxable","33":"purchasable","34":"product-type-simple"},"acf":[],"yoast_head":"<!-- This site is optimized with the Yoast SEO plugin v27.3 - https:\/\/yoast.com\/product\/yoast-seo-wordpress\/ -->\n<title>Nabendeckel dicke Felge schwarzes Logo Lancia Delta Integrale (Satz 4 St\u00fcck) - Turijnmagazijn<\/title>\n<meta name=\"robots\" content=\"index, follow, max-snippet:-1, max-image-preview:large, max-video-preview:-1\" \/>\n<link rel=\"canonical\" href=\"https:\/\/turijnmagazijn.nl\/de\/produkt\/nabenabdeckung-bundig-schwarz-logo-lancia-delta-integrale-satz-4-stuck-kopie-2\/\" \/>\n<meta property=\"og:locale\" content=\"de_DE\" \/>\n<meta property=\"og:type\" content=\"article\" \/>\n<meta property=\"og:title\" content=\"Nabendeckel dicke Felge schwarzes Logo Lancia Delta Integrale (Satz 4 St\u00fcck) - Turijnmagazijn\" \/>\n<meta property=\"og:description\" content=\"Radk\u00f6rper dicke Felge schwarzes Logo Lancia Delta Integrale (Satz 4 St\u00fcck) - Satz von 4 neuen Reproduktions-Radk\u00f6rpern f\u00fcr Lancia Delta Integrale.Radk\u00f6rper b\u00fcndig schwarzes Logo Lancia Delta Integrale (Satz 4 St\u00fcck) -REPRODUKTION-\" \/>\n<meta property=\"og:url\" content=\"https:\/\/turijnmagazijn.nl\/de\/produkt\/nabenabdeckung-bundig-schwarz-logo-lancia-delta-integrale-satz-4-stuck-kopie-2\/\" \/>\n<meta property=\"og:site_name\" content=\"Turijnmagazijn\" \/>\n<meta property=\"article:publisher\" content=\"https:\/\/www.facebook.com\/turijnmagazijn\" \/>\n<meta property=\"article:modified_time\" content=\"2025-12-29T19:18:34+00:00\" \/>\n<meta name=\"twitter:card\" content=\"summary_large_image\" \/>\n<meta name=\"twitter:label1\" content=\"Gesch\u00e4tzte Lesezeit\" \/>\n\t<meta name=\"twitter:data1\" content=\"1\u00a0Minute\" \/>\n<script type=\"application\/ld+json\" class=\"yoast-schema-graph\">{\"@context\":\"https:\\\/\\\/schema.org\",\"@graph\":[{\"@type\":\"WebPage\",\"@id\":\"https:\\\/\\\/turijnmagazijn.nl\\\/de\\\/produkt\\\/nabenabdeckung-bundig-schwarz-logo-lancia-delta-integrale-satz-4-stuck-kopie-2\\\/\",\"url\":\"https:\\\/\\\/turijnmagazijn.nl\\\/de\\\/produkt\\\/nabenabdeckung-bundig-schwarz-logo-lancia-delta-integrale-satz-4-stuck-kopie-2\\\/\",\"name\":\"Nabendeckel dicke Felge schwarzes Logo Lancia Delta Integrale (Satz 4 St\u00fcck) - Turijnmagazijn\",\"isPartOf\":{\"@id\":\"https:\\\/\\\/turijnmagazijn.jumpstone-dev.nl\\\/#website\"},\"primaryImageOfPage\":{\"@id\":\"https:\\\/\\\/turijnmagazijn.nl\\\/de\\\/produkt\\\/nabenabdeckung-bundig-schwarz-logo-lancia-delta-integrale-satz-4-stuck-kopie-2\\\/#primaryimage\"},\"image\":{\"@id\":\"https:\\\/\\\/turijnmagazijn.nl\\\/de\\\/produkt\\\/nabenabdeckung-bundig-schwarz-logo-lancia-delta-integrale-satz-4-stuck-kopie-2\\\/#primaryimage\"},\"thumbnailUrl\":\"https:\\\/\\\/turijnmagazijn.nl\\\/wp-content\\\/uploads\\\/2025\\\/06\\\/DN0100142-Wielcenter-dikke-rand-zwart-logo-Lancia-Delta-Integrale-set-4-st.-46424280-1.jpg\",\"datePublished\":\"2025-06-07T17:31:47+00:00\",\"dateModified\":\"2025-12-29T19:18:34+00:00\",\"breadcrumb\":{\"@id\":\"https:\\\/\\\/turijnmagazijn.nl\\\/de\\\/produkt\\\/nabenabdeckung-bundig-schwarz-logo-lancia-delta-integrale-satz-4-stuck-kopie-2\\\/#breadcrumb\"},\"inLanguage\":\"de\",\"potentialAction\":[{\"@type\":\"ReadAction\",\"target\":[\"https:\\\/\\\/turijnmagazijn.nl\\\/de\\\/produkt\\\/nabenabdeckung-bundig-schwarz-logo-lancia-delta-integrale-satz-4-stuck-kopie-2\\\/\"]}]},{\"@type\":\"ImageObject\",\"inLanguage\":\"de\",\"@id\":\"https:\\\/\\\/turijnmagazijn.nl\\\/de\\\/produkt\\\/nabenabdeckung-bundig-schwarz-logo-lancia-delta-integrale-satz-4-stuck-kopie-2\\\/#primaryimage\",\"url\":\"https:\\\/\\\/turijnmagazijn.nl\\\/wp-content\\\/uploads\\\/2025\\\/06\\\/DN0100142-Wielcenter-dikke-rand-zwart-logo-Lancia-Delta-Integrale-set-4-st.-46424280-1.jpg\",\"contentUrl\":\"https:\\\/\\\/turijnmagazijn.nl\\\/wp-content\\\/uploads\\\/2025\\\/06\\\/DN0100142-Wielcenter-dikke-rand-zwart-logo-Lancia-Delta-Integrale-set-4-st.-46424280-1.jpg\",\"width\":1440,\"height\":1080},{\"@type\":\"BreadcrumbList\",\"@id\":\"https:\\\/\\\/turijnmagazijn.nl\\\/de\\\/produkt\\\/nabenabdeckung-bundig-schwarz-logo-lancia-delta-integrale-satz-4-stuck-kopie-2\\\/#breadcrumb\",\"itemListElement\":[{\"@type\":\"ListItem\",\"position\":1,\"name\":\"Home\",\"item\":\"https:\\\/\\\/turijnmagazijn.nl\\\/de\\\/\"},{\"@type\":\"ListItem\",\"position\":2,\"name\":\"Produkte\",\"item\":\"https:\\\/\\\/turijnmagazijn.nl\\\/de\\\/shop\\\/\"},{\"@type\":\"ListItem\",\"position\":3,\"name\":\"Nabendeckel dicke Felge schwarzes Logo Lancia Delta Integrale (Satz 4 St\u00fcck)\"}]},{\"@type\":\"WebSite\",\"@id\":\"https:\\\/\\\/turijnmagazijn.jumpstone-dev.nl\\\/#website\",\"url\":\"https:\\\/\\\/turijnmagazijn.jumpstone-dev.nl\\\/\",\"name\":\"Turijnmagazijn\",\"description\":\"Onderdelen nieuw en gebruikt - Fiat &amp; Lancia\",\"publisher\":{\"@id\":\"https:\\\/\\\/turijnmagazijn.jumpstone-dev.nl\\\/#organization\"},\"potentialAction\":[{\"@type\":\"SearchAction\",\"target\":{\"@type\":\"EntryPoint\",\"urlTemplate\":\"https:\\\/\\\/turijnmagazijn.jumpstone-dev.nl\\\/?s={search_term_string}\"},\"query-input\":{\"@type\":\"PropertyValueSpecification\",\"valueRequired\":true,\"valueName\":\"search_term_string\"}}],\"inLanguage\":\"de\"},{\"@type\":\"Organization\",\"@id\":\"https:\\\/\\\/turijnmagazijn.jumpstone-dev.nl\\\/#organization\",\"name\":\"Turijnmagazijn\",\"url\":\"https:\\\/\\\/turijnmagazijn.jumpstone-dev.nl\\\/\",\"logo\":{\"@type\":\"ImageObject\",\"inLanguage\":\"de\",\"@id\":\"https:\\\/\\\/turijnmagazijn.jumpstone-dev.nl\\\/#\\\/schema\\\/logo\\\/image\\\/\",\"url\":\"https:\\\/\\\/turijnmagazijn.nl\\\/wp-content\\\/uploads\\\/2021\\\/02\\\/turijnmagazijnlogo.png\",\"contentUrl\":\"https:\\\/\\\/turijnmagazijn.nl\\\/wp-content\\\/uploads\\\/2021\\\/02\\\/turijnmagazijnlogo.png\",\"width\":555,\"height\":270,\"caption\":\"Turijnmagazijn\"},\"image\":{\"@id\":\"https:\\\/\\\/turijnmagazijn.jumpstone-dev.nl\\\/#\\\/schema\\\/logo\\\/image\\\/\"},\"sameAs\":[\"https:\\\/\\\/www.facebook.com\\\/turijnmagazijn\"]}]}<\/script>\n<!-- \/ Yoast SEO plugin. -->","yoast_head_json":{"title":"Nabendeckel dicke Felge schwarzes Logo Lancia Delta Integrale (Satz 4 St\u00fcck) - Turijnmagazijn","robots":{"index":"index","follow":"follow","max-snippet":"max-snippet:-1","max-image-preview":"max-image-preview:large","max-video-preview":"max-video-preview:-1"},"canonical":"https:\/\/turijnmagazijn.nl\/de\/produkt\/nabenabdeckung-bundig-schwarz-logo-lancia-delta-integrale-satz-4-stuck-kopie-2\/","og_locale":"de_DE","og_type":"article","og_title":"Nabendeckel dicke Felge schwarzes Logo Lancia Delta Integrale (Satz 4 St\u00fcck) - Turijnmagazijn","og_description":"Radk\u00f6rper dicke Felge schwarzes Logo Lancia Delta Integrale (Satz 4 St\u00fcck) - Satz von 4 neuen Reproduktions-Radk\u00f6rpern f\u00fcr Lancia Delta Integrale.Radk\u00f6rper b\u00fcndig schwarzes Logo Lancia Delta Integrale (Satz 4 St\u00fcck) -REPRODUKTION-","og_url":"https:\/\/turijnmagazijn.nl\/de\/produkt\/nabenabdeckung-bundig-schwarz-logo-lancia-delta-integrale-satz-4-stuck-kopie-2\/","og_site_name":"Turijnmagazijn","article_publisher":"https:\/\/www.facebook.com\/turijnmagazijn","article_modified_time":"2025-12-29T19:18:34+00:00","twitter_card":"summary_large_image","twitter_misc":{"Gesch\u00e4tzte Lesezeit":"1\u00a0Minute"},"schema":{"@context":"https:\/\/schema.org","@graph":[{"@type":"WebPage","@id":"https:\/\/turijnmagazijn.nl\/de\/produkt\/nabenabdeckung-bundig-schwarz-logo-lancia-delta-integrale-satz-4-stuck-kopie-2\/","url":"https:\/\/turijnmagazijn.nl\/de\/produkt\/nabenabdeckung-bundig-schwarz-logo-lancia-delta-integrale-satz-4-stuck-kopie-2\/","name":"Nabendeckel dicke Felge schwarzes Logo Lancia Delta Integrale (Satz 4 St\u00fcck) - Turijnmagazijn","isPartOf":{"@id":"https:\/\/turijnmagazijn.jumpstone-dev.nl\/#website"},"primaryImageOfPage":{"@id":"https:\/\/turijnmagazijn.nl\/de\/produkt\/nabenabdeckung-bundig-schwarz-logo-lancia-delta-integrale-satz-4-stuck-kopie-2\/#primaryimage"},"image":{"@id":"https:\/\/turijnmagazijn.nl\/de\/produkt\/nabenabdeckung-bundig-schwarz-logo-lancia-delta-integrale-satz-4-stuck-kopie-2\/#primaryimage"},"thumbnailUrl":"https:\/\/turijnmagazijn.nl\/wp-content\/uploads\/2025\/06\/DN0100142-Wielcenter-dikke-rand-zwart-logo-Lancia-Delta-Integrale-set-4-st.-46424280-1.jpg","datePublished":"2025-06-07T17:31:47+00:00","dateModified":"2025-12-29T19:18:34+00:00","breadcrumb":{"@id":"https:\/\/turijnmagazijn.nl\/de\/produkt\/nabenabdeckung-bundig-schwarz-logo-lancia-delta-integrale-satz-4-stuck-kopie-2\/#breadcrumb"},"inLanguage":"de","potentialAction":[{"@type":"ReadAction","target":["https:\/\/turijnmagazijn.nl\/de\/produkt\/nabenabdeckung-bundig-schwarz-logo-lancia-delta-integrale-satz-4-stuck-kopie-2\/"]}]},{"@type":"ImageObject","inLanguage":"de","@id":"https:\/\/turijnmagazijn.nl\/de\/produkt\/nabenabdeckung-bundig-schwarz-logo-lancia-delta-integrale-satz-4-stuck-kopie-2\/#primaryimage","url":"https:\/\/turijnmagazijn.nl\/wp-content\/uploads\/2025\/06\/DN0100142-Wielcenter-dikke-rand-zwart-logo-Lancia-Delta-Integrale-set-4-st.-46424280-1.jpg","contentUrl":"https:\/\/turijnmagazijn.nl\/wp-content\/uploads\/2025\/06\/DN0100142-Wielcenter-dikke-rand-zwart-logo-Lancia-Delta-Integrale-set-4-st.-46424280-1.jpg","width":1440,"height":1080},{"@type":"BreadcrumbList","@id":"https:\/\/turijnmagazijn.nl\/de\/produkt\/nabenabdeckung-bundig-schwarz-logo-lancia-delta-integrale-satz-4-stuck-kopie-2\/#breadcrumb","itemListElement":[{"@type":"ListItem","position":1,"name":"Home","item":"https:\/\/turijnmagazijn.nl\/de\/"},{"@type":"ListItem","position":2,"name":"Produkte","item":"https:\/\/turijnmagazijn.nl\/de\/shop\/"},{"@type":"ListItem","position":3,"name":"Nabendeckel dicke Felge schwarzes Logo Lancia Delta Integrale (Satz 4 St\u00fcck)"}]},{"@type":"WebSite","@id":"https:\/\/turijnmagazijn.jumpstone-dev.nl\/#website","url":"https:\/\/turijnmagazijn.jumpstone-dev.nl\/","name":"Turijnmagazijn","description":"Onderdelen nieuw en gebruikt - Fiat &amp; Lancia","publisher":{"@id":"https:\/\/turijnmagazijn.jumpstone-dev.nl\/#organization"},"potentialAction":[{"@type":"SearchAction","target":{"@type":"EntryPoint","urlTemplate":"https:\/\/turijnmagazijn.jumpstone-dev.nl\/?s={search_term_string}"},"query-input":{"@type":"PropertyValueSpecification","valueRequired":true,"valueName":"search_term_string"}}],"inLanguage":"de"},{"@type":"Organization","@id":"https:\/\/turijnmagazijn.jumpstone-dev.nl\/#organization","name":"Turijnmagazijn","url":"https:\/\/turijnmagazijn.jumpstone-dev.nl\/","logo":{"@type":"ImageObject","inLanguage":"de","@id":"https:\/\/turijnmagazijn.jumpstone-dev.nl\/#\/schema\/logo\/image\/","url":"https:\/\/turijnmagazijn.nl\/wp-content\/uploads\/2021\/02\/turijnmagazijnlogo.png","contentUrl":"https:\/\/turijnmagazijn.nl\/wp-content\/uploads\/2021\/02\/turijnmagazijnlogo.png","width":555,"height":270,"caption":"Turijnmagazijn"},"image":{"@id":"https:\/\/turijnmagazijn.jumpstone-dev.nl\/#\/schema\/logo\/image\/"},"sameAs":["https:\/\/www.facebook.com\/turijnmagazijn"]}]}},"_links":{"self":[{"href":"https:\/\/turijnmagazijn.nl\/de\/wp-json\/wp\/v2\/product\/92374","targetHints":{"allow":["GET"]}}],"collection":[{"href":"https:\/\/turijnmagazijn.nl\/de\/wp-json\/wp\/v2\/product"}],"about":[{"href":"https:\/\/turijnmagazijn.nl\/de\/wp-json\/wp\/v2\/types\/product"}],"replies":[{"embeddable":true,"href":"https:\/\/turijnmagazijn.nl\/de\/wp-json\/wp\/v2\/comments?post=92374"}],"wp:featuredmedia":[{"embeddable":true,"href":"https:\/\/turijnmagazijn.nl\/de\/wp-json\/wp\/v2\/media\/92821"}],"wp:attachment":[{"href":"https:\/\/turijnmagazijn.nl\/de\/wp-json\/wp\/v2\/media?parent=92374"}],"wp:term":[{"taxonomy":"product_brand","embeddable":true,"href":"https:\/\/turijnmagazijn.nl\/de\/wp-json\/wp\/v2\/product_brand?post=92374"},{"taxonomy":"product_cat","embeddable":true,"href":"https:\/\/turijnmagazijn.nl\/de\/wp-json\/wp\/v2\/product_cat?post=92374"},{"taxonomy":"product_tag","embeddable":true,"href":"https:\/\/turijnmagazijn.nl\/de\/wp-json\/wp\/v2\/product_tag?post=92374"}],"curies":[{"name":"wp","href":"https:\/\/api.w.org\/{rel}","templated":true}]}}