{"id":92595,"date":"2025-06-30T21:46:19","date_gmt":"2025-06-30T19:46:19","guid":{"rendered":"https:\/\/turijnmagazijn.nl\/?post_type=product&#038;p=92595"},"modified":"2025-08-22T21:22:19","modified_gmt":"2025-08-22T19:22:19","slug":"kappe-fur-turverkleidung-lancia-delta-integrale-imitation-kopie","status":"publish","type":"product","link":"https:\/\/turijnmagazijn.nl\/de\/produkt\/kappe-fur-turverkleidung-lancia-delta-integrale-imitation-kopie\/","title":{"rendered":"Kappe f\u00fcr T\u00fcrverkleidung Lancia Delta Integrale NACH ORIGINALEM DESIGN REPRODUZIERT"},"content":{"rendered":"<p>Kappe f\u00fcr T\u00fcrverkleidung Lancia Delta Integrale.<br \/>\nAlternative zur Zierkappe mit OEM-Nummer 82372115<\/p>\n<p>Es handelt sich um eine exakte Nachbildung des Originalverschlusses.<\/p>\n<p>Alternative f\u00fcr Teil Nummer 5 auf der technischen Zeichnung von EPER Zeichnungsnummer 137556CFCD72FF60EEF1692009D41AC4 bez\u00fcglich der Anwendung am Lancia Delta Integrale. Von diesem Teil werden 2 St\u00fcck pro Auto ben\u00f6tigt. <\/p>\n<p>Diese Kappe wird auch am Ende der Mittelkonsole auf der H\u00f6he des R\u00fccksitzes angebracht.<\/p>\n","protected":false},"excerpt":{"rendered":"<p>82372115 Kappe f\u00fcr T\u00fcrverkleidung Lancia Delta Integrale REPRODUZIERT NACH ORIGINALEM DESIGN<\/p>\n","protected":false},"featured_media":92856,"comment_status":"open","ping_status":"closed","template":"","meta":{"_acf_changed":false},"product_brand":[],"product_cat":[1811,1807,1817,1822,1826,1834,1829,1839,1797],"product_tag":[],"class_list":{"0":"post-92595","1":"product","2":"type-product","3":"status-publish","4":"has-post-thumbnail","6":"product_cat-1-1-1-3-1-5-de","7":"product_cat-delta-1-831-de","8":"product_cat-gt-i-e-de","9":"product_cat-hf-4wd-de","10":"product_cat-hf-turbo-de","11":"product_cat-integrale-16v-de","12":"product_cat-integrale-8v-de","13":"product_cat-integrale-evo-de","14":"product_cat-lancia-de","15":"pa_soort-onderdeel-interieur-und-polsterung","17":"first","18":"instock","19":"sold-individually","20":"taxable","21":"shipping-taxable","22":"purchasable","23":"product-type-simple"},"acf":[],"yoast_head":"<!-- This site is optimized with the Yoast SEO plugin v27.2 - https:\/\/yoast.com\/product\/yoast-seo-wordpress\/ -->\n<title>Kappe f\u00fcr T\u00fcrverkleidung Lancia Delta Integrale NACH ORIGINALEM DESIGN REPRODUZIERT - Turijnmagazijn<\/title>\n<meta name=\"robots\" content=\"index, follow, max-snippet:-1, max-image-preview:large, max-video-preview:-1\" \/>\n<link rel=\"canonical\" href=\"https:\/\/turijnmagazijn.nl\/de\/produkt\/kappe-fur-turverkleidung-lancia-delta-integrale-imitation-kopie\/\" \/>\n<meta property=\"og:locale\" content=\"de_DE\" \/>\n<meta property=\"og:type\" content=\"article\" \/>\n<meta property=\"og:title\" content=\"Kappe f\u00fcr T\u00fcrverkleidung Lancia Delta Integrale NACH ORIGINALEM DESIGN REPRODUZIERT - Turijnmagazijn\" \/>\n<meta property=\"og:description\" content=\"82372115 Kappe f\u00fcr T\u00fcrverkleidung Lancia Delta Integrale REPRODUZIERT NACH ORIGINALEM DESIGN\" \/>\n<meta property=\"og:url\" content=\"https:\/\/turijnmagazijn.nl\/de\/produkt\/kappe-fur-turverkleidung-lancia-delta-integrale-imitation-kopie\/\" \/>\n<meta property=\"og:site_name\" content=\"Turijnmagazijn\" \/>\n<meta property=\"article:publisher\" content=\"https:\/\/www.facebook.com\/turijnmagazijn\" \/>\n<meta property=\"article:modified_time\" content=\"2025-08-22T19:22:19+00:00\" \/>\n<meta property=\"og:image\" content=\"https:\/\/turijnmagazijn.nl\/wp-content\/uploads\/2025\/06\/DN0100422-Dop-deurpaneel-schroef-REPRODUCED-TO-ORIGINAL-DESIGN-82372115-4.jpg\" \/>\n\t<meta property=\"og:image:width\" content=\"1440\" \/>\n\t<meta property=\"og:image:height\" content=\"1080\" \/>\n\t<meta property=\"og:image:type\" content=\"image\/jpeg\" \/>\n<meta name=\"twitter:card\" content=\"summary_large_image\" \/>\n<script type=\"application\/ld+json\" class=\"yoast-schema-graph\">{\"@context\":\"https:\/\/schema.org\",\"@graph\":[{\"@type\":\"WebPage\",\"@id\":\"https:\/\/turijnmagazijn.nl\/de\/produkt\/kappe-fur-turverkleidung-lancia-delta-integrale-imitation-kopie\/\",\"url\":\"https:\/\/turijnmagazijn.nl\/de\/produkt\/kappe-fur-turverkleidung-lancia-delta-integrale-imitation-kopie\/\",\"name\":\"Kappe f\u00fcr T\u00fcrverkleidung Lancia Delta Integrale NACH ORIGINALEM DESIGN REPRODUZIERT - Turijnmagazijn\",\"isPartOf\":{\"@id\":\"https:\/\/turijnmagazijn.jumpstone-dev.nl\/#website\"},\"primaryImageOfPage\":{\"@id\":\"https:\/\/turijnmagazijn.nl\/de\/produkt\/kappe-fur-turverkleidung-lancia-delta-integrale-imitation-kopie\/#primaryimage\"},\"image\":{\"@id\":\"https:\/\/turijnmagazijn.nl\/de\/produkt\/kappe-fur-turverkleidung-lancia-delta-integrale-imitation-kopie\/#primaryimage\"},\"thumbnailUrl\":\"https:\/\/turijnmagazijn.nl\/wp-content\/uploads\/2025\/06\/DN0100422-Dop-deurpaneel-schroef-REPRODUCED-TO-ORIGINAL-DESIGN-82372115-4.jpg\",\"datePublished\":\"2025-06-30T19:46:19+00:00\",\"dateModified\":\"2025-08-22T19:22:19+00:00\",\"breadcrumb\":{\"@id\":\"https:\/\/turijnmagazijn.nl\/de\/produkt\/kappe-fur-turverkleidung-lancia-delta-integrale-imitation-kopie\/#breadcrumb\"},\"inLanguage\":\"de\",\"potentialAction\":[{\"@type\":\"ReadAction\",\"target\":[\"https:\/\/turijnmagazijn.nl\/de\/produkt\/kappe-fur-turverkleidung-lancia-delta-integrale-imitation-kopie\/\"]}]},{\"@type\":\"ImageObject\",\"inLanguage\":\"de\",\"@id\":\"https:\/\/turijnmagazijn.nl\/de\/produkt\/kappe-fur-turverkleidung-lancia-delta-integrale-imitation-kopie\/#primaryimage\",\"url\":\"https:\/\/turijnmagazijn.nl\/wp-content\/uploads\/2025\/06\/DN0100422-Dop-deurpaneel-schroef-REPRODUCED-TO-ORIGINAL-DESIGN-82372115-4.jpg\",\"contentUrl\":\"https:\/\/turijnmagazijn.nl\/wp-content\/uploads\/2025\/06\/DN0100422-Dop-deurpaneel-schroef-REPRODUCED-TO-ORIGINAL-DESIGN-82372115-4.jpg\",\"width\":1440,\"height\":1080},{\"@type\":\"BreadcrumbList\",\"@id\":\"https:\/\/turijnmagazijn.nl\/de\/produkt\/kappe-fur-turverkleidung-lancia-delta-integrale-imitation-kopie\/#breadcrumb\",\"itemListElement\":[{\"@type\":\"ListItem\",\"position\":1,\"name\":\"Home\",\"item\":\"https:\/\/turijnmagazijn.nl\/de\/\"},{\"@type\":\"ListItem\",\"position\":2,\"name\":\"Produkte\",\"item\":\"https:\/\/turijnmagazijn.nl\/de\/shop\/\"},{\"@type\":\"ListItem\",\"position\":3,\"name\":\"Kappe f\u00fcr T\u00fcrverkleidung Lancia Delta Integrale NACH ORIGINALEM DESIGN REPRODUZIERT\"}]},{\"@type\":\"WebSite\",\"@id\":\"https:\/\/turijnmagazijn.jumpstone-dev.nl\/#website\",\"url\":\"https:\/\/turijnmagazijn.jumpstone-dev.nl\/\",\"name\":\"Turijnmagazijn\",\"description\":\"Onderdelen nieuw en gebruikt - Fiat &amp; Lancia\",\"publisher\":{\"@id\":\"https:\/\/turijnmagazijn.jumpstone-dev.nl\/#organization\"},\"potentialAction\":[{\"@type\":\"SearchAction\",\"target\":{\"@type\":\"EntryPoint\",\"urlTemplate\":\"https:\/\/turijnmagazijn.jumpstone-dev.nl\/?s={search_term_string}\"},\"query-input\":{\"@type\":\"PropertyValueSpecification\",\"valueRequired\":true,\"valueName\":\"search_term_string\"}}],\"inLanguage\":\"de\"},{\"@type\":\"Organization\",\"@id\":\"https:\/\/turijnmagazijn.jumpstone-dev.nl\/#organization\",\"name\":\"Turijnmagazijn\",\"url\":\"https:\/\/turijnmagazijn.jumpstone-dev.nl\/\",\"logo\":{\"@type\":\"ImageObject\",\"inLanguage\":\"de\",\"@id\":\"https:\/\/turijnmagazijn.jumpstone-dev.nl\/#\/schema\/logo\/image\/\",\"url\":\"https:\/\/turijnmagazijn.nl\/wp-content\/uploads\/2021\/02\/turijnmagazijnlogo.png\",\"contentUrl\":\"https:\/\/turijnmagazijn.nl\/wp-content\/uploads\/2021\/02\/turijnmagazijnlogo.png\",\"width\":555,\"height\":270,\"caption\":\"Turijnmagazijn\"},\"image\":{\"@id\":\"https:\/\/turijnmagazijn.jumpstone-dev.nl\/#\/schema\/logo\/image\/\"},\"sameAs\":[\"https:\/\/www.facebook.com\/turijnmagazijn\"]}]}<\/script>\n<!-- \/ Yoast SEO plugin. -->","yoast_head_json":{"title":"Kappe f\u00fcr T\u00fcrverkleidung Lancia Delta Integrale NACH ORIGINALEM DESIGN REPRODUZIERT - Turijnmagazijn","robots":{"index":"index","follow":"follow","max-snippet":"max-snippet:-1","max-image-preview":"max-image-preview:large","max-video-preview":"max-video-preview:-1"},"canonical":"https:\/\/turijnmagazijn.nl\/de\/produkt\/kappe-fur-turverkleidung-lancia-delta-integrale-imitation-kopie\/","og_locale":"de_DE","og_type":"article","og_title":"Kappe f\u00fcr T\u00fcrverkleidung Lancia Delta Integrale NACH ORIGINALEM DESIGN REPRODUZIERT - Turijnmagazijn","og_description":"82372115 Kappe f\u00fcr T\u00fcrverkleidung Lancia Delta Integrale REPRODUZIERT NACH ORIGINALEM DESIGN","og_url":"https:\/\/turijnmagazijn.nl\/de\/produkt\/kappe-fur-turverkleidung-lancia-delta-integrale-imitation-kopie\/","og_site_name":"Turijnmagazijn","article_publisher":"https:\/\/www.facebook.com\/turijnmagazijn","article_modified_time":"2025-08-22T19:22:19+00:00","og_image":[{"width":1440,"height":1080,"url":"https:\/\/turijnmagazijn.nl\/wp-content\/uploads\/2025\/06\/DN0100422-Dop-deurpaneel-schroef-REPRODUCED-TO-ORIGINAL-DESIGN-82372115-4.jpg","type":"image\/jpeg"}],"twitter_card":"summary_large_image","schema":{"@context":"https:\/\/schema.org","@graph":[{"@type":"WebPage","@id":"https:\/\/turijnmagazijn.nl\/de\/produkt\/kappe-fur-turverkleidung-lancia-delta-integrale-imitation-kopie\/","url":"https:\/\/turijnmagazijn.nl\/de\/produkt\/kappe-fur-turverkleidung-lancia-delta-integrale-imitation-kopie\/","name":"Kappe f\u00fcr T\u00fcrverkleidung Lancia Delta Integrale NACH ORIGINALEM DESIGN REPRODUZIERT - Turijnmagazijn","isPartOf":{"@id":"https:\/\/turijnmagazijn.jumpstone-dev.nl\/#website"},"primaryImageOfPage":{"@id":"https:\/\/turijnmagazijn.nl\/de\/produkt\/kappe-fur-turverkleidung-lancia-delta-integrale-imitation-kopie\/#primaryimage"},"image":{"@id":"https:\/\/turijnmagazijn.nl\/de\/produkt\/kappe-fur-turverkleidung-lancia-delta-integrale-imitation-kopie\/#primaryimage"},"thumbnailUrl":"https:\/\/turijnmagazijn.nl\/wp-content\/uploads\/2025\/06\/DN0100422-Dop-deurpaneel-schroef-REPRODUCED-TO-ORIGINAL-DESIGN-82372115-4.jpg","datePublished":"2025-06-30T19:46:19+00:00","dateModified":"2025-08-22T19:22:19+00:00","breadcrumb":{"@id":"https:\/\/turijnmagazijn.nl\/de\/produkt\/kappe-fur-turverkleidung-lancia-delta-integrale-imitation-kopie\/#breadcrumb"},"inLanguage":"de","potentialAction":[{"@type":"ReadAction","target":["https:\/\/turijnmagazijn.nl\/de\/produkt\/kappe-fur-turverkleidung-lancia-delta-integrale-imitation-kopie\/"]}]},{"@type":"ImageObject","inLanguage":"de","@id":"https:\/\/turijnmagazijn.nl\/de\/produkt\/kappe-fur-turverkleidung-lancia-delta-integrale-imitation-kopie\/#primaryimage","url":"https:\/\/turijnmagazijn.nl\/wp-content\/uploads\/2025\/06\/DN0100422-Dop-deurpaneel-schroef-REPRODUCED-TO-ORIGINAL-DESIGN-82372115-4.jpg","contentUrl":"https:\/\/turijnmagazijn.nl\/wp-content\/uploads\/2025\/06\/DN0100422-Dop-deurpaneel-schroef-REPRODUCED-TO-ORIGINAL-DESIGN-82372115-4.jpg","width":1440,"height":1080},{"@type":"BreadcrumbList","@id":"https:\/\/turijnmagazijn.nl\/de\/produkt\/kappe-fur-turverkleidung-lancia-delta-integrale-imitation-kopie\/#breadcrumb","itemListElement":[{"@type":"ListItem","position":1,"name":"Home","item":"https:\/\/turijnmagazijn.nl\/de\/"},{"@type":"ListItem","position":2,"name":"Produkte","item":"https:\/\/turijnmagazijn.nl\/de\/shop\/"},{"@type":"ListItem","position":3,"name":"Kappe f\u00fcr T\u00fcrverkleidung Lancia Delta Integrale NACH ORIGINALEM DESIGN REPRODUZIERT"}]},{"@type":"WebSite","@id":"https:\/\/turijnmagazijn.jumpstone-dev.nl\/#website","url":"https:\/\/turijnmagazijn.jumpstone-dev.nl\/","name":"Turijnmagazijn","description":"Onderdelen nieuw en gebruikt - Fiat &amp; Lancia","publisher":{"@id":"https:\/\/turijnmagazijn.jumpstone-dev.nl\/#organization"},"potentialAction":[{"@type":"SearchAction","target":{"@type":"EntryPoint","urlTemplate":"https:\/\/turijnmagazijn.jumpstone-dev.nl\/?s={search_term_string}"},"query-input":{"@type":"PropertyValueSpecification","valueRequired":true,"valueName":"search_term_string"}}],"inLanguage":"de"},{"@type":"Organization","@id":"https:\/\/turijnmagazijn.jumpstone-dev.nl\/#organization","name":"Turijnmagazijn","url":"https:\/\/turijnmagazijn.jumpstone-dev.nl\/","logo":{"@type":"ImageObject","inLanguage":"de","@id":"https:\/\/turijnmagazijn.jumpstone-dev.nl\/#\/schema\/logo\/image\/","url":"https:\/\/turijnmagazijn.nl\/wp-content\/uploads\/2021\/02\/turijnmagazijnlogo.png","contentUrl":"https:\/\/turijnmagazijn.nl\/wp-content\/uploads\/2021\/02\/turijnmagazijnlogo.png","width":555,"height":270,"caption":"Turijnmagazijn"},"image":{"@id":"https:\/\/turijnmagazijn.jumpstone-dev.nl\/#\/schema\/logo\/image\/"},"sameAs":["https:\/\/www.facebook.com\/turijnmagazijn"]}]}},"_links":{"self":[{"href":"https:\/\/turijnmagazijn.nl\/de\/wp-json\/wp\/v2\/product\/92595","targetHints":{"allow":["GET"]}}],"collection":[{"href":"https:\/\/turijnmagazijn.nl\/de\/wp-json\/wp\/v2\/product"}],"about":[{"href":"https:\/\/turijnmagazijn.nl\/de\/wp-json\/wp\/v2\/types\/product"}],"replies":[{"embeddable":true,"href":"https:\/\/turijnmagazijn.nl\/de\/wp-json\/wp\/v2\/comments?post=92595"}],"wp:featuredmedia":[{"embeddable":true,"href":"https:\/\/turijnmagazijn.nl\/de\/wp-json\/wp\/v2\/media\/92856"}],"wp:attachment":[{"href":"https:\/\/turijnmagazijn.nl\/de\/wp-json\/wp\/v2\/media?parent=92595"}],"wp:term":[{"taxonomy":"product_brand","embeddable":true,"href":"https:\/\/turijnmagazijn.nl\/de\/wp-json\/wp\/v2\/product_brand?post=92595"},{"taxonomy":"product_cat","embeddable":true,"href":"https:\/\/turijnmagazijn.nl\/de\/wp-json\/wp\/v2\/product_cat?post=92595"},{"taxonomy":"product_tag","embeddable":true,"href":"https:\/\/turijnmagazijn.nl\/de\/wp-json\/wp\/v2\/product_tag?post=92595"}],"curies":[{"name":"wp","href":"https:\/\/api.w.org\/{rel}","templated":true}]}}