{"id":94357,"date":"2025-08-20T21:13:10","date_gmt":"2025-08-20T19:13:10","guid":{"rendered":"https:\/\/turijnmagazijn.nl\/product\/moc-ziegelrad-und-reifen-im-massstab-18-bausatz-4tlg\/"},"modified":"2025-08-31T16:59:36","modified_gmt":"2025-08-31T14:59:36","slug":"moc-ziegelrad-und-reifen-im-massstab-18-bausatz-4tlg","status":"publish","type":"product","link":"https:\/\/turijnmagazijn.nl\/de\/produkt\/moc-ziegelrad-und-reifen-im-massstab-18-bausatz-4tlg\/","title":{"rendered":"MOC Ziegelrad und Reifen im Ma\u00dfstab 1:8 Bausatz 4tlg."},"content":{"rendered":"<p>Satz mit 4 R\u00e4dern f\u00fcr den MOC Ziegelstein Tecnic Baukasten. Betrifft Replik Material mit ausgezeichneter Passform mit dem Original. Das Set besteht aus 4 R\u00e4dern, die mit Reifen ausgestattet sind. Das Rad hat die Gr\u00f6\u00dfe 75&#215;41 und der Reifen 88&#215;44, alle Ma\u00dfe in mm. Die R\u00e4der sind silberfarben. Die R\u00e4der werden mit einer Nabenkappe in Form einer roten Fliese geliefert. Diese kann abgenommen werden. Ausgestattet mit integrierter 3-Stiftbefestigung f\u00fcr die Montage an der Achse.       <\/p>\n","protected":false},"excerpt":{"rendered":"<p>MOC Ziegelr\u00e4der mit Reifen silberne Radgr\u00f6\u00dfe ist 75&#215;41 und der Reifen ist 88&#215;44<\/p>\n","protected":false},"featured_media":94142,"comment_status":"open","ping_status":"closed","template":"","meta":{"_acf_changed":false},"product_brand":[],"product_cat":[1807,1829,1797],"product_tag":[],"class_list":{"0":"post-94357","1":"product","2":"type-product","3":"status-publish","4":"has-post-thumbnail","6":"product_cat-delta-1-831-de","7":"product_cat-integrale-8v-de","8":"product_cat-lancia-de","9":"pa_soort-onderdeel-schlusselanhanger-und-aufkleber","11":"first","12":"instock","13":"taxable","14":"shipping-taxable","15":"purchasable","16":"product-type-simple"},"acf":[],"yoast_head":"<!-- This site is optimized with the Yoast SEO plugin v27.3 - https:\/\/yoast.com\/product\/yoast-seo-wordpress\/ -->\n<title>MOC Ziegelrad und Reifen im Ma\u00dfstab 1:8 Bausatz 4tlg. - Turijnmagazijn<\/title>\n<meta name=\"robots\" content=\"index, follow, max-snippet:-1, max-image-preview:large, max-video-preview:-1\" \/>\n<link rel=\"canonical\" href=\"https:\/\/turijnmagazijn.nl\/de\/produkt\/moc-ziegelrad-und-reifen-im-massstab-18-bausatz-4tlg\/\" \/>\n<meta property=\"og:locale\" content=\"de_DE\" \/>\n<meta property=\"og:type\" content=\"article\" \/>\n<meta property=\"og:title\" content=\"MOC Ziegelrad und Reifen im Ma\u00dfstab 1:8 Bausatz 4tlg. - Turijnmagazijn\" \/>\n<meta property=\"og:description\" content=\"MOC Ziegelr\u00e4der mit Reifen silberne Radgr\u00f6\u00dfe ist 75x41 und der Reifen ist 88x44\" \/>\n<meta property=\"og:url\" content=\"https:\/\/turijnmagazijn.nl\/de\/produkt\/moc-ziegelrad-und-reifen-im-massstab-18-bausatz-4tlg\/\" \/>\n<meta property=\"og:site_name\" content=\"Turijnmagazijn\" \/>\n<meta property=\"article:publisher\" content=\"https:\/\/www.facebook.com\/turijnmagazijn\" \/>\n<meta property=\"article:modified_time\" content=\"2025-08-31T14:59:36+00:00\" \/>\n<meta property=\"og:image\" content=\"https:\/\/turijnmagazijn.nl\/wp-content\/uploads\/2025\/08\/MC0109912-MOC-brick-wiel-en-band-18-schaal-bouwset-set-4-st.-nvt-3-scaled.jpg\" \/>\n\t<meta property=\"og:image:width\" content=\"2560\" \/>\n\t<meta property=\"og:image:height\" content=\"1920\" \/>\n\t<meta property=\"og:image:type\" content=\"image\/jpeg\" \/>\n<meta name=\"twitter:card\" content=\"summary_large_image\" \/>\n<script type=\"application\/ld+json\" class=\"yoast-schema-graph\">{\"@context\":\"https:\\\/\\\/schema.org\",\"@graph\":[{\"@type\":\"WebPage\",\"@id\":\"https:\\\/\\\/turijnmagazijn.nl\\\/de\\\/produkt\\\/moc-ziegelrad-und-reifen-im-massstab-18-bausatz-4tlg\\\/\",\"url\":\"https:\\\/\\\/turijnmagazijn.nl\\\/de\\\/produkt\\\/moc-ziegelrad-und-reifen-im-massstab-18-bausatz-4tlg\\\/\",\"name\":\"MOC Ziegelrad und Reifen im Ma\u00dfstab 1:8 Bausatz 4tlg. - Turijnmagazijn\",\"isPartOf\":{\"@id\":\"https:\\\/\\\/turijnmagazijn.jumpstone-dev.nl\\\/#website\"},\"primaryImageOfPage\":{\"@id\":\"https:\\\/\\\/turijnmagazijn.nl\\\/de\\\/produkt\\\/moc-ziegelrad-und-reifen-im-massstab-18-bausatz-4tlg\\\/#primaryimage\"},\"image\":{\"@id\":\"https:\\\/\\\/turijnmagazijn.nl\\\/de\\\/produkt\\\/moc-ziegelrad-und-reifen-im-massstab-18-bausatz-4tlg\\\/#primaryimage\"},\"thumbnailUrl\":\"https:\\\/\\\/turijnmagazijn.nl\\\/wp-content\\\/uploads\\\/2025\\\/08\\\/MC0109912-MOC-brick-wiel-en-band-18-schaal-bouwset-set-4-st.-nvt-3-scaled.jpg\",\"datePublished\":\"2025-08-20T19:13:10+00:00\",\"dateModified\":\"2025-08-31T14:59:36+00:00\",\"breadcrumb\":{\"@id\":\"https:\\\/\\\/turijnmagazijn.nl\\\/de\\\/produkt\\\/moc-ziegelrad-und-reifen-im-massstab-18-bausatz-4tlg\\\/#breadcrumb\"},\"inLanguage\":\"de\",\"potentialAction\":[{\"@type\":\"ReadAction\",\"target\":[\"https:\\\/\\\/turijnmagazijn.nl\\\/de\\\/produkt\\\/moc-ziegelrad-und-reifen-im-massstab-18-bausatz-4tlg\\\/\"]}]},{\"@type\":\"ImageObject\",\"inLanguage\":\"de\",\"@id\":\"https:\\\/\\\/turijnmagazijn.nl\\\/de\\\/produkt\\\/moc-ziegelrad-und-reifen-im-massstab-18-bausatz-4tlg\\\/#primaryimage\",\"url\":\"https:\\\/\\\/turijnmagazijn.nl\\\/wp-content\\\/uploads\\\/2025\\\/08\\\/MC0109912-MOC-brick-wiel-en-band-18-schaal-bouwset-set-4-st.-nvt-3-scaled.jpg\",\"contentUrl\":\"https:\\\/\\\/turijnmagazijn.nl\\\/wp-content\\\/uploads\\\/2025\\\/08\\\/MC0109912-MOC-brick-wiel-en-band-18-schaal-bouwset-set-4-st.-nvt-3-scaled.jpg\",\"width\":2560,\"height\":1920},{\"@type\":\"BreadcrumbList\",\"@id\":\"https:\\\/\\\/turijnmagazijn.nl\\\/de\\\/produkt\\\/moc-ziegelrad-und-reifen-im-massstab-18-bausatz-4tlg\\\/#breadcrumb\",\"itemListElement\":[{\"@type\":\"ListItem\",\"position\":1,\"name\":\"Home\",\"item\":\"https:\\\/\\\/turijnmagazijn.nl\\\/de\\\/\"},{\"@type\":\"ListItem\",\"position\":2,\"name\":\"Produkte\",\"item\":\"https:\\\/\\\/turijnmagazijn.nl\\\/de\\\/shop\\\/\"},{\"@type\":\"ListItem\",\"position\":3,\"name\":\"MOC Ziegelrad und Reifen im Ma\u00dfstab 1:8 Bausatz 4tlg.\"}]},{\"@type\":\"WebSite\",\"@id\":\"https:\\\/\\\/turijnmagazijn.jumpstone-dev.nl\\\/#website\",\"url\":\"https:\\\/\\\/turijnmagazijn.jumpstone-dev.nl\\\/\",\"name\":\"Turijnmagazijn\",\"description\":\"Onderdelen nieuw en gebruikt - Fiat &amp; Lancia\",\"publisher\":{\"@id\":\"https:\\\/\\\/turijnmagazijn.jumpstone-dev.nl\\\/#organization\"},\"potentialAction\":[{\"@type\":\"SearchAction\",\"target\":{\"@type\":\"EntryPoint\",\"urlTemplate\":\"https:\\\/\\\/turijnmagazijn.jumpstone-dev.nl\\\/?s={search_term_string}\"},\"query-input\":{\"@type\":\"PropertyValueSpecification\",\"valueRequired\":true,\"valueName\":\"search_term_string\"}}],\"inLanguage\":\"de\"},{\"@type\":\"Organization\",\"@id\":\"https:\\\/\\\/turijnmagazijn.jumpstone-dev.nl\\\/#organization\",\"name\":\"Turijnmagazijn\",\"url\":\"https:\\\/\\\/turijnmagazijn.jumpstone-dev.nl\\\/\",\"logo\":{\"@type\":\"ImageObject\",\"inLanguage\":\"de\",\"@id\":\"https:\\\/\\\/turijnmagazijn.jumpstone-dev.nl\\\/#\\\/schema\\\/logo\\\/image\\\/\",\"url\":\"https:\\\/\\\/turijnmagazijn.nl\\\/wp-content\\\/uploads\\\/2021\\\/02\\\/turijnmagazijnlogo.png\",\"contentUrl\":\"https:\\\/\\\/turijnmagazijn.nl\\\/wp-content\\\/uploads\\\/2021\\\/02\\\/turijnmagazijnlogo.png\",\"width\":555,\"height\":270,\"caption\":\"Turijnmagazijn\"},\"image\":{\"@id\":\"https:\\\/\\\/turijnmagazijn.jumpstone-dev.nl\\\/#\\\/schema\\\/logo\\\/image\\\/\"},\"sameAs\":[\"https:\\\/\\\/www.facebook.com\\\/turijnmagazijn\"]}]}<\/script>\n<!-- \/ Yoast SEO plugin. -->","yoast_head_json":{"title":"MOC Ziegelrad und Reifen im Ma\u00dfstab 1:8 Bausatz 4tlg. - Turijnmagazijn","robots":{"index":"index","follow":"follow","max-snippet":"max-snippet:-1","max-image-preview":"max-image-preview:large","max-video-preview":"max-video-preview:-1"},"canonical":"https:\/\/turijnmagazijn.nl\/de\/produkt\/moc-ziegelrad-und-reifen-im-massstab-18-bausatz-4tlg\/","og_locale":"de_DE","og_type":"article","og_title":"MOC Ziegelrad und Reifen im Ma\u00dfstab 1:8 Bausatz 4tlg. - Turijnmagazijn","og_description":"MOC Ziegelr\u00e4der mit Reifen silberne Radgr\u00f6\u00dfe ist 75x41 und der Reifen ist 88x44","og_url":"https:\/\/turijnmagazijn.nl\/de\/produkt\/moc-ziegelrad-und-reifen-im-massstab-18-bausatz-4tlg\/","og_site_name":"Turijnmagazijn","article_publisher":"https:\/\/www.facebook.com\/turijnmagazijn","article_modified_time":"2025-08-31T14:59:36+00:00","og_image":[{"width":2560,"height":1920,"url":"https:\/\/turijnmagazijn.nl\/wp-content\/uploads\/2025\/08\/MC0109912-MOC-brick-wiel-en-band-18-schaal-bouwset-set-4-st.-nvt-3-scaled.jpg","type":"image\/jpeg"}],"twitter_card":"summary_large_image","schema":{"@context":"https:\/\/schema.org","@graph":[{"@type":"WebPage","@id":"https:\/\/turijnmagazijn.nl\/de\/produkt\/moc-ziegelrad-und-reifen-im-massstab-18-bausatz-4tlg\/","url":"https:\/\/turijnmagazijn.nl\/de\/produkt\/moc-ziegelrad-und-reifen-im-massstab-18-bausatz-4tlg\/","name":"MOC Ziegelrad und Reifen im Ma\u00dfstab 1:8 Bausatz 4tlg. - Turijnmagazijn","isPartOf":{"@id":"https:\/\/turijnmagazijn.jumpstone-dev.nl\/#website"},"primaryImageOfPage":{"@id":"https:\/\/turijnmagazijn.nl\/de\/produkt\/moc-ziegelrad-und-reifen-im-massstab-18-bausatz-4tlg\/#primaryimage"},"image":{"@id":"https:\/\/turijnmagazijn.nl\/de\/produkt\/moc-ziegelrad-und-reifen-im-massstab-18-bausatz-4tlg\/#primaryimage"},"thumbnailUrl":"https:\/\/turijnmagazijn.nl\/wp-content\/uploads\/2025\/08\/MC0109912-MOC-brick-wiel-en-band-18-schaal-bouwset-set-4-st.-nvt-3-scaled.jpg","datePublished":"2025-08-20T19:13:10+00:00","dateModified":"2025-08-31T14:59:36+00:00","breadcrumb":{"@id":"https:\/\/turijnmagazijn.nl\/de\/produkt\/moc-ziegelrad-und-reifen-im-massstab-18-bausatz-4tlg\/#breadcrumb"},"inLanguage":"de","potentialAction":[{"@type":"ReadAction","target":["https:\/\/turijnmagazijn.nl\/de\/produkt\/moc-ziegelrad-und-reifen-im-massstab-18-bausatz-4tlg\/"]}]},{"@type":"ImageObject","inLanguage":"de","@id":"https:\/\/turijnmagazijn.nl\/de\/produkt\/moc-ziegelrad-und-reifen-im-massstab-18-bausatz-4tlg\/#primaryimage","url":"https:\/\/turijnmagazijn.nl\/wp-content\/uploads\/2025\/08\/MC0109912-MOC-brick-wiel-en-band-18-schaal-bouwset-set-4-st.-nvt-3-scaled.jpg","contentUrl":"https:\/\/turijnmagazijn.nl\/wp-content\/uploads\/2025\/08\/MC0109912-MOC-brick-wiel-en-band-18-schaal-bouwset-set-4-st.-nvt-3-scaled.jpg","width":2560,"height":1920},{"@type":"BreadcrumbList","@id":"https:\/\/turijnmagazijn.nl\/de\/produkt\/moc-ziegelrad-und-reifen-im-massstab-18-bausatz-4tlg\/#breadcrumb","itemListElement":[{"@type":"ListItem","position":1,"name":"Home","item":"https:\/\/turijnmagazijn.nl\/de\/"},{"@type":"ListItem","position":2,"name":"Produkte","item":"https:\/\/turijnmagazijn.nl\/de\/shop\/"},{"@type":"ListItem","position":3,"name":"MOC Ziegelrad und Reifen im Ma\u00dfstab 1:8 Bausatz 4tlg."}]},{"@type":"WebSite","@id":"https:\/\/turijnmagazijn.jumpstone-dev.nl\/#website","url":"https:\/\/turijnmagazijn.jumpstone-dev.nl\/","name":"Turijnmagazijn","description":"Onderdelen nieuw en gebruikt - Fiat &amp; Lancia","publisher":{"@id":"https:\/\/turijnmagazijn.jumpstone-dev.nl\/#organization"},"potentialAction":[{"@type":"SearchAction","target":{"@type":"EntryPoint","urlTemplate":"https:\/\/turijnmagazijn.jumpstone-dev.nl\/?s={search_term_string}"},"query-input":{"@type":"PropertyValueSpecification","valueRequired":true,"valueName":"search_term_string"}}],"inLanguage":"de"},{"@type":"Organization","@id":"https:\/\/turijnmagazijn.jumpstone-dev.nl\/#organization","name":"Turijnmagazijn","url":"https:\/\/turijnmagazijn.jumpstone-dev.nl\/","logo":{"@type":"ImageObject","inLanguage":"de","@id":"https:\/\/turijnmagazijn.jumpstone-dev.nl\/#\/schema\/logo\/image\/","url":"https:\/\/turijnmagazijn.nl\/wp-content\/uploads\/2021\/02\/turijnmagazijnlogo.png","contentUrl":"https:\/\/turijnmagazijn.nl\/wp-content\/uploads\/2021\/02\/turijnmagazijnlogo.png","width":555,"height":270,"caption":"Turijnmagazijn"},"image":{"@id":"https:\/\/turijnmagazijn.jumpstone-dev.nl\/#\/schema\/logo\/image\/"},"sameAs":["https:\/\/www.facebook.com\/turijnmagazijn"]}]}},"_links":{"self":[{"href":"https:\/\/turijnmagazijn.nl\/de\/wp-json\/wp\/v2\/product\/94357","targetHints":{"allow":["GET"]}}],"collection":[{"href":"https:\/\/turijnmagazijn.nl\/de\/wp-json\/wp\/v2\/product"}],"about":[{"href":"https:\/\/turijnmagazijn.nl\/de\/wp-json\/wp\/v2\/types\/product"}],"replies":[{"embeddable":true,"href":"https:\/\/turijnmagazijn.nl\/de\/wp-json\/wp\/v2\/comments?post=94357"}],"wp:featuredmedia":[{"embeddable":true,"href":"https:\/\/turijnmagazijn.nl\/de\/wp-json\/wp\/v2\/media\/94142"}],"wp:attachment":[{"href":"https:\/\/turijnmagazijn.nl\/de\/wp-json\/wp\/v2\/media?parent=94357"}],"wp:term":[{"taxonomy":"product_brand","embeddable":true,"href":"https:\/\/turijnmagazijn.nl\/de\/wp-json\/wp\/v2\/product_brand?post=94357"},{"taxonomy":"product_cat","embeddable":true,"href":"https:\/\/turijnmagazijn.nl\/de\/wp-json\/wp\/v2\/product_cat?post=94357"},{"taxonomy":"product_tag","embeddable":true,"href":"https:\/\/turijnmagazijn.nl\/de\/wp-json\/wp\/v2\/product_tag?post=94357"}],"curies":[{"name":"wp","href":"https:\/\/api.w.org\/{rel}","templated":true}]}}