{"id":94360,"date":"2025-08-20T21:07:16","date_gmt":"2025-08-20T19:07:16","guid":{"rendered":"https:\/\/turijnmagazijn.nl\/product\/moc-ziegel-upgrade-nummernschild-ferrari-f40\/"},"modified":"2025-08-20T21:07:16","modified_gmt":"2025-08-20T19:07:16","slug":"moc-ziegel-upgrade-nummernschild-ferrari-f40","status":"publish","type":"product","link":"https:\/\/turijnmagazijn.nl\/de\/produkt\/moc-ziegel-upgrade-nummernschild-ferrari-f40\/","title":{"rendered":"MOC Ziegel Upgrade Nummernschild Ferrari F40"},"content":{"rendered":"<p>Upgrade-Set f\u00fcr diejenigen, die ein MOC Brick Tecnic Kit f\u00fcr den Ferrari F40 gebaut haben. Es handelt sich um Replika-Material mit hervorragender \u00dcbereinstimmung mit dem Original. Das Set besteht aus einer glatten 2&#215;6-Platte in schwarzer Ausf\u00fchrung, die mit einem real existierenden F40-Kennzeichen versehen ist, BN-075-FR, einem Kennzeichen aus der Region Florenz. Das sieht auf Ihrem Bausatz nat\u00fcrlich viel sch\u00f6ner aus als die Standardbezeichnung des Herstellers. Das Set enth\u00e4lt einige wunderbare Extras, die wir aufgrund von Rechten auf dieser Seite nicht zeigen k\u00f6nnen. Es handelt sich um das Logo f\u00fcr die Nase, das Logo f\u00fcr das Heck in Chrombuchstaben und die Logos f\u00fcr die vorderen Kotfl\u00fcgel. Diese sind alle fast exakt im Ma\u00dfstab 1:8 reproduziert. Schlie\u00dflich enth\u00e4lt das Set auch einen gelben runden Spielstein, der in das Lenkrad eingeklickt werden kann und das Logo mit einem t\u00e4nzelnden Pferd zeigt. Mit diesem Set r\u00fcsten Sie Ihren Bausatz zu einer vollst\u00e4ndig korrekten Nachbildung auf.        <\/p>\n","protected":false},"excerpt":{"rendered":"<p>MOC Brick Upgrade Nummernschild Ferrari F40 mit vielen Goodies.<\/p>\n","protected":false},"featured_media":93462,"comment_status":"open","ping_status":"closed","template":"","meta":{"_acf_changed":false},"product_brand":[],"product_cat":[1807,1829,1797],"product_tag":[],"class_list":{"0":"post-94360","1":"product","2":"type-product","3":"status-publish","4":"has-post-thumbnail","6":"product_cat-delta-1-831-de","7":"product_cat-integrale-8v-de","8":"product_cat-lancia-de","9":"pa_soort-onderdeel-schlusselanhanger-und-aufkleber","11":"first","12":"instock","13":"taxable","14":"shipping-taxable","15":"purchasable","16":"product-type-simple"},"acf":[],"yoast_head":"<!-- This site is optimized with the Yoast SEO plugin v27.3 - https:\/\/yoast.com\/product\/yoast-seo-wordpress\/ -->\n<title>MOC Ziegel Upgrade Nummernschild Ferrari F40 - Turijnmagazijn<\/title>\n<meta name=\"robots\" content=\"index, follow, max-snippet:-1, max-image-preview:large, max-video-preview:-1\" \/>\n<link rel=\"canonical\" href=\"https:\/\/turijnmagazijn.nl\/de\/produkt\/moc-ziegel-upgrade-nummernschild-ferrari-f40\/\" \/>\n<meta property=\"og:locale\" content=\"de_DE\" \/>\n<meta property=\"og:type\" content=\"article\" \/>\n<meta property=\"og:title\" content=\"MOC Ziegel Upgrade Nummernschild Ferrari F40 - Turijnmagazijn\" \/>\n<meta property=\"og:description\" content=\"MOC Brick Upgrade Nummernschild Ferrari F40 mit vielen Goodies.\" \/>\n<meta property=\"og:url\" content=\"https:\/\/turijnmagazijn.nl\/de\/produkt\/moc-ziegel-upgrade-nummernschild-ferrari-f40\/\" \/>\n<meta property=\"og:site_name\" content=\"Turijnmagazijn\" \/>\n<meta property=\"article:publisher\" content=\"https:\/\/www.facebook.com\/turijnmagazijn\" \/>\n<meta property=\"og:image\" content=\"https:\/\/turijnmagazijn.nl\/wp-content\/uploads\/2025\/08\/MC0109911-MOC-brick-upgrade-kenteken-Ferrari-F40-2.jpg\" \/>\n\t<meta property=\"og:image:width\" content=\"473\" \/>\n\t<meta property=\"og:image:height\" content=\"422\" \/>\n\t<meta property=\"og:image:type\" content=\"image\/jpeg\" \/>\n<meta name=\"twitter:card\" content=\"summary_large_image\" \/>\n<meta name=\"twitter:label1\" content=\"Gesch\u00e4tzte Lesezeit\" \/>\n\t<meta name=\"twitter:data1\" content=\"1\u00a0Minute\" \/>\n<script type=\"application\/ld+json\" class=\"yoast-schema-graph\">{\"@context\":\"https:\\\/\\\/schema.org\",\"@graph\":[{\"@type\":\"WebPage\",\"@id\":\"https:\\\/\\\/turijnmagazijn.nl\\\/de\\\/produkt\\\/moc-ziegel-upgrade-nummernschild-ferrari-f40\\\/\",\"url\":\"https:\\\/\\\/turijnmagazijn.nl\\\/de\\\/produkt\\\/moc-ziegel-upgrade-nummernschild-ferrari-f40\\\/\",\"name\":\"MOC Ziegel Upgrade Nummernschild Ferrari F40 - Turijnmagazijn\",\"isPartOf\":{\"@id\":\"https:\\\/\\\/turijnmagazijn.jumpstone-dev.nl\\\/#website\"},\"primaryImageOfPage\":{\"@id\":\"https:\\\/\\\/turijnmagazijn.nl\\\/de\\\/produkt\\\/moc-ziegel-upgrade-nummernschild-ferrari-f40\\\/#primaryimage\"},\"image\":{\"@id\":\"https:\\\/\\\/turijnmagazijn.nl\\\/de\\\/produkt\\\/moc-ziegel-upgrade-nummernschild-ferrari-f40\\\/#primaryimage\"},\"thumbnailUrl\":\"https:\\\/\\\/turijnmagazijn.nl\\\/wp-content\\\/uploads\\\/2025\\\/08\\\/MC0109911-MOC-brick-upgrade-kenteken-Ferrari-F40-2.jpg\",\"datePublished\":\"2025-08-20T19:07:16+00:00\",\"breadcrumb\":{\"@id\":\"https:\\\/\\\/turijnmagazijn.nl\\\/de\\\/produkt\\\/moc-ziegel-upgrade-nummernschild-ferrari-f40\\\/#breadcrumb\"},\"inLanguage\":\"de\",\"potentialAction\":[{\"@type\":\"ReadAction\",\"target\":[\"https:\\\/\\\/turijnmagazijn.nl\\\/de\\\/produkt\\\/moc-ziegel-upgrade-nummernschild-ferrari-f40\\\/\"]}]},{\"@type\":\"ImageObject\",\"inLanguage\":\"de\",\"@id\":\"https:\\\/\\\/turijnmagazijn.nl\\\/de\\\/produkt\\\/moc-ziegel-upgrade-nummernschild-ferrari-f40\\\/#primaryimage\",\"url\":\"https:\\\/\\\/turijnmagazijn.nl\\\/wp-content\\\/uploads\\\/2025\\\/08\\\/MC0109911-MOC-brick-upgrade-kenteken-Ferrari-F40-2.jpg\",\"contentUrl\":\"https:\\\/\\\/turijnmagazijn.nl\\\/wp-content\\\/uploads\\\/2025\\\/08\\\/MC0109911-MOC-brick-upgrade-kenteken-Ferrari-F40-2.jpg\",\"width\":473,\"height\":422},{\"@type\":\"BreadcrumbList\",\"@id\":\"https:\\\/\\\/turijnmagazijn.nl\\\/de\\\/produkt\\\/moc-ziegel-upgrade-nummernschild-ferrari-f40\\\/#breadcrumb\",\"itemListElement\":[{\"@type\":\"ListItem\",\"position\":1,\"name\":\"Home\",\"item\":\"https:\\\/\\\/turijnmagazijn.nl\\\/de\\\/\"},{\"@type\":\"ListItem\",\"position\":2,\"name\":\"Produkte\",\"item\":\"https:\\\/\\\/turijnmagazijn.nl\\\/de\\\/shop\\\/\"},{\"@type\":\"ListItem\",\"position\":3,\"name\":\"MOC Ziegel Upgrade Nummernschild Ferrari F40\"}]},{\"@type\":\"WebSite\",\"@id\":\"https:\\\/\\\/turijnmagazijn.jumpstone-dev.nl\\\/#website\",\"url\":\"https:\\\/\\\/turijnmagazijn.jumpstone-dev.nl\\\/\",\"name\":\"Turijnmagazijn\",\"description\":\"Onderdelen nieuw en gebruikt - Fiat &amp; Lancia\",\"publisher\":{\"@id\":\"https:\\\/\\\/turijnmagazijn.jumpstone-dev.nl\\\/#organization\"},\"potentialAction\":[{\"@type\":\"SearchAction\",\"target\":{\"@type\":\"EntryPoint\",\"urlTemplate\":\"https:\\\/\\\/turijnmagazijn.jumpstone-dev.nl\\\/?s={search_term_string}\"},\"query-input\":{\"@type\":\"PropertyValueSpecification\",\"valueRequired\":true,\"valueName\":\"search_term_string\"}}],\"inLanguage\":\"de\"},{\"@type\":\"Organization\",\"@id\":\"https:\\\/\\\/turijnmagazijn.jumpstone-dev.nl\\\/#organization\",\"name\":\"Turijnmagazijn\",\"url\":\"https:\\\/\\\/turijnmagazijn.jumpstone-dev.nl\\\/\",\"logo\":{\"@type\":\"ImageObject\",\"inLanguage\":\"de\",\"@id\":\"https:\\\/\\\/turijnmagazijn.jumpstone-dev.nl\\\/#\\\/schema\\\/logo\\\/image\\\/\",\"url\":\"https:\\\/\\\/turijnmagazijn.nl\\\/wp-content\\\/uploads\\\/2021\\\/02\\\/turijnmagazijnlogo.png\",\"contentUrl\":\"https:\\\/\\\/turijnmagazijn.nl\\\/wp-content\\\/uploads\\\/2021\\\/02\\\/turijnmagazijnlogo.png\",\"width\":555,\"height\":270,\"caption\":\"Turijnmagazijn\"},\"image\":{\"@id\":\"https:\\\/\\\/turijnmagazijn.jumpstone-dev.nl\\\/#\\\/schema\\\/logo\\\/image\\\/\"},\"sameAs\":[\"https:\\\/\\\/www.facebook.com\\\/turijnmagazijn\"]}]}<\/script>\n<!-- \/ Yoast SEO plugin. -->","yoast_head_json":{"title":"MOC Ziegel Upgrade Nummernschild Ferrari F40 - Turijnmagazijn","robots":{"index":"index","follow":"follow","max-snippet":"max-snippet:-1","max-image-preview":"max-image-preview:large","max-video-preview":"max-video-preview:-1"},"canonical":"https:\/\/turijnmagazijn.nl\/de\/produkt\/moc-ziegel-upgrade-nummernschild-ferrari-f40\/","og_locale":"de_DE","og_type":"article","og_title":"MOC Ziegel Upgrade Nummernschild Ferrari F40 - Turijnmagazijn","og_description":"MOC Brick Upgrade Nummernschild Ferrari F40 mit vielen Goodies.","og_url":"https:\/\/turijnmagazijn.nl\/de\/produkt\/moc-ziegel-upgrade-nummernschild-ferrari-f40\/","og_site_name":"Turijnmagazijn","article_publisher":"https:\/\/www.facebook.com\/turijnmagazijn","og_image":[{"width":473,"height":422,"url":"https:\/\/turijnmagazijn.nl\/wp-content\/uploads\/2025\/08\/MC0109911-MOC-brick-upgrade-kenteken-Ferrari-F40-2.jpg","type":"image\/jpeg"}],"twitter_card":"summary_large_image","twitter_misc":{"Gesch\u00e4tzte Lesezeit":"1\u00a0Minute"},"schema":{"@context":"https:\/\/schema.org","@graph":[{"@type":"WebPage","@id":"https:\/\/turijnmagazijn.nl\/de\/produkt\/moc-ziegel-upgrade-nummernschild-ferrari-f40\/","url":"https:\/\/turijnmagazijn.nl\/de\/produkt\/moc-ziegel-upgrade-nummernschild-ferrari-f40\/","name":"MOC Ziegel Upgrade Nummernschild Ferrari F40 - Turijnmagazijn","isPartOf":{"@id":"https:\/\/turijnmagazijn.jumpstone-dev.nl\/#website"},"primaryImageOfPage":{"@id":"https:\/\/turijnmagazijn.nl\/de\/produkt\/moc-ziegel-upgrade-nummernschild-ferrari-f40\/#primaryimage"},"image":{"@id":"https:\/\/turijnmagazijn.nl\/de\/produkt\/moc-ziegel-upgrade-nummernschild-ferrari-f40\/#primaryimage"},"thumbnailUrl":"https:\/\/turijnmagazijn.nl\/wp-content\/uploads\/2025\/08\/MC0109911-MOC-brick-upgrade-kenteken-Ferrari-F40-2.jpg","datePublished":"2025-08-20T19:07:16+00:00","breadcrumb":{"@id":"https:\/\/turijnmagazijn.nl\/de\/produkt\/moc-ziegel-upgrade-nummernschild-ferrari-f40\/#breadcrumb"},"inLanguage":"de","potentialAction":[{"@type":"ReadAction","target":["https:\/\/turijnmagazijn.nl\/de\/produkt\/moc-ziegel-upgrade-nummernschild-ferrari-f40\/"]}]},{"@type":"ImageObject","inLanguage":"de","@id":"https:\/\/turijnmagazijn.nl\/de\/produkt\/moc-ziegel-upgrade-nummernschild-ferrari-f40\/#primaryimage","url":"https:\/\/turijnmagazijn.nl\/wp-content\/uploads\/2025\/08\/MC0109911-MOC-brick-upgrade-kenteken-Ferrari-F40-2.jpg","contentUrl":"https:\/\/turijnmagazijn.nl\/wp-content\/uploads\/2025\/08\/MC0109911-MOC-brick-upgrade-kenteken-Ferrari-F40-2.jpg","width":473,"height":422},{"@type":"BreadcrumbList","@id":"https:\/\/turijnmagazijn.nl\/de\/produkt\/moc-ziegel-upgrade-nummernschild-ferrari-f40\/#breadcrumb","itemListElement":[{"@type":"ListItem","position":1,"name":"Home","item":"https:\/\/turijnmagazijn.nl\/de\/"},{"@type":"ListItem","position":2,"name":"Produkte","item":"https:\/\/turijnmagazijn.nl\/de\/shop\/"},{"@type":"ListItem","position":3,"name":"MOC Ziegel Upgrade Nummernschild Ferrari F40"}]},{"@type":"WebSite","@id":"https:\/\/turijnmagazijn.jumpstone-dev.nl\/#website","url":"https:\/\/turijnmagazijn.jumpstone-dev.nl\/","name":"Turijnmagazijn","description":"Onderdelen nieuw en gebruikt - Fiat &amp; Lancia","publisher":{"@id":"https:\/\/turijnmagazijn.jumpstone-dev.nl\/#organization"},"potentialAction":[{"@type":"SearchAction","target":{"@type":"EntryPoint","urlTemplate":"https:\/\/turijnmagazijn.jumpstone-dev.nl\/?s={search_term_string}"},"query-input":{"@type":"PropertyValueSpecification","valueRequired":true,"valueName":"search_term_string"}}],"inLanguage":"de"},{"@type":"Organization","@id":"https:\/\/turijnmagazijn.jumpstone-dev.nl\/#organization","name":"Turijnmagazijn","url":"https:\/\/turijnmagazijn.jumpstone-dev.nl\/","logo":{"@type":"ImageObject","inLanguage":"de","@id":"https:\/\/turijnmagazijn.jumpstone-dev.nl\/#\/schema\/logo\/image\/","url":"https:\/\/turijnmagazijn.nl\/wp-content\/uploads\/2021\/02\/turijnmagazijnlogo.png","contentUrl":"https:\/\/turijnmagazijn.nl\/wp-content\/uploads\/2021\/02\/turijnmagazijnlogo.png","width":555,"height":270,"caption":"Turijnmagazijn"},"image":{"@id":"https:\/\/turijnmagazijn.jumpstone-dev.nl\/#\/schema\/logo\/image\/"},"sameAs":["https:\/\/www.facebook.com\/turijnmagazijn"]}]}},"_links":{"self":[{"href":"https:\/\/turijnmagazijn.nl\/de\/wp-json\/wp\/v2\/product\/94360","targetHints":{"allow":["GET"]}}],"collection":[{"href":"https:\/\/turijnmagazijn.nl\/de\/wp-json\/wp\/v2\/product"}],"about":[{"href":"https:\/\/turijnmagazijn.nl\/de\/wp-json\/wp\/v2\/types\/product"}],"replies":[{"embeddable":true,"href":"https:\/\/turijnmagazijn.nl\/de\/wp-json\/wp\/v2\/comments?post=94360"}],"wp:featuredmedia":[{"embeddable":true,"href":"https:\/\/turijnmagazijn.nl\/de\/wp-json\/wp\/v2\/media\/93462"}],"wp:attachment":[{"href":"https:\/\/turijnmagazijn.nl\/de\/wp-json\/wp\/v2\/media?parent=94360"}],"wp:term":[{"taxonomy":"product_brand","embeddable":true,"href":"https:\/\/turijnmagazijn.nl\/de\/wp-json\/wp\/v2\/product_brand?post=94360"},{"taxonomy":"product_cat","embeddable":true,"href":"https:\/\/turijnmagazijn.nl\/de\/wp-json\/wp\/v2\/product_cat?post=94360"},{"taxonomy":"product_tag","embeddable":true,"href":"https:\/\/turijnmagazijn.nl\/de\/wp-json\/wp\/v2\/product_tag?post=94360"}],"curies":[{"name":"wp","href":"https:\/\/api.w.org\/{rel}","templated":true}]}}