{"id":94474,"date":"2025-09-26T19:44:17","date_gmt":"2025-09-26T17:44:17","guid":{"rendered":"https:\/\/turijnmagazijn.nl\/?post_type=product&#038;p=94474"},"modified":"2025-11-17T09:25:24","modified_gmt":"2025-11-17T08:25:24","slug":"instrumententafel-lancia-kappa-2-0-20v-kopie-kopie-2","status":"publish","type":"product","link":"https:\/\/turijnmagazijn.nl\/de\/produkt\/instrumententafel-lancia-kappa-2-0-20v-kopie-kopie-2\/","title":{"rendered":"Armaturenbrett Lancia Kappa 2.4 JTD"},"content":{"rendered":"<p>Gebrauchte Instrumententafel zum Einbau in das Armaturenbrett von Veglia Borletti f\u00fcr Lancia Kappa mit diesem Motor: 2.4 JTD. die zweite Generation der Dieselmotoren im Kappa also. <\/p>\n<p>Abgeleitet von einer Limousine von Baujahr: 1998<\/p>\n<p>Gilt f\u00fcr alle Modelle von Kappa, die mit diesem Motor ausgestattet sind. Der Z\u00e4hler ist in gutem Zustand. <\/p>\n<p>Ausgestattet mit Kilometerz\u00e4hler bis 260 km\/h, Tankanzeige, K\u00fchlmitteltemperaturanzeige, Voltmeter und Drehzahlmesser bis 6000 U\/min mit rotem Drehzahlbereich ab 5000 U\/min.<\/p>\n<p>Betrifft ein Ger\u00e4t mit einer dunklen Anzeigevariante, siehe unsere Erkl\u00e4rungsseite zu Instrumententafelvarianten f\u00fcr Lancia Kappa unter diesem Link:<\/p>\n<p><a href=\"https:\/\/turijnmagazijn.nl\/lancia-kappa-instrumentenpaneel-vervangen\/\">Lancia Kappa Instrumententafel ersetzen<\/a><\/p>\n<p>Der Z\u00e4hlerstand dieses Z\u00e4hlers ist unbekannt.<\/p>\n<p>Alle Funktionen funktionieren einwandfrei.<\/p>\n<p>OEM Lancia 46519694<\/p>\n<p>Thekenschrank Lancia Kappa<\/p>\n","protected":false},"excerpt":{"rendered":"<p>46519694 Instrumententafel Lancia Kappa &#8211; Instrumententafel zum Einbau in das Armaturenbrett Veglia Borletti f\u00fcr Lancia Kappa. Armaturenbrett Lancia Kappa. <\/p>\n","protected":false},"featured_media":94744,"comment_status":"open","ping_status":"closed","template":"","meta":{"_acf_changed":false},"product_brand":[],"product_cat":[1864,1867,1859,1797,1869],"product_tag":[],"class_list":{"0":"post-94474","1":"product","2":"type-product","3":"status-publish","4":"has-post-thumbnail","6":"product_cat-berlina-de","7":"product_cat-coupe-de","8":"product_cat-kappa-838-de","9":"product_cat-lancia-de","10":"product_cat-sw-de","11":"pa_soort-onderdeel-dashboard-und-schalter","13":"first","14":"instock","15":"shipping-taxable","16":"purchasable","17":"product-type-simple"},"acf":[],"yoast_head":"<!-- This site is optimized with the Yoast SEO plugin v27.2 - https:\/\/yoast.com\/product\/yoast-seo-wordpress\/ -->\n<title>Armaturenbrett Lancia Kappa 2.4 JTD - Turijnmagazijn<\/title>\n<meta name=\"robots\" content=\"index, follow, max-snippet:-1, max-image-preview:large, max-video-preview:-1\" \/>\n<link rel=\"canonical\" href=\"https:\/\/turijnmagazijn.nl\/de\/produkt\/instrumententafel-lancia-kappa-2-0-20v-kopie-kopie-2\/\" \/>\n<meta property=\"og:locale\" content=\"de_DE\" \/>\n<meta property=\"og:type\" content=\"article\" \/>\n<meta property=\"og:title\" content=\"Armaturenbrett Lancia Kappa 2.4 JTD - Turijnmagazijn\" \/>\n<meta property=\"og:description\" content=\"46519694 Instrumententafel Lancia Kappa - Instrumententafel zum Einbau in das Armaturenbrett Veglia Borletti f\u00fcr Lancia Kappa. Armaturenbrett Lancia Kappa.\" \/>\n<meta property=\"og:url\" content=\"https:\/\/turijnmagazijn.nl\/de\/produkt\/instrumententafel-lancia-kappa-2-0-20v-kopie-kopie-2\/\" \/>\n<meta property=\"og:site_name\" content=\"Turijnmagazijn\" \/>\n<meta property=\"article:publisher\" content=\"https:\/\/www.facebook.com\/turijnmagazijn\" \/>\n<meta property=\"article:modified_time\" content=\"2025-11-17T08:25:24+00:00\" \/>\n<meta property=\"og:image\" content=\"https:\/\/turijnmagazijn.nl\/wp-content\/uploads\/2025\/09\/DK0102766-Instrumentenpaneel-Lancia-Kappa-2.4-JTD-46519694-3.jpg\" \/>\n\t<meta property=\"og:image:width\" content=\"1024\" \/>\n\t<meta property=\"og:image:height\" content=\"768\" \/>\n\t<meta property=\"og:image:type\" content=\"image\/jpeg\" \/>\n<meta name=\"twitter:card\" content=\"summary_large_image\" \/>\n<meta name=\"twitter:label1\" content=\"Gesch\u00e4tzte Lesezeit\" \/>\n\t<meta name=\"twitter:data1\" content=\"1\u00a0Minute\" \/>\n<script type=\"application\/ld+json\" class=\"yoast-schema-graph\">{\"@context\":\"https:\/\/schema.org\",\"@graph\":[{\"@type\":\"WebPage\",\"@id\":\"https:\/\/turijnmagazijn.nl\/de\/produkt\/instrumententafel-lancia-kappa-2-0-20v-kopie-kopie-2\/\",\"url\":\"https:\/\/turijnmagazijn.nl\/de\/produkt\/instrumententafel-lancia-kappa-2-0-20v-kopie-kopie-2\/\",\"name\":\"Armaturenbrett Lancia Kappa 2.4 JTD - Turijnmagazijn\",\"isPartOf\":{\"@id\":\"https:\/\/turijnmagazijn.jumpstone-dev.nl\/#website\"},\"primaryImageOfPage\":{\"@id\":\"https:\/\/turijnmagazijn.nl\/de\/produkt\/instrumententafel-lancia-kappa-2-0-20v-kopie-kopie-2\/#primaryimage\"},\"image\":{\"@id\":\"https:\/\/turijnmagazijn.nl\/de\/produkt\/instrumententafel-lancia-kappa-2-0-20v-kopie-kopie-2\/#primaryimage\"},\"thumbnailUrl\":\"https:\/\/turijnmagazijn.nl\/wp-content\/uploads\/2025\/09\/DK0102766-Instrumentenpaneel-Lancia-Kappa-2.4-JTD-46519694-3.jpg\",\"datePublished\":\"2025-09-26T17:44:17+00:00\",\"dateModified\":\"2025-11-17T08:25:24+00:00\",\"breadcrumb\":{\"@id\":\"https:\/\/turijnmagazijn.nl\/de\/produkt\/instrumententafel-lancia-kappa-2-0-20v-kopie-kopie-2\/#breadcrumb\"},\"inLanguage\":\"de\",\"potentialAction\":[{\"@type\":\"ReadAction\",\"target\":[\"https:\/\/turijnmagazijn.nl\/de\/produkt\/instrumententafel-lancia-kappa-2-0-20v-kopie-kopie-2\/\"]}]},{\"@type\":\"ImageObject\",\"inLanguage\":\"de\",\"@id\":\"https:\/\/turijnmagazijn.nl\/de\/produkt\/instrumententafel-lancia-kappa-2-0-20v-kopie-kopie-2\/#primaryimage\",\"url\":\"https:\/\/turijnmagazijn.nl\/wp-content\/uploads\/2025\/09\/DK0102766-Instrumentenpaneel-Lancia-Kappa-2.4-JTD-46519694-3.jpg\",\"contentUrl\":\"https:\/\/turijnmagazijn.nl\/wp-content\/uploads\/2025\/09\/DK0102766-Instrumentenpaneel-Lancia-Kappa-2.4-JTD-46519694-3.jpg\",\"width\":1024,\"height\":768},{\"@type\":\"BreadcrumbList\",\"@id\":\"https:\/\/turijnmagazijn.nl\/de\/produkt\/instrumententafel-lancia-kappa-2-0-20v-kopie-kopie-2\/#breadcrumb\",\"itemListElement\":[{\"@type\":\"ListItem\",\"position\":1,\"name\":\"Home\",\"item\":\"https:\/\/turijnmagazijn.nl\/de\/\"},{\"@type\":\"ListItem\",\"position\":2,\"name\":\"Produkte\",\"item\":\"https:\/\/turijnmagazijn.nl\/de\/shop\/\"},{\"@type\":\"ListItem\",\"position\":3,\"name\":\"Armaturenbrett Lancia Kappa 2.4 JTD\"}]},{\"@type\":\"WebSite\",\"@id\":\"https:\/\/turijnmagazijn.jumpstone-dev.nl\/#website\",\"url\":\"https:\/\/turijnmagazijn.jumpstone-dev.nl\/\",\"name\":\"Turijnmagazijn\",\"description\":\"Onderdelen nieuw en gebruikt - Fiat &amp; Lancia\",\"publisher\":{\"@id\":\"https:\/\/turijnmagazijn.jumpstone-dev.nl\/#organization\"},\"potentialAction\":[{\"@type\":\"SearchAction\",\"target\":{\"@type\":\"EntryPoint\",\"urlTemplate\":\"https:\/\/turijnmagazijn.jumpstone-dev.nl\/?s={search_term_string}\"},\"query-input\":{\"@type\":\"PropertyValueSpecification\",\"valueRequired\":true,\"valueName\":\"search_term_string\"}}],\"inLanguage\":\"de\"},{\"@type\":\"Organization\",\"@id\":\"https:\/\/turijnmagazijn.jumpstone-dev.nl\/#organization\",\"name\":\"Turijnmagazijn\",\"url\":\"https:\/\/turijnmagazijn.jumpstone-dev.nl\/\",\"logo\":{\"@type\":\"ImageObject\",\"inLanguage\":\"de\",\"@id\":\"https:\/\/turijnmagazijn.jumpstone-dev.nl\/#\/schema\/logo\/image\/\",\"url\":\"https:\/\/turijnmagazijn.nl\/wp-content\/uploads\/2021\/02\/turijnmagazijnlogo.png\",\"contentUrl\":\"https:\/\/turijnmagazijn.nl\/wp-content\/uploads\/2021\/02\/turijnmagazijnlogo.png\",\"width\":555,\"height\":270,\"caption\":\"Turijnmagazijn\"},\"image\":{\"@id\":\"https:\/\/turijnmagazijn.jumpstone-dev.nl\/#\/schema\/logo\/image\/\"},\"sameAs\":[\"https:\/\/www.facebook.com\/turijnmagazijn\"]}]}<\/script>\n<!-- \/ Yoast SEO plugin. -->","yoast_head_json":{"title":"Armaturenbrett Lancia Kappa 2.4 JTD - Turijnmagazijn","robots":{"index":"index","follow":"follow","max-snippet":"max-snippet:-1","max-image-preview":"max-image-preview:large","max-video-preview":"max-video-preview:-1"},"canonical":"https:\/\/turijnmagazijn.nl\/de\/produkt\/instrumententafel-lancia-kappa-2-0-20v-kopie-kopie-2\/","og_locale":"de_DE","og_type":"article","og_title":"Armaturenbrett Lancia Kappa 2.4 JTD - Turijnmagazijn","og_description":"46519694 Instrumententafel Lancia Kappa - Instrumententafel zum Einbau in das Armaturenbrett Veglia Borletti f\u00fcr Lancia Kappa. Armaturenbrett Lancia Kappa.","og_url":"https:\/\/turijnmagazijn.nl\/de\/produkt\/instrumententafel-lancia-kappa-2-0-20v-kopie-kopie-2\/","og_site_name":"Turijnmagazijn","article_publisher":"https:\/\/www.facebook.com\/turijnmagazijn","article_modified_time":"2025-11-17T08:25:24+00:00","og_image":[{"width":1024,"height":768,"url":"https:\/\/turijnmagazijn.nl\/wp-content\/uploads\/2025\/09\/DK0102766-Instrumentenpaneel-Lancia-Kappa-2.4-JTD-46519694-3.jpg","type":"image\/jpeg"}],"twitter_card":"summary_large_image","twitter_misc":{"Gesch\u00e4tzte Lesezeit":"1\u00a0Minute"},"schema":{"@context":"https:\/\/schema.org","@graph":[{"@type":"WebPage","@id":"https:\/\/turijnmagazijn.nl\/de\/produkt\/instrumententafel-lancia-kappa-2-0-20v-kopie-kopie-2\/","url":"https:\/\/turijnmagazijn.nl\/de\/produkt\/instrumententafel-lancia-kappa-2-0-20v-kopie-kopie-2\/","name":"Armaturenbrett Lancia Kappa 2.4 JTD - Turijnmagazijn","isPartOf":{"@id":"https:\/\/turijnmagazijn.jumpstone-dev.nl\/#website"},"primaryImageOfPage":{"@id":"https:\/\/turijnmagazijn.nl\/de\/produkt\/instrumententafel-lancia-kappa-2-0-20v-kopie-kopie-2\/#primaryimage"},"image":{"@id":"https:\/\/turijnmagazijn.nl\/de\/produkt\/instrumententafel-lancia-kappa-2-0-20v-kopie-kopie-2\/#primaryimage"},"thumbnailUrl":"https:\/\/turijnmagazijn.nl\/wp-content\/uploads\/2025\/09\/DK0102766-Instrumentenpaneel-Lancia-Kappa-2.4-JTD-46519694-3.jpg","datePublished":"2025-09-26T17:44:17+00:00","dateModified":"2025-11-17T08:25:24+00:00","breadcrumb":{"@id":"https:\/\/turijnmagazijn.nl\/de\/produkt\/instrumententafel-lancia-kappa-2-0-20v-kopie-kopie-2\/#breadcrumb"},"inLanguage":"de","potentialAction":[{"@type":"ReadAction","target":["https:\/\/turijnmagazijn.nl\/de\/produkt\/instrumententafel-lancia-kappa-2-0-20v-kopie-kopie-2\/"]}]},{"@type":"ImageObject","inLanguage":"de","@id":"https:\/\/turijnmagazijn.nl\/de\/produkt\/instrumententafel-lancia-kappa-2-0-20v-kopie-kopie-2\/#primaryimage","url":"https:\/\/turijnmagazijn.nl\/wp-content\/uploads\/2025\/09\/DK0102766-Instrumentenpaneel-Lancia-Kappa-2.4-JTD-46519694-3.jpg","contentUrl":"https:\/\/turijnmagazijn.nl\/wp-content\/uploads\/2025\/09\/DK0102766-Instrumentenpaneel-Lancia-Kappa-2.4-JTD-46519694-3.jpg","width":1024,"height":768},{"@type":"BreadcrumbList","@id":"https:\/\/turijnmagazijn.nl\/de\/produkt\/instrumententafel-lancia-kappa-2-0-20v-kopie-kopie-2\/#breadcrumb","itemListElement":[{"@type":"ListItem","position":1,"name":"Home","item":"https:\/\/turijnmagazijn.nl\/de\/"},{"@type":"ListItem","position":2,"name":"Produkte","item":"https:\/\/turijnmagazijn.nl\/de\/shop\/"},{"@type":"ListItem","position":3,"name":"Armaturenbrett Lancia Kappa 2.4 JTD"}]},{"@type":"WebSite","@id":"https:\/\/turijnmagazijn.jumpstone-dev.nl\/#website","url":"https:\/\/turijnmagazijn.jumpstone-dev.nl\/","name":"Turijnmagazijn","description":"Onderdelen nieuw en gebruikt - Fiat &amp; Lancia","publisher":{"@id":"https:\/\/turijnmagazijn.jumpstone-dev.nl\/#organization"},"potentialAction":[{"@type":"SearchAction","target":{"@type":"EntryPoint","urlTemplate":"https:\/\/turijnmagazijn.jumpstone-dev.nl\/?s={search_term_string}"},"query-input":{"@type":"PropertyValueSpecification","valueRequired":true,"valueName":"search_term_string"}}],"inLanguage":"de"},{"@type":"Organization","@id":"https:\/\/turijnmagazijn.jumpstone-dev.nl\/#organization","name":"Turijnmagazijn","url":"https:\/\/turijnmagazijn.jumpstone-dev.nl\/","logo":{"@type":"ImageObject","inLanguage":"de","@id":"https:\/\/turijnmagazijn.jumpstone-dev.nl\/#\/schema\/logo\/image\/","url":"https:\/\/turijnmagazijn.nl\/wp-content\/uploads\/2021\/02\/turijnmagazijnlogo.png","contentUrl":"https:\/\/turijnmagazijn.nl\/wp-content\/uploads\/2021\/02\/turijnmagazijnlogo.png","width":555,"height":270,"caption":"Turijnmagazijn"},"image":{"@id":"https:\/\/turijnmagazijn.jumpstone-dev.nl\/#\/schema\/logo\/image\/"},"sameAs":["https:\/\/www.facebook.com\/turijnmagazijn"]}]}},"_links":{"self":[{"href":"https:\/\/turijnmagazijn.nl\/de\/wp-json\/wp\/v2\/product\/94474","targetHints":{"allow":["GET"]}}],"collection":[{"href":"https:\/\/turijnmagazijn.nl\/de\/wp-json\/wp\/v2\/product"}],"about":[{"href":"https:\/\/turijnmagazijn.nl\/de\/wp-json\/wp\/v2\/types\/product"}],"replies":[{"embeddable":true,"href":"https:\/\/turijnmagazijn.nl\/de\/wp-json\/wp\/v2\/comments?post=94474"}],"wp:featuredmedia":[{"embeddable":true,"href":"https:\/\/turijnmagazijn.nl\/de\/wp-json\/wp\/v2\/media\/94744"}],"wp:attachment":[{"href":"https:\/\/turijnmagazijn.nl\/de\/wp-json\/wp\/v2\/media?parent=94474"}],"wp:term":[{"taxonomy":"product_brand","embeddable":true,"href":"https:\/\/turijnmagazijn.nl\/de\/wp-json\/wp\/v2\/product_brand?post=94474"},{"taxonomy":"product_cat","embeddable":true,"href":"https:\/\/turijnmagazijn.nl\/de\/wp-json\/wp\/v2\/product_cat?post=94474"},{"taxonomy":"product_tag","embeddable":true,"href":"https:\/\/turijnmagazijn.nl\/de\/wp-json\/wp\/v2\/product_tag?post=94474"}],"curies":[{"name":"wp","href":"https:\/\/api.w.org\/{rel}","templated":true}]}}