{"id":94707,"date":"2025-10-03T13:46:14","date_gmt":"2025-10-03T11:46:14","guid":{"rendered":"https:\/\/turijnmagazijn.nl\/?post_type=product&#038;p=94707"},"modified":"2025-11-13T12:12:49","modified_gmt":"2025-11-13T11:12:49","slug":"ds010-dummy-lancia-delta-integrale-neu-original-kopie-6","status":"publish","type":"product","link":"https:\/\/turijnmagazijn.nl\/de\/produkt\/ds010-dummy-lancia-delta-integrale-neu-original-kopie-6\/","title":{"rendered":"Lancia Logo Schl\u00fcsselanh\u00e4nger Emaille au\u00dfergew\u00f6hnliche Qualit\u00e4t"},"content":{"rendered":"<p>Neuer Schl\u00fcsselanh\u00e4nger. Nur 1 auf Lager. Der sch\u00f6nste Lancia-Logo-Schl\u00fcsselanh\u00e4nger, den ich je gesehen habe.  <\/p>\n<p>Es handelt sich um das Logo aus den 80-90er Jahren in Emaille mit Wei\u00df und Blau.<\/p>\n<p>Strapazierf\u00e4hige Qualit\u00e4t, auf der R\u00fcckseite befindet sich noch eine Schutzfolie.<\/p>\n<p>eignet sich auch f\u00fcr eine Gravur auf der R\u00fcckseite, ist aber jetzt leer.<\/p>\n<p>Gr\u00f6\u00dfe des Logos: 38 x 40 mm<\/p>\n","protected":false},"excerpt":{"rendered":"<p>Schl\u00fcsselanh\u00e4nger mit Lancia-Logo in Emaille-Qualit\u00e4t 90er Jahre.<\/p>\n","protected":false},"featured_media":94729,"comment_status":"closed","ping_status":"closed","template":"","meta":{"_acf_changed":false},"product_brand":[],"product_cat":[1811,1847,1849,1864,1867,1803,1807,1844,1817,1822,1826,1834,1829,1839,1859,1797,1874,1883,1869,1878,1905,1912,1913],"product_tag":[],"class_list":{"0":"post-94707","1":"product","2":"type-product","3":"status-publish","4":"has-post-thumbnail","6":"product_cat-1-1-1-3-1-5-de","7":"product_cat-3-deurs-hpe-de","8":"product_cat-5-deurs-de","9":"product_cat-berlina-de","10":"product_cat-coupe-de","11":"product_cat-dedra-835-de","12":"product_cat-delta-1-831-de","13":"product_cat-delta-2-836-de","14":"product_cat-gt-i-e-de","15":"product_cat-hf-4wd-de","16":"product_cat-hf-turbo-de","17":"product_cat-integrale-16v-de","18":"product_cat-integrale-8v-de","19":"product_cat-integrale-evo-de","20":"product_cat-kappa-838-de","21":"product_cat-lancia-de","22":"product_cat-lybra-839-de","23":"product_cat-sedan-lybra-839-de","24":"product_cat-sw-de","25":"product_cat-sw-lybra-839-de","26":"product_cat-thesis-841-de","27":"product_cat-y10-156-de","28":"product_cat-ypsilon-1-840-de","29":"pa_soort-onderdeel-schlusselanhanger-und-aufkleber","31":"first","32":"instock","33":"shipping-taxable","34":"purchasable","35":"product-type-simple"},"acf":[],"yoast_head":"<!-- This site is optimized with the Yoast SEO plugin v27.2 - https:\/\/yoast.com\/product\/yoast-seo-wordpress\/ -->\n<title>Lancia Logo Schl\u00fcsselanh\u00e4nger Emaille au\u00dfergew\u00f6hnliche Qualit\u00e4t - Turijnmagazijn<\/title>\n<meta name=\"robots\" content=\"index, follow, max-snippet:-1, max-image-preview:large, max-video-preview:-1\" \/>\n<link rel=\"canonical\" href=\"https:\/\/turijnmagazijn.nl\/de\/produkt\/ds010-dummy-lancia-delta-integrale-neu-original-kopie-6\/\" \/>\n<meta property=\"og:locale\" content=\"de_DE\" \/>\n<meta property=\"og:type\" content=\"article\" \/>\n<meta property=\"og:title\" content=\"Lancia Logo Schl\u00fcsselanh\u00e4nger Emaille au\u00dfergew\u00f6hnliche Qualit\u00e4t - Turijnmagazijn\" \/>\n<meta property=\"og:description\" content=\"Schl\u00fcsselanh\u00e4nger mit Lancia-Logo in Emaille-Qualit\u00e4t 90er Jahre.\" \/>\n<meta property=\"og:url\" content=\"https:\/\/turijnmagazijn.nl\/de\/produkt\/ds010-dummy-lancia-delta-integrale-neu-original-kopie-6\/\" \/>\n<meta property=\"og:site_name\" content=\"Turijnmagazijn\" \/>\n<meta property=\"article:publisher\" content=\"https:\/\/www.facebook.com\/turijnmagazijn\" \/>\n<meta property=\"article:modified_time\" content=\"2025-11-13T11:12:49+00:00\" \/>\n<meta name=\"twitter:card\" content=\"summary_large_image\" \/>\n<script type=\"application\/ld+json\" class=\"yoast-schema-graph\">{\"@context\":\"https:\/\/schema.org\",\"@graph\":[{\"@type\":\"WebPage\",\"@id\":\"https:\/\/turijnmagazijn.nl\/de\/produkt\/ds010-dummy-lancia-delta-integrale-neu-original-kopie-6\/\",\"url\":\"https:\/\/turijnmagazijn.nl\/de\/produkt\/ds010-dummy-lancia-delta-integrale-neu-original-kopie-6\/\",\"name\":\"Lancia Logo Schl\u00fcsselanh\u00e4nger Emaille au\u00dfergew\u00f6hnliche Qualit\u00e4t - Turijnmagazijn\",\"isPartOf\":{\"@id\":\"https:\/\/turijnmagazijn.jumpstone-dev.nl\/#website\"},\"primaryImageOfPage\":{\"@id\":\"https:\/\/turijnmagazijn.nl\/de\/produkt\/ds010-dummy-lancia-delta-integrale-neu-original-kopie-6\/#primaryimage\"},\"image\":{\"@id\":\"https:\/\/turijnmagazijn.nl\/de\/produkt\/ds010-dummy-lancia-delta-integrale-neu-original-kopie-6\/#primaryimage\"},\"thumbnailUrl\":\"https:\/\/turijnmagazijn.nl\/wp-content\/uploads\/2025\/10\/DK0102771-Lancia-logo-sleutelhanger-emaille-uitzonderlijke-kwaliteit-nvt-3.jpg\",\"datePublished\":\"2025-10-03T11:46:14+00:00\",\"dateModified\":\"2025-11-13T11:12:49+00:00\",\"breadcrumb\":{\"@id\":\"https:\/\/turijnmagazijn.nl\/de\/produkt\/ds010-dummy-lancia-delta-integrale-neu-original-kopie-6\/#breadcrumb\"},\"inLanguage\":\"de\",\"potentialAction\":[{\"@type\":\"ReadAction\",\"target\":[\"https:\/\/turijnmagazijn.nl\/de\/produkt\/ds010-dummy-lancia-delta-integrale-neu-original-kopie-6\/\"]}]},{\"@type\":\"ImageObject\",\"inLanguage\":\"de\",\"@id\":\"https:\/\/turijnmagazijn.nl\/de\/produkt\/ds010-dummy-lancia-delta-integrale-neu-original-kopie-6\/#primaryimage\",\"url\":\"https:\/\/turijnmagazijn.nl\/wp-content\/uploads\/2025\/10\/DK0102771-Lancia-logo-sleutelhanger-emaille-uitzonderlijke-kwaliteit-nvt-3.jpg\",\"contentUrl\":\"https:\/\/turijnmagazijn.nl\/wp-content\/uploads\/2025\/10\/DK0102771-Lancia-logo-sleutelhanger-emaille-uitzonderlijke-kwaliteit-nvt-3.jpg\",\"width\":1024,\"height\":768},{\"@type\":\"BreadcrumbList\",\"@id\":\"https:\/\/turijnmagazijn.nl\/de\/produkt\/ds010-dummy-lancia-delta-integrale-neu-original-kopie-6\/#breadcrumb\",\"itemListElement\":[{\"@type\":\"ListItem\",\"position\":1,\"name\":\"Home\",\"item\":\"https:\/\/turijnmagazijn.nl\/de\/\"},{\"@type\":\"ListItem\",\"position\":2,\"name\":\"Produkte\",\"item\":\"https:\/\/turijnmagazijn.nl\/de\/shop\/\"},{\"@type\":\"ListItem\",\"position\":3,\"name\":\"Lancia Logo Schl\u00fcsselanh\u00e4nger Emaille au\u00dfergew\u00f6hnliche Qualit\u00e4t\"}]},{\"@type\":\"WebSite\",\"@id\":\"https:\/\/turijnmagazijn.jumpstone-dev.nl\/#website\",\"url\":\"https:\/\/turijnmagazijn.jumpstone-dev.nl\/\",\"name\":\"Turijnmagazijn\",\"description\":\"Onderdelen nieuw en gebruikt - Fiat &amp; Lancia\",\"publisher\":{\"@id\":\"https:\/\/turijnmagazijn.jumpstone-dev.nl\/#organization\"},\"potentialAction\":[{\"@type\":\"SearchAction\",\"target\":{\"@type\":\"EntryPoint\",\"urlTemplate\":\"https:\/\/turijnmagazijn.jumpstone-dev.nl\/?s={search_term_string}\"},\"query-input\":{\"@type\":\"PropertyValueSpecification\",\"valueRequired\":true,\"valueName\":\"search_term_string\"}}],\"inLanguage\":\"de\"},{\"@type\":\"Organization\",\"@id\":\"https:\/\/turijnmagazijn.jumpstone-dev.nl\/#organization\",\"name\":\"Turijnmagazijn\",\"url\":\"https:\/\/turijnmagazijn.jumpstone-dev.nl\/\",\"logo\":{\"@type\":\"ImageObject\",\"inLanguage\":\"de\",\"@id\":\"https:\/\/turijnmagazijn.jumpstone-dev.nl\/#\/schema\/logo\/image\/\",\"url\":\"https:\/\/turijnmagazijn.nl\/wp-content\/uploads\/2021\/02\/turijnmagazijnlogo.png\",\"contentUrl\":\"https:\/\/turijnmagazijn.nl\/wp-content\/uploads\/2021\/02\/turijnmagazijnlogo.png\",\"width\":555,\"height\":270,\"caption\":\"Turijnmagazijn\"},\"image\":{\"@id\":\"https:\/\/turijnmagazijn.jumpstone-dev.nl\/#\/schema\/logo\/image\/\"},\"sameAs\":[\"https:\/\/www.facebook.com\/turijnmagazijn\"]}]}<\/script>\n<!-- \/ Yoast SEO plugin. -->","yoast_head_json":{"title":"Lancia Logo Schl\u00fcsselanh\u00e4nger Emaille au\u00dfergew\u00f6hnliche Qualit\u00e4t - Turijnmagazijn","robots":{"index":"index","follow":"follow","max-snippet":"max-snippet:-1","max-image-preview":"max-image-preview:large","max-video-preview":"max-video-preview:-1"},"canonical":"https:\/\/turijnmagazijn.nl\/de\/produkt\/ds010-dummy-lancia-delta-integrale-neu-original-kopie-6\/","og_locale":"de_DE","og_type":"article","og_title":"Lancia Logo Schl\u00fcsselanh\u00e4nger Emaille au\u00dfergew\u00f6hnliche Qualit\u00e4t - Turijnmagazijn","og_description":"Schl\u00fcsselanh\u00e4nger mit Lancia-Logo in Emaille-Qualit\u00e4t 90er Jahre.","og_url":"https:\/\/turijnmagazijn.nl\/de\/produkt\/ds010-dummy-lancia-delta-integrale-neu-original-kopie-6\/","og_site_name":"Turijnmagazijn","article_publisher":"https:\/\/www.facebook.com\/turijnmagazijn","article_modified_time":"2025-11-13T11:12:49+00:00","twitter_card":"summary_large_image","schema":{"@context":"https:\/\/schema.org","@graph":[{"@type":"WebPage","@id":"https:\/\/turijnmagazijn.nl\/de\/produkt\/ds010-dummy-lancia-delta-integrale-neu-original-kopie-6\/","url":"https:\/\/turijnmagazijn.nl\/de\/produkt\/ds010-dummy-lancia-delta-integrale-neu-original-kopie-6\/","name":"Lancia Logo Schl\u00fcsselanh\u00e4nger Emaille au\u00dfergew\u00f6hnliche Qualit\u00e4t - Turijnmagazijn","isPartOf":{"@id":"https:\/\/turijnmagazijn.jumpstone-dev.nl\/#website"},"primaryImageOfPage":{"@id":"https:\/\/turijnmagazijn.nl\/de\/produkt\/ds010-dummy-lancia-delta-integrale-neu-original-kopie-6\/#primaryimage"},"image":{"@id":"https:\/\/turijnmagazijn.nl\/de\/produkt\/ds010-dummy-lancia-delta-integrale-neu-original-kopie-6\/#primaryimage"},"thumbnailUrl":"https:\/\/turijnmagazijn.nl\/wp-content\/uploads\/2025\/10\/DK0102771-Lancia-logo-sleutelhanger-emaille-uitzonderlijke-kwaliteit-nvt-3.jpg","datePublished":"2025-10-03T11:46:14+00:00","dateModified":"2025-11-13T11:12:49+00:00","breadcrumb":{"@id":"https:\/\/turijnmagazijn.nl\/de\/produkt\/ds010-dummy-lancia-delta-integrale-neu-original-kopie-6\/#breadcrumb"},"inLanguage":"de","potentialAction":[{"@type":"ReadAction","target":["https:\/\/turijnmagazijn.nl\/de\/produkt\/ds010-dummy-lancia-delta-integrale-neu-original-kopie-6\/"]}]},{"@type":"ImageObject","inLanguage":"de","@id":"https:\/\/turijnmagazijn.nl\/de\/produkt\/ds010-dummy-lancia-delta-integrale-neu-original-kopie-6\/#primaryimage","url":"https:\/\/turijnmagazijn.nl\/wp-content\/uploads\/2025\/10\/DK0102771-Lancia-logo-sleutelhanger-emaille-uitzonderlijke-kwaliteit-nvt-3.jpg","contentUrl":"https:\/\/turijnmagazijn.nl\/wp-content\/uploads\/2025\/10\/DK0102771-Lancia-logo-sleutelhanger-emaille-uitzonderlijke-kwaliteit-nvt-3.jpg","width":1024,"height":768},{"@type":"BreadcrumbList","@id":"https:\/\/turijnmagazijn.nl\/de\/produkt\/ds010-dummy-lancia-delta-integrale-neu-original-kopie-6\/#breadcrumb","itemListElement":[{"@type":"ListItem","position":1,"name":"Home","item":"https:\/\/turijnmagazijn.nl\/de\/"},{"@type":"ListItem","position":2,"name":"Produkte","item":"https:\/\/turijnmagazijn.nl\/de\/shop\/"},{"@type":"ListItem","position":3,"name":"Lancia Logo Schl\u00fcsselanh\u00e4nger Emaille au\u00dfergew\u00f6hnliche Qualit\u00e4t"}]},{"@type":"WebSite","@id":"https:\/\/turijnmagazijn.jumpstone-dev.nl\/#website","url":"https:\/\/turijnmagazijn.jumpstone-dev.nl\/","name":"Turijnmagazijn","description":"Onderdelen nieuw en gebruikt - Fiat &amp; Lancia","publisher":{"@id":"https:\/\/turijnmagazijn.jumpstone-dev.nl\/#organization"},"potentialAction":[{"@type":"SearchAction","target":{"@type":"EntryPoint","urlTemplate":"https:\/\/turijnmagazijn.jumpstone-dev.nl\/?s={search_term_string}"},"query-input":{"@type":"PropertyValueSpecification","valueRequired":true,"valueName":"search_term_string"}}],"inLanguage":"de"},{"@type":"Organization","@id":"https:\/\/turijnmagazijn.jumpstone-dev.nl\/#organization","name":"Turijnmagazijn","url":"https:\/\/turijnmagazijn.jumpstone-dev.nl\/","logo":{"@type":"ImageObject","inLanguage":"de","@id":"https:\/\/turijnmagazijn.jumpstone-dev.nl\/#\/schema\/logo\/image\/","url":"https:\/\/turijnmagazijn.nl\/wp-content\/uploads\/2021\/02\/turijnmagazijnlogo.png","contentUrl":"https:\/\/turijnmagazijn.nl\/wp-content\/uploads\/2021\/02\/turijnmagazijnlogo.png","width":555,"height":270,"caption":"Turijnmagazijn"},"image":{"@id":"https:\/\/turijnmagazijn.jumpstone-dev.nl\/#\/schema\/logo\/image\/"},"sameAs":["https:\/\/www.facebook.com\/turijnmagazijn"]}]}},"_links":{"self":[{"href":"https:\/\/turijnmagazijn.nl\/de\/wp-json\/wp\/v2\/product\/94707","targetHints":{"allow":["GET"]}}],"collection":[{"href":"https:\/\/turijnmagazijn.nl\/de\/wp-json\/wp\/v2\/product"}],"about":[{"href":"https:\/\/turijnmagazijn.nl\/de\/wp-json\/wp\/v2\/types\/product"}],"replies":[{"embeddable":true,"href":"https:\/\/turijnmagazijn.nl\/de\/wp-json\/wp\/v2\/comments?post=94707"}],"wp:featuredmedia":[{"embeddable":true,"href":"https:\/\/turijnmagazijn.nl\/de\/wp-json\/wp\/v2\/media\/94729"}],"wp:attachment":[{"href":"https:\/\/turijnmagazijn.nl\/de\/wp-json\/wp\/v2\/media?parent=94707"}],"wp:term":[{"taxonomy":"product_brand","embeddable":true,"href":"https:\/\/turijnmagazijn.nl\/de\/wp-json\/wp\/v2\/product_brand?post=94707"},{"taxonomy":"product_cat","embeddable":true,"href":"https:\/\/turijnmagazijn.nl\/de\/wp-json\/wp\/v2\/product_cat?post=94707"},{"taxonomy":"product_tag","embeddable":true,"href":"https:\/\/turijnmagazijn.nl\/de\/wp-json\/wp\/v2\/product_tag?post=94707"}],"curies":[{"name":"wp","href":"https:\/\/api.w.org\/{rel}","templated":true}]}}