{"id":95067,"date":"2025-10-05T20:29:10","date_gmt":"2025-10-05T18:29:10","guid":{"rendered":"https:\/\/turijnmagazijn.nl\/?post_type=product&#038;p=95067"},"modified":"2025-11-03T17:10:45","modified_gmt":"2025-11-03T16:10:45","slug":"heckklappe-logo-fiat-500x-rot-95mm-imitation-kopie-kopie","status":"publish","type":"product","link":"https:\/\/turijnmagazijn.nl\/de\/produkt\/heckklappe-logo-fiat-500x-rot-95mm-imitation-kopie-kopie\/","title":{"rendered":"Reparatur Innenteil Logo Fiat rot Bravo 2 Croma 2 (m)"},"content":{"rendered":"<p>Neues Logo-Imitat f\u00fcr die Heckklappe oder den K\u00fchlergrill f\u00fcr verschiedene Fiat-Modelle mit dem roten Logo mit einem Durchmesser von 100 mm (gemessen an der Au\u00dfenkante der Chromschale).<\/p>\n<p>Fast immer ist nur der innere Teil unansehnlich geworden oder verblasst. Ein Austausch des gesamten Logos ist dann unn\u00f6tig. Dieses Reparaturteil l\u00e4sst sich mit viel weniger Aufwand ersetzen, vor allem wenn es sich um einen K\u00fchlergrill handelt. Au\u00dferdem ist die Gefahr geringer, dass der Lack des Fahrzeugs bei der Demontage besch\u00e4digt wird. L\u00f6sen Sie das Logo einfach mit einer spitzen Nadel von der verchromten Halterung und bringen Sie dieses selbstklebende Logo an der leeren Stelle an. Ihr Fiat ist wieder laren sch\u00f6n!     <\/p>\n<p>Geeignet f\u00fcr Fiat Bravo 2 und Fiat Croma 2.<\/p>\n<p>Messen Sie Ihr Logo vorher sorgf\u00e4ltig aus. Dieses Innenteil passt nur auf die Logos der 100mm Serie. Es gibt auch ein 95mm-Logo. Bitte messen Sie vor der Bestellung genau nach.<br \/>\nVerkauf pro St\u00fcck.<br \/>\nOEM-Nummer Fiat des Logos, in das dieses Reparaturteil passt (nur als Referenz, es handelt sich nicht um ein OEM-Teil) <span data-sheets-root=\"1\">51944206<\/span> <\/p>\n","protected":false},"excerpt":{"rendered":"<p><span data-sheets-root=\"1\">Reparatur Innenteil Logo Fiat rot Bravo 2 und Croma 2 passend f\u00fcr Logos mit oem 51944206<\/span><\/p>\n","protected":false},"featured_media":95096,"comment_status":"open","ping_status":"closed","template":"","meta":{"_acf_changed":false},"product_brand":[],"product_cat":[1710,1725,1689],"product_tag":[],"class_list":{"0":"post-95067","1":"product","2":"type-product","3":"status-publish","4":"has-post-thumbnail","6":"product_cat-bravo-198-de","7":"product_cat-croma-2-194-de","8":"product_cat-fiat-de","9":"pa_soort-onderdeel-karosserie-und-blech","11":"first","12":"instock","13":"taxable","14":"shipping-taxable","15":"purchasable","16":"product-type-simple"},"acf":[],"yoast_head":"<!-- This site is optimized with the Yoast SEO plugin v27.2 - https:\/\/yoast.com\/product\/yoast-seo-wordpress\/ -->\n<title>Reparatur Innenteil Logo Fiat rot Bravo 2 Croma 2 (m) - Turijnmagazijn<\/title>\n<meta name=\"robots\" content=\"index, follow, max-snippet:-1, max-image-preview:large, max-video-preview:-1\" \/>\n<link rel=\"canonical\" href=\"https:\/\/turijnmagazijn.nl\/de\/produkt\/heckklappe-logo-fiat-500x-rot-95mm-imitation-kopie-kopie\/\" \/>\n<meta property=\"og:locale\" content=\"de_DE\" \/>\n<meta property=\"og:type\" content=\"article\" \/>\n<meta property=\"og:title\" content=\"Reparatur Innenteil Logo Fiat rot Bravo 2 Croma 2 (m) - Turijnmagazijn\" \/>\n<meta property=\"og:description\" content=\"Reparatur Innenteil Logo Fiat rot Bravo 2 und Croma 2 passend f\u00fcr Logos mit oem 51944206\" \/>\n<meta property=\"og:url\" content=\"https:\/\/turijnmagazijn.nl\/de\/produkt\/heckklappe-logo-fiat-500x-rot-95mm-imitation-kopie-kopie\/\" \/>\n<meta property=\"og:site_name\" content=\"Turijnmagazijn\" \/>\n<meta property=\"article:publisher\" content=\"https:\/\/www.facebook.com\/turijnmagazijn\" \/>\n<meta property=\"article:modified_time\" content=\"2025-11-03T16:10:45+00:00\" \/>\n<meta property=\"og:image\" content=\"https:\/\/turijnmagazijn.nl\/wp-content\/uploads\/2025\/10\/DN0100447-Reparatie-binnendeel-logo-Fiat-rood-Bravo-2-Croma-2-M-51944206-3.jpg\" \/>\n\t<meta property=\"og:image:width\" content=\"1024\" \/>\n\t<meta property=\"og:image:height\" content=\"768\" \/>\n\t<meta property=\"og:image:type\" content=\"image\/jpeg\" \/>\n<meta name=\"twitter:card\" content=\"summary_large_image\" \/>\n<meta name=\"twitter:label1\" content=\"Gesch\u00e4tzte Lesezeit\" \/>\n\t<meta name=\"twitter:data1\" content=\"1\u00a0Minute\" \/>\n<script type=\"application\/ld+json\" class=\"yoast-schema-graph\">{\"@context\":\"https:\/\/schema.org\",\"@graph\":[{\"@type\":\"WebPage\",\"@id\":\"https:\/\/turijnmagazijn.nl\/de\/produkt\/heckklappe-logo-fiat-500x-rot-95mm-imitation-kopie-kopie\/\",\"url\":\"https:\/\/turijnmagazijn.nl\/de\/produkt\/heckklappe-logo-fiat-500x-rot-95mm-imitation-kopie-kopie\/\",\"name\":\"Reparatur Innenteil Logo Fiat rot Bravo 2 Croma 2 (m) - Turijnmagazijn\",\"isPartOf\":{\"@id\":\"https:\/\/turijnmagazijn.jumpstone-dev.nl\/#website\"},\"primaryImageOfPage\":{\"@id\":\"https:\/\/turijnmagazijn.nl\/de\/produkt\/heckklappe-logo-fiat-500x-rot-95mm-imitation-kopie-kopie\/#primaryimage\"},\"image\":{\"@id\":\"https:\/\/turijnmagazijn.nl\/de\/produkt\/heckklappe-logo-fiat-500x-rot-95mm-imitation-kopie-kopie\/#primaryimage\"},\"thumbnailUrl\":\"https:\/\/turijnmagazijn.nl\/wp-content\/uploads\/2025\/10\/DN0100447-Reparatie-binnendeel-logo-Fiat-rood-Bravo-2-Croma-2-M-51944206-3.jpg\",\"datePublished\":\"2025-10-05T18:29:10+00:00\",\"dateModified\":\"2025-11-03T16:10:45+00:00\",\"breadcrumb\":{\"@id\":\"https:\/\/turijnmagazijn.nl\/de\/produkt\/heckklappe-logo-fiat-500x-rot-95mm-imitation-kopie-kopie\/#breadcrumb\"},\"inLanguage\":\"de\",\"potentialAction\":[{\"@type\":\"ReadAction\",\"target\":[\"https:\/\/turijnmagazijn.nl\/de\/produkt\/heckklappe-logo-fiat-500x-rot-95mm-imitation-kopie-kopie\/\"]}]},{\"@type\":\"ImageObject\",\"inLanguage\":\"de\",\"@id\":\"https:\/\/turijnmagazijn.nl\/de\/produkt\/heckklappe-logo-fiat-500x-rot-95mm-imitation-kopie-kopie\/#primaryimage\",\"url\":\"https:\/\/turijnmagazijn.nl\/wp-content\/uploads\/2025\/10\/DN0100447-Reparatie-binnendeel-logo-Fiat-rood-Bravo-2-Croma-2-M-51944206-3.jpg\",\"contentUrl\":\"https:\/\/turijnmagazijn.nl\/wp-content\/uploads\/2025\/10\/DN0100447-Reparatie-binnendeel-logo-Fiat-rood-Bravo-2-Croma-2-M-51944206-3.jpg\",\"width\":1024,\"height\":768},{\"@type\":\"BreadcrumbList\",\"@id\":\"https:\/\/turijnmagazijn.nl\/de\/produkt\/heckklappe-logo-fiat-500x-rot-95mm-imitation-kopie-kopie\/#breadcrumb\",\"itemListElement\":[{\"@type\":\"ListItem\",\"position\":1,\"name\":\"Home\",\"item\":\"https:\/\/turijnmagazijn.nl\/de\/\"},{\"@type\":\"ListItem\",\"position\":2,\"name\":\"Produkte\",\"item\":\"https:\/\/turijnmagazijn.nl\/de\/shop\/\"},{\"@type\":\"ListItem\",\"position\":3,\"name\":\"Reparatur Innenteil Logo Fiat rot Bravo 2 Croma 2 (m)\"}]},{\"@type\":\"WebSite\",\"@id\":\"https:\/\/turijnmagazijn.jumpstone-dev.nl\/#website\",\"url\":\"https:\/\/turijnmagazijn.jumpstone-dev.nl\/\",\"name\":\"Turijnmagazijn\",\"description\":\"Onderdelen nieuw en gebruikt - Fiat &amp; Lancia\",\"publisher\":{\"@id\":\"https:\/\/turijnmagazijn.jumpstone-dev.nl\/#organization\"},\"potentialAction\":[{\"@type\":\"SearchAction\",\"target\":{\"@type\":\"EntryPoint\",\"urlTemplate\":\"https:\/\/turijnmagazijn.jumpstone-dev.nl\/?s={search_term_string}\"},\"query-input\":{\"@type\":\"PropertyValueSpecification\",\"valueRequired\":true,\"valueName\":\"search_term_string\"}}],\"inLanguage\":\"de\"},{\"@type\":\"Organization\",\"@id\":\"https:\/\/turijnmagazijn.jumpstone-dev.nl\/#organization\",\"name\":\"Turijnmagazijn\",\"url\":\"https:\/\/turijnmagazijn.jumpstone-dev.nl\/\",\"logo\":{\"@type\":\"ImageObject\",\"inLanguage\":\"de\",\"@id\":\"https:\/\/turijnmagazijn.jumpstone-dev.nl\/#\/schema\/logo\/image\/\",\"url\":\"https:\/\/turijnmagazijn.nl\/wp-content\/uploads\/2021\/02\/turijnmagazijnlogo.png\",\"contentUrl\":\"https:\/\/turijnmagazijn.nl\/wp-content\/uploads\/2021\/02\/turijnmagazijnlogo.png\",\"width\":555,\"height\":270,\"caption\":\"Turijnmagazijn\"},\"image\":{\"@id\":\"https:\/\/turijnmagazijn.jumpstone-dev.nl\/#\/schema\/logo\/image\/\"},\"sameAs\":[\"https:\/\/www.facebook.com\/turijnmagazijn\"]}]}<\/script>\n<!-- \/ Yoast SEO plugin. -->","yoast_head_json":{"title":"Reparatur Innenteil Logo Fiat rot Bravo 2 Croma 2 (m) - Turijnmagazijn","robots":{"index":"index","follow":"follow","max-snippet":"max-snippet:-1","max-image-preview":"max-image-preview:large","max-video-preview":"max-video-preview:-1"},"canonical":"https:\/\/turijnmagazijn.nl\/de\/produkt\/heckklappe-logo-fiat-500x-rot-95mm-imitation-kopie-kopie\/","og_locale":"de_DE","og_type":"article","og_title":"Reparatur Innenteil Logo Fiat rot Bravo 2 Croma 2 (m) - Turijnmagazijn","og_description":"Reparatur Innenteil Logo Fiat rot Bravo 2 und Croma 2 passend f\u00fcr Logos mit oem 51944206","og_url":"https:\/\/turijnmagazijn.nl\/de\/produkt\/heckklappe-logo-fiat-500x-rot-95mm-imitation-kopie-kopie\/","og_site_name":"Turijnmagazijn","article_publisher":"https:\/\/www.facebook.com\/turijnmagazijn","article_modified_time":"2025-11-03T16:10:45+00:00","og_image":[{"width":1024,"height":768,"url":"https:\/\/turijnmagazijn.nl\/wp-content\/uploads\/2025\/10\/DN0100447-Reparatie-binnendeel-logo-Fiat-rood-Bravo-2-Croma-2-M-51944206-3.jpg","type":"image\/jpeg"}],"twitter_card":"summary_large_image","twitter_misc":{"Gesch\u00e4tzte Lesezeit":"1\u00a0Minute"},"schema":{"@context":"https:\/\/schema.org","@graph":[{"@type":"WebPage","@id":"https:\/\/turijnmagazijn.nl\/de\/produkt\/heckklappe-logo-fiat-500x-rot-95mm-imitation-kopie-kopie\/","url":"https:\/\/turijnmagazijn.nl\/de\/produkt\/heckklappe-logo-fiat-500x-rot-95mm-imitation-kopie-kopie\/","name":"Reparatur Innenteil Logo Fiat rot Bravo 2 Croma 2 (m) - Turijnmagazijn","isPartOf":{"@id":"https:\/\/turijnmagazijn.jumpstone-dev.nl\/#website"},"primaryImageOfPage":{"@id":"https:\/\/turijnmagazijn.nl\/de\/produkt\/heckklappe-logo-fiat-500x-rot-95mm-imitation-kopie-kopie\/#primaryimage"},"image":{"@id":"https:\/\/turijnmagazijn.nl\/de\/produkt\/heckklappe-logo-fiat-500x-rot-95mm-imitation-kopie-kopie\/#primaryimage"},"thumbnailUrl":"https:\/\/turijnmagazijn.nl\/wp-content\/uploads\/2025\/10\/DN0100447-Reparatie-binnendeel-logo-Fiat-rood-Bravo-2-Croma-2-M-51944206-3.jpg","datePublished":"2025-10-05T18:29:10+00:00","dateModified":"2025-11-03T16:10:45+00:00","breadcrumb":{"@id":"https:\/\/turijnmagazijn.nl\/de\/produkt\/heckklappe-logo-fiat-500x-rot-95mm-imitation-kopie-kopie\/#breadcrumb"},"inLanguage":"de","potentialAction":[{"@type":"ReadAction","target":["https:\/\/turijnmagazijn.nl\/de\/produkt\/heckklappe-logo-fiat-500x-rot-95mm-imitation-kopie-kopie\/"]}]},{"@type":"ImageObject","inLanguage":"de","@id":"https:\/\/turijnmagazijn.nl\/de\/produkt\/heckklappe-logo-fiat-500x-rot-95mm-imitation-kopie-kopie\/#primaryimage","url":"https:\/\/turijnmagazijn.nl\/wp-content\/uploads\/2025\/10\/DN0100447-Reparatie-binnendeel-logo-Fiat-rood-Bravo-2-Croma-2-M-51944206-3.jpg","contentUrl":"https:\/\/turijnmagazijn.nl\/wp-content\/uploads\/2025\/10\/DN0100447-Reparatie-binnendeel-logo-Fiat-rood-Bravo-2-Croma-2-M-51944206-3.jpg","width":1024,"height":768},{"@type":"BreadcrumbList","@id":"https:\/\/turijnmagazijn.nl\/de\/produkt\/heckklappe-logo-fiat-500x-rot-95mm-imitation-kopie-kopie\/#breadcrumb","itemListElement":[{"@type":"ListItem","position":1,"name":"Home","item":"https:\/\/turijnmagazijn.nl\/de\/"},{"@type":"ListItem","position":2,"name":"Produkte","item":"https:\/\/turijnmagazijn.nl\/de\/shop\/"},{"@type":"ListItem","position":3,"name":"Reparatur Innenteil Logo Fiat rot Bravo 2 Croma 2 (m)"}]},{"@type":"WebSite","@id":"https:\/\/turijnmagazijn.jumpstone-dev.nl\/#website","url":"https:\/\/turijnmagazijn.jumpstone-dev.nl\/","name":"Turijnmagazijn","description":"Onderdelen nieuw en gebruikt - Fiat &amp; Lancia","publisher":{"@id":"https:\/\/turijnmagazijn.jumpstone-dev.nl\/#organization"},"potentialAction":[{"@type":"SearchAction","target":{"@type":"EntryPoint","urlTemplate":"https:\/\/turijnmagazijn.jumpstone-dev.nl\/?s={search_term_string}"},"query-input":{"@type":"PropertyValueSpecification","valueRequired":true,"valueName":"search_term_string"}}],"inLanguage":"de"},{"@type":"Organization","@id":"https:\/\/turijnmagazijn.jumpstone-dev.nl\/#organization","name":"Turijnmagazijn","url":"https:\/\/turijnmagazijn.jumpstone-dev.nl\/","logo":{"@type":"ImageObject","inLanguage":"de","@id":"https:\/\/turijnmagazijn.jumpstone-dev.nl\/#\/schema\/logo\/image\/","url":"https:\/\/turijnmagazijn.nl\/wp-content\/uploads\/2021\/02\/turijnmagazijnlogo.png","contentUrl":"https:\/\/turijnmagazijn.nl\/wp-content\/uploads\/2021\/02\/turijnmagazijnlogo.png","width":555,"height":270,"caption":"Turijnmagazijn"},"image":{"@id":"https:\/\/turijnmagazijn.jumpstone-dev.nl\/#\/schema\/logo\/image\/"},"sameAs":["https:\/\/www.facebook.com\/turijnmagazijn"]}]}},"_links":{"self":[{"href":"https:\/\/turijnmagazijn.nl\/de\/wp-json\/wp\/v2\/product\/95067","targetHints":{"allow":["GET"]}}],"collection":[{"href":"https:\/\/turijnmagazijn.nl\/de\/wp-json\/wp\/v2\/product"}],"about":[{"href":"https:\/\/turijnmagazijn.nl\/de\/wp-json\/wp\/v2\/types\/product"}],"replies":[{"embeddable":true,"href":"https:\/\/turijnmagazijn.nl\/de\/wp-json\/wp\/v2\/comments?post=95067"}],"wp:featuredmedia":[{"embeddable":true,"href":"https:\/\/turijnmagazijn.nl\/de\/wp-json\/wp\/v2\/media\/95096"}],"wp:attachment":[{"href":"https:\/\/turijnmagazijn.nl\/de\/wp-json\/wp\/v2\/media?parent=95067"}],"wp:term":[{"taxonomy":"product_brand","embeddable":true,"href":"https:\/\/turijnmagazijn.nl\/de\/wp-json\/wp\/v2\/product_brand?post=95067"},{"taxonomy":"product_cat","embeddable":true,"href":"https:\/\/turijnmagazijn.nl\/de\/wp-json\/wp\/v2\/product_cat?post=95067"},{"taxonomy":"product_tag","embeddable":true,"href":"https:\/\/turijnmagazijn.nl\/de\/wp-json\/wp\/v2\/product_tag?post=95067"}],"curies":[{"name":"wp","href":"https:\/\/api.w.org\/{rel}","templated":true}]}}