{"id":95564,"date":"2025-11-06T20:48:37","date_gmt":"2025-11-06T19:48:37","guid":{"rendered":"https:\/\/turijnmagazijn.nl\/?post_type=product&#038;p=95564"},"modified":"2025-11-06T21:53:32","modified_gmt":"2025-11-06T20:53:32","slug":"dn010-dummy-lancia-delta-integrale-neue-nachahmung-kopie-35","status":"publish","type":"product","link":"https:\/\/turijnmagazijn.nl\/de\/produkt\/dn010-dummy-lancia-delta-integrale-neue-nachahmung-kopie-35\/","title":{"rendered":"Armaturenbrett Clip hinter L\u00fcftungsgitter Delta Integrale Satz 4 St\u00fcck"},"content":{"rendered":"<p>Neues Nachahmungsteil.<\/p>\n<p>Ein Satz von 4 Ersatzclips f\u00fcr die Montage im hinteren L\u00fcftungsgitter des Armaturenbretts f\u00fcr Lancia Delta HF Integrale Dieses Teil kann als Ersatz f\u00fcr den Artikel 82421294 dienen. Dieser Clip ist urspr\u00fcnglich nicht mehr erh\u00e4ltlich und im Laufe der Jahre brechen oft Teile der Clips ab. <\/p>\n<p>Diese neuen Clips sind aus frischem ABS-Kunststoff gefertigt und daher noch gut biegsam f\u00fcr viele Male Montage und Demontage.<\/p>\n<p>Der Teil, in dem die vier Kugeln des L\u00fcftungsrahmens mittig im Armaturenbrett eingeklickt werden, rastet sicher in diese Clips ein und l\u00e4sst sich beim Ausbau etwas leichter l\u00f6sen. Beim Originalsystem m\u00fcssen Sie immer kr\u00e4ftig ziehen und hoffen, dass nichts abbricht; das k\u00f6nnen Sie sich mit diesen Clips sparen. <\/p>\n<p>Sie werden durch eine Vierteldrehung des Clips in der quadratischen Aussparung befestigt, genau wie das Original.<\/p>\n<p>Teil Nummer 2 auf der technischen Zeichnung von EPER mit der Zeichnungsnummer 62BD5796D6DFBED0D53DAAD900534FC7 f\u00fcr die Anwendung am Lancia Delta Integrale. Von diesem Teil werden 3 St\u00fcck pro Auto ben\u00f6tigt. <\/p>\n<p>OEM Lancia REFERENZ <span data-sheets-root=\"1\">82421294<\/span><\/p>\n","protected":false},"excerpt":{"rendered":"<p>DN0100450 Armaturenbrett-Clip hinter dem L\u00fcftungsgitter Delta Integral Set 4 St\u00fcck 82421294<\/p>\n","protected":false},"featured_media":95581,"comment_status":"closed","ping_status":"closed","template":"","meta":{"_acf_changed":false},"product_brand":[],"product_cat":[1811,1807,1817,1822,1826,1834,1829,1839,1797],"product_tag":[],"class_list":{"0":"post-95564","1":"product","2":"type-product","3":"status-publish","4":"has-post-thumbnail","6":"product_cat-1-1-1-3-1-5-de","7":"product_cat-delta-1-831-de","8":"product_cat-gt-i-e-de","9":"product_cat-hf-4wd-de","10":"product_cat-hf-turbo-de","11":"product_cat-integrale-16v-de","12":"product_cat-integrale-8v-de","13":"product_cat-integrale-evo-de","14":"product_cat-lancia-de","15":"pa_soort-onderdeel-dashboard-und-schalter","17":"first","18":"instock","19":"taxable","20":"shipping-taxable","21":"purchasable","22":"product-type-simple"},"acf":[],"yoast_head":"<!-- This site is optimized with the Yoast SEO plugin v27.2 - https:\/\/yoast.com\/product\/yoast-seo-wordpress\/ -->\n<title>Armaturenbrett Clip hinter L\u00fcftungsgitter Delta Integrale Satz 4 St\u00fcck - Turijnmagazijn<\/title>\n<meta name=\"robots\" content=\"index, follow, max-snippet:-1, max-image-preview:large, max-video-preview:-1\" \/>\n<link rel=\"canonical\" href=\"https:\/\/turijnmagazijn.nl\/de\/produkt\/dn010-dummy-lancia-delta-integrale-neue-nachahmung-kopie-35\/\" \/>\n<meta property=\"og:locale\" content=\"de_DE\" \/>\n<meta property=\"og:type\" content=\"article\" \/>\n<meta property=\"og:title\" content=\"Armaturenbrett Clip hinter L\u00fcftungsgitter Delta Integrale Satz 4 St\u00fcck - Turijnmagazijn\" \/>\n<meta property=\"og:description\" content=\"DN0100450 Armaturenbrett-Clip hinter dem L\u00fcftungsgitter Delta Integral Set 4 St\u00fcck 82421294\" \/>\n<meta property=\"og:url\" content=\"https:\/\/turijnmagazijn.nl\/de\/produkt\/dn010-dummy-lancia-delta-integrale-neue-nachahmung-kopie-35\/\" \/>\n<meta property=\"og:site_name\" content=\"Turijnmagazijn\" \/>\n<meta property=\"article:publisher\" content=\"https:\/\/www.facebook.com\/turijnmagazijn\" \/>\n<meta property=\"article:modified_time\" content=\"2025-11-06T20:53:32+00:00\" \/>\n<meta property=\"og:image\" content=\"https:\/\/turijnmagazijn.nl\/wp-content\/uploads\/2025\/11\/DN0100450-Dashboard-clip-achter-ventilatierooster-Delta-Integrale-set-4-st-82421294-5.jpg\" \/>\n\t<meta property=\"og:image:width\" content=\"1024\" \/>\n\t<meta property=\"og:image:height\" content=\"768\" \/>\n\t<meta property=\"og:image:type\" content=\"image\/jpeg\" \/>\n<meta name=\"twitter:card\" content=\"summary_large_image\" \/>\n<meta name=\"twitter:label1\" content=\"Gesch\u00e4tzte Lesezeit\" \/>\n\t<meta name=\"twitter:data1\" content=\"1\u00a0Minute\" \/>\n<script type=\"application\/ld+json\" class=\"yoast-schema-graph\">{\"@context\":\"https:\/\/schema.org\",\"@graph\":[{\"@type\":\"WebPage\",\"@id\":\"https:\/\/turijnmagazijn.nl\/de\/produkt\/dn010-dummy-lancia-delta-integrale-neue-nachahmung-kopie-35\/\",\"url\":\"https:\/\/turijnmagazijn.nl\/de\/produkt\/dn010-dummy-lancia-delta-integrale-neue-nachahmung-kopie-35\/\",\"name\":\"Armaturenbrett Clip hinter L\u00fcftungsgitter Delta Integrale Satz 4 St\u00fcck - Turijnmagazijn\",\"isPartOf\":{\"@id\":\"https:\/\/turijnmagazijn.jumpstone-dev.nl\/#website\"},\"primaryImageOfPage\":{\"@id\":\"https:\/\/turijnmagazijn.nl\/de\/produkt\/dn010-dummy-lancia-delta-integrale-neue-nachahmung-kopie-35\/#primaryimage\"},\"image\":{\"@id\":\"https:\/\/turijnmagazijn.nl\/de\/produkt\/dn010-dummy-lancia-delta-integrale-neue-nachahmung-kopie-35\/#primaryimage\"},\"thumbnailUrl\":\"https:\/\/turijnmagazijn.nl\/wp-content\/uploads\/2025\/11\/DN0100450-Dashboard-clip-achter-ventilatierooster-Delta-Integrale-set-4-st-82421294-5.jpg\",\"datePublished\":\"2025-11-06T19:48:37+00:00\",\"dateModified\":\"2025-11-06T20:53:32+00:00\",\"breadcrumb\":{\"@id\":\"https:\/\/turijnmagazijn.nl\/de\/produkt\/dn010-dummy-lancia-delta-integrale-neue-nachahmung-kopie-35\/#breadcrumb\"},\"inLanguage\":\"de\",\"potentialAction\":[{\"@type\":\"ReadAction\",\"target\":[\"https:\/\/turijnmagazijn.nl\/de\/produkt\/dn010-dummy-lancia-delta-integrale-neue-nachahmung-kopie-35\/\"]}]},{\"@type\":\"ImageObject\",\"inLanguage\":\"de\",\"@id\":\"https:\/\/turijnmagazijn.nl\/de\/produkt\/dn010-dummy-lancia-delta-integrale-neue-nachahmung-kopie-35\/#primaryimage\",\"url\":\"https:\/\/turijnmagazijn.nl\/wp-content\/uploads\/2025\/11\/DN0100450-Dashboard-clip-achter-ventilatierooster-Delta-Integrale-set-4-st-82421294-5.jpg\",\"contentUrl\":\"https:\/\/turijnmagazijn.nl\/wp-content\/uploads\/2025\/11\/DN0100450-Dashboard-clip-achter-ventilatierooster-Delta-Integrale-set-4-st-82421294-5.jpg\",\"width\":1024,\"height\":768},{\"@type\":\"BreadcrumbList\",\"@id\":\"https:\/\/turijnmagazijn.nl\/de\/produkt\/dn010-dummy-lancia-delta-integrale-neue-nachahmung-kopie-35\/#breadcrumb\",\"itemListElement\":[{\"@type\":\"ListItem\",\"position\":1,\"name\":\"Home\",\"item\":\"https:\/\/turijnmagazijn.nl\/de\/\"},{\"@type\":\"ListItem\",\"position\":2,\"name\":\"Produkte\",\"item\":\"https:\/\/turijnmagazijn.nl\/de\/shop\/\"},{\"@type\":\"ListItem\",\"position\":3,\"name\":\"Armaturenbrett Clip hinter L\u00fcftungsgitter Delta Integrale Satz 4 St\u00fcck\"}]},{\"@type\":\"WebSite\",\"@id\":\"https:\/\/turijnmagazijn.jumpstone-dev.nl\/#website\",\"url\":\"https:\/\/turijnmagazijn.jumpstone-dev.nl\/\",\"name\":\"Turijnmagazijn\",\"description\":\"Onderdelen nieuw en gebruikt - Fiat &amp; Lancia\",\"publisher\":{\"@id\":\"https:\/\/turijnmagazijn.jumpstone-dev.nl\/#organization\"},\"potentialAction\":[{\"@type\":\"SearchAction\",\"target\":{\"@type\":\"EntryPoint\",\"urlTemplate\":\"https:\/\/turijnmagazijn.jumpstone-dev.nl\/?s={search_term_string}\"},\"query-input\":{\"@type\":\"PropertyValueSpecification\",\"valueRequired\":true,\"valueName\":\"search_term_string\"}}],\"inLanguage\":\"de\"},{\"@type\":\"Organization\",\"@id\":\"https:\/\/turijnmagazijn.jumpstone-dev.nl\/#organization\",\"name\":\"Turijnmagazijn\",\"url\":\"https:\/\/turijnmagazijn.jumpstone-dev.nl\/\",\"logo\":{\"@type\":\"ImageObject\",\"inLanguage\":\"de\",\"@id\":\"https:\/\/turijnmagazijn.jumpstone-dev.nl\/#\/schema\/logo\/image\/\",\"url\":\"https:\/\/turijnmagazijn.nl\/wp-content\/uploads\/2021\/02\/turijnmagazijnlogo.png\",\"contentUrl\":\"https:\/\/turijnmagazijn.nl\/wp-content\/uploads\/2021\/02\/turijnmagazijnlogo.png\",\"width\":555,\"height\":270,\"caption\":\"Turijnmagazijn\"},\"image\":{\"@id\":\"https:\/\/turijnmagazijn.jumpstone-dev.nl\/#\/schema\/logo\/image\/\"},\"sameAs\":[\"https:\/\/www.facebook.com\/turijnmagazijn\"]}]}<\/script>\n<!-- \/ Yoast SEO plugin. -->","yoast_head_json":{"title":"Armaturenbrett Clip hinter L\u00fcftungsgitter Delta Integrale Satz 4 St\u00fcck - Turijnmagazijn","robots":{"index":"index","follow":"follow","max-snippet":"max-snippet:-1","max-image-preview":"max-image-preview:large","max-video-preview":"max-video-preview:-1"},"canonical":"https:\/\/turijnmagazijn.nl\/de\/produkt\/dn010-dummy-lancia-delta-integrale-neue-nachahmung-kopie-35\/","og_locale":"de_DE","og_type":"article","og_title":"Armaturenbrett Clip hinter L\u00fcftungsgitter Delta Integrale Satz 4 St\u00fcck - Turijnmagazijn","og_description":"DN0100450 Armaturenbrett-Clip hinter dem L\u00fcftungsgitter Delta Integral Set 4 St\u00fcck 82421294","og_url":"https:\/\/turijnmagazijn.nl\/de\/produkt\/dn010-dummy-lancia-delta-integrale-neue-nachahmung-kopie-35\/","og_site_name":"Turijnmagazijn","article_publisher":"https:\/\/www.facebook.com\/turijnmagazijn","article_modified_time":"2025-11-06T20:53:32+00:00","og_image":[{"width":1024,"height":768,"url":"https:\/\/turijnmagazijn.nl\/wp-content\/uploads\/2025\/11\/DN0100450-Dashboard-clip-achter-ventilatierooster-Delta-Integrale-set-4-st-82421294-5.jpg","type":"image\/jpeg"}],"twitter_card":"summary_large_image","twitter_misc":{"Gesch\u00e4tzte Lesezeit":"1\u00a0Minute"},"schema":{"@context":"https:\/\/schema.org","@graph":[{"@type":"WebPage","@id":"https:\/\/turijnmagazijn.nl\/de\/produkt\/dn010-dummy-lancia-delta-integrale-neue-nachahmung-kopie-35\/","url":"https:\/\/turijnmagazijn.nl\/de\/produkt\/dn010-dummy-lancia-delta-integrale-neue-nachahmung-kopie-35\/","name":"Armaturenbrett Clip hinter L\u00fcftungsgitter Delta Integrale Satz 4 St\u00fcck - Turijnmagazijn","isPartOf":{"@id":"https:\/\/turijnmagazijn.jumpstone-dev.nl\/#website"},"primaryImageOfPage":{"@id":"https:\/\/turijnmagazijn.nl\/de\/produkt\/dn010-dummy-lancia-delta-integrale-neue-nachahmung-kopie-35\/#primaryimage"},"image":{"@id":"https:\/\/turijnmagazijn.nl\/de\/produkt\/dn010-dummy-lancia-delta-integrale-neue-nachahmung-kopie-35\/#primaryimage"},"thumbnailUrl":"https:\/\/turijnmagazijn.nl\/wp-content\/uploads\/2025\/11\/DN0100450-Dashboard-clip-achter-ventilatierooster-Delta-Integrale-set-4-st-82421294-5.jpg","datePublished":"2025-11-06T19:48:37+00:00","dateModified":"2025-11-06T20:53:32+00:00","breadcrumb":{"@id":"https:\/\/turijnmagazijn.nl\/de\/produkt\/dn010-dummy-lancia-delta-integrale-neue-nachahmung-kopie-35\/#breadcrumb"},"inLanguage":"de","potentialAction":[{"@type":"ReadAction","target":["https:\/\/turijnmagazijn.nl\/de\/produkt\/dn010-dummy-lancia-delta-integrale-neue-nachahmung-kopie-35\/"]}]},{"@type":"ImageObject","inLanguage":"de","@id":"https:\/\/turijnmagazijn.nl\/de\/produkt\/dn010-dummy-lancia-delta-integrale-neue-nachahmung-kopie-35\/#primaryimage","url":"https:\/\/turijnmagazijn.nl\/wp-content\/uploads\/2025\/11\/DN0100450-Dashboard-clip-achter-ventilatierooster-Delta-Integrale-set-4-st-82421294-5.jpg","contentUrl":"https:\/\/turijnmagazijn.nl\/wp-content\/uploads\/2025\/11\/DN0100450-Dashboard-clip-achter-ventilatierooster-Delta-Integrale-set-4-st-82421294-5.jpg","width":1024,"height":768},{"@type":"BreadcrumbList","@id":"https:\/\/turijnmagazijn.nl\/de\/produkt\/dn010-dummy-lancia-delta-integrale-neue-nachahmung-kopie-35\/#breadcrumb","itemListElement":[{"@type":"ListItem","position":1,"name":"Home","item":"https:\/\/turijnmagazijn.nl\/de\/"},{"@type":"ListItem","position":2,"name":"Produkte","item":"https:\/\/turijnmagazijn.nl\/de\/shop\/"},{"@type":"ListItem","position":3,"name":"Armaturenbrett Clip hinter L\u00fcftungsgitter Delta Integrale Satz 4 St\u00fcck"}]},{"@type":"WebSite","@id":"https:\/\/turijnmagazijn.jumpstone-dev.nl\/#website","url":"https:\/\/turijnmagazijn.jumpstone-dev.nl\/","name":"Turijnmagazijn","description":"Onderdelen nieuw en gebruikt - Fiat &amp; Lancia","publisher":{"@id":"https:\/\/turijnmagazijn.jumpstone-dev.nl\/#organization"},"potentialAction":[{"@type":"SearchAction","target":{"@type":"EntryPoint","urlTemplate":"https:\/\/turijnmagazijn.jumpstone-dev.nl\/?s={search_term_string}"},"query-input":{"@type":"PropertyValueSpecification","valueRequired":true,"valueName":"search_term_string"}}],"inLanguage":"de"},{"@type":"Organization","@id":"https:\/\/turijnmagazijn.jumpstone-dev.nl\/#organization","name":"Turijnmagazijn","url":"https:\/\/turijnmagazijn.jumpstone-dev.nl\/","logo":{"@type":"ImageObject","inLanguage":"de","@id":"https:\/\/turijnmagazijn.jumpstone-dev.nl\/#\/schema\/logo\/image\/","url":"https:\/\/turijnmagazijn.nl\/wp-content\/uploads\/2021\/02\/turijnmagazijnlogo.png","contentUrl":"https:\/\/turijnmagazijn.nl\/wp-content\/uploads\/2021\/02\/turijnmagazijnlogo.png","width":555,"height":270,"caption":"Turijnmagazijn"},"image":{"@id":"https:\/\/turijnmagazijn.jumpstone-dev.nl\/#\/schema\/logo\/image\/"},"sameAs":["https:\/\/www.facebook.com\/turijnmagazijn"]}]}},"_links":{"self":[{"href":"https:\/\/turijnmagazijn.nl\/de\/wp-json\/wp\/v2\/product\/95564","targetHints":{"allow":["GET"]}}],"collection":[{"href":"https:\/\/turijnmagazijn.nl\/de\/wp-json\/wp\/v2\/product"}],"about":[{"href":"https:\/\/turijnmagazijn.nl\/de\/wp-json\/wp\/v2\/types\/product"}],"replies":[{"embeddable":true,"href":"https:\/\/turijnmagazijn.nl\/de\/wp-json\/wp\/v2\/comments?post=95564"}],"wp:featuredmedia":[{"embeddable":true,"href":"https:\/\/turijnmagazijn.nl\/de\/wp-json\/wp\/v2\/media\/95581"}],"wp:attachment":[{"href":"https:\/\/turijnmagazijn.nl\/de\/wp-json\/wp\/v2\/media?parent=95564"}],"wp:term":[{"taxonomy":"product_brand","embeddable":true,"href":"https:\/\/turijnmagazijn.nl\/de\/wp-json\/wp\/v2\/product_brand?post=95564"},{"taxonomy":"product_cat","embeddable":true,"href":"https:\/\/turijnmagazijn.nl\/de\/wp-json\/wp\/v2\/product_cat?post=95564"},{"taxonomy":"product_tag","embeddable":true,"href":"https:\/\/turijnmagazijn.nl\/de\/wp-json\/wp\/v2\/product_tag?post=95564"}],"curies":[{"name":"wp","href":"https:\/\/api.w.org\/{rel}","templated":true}]}}