{"id":96406,"date":"2025-12-21T19:12:07","date_gmt":"2025-12-21T18:12:07","guid":{"rendered":"https:\/\/turijnmagazijn.nl\/?post_type=product&#038;p=96406"},"modified":"2026-01-12T08:42:12","modified_gmt":"2026-01-12T07:42:12","slug":"schlusselanhanger-lancia-delta-hf-logo-neu-kopie","status":"publish","type":"product","link":"https:\/\/turijnmagazijn.nl\/de\/produkt\/schlusselanhanger-lancia-delta-hf-logo-neu-kopie\/","title":{"rendered":"Schl\u00fcsselanh\u00e4nger blau Martini Racing Clip"},"content":{"rendered":"<p>Neues Originalprodukt. Martini Schl\u00fcsselanh\u00e4nger zum Anstecken.<\/p>\n<p>Verchromtes Metallgeh\u00e4use mit blauer Kunststoffinnenseite, ausgestattet mit einem LED-Licht und der M\u00f6glichkeit, eine Batterie einzulegen. Wird ohne Batterie geliefert. Operation unbekannt.<\/p>\n<p>Ein sch\u00f6nes Gadget f\u00fcr den Enthusiasten.<\/p>\n<p>Dieser Schl\u00fcsselanh\u00e4nger ist ein sch\u00f6nes Qualit\u00e4tsobjekt.<\/p>\n<p>Auf der Vorderseite steht Martini Racing und die unscheinbaren roten, blauen Streifen, und auf der anderen Seite befindet sich der Knopf zur Bedienung des Lichts.<\/p>\n<p>Lieferung in Originalverpackung. Nie benutzt, also in neuem Zustand!<\/p>\n<p>Die Ma\u00dfe des Schleieranh\u00e4ngers sind ungef\u00e4hr 55x35mm.<\/p>\n","protected":false},"excerpt":{"rendered":"<p>Schl\u00fcsselanh\u00e4nger Lancia Delta mit Aufschrift Martini Racing. Sehr sch\u00f6n f\u00fcr den Delta HF Integrale.<\/p>\n","protected":false},"featured_media":96455,"comment_status":"closed","ping_status":"closed","template":"","meta":{"_acf_changed":false},"product_brand":[],"product_cat":[1811,1847,1849,1807,1844,1817,1822,1826,1834,1829,1839,1797],"product_tag":[],"class_list":{"0":"post-96406","1":"product","2":"type-product","3":"status-publish","4":"has-post-thumbnail","6":"product_cat-1-1-1-3-1-5-de","7":"product_cat-3-deurs-hpe-de","8":"product_cat-5-deurs-de","9":"product_cat-delta-1-831-de","10":"product_cat-delta-2-836-de","11":"product_cat-gt-i-e-de","12":"product_cat-hf-4wd-de","13":"product_cat-hf-turbo-de","14":"product_cat-integrale-16v-de","15":"product_cat-integrale-8v-de","16":"product_cat-integrale-evo-de","17":"product_cat-lancia-de","18":"pa_soort-onderdeel-schlusselanhanger-und-aufkleber","20":"first","21":"instock","22":"shipping-taxable","23":"purchasable","24":"product-type-simple"},"acf":[],"yoast_head":"<!-- This site is optimized with the Yoast SEO plugin v27.2 - https:\/\/yoast.com\/product\/yoast-seo-wordpress\/ -->\n<title>Schl\u00fcsselanh\u00e4nger blau Martini Racing Clip - Turijnmagazijn<\/title>\n<meta name=\"robots\" content=\"index, follow, max-snippet:-1, max-image-preview:large, max-video-preview:-1\" \/>\n<link rel=\"canonical\" href=\"https:\/\/turijnmagazijn.nl\/de\/produkt\/schlusselanhanger-lancia-delta-hf-logo-neu-kopie\/\" \/>\n<meta property=\"og:locale\" content=\"de_DE\" \/>\n<meta property=\"og:type\" content=\"article\" \/>\n<meta property=\"og:title\" content=\"Schl\u00fcsselanh\u00e4nger blau Martini Racing Clip - Turijnmagazijn\" \/>\n<meta property=\"og:description\" content=\"Schl\u00fcsselanh\u00e4nger Lancia Delta mit Aufschrift Martini Racing. Sehr sch\u00f6n f\u00fcr den Delta HF Integrale.\" \/>\n<meta property=\"og:url\" content=\"https:\/\/turijnmagazijn.nl\/de\/produkt\/schlusselanhanger-lancia-delta-hf-logo-neu-kopie\/\" \/>\n<meta property=\"og:site_name\" content=\"Turijnmagazijn\" \/>\n<meta property=\"article:publisher\" content=\"https:\/\/www.facebook.com\/turijnmagazijn\" \/>\n<meta property=\"article:modified_time\" content=\"2026-01-12T07:42:12+00:00\" \/>\n<meta property=\"og:image\" content=\"https:\/\/turijnmagazijn.nl\/wp-content\/uploads\/2025\/12\/DK0102776-Sleutelhanger-blauw-Martini-Racing-clip-6-e1766343024191.jpg\" \/>\n\t<meta property=\"og:image:width\" content=\"1620\" \/>\n\t<meta property=\"og:image:height\" content=\"1152\" \/>\n\t<meta property=\"og:image:type\" content=\"image\/jpeg\" \/>\n<meta name=\"twitter:card\" content=\"summary_large_image\" \/>\n<script type=\"application\/ld+json\" class=\"yoast-schema-graph\">{\"@context\":\"https:\/\/schema.org\",\"@graph\":[{\"@type\":\"WebPage\",\"@id\":\"https:\/\/turijnmagazijn.nl\/de\/produkt\/schlusselanhanger-lancia-delta-hf-logo-neu-kopie\/\",\"url\":\"https:\/\/turijnmagazijn.nl\/de\/produkt\/schlusselanhanger-lancia-delta-hf-logo-neu-kopie\/\",\"name\":\"Schl\u00fcsselanh\u00e4nger blau Martini Racing Clip - Turijnmagazijn\",\"isPartOf\":{\"@id\":\"https:\/\/turijnmagazijn.jumpstone-dev.nl\/#website\"},\"primaryImageOfPage\":{\"@id\":\"https:\/\/turijnmagazijn.nl\/de\/produkt\/schlusselanhanger-lancia-delta-hf-logo-neu-kopie\/#primaryimage\"},\"image\":{\"@id\":\"https:\/\/turijnmagazijn.nl\/de\/produkt\/schlusselanhanger-lancia-delta-hf-logo-neu-kopie\/#primaryimage\"},\"thumbnailUrl\":\"https:\/\/turijnmagazijn.nl\/wp-content\/uploads\/2025\/12\/DK0102776-Sleutelhanger-blauw-Martini-Racing-clip-6-e1766343024191.jpg\",\"datePublished\":\"2025-12-21T18:12:07+00:00\",\"dateModified\":\"2026-01-12T07:42:12+00:00\",\"breadcrumb\":{\"@id\":\"https:\/\/turijnmagazijn.nl\/de\/produkt\/schlusselanhanger-lancia-delta-hf-logo-neu-kopie\/#breadcrumb\"},\"inLanguage\":\"de\",\"potentialAction\":[{\"@type\":\"ReadAction\",\"target\":[\"https:\/\/turijnmagazijn.nl\/de\/produkt\/schlusselanhanger-lancia-delta-hf-logo-neu-kopie\/\"]}]},{\"@type\":\"ImageObject\",\"inLanguage\":\"de\",\"@id\":\"https:\/\/turijnmagazijn.nl\/de\/produkt\/schlusselanhanger-lancia-delta-hf-logo-neu-kopie\/#primaryimage\",\"url\":\"https:\/\/turijnmagazijn.nl\/wp-content\/uploads\/2025\/12\/DK0102776-Sleutelhanger-blauw-Martini-Racing-clip-6-e1766343024191.jpg\",\"contentUrl\":\"https:\/\/turijnmagazijn.nl\/wp-content\/uploads\/2025\/12\/DK0102776-Sleutelhanger-blauw-Martini-Racing-clip-6-e1766343024191.jpg\",\"width\":1620,\"height\":1152},{\"@type\":\"BreadcrumbList\",\"@id\":\"https:\/\/turijnmagazijn.nl\/de\/produkt\/schlusselanhanger-lancia-delta-hf-logo-neu-kopie\/#breadcrumb\",\"itemListElement\":[{\"@type\":\"ListItem\",\"position\":1,\"name\":\"Home\",\"item\":\"https:\/\/turijnmagazijn.nl\/de\/\"},{\"@type\":\"ListItem\",\"position\":2,\"name\":\"Produkte\",\"item\":\"https:\/\/turijnmagazijn.nl\/de\/shop\/\"},{\"@type\":\"ListItem\",\"position\":3,\"name\":\"Schl\u00fcsselanh\u00e4nger blau Martini Racing Clip\"}]},{\"@type\":\"WebSite\",\"@id\":\"https:\/\/turijnmagazijn.jumpstone-dev.nl\/#website\",\"url\":\"https:\/\/turijnmagazijn.jumpstone-dev.nl\/\",\"name\":\"Turijnmagazijn\",\"description\":\"Onderdelen nieuw en gebruikt - Fiat &amp; Lancia\",\"publisher\":{\"@id\":\"https:\/\/turijnmagazijn.jumpstone-dev.nl\/#organization\"},\"potentialAction\":[{\"@type\":\"SearchAction\",\"target\":{\"@type\":\"EntryPoint\",\"urlTemplate\":\"https:\/\/turijnmagazijn.jumpstone-dev.nl\/?s={search_term_string}\"},\"query-input\":{\"@type\":\"PropertyValueSpecification\",\"valueRequired\":true,\"valueName\":\"search_term_string\"}}],\"inLanguage\":\"de\"},{\"@type\":\"Organization\",\"@id\":\"https:\/\/turijnmagazijn.jumpstone-dev.nl\/#organization\",\"name\":\"Turijnmagazijn\",\"url\":\"https:\/\/turijnmagazijn.jumpstone-dev.nl\/\",\"logo\":{\"@type\":\"ImageObject\",\"inLanguage\":\"de\",\"@id\":\"https:\/\/turijnmagazijn.jumpstone-dev.nl\/#\/schema\/logo\/image\/\",\"url\":\"https:\/\/turijnmagazijn.nl\/wp-content\/uploads\/2021\/02\/turijnmagazijnlogo.png\",\"contentUrl\":\"https:\/\/turijnmagazijn.nl\/wp-content\/uploads\/2021\/02\/turijnmagazijnlogo.png\",\"width\":555,\"height\":270,\"caption\":\"Turijnmagazijn\"},\"image\":{\"@id\":\"https:\/\/turijnmagazijn.jumpstone-dev.nl\/#\/schema\/logo\/image\/\"},\"sameAs\":[\"https:\/\/www.facebook.com\/turijnmagazijn\"]}]}<\/script>\n<!-- \/ Yoast SEO plugin. -->","yoast_head_json":{"title":"Schl\u00fcsselanh\u00e4nger blau Martini Racing Clip - Turijnmagazijn","robots":{"index":"index","follow":"follow","max-snippet":"max-snippet:-1","max-image-preview":"max-image-preview:large","max-video-preview":"max-video-preview:-1"},"canonical":"https:\/\/turijnmagazijn.nl\/de\/produkt\/schlusselanhanger-lancia-delta-hf-logo-neu-kopie\/","og_locale":"de_DE","og_type":"article","og_title":"Schl\u00fcsselanh\u00e4nger blau Martini Racing Clip - Turijnmagazijn","og_description":"Schl\u00fcsselanh\u00e4nger Lancia Delta mit Aufschrift Martini Racing. Sehr sch\u00f6n f\u00fcr den Delta HF Integrale.","og_url":"https:\/\/turijnmagazijn.nl\/de\/produkt\/schlusselanhanger-lancia-delta-hf-logo-neu-kopie\/","og_site_name":"Turijnmagazijn","article_publisher":"https:\/\/www.facebook.com\/turijnmagazijn","article_modified_time":"2026-01-12T07:42:12+00:00","og_image":[{"width":1620,"height":1152,"url":"https:\/\/turijnmagazijn.nl\/wp-content\/uploads\/2025\/12\/DK0102776-Sleutelhanger-blauw-Martini-Racing-clip-6-e1766343024191.jpg","type":"image\/jpeg"}],"twitter_card":"summary_large_image","schema":{"@context":"https:\/\/schema.org","@graph":[{"@type":"WebPage","@id":"https:\/\/turijnmagazijn.nl\/de\/produkt\/schlusselanhanger-lancia-delta-hf-logo-neu-kopie\/","url":"https:\/\/turijnmagazijn.nl\/de\/produkt\/schlusselanhanger-lancia-delta-hf-logo-neu-kopie\/","name":"Schl\u00fcsselanh\u00e4nger blau Martini Racing Clip - Turijnmagazijn","isPartOf":{"@id":"https:\/\/turijnmagazijn.jumpstone-dev.nl\/#website"},"primaryImageOfPage":{"@id":"https:\/\/turijnmagazijn.nl\/de\/produkt\/schlusselanhanger-lancia-delta-hf-logo-neu-kopie\/#primaryimage"},"image":{"@id":"https:\/\/turijnmagazijn.nl\/de\/produkt\/schlusselanhanger-lancia-delta-hf-logo-neu-kopie\/#primaryimage"},"thumbnailUrl":"https:\/\/turijnmagazijn.nl\/wp-content\/uploads\/2025\/12\/DK0102776-Sleutelhanger-blauw-Martini-Racing-clip-6-e1766343024191.jpg","datePublished":"2025-12-21T18:12:07+00:00","dateModified":"2026-01-12T07:42:12+00:00","breadcrumb":{"@id":"https:\/\/turijnmagazijn.nl\/de\/produkt\/schlusselanhanger-lancia-delta-hf-logo-neu-kopie\/#breadcrumb"},"inLanguage":"de","potentialAction":[{"@type":"ReadAction","target":["https:\/\/turijnmagazijn.nl\/de\/produkt\/schlusselanhanger-lancia-delta-hf-logo-neu-kopie\/"]}]},{"@type":"ImageObject","inLanguage":"de","@id":"https:\/\/turijnmagazijn.nl\/de\/produkt\/schlusselanhanger-lancia-delta-hf-logo-neu-kopie\/#primaryimage","url":"https:\/\/turijnmagazijn.nl\/wp-content\/uploads\/2025\/12\/DK0102776-Sleutelhanger-blauw-Martini-Racing-clip-6-e1766343024191.jpg","contentUrl":"https:\/\/turijnmagazijn.nl\/wp-content\/uploads\/2025\/12\/DK0102776-Sleutelhanger-blauw-Martini-Racing-clip-6-e1766343024191.jpg","width":1620,"height":1152},{"@type":"BreadcrumbList","@id":"https:\/\/turijnmagazijn.nl\/de\/produkt\/schlusselanhanger-lancia-delta-hf-logo-neu-kopie\/#breadcrumb","itemListElement":[{"@type":"ListItem","position":1,"name":"Home","item":"https:\/\/turijnmagazijn.nl\/de\/"},{"@type":"ListItem","position":2,"name":"Produkte","item":"https:\/\/turijnmagazijn.nl\/de\/shop\/"},{"@type":"ListItem","position":3,"name":"Schl\u00fcsselanh\u00e4nger blau Martini Racing Clip"}]},{"@type":"WebSite","@id":"https:\/\/turijnmagazijn.jumpstone-dev.nl\/#website","url":"https:\/\/turijnmagazijn.jumpstone-dev.nl\/","name":"Turijnmagazijn","description":"Onderdelen nieuw en gebruikt - Fiat &amp; Lancia","publisher":{"@id":"https:\/\/turijnmagazijn.jumpstone-dev.nl\/#organization"},"potentialAction":[{"@type":"SearchAction","target":{"@type":"EntryPoint","urlTemplate":"https:\/\/turijnmagazijn.jumpstone-dev.nl\/?s={search_term_string}"},"query-input":{"@type":"PropertyValueSpecification","valueRequired":true,"valueName":"search_term_string"}}],"inLanguage":"de"},{"@type":"Organization","@id":"https:\/\/turijnmagazijn.jumpstone-dev.nl\/#organization","name":"Turijnmagazijn","url":"https:\/\/turijnmagazijn.jumpstone-dev.nl\/","logo":{"@type":"ImageObject","inLanguage":"de","@id":"https:\/\/turijnmagazijn.jumpstone-dev.nl\/#\/schema\/logo\/image\/","url":"https:\/\/turijnmagazijn.nl\/wp-content\/uploads\/2021\/02\/turijnmagazijnlogo.png","contentUrl":"https:\/\/turijnmagazijn.nl\/wp-content\/uploads\/2021\/02\/turijnmagazijnlogo.png","width":555,"height":270,"caption":"Turijnmagazijn"},"image":{"@id":"https:\/\/turijnmagazijn.jumpstone-dev.nl\/#\/schema\/logo\/image\/"},"sameAs":["https:\/\/www.facebook.com\/turijnmagazijn"]}]}},"_links":{"self":[{"href":"https:\/\/turijnmagazijn.nl\/de\/wp-json\/wp\/v2\/product\/96406","targetHints":{"allow":["GET"]}}],"collection":[{"href":"https:\/\/turijnmagazijn.nl\/de\/wp-json\/wp\/v2\/product"}],"about":[{"href":"https:\/\/turijnmagazijn.nl\/de\/wp-json\/wp\/v2\/types\/product"}],"replies":[{"embeddable":true,"href":"https:\/\/turijnmagazijn.nl\/de\/wp-json\/wp\/v2\/comments?post=96406"}],"wp:featuredmedia":[{"embeddable":true,"href":"https:\/\/turijnmagazijn.nl\/de\/wp-json\/wp\/v2\/media\/96455"}],"wp:attachment":[{"href":"https:\/\/turijnmagazijn.nl\/de\/wp-json\/wp\/v2\/media?parent=96406"}],"wp:term":[{"taxonomy":"product_brand","embeddable":true,"href":"https:\/\/turijnmagazijn.nl\/de\/wp-json\/wp\/v2\/product_brand?post=96406"},{"taxonomy":"product_cat","embeddable":true,"href":"https:\/\/turijnmagazijn.nl\/de\/wp-json\/wp\/v2\/product_cat?post=96406"},{"taxonomy":"product_tag","embeddable":true,"href":"https:\/\/turijnmagazijn.nl\/de\/wp-json\/wp\/v2\/product_tag?post=96406"}],"curies":[{"name":"wp","href":"https:\/\/api.w.org\/{rel}","templated":true}]}}