{"id":96542,"date":"2025-12-28T16:18:49","date_gmt":"2025-12-28T15:18:49","guid":{"rendered":"https:\/\/turijnmagazijn.nl\/?post_type=product&#038;p=96542"},"modified":"2026-01-11T17:02:34","modified_gmt":"2026-01-11T16:02:34","slug":"sicherungskasten-armaturenbrett-alfa-166-kopie","status":"publish","type":"product","link":"https:\/\/turijnmagazijn.nl\/de\/produkt\/sicherungskasten-armaturenbrett-alfa-166-kopie\/","title":{"rendered":"Sicherungskasten Armaturenbrett Fiat Croma 1 Lancia Thema 1"},"content":{"rendered":"<p>Sicherungskasten f\u00fcr unter das Armaturenbrett auf der Fahrerseite des Lancia Thema 1 oder des Fiat Croma 1. Gebrauchtes Ger\u00e4t in gutem Zustand. Der Sicherungskasten wird aus einem gut funktionierenden Auto demontiert und ist mit allen notwendigen Sicherungen f\u00fcr die Ausf\u00fchrung ausgestattet, aus der der Sicherungskasten stammt. Das Ger\u00e4t enth\u00e4lt KEIN RELAIS. Je nach Ausf\u00fchrung m\u00fcssen einige Sicherungen f\u00fcr zus\u00e4tzliche Systeme hinzugef\u00fcgt werden. Das ist nat\u00fcrlich ganz einfach.<\/p>\n<p>OEM-Nummer Lancia 82462137<\/p>\n","protected":false},"excerpt":{"rendered":"<p>82462137 Sicherungskasten Lancia Thema 1 und Fiat Croma 1. Sicherungskasten f\u00fcr unter dem Armaturenbrett auf der Fahrerseite. Sicherungskasten Armaturenbrett.<\/p>\n","protected":false},"featured_media":96584,"comment_status":"open","ping_status":"closed","template":"","meta":{"_acf_changed":false},"product_brand":[],"product_cat":[1721,1689,1797,1894,1904,1900],"product_tag":[],"class_list":{"0":"post-96542","1":"product","2":"type-product","3":"status-publish","4":"has-post-thumbnail","6":"product_cat-croma-1-154-de","7":"product_cat-fiat-de","8":"product_cat-lancia-de","9":"product_cat-thema-834-de","10":"product_cat-thema-sedan-de","11":"product_cat-thema-sw-de","12":"pa_soort-onderdeel-elektronica-en-kabels","13":"pa_soort-onderdeel-elektronik-und-kabel","15":"first","16":"instock","17":"shipping-taxable","18":"purchasable","19":"product-type-simple"},"acf":[],"yoast_head":"<!-- This site is optimized with the Yoast SEO plugin v27.2 - https:\/\/yoast.com\/product\/yoast-seo-wordpress\/ -->\n<title>Sicherungskasten Armaturenbrett Fiat Croma 1 Lancia Thema 1 - Turijnmagazijn<\/title>\n<meta name=\"robots\" content=\"index, follow, max-snippet:-1, max-image-preview:large, max-video-preview:-1\" \/>\n<link rel=\"canonical\" href=\"https:\/\/turijnmagazijn.nl\/de\/produkt\/sicherungskasten-armaturenbrett-alfa-166-kopie\/\" \/>\n<meta property=\"og:locale\" content=\"de_DE\" \/>\n<meta property=\"og:type\" content=\"article\" \/>\n<meta property=\"og:title\" content=\"Sicherungskasten Armaturenbrett Fiat Croma 1 Lancia Thema 1 - Turijnmagazijn\" \/>\n<meta property=\"og:description\" content=\"82462137 Sicherungskasten Lancia Thema 1 und Fiat Croma 1. Sicherungskasten f\u00fcr unter dem Armaturenbrett auf der Fahrerseite. Sicherungskasten Armaturenbrett.\" \/>\n<meta property=\"og:url\" content=\"https:\/\/turijnmagazijn.nl\/de\/produkt\/sicherungskasten-armaturenbrett-alfa-166-kopie\/\" \/>\n<meta property=\"og:site_name\" content=\"Turijnmagazijn\" \/>\n<meta property=\"article:publisher\" content=\"https:\/\/www.facebook.com\/turijnmagazijn\" \/>\n<meta property=\"article:modified_time\" content=\"2026-01-11T16:02:34+00:00\" \/>\n<meta property=\"og:image\" content=\"https:\/\/turijnmagazijn.nl\/wp-content\/uploads\/2025\/12\/DK0102777-Zekeringkast-dashboard-Fiat-Croma-1-Lancia-Thema-1-82462137.png\" \/>\n\t<meta property=\"og:image:width\" content=\"1280\" \/>\n\t<meta property=\"og:image:height\" content=\"800\" \/>\n\t<meta property=\"og:image:type\" content=\"image\/png\" \/>\n<meta name=\"twitter:card\" content=\"summary_large_image\" \/>\n<script type=\"application\/ld+json\" class=\"yoast-schema-graph\">{\"@context\":\"https:\/\/schema.org\",\"@graph\":[{\"@type\":\"WebPage\",\"@id\":\"https:\/\/turijnmagazijn.nl\/de\/produkt\/sicherungskasten-armaturenbrett-alfa-166-kopie\/\",\"url\":\"https:\/\/turijnmagazijn.nl\/de\/produkt\/sicherungskasten-armaturenbrett-alfa-166-kopie\/\",\"name\":\"Sicherungskasten Armaturenbrett Fiat Croma 1 Lancia Thema 1 - Turijnmagazijn\",\"isPartOf\":{\"@id\":\"https:\/\/turijnmagazijn.jumpstone-dev.nl\/#website\"},\"primaryImageOfPage\":{\"@id\":\"https:\/\/turijnmagazijn.nl\/de\/produkt\/sicherungskasten-armaturenbrett-alfa-166-kopie\/#primaryimage\"},\"image\":{\"@id\":\"https:\/\/turijnmagazijn.nl\/de\/produkt\/sicherungskasten-armaturenbrett-alfa-166-kopie\/#primaryimage\"},\"thumbnailUrl\":\"https:\/\/turijnmagazijn.nl\/wp-content\/uploads\/2025\/12\/DK0102777-Zekeringkast-dashboard-Fiat-Croma-1-Lancia-Thema-1-82462137.png\",\"datePublished\":\"2025-12-28T15:18:49+00:00\",\"dateModified\":\"2026-01-11T16:02:34+00:00\",\"breadcrumb\":{\"@id\":\"https:\/\/turijnmagazijn.nl\/de\/produkt\/sicherungskasten-armaturenbrett-alfa-166-kopie\/#breadcrumb\"},\"inLanguage\":\"de\",\"potentialAction\":[{\"@type\":\"ReadAction\",\"target\":[\"https:\/\/turijnmagazijn.nl\/de\/produkt\/sicherungskasten-armaturenbrett-alfa-166-kopie\/\"]}]},{\"@type\":\"ImageObject\",\"inLanguage\":\"de\",\"@id\":\"https:\/\/turijnmagazijn.nl\/de\/produkt\/sicherungskasten-armaturenbrett-alfa-166-kopie\/#primaryimage\",\"url\":\"https:\/\/turijnmagazijn.nl\/wp-content\/uploads\/2025\/12\/DK0102777-Zekeringkast-dashboard-Fiat-Croma-1-Lancia-Thema-1-82462137.png\",\"contentUrl\":\"https:\/\/turijnmagazijn.nl\/wp-content\/uploads\/2025\/12\/DK0102777-Zekeringkast-dashboard-Fiat-Croma-1-Lancia-Thema-1-82462137.png\",\"width\":1280,\"height\":800},{\"@type\":\"BreadcrumbList\",\"@id\":\"https:\/\/turijnmagazijn.nl\/de\/produkt\/sicherungskasten-armaturenbrett-alfa-166-kopie\/#breadcrumb\",\"itemListElement\":[{\"@type\":\"ListItem\",\"position\":1,\"name\":\"Home\",\"item\":\"https:\/\/turijnmagazijn.nl\/de\/\"},{\"@type\":\"ListItem\",\"position\":2,\"name\":\"Produkte\",\"item\":\"https:\/\/turijnmagazijn.nl\/de\/shop\/\"},{\"@type\":\"ListItem\",\"position\":3,\"name\":\"Sicherungskasten Armaturenbrett Fiat Croma 1 Lancia Thema 1\"}]},{\"@type\":\"WebSite\",\"@id\":\"https:\/\/turijnmagazijn.jumpstone-dev.nl\/#website\",\"url\":\"https:\/\/turijnmagazijn.jumpstone-dev.nl\/\",\"name\":\"Turijnmagazijn\",\"description\":\"Onderdelen nieuw en gebruikt - Fiat &amp; Lancia\",\"publisher\":{\"@id\":\"https:\/\/turijnmagazijn.jumpstone-dev.nl\/#organization\"},\"potentialAction\":[{\"@type\":\"SearchAction\",\"target\":{\"@type\":\"EntryPoint\",\"urlTemplate\":\"https:\/\/turijnmagazijn.jumpstone-dev.nl\/?s={search_term_string}\"},\"query-input\":{\"@type\":\"PropertyValueSpecification\",\"valueRequired\":true,\"valueName\":\"search_term_string\"}}],\"inLanguage\":\"de\"},{\"@type\":\"Organization\",\"@id\":\"https:\/\/turijnmagazijn.jumpstone-dev.nl\/#organization\",\"name\":\"Turijnmagazijn\",\"url\":\"https:\/\/turijnmagazijn.jumpstone-dev.nl\/\",\"logo\":{\"@type\":\"ImageObject\",\"inLanguage\":\"de\",\"@id\":\"https:\/\/turijnmagazijn.jumpstone-dev.nl\/#\/schema\/logo\/image\/\",\"url\":\"https:\/\/turijnmagazijn.nl\/wp-content\/uploads\/2021\/02\/turijnmagazijnlogo.png\",\"contentUrl\":\"https:\/\/turijnmagazijn.nl\/wp-content\/uploads\/2021\/02\/turijnmagazijnlogo.png\",\"width\":555,\"height\":270,\"caption\":\"Turijnmagazijn\"},\"image\":{\"@id\":\"https:\/\/turijnmagazijn.jumpstone-dev.nl\/#\/schema\/logo\/image\/\"},\"sameAs\":[\"https:\/\/www.facebook.com\/turijnmagazijn\"]}]}<\/script>\n<!-- \/ Yoast SEO plugin. -->","yoast_head_json":{"title":"Sicherungskasten Armaturenbrett Fiat Croma 1 Lancia Thema 1 - Turijnmagazijn","robots":{"index":"index","follow":"follow","max-snippet":"max-snippet:-1","max-image-preview":"max-image-preview:large","max-video-preview":"max-video-preview:-1"},"canonical":"https:\/\/turijnmagazijn.nl\/de\/produkt\/sicherungskasten-armaturenbrett-alfa-166-kopie\/","og_locale":"de_DE","og_type":"article","og_title":"Sicherungskasten Armaturenbrett Fiat Croma 1 Lancia Thema 1 - Turijnmagazijn","og_description":"82462137 Sicherungskasten Lancia Thema 1 und Fiat Croma 1. Sicherungskasten f\u00fcr unter dem Armaturenbrett auf der Fahrerseite. Sicherungskasten Armaturenbrett.","og_url":"https:\/\/turijnmagazijn.nl\/de\/produkt\/sicherungskasten-armaturenbrett-alfa-166-kopie\/","og_site_name":"Turijnmagazijn","article_publisher":"https:\/\/www.facebook.com\/turijnmagazijn","article_modified_time":"2026-01-11T16:02:34+00:00","og_image":[{"width":1280,"height":800,"url":"https:\/\/turijnmagazijn.nl\/wp-content\/uploads\/2025\/12\/DK0102777-Zekeringkast-dashboard-Fiat-Croma-1-Lancia-Thema-1-82462137.png","type":"image\/png"}],"twitter_card":"summary_large_image","schema":{"@context":"https:\/\/schema.org","@graph":[{"@type":"WebPage","@id":"https:\/\/turijnmagazijn.nl\/de\/produkt\/sicherungskasten-armaturenbrett-alfa-166-kopie\/","url":"https:\/\/turijnmagazijn.nl\/de\/produkt\/sicherungskasten-armaturenbrett-alfa-166-kopie\/","name":"Sicherungskasten Armaturenbrett Fiat Croma 1 Lancia Thema 1 - Turijnmagazijn","isPartOf":{"@id":"https:\/\/turijnmagazijn.jumpstone-dev.nl\/#website"},"primaryImageOfPage":{"@id":"https:\/\/turijnmagazijn.nl\/de\/produkt\/sicherungskasten-armaturenbrett-alfa-166-kopie\/#primaryimage"},"image":{"@id":"https:\/\/turijnmagazijn.nl\/de\/produkt\/sicherungskasten-armaturenbrett-alfa-166-kopie\/#primaryimage"},"thumbnailUrl":"https:\/\/turijnmagazijn.nl\/wp-content\/uploads\/2025\/12\/DK0102777-Zekeringkast-dashboard-Fiat-Croma-1-Lancia-Thema-1-82462137.png","datePublished":"2025-12-28T15:18:49+00:00","dateModified":"2026-01-11T16:02:34+00:00","breadcrumb":{"@id":"https:\/\/turijnmagazijn.nl\/de\/produkt\/sicherungskasten-armaturenbrett-alfa-166-kopie\/#breadcrumb"},"inLanguage":"de","potentialAction":[{"@type":"ReadAction","target":["https:\/\/turijnmagazijn.nl\/de\/produkt\/sicherungskasten-armaturenbrett-alfa-166-kopie\/"]}]},{"@type":"ImageObject","inLanguage":"de","@id":"https:\/\/turijnmagazijn.nl\/de\/produkt\/sicherungskasten-armaturenbrett-alfa-166-kopie\/#primaryimage","url":"https:\/\/turijnmagazijn.nl\/wp-content\/uploads\/2025\/12\/DK0102777-Zekeringkast-dashboard-Fiat-Croma-1-Lancia-Thema-1-82462137.png","contentUrl":"https:\/\/turijnmagazijn.nl\/wp-content\/uploads\/2025\/12\/DK0102777-Zekeringkast-dashboard-Fiat-Croma-1-Lancia-Thema-1-82462137.png","width":1280,"height":800},{"@type":"BreadcrumbList","@id":"https:\/\/turijnmagazijn.nl\/de\/produkt\/sicherungskasten-armaturenbrett-alfa-166-kopie\/#breadcrumb","itemListElement":[{"@type":"ListItem","position":1,"name":"Home","item":"https:\/\/turijnmagazijn.nl\/de\/"},{"@type":"ListItem","position":2,"name":"Produkte","item":"https:\/\/turijnmagazijn.nl\/de\/shop\/"},{"@type":"ListItem","position":3,"name":"Sicherungskasten Armaturenbrett Fiat Croma 1 Lancia Thema 1"}]},{"@type":"WebSite","@id":"https:\/\/turijnmagazijn.jumpstone-dev.nl\/#website","url":"https:\/\/turijnmagazijn.jumpstone-dev.nl\/","name":"Turijnmagazijn","description":"Onderdelen nieuw en gebruikt - Fiat &amp; Lancia","publisher":{"@id":"https:\/\/turijnmagazijn.jumpstone-dev.nl\/#organization"},"potentialAction":[{"@type":"SearchAction","target":{"@type":"EntryPoint","urlTemplate":"https:\/\/turijnmagazijn.jumpstone-dev.nl\/?s={search_term_string}"},"query-input":{"@type":"PropertyValueSpecification","valueRequired":true,"valueName":"search_term_string"}}],"inLanguage":"de"},{"@type":"Organization","@id":"https:\/\/turijnmagazijn.jumpstone-dev.nl\/#organization","name":"Turijnmagazijn","url":"https:\/\/turijnmagazijn.jumpstone-dev.nl\/","logo":{"@type":"ImageObject","inLanguage":"de","@id":"https:\/\/turijnmagazijn.jumpstone-dev.nl\/#\/schema\/logo\/image\/","url":"https:\/\/turijnmagazijn.nl\/wp-content\/uploads\/2021\/02\/turijnmagazijnlogo.png","contentUrl":"https:\/\/turijnmagazijn.nl\/wp-content\/uploads\/2021\/02\/turijnmagazijnlogo.png","width":555,"height":270,"caption":"Turijnmagazijn"},"image":{"@id":"https:\/\/turijnmagazijn.jumpstone-dev.nl\/#\/schema\/logo\/image\/"},"sameAs":["https:\/\/www.facebook.com\/turijnmagazijn"]}]}},"_links":{"self":[{"href":"https:\/\/turijnmagazijn.nl\/de\/wp-json\/wp\/v2\/product\/96542","targetHints":{"allow":["GET"]}}],"collection":[{"href":"https:\/\/turijnmagazijn.nl\/de\/wp-json\/wp\/v2\/product"}],"about":[{"href":"https:\/\/turijnmagazijn.nl\/de\/wp-json\/wp\/v2\/types\/product"}],"replies":[{"embeddable":true,"href":"https:\/\/turijnmagazijn.nl\/de\/wp-json\/wp\/v2\/comments?post=96542"}],"wp:featuredmedia":[{"embeddable":true,"href":"https:\/\/turijnmagazijn.nl\/de\/wp-json\/wp\/v2\/media\/96584"}],"wp:attachment":[{"href":"https:\/\/turijnmagazijn.nl\/de\/wp-json\/wp\/v2\/media?parent=96542"}],"wp:term":[{"taxonomy":"product_brand","embeddable":true,"href":"https:\/\/turijnmagazijn.nl\/de\/wp-json\/wp\/v2\/product_brand?post=96542"},{"taxonomy":"product_cat","embeddable":true,"href":"https:\/\/turijnmagazijn.nl\/de\/wp-json\/wp\/v2\/product_cat?post=96542"},{"taxonomy":"product_tag","embeddable":true,"href":"https:\/\/turijnmagazijn.nl\/de\/wp-json\/wp\/v2\/product_tag?post=96542"}],"curies":[{"name":"wp","href":"https:\/\/api.w.org\/{rel}","templated":true}]}}