{"id":96642,"date":"2025-12-30T09:18:59","date_gmt":"2025-12-30T08:18:59","guid":{"rendered":"https:\/\/turijnmagazijn.nl\/?post_type=product&#038;p=96642"},"modified":"2026-01-11T16:59:30","modified_gmt":"2026-01-11T15:59:30","slug":"deckelschaltung-getriebe-lancia-delta-integrale-kopie","status":"publish","type":"product","link":"https:\/\/turijnmagazijn.nl\/de\/produkt\/deckelschaltung-getriebe-lancia-delta-integrale-kopie\/","title":{"rendered":"Getriebedeckel Lancia Delta Integrale Nachbau"},"content":{"rendered":"<p>Neue Nachahmungsabdeckung zur Abschirmung des Schaltmechanismus oben auf dem Getriebe. Handelt sich um einen 3D-Druck aus schwarzem PLA auf der Grundlage eines Scans des Originals, entspricht also genau dem Originaldesign.<br \/>\nDie Abdeckung sch\u00fctzt den Schaltkn\u00fcppel vor Schmutz und Feuchtigkeit. Die Abdeckung fehlt oft, was auf Dauer zu Problemen f\u00fchren kann.<br \/>\nBetrifft nur die Abdeckung ohne Klammern und ohne Gummidichtung.<br \/>\nTeil Nummer 3 auf der technischen Zeichnung von EPER Zeichnungsnummer 2120700001 bez\u00fcglich der Anwendung am Lancia Delta Integrale. Pro Fahrzeug ist ein Exemplar dieses Teils erforderlich.<br \/>\nOEM lancia 7546769 als Referenz.   <\/p>\n","protected":false},"excerpt":{"rendered":"<p>7546769 Schalthebelabdeckung Lancia Delta Integrale &#8211; Nachbauartikel. 3d-Druck in schwarzem PLA. <\/p>\n","protected":false},"featured_media":96891,"comment_status":"open","ping_status":"closed","template":"","meta":{"_acf_changed":false},"product_brand":[],"product_cat":[1807,1817,1822,1826,1834,1829,1839,1797],"product_tag":[],"class_list":{"0":"post-96642","1":"product","2":"type-product","3":"status-publish","4":"has-post-thumbnail","6":"product_cat-delta-1-831-de","7":"product_cat-gt-i-e-de","8":"product_cat-hf-4wd-de","9":"product_cat-hf-turbo-de","10":"product_cat-integrale-16v-de","11":"product_cat-integrale-8v-de","12":"product_cat-integrale-evo-de","13":"product_cat-lancia-de","14":"pa_soort-onderdeel-motor-und-zubehor","16":"first","17":"instock","18":"taxable","19":"shipping-taxable","20":"purchasable","21":"product-type-simple"},"acf":[],"yoast_head":"<!-- This site is optimized with the Yoast SEO plugin v27.2 - https:\/\/yoast.com\/product\/yoast-seo-wordpress\/ -->\n<title>Getriebedeckel Lancia Delta Integrale Nachbau - Turijnmagazijn<\/title>\n<meta name=\"robots\" content=\"index, follow, max-snippet:-1, max-image-preview:large, max-video-preview:-1\" \/>\n<link rel=\"canonical\" href=\"https:\/\/turijnmagazijn.nl\/de\/produkt\/deckelschaltung-getriebe-lancia-delta-integrale-kopie\/\" \/>\n<meta property=\"og:locale\" content=\"de_DE\" \/>\n<meta property=\"og:type\" content=\"article\" \/>\n<meta property=\"og:title\" content=\"Getriebedeckel Lancia Delta Integrale Nachbau - Turijnmagazijn\" \/>\n<meta property=\"og:description\" content=\"7546769 Schalthebelabdeckung Lancia Delta Integrale - Nachbauartikel. 3d-Druck in schwarzem PLA.\" \/>\n<meta property=\"og:url\" content=\"https:\/\/turijnmagazijn.nl\/de\/produkt\/deckelschaltung-getriebe-lancia-delta-integrale-kopie\/\" \/>\n<meta property=\"og:site_name\" content=\"Turijnmagazijn\" \/>\n<meta property=\"article:publisher\" content=\"https:\/\/www.facebook.com\/turijnmagazijn\" \/>\n<meta property=\"article:modified_time\" content=\"2026-01-11T15:59:30+00:00\" \/>\n<meta property=\"og:image\" content=\"https:\/\/turijnmagazijn.nl\/wp-content\/uploads\/2025\/12\/DN0100460-Kap-versnellingsbak-Delta-Integrale-reproductie-7546769-1.jpg\" \/>\n\t<meta property=\"og:image:width\" content=\"2048\" \/>\n\t<meta property=\"og:image:height\" content=\"1152\" \/>\n\t<meta property=\"og:image:type\" content=\"image\/jpeg\" \/>\n<meta name=\"twitter:card\" content=\"summary_large_image\" \/>\n<script type=\"application\/ld+json\" class=\"yoast-schema-graph\">{\"@context\":\"https:\/\/schema.org\",\"@graph\":[{\"@type\":\"WebPage\",\"@id\":\"https:\/\/turijnmagazijn.nl\/de\/produkt\/deckelschaltung-getriebe-lancia-delta-integrale-kopie\/\",\"url\":\"https:\/\/turijnmagazijn.nl\/de\/produkt\/deckelschaltung-getriebe-lancia-delta-integrale-kopie\/\",\"name\":\"Getriebedeckel Lancia Delta Integrale Nachbau - Turijnmagazijn\",\"isPartOf\":{\"@id\":\"https:\/\/turijnmagazijn.jumpstone-dev.nl\/#website\"},\"primaryImageOfPage\":{\"@id\":\"https:\/\/turijnmagazijn.nl\/de\/produkt\/deckelschaltung-getriebe-lancia-delta-integrale-kopie\/#primaryimage\"},\"image\":{\"@id\":\"https:\/\/turijnmagazijn.nl\/de\/produkt\/deckelschaltung-getriebe-lancia-delta-integrale-kopie\/#primaryimage\"},\"thumbnailUrl\":\"https:\/\/turijnmagazijn.nl\/wp-content\/uploads\/2025\/12\/DN0100460-Kap-versnellingsbak-Delta-Integrale-reproductie-7546769-1.jpg\",\"datePublished\":\"2025-12-30T08:18:59+00:00\",\"dateModified\":\"2026-01-11T15:59:30+00:00\",\"breadcrumb\":{\"@id\":\"https:\/\/turijnmagazijn.nl\/de\/produkt\/deckelschaltung-getriebe-lancia-delta-integrale-kopie\/#breadcrumb\"},\"inLanguage\":\"de\",\"potentialAction\":[{\"@type\":\"ReadAction\",\"target\":[\"https:\/\/turijnmagazijn.nl\/de\/produkt\/deckelschaltung-getriebe-lancia-delta-integrale-kopie\/\"]}]},{\"@type\":\"ImageObject\",\"inLanguage\":\"de\",\"@id\":\"https:\/\/turijnmagazijn.nl\/de\/produkt\/deckelschaltung-getriebe-lancia-delta-integrale-kopie\/#primaryimage\",\"url\":\"https:\/\/turijnmagazijn.nl\/wp-content\/uploads\/2025\/12\/DN0100460-Kap-versnellingsbak-Delta-Integrale-reproductie-7546769-1.jpg\",\"contentUrl\":\"https:\/\/turijnmagazijn.nl\/wp-content\/uploads\/2025\/12\/DN0100460-Kap-versnellingsbak-Delta-Integrale-reproductie-7546769-1.jpg\",\"width\":2048,\"height\":1152},{\"@type\":\"BreadcrumbList\",\"@id\":\"https:\/\/turijnmagazijn.nl\/de\/produkt\/deckelschaltung-getriebe-lancia-delta-integrale-kopie\/#breadcrumb\",\"itemListElement\":[{\"@type\":\"ListItem\",\"position\":1,\"name\":\"Home\",\"item\":\"https:\/\/turijnmagazijn.nl\/de\/\"},{\"@type\":\"ListItem\",\"position\":2,\"name\":\"Produkte\",\"item\":\"https:\/\/turijnmagazijn.nl\/de\/shop\/\"},{\"@type\":\"ListItem\",\"position\":3,\"name\":\"Getriebedeckel Lancia Delta Integrale Nachbau\"}]},{\"@type\":\"WebSite\",\"@id\":\"https:\/\/turijnmagazijn.jumpstone-dev.nl\/#website\",\"url\":\"https:\/\/turijnmagazijn.jumpstone-dev.nl\/\",\"name\":\"Turijnmagazijn\",\"description\":\"Onderdelen nieuw en gebruikt - Fiat &amp; Lancia\",\"publisher\":{\"@id\":\"https:\/\/turijnmagazijn.jumpstone-dev.nl\/#organization\"},\"potentialAction\":[{\"@type\":\"SearchAction\",\"target\":{\"@type\":\"EntryPoint\",\"urlTemplate\":\"https:\/\/turijnmagazijn.jumpstone-dev.nl\/?s={search_term_string}\"},\"query-input\":{\"@type\":\"PropertyValueSpecification\",\"valueRequired\":true,\"valueName\":\"search_term_string\"}}],\"inLanguage\":\"de\"},{\"@type\":\"Organization\",\"@id\":\"https:\/\/turijnmagazijn.jumpstone-dev.nl\/#organization\",\"name\":\"Turijnmagazijn\",\"url\":\"https:\/\/turijnmagazijn.jumpstone-dev.nl\/\",\"logo\":{\"@type\":\"ImageObject\",\"inLanguage\":\"de\",\"@id\":\"https:\/\/turijnmagazijn.jumpstone-dev.nl\/#\/schema\/logo\/image\/\",\"url\":\"https:\/\/turijnmagazijn.nl\/wp-content\/uploads\/2021\/02\/turijnmagazijnlogo.png\",\"contentUrl\":\"https:\/\/turijnmagazijn.nl\/wp-content\/uploads\/2021\/02\/turijnmagazijnlogo.png\",\"width\":555,\"height\":270,\"caption\":\"Turijnmagazijn\"},\"image\":{\"@id\":\"https:\/\/turijnmagazijn.jumpstone-dev.nl\/#\/schema\/logo\/image\/\"},\"sameAs\":[\"https:\/\/www.facebook.com\/turijnmagazijn\"]}]}<\/script>\n<!-- \/ Yoast SEO plugin. -->","yoast_head_json":{"title":"Getriebedeckel Lancia Delta Integrale Nachbau - Turijnmagazijn","robots":{"index":"index","follow":"follow","max-snippet":"max-snippet:-1","max-image-preview":"max-image-preview:large","max-video-preview":"max-video-preview:-1"},"canonical":"https:\/\/turijnmagazijn.nl\/de\/produkt\/deckelschaltung-getriebe-lancia-delta-integrale-kopie\/","og_locale":"de_DE","og_type":"article","og_title":"Getriebedeckel Lancia Delta Integrale Nachbau - Turijnmagazijn","og_description":"7546769 Schalthebelabdeckung Lancia Delta Integrale - Nachbauartikel. 3d-Druck in schwarzem PLA.","og_url":"https:\/\/turijnmagazijn.nl\/de\/produkt\/deckelschaltung-getriebe-lancia-delta-integrale-kopie\/","og_site_name":"Turijnmagazijn","article_publisher":"https:\/\/www.facebook.com\/turijnmagazijn","article_modified_time":"2026-01-11T15:59:30+00:00","og_image":[{"width":2048,"height":1152,"url":"https:\/\/turijnmagazijn.nl\/wp-content\/uploads\/2025\/12\/DN0100460-Kap-versnellingsbak-Delta-Integrale-reproductie-7546769-1.jpg","type":"image\/jpeg"}],"twitter_card":"summary_large_image","schema":{"@context":"https:\/\/schema.org","@graph":[{"@type":"WebPage","@id":"https:\/\/turijnmagazijn.nl\/de\/produkt\/deckelschaltung-getriebe-lancia-delta-integrale-kopie\/","url":"https:\/\/turijnmagazijn.nl\/de\/produkt\/deckelschaltung-getriebe-lancia-delta-integrale-kopie\/","name":"Getriebedeckel Lancia Delta Integrale Nachbau - Turijnmagazijn","isPartOf":{"@id":"https:\/\/turijnmagazijn.jumpstone-dev.nl\/#website"},"primaryImageOfPage":{"@id":"https:\/\/turijnmagazijn.nl\/de\/produkt\/deckelschaltung-getriebe-lancia-delta-integrale-kopie\/#primaryimage"},"image":{"@id":"https:\/\/turijnmagazijn.nl\/de\/produkt\/deckelschaltung-getriebe-lancia-delta-integrale-kopie\/#primaryimage"},"thumbnailUrl":"https:\/\/turijnmagazijn.nl\/wp-content\/uploads\/2025\/12\/DN0100460-Kap-versnellingsbak-Delta-Integrale-reproductie-7546769-1.jpg","datePublished":"2025-12-30T08:18:59+00:00","dateModified":"2026-01-11T15:59:30+00:00","breadcrumb":{"@id":"https:\/\/turijnmagazijn.nl\/de\/produkt\/deckelschaltung-getriebe-lancia-delta-integrale-kopie\/#breadcrumb"},"inLanguage":"de","potentialAction":[{"@type":"ReadAction","target":["https:\/\/turijnmagazijn.nl\/de\/produkt\/deckelschaltung-getriebe-lancia-delta-integrale-kopie\/"]}]},{"@type":"ImageObject","inLanguage":"de","@id":"https:\/\/turijnmagazijn.nl\/de\/produkt\/deckelschaltung-getriebe-lancia-delta-integrale-kopie\/#primaryimage","url":"https:\/\/turijnmagazijn.nl\/wp-content\/uploads\/2025\/12\/DN0100460-Kap-versnellingsbak-Delta-Integrale-reproductie-7546769-1.jpg","contentUrl":"https:\/\/turijnmagazijn.nl\/wp-content\/uploads\/2025\/12\/DN0100460-Kap-versnellingsbak-Delta-Integrale-reproductie-7546769-1.jpg","width":2048,"height":1152},{"@type":"BreadcrumbList","@id":"https:\/\/turijnmagazijn.nl\/de\/produkt\/deckelschaltung-getriebe-lancia-delta-integrale-kopie\/#breadcrumb","itemListElement":[{"@type":"ListItem","position":1,"name":"Home","item":"https:\/\/turijnmagazijn.nl\/de\/"},{"@type":"ListItem","position":2,"name":"Produkte","item":"https:\/\/turijnmagazijn.nl\/de\/shop\/"},{"@type":"ListItem","position":3,"name":"Getriebedeckel Lancia Delta Integrale Nachbau"}]},{"@type":"WebSite","@id":"https:\/\/turijnmagazijn.jumpstone-dev.nl\/#website","url":"https:\/\/turijnmagazijn.jumpstone-dev.nl\/","name":"Turijnmagazijn","description":"Onderdelen nieuw en gebruikt - Fiat &amp; Lancia","publisher":{"@id":"https:\/\/turijnmagazijn.jumpstone-dev.nl\/#organization"},"potentialAction":[{"@type":"SearchAction","target":{"@type":"EntryPoint","urlTemplate":"https:\/\/turijnmagazijn.jumpstone-dev.nl\/?s={search_term_string}"},"query-input":{"@type":"PropertyValueSpecification","valueRequired":true,"valueName":"search_term_string"}}],"inLanguage":"de"},{"@type":"Organization","@id":"https:\/\/turijnmagazijn.jumpstone-dev.nl\/#organization","name":"Turijnmagazijn","url":"https:\/\/turijnmagazijn.jumpstone-dev.nl\/","logo":{"@type":"ImageObject","inLanguage":"de","@id":"https:\/\/turijnmagazijn.jumpstone-dev.nl\/#\/schema\/logo\/image\/","url":"https:\/\/turijnmagazijn.nl\/wp-content\/uploads\/2021\/02\/turijnmagazijnlogo.png","contentUrl":"https:\/\/turijnmagazijn.nl\/wp-content\/uploads\/2021\/02\/turijnmagazijnlogo.png","width":555,"height":270,"caption":"Turijnmagazijn"},"image":{"@id":"https:\/\/turijnmagazijn.jumpstone-dev.nl\/#\/schema\/logo\/image\/"},"sameAs":["https:\/\/www.facebook.com\/turijnmagazijn"]}]}},"_links":{"self":[{"href":"https:\/\/turijnmagazijn.nl\/de\/wp-json\/wp\/v2\/product\/96642","targetHints":{"allow":["GET"]}}],"collection":[{"href":"https:\/\/turijnmagazijn.nl\/de\/wp-json\/wp\/v2\/product"}],"about":[{"href":"https:\/\/turijnmagazijn.nl\/de\/wp-json\/wp\/v2\/types\/product"}],"replies":[{"embeddable":true,"href":"https:\/\/turijnmagazijn.nl\/de\/wp-json\/wp\/v2\/comments?post=96642"}],"wp:featuredmedia":[{"embeddable":true,"href":"https:\/\/turijnmagazijn.nl\/de\/wp-json\/wp\/v2\/media\/96891"}],"wp:attachment":[{"href":"https:\/\/turijnmagazijn.nl\/de\/wp-json\/wp\/v2\/media?parent=96642"}],"wp:term":[{"taxonomy":"product_brand","embeddable":true,"href":"https:\/\/turijnmagazijn.nl\/de\/wp-json\/wp\/v2\/product_brand?post=96642"},{"taxonomy":"product_cat","embeddable":true,"href":"https:\/\/turijnmagazijn.nl\/de\/wp-json\/wp\/v2\/product_cat?post=96642"},{"taxonomy":"product_tag","embeddable":true,"href":"https:\/\/turijnmagazijn.nl\/de\/wp-json\/wp\/v2\/product_tag?post=96642"}],"curies":[{"name":"wp","href":"https:\/\/api.w.org\/{rel}","templated":true}]}}