{"id":96916,"date":"2026-01-09T21:22:08","date_gmt":"2026-01-09T20:22:08","guid":{"rendered":"https:\/\/turijnmagazijn.nl\/?post_type=product&#038;p=96916"},"modified":"2026-01-11T17:38:19","modified_gmt":"2026-01-11T16:38:19","slug":"kotflugelbefestigungsschraube-innensechskant-20mm-lancia-delta-integral-neu-kopie-kopie","status":"publish","type":"product","link":"https:\/\/turijnmagazijn.nl\/de\/produkt\/kotflugelbefestigungsschraube-innensechskant-20mm-lancia-delta-integral-neu-kopie-kopie\/","title":{"rendered":"Fl\u00fcgelbefestigungsschraube 30mm Lancia Delta integral"},"content":{"rendered":"<p>Blechbefestigungsschraube mit Innensechskant und Grobgewinde. Diese Schrauben werden f\u00fcr die Montage des Fl\u00fcgels an der A-S\u00e4ule f\u00fcr Lancia Delta integral verwendet.<\/p>\n<p>Die Verwendung dieses unteren Zylinderkopf-Innensechskantschl\u00fcssels an dieser Stelle ist unerl\u00e4sslich, um Lacksch\u00e4den bei der Montage und Demontage zu vermeiden. Wenn die falsche Schraube verwendet wird (mit einem zu hohen Kopf), kann auch der Lack der T\u00fcr durch den engen Durchgang entlang des Schraubenkopfes auf der Innenseite nahe der A-S\u00e4ule besch\u00e4digt werden.<\/p>\n<p>Betrifft einen Nachbauteil-Einbau Sockel H4. Verwenden Sie bei Bedarf eine Unterlegscheibe, um ein Durchh\u00e4ngen des Blechs zu verhindern.<\/p>\n<p>Inbusschraube mit niedrigem Kopf Zylindergewinde L\u00e4nge 30 mm Schaftdurchmesser Gewinde 6 mm.<\/p>\n<p>Schrauben aus rostfreiem Stahl anstelle der originalen gelben passivierten Schrauben, wie Lancia sie verwendete.<\/p>\n<p>Verkauf pro St\u00fcck.<\/p>\n<p>Teil Nummer 9 auf der technischen Zeichnung von EPER mit der Zeichnungsnummer CA2C410FE51F6666958E0A50D0CF065F f\u00fcr die Anwendung am Lancia Delta Integrale. Von diesem Artikel werden 4 St\u00fcck pro Auto ben\u00f6tigt.<\/p>\n<p>OEM lancia <span data-sheets-root=\"1\">82466457 als Referenz<\/span><\/p>\n","protected":false},"excerpt":{"rendered":"<p><span data-sheets-root=\"1\">82466457 <\/span>Fender-Montageschraube, Gewindel\u00e4nge 20 mm, zum Einschrauben in ein kleines Quadrat von Fl\u00fcgeld\u00fcbeln. Reproduktionsalternative zum OEM.<\/p>\n","protected":false},"featured_media":96923,"comment_status":"open","ping_status":"closed","template":"","meta":{"_acf_changed":false},"product_brand":[],"product_cat":[1811,1807,1817,1822,1826,1834,1829,1839,1797],"product_tag":[],"class_list":{"0":"post-96916","1":"product","2":"type-product","3":"status-publish","4":"has-post-thumbnail","6":"product_cat-1-1-1-3-1-5-de","7":"product_cat-delta-1-831-de","8":"product_cat-gt-i-e-de","9":"product_cat-hf-4wd-de","10":"product_cat-hf-turbo-de","11":"product_cat-integrale-16v-de","12":"product_cat-integrale-8v-de","13":"product_cat-integrale-evo-de","14":"product_cat-lancia-de","15":"pa_soort-onderdeel-karosserie-und-blech","17":"first","18":"instock","19":"taxable","20":"shipping-taxable","21":"purchasable","22":"product-type-simple"},"acf":[],"yoast_head":"<!-- This site is optimized with the Yoast SEO plugin v27.2 - https:\/\/yoast.com\/product\/yoast-seo-wordpress\/ -->\n<title>Fl\u00fcgelbefestigungsschraube 30mm Lancia Delta integral - Turijnmagazijn<\/title>\n<meta name=\"robots\" content=\"index, follow, max-snippet:-1, max-image-preview:large, max-video-preview:-1\" \/>\n<link rel=\"canonical\" href=\"https:\/\/turijnmagazijn.nl\/de\/produkt\/kotflugelbefestigungsschraube-innensechskant-20mm-lancia-delta-integral-neu-kopie-kopie\/\" \/>\n<meta property=\"og:locale\" content=\"de_DE\" \/>\n<meta property=\"og:type\" content=\"article\" \/>\n<meta property=\"og:title\" content=\"Fl\u00fcgelbefestigungsschraube 30mm Lancia Delta integral - Turijnmagazijn\" \/>\n<meta property=\"og:description\" content=\"82466457 Fender-Montageschraube, Gewindel\u00e4nge 20 mm, zum Einschrauben in ein kleines Quadrat von Fl\u00fcgeld\u00fcbeln. Reproduktionsalternative zum OEM.\" \/>\n<meta property=\"og:url\" content=\"https:\/\/turijnmagazijn.nl\/de\/produkt\/kotflugelbefestigungsschraube-innensechskant-20mm-lancia-delta-integral-neu-kopie-kopie\/\" \/>\n<meta property=\"og:site_name\" content=\"Turijnmagazijn\" \/>\n<meta property=\"article:publisher\" content=\"https:\/\/www.facebook.com\/turijnmagazijn\" \/>\n<meta property=\"article:modified_time\" content=\"2026-01-11T16:38:19+00:00\" \/>\n<meta property=\"og:image\" content=\"https:\/\/turijnmagazijn.nl\/wp-content\/uploads\/2026\/01\/DN0100463-Inbus-schroef-spatbord-montage-Lancia-Delta-Integrale-reproductie-82466457-2-e1767990893931.jpg\" \/>\n\t<meta property=\"og:image:width\" content=\"1857\" \/>\n\t<meta property=\"og:image:height\" content=\"1152\" \/>\n\t<meta property=\"og:image:type\" content=\"image\/jpeg\" \/>\n<meta name=\"twitter:card\" content=\"summary_large_image\" \/>\n<meta name=\"twitter:label1\" content=\"Gesch\u00e4tzte Lesezeit\" \/>\n\t<meta name=\"twitter:data1\" content=\"1\u00a0Minute\" \/>\n<script type=\"application\/ld+json\" class=\"yoast-schema-graph\">{\"@context\":\"https:\/\/schema.org\",\"@graph\":[{\"@type\":\"WebPage\",\"@id\":\"https:\/\/turijnmagazijn.nl\/de\/produkt\/kotflugelbefestigungsschraube-innensechskant-20mm-lancia-delta-integral-neu-kopie-kopie\/\",\"url\":\"https:\/\/turijnmagazijn.nl\/de\/produkt\/kotflugelbefestigungsschraube-innensechskant-20mm-lancia-delta-integral-neu-kopie-kopie\/\",\"name\":\"Fl\u00fcgelbefestigungsschraube 30mm Lancia Delta integral - Turijnmagazijn\",\"isPartOf\":{\"@id\":\"https:\/\/turijnmagazijn.jumpstone-dev.nl\/#website\"},\"primaryImageOfPage\":{\"@id\":\"https:\/\/turijnmagazijn.nl\/de\/produkt\/kotflugelbefestigungsschraube-innensechskant-20mm-lancia-delta-integral-neu-kopie-kopie\/#primaryimage\"},\"image\":{\"@id\":\"https:\/\/turijnmagazijn.nl\/de\/produkt\/kotflugelbefestigungsschraube-innensechskant-20mm-lancia-delta-integral-neu-kopie-kopie\/#primaryimage\"},\"thumbnailUrl\":\"https:\/\/turijnmagazijn.nl\/wp-content\/uploads\/2026\/01\/DN0100463-Inbus-schroef-spatbord-montage-Lancia-Delta-Integrale-reproductie-82466457-2-e1767990893931.jpg\",\"datePublished\":\"2026-01-09T20:22:08+00:00\",\"dateModified\":\"2026-01-11T16:38:19+00:00\",\"breadcrumb\":{\"@id\":\"https:\/\/turijnmagazijn.nl\/de\/produkt\/kotflugelbefestigungsschraube-innensechskant-20mm-lancia-delta-integral-neu-kopie-kopie\/#breadcrumb\"},\"inLanguage\":\"de\",\"potentialAction\":[{\"@type\":\"ReadAction\",\"target\":[\"https:\/\/turijnmagazijn.nl\/de\/produkt\/kotflugelbefestigungsschraube-innensechskant-20mm-lancia-delta-integral-neu-kopie-kopie\/\"]}]},{\"@type\":\"ImageObject\",\"inLanguage\":\"de\",\"@id\":\"https:\/\/turijnmagazijn.nl\/de\/produkt\/kotflugelbefestigungsschraube-innensechskant-20mm-lancia-delta-integral-neu-kopie-kopie\/#primaryimage\",\"url\":\"https:\/\/turijnmagazijn.nl\/wp-content\/uploads\/2026\/01\/DN0100463-Inbus-schroef-spatbord-montage-Lancia-Delta-Integrale-reproductie-82466457-2-e1767990893931.jpg\",\"contentUrl\":\"https:\/\/turijnmagazijn.nl\/wp-content\/uploads\/2026\/01\/DN0100463-Inbus-schroef-spatbord-montage-Lancia-Delta-Integrale-reproductie-82466457-2-e1767990893931.jpg\",\"width\":1857,\"height\":1152},{\"@type\":\"BreadcrumbList\",\"@id\":\"https:\/\/turijnmagazijn.nl\/de\/produkt\/kotflugelbefestigungsschraube-innensechskant-20mm-lancia-delta-integral-neu-kopie-kopie\/#breadcrumb\",\"itemListElement\":[{\"@type\":\"ListItem\",\"position\":1,\"name\":\"Home\",\"item\":\"https:\/\/turijnmagazijn.nl\/de\/\"},{\"@type\":\"ListItem\",\"position\":2,\"name\":\"Produkte\",\"item\":\"https:\/\/turijnmagazijn.nl\/de\/shop\/\"},{\"@type\":\"ListItem\",\"position\":3,\"name\":\"Fl\u00fcgelbefestigungsschraube 30mm Lancia Delta integral\"}]},{\"@type\":\"WebSite\",\"@id\":\"https:\/\/turijnmagazijn.jumpstone-dev.nl\/#website\",\"url\":\"https:\/\/turijnmagazijn.jumpstone-dev.nl\/\",\"name\":\"Turijnmagazijn\",\"description\":\"Onderdelen nieuw en gebruikt - Fiat &amp; Lancia\",\"publisher\":{\"@id\":\"https:\/\/turijnmagazijn.jumpstone-dev.nl\/#organization\"},\"potentialAction\":[{\"@type\":\"SearchAction\",\"target\":{\"@type\":\"EntryPoint\",\"urlTemplate\":\"https:\/\/turijnmagazijn.jumpstone-dev.nl\/?s={search_term_string}\"},\"query-input\":{\"@type\":\"PropertyValueSpecification\",\"valueRequired\":true,\"valueName\":\"search_term_string\"}}],\"inLanguage\":\"de\"},{\"@type\":\"Organization\",\"@id\":\"https:\/\/turijnmagazijn.jumpstone-dev.nl\/#organization\",\"name\":\"Turijnmagazijn\",\"url\":\"https:\/\/turijnmagazijn.jumpstone-dev.nl\/\",\"logo\":{\"@type\":\"ImageObject\",\"inLanguage\":\"de\",\"@id\":\"https:\/\/turijnmagazijn.jumpstone-dev.nl\/#\/schema\/logo\/image\/\",\"url\":\"https:\/\/turijnmagazijn.nl\/wp-content\/uploads\/2021\/02\/turijnmagazijnlogo.png\",\"contentUrl\":\"https:\/\/turijnmagazijn.nl\/wp-content\/uploads\/2021\/02\/turijnmagazijnlogo.png\",\"width\":555,\"height\":270,\"caption\":\"Turijnmagazijn\"},\"image\":{\"@id\":\"https:\/\/turijnmagazijn.jumpstone-dev.nl\/#\/schema\/logo\/image\/\"},\"sameAs\":[\"https:\/\/www.facebook.com\/turijnmagazijn\"]}]}<\/script>\n<!-- \/ Yoast SEO plugin. -->","yoast_head_json":{"title":"Fl\u00fcgelbefestigungsschraube 30mm Lancia Delta integral - Turijnmagazijn","robots":{"index":"index","follow":"follow","max-snippet":"max-snippet:-1","max-image-preview":"max-image-preview:large","max-video-preview":"max-video-preview:-1"},"canonical":"https:\/\/turijnmagazijn.nl\/de\/produkt\/kotflugelbefestigungsschraube-innensechskant-20mm-lancia-delta-integral-neu-kopie-kopie\/","og_locale":"de_DE","og_type":"article","og_title":"Fl\u00fcgelbefestigungsschraube 30mm Lancia Delta integral - Turijnmagazijn","og_description":"82466457 Fender-Montageschraube, Gewindel\u00e4nge 20 mm, zum Einschrauben in ein kleines Quadrat von Fl\u00fcgeld\u00fcbeln. Reproduktionsalternative zum OEM.","og_url":"https:\/\/turijnmagazijn.nl\/de\/produkt\/kotflugelbefestigungsschraube-innensechskant-20mm-lancia-delta-integral-neu-kopie-kopie\/","og_site_name":"Turijnmagazijn","article_publisher":"https:\/\/www.facebook.com\/turijnmagazijn","article_modified_time":"2026-01-11T16:38:19+00:00","og_image":[{"width":1857,"height":1152,"url":"https:\/\/turijnmagazijn.nl\/wp-content\/uploads\/2026\/01\/DN0100463-Inbus-schroef-spatbord-montage-Lancia-Delta-Integrale-reproductie-82466457-2-e1767990893931.jpg","type":"image\/jpeg"}],"twitter_card":"summary_large_image","twitter_misc":{"Gesch\u00e4tzte Lesezeit":"1\u00a0Minute"},"schema":{"@context":"https:\/\/schema.org","@graph":[{"@type":"WebPage","@id":"https:\/\/turijnmagazijn.nl\/de\/produkt\/kotflugelbefestigungsschraube-innensechskant-20mm-lancia-delta-integral-neu-kopie-kopie\/","url":"https:\/\/turijnmagazijn.nl\/de\/produkt\/kotflugelbefestigungsschraube-innensechskant-20mm-lancia-delta-integral-neu-kopie-kopie\/","name":"Fl\u00fcgelbefestigungsschraube 30mm Lancia Delta integral - Turijnmagazijn","isPartOf":{"@id":"https:\/\/turijnmagazijn.jumpstone-dev.nl\/#website"},"primaryImageOfPage":{"@id":"https:\/\/turijnmagazijn.nl\/de\/produkt\/kotflugelbefestigungsschraube-innensechskant-20mm-lancia-delta-integral-neu-kopie-kopie\/#primaryimage"},"image":{"@id":"https:\/\/turijnmagazijn.nl\/de\/produkt\/kotflugelbefestigungsschraube-innensechskant-20mm-lancia-delta-integral-neu-kopie-kopie\/#primaryimage"},"thumbnailUrl":"https:\/\/turijnmagazijn.nl\/wp-content\/uploads\/2026\/01\/DN0100463-Inbus-schroef-spatbord-montage-Lancia-Delta-Integrale-reproductie-82466457-2-e1767990893931.jpg","datePublished":"2026-01-09T20:22:08+00:00","dateModified":"2026-01-11T16:38:19+00:00","breadcrumb":{"@id":"https:\/\/turijnmagazijn.nl\/de\/produkt\/kotflugelbefestigungsschraube-innensechskant-20mm-lancia-delta-integral-neu-kopie-kopie\/#breadcrumb"},"inLanguage":"de","potentialAction":[{"@type":"ReadAction","target":["https:\/\/turijnmagazijn.nl\/de\/produkt\/kotflugelbefestigungsschraube-innensechskant-20mm-lancia-delta-integral-neu-kopie-kopie\/"]}]},{"@type":"ImageObject","inLanguage":"de","@id":"https:\/\/turijnmagazijn.nl\/de\/produkt\/kotflugelbefestigungsschraube-innensechskant-20mm-lancia-delta-integral-neu-kopie-kopie\/#primaryimage","url":"https:\/\/turijnmagazijn.nl\/wp-content\/uploads\/2026\/01\/DN0100463-Inbus-schroef-spatbord-montage-Lancia-Delta-Integrale-reproductie-82466457-2-e1767990893931.jpg","contentUrl":"https:\/\/turijnmagazijn.nl\/wp-content\/uploads\/2026\/01\/DN0100463-Inbus-schroef-spatbord-montage-Lancia-Delta-Integrale-reproductie-82466457-2-e1767990893931.jpg","width":1857,"height":1152},{"@type":"BreadcrumbList","@id":"https:\/\/turijnmagazijn.nl\/de\/produkt\/kotflugelbefestigungsschraube-innensechskant-20mm-lancia-delta-integral-neu-kopie-kopie\/#breadcrumb","itemListElement":[{"@type":"ListItem","position":1,"name":"Home","item":"https:\/\/turijnmagazijn.nl\/de\/"},{"@type":"ListItem","position":2,"name":"Produkte","item":"https:\/\/turijnmagazijn.nl\/de\/shop\/"},{"@type":"ListItem","position":3,"name":"Fl\u00fcgelbefestigungsschraube 30mm Lancia Delta integral"}]},{"@type":"WebSite","@id":"https:\/\/turijnmagazijn.jumpstone-dev.nl\/#website","url":"https:\/\/turijnmagazijn.jumpstone-dev.nl\/","name":"Turijnmagazijn","description":"Onderdelen nieuw en gebruikt - Fiat &amp; Lancia","publisher":{"@id":"https:\/\/turijnmagazijn.jumpstone-dev.nl\/#organization"},"potentialAction":[{"@type":"SearchAction","target":{"@type":"EntryPoint","urlTemplate":"https:\/\/turijnmagazijn.jumpstone-dev.nl\/?s={search_term_string}"},"query-input":{"@type":"PropertyValueSpecification","valueRequired":true,"valueName":"search_term_string"}}],"inLanguage":"de"},{"@type":"Organization","@id":"https:\/\/turijnmagazijn.jumpstone-dev.nl\/#organization","name":"Turijnmagazijn","url":"https:\/\/turijnmagazijn.jumpstone-dev.nl\/","logo":{"@type":"ImageObject","inLanguage":"de","@id":"https:\/\/turijnmagazijn.jumpstone-dev.nl\/#\/schema\/logo\/image\/","url":"https:\/\/turijnmagazijn.nl\/wp-content\/uploads\/2021\/02\/turijnmagazijnlogo.png","contentUrl":"https:\/\/turijnmagazijn.nl\/wp-content\/uploads\/2021\/02\/turijnmagazijnlogo.png","width":555,"height":270,"caption":"Turijnmagazijn"},"image":{"@id":"https:\/\/turijnmagazijn.jumpstone-dev.nl\/#\/schema\/logo\/image\/"},"sameAs":["https:\/\/www.facebook.com\/turijnmagazijn"]}]}},"_links":{"self":[{"href":"https:\/\/turijnmagazijn.nl\/de\/wp-json\/wp\/v2\/product\/96916","targetHints":{"allow":["GET"]}}],"collection":[{"href":"https:\/\/turijnmagazijn.nl\/de\/wp-json\/wp\/v2\/product"}],"about":[{"href":"https:\/\/turijnmagazijn.nl\/de\/wp-json\/wp\/v2\/types\/product"}],"replies":[{"embeddable":true,"href":"https:\/\/turijnmagazijn.nl\/de\/wp-json\/wp\/v2\/comments?post=96916"}],"wp:featuredmedia":[{"embeddable":true,"href":"https:\/\/turijnmagazijn.nl\/de\/wp-json\/wp\/v2\/media\/96923"}],"wp:attachment":[{"href":"https:\/\/turijnmagazijn.nl\/de\/wp-json\/wp\/v2\/media?parent=96916"}],"wp:term":[{"taxonomy":"product_brand","embeddable":true,"href":"https:\/\/turijnmagazijn.nl\/de\/wp-json\/wp\/v2\/product_brand?post=96916"},{"taxonomy":"product_cat","embeddable":true,"href":"https:\/\/turijnmagazijn.nl\/de\/wp-json\/wp\/v2\/product_cat?post=96916"},{"taxonomy":"product_tag","embeddable":true,"href":"https:\/\/turijnmagazijn.nl\/de\/wp-json\/wp\/v2\/product_tag?post=96916"}],"curies":[{"name":"wp","href":"https:\/\/api.w.org\/{rel}","templated":true}]}}