{"id":96965,"date":"2026-01-10T14:51:24","date_gmt":"2026-01-10T13:51:24","guid":{"rendered":"https:\/\/turijnmagazijn.nl\/?post_type=product&#038;p=96965"},"modified":"2026-01-11T17:35:40","modified_gmt":"2026-01-11T16:35:40","slug":"halterung-fur-frontstosstange-rechts-lancia-delta-integrale-kopie","status":"publish","type":"product","link":"https:\/\/turijnmagazijn.nl\/de\/produkt\/halterung-fur-frontstosstange-rechts-lancia-delta-integrale-kopie\/","title":{"rendered":"Frontsto\u00dfstange Montagesatz Lancia Delta Integrale komplett 4 St\u00fcck."},"content":{"rendered":"<p>Satz mit 2 Schiebest\u00fccken und 2 Sto\u00dfstangenhaltern zur Montage der vorderen Sto\u00dfstange f\u00fcr Lancia Delta Integrale, passend f\u00fcr alle 4WD-Versionen, einschlie\u00dflich des Integrale 8V und 16V und des EVO.<\/p>\n<p>Neue Reproduktionsst\u00fctzen f\u00fcr die vordere Sto\u00dfstange. Betrifft eine genaue Kopie aus dem 3d-Drucker. Hergestellt aus starkem PET.<br \/>\nDie Sto\u00dfstangenhalter sind f\u00fcr die linke und rechte Anwendung gekennzeichnet,<br \/>\n2 St\u00fcck Teil Nummer 8 und Teil Nummer 9 auf der technischen Zeichnung von EPER Zeichnungsnummer A995FD55C4B74E696AB60AE6A98A50FB bez\u00fcglich der Anwendung auf den Lancia Delta Integrale.<\/p>\n<p>Neue Reproduktions-Gleitst\u00fccke f\u00fcr die Karosseriemontage. Betrifft eine genaue Kopie aus dem 3d-Drucker. Hergestellt aus robustem PET.<\/p>\n<p>OEM Lancia als Referenz 82454775 82454776 82412448 (2x)<\/p>\n","protected":false},"excerpt":{"rendered":"<p>82454775 82454776 82412448 Neue Reproduktion der vorderen Sto\u00dfstangenhalterung Rechts. Betrifft eine genaue Kopie aus dem 3d-Drucker. Hergestellt aus robustem PET.<\/p>\n","protected":false},"featured_media":96978,"comment_status":"open","ping_status":"closed","template":"","meta":{"_acf_changed":false},"product_brand":[],"product_cat":[1807,1822,1826,1834,1829,1839,1797],"product_tag":[],"class_list":{"0":"post-96965","1":"product","2":"type-product","3":"status-publish","4":"has-post-thumbnail","6":"product_cat-delta-1-831-de","7":"product_cat-hf-4wd-de","8":"product_cat-hf-turbo-de","9":"product_cat-integrale-16v-de","10":"product_cat-integrale-8v-de","11":"product_cat-integrale-evo-de","12":"product_cat-lancia-de","13":"pa_soort-onderdeel-karosserie-und-blech","15":"first","16":"instock","17":"featured","18":"taxable","19":"shipping-taxable","20":"purchasable","21":"product-type-simple"},"acf":[],"yoast_head":"<!-- This site is optimized with the Yoast SEO plugin v27.2 - https:\/\/yoast.com\/product\/yoast-seo-wordpress\/ -->\n<title>Frontsto\u00dfstange Montagesatz Lancia Delta Integrale komplett 4 St\u00fcck. - Turijnmagazijn<\/title>\n<meta name=\"robots\" content=\"index, follow, max-snippet:-1, max-image-preview:large, max-video-preview:-1\" \/>\n<link rel=\"canonical\" href=\"https:\/\/turijnmagazijn.nl\/de\/produkt\/halterung-fur-frontstosstange-rechts-lancia-delta-integrale-kopie\/\" \/>\n<meta property=\"og:locale\" content=\"de_DE\" \/>\n<meta property=\"og:type\" content=\"article\" \/>\n<meta property=\"og:title\" content=\"Frontsto\u00dfstange Montagesatz Lancia Delta Integrale komplett 4 St\u00fcck. - Turijnmagazijn\" \/>\n<meta property=\"og:description\" content=\"82454775 82454776 82412448 Neue Reproduktion der vorderen Sto\u00dfstangenhalterung Rechts. Betrifft eine genaue Kopie aus dem 3d-Drucker. Hergestellt aus robustem PET.\" \/>\n<meta property=\"og:url\" content=\"https:\/\/turijnmagazijn.nl\/de\/produkt\/halterung-fur-frontstosstange-rechts-lancia-delta-integrale-kopie\/\" \/>\n<meta property=\"og:site_name\" content=\"Turijnmagazijn\" \/>\n<meta property=\"article:publisher\" content=\"https:\/\/www.facebook.com\/turijnmagazijn\" \/>\n<meta property=\"article:modified_time\" content=\"2026-01-11T16:35:40+00:00\" \/>\n<meta property=\"og:image\" content=\"https:\/\/turijnmagazijn.nl\/wp-content\/uploads\/2026\/01\/DN0100336-S-Set-4-delig-montage-voorbumper-Lancia-Delta-Integrale-beugels-en-schuifstukken-2.jpg\" \/>\n\t<meta property=\"og:image:width\" content=\"1610\" \/>\n\t<meta property=\"og:image:height\" content=\"1059\" \/>\n\t<meta property=\"og:image:type\" content=\"image\/jpeg\" \/>\n<meta name=\"twitter:card\" content=\"summary_large_image\" \/>\n<meta name=\"twitter:label1\" content=\"Gesch\u00e4tzte Lesezeit\" \/>\n\t<meta name=\"twitter:data1\" content=\"1\u00a0Minute\" \/>\n<script type=\"application\/ld+json\" class=\"yoast-schema-graph\">{\"@context\":\"https:\/\/schema.org\",\"@graph\":[{\"@type\":\"WebPage\",\"@id\":\"https:\/\/turijnmagazijn.nl\/de\/produkt\/halterung-fur-frontstosstange-rechts-lancia-delta-integrale-kopie\/\",\"url\":\"https:\/\/turijnmagazijn.nl\/de\/produkt\/halterung-fur-frontstosstange-rechts-lancia-delta-integrale-kopie\/\",\"name\":\"Frontsto\u00dfstange Montagesatz Lancia Delta Integrale komplett 4 St\u00fcck. - Turijnmagazijn\",\"isPartOf\":{\"@id\":\"https:\/\/turijnmagazijn.jumpstone-dev.nl\/#website\"},\"primaryImageOfPage\":{\"@id\":\"https:\/\/turijnmagazijn.nl\/de\/produkt\/halterung-fur-frontstosstange-rechts-lancia-delta-integrale-kopie\/#primaryimage\"},\"image\":{\"@id\":\"https:\/\/turijnmagazijn.nl\/de\/produkt\/halterung-fur-frontstosstange-rechts-lancia-delta-integrale-kopie\/#primaryimage\"},\"thumbnailUrl\":\"https:\/\/turijnmagazijn.nl\/wp-content\/uploads\/2026\/01\/DN0100336-S-Set-4-delig-montage-voorbumper-Lancia-Delta-Integrale-beugels-en-schuifstukken-2.jpg\",\"datePublished\":\"2026-01-10T13:51:24+00:00\",\"dateModified\":\"2026-01-11T16:35:40+00:00\",\"breadcrumb\":{\"@id\":\"https:\/\/turijnmagazijn.nl\/de\/produkt\/halterung-fur-frontstosstange-rechts-lancia-delta-integrale-kopie\/#breadcrumb\"},\"inLanguage\":\"de\",\"potentialAction\":[{\"@type\":\"ReadAction\",\"target\":[\"https:\/\/turijnmagazijn.nl\/de\/produkt\/halterung-fur-frontstosstange-rechts-lancia-delta-integrale-kopie\/\"]}]},{\"@type\":\"ImageObject\",\"inLanguage\":\"de\",\"@id\":\"https:\/\/turijnmagazijn.nl\/de\/produkt\/halterung-fur-frontstosstange-rechts-lancia-delta-integrale-kopie\/#primaryimage\",\"url\":\"https:\/\/turijnmagazijn.nl\/wp-content\/uploads\/2026\/01\/DN0100336-S-Set-4-delig-montage-voorbumper-Lancia-Delta-Integrale-beugels-en-schuifstukken-2.jpg\",\"contentUrl\":\"https:\/\/turijnmagazijn.nl\/wp-content\/uploads\/2026\/01\/DN0100336-S-Set-4-delig-montage-voorbumper-Lancia-Delta-Integrale-beugels-en-schuifstukken-2.jpg\",\"width\":1610,\"height\":1059},{\"@type\":\"BreadcrumbList\",\"@id\":\"https:\/\/turijnmagazijn.nl\/de\/produkt\/halterung-fur-frontstosstange-rechts-lancia-delta-integrale-kopie\/#breadcrumb\",\"itemListElement\":[{\"@type\":\"ListItem\",\"position\":1,\"name\":\"Home\",\"item\":\"https:\/\/turijnmagazijn.nl\/de\/\"},{\"@type\":\"ListItem\",\"position\":2,\"name\":\"Produkte\",\"item\":\"https:\/\/turijnmagazijn.nl\/de\/shop\/\"},{\"@type\":\"ListItem\",\"position\":3,\"name\":\"Frontsto\u00dfstange Montagesatz Lancia Delta Integrale komplett 4 St\u00fcck.\"}]},{\"@type\":\"WebSite\",\"@id\":\"https:\/\/turijnmagazijn.jumpstone-dev.nl\/#website\",\"url\":\"https:\/\/turijnmagazijn.jumpstone-dev.nl\/\",\"name\":\"Turijnmagazijn\",\"description\":\"Onderdelen nieuw en gebruikt - Fiat &amp; Lancia\",\"publisher\":{\"@id\":\"https:\/\/turijnmagazijn.jumpstone-dev.nl\/#organization\"},\"potentialAction\":[{\"@type\":\"SearchAction\",\"target\":{\"@type\":\"EntryPoint\",\"urlTemplate\":\"https:\/\/turijnmagazijn.jumpstone-dev.nl\/?s={search_term_string}\"},\"query-input\":{\"@type\":\"PropertyValueSpecification\",\"valueRequired\":true,\"valueName\":\"search_term_string\"}}],\"inLanguage\":\"de\"},{\"@type\":\"Organization\",\"@id\":\"https:\/\/turijnmagazijn.jumpstone-dev.nl\/#organization\",\"name\":\"Turijnmagazijn\",\"url\":\"https:\/\/turijnmagazijn.jumpstone-dev.nl\/\",\"logo\":{\"@type\":\"ImageObject\",\"inLanguage\":\"de\",\"@id\":\"https:\/\/turijnmagazijn.jumpstone-dev.nl\/#\/schema\/logo\/image\/\",\"url\":\"https:\/\/turijnmagazijn.nl\/wp-content\/uploads\/2021\/02\/turijnmagazijnlogo.png\",\"contentUrl\":\"https:\/\/turijnmagazijn.nl\/wp-content\/uploads\/2021\/02\/turijnmagazijnlogo.png\",\"width\":555,\"height\":270,\"caption\":\"Turijnmagazijn\"},\"image\":{\"@id\":\"https:\/\/turijnmagazijn.jumpstone-dev.nl\/#\/schema\/logo\/image\/\"},\"sameAs\":[\"https:\/\/www.facebook.com\/turijnmagazijn\"]}]}<\/script>\n<!-- \/ Yoast SEO plugin. -->","yoast_head_json":{"title":"Frontsto\u00dfstange Montagesatz Lancia Delta Integrale komplett 4 St\u00fcck. - Turijnmagazijn","robots":{"index":"index","follow":"follow","max-snippet":"max-snippet:-1","max-image-preview":"max-image-preview:large","max-video-preview":"max-video-preview:-1"},"canonical":"https:\/\/turijnmagazijn.nl\/de\/produkt\/halterung-fur-frontstosstange-rechts-lancia-delta-integrale-kopie\/","og_locale":"de_DE","og_type":"article","og_title":"Frontsto\u00dfstange Montagesatz Lancia Delta Integrale komplett 4 St\u00fcck. - Turijnmagazijn","og_description":"82454775 82454776 82412448 Neue Reproduktion der vorderen Sto\u00dfstangenhalterung Rechts. Betrifft eine genaue Kopie aus dem 3d-Drucker. Hergestellt aus robustem PET.","og_url":"https:\/\/turijnmagazijn.nl\/de\/produkt\/halterung-fur-frontstosstange-rechts-lancia-delta-integrale-kopie\/","og_site_name":"Turijnmagazijn","article_publisher":"https:\/\/www.facebook.com\/turijnmagazijn","article_modified_time":"2026-01-11T16:35:40+00:00","og_image":[{"width":1610,"height":1059,"url":"https:\/\/turijnmagazijn.nl\/wp-content\/uploads\/2026\/01\/DN0100336-S-Set-4-delig-montage-voorbumper-Lancia-Delta-Integrale-beugels-en-schuifstukken-2.jpg","type":"image\/jpeg"}],"twitter_card":"summary_large_image","twitter_misc":{"Gesch\u00e4tzte Lesezeit":"1\u00a0Minute"},"schema":{"@context":"https:\/\/schema.org","@graph":[{"@type":"WebPage","@id":"https:\/\/turijnmagazijn.nl\/de\/produkt\/halterung-fur-frontstosstange-rechts-lancia-delta-integrale-kopie\/","url":"https:\/\/turijnmagazijn.nl\/de\/produkt\/halterung-fur-frontstosstange-rechts-lancia-delta-integrale-kopie\/","name":"Frontsto\u00dfstange Montagesatz Lancia Delta Integrale komplett 4 St\u00fcck. - Turijnmagazijn","isPartOf":{"@id":"https:\/\/turijnmagazijn.jumpstone-dev.nl\/#website"},"primaryImageOfPage":{"@id":"https:\/\/turijnmagazijn.nl\/de\/produkt\/halterung-fur-frontstosstange-rechts-lancia-delta-integrale-kopie\/#primaryimage"},"image":{"@id":"https:\/\/turijnmagazijn.nl\/de\/produkt\/halterung-fur-frontstosstange-rechts-lancia-delta-integrale-kopie\/#primaryimage"},"thumbnailUrl":"https:\/\/turijnmagazijn.nl\/wp-content\/uploads\/2026\/01\/DN0100336-S-Set-4-delig-montage-voorbumper-Lancia-Delta-Integrale-beugels-en-schuifstukken-2.jpg","datePublished":"2026-01-10T13:51:24+00:00","dateModified":"2026-01-11T16:35:40+00:00","breadcrumb":{"@id":"https:\/\/turijnmagazijn.nl\/de\/produkt\/halterung-fur-frontstosstange-rechts-lancia-delta-integrale-kopie\/#breadcrumb"},"inLanguage":"de","potentialAction":[{"@type":"ReadAction","target":["https:\/\/turijnmagazijn.nl\/de\/produkt\/halterung-fur-frontstosstange-rechts-lancia-delta-integrale-kopie\/"]}]},{"@type":"ImageObject","inLanguage":"de","@id":"https:\/\/turijnmagazijn.nl\/de\/produkt\/halterung-fur-frontstosstange-rechts-lancia-delta-integrale-kopie\/#primaryimage","url":"https:\/\/turijnmagazijn.nl\/wp-content\/uploads\/2026\/01\/DN0100336-S-Set-4-delig-montage-voorbumper-Lancia-Delta-Integrale-beugels-en-schuifstukken-2.jpg","contentUrl":"https:\/\/turijnmagazijn.nl\/wp-content\/uploads\/2026\/01\/DN0100336-S-Set-4-delig-montage-voorbumper-Lancia-Delta-Integrale-beugels-en-schuifstukken-2.jpg","width":1610,"height":1059},{"@type":"BreadcrumbList","@id":"https:\/\/turijnmagazijn.nl\/de\/produkt\/halterung-fur-frontstosstange-rechts-lancia-delta-integrale-kopie\/#breadcrumb","itemListElement":[{"@type":"ListItem","position":1,"name":"Home","item":"https:\/\/turijnmagazijn.nl\/de\/"},{"@type":"ListItem","position":2,"name":"Produkte","item":"https:\/\/turijnmagazijn.nl\/de\/shop\/"},{"@type":"ListItem","position":3,"name":"Frontsto\u00dfstange Montagesatz Lancia Delta Integrale komplett 4 St\u00fcck."}]},{"@type":"WebSite","@id":"https:\/\/turijnmagazijn.jumpstone-dev.nl\/#website","url":"https:\/\/turijnmagazijn.jumpstone-dev.nl\/","name":"Turijnmagazijn","description":"Onderdelen nieuw en gebruikt - Fiat &amp; Lancia","publisher":{"@id":"https:\/\/turijnmagazijn.jumpstone-dev.nl\/#organization"},"potentialAction":[{"@type":"SearchAction","target":{"@type":"EntryPoint","urlTemplate":"https:\/\/turijnmagazijn.jumpstone-dev.nl\/?s={search_term_string}"},"query-input":{"@type":"PropertyValueSpecification","valueRequired":true,"valueName":"search_term_string"}}],"inLanguage":"de"},{"@type":"Organization","@id":"https:\/\/turijnmagazijn.jumpstone-dev.nl\/#organization","name":"Turijnmagazijn","url":"https:\/\/turijnmagazijn.jumpstone-dev.nl\/","logo":{"@type":"ImageObject","inLanguage":"de","@id":"https:\/\/turijnmagazijn.jumpstone-dev.nl\/#\/schema\/logo\/image\/","url":"https:\/\/turijnmagazijn.nl\/wp-content\/uploads\/2021\/02\/turijnmagazijnlogo.png","contentUrl":"https:\/\/turijnmagazijn.nl\/wp-content\/uploads\/2021\/02\/turijnmagazijnlogo.png","width":555,"height":270,"caption":"Turijnmagazijn"},"image":{"@id":"https:\/\/turijnmagazijn.jumpstone-dev.nl\/#\/schema\/logo\/image\/"},"sameAs":["https:\/\/www.facebook.com\/turijnmagazijn"]}]}},"_links":{"self":[{"href":"https:\/\/turijnmagazijn.nl\/de\/wp-json\/wp\/v2\/product\/96965","targetHints":{"allow":["GET"]}}],"collection":[{"href":"https:\/\/turijnmagazijn.nl\/de\/wp-json\/wp\/v2\/product"}],"about":[{"href":"https:\/\/turijnmagazijn.nl\/de\/wp-json\/wp\/v2\/types\/product"}],"replies":[{"embeddable":true,"href":"https:\/\/turijnmagazijn.nl\/de\/wp-json\/wp\/v2\/comments?post=96965"}],"wp:featuredmedia":[{"embeddable":true,"href":"https:\/\/turijnmagazijn.nl\/de\/wp-json\/wp\/v2\/media\/96978"}],"wp:attachment":[{"href":"https:\/\/turijnmagazijn.nl\/de\/wp-json\/wp\/v2\/media?parent=96965"}],"wp:term":[{"taxonomy":"product_brand","embeddable":true,"href":"https:\/\/turijnmagazijn.nl\/de\/wp-json\/wp\/v2\/product_brand?post=96965"},{"taxonomy":"product_cat","embeddable":true,"href":"https:\/\/turijnmagazijn.nl\/de\/wp-json\/wp\/v2\/product_cat?post=96965"},{"taxonomy":"product_tag","embeddable":true,"href":"https:\/\/turijnmagazijn.nl\/de\/wp-json\/wp\/v2\/product_tag?post=96965"}],"curies":[{"name":"wp","href":"https:\/\/api.w.org\/{rel}","templated":true}]}}