{"id":97099,"date":"2026-01-17T21:48:24","date_gmt":"2026-01-17T20:48:24","guid":{"rendered":"https:\/\/turijnmagazijn.nl\/?post_type=product&#038;p=97099"},"modified":"2026-01-17T22:01:39","modified_gmt":"2026-01-17T21:01:39","slug":"schlusselanhanger-holz-graviertes-lancia-logo-90-kopie","status":"publish","type":"product","link":"https:\/\/turijnmagazijn.nl\/de\/produkt\/schlusselanhanger-holz-graviertes-lancia-logo-90-kopie\/","title":{"rendered":"Schl\u00fcsselanh\u00e4nger kleine Metallgravur Lancia Logo &#8217;90"},"content":{"rendered":"<p>Neues Imitat.<br \/>\nrechteckiger Schl\u00fcsselanh\u00e4nger aus Metall mit Lasergravur des Lancia-Logos aus den 1990er Jahren.<br \/>\nBeidseitig gelasert, so dass das Logo auf beiden Seiten zu sehen ist!<br \/>\nGewicht 9 Gramm<br \/>\nGr\u00f6\u00dfe des Anh\u00e4ngers 30x10mm<\/p>\n","protected":false},"excerpt":{"rendered":"<p>Schl\u00fcsselanh\u00e4nger kleine Metallgravur Lancia Logo &#8217;90<\/p>\n","protected":false},"featured_media":97106,"comment_status":"closed","ping_status":"closed","template":"","meta":{"_acf_changed":false},"product_brand":[],"product_cat":[1811,1847,1849,1864,1867,1803,1807,1844,1817,1822,1826,1834,1829,1839,1859,1797,1891,1869,1894,1904,1900,1913,1919,1923],"product_tag":[],"class_list":{"0":"post-97099","1":"product","2":"type-product","3":"status-publish","4":"has-post-thumbnail","6":"product_cat-1-1-1-3-1-5-de","7":"product_cat-3-deurs-hpe-de","8":"product_cat-5-deurs-de","9":"product_cat-berlina-de","10":"product_cat-coupe-de","11":"product_cat-dedra-835-de","12":"product_cat-delta-1-831-de","13":"product_cat-delta-2-836-de","14":"product_cat-gt-i-e-de","15":"product_cat-hf-4wd-de","16":"product_cat-hf-turbo-de","17":"product_cat-integrale-16v-de","18":"product_cat-integrale-8v-de","19":"product_cat-integrale-evo-de","20":"product_cat-kappa-838-de","21":"product_cat-lancia-de","22":"product_cat-prisma-831-de","23":"product_cat-sw-de","24":"product_cat-thema-834-de","25":"product_cat-thema-sedan-de","26":"product_cat-thema-sw-de","27":"product_cat-ypsilon-1-840-de","28":"product_cat-ypsilon-2-843-de","29":"product_cat-zeta-722-de","30":"pa_soort-onderdeel-schlusselanhanger-und-aufkleber","32":"first","33":"instock","34":"taxable","35":"shipping-taxable","36":"purchasable","37":"product-type-simple"},"acf":[],"yoast_head":"<!-- This site is optimized with the Yoast SEO plugin v27.2 - https:\/\/yoast.com\/product\/yoast-seo-wordpress\/ -->\n<title>Schl\u00fcsselanh\u00e4nger kleine Metallgravur Lancia Logo &#039;90 - Turijnmagazijn<\/title>\n<meta name=\"robots\" content=\"index, follow, max-snippet:-1, max-image-preview:large, max-video-preview:-1\" \/>\n<link rel=\"canonical\" href=\"https:\/\/turijnmagazijn.nl\/de\/produkt\/schlusselanhanger-holz-graviertes-lancia-logo-90-kopie\/\" \/>\n<meta property=\"og:locale\" content=\"de_DE\" \/>\n<meta property=\"og:type\" content=\"article\" \/>\n<meta property=\"og:title\" content=\"Schl\u00fcsselanh\u00e4nger kleine Metallgravur Lancia Logo &#039;90 - Turijnmagazijn\" \/>\n<meta property=\"og:description\" content=\"Schl\u00fcsselanh\u00e4nger kleine Metallgravur Lancia Logo &#039;90\" \/>\n<meta property=\"og:url\" content=\"https:\/\/turijnmagazijn.nl\/de\/produkt\/schlusselanhanger-holz-graviertes-lancia-logo-90-kopie\/\" \/>\n<meta property=\"og:site_name\" content=\"Turijnmagazijn\" \/>\n<meta property=\"article:publisher\" content=\"https:\/\/www.facebook.com\/turijnmagazijn\" \/>\n<meta property=\"article:modified_time\" content=\"2026-01-17T21:01:39+00:00\" \/>\n<meta property=\"og:image\" content=\"https:\/\/turijnmagazijn.nl\/wp-content\/uploads\/2026\/01\/DN0100469-Sleutelhanger-Lancia-jaren-90-klein-metaal-gravure-nvt-2-e1768683306928.jpg\" \/>\n\t<meta property=\"og:image:width\" content=\"1178\" \/>\n\t<meta property=\"og:image:height\" content=\"906\" \/>\n\t<meta property=\"og:image:type\" content=\"image\/jpeg\" \/>\n<meta name=\"twitter:card\" content=\"summary_large_image\" \/>\n<script type=\"application\/ld+json\" class=\"yoast-schema-graph\">{\"@context\":\"https:\/\/schema.org\",\"@graph\":[{\"@type\":\"WebPage\",\"@id\":\"https:\/\/turijnmagazijn.nl\/de\/produkt\/schlusselanhanger-holz-graviertes-lancia-logo-90-kopie\/\",\"url\":\"https:\/\/turijnmagazijn.nl\/de\/produkt\/schlusselanhanger-holz-graviertes-lancia-logo-90-kopie\/\",\"name\":\"Schl\u00fcsselanh\u00e4nger kleine Metallgravur Lancia Logo '90 - Turijnmagazijn\",\"isPartOf\":{\"@id\":\"https:\/\/turijnmagazijn.jumpstone-dev.nl\/#website\"},\"primaryImageOfPage\":{\"@id\":\"https:\/\/turijnmagazijn.nl\/de\/produkt\/schlusselanhanger-holz-graviertes-lancia-logo-90-kopie\/#primaryimage\"},\"image\":{\"@id\":\"https:\/\/turijnmagazijn.nl\/de\/produkt\/schlusselanhanger-holz-graviertes-lancia-logo-90-kopie\/#primaryimage\"},\"thumbnailUrl\":\"https:\/\/turijnmagazijn.nl\/wp-content\/uploads\/2026\/01\/DN0100469-Sleutelhanger-Lancia-jaren-90-klein-metaal-gravure-nvt-2-e1768683306928.jpg\",\"datePublished\":\"2026-01-17T20:48:24+00:00\",\"dateModified\":\"2026-01-17T21:01:39+00:00\",\"breadcrumb\":{\"@id\":\"https:\/\/turijnmagazijn.nl\/de\/produkt\/schlusselanhanger-holz-graviertes-lancia-logo-90-kopie\/#breadcrumb\"},\"inLanguage\":\"de\",\"potentialAction\":[{\"@type\":\"ReadAction\",\"target\":[\"https:\/\/turijnmagazijn.nl\/de\/produkt\/schlusselanhanger-holz-graviertes-lancia-logo-90-kopie\/\"]}]},{\"@type\":\"ImageObject\",\"inLanguage\":\"de\",\"@id\":\"https:\/\/turijnmagazijn.nl\/de\/produkt\/schlusselanhanger-holz-graviertes-lancia-logo-90-kopie\/#primaryimage\",\"url\":\"https:\/\/turijnmagazijn.nl\/wp-content\/uploads\/2026\/01\/DN0100469-Sleutelhanger-Lancia-jaren-90-klein-metaal-gravure-nvt-2-e1768683306928.jpg\",\"contentUrl\":\"https:\/\/turijnmagazijn.nl\/wp-content\/uploads\/2026\/01\/DN0100469-Sleutelhanger-Lancia-jaren-90-klein-metaal-gravure-nvt-2-e1768683306928.jpg\",\"width\":1178,\"height\":906},{\"@type\":\"BreadcrumbList\",\"@id\":\"https:\/\/turijnmagazijn.nl\/de\/produkt\/schlusselanhanger-holz-graviertes-lancia-logo-90-kopie\/#breadcrumb\",\"itemListElement\":[{\"@type\":\"ListItem\",\"position\":1,\"name\":\"Home\",\"item\":\"https:\/\/turijnmagazijn.jumpstone-dev.nl\/\"},{\"@type\":\"ListItem\",\"position\":2,\"name\":\"Produkte\",\"item\":\"https:\/\/turijnmagazijn.nl\/de\/shop\/\"},{\"@type\":\"ListItem\",\"position\":3,\"name\":\"Schl\u00fcsselanh\u00e4nger kleine Metallgravur Lancia Logo &#8217;90\"}]},{\"@type\":\"WebSite\",\"@id\":\"https:\/\/turijnmagazijn.jumpstone-dev.nl\/#website\",\"url\":\"https:\/\/turijnmagazijn.jumpstone-dev.nl\/\",\"name\":\"Turijnmagazijn\",\"description\":\"Onderdelen nieuw en gebruikt - Fiat &amp; Lancia\",\"publisher\":{\"@id\":\"https:\/\/turijnmagazijn.jumpstone-dev.nl\/#organization\"},\"potentialAction\":[{\"@type\":\"SearchAction\",\"target\":{\"@type\":\"EntryPoint\",\"urlTemplate\":\"https:\/\/turijnmagazijn.jumpstone-dev.nl\/?s={search_term_string}\"},\"query-input\":{\"@type\":\"PropertyValueSpecification\",\"valueRequired\":true,\"valueName\":\"search_term_string\"}}],\"inLanguage\":\"de\"},{\"@type\":\"Organization\",\"@id\":\"https:\/\/turijnmagazijn.jumpstone-dev.nl\/#organization\",\"name\":\"Turijnmagazijn\",\"url\":\"https:\/\/turijnmagazijn.jumpstone-dev.nl\/\",\"logo\":{\"@type\":\"ImageObject\",\"inLanguage\":\"de\",\"@id\":\"https:\/\/turijnmagazijn.jumpstone-dev.nl\/#\/schema\/logo\/image\/\",\"url\":\"https:\/\/turijnmagazijn.nl\/wp-content\/uploads\/2021\/02\/turijnmagazijnlogo.png\",\"contentUrl\":\"https:\/\/turijnmagazijn.nl\/wp-content\/uploads\/2021\/02\/turijnmagazijnlogo.png\",\"width\":555,\"height\":270,\"caption\":\"Turijnmagazijn\"},\"image\":{\"@id\":\"https:\/\/turijnmagazijn.jumpstone-dev.nl\/#\/schema\/logo\/image\/\"},\"sameAs\":[\"https:\/\/www.facebook.com\/turijnmagazijn\"]}]}<\/script>\n<!-- \/ Yoast SEO plugin. -->","yoast_head_json":{"title":"Schl\u00fcsselanh\u00e4nger kleine Metallgravur Lancia Logo '90 - Turijnmagazijn","robots":{"index":"index","follow":"follow","max-snippet":"max-snippet:-1","max-image-preview":"max-image-preview:large","max-video-preview":"max-video-preview:-1"},"canonical":"https:\/\/turijnmagazijn.nl\/de\/produkt\/schlusselanhanger-holz-graviertes-lancia-logo-90-kopie\/","og_locale":"de_DE","og_type":"article","og_title":"Schl\u00fcsselanh\u00e4nger kleine Metallgravur Lancia Logo '90 - Turijnmagazijn","og_description":"Schl\u00fcsselanh\u00e4nger kleine Metallgravur Lancia Logo '90","og_url":"https:\/\/turijnmagazijn.nl\/de\/produkt\/schlusselanhanger-holz-graviertes-lancia-logo-90-kopie\/","og_site_name":"Turijnmagazijn","article_publisher":"https:\/\/www.facebook.com\/turijnmagazijn","article_modified_time":"2026-01-17T21:01:39+00:00","og_image":[{"width":1178,"height":906,"url":"https:\/\/turijnmagazijn.nl\/wp-content\/uploads\/2026\/01\/DN0100469-Sleutelhanger-Lancia-jaren-90-klein-metaal-gravure-nvt-2-e1768683306928.jpg","type":"image\/jpeg"}],"twitter_card":"summary_large_image","schema":{"@context":"https:\/\/schema.org","@graph":[{"@type":"WebPage","@id":"https:\/\/turijnmagazijn.nl\/de\/produkt\/schlusselanhanger-holz-graviertes-lancia-logo-90-kopie\/","url":"https:\/\/turijnmagazijn.nl\/de\/produkt\/schlusselanhanger-holz-graviertes-lancia-logo-90-kopie\/","name":"Schl\u00fcsselanh\u00e4nger kleine Metallgravur Lancia Logo '90 - Turijnmagazijn","isPartOf":{"@id":"https:\/\/turijnmagazijn.jumpstone-dev.nl\/#website"},"primaryImageOfPage":{"@id":"https:\/\/turijnmagazijn.nl\/de\/produkt\/schlusselanhanger-holz-graviertes-lancia-logo-90-kopie\/#primaryimage"},"image":{"@id":"https:\/\/turijnmagazijn.nl\/de\/produkt\/schlusselanhanger-holz-graviertes-lancia-logo-90-kopie\/#primaryimage"},"thumbnailUrl":"https:\/\/turijnmagazijn.nl\/wp-content\/uploads\/2026\/01\/DN0100469-Sleutelhanger-Lancia-jaren-90-klein-metaal-gravure-nvt-2-e1768683306928.jpg","datePublished":"2026-01-17T20:48:24+00:00","dateModified":"2026-01-17T21:01:39+00:00","breadcrumb":{"@id":"https:\/\/turijnmagazijn.nl\/de\/produkt\/schlusselanhanger-holz-graviertes-lancia-logo-90-kopie\/#breadcrumb"},"inLanguage":"de","potentialAction":[{"@type":"ReadAction","target":["https:\/\/turijnmagazijn.nl\/de\/produkt\/schlusselanhanger-holz-graviertes-lancia-logo-90-kopie\/"]}]},{"@type":"ImageObject","inLanguage":"de","@id":"https:\/\/turijnmagazijn.nl\/de\/produkt\/schlusselanhanger-holz-graviertes-lancia-logo-90-kopie\/#primaryimage","url":"https:\/\/turijnmagazijn.nl\/wp-content\/uploads\/2026\/01\/DN0100469-Sleutelhanger-Lancia-jaren-90-klein-metaal-gravure-nvt-2-e1768683306928.jpg","contentUrl":"https:\/\/turijnmagazijn.nl\/wp-content\/uploads\/2026\/01\/DN0100469-Sleutelhanger-Lancia-jaren-90-klein-metaal-gravure-nvt-2-e1768683306928.jpg","width":1178,"height":906},{"@type":"BreadcrumbList","@id":"https:\/\/turijnmagazijn.nl\/de\/produkt\/schlusselanhanger-holz-graviertes-lancia-logo-90-kopie\/#breadcrumb","itemListElement":[{"@type":"ListItem","position":1,"name":"Home","item":"https:\/\/turijnmagazijn.jumpstone-dev.nl\/"},{"@type":"ListItem","position":2,"name":"Produkte","item":"https:\/\/turijnmagazijn.nl\/de\/shop\/"},{"@type":"ListItem","position":3,"name":"Schl\u00fcsselanh\u00e4nger kleine Metallgravur Lancia Logo &#8217;90"}]},{"@type":"WebSite","@id":"https:\/\/turijnmagazijn.jumpstone-dev.nl\/#website","url":"https:\/\/turijnmagazijn.jumpstone-dev.nl\/","name":"Turijnmagazijn","description":"Onderdelen nieuw en gebruikt - Fiat &amp; Lancia","publisher":{"@id":"https:\/\/turijnmagazijn.jumpstone-dev.nl\/#organization"},"potentialAction":[{"@type":"SearchAction","target":{"@type":"EntryPoint","urlTemplate":"https:\/\/turijnmagazijn.jumpstone-dev.nl\/?s={search_term_string}"},"query-input":{"@type":"PropertyValueSpecification","valueRequired":true,"valueName":"search_term_string"}}],"inLanguage":"de"},{"@type":"Organization","@id":"https:\/\/turijnmagazijn.jumpstone-dev.nl\/#organization","name":"Turijnmagazijn","url":"https:\/\/turijnmagazijn.jumpstone-dev.nl\/","logo":{"@type":"ImageObject","inLanguage":"de","@id":"https:\/\/turijnmagazijn.jumpstone-dev.nl\/#\/schema\/logo\/image\/","url":"https:\/\/turijnmagazijn.nl\/wp-content\/uploads\/2021\/02\/turijnmagazijnlogo.png","contentUrl":"https:\/\/turijnmagazijn.nl\/wp-content\/uploads\/2021\/02\/turijnmagazijnlogo.png","width":555,"height":270,"caption":"Turijnmagazijn"},"image":{"@id":"https:\/\/turijnmagazijn.jumpstone-dev.nl\/#\/schema\/logo\/image\/"},"sameAs":["https:\/\/www.facebook.com\/turijnmagazijn"]}]}},"_links":{"self":[{"href":"https:\/\/turijnmagazijn.nl\/de\/wp-json\/wp\/v2\/product\/97099","targetHints":{"allow":["GET"]}}],"collection":[{"href":"https:\/\/turijnmagazijn.nl\/de\/wp-json\/wp\/v2\/product"}],"about":[{"href":"https:\/\/turijnmagazijn.nl\/de\/wp-json\/wp\/v2\/types\/product"}],"replies":[{"embeddable":true,"href":"https:\/\/turijnmagazijn.nl\/de\/wp-json\/wp\/v2\/comments?post=97099"}],"wp:featuredmedia":[{"embeddable":true,"href":"https:\/\/turijnmagazijn.nl\/de\/wp-json\/wp\/v2\/media\/97106"}],"wp:attachment":[{"href":"https:\/\/turijnmagazijn.nl\/de\/wp-json\/wp\/v2\/media?parent=97099"}],"wp:term":[{"taxonomy":"product_brand","embeddable":true,"href":"https:\/\/turijnmagazijn.nl\/de\/wp-json\/wp\/v2\/product_brand?post=97099"},{"taxonomy":"product_cat","embeddable":true,"href":"https:\/\/turijnmagazijn.nl\/de\/wp-json\/wp\/v2\/product_cat?post=97099"},{"taxonomy":"product_tag","embeddable":true,"href":"https:\/\/turijnmagazijn.nl\/de\/wp-json\/wp\/v2\/product_tag?post=97099"}],"curies":[{"name":"wp","href":"https:\/\/api.w.org\/{rel}","templated":true}]}}