{"id":97208,"date":"2026-01-23T13:48:44","date_gmt":"2026-01-23T12:48:44","guid":{"rendered":"https:\/\/turijnmagazijn.nl\/?post_type=product&#038;p=97208"},"modified":"2026-01-23T14:30:08","modified_gmt":"2026-01-23T13:30:08","slug":"turverkleidung-clip-rot-lancia-kappa-kopie-2","status":"publish","type":"product","link":"https:\/\/turijnmagazijn.nl\/de\/produkt\/turverkleidung-clip-rot-lancia-kappa-kopie-2\/","title":{"rendered":"T\u00fcrverkleidung Clip rot Lancia Kappa (kopie)"},"content":{"rendered":"<p>Neues Nachbauteil als T\u00fcrverkleidungsclip f\u00fcr das Lancia Kappa Coupe.<\/p>\n<p>Dies ist ein Spritzgussprodukt, kein 3D-Druck.<br \/>\nRoter Kunststoff-Weihnachtsbaumclip zur Befestigung der T\u00fcrverkleidung an der T\u00fcr.<\/p>\n<p>Anwendbar f\u00fcr viele andere Modelle von Fiat Lancia und Alfa Romeo.<br \/>\nOEM Lancia 7739801<br \/>\nAlternative OEMs:<br \/>\n71740501<br \/>\n46410400<br \/>\n500358567<br \/>\n71732857&#8243;<\/p>\n","protected":false},"excerpt":{"rendered":"<p>7739801 Neuer roter Reproduktions-Weihnachtsbaumclip aus Kunststoff zum Befestigen der T\u00fcrverkleidung an der T\u00fcr f\u00fcr Lancia Kappa Coupe und viele andere Autos.<\/p>\n","protected":false},"featured_media":97238,"comment_status":"closed","ping_status":"closed","template":"","meta":{"_acf_changed":false},"product_brand":[],"product_cat":[1599,1603,1605,1612,1616,1657,1584,1864,1706,1642,1867,1721,1689,1729,1859,1797,1874,1745,1751,1883,1619,1760,1621,1878,1869,1777,1784,1785,1913,1919],"product_tag":[],"class_list":{"0":"post-97208","1":"product","2":"type-product","3":"status-publish","4":"has-post-thumbnail","6":"product_cat-145-930a-de","7":"product_cat-146-930b-de","8":"product_cat-147-937-de","9":"product_cat-155-167-de","10":"product_cat-156-932-de","11":"product_cat-159-939-de","12":"product_cat-alfa-romeo-de","13":"product_cat-berlina-de","14":"product_cat-brava-198-de","15":"product_cat-brera-939-de","16":"product_cat-coupe-de","17":"product_cat-croma-1-154-de","18":"product_cat-fiat-de","19":"product_cat-grande-punto-199-de","20":"product_cat-kappa-838-de","21":"product_cat-lancia-de","22":"product_cat-lybra-839-de","23":"product_cat-punto-1-176-de","24":"product_cat-punto-2-188-de","25":"product_cat-sedan-lybra-839-de","26":"product_cat-sedan-de","27":"product_cat-seicento-187-de","28":"product_cat-sportwagon-de","29":"product_cat-sw-lybra-839-de","30":"product_cat-sw-de","31":"product_cat-tempra-159-de","32":"product_cat-tipo-1-160-de","33":"product_cat-uno-1-146-de","34":"product_cat-ypsilon-1-840-de","35":"product_cat-ypsilon-2-843-de","36":"pa_soort-onderdeel-karosserie-und-blech","38":"first","39":"instock","40":"taxable","41":"shipping-taxable","42":"purchasable","43":"product-type-simple"},"acf":[],"yoast_head":"<!-- This site is optimized with the Yoast SEO plugin v27.3 - https:\/\/yoast.com\/product\/yoast-seo-wordpress\/ -->\n<title>T\u00fcrverkleidung Clip rot Lancia Kappa (kopie) - Turijnmagazijn<\/title>\n<meta name=\"robots\" content=\"index, follow, max-snippet:-1, max-image-preview:large, max-video-preview:-1\" \/>\n<link rel=\"canonical\" href=\"https:\/\/turijnmagazijn.nl\/de\/produkt\/turverkleidung-clip-rot-lancia-kappa-kopie-2\/\" \/>\n<meta property=\"og:locale\" content=\"de_DE\" \/>\n<meta property=\"og:type\" content=\"article\" \/>\n<meta property=\"og:title\" content=\"T\u00fcrverkleidung Clip rot Lancia Kappa (kopie) - Turijnmagazijn\" \/>\n<meta property=\"og:description\" content=\"7739801 Neuer roter Reproduktions-Weihnachtsbaumclip aus Kunststoff zum Befestigen der T\u00fcrverkleidung an der T\u00fcr f\u00fcr Lancia Kappa Coupe und viele andere Autos.\" \/>\n<meta property=\"og:url\" content=\"https:\/\/turijnmagazijn.nl\/de\/produkt\/turverkleidung-clip-rot-lancia-kappa-kopie-2\/\" \/>\n<meta property=\"og:site_name\" content=\"Turijnmagazijn\" \/>\n<meta property=\"article:publisher\" content=\"https:\/\/www.facebook.com\/turijnmagazijn\" \/>\n<meta property=\"article:modified_time\" content=\"2026-01-23T13:30:08+00:00\" \/>\n<meta name=\"twitter:card\" content=\"summary_large_image\" \/>\n<script type=\"application\/ld+json\" class=\"yoast-schema-graph\">{\"@context\":\"https:\\\/\\\/schema.org\",\"@graph\":[{\"@type\":\"WebPage\",\"@id\":\"https:\\\/\\\/turijnmagazijn.nl\\\/de\\\/produkt\\\/turverkleidung-clip-rot-lancia-kappa-kopie-2\\\/\",\"url\":\"https:\\\/\\\/turijnmagazijn.nl\\\/de\\\/produkt\\\/turverkleidung-clip-rot-lancia-kappa-kopie-2\\\/\",\"name\":\"T\u00fcrverkleidung Clip rot Lancia Kappa (kopie) - Turijnmagazijn\",\"isPartOf\":{\"@id\":\"https:\\\/\\\/turijnmagazijn.jumpstone-dev.nl\\\/#website\"},\"primaryImageOfPage\":{\"@id\":\"https:\\\/\\\/turijnmagazijn.nl\\\/de\\\/produkt\\\/turverkleidung-clip-rot-lancia-kappa-kopie-2\\\/#primaryimage\"},\"image\":{\"@id\":\"https:\\\/\\\/turijnmagazijn.nl\\\/de\\\/produkt\\\/turverkleidung-clip-rot-lancia-kappa-kopie-2\\\/#primaryimage\"},\"thumbnailUrl\":\"https:\\\/\\\/turijnmagazijn.nl\\\/wp-content\\\/uploads\\\/2026\\\/01\\\/DN0100468-Deurpaneel-bekleding-clip-wit-Lancia-Kappa-7739801-4.jpg\",\"datePublished\":\"2026-01-23T12:48:44+00:00\",\"dateModified\":\"2026-01-23T13:30:08+00:00\",\"breadcrumb\":{\"@id\":\"https:\\\/\\\/turijnmagazijn.nl\\\/de\\\/produkt\\\/turverkleidung-clip-rot-lancia-kappa-kopie-2\\\/#breadcrumb\"},\"inLanguage\":\"de\",\"potentialAction\":[{\"@type\":\"ReadAction\",\"target\":[\"https:\\\/\\\/turijnmagazijn.nl\\\/de\\\/produkt\\\/turverkleidung-clip-rot-lancia-kappa-kopie-2\\\/\"]}]},{\"@type\":\"ImageObject\",\"inLanguage\":\"de\",\"@id\":\"https:\\\/\\\/turijnmagazijn.nl\\\/de\\\/produkt\\\/turverkleidung-clip-rot-lancia-kappa-kopie-2\\\/#primaryimage\",\"url\":\"https:\\\/\\\/turijnmagazijn.nl\\\/wp-content\\\/uploads\\\/2026\\\/01\\\/DN0100468-Deurpaneel-bekleding-clip-wit-Lancia-Kappa-7739801-4.jpg\",\"contentUrl\":\"https:\\\/\\\/turijnmagazijn.nl\\\/wp-content\\\/uploads\\\/2026\\\/01\\\/DN0100468-Deurpaneel-bekleding-clip-wit-Lancia-Kappa-7739801-4.jpg\",\"width\":1632,\"height\":1224},{\"@type\":\"BreadcrumbList\",\"@id\":\"https:\\\/\\\/turijnmagazijn.nl\\\/de\\\/produkt\\\/turverkleidung-clip-rot-lancia-kappa-kopie-2\\\/#breadcrumb\",\"itemListElement\":[{\"@type\":\"ListItem\",\"position\":1,\"name\":\"Home\",\"item\":\"https:\\\/\\\/turijnmagazijn.nl\\\/de\\\/\"},{\"@type\":\"ListItem\",\"position\":2,\"name\":\"Produkte\",\"item\":\"https:\\\/\\\/turijnmagazijn.nl\\\/de\\\/shop\\\/\"},{\"@type\":\"ListItem\",\"position\":3,\"name\":\"T\u00fcrverkleidung Clip rot Lancia Kappa (kopie)\"}]},{\"@type\":\"WebSite\",\"@id\":\"https:\\\/\\\/turijnmagazijn.jumpstone-dev.nl\\\/#website\",\"url\":\"https:\\\/\\\/turijnmagazijn.jumpstone-dev.nl\\\/\",\"name\":\"Turijnmagazijn\",\"description\":\"Onderdelen nieuw en gebruikt - Fiat &amp; Lancia\",\"publisher\":{\"@id\":\"https:\\\/\\\/turijnmagazijn.jumpstone-dev.nl\\\/#organization\"},\"potentialAction\":[{\"@type\":\"SearchAction\",\"target\":{\"@type\":\"EntryPoint\",\"urlTemplate\":\"https:\\\/\\\/turijnmagazijn.jumpstone-dev.nl\\\/?s={search_term_string}\"},\"query-input\":{\"@type\":\"PropertyValueSpecification\",\"valueRequired\":true,\"valueName\":\"search_term_string\"}}],\"inLanguage\":\"de\"},{\"@type\":\"Organization\",\"@id\":\"https:\\\/\\\/turijnmagazijn.jumpstone-dev.nl\\\/#organization\",\"name\":\"Turijnmagazijn\",\"url\":\"https:\\\/\\\/turijnmagazijn.jumpstone-dev.nl\\\/\",\"logo\":{\"@type\":\"ImageObject\",\"inLanguage\":\"de\",\"@id\":\"https:\\\/\\\/turijnmagazijn.jumpstone-dev.nl\\\/#\\\/schema\\\/logo\\\/image\\\/\",\"url\":\"https:\\\/\\\/turijnmagazijn.nl\\\/wp-content\\\/uploads\\\/2021\\\/02\\\/turijnmagazijnlogo.png\",\"contentUrl\":\"https:\\\/\\\/turijnmagazijn.nl\\\/wp-content\\\/uploads\\\/2021\\\/02\\\/turijnmagazijnlogo.png\",\"width\":555,\"height\":270,\"caption\":\"Turijnmagazijn\"},\"image\":{\"@id\":\"https:\\\/\\\/turijnmagazijn.jumpstone-dev.nl\\\/#\\\/schema\\\/logo\\\/image\\\/\"},\"sameAs\":[\"https:\\\/\\\/www.facebook.com\\\/turijnmagazijn\"]}]}<\/script>\n<!-- \/ Yoast SEO plugin. -->","yoast_head_json":{"title":"T\u00fcrverkleidung Clip rot Lancia Kappa (kopie) - Turijnmagazijn","robots":{"index":"index","follow":"follow","max-snippet":"max-snippet:-1","max-image-preview":"max-image-preview:large","max-video-preview":"max-video-preview:-1"},"canonical":"https:\/\/turijnmagazijn.nl\/de\/produkt\/turverkleidung-clip-rot-lancia-kappa-kopie-2\/","og_locale":"de_DE","og_type":"article","og_title":"T\u00fcrverkleidung Clip rot Lancia Kappa (kopie) - Turijnmagazijn","og_description":"7739801 Neuer roter Reproduktions-Weihnachtsbaumclip aus Kunststoff zum Befestigen der T\u00fcrverkleidung an der T\u00fcr f\u00fcr Lancia Kappa Coupe und viele andere Autos.","og_url":"https:\/\/turijnmagazijn.nl\/de\/produkt\/turverkleidung-clip-rot-lancia-kappa-kopie-2\/","og_site_name":"Turijnmagazijn","article_publisher":"https:\/\/www.facebook.com\/turijnmagazijn","article_modified_time":"2026-01-23T13:30:08+00:00","twitter_card":"summary_large_image","schema":{"@context":"https:\/\/schema.org","@graph":[{"@type":"WebPage","@id":"https:\/\/turijnmagazijn.nl\/de\/produkt\/turverkleidung-clip-rot-lancia-kappa-kopie-2\/","url":"https:\/\/turijnmagazijn.nl\/de\/produkt\/turverkleidung-clip-rot-lancia-kappa-kopie-2\/","name":"T\u00fcrverkleidung Clip rot Lancia Kappa (kopie) - Turijnmagazijn","isPartOf":{"@id":"https:\/\/turijnmagazijn.jumpstone-dev.nl\/#website"},"primaryImageOfPage":{"@id":"https:\/\/turijnmagazijn.nl\/de\/produkt\/turverkleidung-clip-rot-lancia-kappa-kopie-2\/#primaryimage"},"image":{"@id":"https:\/\/turijnmagazijn.nl\/de\/produkt\/turverkleidung-clip-rot-lancia-kappa-kopie-2\/#primaryimage"},"thumbnailUrl":"https:\/\/turijnmagazijn.nl\/wp-content\/uploads\/2026\/01\/DN0100468-Deurpaneel-bekleding-clip-wit-Lancia-Kappa-7739801-4.jpg","datePublished":"2026-01-23T12:48:44+00:00","dateModified":"2026-01-23T13:30:08+00:00","breadcrumb":{"@id":"https:\/\/turijnmagazijn.nl\/de\/produkt\/turverkleidung-clip-rot-lancia-kappa-kopie-2\/#breadcrumb"},"inLanguage":"de","potentialAction":[{"@type":"ReadAction","target":["https:\/\/turijnmagazijn.nl\/de\/produkt\/turverkleidung-clip-rot-lancia-kappa-kopie-2\/"]}]},{"@type":"ImageObject","inLanguage":"de","@id":"https:\/\/turijnmagazijn.nl\/de\/produkt\/turverkleidung-clip-rot-lancia-kappa-kopie-2\/#primaryimage","url":"https:\/\/turijnmagazijn.nl\/wp-content\/uploads\/2026\/01\/DN0100468-Deurpaneel-bekleding-clip-wit-Lancia-Kappa-7739801-4.jpg","contentUrl":"https:\/\/turijnmagazijn.nl\/wp-content\/uploads\/2026\/01\/DN0100468-Deurpaneel-bekleding-clip-wit-Lancia-Kappa-7739801-4.jpg","width":1632,"height":1224},{"@type":"BreadcrumbList","@id":"https:\/\/turijnmagazijn.nl\/de\/produkt\/turverkleidung-clip-rot-lancia-kappa-kopie-2\/#breadcrumb","itemListElement":[{"@type":"ListItem","position":1,"name":"Home","item":"https:\/\/turijnmagazijn.nl\/de\/"},{"@type":"ListItem","position":2,"name":"Produkte","item":"https:\/\/turijnmagazijn.nl\/de\/shop\/"},{"@type":"ListItem","position":3,"name":"T\u00fcrverkleidung Clip rot Lancia Kappa (kopie)"}]},{"@type":"WebSite","@id":"https:\/\/turijnmagazijn.jumpstone-dev.nl\/#website","url":"https:\/\/turijnmagazijn.jumpstone-dev.nl\/","name":"Turijnmagazijn","description":"Onderdelen nieuw en gebruikt - Fiat &amp; Lancia","publisher":{"@id":"https:\/\/turijnmagazijn.jumpstone-dev.nl\/#organization"},"potentialAction":[{"@type":"SearchAction","target":{"@type":"EntryPoint","urlTemplate":"https:\/\/turijnmagazijn.jumpstone-dev.nl\/?s={search_term_string}"},"query-input":{"@type":"PropertyValueSpecification","valueRequired":true,"valueName":"search_term_string"}}],"inLanguage":"de"},{"@type":"Organization","@id":"https:\/\/turijnmagazijn.jumpstone-dev.nl\/#organization","name":"Turijnmagazijn","url":"https:\/\/turijnmagazijn.jumpstone-dev.nl\/","logo":{"@type":"ImageObject","inLanguage":"de","@id":"https:\/\/turijnmagazijn.jumpstone-dev.nl\/#\/schema\/logo\/image\/","url":"https:\/\/turijnmagazijn.nl\/wp-content\/uploads\/2021\/02\/turijnmagazijnlogo.png","contentUrl":"https:\/\/turijnmagazijn.nl\/wp-content\/uploads\/2021\/02\/turijnmagazijnlogo.png","width":555,"height":270,"caption":"Turijnmagazijn"},"image":{"@id":"https:\/\/turijnmagazijn.jumpstone-dev.nl\/#\/schema\/logo\/image\/"},"sameAs":["https:\/\/www.facebook.com\/turijnmagazijn"]}]}},"_links":{"self":[{"href":"https:\/\/turijnmagazijn.nl\/de\/wp-json\/wp\/v2\/product\/97208","targetHints":{"allow":["GET"]}}],"collection":[{"href":"https:\/\/turijnmagazijn.nl\/de\/wp-json\/wp\/v2\/product"}],"about":[{"href":"https:\/\/turijnmagazijn.nl\/de\/wp-json\/wp\/v2\/types\/product"}],"replies":[{"embeddable":true,"href":"https:\/\/turijnmagazijn.nl\/de\/wp-json\/wp\/v2\/comments?post=97208"}],"wp:featuredmedia":[{"embeddable":true,"href":"https:\/\/turijnmagazijn.nl\/de\/wp-json\/wp\/v2\/media\/97238"}],"wp:attachment":[{"href":"https:\/\/turijnmagazijn.nl\/de\/wp-json\/wp\/v2\/media?parent=97208"}],"wp:term":[{"taxonomy":"product_brand","embeddable":true,"href":"https:\/\/turijnmagazijn.nl\/de\/wp-json\/wp\/v2\/product_brand?post=97208"},{"taxonomy":"product_cat","embeddable":true,"href":"https:\/\/turijnmagazijn.nl\/de\/wp-json\/wp\/v2\/product_cat?post=97208"},{"taxonomy":"product_tag","embeddable":true,"href":"https:\/\/turijnmagazijn.nl\/de\/wp-json\/wp\/v2\/product_tag?post=97208"}],"curies":[{"name":"wp","href":"https:\/\/api.w.org\/{rel}","templated":true}]}}