{"id":98103,"date":"2025-06-03T13:42:59","date_gmt":"2025-06-03T11:42:59","guid":{"rendered":"https:\/\/turijnmagazijn.nl\/product\/bremsbelagsatz-lucas-lms112-fiat-bravo-brava-marea-lancia-lybra-dedra\/"},"modified":"2025-06-03T13:42:59","modified_gmt":"2025-06-03T11:42:59","slug":"bremsbelagsatz-lucas-lms112-fiat-bravo-brava-marea-lancia-lybra-dedra","status":"publish","type":"product","link":"https:\/\/turijnmagazijn.nl\/de\/produkt\/bremsbelagsatz-lucas-lms112-fiat-bravo-brava-marea-lancia-lybra-dedra\/","title":{"rendered":"Bremsbelagsatz Lucas LMS112 Fiat Bravo Brava Marea Lancia Lybra Dedra"},"content":{"rendered":"<p>&#8222;Neues Originalprodukt aus alten H\u00e4ndlerbest\u00e4nden. (NOS) Unbenutzter Artikel in der Originalverpackung des H\u00e4ndlers. LMS112 Bremsbelagsatz Lucas &#8222;<\/p>\n","protected":false},"excerpt":{"rendered":"<p>LMS112 Bremsbelagsatz Lucas  <\/p>\n","protected":false},"featured_media":92025,"comment_status":"open","ping_status":"closed","template":"","meta":{"_acf_changed":false},"product_brand":[],"product_cat":[1706,1803,1689,1797,1874,1734,1883,1878],"product_tag":[],"class_list":{"0":"post-98103","1":"product","2":"type-product","3":"status-publish","4":"has-post-thumbnail","6":"product_cat-brava-198-de","7":"product_cat-dedra-835-de","8":"product_cat-fiat-de","9":"product_cat-lancia-de","10":"product_cat-lybra-839-de","11":"product_cat-marea-185-de","12":"product_cat-sedan-lybra-839-de","13":"product_cat-sw-lybra-839-de","14":"pa_soort-onderdeel-karosserie-und-blech","16":"first","17":"instock","18":"shipping-taxable","19":"purchasable","20":"product-type-simple"},"acf":[],"yoast_head":"<!-- This site is optimized with the Yoast SEO plugin v27.2 - https:\/\/yoast.com\/product\/yoast-seo-wordpress\/ -->\n<title>Bremsbelagsatz Lucas LMS112 Fiat Bravo Brava Marea Lancia Lybra Dedra - Turijnmagazijn<\/title>\n<meta name=\"robots\" content=\"index, follow, max-snippet:-1, max-image-preview:large, max-video-preview:-1\" \/>\n<link rel=\"canonical\" href=\"https:\/\/turijnmagazijn.nl\/de\/produkt\/bremsbelagsatz-lucas-lms112-fiat-bravo-brava-marea-lancia-lybra-dedra\/\" \/>\n<meta property=\"og:locale\" content=\"de_DE\" \/>\n<meta property=\"og:type\" content=\"article\" \/>\n<meta property=\"og:title\" content=\"Bremsbelagsatz Lucas LMS112 Fiat Bravo Brava Marea Lancia Lybra Dedra - Turijnmagazijn\" \/>\n<meta property=\"og:description\" content=\"LMS112 Bremsbelagsatz Lucas\" \/>\n<meta property=\"og:url\" content=\"https:\/\/turijnmagazijn.nl\/de\/produkt\/bremsbelagsatz-lucas-lms112-fiat-bravo-brava-marea-lancia-lybra-dedra\/\" \/>\n<meta property=\"og:site_name\" content=\"Turijnmagazijn\" \/>\n<meta property=\"article:publisher\" content=\"https:\/\/www.facebook.com\/turijnmagazijn\" \/>\n<meta property=\"og:image\" content=\"https:\/\/turijnmagazijn.nl\/wp-content\/uploads\/2025\/06\/DS0109321-Remblokset-Lucas-LMS112-2.jpg\" \/>\n\t<meta property=\"og:image:width\" content=\"1024\" \/>\n\t<meta property=\"og:image:height\" content=\"768\" \/>\n\t<meta property=\"og:image:type\" content=\"image\/jpeg\" \/>\n<meta name=\"twitter:card\" content=\"summary_large_image\" \/>\n<script type=\"application\/ld+json\" class=\"yoast-schema-graph\">{\"@context\":\"https:\/\/schema.org\",\"@graph\":[{\"@type\":\"WebPage\",\"@id\":\"https:\/\/turijnmagazijn.nl\/de\/produkt\/bremsbelagsatz-lucas-lms112-fiat-bravo-brava-marea-lancia-lybra-dedra\/\",\"url\":\"https:\/\/turijnmagazijn.nl\/de\/produkt\/bremsbelagsatz-lucas-lms112-fiat-bravo-brava-marea-lancia-lybra-dedra\/\",\"name\":\"Bremsbelagsatz Lucas LMS112 Fiat Bravo Brava Marea Lancia Lybra Dedra - Turijnmagazijn\",\"isPartOf\":{\"@id\":\"https:\/\/turijnmagazijn.jumpstone-dev.nl\/#website\"},\"primaryImageOfPage\":{\"@id\":\"https:\/\/turijnmagazijn.nl\/de\/produkt\/bremsbelagsatz-lucas-lms112-fiat-bravo-brava-marea-lancia-lybra-dedra\/#primaryimage\"},\"image\":{\"@id\":\"https:\/\/turijnmagazijn.nl\/de\/produkt\/bremsbelagsatz-lucas-lms112-fiat-bravo-brava-marea-lancia-lybra-dedra\/#primaryimage\"},\"thumbnailUrl\":\"https:\/\/turijnmagazijn.nl\/wp-content\/uploads\/2025\/06\/DS0109321-Remblokset-Lucas-LMS112-2.jpg\",\"datePublished\":\"2025-06-03T11:42:59+00:00\",\"breadcrumb\":{\"@id\":\"https:\/\/turijnmagazijn.nl\/de\/produkt\/bremsbelagsatz-lucas-lms112-fiat-bravo-brava-marea-lancia-lybra-dedra\/#breadcrumb\"},\"inLanguage\":\"de\",\"potentialAction\":[{\"@type\":\"ReadAction\",\"target\":[\"https:\/\/turijnmagazijn.nl\/de\/produkt\/bremsbelagsatz-lucas-lms112-fiat-bravo-brava-marea-lancia-lybra-dedra\/\"]}]},{\"@type\":\"ImageObject\",\"inLanguage\":\"de\",\"@id\":\"https:\/\/turijnmagazijn.nl\/de\/produkt\/bremsbelagsatz-lucas-lms112-fiat-bravo-brava-marea-lancia-lybra-dedra\/#primaryimage\",\"url\":\"https:\/\/turijnmagazijn.nl\/wp-content\/uploads\/2025\/06\/DS0109321-Remblokset-Lucas-LMS112-2.jpg\",\"contentUrl\":\"https:\/\/turijnmagazijn.nl\/wp-content\/uploads\/2025\/06\/DS0109321-Remblokset-Lucas-LMS112-2.jpg\",\"width\":1024,\"height\":768},{\"@type\":\"BreadcrumbList\",\"@id\":\"https:\/\/turijnmagazijn.nl\/de\/produkt\/bremsbelagsatz-lucas-lms112-fiat-bravo-brava-marea-lancia-lybra-dedra\/#breadcrumb\",\"itemListElement\":[{\"@type\":\"ListItem\",\"position\":1,\"name\":\"Home\",\"item\":\"https:\/\/turijnmagazijn.nl\/de\/\"},{\"@type\":\"ListItem\",\"position\":2,\"name\":\"Produkte\",\"item\":\"https:\/\/turijnmagazijn.nl\/de\/shop\/\"},{\"@type\":\"ListItem\",\"position\":3,\"name\":\"Bremsbelagsatz Lucas LMS112 Fiat Bravo Brava Marea Lancia Lybra Dedra\"}]},{\"@type\":\"WebSite\",\"@id\":\"https:\/\/turijnmagazijn.jumpstone-dev.nl\/#website\",\"url\":\"https:\/\/turijnmagazijn.jumpstone-dev.nl\/\",\"name\":\"Turijnmagazijn\",\"description\":\"Onderdelen nieuw en gebruikt - Fiat &amp; Lancia\",\"publisher\":{\"@id\":\"https:\/\/turijnmagazijn.jumpstone-dev.nl\/#organization\"},\"potentialAction\":[{\"@type\":\"SearchAction\",\"target\":{\"@type\":\"EntryPoint\",\"urlTemplate\":\"https:\/\/turijnmagazijn.jumpstone-dev.nl\/?s={search_term_string}\"},\"query-input\":{\"@type\":\"PropertyValueSpecification\",\"valueRequired\":true,\"valueName\":\"search_term_string\"}}],\"inLanguage\":\"de\"},{\"@type\":\"Organization\",\"@id\":\"https:\/\/turijnmagazijn.jumpstone-dev.nl\/#organization\",\"name\":\"Turijnmagazijn\",\"url\":\"https:\/\/turijnmagazijn.jumpstone-dev.nl\/\",\"logo\":{\"@type\":\"ImageObject\",\"inLanguage\":\"de\",\"@id\":\"https:\/\/turijnmagazijn.jumpstone-dev.nl\/#\/schema\/logo\/image\/\",\"url\":\"https:\/\/turijnmagazijn.nl\/wp-content\/uploads\/2021\/02\/turijnmagazijnlogo.png\",\"contentUrl\":\"https:\/\/turijnmagazijn.nl\/wp-content\/uploads\/2021\/02\/turijnmagazijnlogo.png\",\"width\":555,\"height\":270,\"caption\":\"Turijnmagazijn\"},\"image\":{\"@id\":\"https:\/\/turijnmagazijn.jumpstone-dev.nl\/#\/schema\/logo\/image\/\"},\"sameAs\":[\"https:\/\/www.facebook.com\/turijnmagazijn\"]}]}<\/script>\n<!-- \/ Yoast SEO plugin. -->","yoast_head_json":{"title":"Bremsbelagsatz Lucas LMS112 Fiat Bravo Brava Marea Lancia Lybra Dedra - Turijnmagazijn","robots":{"index":"index","follow":"follow","max-snippet":"max-snippet:-1","max-image-preview":"max-image-preview:large","max-video-preview":"max-video-preview:-1"},"canonical":"https:\/\/turijnmagazijn.nl\/de\/produkt\/bremsbelagsatz-lucas-lms112-fiat-bravo-brava-marea-lancia-lybra-dedra\/","og_locale":"de_DE","og_type":"article","og_title":"Bremsbelagsatz Lucas LMS112 Fiat Bravo Brava Marea Lancia Lybra Dedra - Turijnmagazijn","og_description":"LMS112 Bremsbelagsatz Lucas","og_url":"https:\/\/turijnmagazijn.nl\/de\/produkt\/bremsbelagsatz-lucas-lms112-fiat-bravo-brava-marea-lancia-lybra-dedra\/","og_site_name":"Turijnmagazijn","article_publisher":"https:\/\/www.facebook.com\/turijnmagazijn","og_image":[{"width":1024,"height":768,"url":"https:\/\/turijnmagazijn.nl\/wp-content\/uploads\/2025\/06\/DS0109321-Remblokset-Lucas-LMS112-2.jpg","type":"image\/jpeg"}],"twitter_card":"summary_large_image","schema":{"@context":"https:\/\/schema.org","@graph":[{"@type":"WebPage","@id":"https:\/\/turijnmagazijn.nl\/de\/produkt\/bremsbelagsatz-lucas-lms112-fiat-bravo-brava-marea-lancia-lybra-dedra\/","url":"https:\/\/turijnmagazijn.nl\/de\/produkt\/bremsbelagsatz-lucas-lms112-fiat-bravo-brava-marea-lancia-lybra-dedra\/","name":"Bremsbelagsatz Lucas LMS112 Fiat Bravo Brava Marea Lancia Lybra Dedra - Turijnmagazijn","isPartOf":{"@id":"https:\/\/turijnmagazijn.jumpstone-dev.nl\/#website"},"primaryImageOfPage":{"@id":"https:\/\/turijnmagazijn.nl\/de\/produkt\/bremsbelagsatz-lucas-lms112-fiat-bravo-brava-marea-lancia-lybra-dedra\/#primaryimage"},"image":{"@id":"https:\/\/turijnmagazijn.nl\/de\/produkt\/bremsbelagsatz-lucas-lms112-fiat-bravo-brava-marea-lancia-lybra-dedra\/#primaryimage"},"thumbnailUrl":"https:\/\/turijnmagazijn.nl\/wp-content\/uploads\/2025\/06\/DS0109321-Remblokset-Lucas-LMS112-2.jpg","datePublished":"2025-06-03T11:42:59+00:00","breadcrumb":{"@id":"https:\/\/turijnmagazijn.nl\/de\/produkt\/bremsbelagsatz-lucas-lms112-fiat-bravo-brava-marea-lancia-lybra-dedra\/#breadcrumb"},"inLanguage":"de","potentialAction":[{"@type":"ReadAction","target":["https:\/\/turijnmagazijn.nl\/de\/produkt\/bremsbelagsatz-lucas-lms112-fiat-bravo-brava-marea-lancia-lybra-dedra\/"]}]},{"@type":"ImageObject","inLanguage":"de","@id":"https:\/\/turijnmagazijn.nl\/de\/produkt\/bremsbelagsatz-lucas-lms112-fiat-bravo-brava-marea-lancia-lybra-dedra\/#primaryimage","url":"https:\/\/turijnmagazijn.nl\/wp-content\/uploads\/2025\/06\/DS0109321-Remblokset-Lucas-LMS112-2.jpg","contentUrl":"https:\/\/turijnmagazijn.nl\/wp-content\/uploads\/2025\/06\/DS0109321-Remblokset-Lucas-LMS112-2.jpg","width":1024,"height":768},{"@type":"BreadcrumbList","@id":"https:\/\/turijnmagazijn.nl\/de\/produkt\/bremsbelagsatz-lucas-lms112-fiat-bravo-brava-marea-lancia-lybra-dedra\/#breadcrumb","itemListElement":[{"@type":"ListItem","position":1,"name":"Home","item":"https:\/\/turijnmagazijn.nl\/de\/"},{"@type":"ListItem","position":2,"name":"Produkte","item":"https:\/\/turijnmagazijn.nl\/de\/shop\/"},{"@type":"ListItem","position":3,"name":"Bremsbelagsatz Lucas LMS112 Fiat Bravo Brava Marea Lancia Lybra Dedra"}]},{"@type":"WebSite","@id":"https:\/\/turijnmagazijn.jumpstone-dev.nl\/#website","url":"https:\/\/turijnmagazijn.jumpstone-dev.nl\/","name":"Turijnmagazijn","description":"Onderdelen nieuw en gebruikt - Fiat &amp; Lancia","publisher":{"@id":"https:\/\/turijnmagazijn.jumpstone-dev.nl\/#organization"},"potentialAction":[{"@type":"SearchAction","target":{"@type":"EntryPoint","urlTemplate":"https:\/\/turijnmagazijn.jumpstone-dev.nl\/?s={search_term_string}"},"query-input":{"@type":"PropertyValueSpecification","valueRequired":true,"valueName":"search_term_string"}}],"inLanguage":"de"},{"@type":"Organization","@id":"https:\/\/turijnmagazijn.jumpstone-dev.nl\/#organization","name":"Turijnmagazijn","url":"https:\/\/turijnmagazijn.jumpstone-dev.nl\/","logo":{"@type":"ImageObject","inLanguage":"de","@id":"https:\/\/turijnmagazijn.jumpstone-dev.nl\/#\/schema\/logo\/image\/","url":"https:\/\/turijnmagazijn.nl\/wp-content\/uploads\/2021\/02\/turijnmagazijnlogo.png","contentUrl":"https:\/\/turijnmagazijn.nl\/wp-content\/uploads\/2021\/02\/turijnmagazijnlogo.png","width":555,"height":270,"caption":"Turijnmagazijn"},"image":{"@id":"https:\/\/turijnmagazijn.jumpstone-dev.nl\/#\/schema\/logo\/image\/"},"sameAs":["https:\/\/www.facebook.com\/turijnmagazijn"]}]}},"_links":{"self":[{"href":"https:\/\/turijnmagazijn.nl\/de\/wp-json\/wp\/v2\/product\/98103","targetHints":{"allow":["GET"]}}],"collection":[{"href":"https:\/\/turijnmagazijn.nl\/de\/wp-json\/wp\/v2\/product"}],"about":[{"href":"https:\/\/turijnmagazijn.nl\/de\/wp-json\/wp\/v2\/types\/product"}],"replies":[{"embeddable":true,"href":"https:\/\/turijnmagazijn.nl\/de\/wp-json\/wp\/v2\/comments?post=98103"}],"wp:featuredmedia":[{"embeddable":true,"href":"https:\/\/turijnmagazijn.nl\/de\/wp-json\/wp\/v2\/media\/92025"}],"wp:attachment":[{"href":"https:\/\/turijnmagazijn.nl\/de\/wp-json\/wp\/v2\/media?parent=98103"}],"wp:term":[{"taxonomy":"product_brand","embeddable":true,"href":"https:\/\/turijnmagazijn.nl\/de\/wp-json\/wp\/v2\/product_brand?post=98103"},{"taxonomy":"product_cat","embeddable":true,"href":"https:\/\/turijnmagazijn.nl\/de\/wp-json\/wp\/v2\/product_cat?post=98103"},{"taxonomy":"product_tag","embeddable":true,"href":"https:\/\/turijnmagazijn.nl\/de\/wp-json\/wp\/v2\/product_tag?post=98103"}],"curies":[{"name":"wp","href":"https:\/\/api.w.org\/{rel}","templated":true}]}}