{"id":98400,"date":"2025-08-18T12:38:36","date_gmt":"2025-08-18T10:38:36","guid":{"rendered":"https:\/\/turijnmagazijn.nl\/product\/mutter-m8-mit-bund-lancia-delta-integrale\/"},"modified":"2025-08-18T12:38:36","modified_gmt":"2025-08-18T10:38:36","slug":"mutter-m8-mit-bund-lancia-delta-integrale","status":"publish","type":"product","link":"https:\/\/turijnmagazijn.nl\/de\/produkt\/mutter-m8-mit-bund-lancia-delta-integrale\/","title":{"rendered":"Mutter M8 mit Bund Lancia Delta Integrale"},"content":{"rendered":"<p>M8 Mutter gelb passiviert geeignet f\u00fcr die Armaturenbrettmontage f\u00fcr Lancia Delta Integrale. Betrifft die Muttern, die unter der Motorhaube auf den Bolzen des Armaturenbretts befestigt werden. Pro Auto werden 5 St\u00fcck ben\u00f6tigt. Diese Muttern mit Kragen sind eine hervorragende Alternative zu den Originalmuttern mit einer losen Unterlegscheibe, aufgrund der schwierigen zihctbaren Montagestelle ist eine Kragenmutter eine angenehme L\u00f6sung. Alternative zu OEM Lancia 16100811 Teil Nummer 11 auf der technischen Zeichnung von EPER Zeichnungsnummer 4D91A2439FDA46FA44E4E621E97FE51A bez\u00fcglich der Anwendung f\u00fcr den Lancia Delta Integrale. Von diesem Teil werden 8 St\u00fcck pro Auto ben\u00f6tigt. Teil Nummer 15 auf der technischen Zeichnung von EPER Zeichnungsnummer 1020001001 bez\u00fcglich der Anwendung am Lancia Delta Integrale. Sie ben\u00f6tigen 2 St\u00fcck dieses Artikels pro Auto.<\/p>\n","protected":false},"excerpt":{"rendered":"<p>16100811 M8 Mutter gelb passiviert geeignet f\u00fcr Armaturenbrettmontage f\u00fcr Lancia Delta Integrale.<\/p>\n","protected":false},"featured_media":94219,"comment_status":"open","ping_status":"closed","template":"","meta":{"_acf_changed":false},"product_brand":[],"product_cat":[1811,1807,1817,1822,1826,1834,1829,1839,1797],"product_tag":[],"class_list":{"0":"post-98400","1":"product","2":"type-product","3":"status-publish","4":"has-post-thumbnail","6":"product_cat-1-1-1-3-1-5-de","7":"product_cat-delta-1-831-de","8":"product_cat-gt-i-e-de","9":"product_cat-hf-4wd-de","10":"product_cat-hf-turbo-de","11":"product_cat-integrale-16v-de","12":"product_cat-integrale-8v-de","13":"product_cat-integrale-evo-de","14":"product_cat-lancia-de","15":"pa_soort-onderdeel-karosserie-und-blech","17":"first","18":"instock","19":"shipping-taxable","20":"purchasable","21":"product-type-simple"},"acf":[],"yoast_head":"<!-- This site is optimized with the Yoast SEO plugin v27.3 - https:\/\/yoast.com\/product\/yoast-seo-wordpress\/ -->\n<title>Mutter M8 mit Bund Lancia Delta Integrale - Turijnmagazijn<\/title>\n<meta name=\"robots\" content=\"index, follow, max-snippet:-1, max-image-preview:large, max-video-preview:-1\" \/>\n<link rel=\"canonical\" href=\"https:\/\/turijnmagazijn.nl\/de\/produkt\/mutter-m8-mit-bund-lancia-delta-integrale\/\" \/>\n<meta property=\"og:locale\" content=\"de_DE\" \/>\n<meta property=\"og:type\" content=\"article\" \/>\n<meta property=\"og:title\" content=\"Mutter M8 mit Bund Lancia Delta Integrale - Turijnmagazijn\" \/>\n<meta property=\"og:description\" content=\"16100811 M8 Mutter gelb passiviert geeignet f\u00fcr Armaturenbrettmontage f\u00fcr Lancia Delta Integrale.\" \/>\n<meta property=\"og:url\" content=\"https:\/\/turijnmagazijn.nl\/de\/produkt\/mutter-m8-mit-bund-lancia-delta-integrale\/\" \/>\n<meta property=\"og:site_name\" content=\"Turijnmagazijn\" \/>\n<meta property=\"article:publisher\" content=\"https:\/\/www.facebook.com\/turijnmagazijn\" \/>\n<meta property=\"og:image\" content=\"https:\/\/turijnmagazijn.nl\/wp-content\/uploads\/2025\/08\/DN0100436-Moer-M8-met-kraag-Lancia-Delta-Integrale-16100811-3-scaled.jpg\" \/>\n\t<meta property=\"og:image:width\" content=\"2560\" \/>\n\t<meta property=\"og:image:height\" content=\"1920\" \/>\n\t<meta property=\"og:image:type\" content=\"image\/jpeg\" \/>\n<meta name=\"twitter:card\" content=\"summary_large_image\" \/>\n<meta name=\"twitter:label1\" content=\"Gesch\u00e4tzte Lesezeit\" \/>\n\t<meta name=\"twitter:data1\" content=\"1\u00a0Minute\" \/>\n<script type=\"application\/ld+json\" class=\"yoast-schema-graph\">{\"@context\":\"https:\\\/\\\/schema.org\",\"@graph\":[{\"@type\":\"WebPage\",\"@id\":\"https:\\\/\\\/turijnmagazijn.nl\\\/de\\\/produkt\\\/mutter-m8-mit-bund-lancia-delta-integrale\\\/\",\"url\":\"https:\\\/\\\/turijnmagazijn.nl\\\/de\\\/produkt\\\/mutter-m8-mit-bund-lancia-delta-integrale\\\/\",\"name\":\"Mutter M8 mit Bund Lancia Delta Integrale - Turijnmagazijn\",\"isPartOf\":{\"@id\":\"https:\\\/\\\/turijnmagazijn.jumpstone-dev.nl\\\/#website\"},\"primaryImageOfPage\":{\"@id\":\"https:\\\/\\\/turijnmagazijn.nl\\\/de\\\/produkt\\\/mutter-m8-mit-bund-lancia-delta-integrale\\\/#primaryimage\"},\"image\":{\"@id\":\"https:\\\/\\\/turijnmagazijn.nl\\\/de\\\/produkt\\\/mutter-m8-mit-bund-lancia-delta-integrale\\\/#primaryimage\"},\"thumbnailUrl\":\"https:\\\/\\\/turijnmagazijn.nl\\\/wp-content\\\/uploads\\\/2025\\\/08\\\/DN0100436-Moer-M8-met-kraag-Lancia-Delta-Integrale-16100811-3-scaled.jpg\",\"datePublished\":\"2025-08-18T10:38:36+00:00\",\"breadcrumb\":{\"@id\":\"https:\\\/\\\/turijnmagazijn.nl\\\/de\\\/produkt\\\/mutter-m8-mit-bund-lancia-delta-integrale\\\/#breadcrumb\"},\"inLanguage\":\"de\",\"potentialAction\":[{\"@type\":\"ReadAction\",\"target\":[\"https:\\\/\\\/turijnmagazijn.nl\\\/de\\\/produkt\\\/mutter-m8-mit-bund-lancia-delta-integrale\\\/\"]}]},{\"@type\":\"ImageObject\",\"inLanguage\":\"de\",\"@id\":\"https:\\\/\\\/turijnmagazijn.nl\\\/de\\\/produkt\\\/mutter-m8-mit-bund-lancia-delta-integrale\\\/#primaryimage\",\"url\":\"https:\\\/\\\/turijnmagazijn.nl\\\/wp-content\\\/uploads\\\/2025\\\/08\\\/DN0100436-Moer-M8-met-kraag-Lancia-Delta-Integrale-16100811-3-scaled.jpg\",\"contentUrl\":\"https:\\\/\\\/turijnmagazijn.nl\\\/wp-content\\\/uploads\\\/2025\\\/08\\\/DN0100436-Moer-M8-met-kraag-Lancia-Delta-Integrale-16100811-3-scaled.jpg\",\"width\":2560,\"height\":1920},{\"@type\":\"BreadcrumbList\",\"@id\":\"https:\\\/\\\/turijnmagazijn.nl\\\/de\\\/produkt\\\/mutter-m8-mit-bund-lancia-delta-integrale\\\/#breadcrumb\",\"itemListElement\":[{\"@type\":\"ListItem\",\"position\":1,\"name\":\"Home\",\"item\":\"https:\\\/\\\/turijnmagazijn.nl\\\/de\\\/\"},{\"@type\":\"ListItem\",\"position\":2,\"name\":\"Produkte\",\"item\":\"https:\\\/\\\/turijnmagazijn.nl\\\/de\\\/shop\\\/\"},{\"@type\":\"ListItem\",\"position\":3,\"name\":\"Mutter M8 mit Bund Lancia Delta Integrale\"}]},{\"@type\":\"WebSite\",\"@id\":\"https:\\\/\\\/turijnmagazijn.jumpstone-dev.nl\\\/#website\",\"url\":\"https:\\\/\\\/turijnmagazijn.jumpstone-dev.nl\\\/\",\"name\":\"Turijnmagazijn\",\"description\":\"Onderdelen nieuw en gebruikt - Fiat &amp; Lancia\",\"publisher\":{\"@id\":\"https:\\\/\\\/turijnmagazijn.jumpstone-dev.nl\\\/#organization\"},\"potentialAction\":[{\"@type\":\"SearchAction\",\"target\":{\"@type\":\"EntryPoint\",\"urlTemplate\":\"https:\\\/\\\/turijnmagazijn.jumpstone-dev.nl\\\/?s={search_term_string}\"},\"query-input\":{\"@type\":\"PropertyValueSpecification\",\"valueRequired\":true,\"valueName\":\"search_term_string\"}}],\"inLanguage\":\"de\"},{\"@type\":\"Organization\",\"@id\":\"https:\\\/\\\/turijnmagazijn.jumpstone-dev.nl\\\/#organization\",\"name\":\"Turijnmagazijn\",\"url\":\"https:\\\/\\\/turijnmagazijn.jumpstone-dev.nl\\\/\",\"logo\":{\"@type\":\"ImageObject\",\"inLanguage\":\"de\",\"@id\":\"https:\\\/\\\/turijnmagazijn.jumpstone-dev.nl\\\/#\\\/schema\\\/logo\\\/image\\\/\",\"url\":\"https:\\\/\\\/turijnmagazijn.nl\\\/wp-content\\\/uploads\\\/2021\\\/02\\\/turijnmagazijnlogo.png\",\"contentUrl\":\"https:\\\/\\\/turijnmagazijn.nl\\\/wp-content\\\/uploads\\\/2021\\\/02\\\/turijnmagazijnlogo.png\",\"width\":555,\"height\":270,\"caption\":\"Turijnmagazijn\"},\"image\":{\"@id\":\"https:\\\/\\\/turijnmagazijn.jumpstone-dev.nl\\\/#\\\/schema\\\/logo\\\/image\\\/\"},\"sameAs\":[\"https:\\\/\\\/www.facebook.com\\\/turijnmagazijn\"]}]}<\/script>\n<!-- \/ Yoast SEO plugin. -->","yoast_head_json":{"title":"Mutter M8 mit Bund Lancia Delta Integrale - Turijnmagazijn","robots":{"index":"index","follow":"follow","max-snippet":"max-snippet:-1","max-image-preview":"max-image-preview:large","max-video-preview":"max-video-preview:-1"},"canonical":"https:\/\/turijnmagazijn.nl\/de\/produkt\/mutter-m8-mit-bund-lancia-delta-integrale\/","og_locale":"de_DE","og_type":"article","og_title":"Mutter M8 mit Bund Lancia Delta Integrale - Turijnmagazijn","og_description":"16100811 M8 Mutter gelb passiviert geeignet f\u00fcr Armaturenbrettmontage f\u00fcr Lancia Delta Integrale.","og_url":"https:\/\/turijnmagazijn.nl\/de\/produkt\/mutter-m8-mit-bund-lancia-delta-integrale\/","og_site_name":"Turijnmagazijn","article_publisher":"https:\/\/www.facebook.com\/turijnmagazijn","og_image":[{"width":2560,"height":1920,"url":"https:\/\/turijnmagazijn.nl\/wp-content\/uploads\/2025\/08\/DN0100436-Moer-M8-met-kraag-Lancia-Delta-Integrale-16100811-3-scaled.jpg","type":"image\/jpeg"}],"twitter_card":"summary_large_image","twitter_misc":{"Gesch\u00e4tzte Lesezeit":"1\u00a0Minute"},"schema":{"@context":"https:\/\/schema.org","@graph":[{"@type":"WebPage","@id":"https:\/\/turijnmagazijn.nl\/de\/produkt\/mutter-m8-mit-bund-lancia-delta-integrale\/","url":"https:\/\/turijnmagazijn.nl\/de\/produkt\/mutter-m8-mit-bund-lancia-delta-integrale\/","name":"Mutter M8 mit Bund Lancia Delta Integrale - Turijnmagazijn","isPartOf":{"@id":"https:\/\/turijnmagazijn.jumpstone-dev.nl\/#website"},"primaryImageOfPage":{"@id":"https:\/\/turijnmagazijn.nl\/de\/produkt\/mutter-m8-mit-bund-lancia-delta-integrale\/#primaryimage"},"image":{"@id":"https:\/\/turijnmagazijn.nl\/de\/produkt\/mutter-m8-mit-bund-lancia-delta-integrale\/#primaryimage"},"thumbnailUrl":"https:\/\/turijnmagazijn.nl\/wp-content\/uploads\/2025\/08\/DN0100436-Moer-M8-met-kraag-Lancia-Delta-Integrale-16100811-3-scaled.jpg","datePublished":"2025-08-18T10:38:36+00:00","breadcrumb":{"@id":"https:\/\/turijnmagazijn.nl\/de\/produkt\/mutter-m8-mit-bund-lancia-delta-integrale\/#breadcrumb"},"inLanguage":"de","potentialAction":[{"@type":"ReadAction","target":["https:\/\/turijnmagazijn.nl\/de\/produkt\/mutter-m8-mit-bund-lancia-delta-integrale\/"]}]},{"@type":"ImageObject","inLanguage":"de","@id":"https:\/\/turijnmagazijn.nl\/de\/produkt\/mutter-m8-mit-bund-lancia-delta-integrale\/#primaryimage","url":"https:\/\/turijnmagazijn.nl\/wp-content\/uploads\/2025\/08\/DN0100436-Moer-M8-met-kraag-Lancia-Delta-Integrale-16100811-3-scaled.jpg","contentUrl":"https:\/\/turijnmagazijn.nl\/wp-content\/uploads\/2025\/08\/DN0100436-Moer-M8-met-kraag-Lancia-Delta-Integrale-16100811-3-scaled.jpg","width":2560,"height":1920},{"@type":"BreadcrumbList","@id":"https:\/\/turijnmagazijn.nl\/de\/produkt\/mutter-m8-mit-bund-lancia-delta-integrale\/#breadcrumb","itemListElement":[{"@type":"ListItem","position":1,"name":"Home","item":"https:\/\/turijnmagazijn.nl\/de\/"},{"@type":"ListItem","position":2,"name":"Produkte","item":"https:\/\/turijnmagazijn.nl\/de\/shop\/"},{"@type":"ListItem","position":3,"name":"Mutter M8 mit Bund Lancia Delta Integrale"}]},{"@type":"WebSite","@id":"https:\/\/turijnmagazijn.jumpstone-dev.nl\/#website","url":"https:\/\/turijnmagazijn.jumpstone-dev.nl\/","name":"Turijnmagazijn","description":"Onderdelen nieuw en gebruikt - Fiat &amp; Lancia","publisher":{"@id":"https:\/\/turijnmagazijn.jumpstone-dev.nl\/#organization"},"potentialAction":[{"@type":"SearchAction","target":{"@type":"EntryPoint","urlTemplate":"https:\/\/turijnmagazijn.jumpstone-dev.nl\/?s={search_term_string}"},"query-input":{"@type":"PropertyValueSpecification","valueRequired":true,"valueName":"search_term_string"}}],"inLanguage":"de"},{"@type":"Organization","@id":"https:\/\/turijnmagazijn.jumpstone-dev.nl\/#organization","name":"Turijnmagazijn","url":"https:\/\/turijnmagazijn.jumpstone-dev.nl\/","logo":{"@type":"ImageObject","inLanguage":"de","@id":"https:\/\/turijnmagazijn.jumpstone-dev.nl\/#\/schema\/logo\/image\/","url":"https:\/\/turijnmagazijn.nl\/wp-content\/uploads\/2021\/02\/turijnmagazijnlogo.png","contentUrl":"https:\/\/turijnmagazijn.nl\/wp-content\/uploads\/2021\/02\/turijnmagazijnlogo.png","width":555,"height":270,"caption":"Turijnmagazijn"},"image":{"@id":"https:\/\/turijnmagazijn.jumpstone-dev.nl\/#\/schema\/logo\/image\/"},"sameAs":["https:\/\/www.facebook.com\/turijnmagazijn"]}]}},"_links":{"self":[{"href":"https:\/\/turijnmagazijn.nl\/de\/wp-json\/wp\/v2\/product\/98400","targetHints":{"allow":["GET"]}}],"collection":[{"href":"https:\/\/turijnmagazijn.nl\/de\/wp-json\/wp\/v2\/product"}],"about":[{"href":"https:\/\/turijnmagazijn.nl\/de\/wp-json\/wp\/v2\/types\/product"}],"replies":[{"embeddable":true,"href":"https:\/\/turijnmagazijn.nl\/de\/wp-json\/wp\/v2\/comments?post=98400"}],"wp:featuredmedia":[{"embeddable":true,"href":"https:\/\/turijnmagazijn.nl\/de\/wp-json\/wp\/v2\/media\/94219"}],"wp:attachment":[{"href":"https:\/\/turijnmagazijn.nl\/de\/wp-json\/wp\/v2\/media?parent=98400"}],"wp:term":[{"taxonomy":"product_brand","embeddable":true,"href":"https:\/\/turijnmagazijn.nl\/de\/wp-json\/wp\/v2\/product_brand?post=98400"},{"taxonomy":"product_cat","embeddable":true,"href":"https:\/\/turijnmagazijn.nl\/de\/wp-json\/wp\/v2\/product_cat?post=98400"},{"taxonomy":"product_tag","embeddable":true,"href":"https:\/\/turijnmagazijn.nl\/de\/wp-json\/wp\/v2\/product_tag?post=98400"}],"curies":[{"name":"wp","href":"https:\/\/api.w.org\/{rel}","templated":true}]}}