{"id":62932,"date":"2023-03-03T09:11:27","date_gmt":"2023-03-03T08:11:27","guid":{"rendered":"https:\/\/turijnmagazijn.nl\/product\/front-fog-lamp-frame-on-the-right-lancia-kappa-black\/"},"modified":"2023-08-23T19:55:29","modified_gmt":"2023-08-23T17:55:29","slug":"fog-lamp-frame-front-right-lancia-kappa-black","status":"publish","type":"product","link":"https:\/\/turijnmagazijn.nl\/en\/product\/fog-lamp-frame-front-right-lancia-kappa-black\/","title":{"rendered":"Front fog lamp frame on the right Lancia Kappa Black"},"content":{"rendered":"<p>Frame for mounting in front bumper around the fog lamp on the right side for Lancia Kappa. Applicable to Sedan, Coup\u00e2\u00e2\u00e3\u00e2\u00a9 and SW. The frame is in good condition and comes from a sedan built in 1998. Frames left and right differ. The frame is in paint color and in this case black \/ anthracite metallic the color code is unknown.  &nbsp;Complete with both mounting screws.<\/p>\n<p>Inscription on the inside:&nbsp;<br \/>36760744<br \/>D<br \/>Carello<\/p>\n<p>OEM number Lancia&nbsp;<span style=\"color: rgb(6, 45, 104); font-family: Verdana; font-size: 10px; line-height: normal; text-align: -webkit-right; text-transform: uppercase; background-color: rgb(229, 229, 229);\">5895393<\/span><\/p>\n","protected":false},"excerpt":{"rendered":"<p>Front fog lamp frame on the right Lancia Kappa &#8211; Frame for mounting in front bumper around the fog lamp on the right side for Lancia Kappa.<\/p>\n","protected":false},"featured_media":37327,"comment_status":"open","ping_status":"closed","template":"","meta":{"_acf_changed":false},"product_brand":[],"product_cat":[1861,1868,1858,1799,1872],"product_tag":[],"class_list":{"0":"post-62932","1":"product","2":"type-product","3":"status-publish","4":"has-post-thumbnail","6":"product_cat-berlina-en","7":"product_cat-coupe-en","8":"product_cat-kappa-838-en","9":"product_cat-lancia-en","10":"product_cat-sw-en","11":"pa_soort-onderdeel-body-and-sheet-metal","13":"first","14":"instock","15":"shipping-taxable","16":"purchasable","17":"product-type-simple"},"acf":[],"yoast_head":"<!-- This site is optimized with the Yoast SEO plugin v27.3 - https:\/\/yoast.com\/product\/yoast-seo-wordpress\/ -->\n<title>Front fog lamp frame on the right Lancia Kappa Black - Turijnmagazijn<\/title>\n<meta name=\"robots\" content=\"index, follow, max-snippet:-1, max-image-preview:large, max-video-preview:-1\" \/>\n<link rel=\"canonical\" href=\"https:\/\/turijnmagazijn.nl\/en\/product\/fog-lamp-frame-front-right-lancia-kappa-black\/\" \/>\n<meta property=\"og:locale\" content=\"en_US\" \/>\n<meta property=\"og:type\" content=\"article\" \/>\n<meta property=\"og:title\" content=\"Front fog lamp frame on the right Lancia Kappa Black - Turijnmagazijn\" \/>\n<meta property=\"og:description\" content=\"Front fog lamp frame on the right Lancia Kappa - Frame for mounting in front bumper around the fog lamp on the right side for Lancia Kappa.\" \/>\n<meta property=\"og:url\" content=\"https:\/\/turijnmagazijn.nl\/en\/product\/fog-lamp-frame-front-right-lancia-kappa-black\/\" \/>\n<meta property=\"og:site_name\" content=\"Turijnmagazijn\" \/>\n<meta property=\"article:publisher\" content=\"https:\/\/www.facebook.com\/turijnmagazijn\" \/>\n<meta property=\"article:modified_time\" content=\"2023-08-23T17:55:29+00:00\" \/>\n<meta property=\"og:image\" content=\"https:\/\/turijnmagazijn.nl\/wp-content\/uploads\/2023\/03\/DK0010078820Mistlampframe20voorzijde20rechts20Lancia20Kappa204.jpg\" \/>\n\t<meta property=\"og:image:width\" content=\"800\" \/>\n\t<meta property=\"og:image:height\" content=\"600\" \/>\n\t<meta property=\"og:image:type\" content=\"image\/jpeg\" \/>\n<meta name=\"twitter:card\" content=\"summary_large_image\" \/>\n<script type=\"application\/ld+json\" class=\"yoast-schema-graph\">{\"@context\":\"https:\\\/\\\/schema.org\",\"@graph\":[{\"@type\":\"WebPage\",\"@id\":\"https:\\\/\\\/turijnmagazijn.nl\\\/en\\\/product\\\/fog-lamp-frame-front-right-lancia-kappa-black\\\/\",\"url\":\"https:\\\/\\\/turijnmagazijn.nl\\\/en\\\/product\\\/fog-lamp-frame-front-right-lancia-kappa-black\\\/\",\"name\":\"Front fog lamp frame on the right Lancia Kappa Black - Turijnmagazijn\",\"isPartOf\":{\"@id\":\"https:\\\/\\\/turijnmagazijn.jumpstone-dev.nl\\\/#website\"},\"primaryImageOfPage\":{\"@id\":\"https:\\\/\\\/turijnmagazijn.nl\\\/en\\\/product\\\/fog-lamp-frame-front-right-lancia-kappa-black\\\/#primaryimage\"},\"image\":{\"@id\":\"https:\\\/\\\/turijnmagazijn.nl\\\/en\\\/product\\\/fog-lamp-frame-front-right-lancia-kappa-black\\\/#primaryimage\"},\"thumbnailUrl\":\"https:\\\/\\\/turijnmagazijn.nl\\\/wp-content\\\/uploads\\\/2023\\\/03\\\/DK0010078820Mistlampframe20voorzijde20rechts20Lancia20Kappa204.jpg\",\"datePublished\":\"2023-03-03T08:11:27+00:00\",\"dateModified\":\"2023-08-23T17:55:29+00:00\",\"breadcrumb\":{\"@id\":\"https:\\\/\\\/turijnmagazijn.nl\\\/en\\\/product\\\/fog-lamp-frame-front-right-lancia-kappa-black\\\/#breadcrumb\"},\"inLanguage\":\"en-US\",\"potentialAction\":[{\"@type\":\"ReadAction\",\"target\":[\"https:\\\/\\\/turijnmagazijn.nl\\\/en\\\/product\\\/fog-lamp-frame-front-right-lancia-kappa-black\\\/\"]}]},{\"@type\":\"ImageObject\",\"inLanguage\":\"en-US\",\"@id\":\"https:\\\/\\\/turijnmagazijn.nl\\\/en\\\/product\\\/fog-lamp-frame-front-right-lancia-kappa-black\\\/#primaryimage\",\"url\":\"https:\\\/\\\/turijnmagazijn.nl\\\/wp-content\\\/uploads\\\/2023\\\/03\\\/DK0010078820Mistlampframe20voorzijde20rechts20Lancia20Kappa204.jpg\",\"contentUrl\":\"https:\\\/\\\/turijnmagazijn.nl\\\/wp-content\\\/uploads\\\/2023\\\/03\\\/DK0010078820Mistlampframe20voorzijde20rechts20Lancia20Kappa204.jpg\",\"width\":800,\"height\":600},{\"@type\":\"BreadcrumbList\",\"@id\":\"https:\\\/\\\/turijnmagazijn.nl\\\/en\\\/product\\\/fog-lamp-frame-front-right-lancia-kappa-black\\\/#breadcrumb\",\"itemListElement\":[{\"@type\":\"ListItem\",\"position\":1,\"name\":\"Home\",\"item\":\"https:\\\/\\\/turijnmagazijn.nl\\\/en\\\/\"},{\"@type\":\"ListItem\",\"position\":2,\"name\":\"Products\",\"item\":\"https:\\\/\\\/turijnmagazijn.nl\\\/en\\\/shop\\\/\"},{\"@type\":\"ListItem\",\"position\":3,\"name\":\"Front fog lamp frame on the right Lancia Kappa Black\"}]},{\"@type\":\"WebSite\",\"@id\":\"https:\\\/\\\/turijnmagazijn.jumpstone-dev.nl\\\/#website\",\"url\":\"https:\\\/\\\/turijnmagazijn.jumpstone-dev.nl\\\/\",\"name\":\"Turijnmagazijn\",\"description\":\"Onderdelen nieuw en gebruikt - Fiat &amp; Lancia\",\"publisher\":{\"@id\":\"https:\\\/\\\/turijnmagazijn.jumpstone-dev.nl\\\/#organization\"},\"potentialAction\":[{\"@type\":\"SearchAction\",\"target\":{\"@type\":\"EntryPoint\",\"urlTemplate\":\"https:\\\/\\\/turijnmagazijn.jumpstone-dev.nl\\\/?s={search_term_string}\"},\"query-input\":{\"@type\":\"PropertyValueSpecification\",\"valueRequired\":true,\"valueName\":\"search_term_string\"}}],\"inLanguage\":\"en-US\"},{\"@type\":\"Organization\",\"@id\":\"https:\\\/\\\/turijnmagazijn.jumpstone-dev.nl\\\/#organization\",\"name\":\"Turijnmagazijn\",\"url\":\"https:\\\/\\\/turijnmagazijn.jumpstone-dev.nl\\\/\",\"logo\":{\"@type\":\"ImageObject\",\"inLanguage\":\"en-US\",\"@id\":\"https:\\\/\\\/turijnmagazijn.jumpstone-dev.nl\\\/#\\\/schema\\\/logo\\\/image\\\/\",\"url\":\"https:\\\/\\\/turijnmagazijn.nl\\\/wp-content\\\/uploads\\\/2021\\\/02\\\/turijnmagazijnlogo.png\",\"contentUrl\":\"https:\\\/\\\/turijnmagazijn.nl\\\/wp-content\\\/uploads\\\/2021\\\/02\\\/turijnmagazijnlogo.png\",\"width\":555,\"height\":270,\"caption\":\"Turijnmagazijn\"},\"image\":{\"@id\":\"https:\\\/\\\/turijnmagazijn.jumpstone-dev.nl\\\/#\\\/schema\\\/logo\\\/image\\\/\"},\"sameAs\":[\"https:\\\/\\\/www.facebook.com\\\/turijnmagazijn\"]}]}<\/script>\n<!-- \/ Yoast SEO plugin. -->","yoast_head_json":{"title":"Front fog lamp frame on the right Lancia Kappa Black - Turijnmagazijn","robots":{"index":"index","follow":"follow","max-snippet":"max-snippet:-1","max-image-preview":"max-image-preview:large","max-video-preview":"max-video-preview:-1"},"canonical":"https:\/\/turijnmagazijn.nl\/en\/product\/fog-lamp-frame-front-right-lancia-kappa-black\/","og_locale":"en_US","og_type":"article","og_title":"Front fog lamp frame on the right Lancia Kappa Black - Turijnmagazijn","og_description":"Front fog lamp frame on the right Lancia Kappa - Frame for mounting in front bumper around the fog lamp on the right side for Lancia Kappa.","og_url":"https:\/\/turijnmagazijn.nl\/en\/product\/fog-lamp-frame-front-right-lancia-kappa-black\/","og_site_name":"Turijnmagazijn","article_publisher":"https:\/\/www.facebook.com\/turijnmagazijn","article_modified_time":"2023-08-23T17:55:29+00:00","og_image":[{"width":800,"height":600,"url":"https:\/\/turijnmagazijn.nl\/wp-content\/uploads\/2023\/03\/DK0010078820Mistlampframe20voorzijde20rechts20Lancia20Kappa204.jpg","type":"image\/jpeg"}],"twitter_card":"summary_large_image","schema":{"@context":"https:\/\/schema.org","@graph":[{"@type":"WebPage","@id":"https:\/\/turijnmagazijn.nl\/en\/product\/fog-lamp-frame-front-right-lancia-kappa-black\/","url":"https:\/\/turijnmagazijn.nl\/en\/product\/fog-lamp-frame-front-right-lancia-kappa-black\/","name":"Front fog lamp frame on the right Lancia Kappa Black - Turijnmagazijn","isPartOf":{"@id":"https:\/\/turijnmagazijn.jumpstone-dev.nl\/#website"},"primaryImageOfPage":{"@id":"https:\/\/turijnmagazijn.nl\/en\/product\/fog-lamp-frame-front-right-lancia-kappa-black\/#primaryimage"},"image":{"@id":"https:\/\/turijnmagazijn.nl\/en\/product\/fog-lamp-frame-front-right-lancia-kappa-black\/#primaryimage"},"thumbnailUrl":"https:\/\/turijnmagazijn.nl\/wp-content\/uploads\/2023\/03\/DK0010078820Mistlampframe20voorzijde20rechts20Lancia20Kappa204.jpg","datePublished":"2023-03-03T08:11:27+00:00","dateModified":"2023-08-23T17:55:29+00:00","breadcrumb":{"@id":"https:\/\/turijnmagazijn.nl\/en\/product\/fog-lamp-frame-front-right-lancia-kappa-black\/#breadcrumb"},"inLanguage":"en-US","potentialAction":[{"@type":"ReadAction","target":["https:\/\/turijnmagazijn.nl\/en\/product\/fog-lamp-frame-front-right-lancia-kappa-black\/"]}]},{"@type":"ImageObject","inLanguage":"en-US","@id":"https:\/\/turijnmagazijn.nl\/en\/product\/fog-lamp-frame-front-right-lancia-kappa-black\/#primaryimage","url":"https:\/\/turijnmagazijn.nl\/wp-content\/uploads\/2023\/03\/DK0010078820Mistlampframe20voorzijde20rechts20Lancia20Kappa204.jpg","contentUrl":"https:\/\/turijnmagazijn.nl\/wp-content\/uploads\/2023\/03\/DK0010078820Mistlampframe20voorzijde20rechts20Lancia20Kappa204.jpg","width":800,"height":600},{"@type":"BreadcrumbList","@id":"https:\/\/turijnmagazijn.nl\/en\/product\/fog-lamp-frame-front-right-lancia-kappa-black\/#breadcrumb","itemListElement":[{"@type":"ListItem","position":1,"name":"Home","item":"https:\/\/turijnmagazijn.nl\/en\/"},{"@type":"ListItem","position":2,"name":"Products","item":"https:\/\/turijnmagazijn.nl\/en\/shop\/"},{"@type":"ListItem","position":3,"name":"Front fog lamp frame on the right Lancia Kappa Black"}]},{"@type":"WebSite","@id":"https:\/\/turijnmagazijn.jumpstone-dev.nl\/#website","url":"https:\/\/turijnmagazijn.jumpstone-dev.nl\/","name":"Turijnmagazijn","description":"Onderdelen nieuw en gebruikt - Fiat &amp; Lancia","publisher":{"@id":"https:\/\/turijnmagazijn.jumpstone-dev.nl\/#organization"},"potentialAction":[{"@type":"SearchAction","target":{"@type":"EntryPoint","urlTemplate":"https:\/\/turijnmagazijn.jumpstone-dev.nl\/?s={search_term_string}"},"query-input":{"@type":"PropertyValueSpecification","valueRequired":true,"valueName":"search_term_string"}}],"inLanguage":"en-US"},{"@type":"Organization","@id":"https:\/\/turijnmagazijn.jumpstone-dev.nl\/#organization","name":"Turijnmagazijn","url":"https:\/\/turijnmagazijn.jumpstone-dev.nl\/","logo":{"@type":"ImageObject","inLanguage":"en-US","@id":"https:\/\/turijnmagazijn.jumpstone-dev.nl\/#\/schema\/logo\/image\/","url":"https:\/\/turijnmagazijn.nl\/wp-content\/uploads\/2021\/02\/turijnmagazijnlogo.png","contentUrl":"https:\/\/turijnmagazijn.nl\/wp-content\/uploads\/2021\/02\/turijnmagazijnlogo.png","width":555,"height":270,"caption":"Turijnmagazijn"},"image":{"@id":"https:\/\/turijnmagazijn.jumpstone-dev.nl\/#\/schema\/logo\/image\/"},"sameAs":["https:\/\/www.facebook.com\/turijnmagazijn"]}]}},"_links":{"self":[{"href":"https:\/\/turijnmagazijn.nl\/en\/wp-json\/wp\/v2\/product\/62932","targetHints":{"allow":["GET"]}}],"collection":[{"href":"https:\/\/turijnmagazijn.nl\/en\/wp-json\/wp\/v2\/product"}],"about":[{"href":"https:\/\/turijnmagazijn.nl\/en\/wp-json\/wp\/v2\/types\/product"}],"replies":[{"embeddable":true,"href":"https:\/\/turijnmagazijn.nl\/en\/wp-json\/wp\/v2\/comments?post=62932"}],"wp:featuredmedia":[{"embeddable":true,"href":"https:\/\/turijnmagazijn.nl\/en\/wp-json\/wp\/v2\/media\/37327"}],"wp:attachment":[{"href":"https:\/\/turijnmagazijn.nl\/en\/wp-json\/wp\/v2\/media?parent=62932"}],"wp:term":[{"taxonomy":"product_brand","embeddable":true,"href":"https:\/\/turijnmagazijn.nl\/en\/wp-json\/wp\/v2\/product_brand?post=62932"},{"taxonomy":"product_cat","embeddable":true,"href":"https:\/\/turijnmagazijn.nl\/en\/wp-json\/wp\/v2\/product_cat?post=62932"},{"taxonomy":"product_tag","embeddable":true,"href":"https:\/\/turijnmagazijn.nl\/en\/wp-json\/wp\/v2\/product_tag?post=62932"}],"curies":[{"name":"wp","href":"https:\/\/api.w.org\/{rel}","templated":true}]}}