{"id":65060,"date":"2023-03-03T09:20:36","date_gmt":"2023-03-03T08:20:36","guid":{"rendered":"https:\/\/turijnmagazijn.nl\/product\/switch-panel-secondary-lighting-lancia-kappa-black-without-fog-front\/"},"modified":"2023-07-27T12:21:35","modified_gmt":"2023-07-27T10:21:35","slug":"switch-panel-secondary-lighting-lancia-kappa-black-without-fog-front","status":"publish","type":"product","link":"https:\/\/turijnmagazijn.nl\/en\/product\/switch-panel-secondary-lighting-lancia-kappa-black-without-fog-front\/","title":{"rendered":"Switch panel secondary lighting Lancia Kappa black without fog front"},"content":{"rendered":"<p>Switch block for the fog lighting in black version for mounting in dashboard to the left of the steering wheel for Lancia Kappa, the same for all models, so also applicable to Coupe and SW. The switch block includes only the switch for rear fog lights.<\/p>\n<\/p>\n<p>This version is without the switch for front fog lights. (This is also available in the shop, see related products at the bottom of the page.<\/p>\n<p>In addition, the block is equipped with the height switch for the setting of headlight height. The unit is in very neat condition.<\/p>\n<p>From a Lancia Kappa sedan built in 1998.<\/p>\n<p>OEM Lancia&nbsp;<span style=\"font-size: 12px; text-align: -webkit-right;\">177263461&nbsp;<\/span><\/p>\n","protected":false},"excerpt":{"rendered":"<p>Switch panel secondary lighting Lancia Kappa &#8211; Switch block for mounting in dashboard left next to the steering wheel for Lancia Kappa, the same for all models, so also applicable to Coup\u00e2\u00e2\u00e2\u00e3\u00e2\u00a9 and SW. Switch panel secondary illuminated<\/p>\n","protected":false},"featured_media":48287,"comment_status":"open","ping_status":"closed","template":"","meta":{"_acf_changed":false},"product_brand":[],"product_cat":[1868,1858,1799,1872],"product_tag":[],"class_list":{"0":"post-65060","1":"product","2":"type-product","3":"status-publish","4":"has-post-thumbnail","6":"product_cat-coupe-en","7":"product_cat-kappa-838-en","8":"product_cat-lancia-en","9":"product_cat-sw-en","10":"pa_soort-onderdeel-dashboard-and-switches","11":"pa_soort-onderdeel-lighting","13":"first","14":"instock","15":"shipping-taxable","16":"purchasable","17":"product-type-simple"},"acf":[],"yoast_head":"<!-- This site is optimized with the Yoast SEO plugin v27.3 - https:\/\/yoast.com\/product\/yoast-seo-wordpress\/ -->\n<title>Switch panel secondary lighting Lancia Kappa black without fog front - Turijnmagazijn<\/title>\n<meta name=\"robots\" content=\"index, follow, max-snippet:-1, max-image-preview:large, max-video-preview:-1\" \/>\n<link rel=\"canonical\" href=\"https:\/\/turijnmagazijn.nl\/en\/product\/switch-panel-secondary-lighting-lancia-kappa-black-without-fog-front\/\" \/>\n<meta property=\"og:locale\" content=\"en_US\" \/>\n<meta property=\"og:type\" content=\"article\" \/>\n<meta property=\"og:title\" content=\"Switch panel secondary lighting Lancia Kappa black without fog front - Turijnmagazijn\" \/>\n<meta property=\"og:description\" content=\"Switch panel secondary lighting Lancia Kappa - Switch block for mounting in dashboard left next to the steering wheel for Lancia Kappa, the same for all models, so also applicable to Coup\u00e2\u00e2\u00e2\u00e3\u00e2\u00a9 and SW. Switch panel secondary illuminated\" \/>\n<meta property=\"og:url\" content=\"https:\/\/turijnmagazijn.nl\/en\/product\/switch-panel-secondary-lighting-lancia-kappa-black-without-fog-front\/\" \/>\n<meta property=\"og:site_name\" content=\"Turijnmagazijn\" \/>\n<meta property=\"article:publisher\" content=\"https:\/\/www.facebook.com\/turijnmagazijn\" \/>\n<meta property=\"article:modified_time\" content=\"2023-07-27T10:21:35+00:00\" \/>\n<meta property=\"og:image\" content=\"https:\/\/turijnmagazijn.nl\/wp-content\/uploads\/2023\/03\/DK00102311203.jpg\" \/>\n\t<meta property=\"og:image:width\" content=\"1024\" \/>\n\t<meta property=\"og:image:height\" content=\"768\" \/>\n\t<meta property=\"og:image:type\" content=\"image\/jpeg\" \/>\n<meta name=\"twitter:card\" content=\"summary_large_image\" \/>\n<meta name=\"twitter:label1\" content=\"Est. reading time\" \/>\n\t<meta name=\"twitter:data1\" content=\"1 minute\" \/>\n<script type=\"application\/ld+json\" class=\"yoast-schema-graph\">{\"@context\":\"https:\\\/\\\/schema.org\",\"@graph\":[{\"@type\":\"WebPage\",\"@id\":\"https:\\\/\\\/turijnmagazijn.nl\\\/en\\\/product\\\/switch-panel-secondary-lighting-lancia-kappa-black-without-fog-front\\\/\",\"url\":\"https:\\\/\\\/turijnmagazijn.nl\\\/en\\\/product\\\/switch-panel-secondary-lighting-lancia-kappa-black-without-fog-front\\\/\",\"name\":\"Switch panel secondary lighting Lancia Kappa black without fog front - Turijnmagazijn\",\"isPartOf\":{\"@id\":\"https:\\\/\\\/turijnmagazijn.jumpstone-dev.nl\\\/#website\"},\"primaryImageOfPage\":{\"@id\":\"https:\\\/\\\/turijnmagazijn.nl\\\/en\\\/product\\\/switch-panel-secondary-lighting-lancia-kappa-black-without-fog-front\\\/#primaryimage\"},\"image\":{\"@id\":\"https:\\\/\\\/turijnmagazijn.nl\\\/en\\\/product\\\/switch-panel-secondary-lighting-lancia-kappa-black-without-fog-front\\\/#primaryimage\"},\"thumbnailUrl\":\"https:\\\/\\\/turijnmagazijn.nl\\\/wp-content\\\/uploads\\\/2023\\\/03\\\/DK00102311203.jpg\",\"datePublished\":\"2023-03-03T08:20:36+00:00\",\"dateModified\":\"2023-07-27T10:21:35+00:00\",\"breadcrumb\":{\"@id\":\"https:\\\/\\\/turijnmagazijn.nl\\\/en\\\/product\\\/switch-panel-secondary-lighting-lancia-kappa-black-without-fog-front\\\/#breadcrumb\"},\"inLanguage\":\"en-US\",\"potentialAction\":[{\"@type\":\"ReadAction\",\"target\":[\"https:\\\/\\\/turijnmagazijn.nl\\\/en\\\/product\\\/switch-panel-secondary-lighting-lancia-kappa-black-without-fog-front\\\/\"]}]},{\"@type\":\"ImageObject\",\"inLanguage\":\"en-US\",\"@id\":\"https:\\\/\\\/turijnmagazijn.nl\\\/en\\\/product\\\/switch-panel-secondary-lighting-lancia-kappa-black-without-fog-front\\\/#primaryimage\",\"url\":\"https:\\\/\\\/turijnmagazijn.nl\\\/wp-content\\\/uploads\\\/2023\\\/03\\\/DK00102311203.jpg\",\"contentUrl\":\"https:\\\/\\\/turijnmagazijn.nl\\\/wp-content\\\/uploads\\\/2023\\\/03\\\/DK00102311203.jpg\",\"width\":1024,\"height\":768},{\"@type\":\"BreadcrumbList\",\"@id\":\"https:\\\/\\\/turijnmagazijn.nl\\\/en\\\/product\\\/switch-panel-secondary-lighting-lancia-kappa-black-without-fog-front\\\/#breadcrumb\",\"itemListElement\":[{\"@type\":\"ListItem\",\"position\":1,\"name\":\"Home\",\"item\":\"https:\\\/\\\/turijnmagazijn.nl\\\/en\\\/\"},{\"@type\":\"ListItem\",\"position\":2,\"name\":\"Products\",\"item\":\"https:\\\/\\\/turijnmagazijn.nl\\\/en\\\/shop\\\/\"},{\"@type\":\"ListItem\",\"position\":3,\"name\":\"Switch panel secondary lighting Lancia Kappa black without fog front\"}]},{\"@type\":\"WebSite\",\"@id\":\"https:\\\/\\\/turijnmagazijn.jumpstone-dev.nl\\\/#website\",\"url\":\"https:\\\/\\\/turijnmagazijn.jumpstone-dev.nl\\\/\",\"name\":\"Turijnmagazijn\",\"description\":\"Onderdelen nieuw en gebruikt - Fiat &amp; Lancia\",\"publisher\":{\"@id\":\"https:\\\/\\\/turijnmagazijn.jumpstone-dev.nl\\\/#organization\"},\"potentialAction\":[{\"@type\":\"SearchAction\",\"target\":{\"@type\":\"EntryPoint\",\"urlTemplate\":\"https:\\\/\\\/turijnmagazijn.jumpstone-dev.nl\\\/?s={search_term_string}\"},\"query-input\":{\"@type\":\"PropertyValueSpecification\",\"valueRequired\":true,\"valueName\":\"search_term_string\"}}],\"inLanguage\":\"en-US\"},{\"@type\":\"Organization\",\"@id\":\"https:\\\/\\\/turijnmagazijn.jumpstone-dev.nl\\\/#organization\",\"name\":\"Turijnmagazijn\",\"url\":\"https:\\\/\\\/turijnmagazijn.jumpstone-dev.nl\\\/\",\"logo\":{\"@type\":\"ImageObject\",\"inLanguage\":\"en-US\",\"@id\":\"https:\\\/\\\/turijnmagazijn.jumpstone-dev.nl\\\/#\\\/schema\\\/logo\\\/image\\\/\",\"url\":\"https:\\\/\\\/turijnmagazijn.nl\\\/wp-content\\\/uploads\\\/2021\\\/02\\\/turijnmagazijnlogo.png\",\"contentUrl\":\"https:\\\/\\\/turijnmagazijn.nl\\\/wp-content\\\/uploads\\\/2021\\\/02\\\/turijnmagazijnlogo.png\",\"width\":555,\"height\":270,\"caption\":\"Turijnmagazijn\"},\"image\":{\"@id\":\"https:\\\/\\\/turijnmagazijn.jumpstone-dev.nl\\\/#\\\/schema\\\/logo\\\/image\\\/\"},\"sameAs\":[\"https:\\\/\\\/www.facebook.com\\\/turijnmagazijn\"]}]}<\/script>\n<!-- \/ Yoast SEO plugin. -->","yoast_head_json":{"title":"Switch panel secondary lighting Lancia Kappa black without fog front - Turijnmagazijn","robots":{"index":"index","follow":"follow","max-snippet":"max-snippet:-1","max-image-preview":"max-image-preview:large","max-video-preview":"max-video-preview:-1"},"canonical":"https:\/\/turijnmagazijn.nl\/en\/product\/switch-panel-secondary-lighting-lancia-kappa-black-without-fog-front\/","og_locale":"en_US","og_type":"article","og_title":"Switch panel secondary lighting Lancia Kappa black without fog front - Turijnmagazijn","og_description":"Switch panel secondary lighting Lancia Kappa - Switch block for mounting in dashboard left next to the steering wheel for Lancia Kappa, the same for all models, so also applicable to Coup\u00e2\u00e2\u00e2\u00e3\u00e2\u00a9 and SW. Switch panel secondary illuminated","og_url":"https:\/\/turijnmagazijn.nl\/en\/product\/switch-panel-secondary-lighting-lancia-kappa-black-without-fog-front\/","og_site_name":"Turijnmagazijn","article_publisher":"https:\/\/www.facebook.com\/turijnmagazijn","article_modified_time":"2023-07-27T10:21:35+00:00","og_image":[{"width":1024,"height":768,"url":"https:\/\/turijnmagazijn.nl\/wp-content\/uploads\/2023\/03\/DK00102311203.jpg","type":"image\/jpeg"}],"twitter_card":"summary_large_image","twitter_misc":{"Est. reading time":"1 minute"},"schema":{"@context":"https:\/\/schema.org","@graph":[{"@type":"WebPage","@id":"https:\/\/turijnmagazijn.nl\/en\/product\/switch-panel-secondary-lighting-lancia-kappa-black-without-fog-front\/","url":"https:\/\/turijnmagazijn.nl\/en\/product\/switch-panel-secondary-lighting-lancia-kappa-black-without-fog-front\/","name":"Switch panel secondary lighting Lancia Kappa black without fog front - Turijnmagazijn","isPartOf":{"@id":"https:\/\/turijnmagazijn.jumpstone-dev.nl\/#website"},"primaryImageOfPage":{"@id":"https:\/\/turijnmagazijn.nl\/en\/product\/switch-panel-secondary-lighting-lancia-kappa-black-without-fog-front\/#primaryimage"},"image":{"@id":"https:\/\/turijnmagazijn.nl\/en\/product\/switch-panel-secondary-lighting-lancia-kappa-black-without-fog-front\/#primaryimage"},"thumbnailUrl":"https:\/\/turijnmagazijn.nl\/wp-content\/uploads\/2023\/03\/DK00102311203.jpg","datePublished":"2023-03-03T08:20:36+00:00","dateModified":"2023-07-27T10:21:35+00:00","breadcrumb":{"@id":"https:\/\/turijnmagazijn.nl\/en\/product\/switch-panel-secondary-lighting-lancia-kappa-black-without-fog-front\/#breadcrumb"},"inLanguage":"en-US","potentialAction":[{"@type":"ReadAction","target":["https:\/\/turijnmagazijn.nl\/en\/product\/switch-panel-secondary-lighting-lancia-kappa-black-without-fog-front\/"]}]},{"@type":"ImageObject","inLanguage":"en-US","@id":"https:\/\/turijnmagazijn.nl\/en\/product\/switch-panel-secondary-lighting-lancia-kappa-black-without-fog-front\/#primaryimage","url":"https:\/\/turijnmagazijn.nl\/wp-content\/uploads\/2023\/03\/DK00102311203.jpg","contentUrl":"https:\/\/turijnmagazijn.nl\/wp-content\/uploads\/2023\/03\/DK00102311203.jpg","width":1024,"height":768},{"@type":"BreadcrumbList","@id":"https:\/\/turijnmagazijn.nl\/en\/product\/switch-panel-secondary-lighting-lancia-kappa-black-without-fog-front\/#breadcrumb","itemListElement":[{"@type":"ListItem","position":1,"name":"Home","item":"https:\/\/turijnmagazijn.nl\/en\/"},{"@type":"ListItem","position":2,"name":"Products","item":"https:\/\/turijnmagazijn.nl\/en\/shop\/"},{"@type":"ListItem","position":3,"name":"Switch panel secondary lighting Lancia Kappa black without fog front"}]},{"@type":"WebSite","@id":"https:\/\/turijnmagazijn.jumpstone-dev.nl\/#website","url":"https:\/\/turijnmagazijn.jumpstone-dev.nl\/","name":"Turijnmagazijn","description":"Onderdelen nieuw en gebruikt - Fiat &amp; Lancia","publisher":{"@id":"https:\/\/turijnmagazijn.jumpstone-dev.nl\/#organization"},"potentialAction":[{"@type":"SearchAction","target":{"@type":"EntryPoint","urlTemplate":"https:\/\/turijnmagazijn.jumpstone-dev.nl\/?s={search_term_string}"},"query-input":{"@type":"PropertyValueSpecification","valueRequired":true,"valueName":"search_term_string"}}],"inLanguage":"en-US"},{"@type":"Organization","@id":"https:\/\/turijnmagazijn.jumpstone-dev.nl\/#organization","name":"Turijnmagazijn","url":"https:\/\/turijnmagazijn.jumpstone-dev.nl\/","logo":{"@type":"ImageObject","inLanguage":"en-US","@id":"https:\/\/turijnmagazijn.jumpstone-dev.nl\/#\/schema\/logo\/image\/","url":"https:\/\/turijnmagazijn.nl\/wp-content\/uploads\/2021\/02\/turijnmagazijnlogo.png","contentUrl":"https:\/\/turijnmagazijn.nl\/wp-content\/uploads\/2021\/02\/turijnmagazijnlogo.png","width":555,"height":270,"caption":"Turijnmagazijn"},"image":{"@id":"https:\/\/turijnmagazijn.jumpstone-dev.nl\/#\/schema\/logo\/image\/"},"sameAs":["https:\/\/www.facebook.com\/turijnmagazijn"]}]}},"_links":{"self":[{"href":"https:\/\/turijnmagazijn.nl\/en\/wp-json\/wp\/v2\/product\/65060","targetHints":{"allow":["GET"]}}],"collection":[{"href":"https:\/\/turijnmagazijn.nl\/en\/wp-json\/wp\/v2\/product"}],"about":[{"href":"https:\/\/turijnmagazijn.nl\/en\/wp-json\/wp\/v2\/types\/product"}],"replies":[{"embeddable":true,"href":"https:\/\/turijnmagazijn.nl\/en\/wp-json\/wp\/v2\/comments?post=65060"}],"wp:featuredmedia":[{"embeddable":true,"href":"https:\/\/turijnmagazijn.nl\/en\/wp-json\/wp\/v2\/media\/48287"}],"wp:attachment":[{"href":"https:\/\/turijnmagazijn.nl\/en\/wp-json\/wp\/v2\/media?parent=65060"}],"wp:term":[{"taxonomy":"product_brand","embeddable":true,"href":"https:\/\/turijnmagazijn.nl\/en\/wp-json\/wp\/v2\/product_brand?post=65060"},{"taxonomy":"product_cat","embeddable":true,"href":"https:\/\/turijnmagazijn.nl\/en\/wp-json\/wp\/v2\/product_cat?post=65060"},{"taxonomy":"product_tag","embeddable":true,"href":"https:\/\/turijnmagazijn.nl\/en\/wp-json\/wp\/v2\/product_tag?post=65060"}],"curies":[{"name":"wp","href":"https:\/\/api.w.org\/{rel}","templated":true}]}}