{"id":60144,"date":"2023-02-27T09:05:43","date_gmt":"2023-02-27T08:05:43","guid":{"rendered":"https:\/\/turijnmagazijn.nl\/termes-et-conditions\/"},"modified":"2023-03-27T10:49:52","modified_gmt":"2023-03-27T08:49:52","slug":"termes-et-conditions","status":"publish","type":"page","link":"https:\/\/turijnmagazijn.nl\/fr\/termes-et-conditions\/","title":{"rendered":"Termes et conditions"},"content":{"rendered":"\t\t<div data-elementor-type=\"wp-page\" data-elementor-id=\"60144\" class=\"elementor elementor-60144 elementor-1099\" data-elementor-post-type=\"page\">\n\t\t\t\t\t\t<section class=\"elementor-section elementor-top-section elementor-element elementor-element-23490622 elementor-reverse-tablet elementor-reverse-mobile elementor-section-boxed elementor-section-height-default elementor-section-height-default\" data-id=\"23490622\" data-element_type=\"section\" data-e-type=\"section\" data-settings=\"{&quot;jet_parallax_layout_list&quot;:[]}\">\n\t\t\t\t\t\t<div class=\"elementor-container elementor-column-gap-no\">\n\t\t\t\t\t<div class=\"elementor-column elementor-col-100 elementor-top-column elementor-element elementor-element-6783afc4\" data-id=\"6783afc4\" data-element_type=\"column\" data-e-type=\"column\">\n\t\t\t<div class=\"elementor-widget-wrap elementor-element-populated\">\n\t\t\t\t\t\t<div class=\"elementor-element elementor-element-11f223d3 elementor-widget elementor-widget-heading\" data-id=\"11f223d3\" data-element_type=\"widget\" data-e-type=\"widget\" data-widget_type=\"heading.default\">\n\t\t\t\t<div class=\"elementor-widget-container\">\n\t\t\t\t\t<h1 class=\"elementor-heading-title elementor-size-default\">Termes et conditions<\/h1>\t\t\t\t<\/div>\n\t\t\t\t<\/div>\n\t\t\t\t<div class=\"elementor-element elementor-element-1f72084 elementor-widget elementor-widget-text-editor\" data-id=\"1f72084\" data-element_type=\"widget\" data-e-type=\"widget\" data-widget_type=\"text-editor.default\">\n\t\t\t\t<div class=\"elementor-widget-container\">\n\t\t\t\t\t\t\t\t\t<h4>Termes et Conditions Share Basket &#8211; Partshive &#8211; Teilenstock &#8211; Ricambare &#8211; Turijnmagazijn:<\/h4>\n<p><strong>1. D\u00e9finitions<\/strong><\/p>\n<p>1.1 Dans les pr\u00e9sentes conditions g\u00e9n\u00e9rales, DELENKORF d\u00e9signe l&rsquo;entreprise individuelle, inscrite au registre du commerce de la Chambre de Commerce d&rsquo;Arnhem, sous le num\u00e9ro de Chambre de Commerce 61429228.<br \/>1.2 DELENKORF commercialise \u00e9galement sous les noms PARTSHIVE \u2013 TEILENSTOCK \u2013 RICAMBEARE \u2013 TURIJNMAGAZIJN<br \/>1.3 DELENKORF est une boutique en ligne, une boutique en ligne, de pi\u00e8ces automobiles d&rsquo;occasion, qui peut \u00eatre visit\u00e9e via WWW.DELENKORF.NL WWW.PARTSHIVE.COM WWW.TEIELNSTOCK.DE WWW.RICAMBEARE.IT et WWW.turijnmagazijn.nl.<br \/>1.4 Par client, on entend tout visiteur de la boutique en ligne, personne physique ou morale, qui passe une commande via WWW.DELENKORF.NL.<br \/>1.5 Les pr\u00e9sentes conditions g\u00e9n\u00e9rales (ci-apr\u00e8s : conditions g\u00e9n\u00e9rales) sont conformes aux conditions g\u00e9n\u00e9rales de Thuiswinkel et Webshop Keurmerk, l&rsquo;association professionnelle ind\u00e9pendante, \u00e9labor\u00e9es en collaboration avec l&rsquo;association des consommateurs.<br \/>1.6 Si des r\u00e9glementations l\u00e9gales nouvelles ou existantes interf\u00e8rent avec les pr\u00e9sentes conditions g\u00e9n\u00e9rales, DELENKORF se conformera toujours \u00e0 la loi. <\/p>\n\t\t\t\t\t\t\t\t<\/div>\n\t\t\t\t<\/div>\n\t\t\t\t<div class=\"elementor-element elementor-element-56eedc9 elementor-widget elementor-widget-text-editor\" data-id=\"56eedc9\" data-element_type=\"widget\" data-e-type=\"widget\" data-widget_type=\"text-editor.default\">\n\t\t\t\t<div class=\"elementor-widget-container\">\n\t\t\t\t\t\t\t\t\t<strong>2. Applicabilit\u00e9<\/strong>\n\n2.1 Les pr\u00e9sentes conditions g\u00e9n\u00e9rales s&rsquo;appliquent \u00e0 toutes les offres, commandes et accords conclus via la boutique en ligne WWW.DELENKORF.NL, \u00e0 l&rsquo;exclusion de toutes autres conditions g\u00e9n\u00e9rales.\n2.2 En acceptant une offre ou en passant une commande, les Conditions g\u00e9n\u00e9rales sont automatiquement accept\u00e9es par le client.\n2.3 Il ne peut \u00eatre d\u00e9rog\u00e9 aux dispositions des pr\u00e9sentes conditions g\u00e9n\u00e9rales qu&rsquo;avec l&rsquo;accord expr\u00e8s \u00e9crit de DELENKORF. En cas de d\u00e9rogation \u00e0 une partie des pr\u00e9sentes Conditions, les autres dispositions resteront pleinement en vigueur.\t\t\t\t\t\t\t\t<\/div>\n\t\t\t\t<\/div>\n\t\t\t\t<div class=\"elementor-element elementor-element-7fffd65 elementor-widget elementor-widget-text-editor\" data-id=\"7fffd65\" data-element_type=\"widget\" data-e-type=\"widget\" data-widget_type=\"text-editor.default\">\n\t\t\t\t<div class=\"elementor-widget-container\">\n\t\t\t\t\t\t\t\t\t<p><strong>3. Produits<\/strong><\/p>\n<p>Les produits sur le site Web sont des produits d&rsquo;occasion ou neufs dans un \u00e9tat d&rsquo;usage clairement d\u00e9crit. L&rsquo;\u00e9tendue de l&rsquo;utilisation ant\u00e9rieure sera d\u00e9crite aussi pr\u00e9cis\u00e9ment que possible. Un d\u00e9faut ou un dommage \u00e0 l&rsquo;article d&rsquo;occasion qui n&rsquo;a pas \u00e9t\u00e9 indiqu\u00e9 dans la description du produit ou qui ressort explicitement des photos pr\u00e9sent\u00e9es du produit peut donner au consommateur une raison d&rsquo;annuler l&rsquo;achat. Si un article s&rsquo;\u00e9carte substantiellement de ce qui est indiqu\u00e9 sur le site, DELENKORF doit \u00eatre contact\u00e9 imm\u00e9diatement, au plus tard dans les 14 jours suivant l&rsquo;arriv\u00e9e de l&rsquo;envoi. Les \u00e9carts entre la description de l&rsquo;article et l&rsquo;article livr\u00e9 donnent lieu \u00e0 une r\u00e9tractation totalement gratuite conform\u00e9ment au droit de la consommation.<\/p>\n\t\t\t\t\t\t\t\t<\/div>\n\t\t\t\t<\/div>\n\t\t\t\t<div class=\"elementor-element elementor-element-1ae2ea2 elementor-widget elementor-widget-text-editor\" data-id=\"1ae2ea2\" data-element_type=\"widget\" data-e-type=\"widget\" data-widget_type=\"text-editor.default\">\n\t\t\t\t<div class=\"elementor-widget-container\">\n\t\t\t\t\t\t\t\t\t<p><strong>4. Prix<\/strong><\/p>\n<p>4.1 Les prix de vente utilis\u00e9s par DELENKORF sont exprim\u00e9s en euros, TVA comprise et hors frais de port. Les montants de TVA ne sont pas indiqu\u00e9s s\u00e9par\u00e9ment.<br \/>4.2 Le paiement doit \u00eatre r\u00e9gl\u00e9 \u00e0 l&rsquo;avance via iDeal, PayPal ou virement bancaire ou ult\u00e9rieurement via Klarna ou un mode de paiement similaire.<\/p>\n\t\t\t\t\t\t\t\t<\/div>\n\t\t\t\t<\/div>\n\t\t\t\t<div class=\"elementor-element elementor-element-2af8864 elementor-widget elementor-widget-text-editor\" data-id=\"2af8864\" data-element_type=\"widget\" data-e-type=\"widget\" data-widget_type=\"text-editor.default\">\n\t\t\t\t<div class=\"elementor-widget-container\">\n\t\t\t\t\t\t\t\t\t<p><strong>5. Frais de livraison et d&rsquo;exp\u00e9dition<\/strong><\/p>\n<p>5.1 Les articles sont envoy\u00e9s via POSTNL aux tarifs d&rsquo;exp\u00e9dition communiqu\u00e9s par DELENKORF sur le site.<br \/>5.2 DELENKORF assume la responsabilit\u00e9 de la perte d&rsquo;envois postaux par PostNL et, le cas \u00e9ch\u00e9ant, organise un r\u00e8glement gratuit pour le consommateur.<\/p>\n\t\t\t\t\t\t\t\t<\/div>\n\t\t\t\t<\/div>\n\t\t\t\t<div class=\"elementor-element elementor-element-59a9987 elementor-widget elementor-widget-text-editor\" data-id=\"59a9987\" data-element_type=\"widget\" data-e-type=\"widget\" data-widget_type=\"text-editor.default\">\n\t\t\t\t<div class=\"elementor-widget-container\">\n\t\t\t\t\t\t\t\t\t<p><strong>6. Paiement et d\u00e9lai de paiement<\/strong><\/p>\n<p>Apr\u00e8s avoir pass\u00e9 une commande, le client recevra une confirmation par e-mail indiquant le co\u00fbt total, y compris les frais d&rsquo;exp\u00e9dition.<\/p>\n\t\t\t\t\t\t\t\t<\/div>\n\t\t\t\t<\/div>\n\t\t\t\t<div class=\"elementor-element elementor-element-21fe702 elementor-widget elementor-widget-text-editor\" data-id=\"21fe702\" data-element_type=\"widget\" data-e-type=\"widget\" data-widget_type=\"text-editor.default\">\n\t\t\t\t<div class=\"elementor-widget-container\">\n\t\t\t\t\t\t\t\t\t<p><strong>7. Livraison<\/strong><\/p>\n<p>7.1 DELENKORF s&rsquo;efforce de proposer des commandes \u00e0 exp\u00e9dier le jour ouvrable suivant, mais au plus tard dans les 2 jours ouvrables suivant la r\u00e9ception de la commande. Une confirmation d&rsquo;exp\u00e9dition sera envoy\u00e9e par e-mail lorsque l&rsquo;article sera exp\u00e9di\u00e9.<br \/>7.2 Une commande ne sera pas exp\u00e9di\u00e9e par nous si elle ne peut pas \u00eatre exp\u00e9di\u00e9e compl\u00e8tement ; le client sera imm\u00e9diatement inform\u00e9 de cette circonstance et, s&rsquo;il le souhaite, un remboursement rapide et complet du prix d&rsquo;achat, y compris les frais d&rsquo;exp\u00e9dition, suivra.<br \/>7.3 La livraison a lieu \u00e0 l&rsquo;adresse indiqu\u00e9e par le client lors de la conclusion du contrat. DELENKORF n&rsquo;est pas responsable des articles non livr\u00e9s \u00e0 la suite d&rsquo;informations d&rsquo;adresse incorrectes ou de changements d&rsquo;adresse interm\u00e9diaires par le client.<\/p>\n\t\t\t\t\t\t\t\t<\/div>\n\t\t\t\t<\/div>\n\t\t\t\t<div class=\"elementor-element elementor-element-f5fc7a7 elementor-widget elementor-widget-text-editor\" data-id=\"f5fc7a7\" data-element_type=\"widget\" data-e-type=\"widget\" data-widget_type=\"text-editor.default\">\n\t\t\t\t<div class=\"elementor-widget-container\">\n\t\t\t\t\t\t\t\t\t<p><strong>8. Retours<\/strong><\/p>\n<p>8.1 Les demandes de retour sont signal\u00e9es par le consommateur \u00e0 info@delenkorf.nl dans les 14 jours.<br \/>8.2 En cas de livraison erron\u00e9e par DELENKORF ou en cas de d\u00e9faut non d\u00e9crit dans la description du produit, les frais de port pour les retours sont toujours \u00e0 la charge de DELENKORF. L&rsquo;article doit \u00eatre livr\u00e9 \u00e0 DELENKORF imm\u00e9diatement, mais au plus tard 14 jours apr\u00e8s la notification de retour (= hors dimanches et jours f\u00e9ri\u00e9s). Si le retour porte sur la totalit\u00e9 de la commande, les frais de port de la commande d&rsquo;origine pay\u00e9s par le consommateur seront \u00e9galement rembours\u00e9s. <br \/>8.3 Les frais de port pour les retours \u00e0 l&rsquo;initiative du consommateur (dans lesquels il n&rsquo;est pas question d&rsquo;une livraison erron\u00e9e ou d&rsquo;un article d\u00e9fectueux) seront \u00e0 la charge du consommateur. Si le retour porte sur la totalit\u00e9 de la commande, les frais de port de la commande d&rsquo;origine pay\u00e9s par le consommateur seront \u00e9galement rembours\u00e9s. <br \/>8.4 DELENKORF remboursera le montant du retour, y compris \u00e9ventuellement les frais d&rsquo;exp\u00e9dition, au plus tard 7 jours apr\u00e8s r\u00e9ception de l&rsquo;article via le m\u00eame mode de paiement que celui utilis\u00e9 par le client pour le paiement initial.<\/p>\n\t\t\t\t\t\t\t\t<\/div>\n\t\t\t\t<\/div>\n\t\t\t\t<div class=\"elementor-element elementor-element-4fcb48c elementor-widget elementor-widget-text-editor\" data-id=\"4fcb48c\" data-element_type=\"widget\" data-e-type=\"widget\" data-widget_type=\"text-editor.default\">\n\t\t\t\t<div class=\"elementor-widget-container\">\n\t\t\t\t\t\t\t\t\t<p><strong>9.Confidentialit\u00e9<\/strong><\/p>\n<p>9.1. Les donn\u00e9es personnelles ne sont utilis\u00e9es que pour l&rsquo;ex\u00e9cution de la commande.<br \/>9.2 Les donn\u00e9es personnelles ne seront pas fournies \u00e0 des tiers sans autorisation et seront trait\u00e9es de mani\u00e8re confidentielle.<\/p>\n\t\t\t\t\t\t\t\t<\/div>\n\t\t\t\t<\/div>\n\t\t\t\t<div class=\"elementor-element elementor-element-d4c8090 elementor-widget elementor-widget-text-editor\" data-id=\"d4c8090\" data-element_type=\"widget\" data-e-type=\"widget\" data-widget_type=\"text-editor.default\">\n\t\t\t\t<div class=\"elementor-widget-container\">\n\t\t\t\t\t\t\t\t\t<p><strong>10. Dommages<\/strong><\/p>\n<p>10.1 DELENKORF ne pourra jamais \u00eatre tenu pour responsable des dommages r\u00e9sultant des articles livr\u00e9s par ses soins ou des dommages aux v\u00e9hicules ou autrement r\u00e9sultant de l&rsquo;utilisation de ses articles.<\/p>\n\t\t\t\t\t\t\t\t<\/div>\n\t\t\t\t<\/div>\n\t\t\t\t<div class=\"elementor-element elementor-element-9c35a2a elementor-widget elementor-widget-text-editor\" data-id=\"9c35a2a\" data-element_type=\"widget\" data-e-type=\"widget\" data-widget_type=\"text-editor.default\">\n\t\t\t\t<div class=\"elementor-widget-container\">\n\t\t\t\t\t\t\t\t\t<p><strong>11. Droit applicable et tribunal comp\u00e9tent<\/strong><\/p>\n<p>11.1 Tous les droits, obligations, offres, commandes et accords auxquels s&rsquo;appliquent les pr\u00e9sentes conditions g\u00e9n\u00e9rales sont r\u00e9gis exclusivement par le droit n\u00e9erlandais.<br \/>11.2 Tous les litiges entre les parties seront soumis exclusivement au tribunal comp\u00e9tent aux Pays-Bas.<\/p>\n\t\t\t\t\t\t\t\t<\/div>\n\t\t\t\t<\/div>\n\t\t\t\t\t<\/div>\n\t\t<\/div>\n\t\t\t\t\t<\/div>\n\t\t<\/section>\n\t\t\t\t<\/div>\n\t\t","protected":false},"excerpt":{"rendered":"<p>Termes et conditions Termes et Conditions Share Basket &#8211; Partshive &#8211; Teilenstock &#8211; Ricambare &#8211; Turijnmagazijn: 1. D\u00e9finitions 1.1 Dans les pr\u00e9sentes conditions g\u00e9n\u00e9rales, DELENKORF d\u00e9signe l&rsquo;entreprise individuelle, inscrite au registre du commerce de la Chambre de Commerce d&rsquo;Arnhem, sous le num\u00e9ro de Chambre de Commerce 61429228.1.2 DELENKORF commercialise \u00e9galement sous les noms PARTSHIVE \u2013 [&hellip;]<\/p>\n","protected":false},"author":1,"featured_media":0,"parent":0,"menu_order":0,"comment_status":"closed","ping_status":"closed","template":"elementor_header_footer","meta":{"_acf_changed":false,"footnotes":""},"class_list":["post-60144","page","type-page","status-publish","hentry"],"acf":[],"yoast_head":"<!-- This site is optimized with the Yoast SEO plugin v27.2 - https:\/\/yoast.com\/product\/yoast-seo-wordpress\/ -->\n<title>Termes et conditions - Turijnmagazijn<\/title>\n<meta name=\"robots\" content=\"index, follow, max-snippet:-1, max-image-preview:large, max-video-preview:-1\" \/>\n<link rel=\"canonical\" href=\"https:\/\/turijnmagazijn.nl\/fr\/termes-et-conditions\/\" \/>\n<meta property=\"og:locale\" content=\"fr_FR\" \/>\n<meta property=\"og:type\" content=\"article\" \/>\n<meta property=\"og:title\" content=\"Termes et conditions - Turijnmagazijn\" \/>\n<meta property=\"og:description\" content=\"Termes et conditions Termes et Conditions Share Basket &#8211; Partshive &#8211; Teilenstock &#8211; Ricambare &#8211; Turijnmagazijn: 1. D\u00e9finitions 1.1 Dans les pr\u00e9sentes conditions g\u00e9n\u00e9rales, DELENKORF d\u00e9signe l&rsquo;entreprise individuelle, inscrite au registre du commerce de la Chambre de Commerce d&rsquo;Arnhem, sous le num\u00e9ro de Chambre de Commerce 61429228.1.2 DELENKORF commercialise \u00e9galement sous les noms PARTSHIVE \u2013 [&hellip;]\" \/>\n<meta property=\"og:url\" content=\"https:\/\/turijnmagazijn.nl\/fr\/termes-et-conditions\/\" \/>\n<meta property=\"og:site_name\" content=\"Turijnmagazijn\" \/>\n<meta property=\"article:publisher\" content=\"https:\/\/www.facebook.com\/turijnmagazijn\" \/>\n<meta property=\"article:modified_time\" content=\"2023-03-27T08:49:52+00:00\" \/>\n<meta name=\"twitter:card\" content=\"summary_large_image\" \/>\n<meta name=\"twitter:label1\" content=\"Dur\u00e9e de lecture estim\u00e9e\" \/>\n\t<meta name=\"twitter:data1\" content=\"5 minutes\" \/>\n<script type=\"application\/ld+json\" class=\"yoast-schema-graph\">{\"@context\":\"https:\/\/schema.org\",\"@graph\":[{\"@type\":\"WebPage\",\"@id\":\"https:\/\/turijnmagazijn.nl\/fr\/termes-et-conditions\/\",\"url\":\"https:\/\/turijnmagazijn.nl\/fr\/termes-et-conditions\/\",\"name\":\"Termes et conditions - Turijnmagazijn\",\"isPartOf\":{\"@id\":\"https:\/\/turijnmagazijn.jumpstone-dev.nl\/#website\"},\"datePublished\":\"2023-02-27T08:05:43+00:00\",\"dateModified\":\"2023-03-27T08:49:52+00:00\",\"breadcrumb\":{\"@id\":\"https:\/\/turijnmagazijn.nl\/fr\/termes-et-conditions\/#breadcrumb\"},\"inLanguage\":\"fr-FR\",\"potentialAction\":[{\"@type\":\"ReadAction\",\"target\":[\"https:\/\/turijnmagazijn.nl\/fr\/termes-et-conditions\/\"]}]},{\"@type\":\"BreadcrumbList\",\"@id\":\"https:\/\/turijnmagazijn.nl\/fr\/termes-et-conditions\/#breadcrumb\",\"itemListElement\":[{\"@type\":\"ListItem\",\"position\":1,\"name\":\"Home\",\"item\":\"https:\/\/turijnmagazijn.jumpstone-dev.nl\/\"},{\"@type\":\"ListItem\",\"position\":2,\"name\":\"Termes et conditions\"}]},{\"@type\":\"WebSite\",\"@id\":\"https:\/\/turijnmagazijn.jumpstone-dev.nl\/#website\",\"url\":\"https:\/\/turijnmagazijn.jumpstone-dev.nl\/\",\"name\":\"Turijnmagazijn\",\"description\":\"Onderdelen nieuw en gebruikt - Fiat &amp; Lancia\",\"publisher\":{\"@id\":\"https:\/\/turijnmagazijn.jumpstone-dev.nl\/#organization\"},\"potentialAction\":[{\"@type\":\"SearchAction\",\"target\":{\"@type\":\"EntryPoint\",\"urlTemplate\":\"https:\/\/turijnmagazijn.jumpstone-dev.nl\/?s={search_term_string}\"},\"query-input\":{\"@type\":\"PropertyValueSpecification\",\"valueRequired\":true,\"valueName\":\"search_term_string\"}}],\"inLanguage\":\"fr-FR\"},{\"@type\":\"Organization\",\"@id\":\"https:\/\/turijnmagazijn.jumpstone-dev.nl\/#organization\",\"name\":\"Turijnmagazijn\",\"url\":\"https:\/\/turijnmagazijn.jumpstone-dev.nl\/\",\"logo\":{\"@type\":\"ImageObject\",\"inLanguage\":\"fr-FR\",\"@id\":\"https:\/\/turijnmagazijn.jumpstone-dev.nl\/#\/schema\/logo\/image\/\",\"url\":\"https:\/\/turijnmagazijn.nl\/wp-content\/uploads\/2021\/02\/turijnmagazijnlogo.png\",\"contentUrl\":\"https:\/\/turijnmagazijn.nl\/wp-content\/uploads\/2021\/02\/turijnmagazijnlogo.png\",\"width\":555,\"height\":270,\"caption\":\"Turijnmagazijn\"},\"image\":{\"@id\":\"https:\/\/turijnmagazijn.jumpstone-dev.nl\/#\/schema\/logo\/image\/\"},\"sameAs\":[\"https:\/\/www.facebook.com\/turijnmagazijn\"]}]}<\/script>\n<!-- \/ Yoast SEO plugin. -->","yoast_head_json":{"title":"Termes et conditions - Turijnmagazijn","robots":{"index":"index","follow":"follow","max-snippet":"max-snippet:-1","max-image-preview":"max-image-preview:large","max-video-preview":"max-video-preview:-1"},"canonical":"https:\/\/turijnmagazijn.nl\/fr\/termes-et-conditions\/","og_locale":"fr_FR","og_type":"article","og_title":"Termes et conditions - Turijnmagazijn","og_description":"Termes et conditions Termes et Conditions Share Basket &#8211; Partshive &#8211; Teilenstock &#8211; Ricambare &#8211; Turijnmagazijn: 1. D\u00e9finitions 1.1 Dans les pr\u00e9sentes conditions g\u00e9n\u00e9rales, DELENKORF d\u00e9signe l&rsquo;entreprise individuelle, inscrite au registre du commerce de la Chambre de Commerce d&rsquo;Arnhem, sous le num\u00e9ro de Chambre de Commerce 61429228.1.2 DELENKORF commercialise \u00e9galement sous les noms PARTSHIVE \u2013 [&hellip;]","og_url":"https:\/\/turijnmagazijn.nl\/fr\/termes-et-conditions\/","og_site_name":"Turijnmagazijn","article_publisher":"https:\/\/www.facebook.com\/turijnmagazijn","article_modified_time":"2023-03-27T08:49:52+00:00","twitter_card":"summary_large_image","twitter_misc":{"Dur\u00e9e de lecture estim\u00e9e":"5 minutes"},"schema":{"@context":"https:\/\/schema.org","@graph":[{"@type":"WebPage","@id":"https:\/\/turijnmagazijn.nl\/fr\/termes-et-conditions\/","url":"https:\/\/turijnmagazijn.nl\/fr\/termes-et-conditions\/","name":"Termes et conditions - Turijnmagazijn","isPartOf":{"@id":"https:\/\/turijnmagazijn.jumpstone-dev.nl\/#website"},"datePublished":"2023-02-27T08:05:43+00:00","dateModified":"2023-03-27T08:49:52+00:00","breadcrumb":{"@id":"https:\/\/turijnmagazijn.nl\/fr\/termes-et-conditions\/#breadcrumb"},"inLanguage":"fr-FR","potentialAction":[{"@type":"ReadAction","target":["https:\/\/turijnmagazijn.nl\/fr\/termes-et-conditions\/"]}]},{"@type":"BreadcrumbList","@id":"https:\/\/turijnmagazijn.nl\/fr\/termes-et-conditions\/#breadcrumb","itemListElement":[{"@type":"ListItem","position":1,"name":"Home","item":"https:\/\/turijnmagazijn.jumpstone-dev.nl\/"},{"@type":"ListItem","position":2,"name":"Termes et conditions"}]},{"@type":"WebSite","@id":"https:\/\/turijnmagazijn.jumpstone-dev.nl\/#website","url":"https:\/\/turijnmagazijn.jumpstone-dev.nl\/","name":"Turijnmagazijn","description":"Onderdelen nieuw en gebruikt - Fiat &amp; Lancia","publisher":{"@id":"https:\/\/turijnmagazijn.jumpstone-dev.nl\/#organization"},"potentialAction":[{"@type":"SearchAction","target":{"@type":"EntryPoint","urlTemplate":"https:\/\/turijnmagazijn.jumpstone-dev.nl\/?s={search_term_string}"},"query-input":{"@type":"PropertyValueSpecification","valueRequired":true,"valueName":"search_term_string"}}],"inLanguage":"fr-FR"},{"@type":"Organization","@id":"https:\/\/turijnmagazijn.jumpstone-dev.nl\/#organization","name":"Turijnmagazijn","url":"https:\/\/turijnmagazijn.jumpstone-dev.nl\/","logo":{"@type":"ImageObject","inLanguage":"fr-FR","@id":"https:\/\/turijnmagazijn.jumpstone-dev.nl\/#\/schema\/logo\/image\/","url":"https:\/\/turijnmagazijn.nl\/wp-content\/uploads\/2021\/02\/turijnmagazijnlogo.png","contentUrl":"https:\/\/turijnmagazijn.nl\/wp-content\/uploads\/2021\/02\/turijnmagazijnlogo.png","width":555,"height":270,"caption":"Turijnmagazijn"},"image":{"@id":"https:\/\/turijnmagazijn.jumpstone-dev.nl\/#\/schema\/logo\/image\/"},"sameAs":["https:\/\/www.facebook.com\/turijnmagazijn"]}]}},"_links":{"self":[{"href":"https:\/\/turijnmagazijn.nl\/fr\/wp-json\/wp\/v2\/pages\/60144","targetHints":{"allow":["GET"]}}],"collection":[{"href":"https:\/\/turijnmagazijn.nl\/fr\/wp-json\/wp\/v2\/pages"}],"about":[{"href":"https:\/\/turijnmagazijn.nl\/fr\/wp-json\/wp\/v2\/types\/page"}],"author":[{"embeddable":true,"href":"https:\/\/turijnmagazijn.nl\/fr\/wp-json\/wp\/v2\/users\/1"}],"replies":[{"embeddable":true,"href":"https:\/\/turijnmagazijn.nl\/fr\/wp-json\/wp\/v2\/comments?post=60144"}],"version-history":[{"count":0,"href":"https:\/\/turijnmagazijn.nl\/fr\/wp-json\/wp\/v2\/pages\/60144\/revisions"}],"wp:attachment":[{"href":"https:\/\/turijnmagazijn.nl\/fr\/wp-json\/wp\/v2\/media?parent=60144"}],"curies":[{"name":"wp","href":"https:\/\/api.w.org\/{rel}","templated":true}]}}