{"id":60156,"date":"2023-03-10T08:47:05","date_gmt":"2023-03-10T07:47:05","guid":{"rendered":"https:\/\/turijnmagazijn.nl\/nos-partenaires\/"},"modified":"2023-03-27T11:06:10","modified_gmt":"2023-03-27T09:06:10","slug":"nos-partenaires","status":"publish","type":"page","link":"https:\/\/turijnmagazijn.nl\/fr\/nos-partenaires\/","title":{"rendered":"Nos partenaires"},"content":{"rendered":"\t\t<div data-elementor-type=\"wp-page\" data-elementor-id=\"60156\" class=\"elementor elementor-60156 elementor-16364\" data-elementor-post-type=\"page\">\n\t\t\t\t\t\t<section class=\"elementor-section elementor-top-section elementor-element elementor-element-0e5fe27 elementor-section-boxed elementor-section-height-default elementor-section-height-default\" data-id=\"0e5fe27\" data-element_type=\"section\" data-e-type=\"section\" data-settings=\"{&quot;jet_parallax_layout_list&quot;:[]}\">\n\t\t\t\t\t\t<div class=\"elementor-container elementor-column-gap-no\">\n\t\t\t\t\t<div class=\"elementor-column elementor-col-100 elementor-top-column elementor-element elementor-element-3b9ce76\" data-id=\"3b9ce76\" data-element_type=\"column\" data-e-type=\"column\">\n\t\t\t<div class=\"elementor-widget-wrap elementor-element-populated\">\n\t\t\t\t\t\t<div class=\"elementor-element elementor-element-6f26e8f elementor-widget elementor-widget-heading\" data-id=\"6f26e8f\" data-element_type=\"widget\" data-e-type=\"widget\" data-widget_type=\"heading.default\">\n\t\t\t\t<div class=\"elementor-widget-container\">\n\t\t\t\t\t<h1 class=\"elementor-heading-title elementor-size-default\">Nos partenaires<\/h1>\t\t\t\t<\/div>\n\t\t\t\t<\/div>\n\t\t\t\t<div class=\"elementor-element elementor-element-6cbd58c elementor-widget elementor-widget-text-editor\" data-id=\"6cbd58c\" data-element_type=\"widget\" data-e-type=\"widget\" data-widget_type=\"text-editor.default\">\n\t\t\t\t<div class=\"elementor-widget-container\">\n\t\t\t\t\t\t\t\t\t<p>Nous sommes fiers de travailler avec les partenaires suivants :<\/p>\n\t\t\t\t\t\t\t\t<\/div>\n\t\t\t\t<\/div>\n\t\t\t\t<section class=\"elementor-section elementor-inner-section elementor-element elementor-element-6d2cf33 elementor-reverse-mobile elementor-section-boxed elementor-section-height-default elementor-section-height-default\" data-id=\"6d2cf33\" data-element_type=\"section\" data-e-type=\"section\" data-settings=\"{&quot;jet_parallax_layout_list&quot;:[]}\">\n\t\t\t\t\t\t<div class=\"elementor-container elementor-column-gap-no\">\n\t\t\t\t\t<div class=\"elementor-column elementor-col-50 elementor-inner-column elementor-element elementor-element-6b18dac\" data-id=\"6b18dac\" data-element_type=\"column\" data-e-type=\"column\">\n\t\t\t<div class=\"elementor-widget-wrap elementor-element-populated\">\n\t\t\t\t\t\t<div class=\"elementor-element elementor-element-654cc4d elementor-widget elementor-widget-text-editor\" data-id=\"654cc4d\" data-element_type=\"widget\" data-e-type=\"widget\" data-widget_type=\"text-editor.default\">\n\t\t\t\t<div class=\"elementor-widget-container\">\n\t\t\t\t\t\t\t\t\t<p>Autoservice Steven Nijenhuis est un garage universel qui offre toujours la qualit\u00e9 \u00e0 l&rsquo;ancienne d&rsquo;un garagiste qui travaille et parle au client. De nombreux propri\u00e9taires de voitures \u00e0 Zutphen savent maintenant comment trouver Steven Nijenhuis pour toutes sortes d&rsquo;entretien, pneus de voiture, etc., mais il y a aussi clairement un groupe de passionn\u00e9s de voitures dans la client\u00e8le qui appr\u00e9cient le niveau de soin et d&rsquo;attention personnelle qu&rsquo;Autoservice Steven Nijenhuis est connu pour. Jetez un coup d&rsquo;\u0153il au site <a href=\"http:\/\/autoservicenijenhuis.nl\/index.php\" target=\"_blank\" rel=\"noreferrer noopener\">Web<\/a> pour des informations g\u00e9n\u00e9rales ou rendez-vous directement sur la boutique en ligne de pneus pour avoir une id\u00e9e de <a href=\"http:\/\/autoservicenijenhuis.nl\/Webshop\/Banden_winkel.php\" target=\"_blank\" rel=\"noreferrer noopener\">la gamme de pneus<\/a>.<\/p>\n<p>Autoservice Steven Nijenhuis est un partenaire d&rsquo;assemblage pour Delenkorf, presque toutes les pi\u00e8ces peuvent \u00eatre assembl\u00e9es en consultation. Si vous le souhaitez, les frais de port seront supprim\u00e9s et nous vous livrerons nos pi\u00e8ces sur place le jour de montage convenu. Contactez toujours Delenkorf \u00e0 l&rsquo;avance par e-mail.<\/p>\n<p><strong>Autoservice Steven Nijenhuis<\/strong><br \/>Mercuriusweg 2<br \/>7202 BS Zutphen<br \/>Tel: 0575-775569<br \/>E-mail: <a href=\"http:\/\/mailto:info@autoservicenijenhuis.nl%20\/\" target=\"_blank\" rel=\"noreferrer noopener\">info@autoservicenijenhuis.nl <\/a> <\/p>\n\t\t\t\t\t\t\t\t<\/div>\n\t\t\t\t<\/div>\n\t\t\t\t\t<\/div>\n\t\t<\/div>\n\t\t\t\t<div class=\"elementor-column elementor-col-50 elementor-inner-column elementor-element elementor-element-ae80931\" data-id=\"ae80931\" data-element_type=\"column\" data-e-type=\"column\">\n\t\t\t<div class=\"elementor-widget-wrap elementor-element-populated\">\n\t\t\t\t\t\t<div class=\"elementor-element elementor-element-7a9e64b elementor-widget elementor-widget-image\" data-id=\"7a9e64b\" data-element_type=\"widget\" data-e-type=\"widget\" data-widget_type=\"image.default\">\n\t\t\t\t<div class=\"elementor-widget-container\">\n\t\t\t\t\t\t\t\t\t\t\t\t\t\t\t<img fetchpriority=\"high\" decoding=\"async\" width=\"603\" height=\"123\" src=\"https:\/\/turijnmagazijn.nl\/wp-content\/uploads\/2023\/03\/partner-autoservice-steven-nijenhuis.png\" class=\"attachment-large size-large wp-image-58311\" alt=\"\" srcset=\"https:\/\/turijnmagazijn.nl\/wp-content\/uploads\/2023\/03\/partner-autoservice-steven-nijenhuis.png 603w, https:\/\/turijnmagazijn.nl\/wp-content\/uploads\/2023\/03\/partner-autoservice-steven-nijenhuis-300x61.png 300w, https:\/\/turijnmagazijn.nl\/wp-content\/uploads\/2023\/03\/partner-autoservice-steven-nijenhuis-600x122.png 600w\" sizes=\"(max-width: 603px) 100vw, 603px\" \/>\t\t\t\t\t\t\t\t\t\t\t\t\t\t\t<\/div>\n\t\t\t\t<\/div>\n\t\t\t\t\t<\/div>\n\t\t<\/div>\n\t\t\t\t\t<\/div>\n\t\t<\/section>\n\t\t\t\t<section class=\"elementor-section elementor-inner-section elementor-element elementor-element-2070b39 elementor-section-boxed elementor-section-height-default elementor-section-height-default\" data-id=\"2070b39\" data-element_type=\"section\" data-e-type=\"section\" data-settings=\"{&quot;jet_parallax_layout_list&quot;:[]}\">\n\t\t\t\t\t\t<div class=\"elementor-container elementor-column-gap-no\">\n\t\t\t\t\t<div class=\"elementor-column elementor-col-50 elementor-inner-column elementor-element elementor-element-e93dafa\" data-id=\"e93dafa\" data-element_type=\"column\" data-e-type=\"column\">\n\t\t\t<div class=\"elementor-widget-wrap elementor-element-populated\">\n\t\t\t\t\t\t<div class=\"elementor-element elementor-element-86f50ab elementor-widget elementor-widget-image\" data-id=\"86f50ab\" data-element_type=\"widget\" data-e-type=\"widget\" data-widget_type=\"image.default\">\n\t\t\t\t<div class=\"elementor-widget-container\">\n\t\t\t\t\t\t\t\t\t\t\t\t\t\t\t<img decoding=\"async\" width=\"453\" height=\"51\" src=\"https:\/\/turijnmagazijn.nl\/wp-content\/uploads\/2023\/03\/partner-arendse-autos.png\" class=\"attachment-large size-large wp-image-58315\" alt=\"\" srcset=\"https:\/\/turijnmagazijn.nl\/wp-content\/uploads\/2023\/03\/partner-arendse-autos.png 453w, https:\/\/turijnmagazijn.nl\/wp-content\/uploads\/2023\/03\/partner-arendse-autos-300x34.png 300w\" sizes=\"(max-width: 453px) 100vw, 453px\" \/>\t\t\t\t\t\t\t\t\t\t\t\t\t\t\t<\/div>\n\t\t\t\t<\/div>\n\t\t\t\t\t<\/div>\n\t\t<\/div>\n\t\t\t\t<div class=\"elementor-column elementor-col-50 elementor-inner-column elementor-element elementor-element-0b1cba2\" data-id=\"0b1cba2\" data-element_type=\"column\" data-e-type=\"column\">\n\t\t\t<div class=\"elementor-widget-wrap elementor-element-populated\">\n\t\t\t\t\t\t<div class=\"elementor-element elementor-element-37cf9c3 elementor-widget elementor-widget-text-editor\" data-id=\"37cf9c3\" data-element_type=\"widget\" data-e-type=\"widget\" data-widget_type=\"text-editor.default\">\n\t\t\t\t<div class=\"elementor-widget-container\">\n\t\t\t\t\t\t\t\t\t<p>Arendse Auto&rsquo;s est engag\u00e9 dans l&rsquo;entretien et la vente de tous les mod\u00e8les Lancia r\u00e9cents, les propri\u00e9taires de Fiat et d&rsquo;Alfa Romeo font \u00e9galement partie du groupe cible. Arendse a 25 ans d&rsquo;exp\u00e9rience dans le domaine Lancia et peut tr\u00e8s bien g\u00e9rer les mod\u00e8les Lybra, Ypsilon, Thesis, Phedra et Musa. Cependant, la sp\u00e9cialit\u00e9 d&rsquo;Arendse est la Lancia Kappa et plus pr\u00e9cis\u00e9ment la Lancia Kappa Coup\u00e9. De ce mod\u00e8le sp\u00e9cial et exclusif (la derni\u00e8re Lancia fabriqu\u00e9e \u00e0 la main avec seulement 3200 unit\u00e9s produites), Arendse a toujours un large choix de voitures d&rsquo;occasion d&rsquo;une qualit\u00e9 exceptionnelle. Jetez un coup d&rsquo;\u0153il au site <a href=\"http:\/\/arendseauto.nl\/\" target=\"_blank\" rel=\"noreferrer noopener\">Web d&rsquo;Arendse auto&rsquo;s<\/a> o\u00f9 une large s\u00e9lection de miniatures est \u00e9galement propos\u00e9e.<\/p>\n<p><strong>Arendse Auto\u2019s Lancia Specialist<\/strong><br \/>\u2018t Holland 47<br \/>6921 GX DUIVEN<br \/>T 0316 \u2013 261541<br \/>E-mail: <a href=\"mailto:info@arendseauto.nl?subject=reactie%20op%20website\">info@arendseauto.nl<\/a><\/p>\n\t\t\t\t\t\t\t\t<\/div>\n\t\t\t\t<\/div>\n\t\t\t\t\t<\/div>\n\t\t<\/div>\n\t\t\t\t\t<\/div>\n\t\t<\/section>\n\t\t\t\t<section class=\"elementor-section elementor-inner-section elementor-element elementor-element-dbf564f elementor-reverse-mobile elementor-section-boxed elementor-section-height-default elementor-section-height-default\" data-id=\"dbf564f\" data-element_type=\"section\" data-e-type=\"section\" data-settings=\"{&quot;jet_parallax_layout_list&quot;:[]}\">\n\t\t\t\t\t\t<div class=\"elementor-container elementor-column-gap-no\">\n\t\t\t\t\t<div class=\"elementor-column elementor-col-50 elementor-inner-column elementor-element elementor-element-c20a921\" data-id=\"c20a921\" data-element_type=\"column\" data-e-type=\"column\">\n\t\t\t<div class=\"elementor-widget-wrap elementor-element-populated\">\n\t\t\t\t\t\t<div class=\"elementor-element elementor-element-74ccc0d elementor-widget elementor-widget-text-editor\" data-id=\"74ccc0d\" data-element_type=\"widget\" data-e-type=\"widget\" data-widget_type=\"text-editor.default\">\n\t\t\t\t<div class=\"elementor-widget-container\">\n\t\t\t\t\t\t\t\t\t<p>Jetez un coup d&rsquo;\u0153il au site Web d&rsquo;Arendse auto&rsquo;s o\u00f9 une large s\u00e9lection de miniatures est \u00e9galement propos\u00e9e. Ils ont \u00e9galement une gamme de pi\u00e8ces d&rsquo;occasion, y compris pour Lancia Kappa. Si vous cherchez quelque chose de sp\u00e9cifique que vous ne trouvez pas sur notre page, assurez-vous de jeter un coup d&rsquo;\u0153il \u00e0 leur page Web. Ils exp\u00e9dient \u00e9galement aux Pays-Bas et parlent un anglais excellent. Leur offre peut \u00eatre consult\u00e9e sur le site <a href=\"https:\/\/www.autosklep24.pl\/pl\/searchquery\/model\/1\/full\/5\/model_75-79\/1?currency=EUR&amp;fbclid=IwAR1km-zBNGnbTMDYKOH1SZM3ey4njM1bpjeUOuy6bs-CYjSN_M5gMd0IwjA\" target=\"_blank\" rel=\"noreferrer noopener\">Web d&rsquo;autosklep24<\/a>. <\/p>\n<p><strong>Autosklep24.pl<br \/><\/strong>ul. Gen Pu\u0142askiego 3<br \/>95-200 PABIANICE<br \/>Pologne<br \/>T +790 278 664 792 465 368 <br \/>E-mail: <a href=\"mailto:sklep@autosklep24.pl\" target=\"_blank\" rel=\"noreferrer noopener\">sklep@autosklep24.pl<\/a><\/p>\n\t\t\t\t\t\t\t\t<\/div>\n\t\t\t\t<\/div>\n\t\t\t\t\t<\/div>\n\t\t<\/div>\n\t\t\t\t<div class=\"elementor-column elementor-col-50 elementor-inner-column elementor-element elementor-element-5e380dd\" data-id=\"5e380dd\" data-element_type=\"column\" data-e-type=\"column\">\n\t\t\t<div class=\"elementor-widget-wrap elementor-element-populated\">\n\t\t\t\t\t\t<div class=\"elementor-element elementor-element-4795fed elementor-widget elementor-widget-image\" data-id=\"4795fed\" data-element_type=\"widget\" data-e-type=\"widget\" data-widget_type=\"image.default\">\n\t\t\t\t<div class=\"elementor-widget-container\">\n\t\t\t\t\t\t\t\t\t\t\t\t\t\t\t<img decoding=\"async\" width=\"490\" height=\"90\" src=\"https:\/\/turijnmagazijn.nl\/wp-content\/uploads\/2023\/03\/partner-autosklep24.jpeg\" class=\"attachment-large size-large wp-image-58319\" alt=\"\" srcset=\"https:\/\/turijnmagazijn.nl\/wp-content\/uploads\/2023\/03\/partner-autosklep24.jpeg 490w, https:\/\/turijnmagazijn.nl\/wp-content\/uploads\/2023\/03\/partner-autosklep24-300x55.jpeg 300w\" sizes=\"(max-width: 490px) 100vw, 490px\" \/>\t\t\t\t\t\t\t\t\t\t\t\t\t\t\t<\/div>\n\t\t\t\t<\/div>\n\t\t\t\t\t<\/div>\n\t\t<\/div>\n\t\t\t\t\t<\/div>\n\t\t<\/section>\n\t\t\t\t\t<\/div>\n\t\t<\/div>\n\t\t\t\t\t<\/div>\n\t\t<\/section>\n\t\t\t\t<\/div>\n\t\t","protected":false},"excerpt":{"rendered":"<p>Nous sommes fiers de travailler avec les partenaires suivants : Autoservice Steven Nijenhuis est un garage universel qui offre toujours la qualit\u00e9 \u00e0 l&rsquo;ancienne d&rsquo;un garagiste qui travaille et parle au client. De nombreux propri\u00e9taires de voitures \u00e0 Zutphen savent maintenant comment trouver Steven Nijenhuis pour toutes sortes d&rsquo;entretien, pneus de voiture, etc., mais il [&hellip;]<\/p>\n","protected":false},"author":1,"featured_media":0,"parent":0,"menu_order":0,"comment_status":"closed","ping_status":"closed","template":"","meta":{"_acf_changed":false,"footnotes":""},"class_list":["post-60156","page","type-page","status-publish","hentry"],"acf":[],"yoast_head":"<!-- This site is optimized with the Yoast SEO plugin v27.3 - https:\/\/yoast.com\/product\/yoast-seo-wordpress\/ -->\n<title>Nos partenaires - Turijnmagazijn<\/title>\n<meta name=\"robots\" content=\"index, follow, max-snippet:-1, max-image-preview:large, max-video-preview:-1\" \/>\n<link rel=\"canonical\" href=\"https:\/\/turijnmagazijn.nl\/fr\/nos-partenaires\/\" \/>\n<meta property=\"og:locale\" content=\"fr_FR\" \/>\n<meta property=\"og:type\" content=\"article\" \/>\n<meta property=\"og:title\" content=\"Nos partenaires - Turijnmagazijn\" \/>\n<meta property=\"og:description\" content=\"Nous sommes fiers de travailler avec les partenaires suivants : Autoservice Steven Nijenhuis est un garage universel qui offre toujours la qualit\u00e9 \u00e0 l&rsquo;ancienne d&rsquo;un garagiste qui travaille et parle au client. De nombreux propri\u00e9taires de voitures \u00e0 Zutphen savent maintenant comment trouver Steven Nijenhuis pour toutes sortes d&rsquo;entretien, pneus de voiture, etc., mais il [&hellip;]\" \/>\n<meta property=\"og:url\" content=\"https:\/\/turijnmagazijn.nl\/fr\/nos-partenaires\/\" \/>\n<meta property=\"og:site_name\" content=\"Turijnmagazijn\" \/>\n<meta property=\"article:publisher\" content=\"https:\/\/www.facebook.com\/turijnmagazijn\" \/>\n<meta property=\"article:modified_time\" content=\"2023-03-27T09:06:10+00:00\" \/>\n<meta property=\"og:image\" content=\"https:\/\/turijnmagazijn.jumpstone-dev.nl\/wp-content\/uploads\/2023\/03\/partner-autoservice-steven-nijenhuis.png\" \/>\n<meta name=\"twitter:card\" content=\"summary_large_image\" \/>\n<meta name=\"twitter:label1\" content=\"Dur\u00e9e de lecture estim\u00e9e\" \/>\n\t<meta name=\"twitter:data1\" content=\"2 minutes\" \/>\n<script type=\"application\/ld+json\" class=\"yoast-schema-graph\">{\"@context\":\"https:\\\/\\\/schema.org\",\"@graph\":[{\"@type\":\"WebPage\",\"@id\":\"https:\\\/\\\/turijnmagazijn.nl\\\/fr\\\/nos-partenaires\\\/\",\"url\":\"https:\\\/\\\/turijnmagazijn.nl\\\/fr\\\/nos-partenaires\\\/\",\"name\":\"Nos partenaires - Turijnmagazijn\",\"isPartOf\":{\"@id\":\"https:\\\/\\\/turijnmagazijn.jumpstone-dev.nl\\\/#website\"},\"primaryImageOfPage\":{\"@id\":\"https:\\\/\\\/turijnmagazijn.nl\\\/fr\\\/nos-partenaires\\\/#primaryimage\"},\"image\":{\"@id\":\"https:\\\/\\\/turijnmagazijn.nl\\\/fr\\\/nos-partenaires\\\/#primaryimage\"},\"thumbnailUrl\":\"https:\\\/\\\/turijnmagazijn.nl\\\/wp-content\\\/uploads\\\/2023\\\/03\\\/partner-autoservice-steven-nijenhuis.png\",\"datePublished\":\"2023-03-10T07:47:05+00:00\",\"dateModified\":\"2023-03-27T09:06:10+00:00\",\"breadcrumb\":{\"@id\":\"https:\\\/\\\/turijnmagazijn.nl\\\/fr\\\/nos-partenaires\\\/#breadcrumb\"},\"inLanguage\":\"fr-FR\",\"potentialAction\":[{\"@type\":\"ReadAction\",\"target\":[\"https:\\\/\\\/turijnmagazijn.nl\\\/fr\\\/nos-partenaires\\\/\"]}]},{\"@type\":\"ImageObject\",\"inLanguage\":\"fr-FR\",\"@id\":\"https:\\\/\\\/turijnmagazijn.nl\\\/fr\\\/nos-partenaires\\\/#primaryimage\",\"url\":\"https:\\\/\\\/turijnmagazijn.nl\\\/wp-content\\\/uploads\\\/2023\\\/03\\\/partner-autoservice-steven-nijenhuis.png\",\"contentUrl\":\"https:\\\/\\\/turijnmagazijn.nl\\\/wp-content\\\/uploads\\\/2023\\\/03\\\/partner-autoservice-steven-nijenhuis.png\"},{\"@type\":\"BreadcrumbList\",\"@id\":\"https:\\\/\\\/turijnmagazijn.nl\\\/fr\\\/nos-partenaires\\\/#breadcrumb\",\"itemListElement\":[{\"@type\":\"ListItem\",\"position\":1,\"name\":\"Home\",\"item\":\"https:\\\/\\\/turijnmagazijn.nl\\\/fr\\\/\"},{\"@type\":\"ListItem\",\"position\":2,\"name\":\"Nos partenaires\"}]},{\"@type\":\"WebSite\",\"@id\":\"https:\\\/\\\/turijnmagazijn.jumpstone-dev.nl\\\/#website\",\"url\":\"https:\\\/\\\/turijnmagazijn.jumpstone-dev.nl\\\/\",\"name\":\"Turijnmagazijn\",\"description\":\"Onderdelen nieuw en gebruikt - Fiat &amp; Lancia\",\"publisher\":{\"@id\":\"https:\\\/\\\/turijnmagazijn.jumpstone-dev.nl\\\/#organization\"},\"potentialAction\":[{\"@type\":\"SearchAction\",\"target\":{\"@type\":\"EntryPoint\",\"urlTemplate\":\"https:\\\/\\\/turijnmagazijn.jumpstone-dev.nl\\\/?s={search_term_string}\"},\"query-input\":{\"@type\":\"PropertyValueSpecification\",\"valueRequired\":true,\"valueName\":\"search_term_string\"}}],\"inLanguage\":\"fr-FR\"},{\"@type\":\"Organization\",\"@id\":\"https:\\\/\\\/turijnmagazijn.jumpstone-dev.nl\\\/#organization\",\"name\":\"Turijnmagazijn\",\"url\":\"https:\\\/\\\/turijnmagazijn.jumpstone-dev.nl\\\/\",\"logo\":{\"@type\":\"ImageObject\",\"inLanguage\":\"fr-FR\",\"@id\":\"https:\\\/\\\/turijnmagazijn.jumpstone-dev.nl\\\/#\\\/schema\\\/logo\\\/image\\\/\",\"url\":\"https:\\\/\\\/turijnmagazijn.nl\\\/wp-content\\\/uploads\\\/2021\\\/02\\\/turijnmagazijnlogo.png\",\"contentUrl\":\"https:\\\/\\\/turijnmagazijn.nl\\\/wp-content\\\/uploads\\\/2021\\\/02\\\/turijnmagazijnlogo.png\",\"width\":555,\"height\":270,\"caption\":\"Turijnmagazijn\"},\"image\":{\"@id\":\"https:\\\/\\\/turijnmagazijn.jumpstone-dev.nl\\\/#\\\/schema\\\/logo\\\/image\\\/\"},\"sameAs\":[\"https:\\\/\\\/www.facebook.com\\\/turijnmagazijn\"]}]}<\/script>\n<!-- \/ Yoast SEO plugin. -->","yoast_head_json":{"title":"Nos partenaires - Turijnmagazijn","robots":{"index":"index","follow":"follow","max-snippet":"max-snippet:-1","max-image-preview":"max-image-preview:large","max-video-preview":"max-video-preview:-1"},"canonical":"https:\/\/turijnmagazijn.nl\/fr\/nos-partenaires\/","og_locale":"fr_FR","og_type":"article","og_title":"Nos partenaires - Turijnmagazijn","og_description":"Nous sommes fiers de travailler avec les partenaires suivants : Autoservice Steven Nijenhuis est un garage universel qui offre toujours la qualit\u00e9 \u00e0 l&rsquo;ancienne d&rsquo;un garagiste qui travaille et parle au client. De nombreux propri\u00e9taires de voitures \u00e0 Zutphen savent maintenant comment trouver Steven Nijenhuis pour toutes sortes d&rsquo;entretien, pneus de voiture, etc., mais il [&hellip;]","og_url":"https:\/\/turijnmagazijn.nl\/fr\/nos-partenaires\/","og_site_name":"Turijnmagazijn","article_publisher":"https:\/\/www.facebook.com\/turijnmagazijn","article_modified_time":"2023-03-27T09:06:10+00:00","og_image":[{"url":"https:\/\/turijnmagazijn.jumpstone-dev.nl\/wp-content\/uploads\/2023\/03\/partner-autoservice-steven-nijenhuis.png","type":"","width":"","height":""}],"twitter_card":"summary_large_image","twitter_misc":{"Dur\u00e9e de lecture estim\u00e9e":"2 minutes"},"schema":{"@context":"https:\/\/schema.org","@graph":[{"@type":"WebPage","@id":"https:\/\/turijnmagazijn.nl\/fr\/nos-partenaires\/","url":"https:\/\/turijnmagazijn.nl\/fr\/nos-partenaires\/","name":"Nos partenaires - Turijnmagazijn","isPartOf":{"@id":"https:\/\/turijnmagazijn.jumpstone-dev.nl\/#website"},"primaryImageOfPage":{"@id":"https:\/\/turijnmagazijn.nl\/fr\/nos-partenaires\/#primaryimage"},"image":{"@id":"https:\/\/turijnmagazijn.nl\/fr\/nos-partenaires\/#primaryimage"},"thumbnailUrl":"https:\/\/turijnmagazijn.nl\/wp-content\/uploads\/2023\/03\/partner-autoservice-steven-nijenhuis.png","datePublished":"2023-03-10T07:47:05+00:00","dateModified":"2023-03-27T09:06:10+00:00","breadcrumb":{"@id":"https:\/\/turijnmagazijn.nl\/fr\/nos-partenaires\/#breadcrumb"},"inLanguage":"fr-FR","potentialAction":[{"@type":"ReadAction","target":["https:\/\/turijnmagazijn.nl\/fr\/nos-partenaires\/"]}]},{"@type":"ImageObject","inLanguage":"fr-FR","@id":"https:\/\/turijnmagazijn.nl\/fr\/nos-partenaires\/#primaryimage","url":"https:\/\/turijnmagazijn.nl\/wp-content\/uploads\/2023\/03\/partner-autoservice-steven-nijenhuis.png","contentUrl":"https:\/\/turijnmagazijn.nl\/wp-content\/uploads\/2023\/03\/partner-autoservice-steven-nijenhuis.png"},{"@type":"BreadcrumbList","@id":"https:\/\/turijnmagazijn.nl\/fr\/nos-partenaires\/#breadcrumb","itemListElement":[{"@type":"ListItem","position":1,"name":"Home","item":"https:\/\/turijnmagazijn.nl\/fr\/"},{"@type":"ListItem","position":2,"name":"Nos partenaires"}]},{"@type":"WebSite","@id":"https:\/\/turijnmagazijn.jumpstone-dev.nl\/#website","url":"https:\/\/turijnmagazijn.jumpstone-dev.nl\/","name":"Turijnmagazijn","description":"Onderdelen nieuw en gebruikt - Fiat &amp; Lancia","publisher":{"@id":"https:\/\/turijnmagazijn.jumpstone-dev.nl\/#organization"},"potentialAction":[{"@type":"SearchAction","target":{"@type":"EntryPoint","urlTemplate":"https:\/\/turijnmagazijn.jumpstone-dev.nl\/?s={search_term_string}"},"query-input":{"@type":"PropertyValueSpecification","valueRequired":true,"valueName":"search_term_string"}}],"inLanguage":"fr-FR"},{"@type":"Organization","@id":"https:\/\/turijnmagazijn.jumpstone-dev.nl\/#organization","name":"Turijnmagazijn","url":"https:\/\/turijnmagazijn.jumpstone-dev.nl\/","logo":{"@type":"ImageObject","inLanguage":"fr-FR","@id":"https:\/\/turijnmagazijn.jumpstone-dev.nl\/#\/schema\/logo\/image\/","url":"https:\/\/turijnmagazijn.nl\/wp-content\/uploads\/2021\/02\/turijnmagazijnlogo.png","contentUrl":"https:\/\/turijnmagazijn.nl\/wp-content\/uploads\/2021\/02\/turijnmagazijnlogo.png","width":555,"height":270,"caption":"Turijnmagazijn"},"image":{"@id":"https:\/\/turijnmagazijn.jumpstone-dev.nl\/#\/schema\/logo\/image\/"},"sameAs":["https:\/\/www.facebook.com\/turijnmagazijn"]}]}},"_links":{"self":[{"href":"https:\/\/turijnmagazijn.nl\/fr\/wp-json\/wp\/v2\/pages\/60156","targetHints":{"allow":["GET"]}}],"collection":[{"href":"https:\/\/turijnmagazijn.nl\/fr\/wp-json\/wp\/v2\/pages"}],"about":[{"href":"https:\/\/turijnmagazijn.nl\/fr\/wp-json\/wp\/v2\/types\/page"}],"author":[{"embeddable":true,"href":"https:\/\/turijnmagazijn.nl\/fr\/wp-json\/wp\/v2\/users\/1"}],"replies":[{"embeddable":true,"href":"https:\/\/turijnmagazijn.nl\/fr\/wp-json\/wp\/v2\/comments?post=60156"}],"version-history":[{"count":0,"href":"https:\/\/turijnmagazijn.nl\/fr\/wp-json\/wp\/v2\/pages\/60156\/revisions"}],"wp:attachment":[{"href":"https:\/\/turijnmagazijn.nl\/fr\/wp-json\/wp\/v2\/media?parent=60156"}],"curies":[{"name":"wp","href":"https:\/\/api.w.org\/{rel}","templated":true}]}}