{"id":60160,"date":"2023-03-10T08:46:48","date_gmt":"2023-03-10T07:46:48","guid":{"rendered":"https:\/\/turijnmagazijn.nl\/expedition-par-boite-aux-lettres\/"},"modified":"2023-03-27T11:09:17","modified_gmt":"2023-03-27T09:09:17","slug":"expedition-par-boite-aux-lettres","status":"publish","type":"page","link":"https:\/\/turijnmagazijn.nl\/fr\/expedition-par-boite-aux-lettres\/","title":{"rendered":"Exp\u00e9dition par bo\u00eete aux lettres"},"content":{"rendered":"\t\t<div data-elementor-type=\"wp-page\" data-elementor-id=\"60160\" class=\"elementor elementor-60160 elementor-16362\" data-elementor-post-type=\"page\">\n\t\t\t\t\t\t<section class=\"elementor-section elementor-top-section elementor-element elementor-element-9f05807 elementor-section-boxed elementor-section-height-default elementor-section-height-default\" data-id=\"9f05807\" data-element_type=\"section\" data-e-type=\"section\" data-settings=\"{&quot;jet_parallax_layout_list&quot;:[]}\">\n\t\t\t\t\t\t<div class=\"elementor-container elementor-column-gap-no\">\n\t\t\t\t\t<div class=\"elementor-column elementor-col-100 elementor-top-column elementor-element elementor-element-75dcbd8\" data-id=\"75dcbd8\" data-element_type=\"column\" data-e-type=\"column\">\n\t\t\t<div class=\"elementor-widget-wrap elementor-element-populated\">\n\t\t\t\t\t\t<div class=\"elementor-element elementor-element-8503956 elementor-widget elementor-widget-heading\" data-id=\"8503956\" data-element_type=\"widget\" data-e-type=\"widget\" data-widget_type=\"heading.default\">\n\t\t\t\t<div class=\"elementor-widget-container\">\n\t\t\t\t\t<h1 class=\"elementor-heading-title elementor-size-default\">Exp\u00e9dition par bo\u00eete aux lettres<\/h1>\t\t\t\t<\/div>\n\t\t\t\t<\/div>\n\t\t\t\t<div class=\"elementor-element elementor-element-39ee884 elementor-widget__width-initial elementor-widget-mobile__width-inherit elementor-widget elementor-widget-text-editor\" data-id=\"39ee884\" data-element_type=\"widget\" data-e-type=\"widget\" data-widget_type=\"text-editor.default\">\n\t\t\t\t<div class=\"elementor-widget-container\">\n\t\t\t\t\t\t\t\t\t<p>Pour les articles marqu\u00e9s du badge, il est possible de demander la livraison en bo\u00eete aux lettres, suivez les \u00e9tapes suivantes pour demander la livraison en bo\u00eete aux lettres ;<\/p>\n\t\t\t\t\t\t\t\t<\/div>\n\t\t\t\t<\/div>\n\t\t\t\t<div class=\"elementor-element elementor-element-d56e51e elementor-widget__width-initial elementor-widget-mobile__width-inherit elementor-widget elementor-widget-image\" data-id=\"d56e51e\" data-element_type=\"widget\" data-e-type=\"widget\" data-widget_type=\"image.default\">\n\t\t\t\t<div class=\"elementor-widget-container\">\n\t\t\t\t\t\t\t\t\t\t\t\t\t\t\t<img decoding=\"async\" width=\"487\" height=\"45\" src=\"https:\/\/turijnmagazijn.nl\/wp-content\/uploads\/2023\/03\/brievenbusverzending-label.png\" class=\"attachment-large size-large wp-image-58307\" alt=\"\" srcset=\"https:\/\/turijnmagazijn.nl\/wp-content\/uploads\/2023\/03\/brievenbusverzending-label.png 487w, https:\/\/turijnmagazijn.nl\/wp-content\/uploads\/2023\/03\/brievenbusverzending-label-300x28.png 300w\" sizes=\"(max-width: 487px) 100vw, 487px\" \/>\t\t\t\t\t\t\t\t\t\t\t\t\t\t\t<\/div>\n\t\t\t\t<\/div>\n\t\t\t\t<div class=\"elementor-element elementor-element-9602531 elementor-widget__width-initial elementor-widget-mobile__width-inherit elementor-widget elementor-widget-text-editor\" data-id=\"9602531\" data-element_type=\"widget\" data-e-type=\"widget\" data-widget_type=\"text-editor.default\">\n\t\t\t\t<div class=\"elementor-widget-container\">\n\t\t\t\t\t\t\t\t\t<p>1. Envoyez-nous un e-mail \u00e0 info@delenkorf.nl avec pour objet \u00ab envoi en bo\u00eete aux lettres \u00bb avec les produits et les quantit\u00e9s que vous souhaitez commander<\/p>\n<p>2. Nous examinons les dimensions de votre commande et calculons le poids et vous proposons un tarif d&rsquo;exp\u00e9dition personnalis\u00e9, qui est le suivant ;<br \/>1. Jusqu&rsquo;\u00e0 20 grammes (pes\u00e9 avec enveloppe d&rsquo;exp\u00e9dition et \u00e9tiquette) 3,50 euros<br \/>2. Jusqu&rsquo;\u00e0 50 grammes (pes\u00e9 avec enveloppe d&rsquo;exp\u00e9dition et \u00e9tiquette) 4,00 euros<br \/>3. Jusqu&rsquo;\u00e0 2 kg (pes\u00e9 emballage compris) 5,00 euros<\/p>\n<p>3. Le prix minimum de commande pour notre site Web est fix\u00e9 \u00e0 6,99 \u20ac, donc si le tarif d&rsquo;exp\u00e9dition et le prix de l&rsquo;article tombent ensemble en dessous de ce montant, le montant minimum de commande s&rsquo;appliquera.<\/p>\n<p>4. Le courriel que vous recevez en retour d\u00e9crit le groupe tarifaire applicable \u00e0 l&rsquo;envoi en bo\u00eete aux lettres de la commande que vous avez choisie. Afin de traiter correctement le tarif d&rsquo;exp\u00e9dition, nous vous enverrons un code de r\u00e9duction que vous devrez saisir lors du paiement pour obtenir le tarif d&rsquo;exp\u00e9dition ajust\u00e9. Il indique \u00e9galement que cette forme d&rsquo;exp\u00e9dition n&rsquo;est pas assur\u00e9e, et nous ne pouvons donc pas \u00eatre tenus responsables si l&rsquo;exp\u00e9dition est perdue de mani\u00e8re inattendue. 99 envois sur 100 se passent bien, mais il est toujours possible que vous n&rsquo;ayez pas de chance.<\/p>\n<p><strong>De plus, il n&rsquo;y a pas de track &amp; trace disponible.<\/strong><\/p>\n\t\t\t\t\t\t\t\t<\/div>\n\t\t\t\t<\/div>\n\t\t\t\t<div class=\"elementor-element elementor-element-7c583c5 elementor-widget__width-initial elementor-widget-mobile__width-inherit elementor-widget elementor-widget-image\" data-id=\"7c583c5\" data-element_type=\"widget\" data-e-type=\"widget\" data-widget_type=\"image.default\">\n\t\t\t\t<div class=\"elementor-widget-container\">\n\t\t\t\t\t\t\t\t\t\t\t\t\t\t\t<img fetchpriority=\"high\" decoding=\"async\" width=\"800\" height=\"600\" src=\"https:\/\/turijnmagazijn.nl\/wp-content\/uploads\/2023\/03\/brievenbusverzending-afbeelding.jpeg\" class=\"attachment-large size-large wp-image-58303\" alt=\"\" srcset=\"https:\/\/turijnmagazijn.nl\/wp-content\/uploads\/2023\/03\/brievenbusverzending-afbeelding.jpeg 1024w, https:\/\/turijnmagazijn.nl\/wp-content\/uploads\/2023\/03\/brievenbusverzending-afbeelding-300x225.jpeg 300w, https:\/\/turijnmagazijn.nl\/wp-content\/uploads\/2023\/03\/brievenbusverzending-afbeelding-768x576.jpeg 768w, https:\/\/turijnmagazijn.nl\/wp-content\/uploads\/2023\/03\/brievenbusverzending-afbeelding-600x450.jpeg 600w\" sizes=\"(max-width: 800px) 100vw, 800px\" \/>\t\t\t\t\t\t\t\t\t\t\t\t\t\t\t<\/div>\n\t\t\t\t<\/div>\n\t\t\t\t\t<\/div>\n\t\t<\/div>\n\t\t\t\t\t<\/div>\n\t\t<\/section>\n\t\t\t\t<\/div>\n\t\t","protected":false},"excerpt":{"rendered":"<p>Pour les articles marqu\u00e9s du badge, il est possible de demander la livraison en bo\u00eete aux lettres, suivez les \u00e9tapes suivantes pour demander la livraison en bo\u00eete aux lettres ; 1. Envoyez-nous un e-mail \u00e0 info@delenkorf.nl avec pour objet \u00ab envoi en bo\u00eete aux lettres \u00bb avec les produits et les quantit\u00e9s que vous souhaitez [&hellip;]<\/p>\n","protected":false},"author":1,"featured_media":0,"parent":0,"menu_order":0,"comment_status":"closed","ping_status":"closed","template":"","meta":{"_acf_changed":false,"footnotes":""},"class_list":["post-60160","page","type-page","status-publish","hentry"],"acf":[],"yoast_head":"<!-- This site is optimized with the Yoast SEO plugin v27.3 - https:\/\/yoast.com\/product\/yoast-seo-wordpress\/ -->\n<title>Exp\u00e9dition par bo\u00eete aux lettres - Turijnmagazijn<\/title>\n<meta name=\"robots\" content=\"index, follow, max-snippet:-1, max-image-preview:large, max-video-preview:-1\" \/>\n<link rel=\"canonical\" href=\"https:\/\/turijnmagazijn.nl\/fr\/expedition-par-boite-aux-lettres\/\" \/>\n<meta property=\"og:locale\" content=\"fr_FR\" \/>\n<meta property=\"og:type\" content=\"article\" \/>\n<meta property=\"og:title\" content=\"Exp\u00e9dition par bo\u00eete aux lettres - Turijnmagazijn\" \/>\n<meta property=\"og:description\" content=\"Pour les articles marqu\u00e9s du badge, il est possible de demander la livraison en bo\u00eete aux lettres, suivez les \u00e9tapes suivantes pour demander la livraison en bo\u00eete aux lettres ; 1. Envoyez-nous un e-mail \u00e0 info@delenkorf.nl avec pour objet \u00ab envoi en bo\u00eete aux lettres \u00bb avec les produits et les quantit\u00e9s que vous souhaitez [&hellip;]\" \/>\n<meta property=\"og:url\" content=\"https:\/\/turijnmagazijn.nl\/fr\/expedition-par-boite-aux-lettres\/\" \/>\n<meta property=\"og:site_name\" content=\"Turijnmagazijn\" \/>\n<meta property=\"article:publisher\" content=\"https:\/\/www.facebook.com\/turijnmagazijn\" \/>\n<meta property=\"article:modified_time\" content=\"2023-03-27T09:09:17+00:00\" \/>\n<meta property=\"og:image\" content=\"https:\/\/turijnmagazijn.jumpstone-dev.nl\/wp-content\/uploads\/2023\/03\/brievenbusverzending-label.png\" \/>\n<meta name=\"twitter:card\" content=\"summary_large_image\" \/>\n<meta name=\"twitter:label1\" content=\"Dur\u00e9e de lecture estim\u00e9e\" \/>\n\t<meta name=\"twitter:data1\" content=\"1 minute\" \/>\n<script type=\"application\/ld+json\" class=\"yoast-schema-graph\">{\"@context\":\"https:\\\/\\\/schema.org\",\"@graph\":[{\"@type\":\"WebPage\",\"@id\":\"https:\\\/\\\/turijnmagazijn.nl\\\/fr\\\/expedition-par-boite-aux-lettres\\\/\",\"url\":\"https:\\\/\\\/turijnmagazijn.nl\\\/fr\\\/expedition-par-boite-aux-lettres\\\/\",\"name\":\"Exp\u00e9dition par bo\u00eete aux lettres - Turijnmagazijn\",\"isPartOf\":{\"@id\":\"https:\\\/\\\/turijnmagazijn.jumpstone-dev.nl\\\/#website\"},\"primaryImageOfPage\":{\"@id\":\"https:\\\/\\\/turijnmagazijn.nl\\\/fr\\\/expedition-par-boite-aux-lettres\\\/#primaryimage\"},\"image\":{\"@id\":\"https:\\\/\\\/turijnmagazijn.nl\\\/fr\\\/expedition-par-boite-aux-lettres\\\/#primaryimage\"},\"thumbnailUrl\":\"https:\\\/\\\/turijnmagazijn.nl\\\/wp-content\\\/uploads\\\/2023\\\/03\\\/brievenbusverzending-label.png\",\"datePublished\":\"2023-03-10T07:46:48+00:00\",\"dateModified\":\"2023-03-27T09:09:17+00:00\",\"breadcrumb\":{\"@id\":\"https:\\\/\\\/turijnmagazijn.nl\\\/fr\\\/expedition-par-boite-aux-lettres\\\/#breadcrumb\"},\"inLanguage\":\"fr-FR\",\"potentialAction\":[{\"@type\":\"ReadAction\",\"target\":[\"https:\\\/\\\/turijnmagazijn.nl\\\/fr\\\/expedition-par-boite-aux-lettres\\\/\"]}]},{\"@type\":\"ImageObject\",\"inLanguage\":\"fr-FR\",\"@id\":\"https:\\\/\\\/turijnmagazijn.nl\\\/fr\\\/expedition-par-boite-aux-lettres\\\/#primaryimage\",\"url\":\"https:\\\/\\\/turijnmagazijn.nl\\\/wp-content\\\/uploads\\\/2023\\\/03\\\/brievenbusverzending-label.png\",\"contentUrl\":\"https:\\\/\\\/turijnmagazijn.nl\\\/wp-content\\\/uploads\\\/2023\\\/03\\\/brievenbusverzending-label.png\"},{\"@type\":\"BreadcrumbList\",\"@id\":\"https:\\\/\\\/turijnmagazijn.nl\\\/fr\\\/expedition-par-boite-aux-lettres\\\/#breadcrumb\",\"itemListElement\":[{\"@type\":\"ListItem\",\"position\":1,\"name\":\"Home\",\"item\":\"https:\\\/\\\/turijnmagazijn.nl\\\/fr\\\/\"},{\"@type\":\"ListItem\",\"position\":2,\"name\":\"Exp\u00e9dition par bo\u00eete aux lettres\"}]},{\"@type\":\"WebSite\",\"@id\":\"https:\\\/\\\/turijnmagazijn.jumpstone-dev.nl\\\/#website\",\"url\":\"https:\\\/\\\/turijnmagazijn.jumpstone-dev.nl\\\/\",\"name\":\"Turijnmagazijn\",\"description\":\"Onderdelen nieuw en gebruikt - Fiat &amp; Lancia\",\"publisher\":{\"@id\":\"https:\\\/\\\/turijnmagazijn.jumpstone-dev.nl\\\/#organization\"},\"potentialAction\":[{\"@type\":\"SearchAction\",\"target\":{\"@type\":\"EntryPoint\",\"urlTemplate\":\"https:\\\/\\\/turijnmagazijn.jumpstone-dev.nl\\\/?s={search_term_string}\"},\"query-input\":{\"@type\":\"PropertyValueSpecification\",\"valueRequired\":true,\"valueName\":\"search_term_string\"}}],\"inLanguage\":\"fr-FR\"},{\"@type\":\"Organization\",\"@id\":\"https:\\\/\\\/turijnmagazijn.jumpstone-dev.nl\\\/#organization\",\"name\":\"Turijnmagazijn\",\"url\":\"https:\\\/\\\/turijnmagazijn.jumpstone-dev.nl\\\/\",\"logo\":{\"@type\":\"ImageObject\",\"inLanguage\":\"fr-FR\",\"@id\":\"https:\\\/\\\/turijnmagazijn.jumpstone-dev.nl\\\/#\\\/schema\\\/logo\\\/image\\\/\",\"url\":\"https:\\\/\\\/turijnmagazijn.nl\\\/wp-content\\\/uploads\\\/2021\\\/02\\\/turijnmagazijnlogo.png\",\"contentUrl\":\"https:\\\/\\\/turijnmagazijn.nl\\\/wp-content\\\/uploads\\\/2021\\\/02\\\/turijnmagazijnlogo.png\",\"width\":555,\"height\":270,\"caption\":\"Turijnmagazijn\"},\"image\":{\"@id\":\"https:\\\/\\\/turijnmagazijn.jumpstone-dev.nl\\\/#\\\/schema\\\/logo\\\/image\\\/\"},\"sameAs\":[\"https:\\\/\\\/www.facebook.com\\\/turijnmagazijn\"]}]}<\/script>\n<!-- \/ Yoast SEO plugin. -->","yoast_head_json":{"title":"Exp\u00e9dition par bo\u00eete aux lettres - Turijnmagazijn","robots":{"index":"index","follow":"follow","max-snippet":"max-snippet:-1","max-image-preview":"max-image-preview:large","max-video-preview":"max-video-preview:-1"},"canonical":"https:\/\/turijnmagazijn.nl\/fr\/expedition-par-boite-aux-lettres\/","og_locale":"fr_FR","og_type":"article","og_title":"Exp\u00e9dition par bo\u00eete aux lettres - Turijnmagazijn","og_description":"Pour les articles marqu\u00e9s du badge, il est possible de demander la livraison en bo\u00eete aux lettres, suivez les \u00e9tapes suivantes pour demander la livraison en bo\u00eete aux lettres ; 1. Envoyez-nous un e-mail \u00e0 info@delenkorf.nl avec pour objet \u00ab envoi en bo\u00eete aux lettres \u00bb avec les produits et les quantit\u00e9s que vous souhaitez [&hellip;]","og_url":"https:\/\/turijnmagazijn.nl\/fr\/expedition-par-boite-aux-lettres\/","og_site_name":"Turijnmagazijn","article_publisher":"https:\/\/www.facebook.com\/turijnmagazijn","article_modified_time":"2023-03-27T09:09:17+00:00","og_image":[{"url":"https:\/\/turijnmagazijn.jumpstone-dev.nl\/wp-content\/uploads\/2023\/03\/brievenbusverzending-label.png","type":"","width":"","height":""}],"twitter_card":"summary_large_image","twitter_misc":{"Dur\u00e9e de lecture estim\u00e9e":"1 minute"},"schema":{"@context":"https:\/\/schema.org","@graph":[{"@type":"WebPage","@id":"https:\/\/turijnmagazijn.nl\/fr\/expedition-par-boite-aux-lettres\/","url":"https:\/\/turijnmagazijn.nl\/fr\/expedition-par-boite-aux-lettres\/","name":"Exp\u00e9dition par bo\u00eete aux lettres - Turijnmagazijn","isPartOf":{"@id":"https:\/\/turijnmagazijn.jumpstone-dev.nl\/#website"},"primaryImageOfPage":{"@id":"https:\/\/turijnmagazijn.nl\/fr\/expedition-par-boite-aux-lettres\/#primaryimage"},"image":{"@id":"https:\/\/turijnmagazijn.nl\/fr\/expedition-par-boite-aux-lettres\/#primaryimage"},"thumbnailUrl":"https:\/\/turijnmagazijn.nl\/wp-content\/uploads\/2023\/03\/brievenbusverzending-label.png","datePublished":"2023-03-10T07:46:48+00:00","dateModified":"2023-03-27T09:09:17+00:00","breadcrumb":{"@id":"https:\/\/turijnmagazijn.nl\/fr\/expedition-par-boite-aux-lettres\/#breadcrumb"},"inLanguage":"fr-FR","potentialAction":[{"@type":"ReadAction","target":["https:\/\/turijnmagazijn.nl\/fr\/expedition-par-boite-aux-lettres\/"]}]},{"@type":"ImageObject","inLanguage":"fr-FR","@id":"https:\/\/turijnmagazijn.nl\/fr\/expedition-par-boite-aux-lettres\/#primaryimage","url":"https:\/\/turijnmagazijn.nl\/wp-content\/uploads\/2023\/03\/brievenbusverzending-label.png","contentUrl":"https:\/\/turijnmagazijn.nl\/wp-content\/uploads\/2023\/03\/brievenbusverzending-label.png"},{"@type":"BreadcrumbList","@id":"https:\/\/turijnmagazijn.nl\/fr\/expedition-par-boite-aux-lettres\/#breadcrumb","itemListElement":[{"@type":"ListItem","position":1,"name":"Home","item":"https:\/\/turijnmagazijn.nl\/fr\/"},{"@type":"ListItem","position":2,"name":"Exp\u00e9dition par bo\u00eete aux lettres"}]},{"@type":"WebSite","@id":"https:\/\/turijnmagazijn.jumpstone-dev.nl\/#website","url":"https:\/\/turijnmagazijn.jumpstone-dev.nl\/","name":"Turijnmagazijn","description":"Onderdelen nieuw en gebruikt - Fiat &amp; Lancia","publisher":{"@id":"https:\/\/turijnmagazijn.jumpstone-dev.nl\/#organization"},"potentialAction":[{"@type":"SearchAction","target":{"@type":"EntryPoint","urlTemplate":"https:\/\/turijnmagazijn.jumpstone-dev.nl\/?s={search_term_string}"},"query-input":{"@type":"PropertyValueSpecification","valueRequired":true,"valueName":"search_term_string"}}],"inLanguage":"fr-FR"},{"@type":"Organization","@id":"https:\/\/turijnmagazijn.jumpstone-dev.nl\/#organization","name":"Turijnmagazijn","url":"https:\/\/turijnmagazijn.jumpstone-dev.nl\/","logo":{"@type":"ImageObject","inLanguage":"fr-FR","@id":"https:\/\/turijnmagazijn.jumpstone-dev.nl\/#\/schema\/logo\/image\/","url":"https:\/\/turijnmagazijn.nl\/wp-content\/uploads\/2021\/02\/turijnmagazijnlogo.png","contentUrl":"https:\/\/turijnmagazijn.nl\/wp-content\/uploads\/2021\/02\/turijnmagazijnlogo.png","width":555,"height":270,"caption":"Turijnmagazijn"},"image":{"@id":"https:\/\/turijnmagazijn.jumpstone-dev.nl\/#\/schema\/logo\/image\/"},"sameAs":["https:\/\/www.facebook.com\/turijnmagazijn"]}]}},"_links":{"self":[{"href":"https:\/\/turijnmagazijn.nl\/fr\/wp-json\/wp\/v2\/pages\/60160","targetHints":{"allow":["GET"]}}],"collection":[{"href":"https:\/\/turijnmagazijn.nl\/fr\/wp-json\/wp\/v2\/pages"}],"about":[{"href":"https:\/\/turijnmagazijn.nl\/fr\/wp-json\/wp\/v2\/types\/page"}],"author":[{"embeddable":true,"href":"https:\/\/turijnmagazijn.nl\/fr\/wp-json\/wp\/v2\/users\/1"}],"replies":[{"embeddable":true,"href":"https:\/\/turijnmagazijn.nl\/fr\/wp-json\/wp\/v2\/comments?post=60160"}],"version-history":[{"count":0,"href":"https:\/\/turijnmagazijn.nl\/fr\/wp-json\/wp\/v2\/pages\/60160\/revisions"}],"wp:attachment":[{"href":"https:\/\/turijnmagazijn.nl\/fr\/wp-json\/wp\/v2\/media?parent=60160"}],"curies":[{"name":"wp","href":"https:\/\/api.w.org\/{rel}","templated":true}]}}