{"id":60162,"date":"2023-03-10T13:54:14","date_gmt":"2023-03-10T12:54:14","guid":{"rendered":"https:\/\/turijnmagazijn.nl\/reparation-poignee-de-porte-lancia-delta-integrale\/"},"modified":"2023-03-27T11:10:42","modified_gmt":"2023-03-27T09:10:42","slug":"reparation-poignee-de-porte-lancia-delta-integrale","status":"publish","type":"page","link":"https:\/\/turijnmagazijn.nl\/fr\/reparation-poignee-de-porte-lancia-delta-integrale\/","title":{"rendered":"R\u00e9paration poign\u00e9e de porte Lancia Delta Integrale"},"content":{"rendered":"\t\t<div data-elementor-type=\"wp-page\" data-elementor-id=\"60162\" class=\"elementor elementor-60162 elementor-16481\" data-elementor-post-type=\"page\">\n\t\t\t\t\t\t<section class=\"elementor-section elementor-top-section elementor-element elementor-element-e21e7d7 elementor-section-boxed elementor-section-height-default elementor-section-height-default\" data-id=\"e21e7d7\" data-element_type=\"section\" data-e-type=\"section\" data-settings=\"{&quot;jet_parallax_layout_list&quot;:[]}\">\n\t\t\t\t\t\t<div class=\"elementor-container elementor-column-gap-no\">\n\t\t\t\t\t<div class=\"elementor-column elementor-col-100 elementor-top-column elementor-element elementor-element-4abbea0\" data-id=\"4abbea0\" data-element_type=\"column\" data-e-type=\"column\">\n\t\t\t<div class=\"elementor-widget-wrap elementor-element-populated\">\n\t\t\t\t\t\t<div class=\"elementor-element elementor-element-ec33548 elementor-widget elementor-widget-heading\" data-id=\"ec33548\" data-element_type=\"widget\" data-e-type=\"widget\" data-widget_type=\"heading.default\">\n\t\t\t\t<div class=\"elementor-widget-container\">\n\t\t\t\t\t<h1 class=\"elementor-heading-title elementor-size-default\">R\u00e9paration poign\u00e9e de porte Lancia Delta Integrale<\/h1>\t\t\t\t<\/div>\n\t\t\t\t<\/div>\n\t\t\t\t<div class=\"elementor-element elementor-element-c783126 elementor-widget elementor-widget-text-editor\" data-id=\"c783126\" data-element_type=\"widget\" data-e-type=\"widget\" data-widget_type=\"text-editor.default\">\n\t\t\t\t<div class=\"elementor-widget-container\">\n\t\t\t\t\t\t\t\t\t<p>Chaque Lancia Delta 1 avec le code de ch\u00e2ssis 831 est \u00e9quip\u00e9e d&rsquo;une poign\u00e9e de porte de conception faible. La poign\u00e9e de porte est constitu\u00e9e d&rsquo;une plaque arri\u00e8re en plastique dans laquelle un levier m\u00e9tallique transmet la transmission de la commande \u00ab ouvert \u00bb \u00e0 la serrure m\u00e9canique de la porte. La partie faible de la construction r\u00e9side dans la poign\u00e9e avec laquelle le mouvement de la main est transf\u00e9r\u00e9 au levier m\u00e9tallique. Cette poign\u00e9e se compose de deux parties, une base en plastique entour\u00e9e d&rsquo;une fine feuille d&rsquo;aluminium, uniquement pour la finition. Les Deltas r\u00e9guliers ont une version chrome\/aluminium poli, et les Integrales ont une finition en aluminium laqu\u00e9 noir.<\/p>\n<p>Au fil du temps, le plastique se dess\u00e8che et le mouvement de la main ne peut plus \u00eatre transf\u00e9r\u00e9 correctement au siphon. Une fois la pi\u00e8ce en plastique se casse, une autre fois l&rsquo;ajustement glisse et il n&rsquo;y a aucun mouvement dans le levier.<\/p>\n<p>Heureusement, il existe une bonne solution disponible dans notre boutique.<\/p>\n<p>La vid\u00e9o du produit ci-dessous montre quelques exemples de poign\u00e9es cass\u00e9es et explique comment notre pi\u00e8ce de r\u00e9paration peut \u00eatre mont\u00e9e.<\/p>\n<p>Il est logiquement recommand\u00e9 de commander un lot de 4 en raison de l&rsquo;aspect uniforme des poign\u00e9es.<\/p>\n<p>Vous trouverez le produit ici:<br \/><a href=\"https:\/\/turijnmagazijn.nl\/product\/portiergreep-reparatiedeel-massief-aluminium-lancia-delta-i-integrale-nieuw\/\">RG00100001 pi\u00e8ce de r\u00e9paration de poign\u00e9e de porte<\/a><\/p>\n\t\t\t\t\t\t\t\t<\/div>\n\t\t\t\t<\/div>\n\t\t\t\t<div class=\"elementor-element elementor-element-2aba890 elementor-widget elementor-widget-video\" data-id=\"2aba890\" data-element_type=\"widget\" data-e-type=\"widget\" data-settings=\"{&quot;video_type&quot;:&quot;vimeo&quot;}\" data-widget_type=\"video.default\">\n\t\t\t\t<div class=\"elementor-widget-container\">\n\t\t\t\t\t\t\t<div class=\"elementor-wrapper elementor-open-inline\">\n\t\t\t<iframe class=\"elementor-video-iframe\" allowfullscreen allow=\"clipboard-write\" title=\"Lecteur vid\u00e9o vimeo\" src=\"https:\/\/player.vimeo.com\/video\/184229956?color&amp;autopause=0&amp;loop=0&amp;muted=0&amp;title=1&amp;portrait=0&amp;byline=0#t=\"><\/iframe>\t\t<\/div>\n\t\t\t\t\t\t<\/div>\n\t\t\t\t<\/div>\n\t\t\t\t\t<\/div>\n\t\t<\/div>\n\t\t\t\t\t<\/div>\n\t\t<\/section>\n\t\t\t\t<\/div>\n\t\t","protected":false},"excerpt":{"rendered":"<p>Chaque Lancia Delta 1 avec le code de ch\u00e2ssis 831 est \u00e9quip\u00e9e d&rsquo;une poign\u00e9e de porte de conception faible. La poign\u00e9e de porte est constitu\u00e9e d&rsquo;une plaque arri\u00e8re en plastique dans laquelle un levier m\u00e9tallique transmet la transmission de la commande \u00ab ouvert \u00bb \u00e0 la serrure m\u00e9canique de la porte. La partie faible de [&hellip;]<\/p>\n","protected":false},"author":1,"featured_media":0,"parent":0,"menu_order":0,"comment_status":"closed","ping_status":"closed","template":"","meta":{"_acf_changed":false,"footnotes":""},"class_list":["post-60162","page","type-page","status-publish","hentry"],"acf":[],"yoast_head":"<!-- This site is optimized with the Yoast SEO plugin v27.2 - https:\/\/yoast.com\/product\/yoast-seo-wordpress\/ -->\n<title>R\u00e9paration poign\u00e9e de porte Lancia Delta Integrale - Turijnmagazijn<\/title>\n<meta name=\"robots\" content=\"index, follow, max-snippet:-1, max-image-preview:large, max-video-preview:-1\" \/>\n<link rel=\"canonical\" href=\"https:\/\/turijnmagazijn.nl\/fr\/reparation-poignee-de-porte-lancia-delta-integrale\/\" \/>\n<meta property=\"og:locale\" content=\"fr_FR\" \/>\n<meta property=\"og:type\" content=\"article\" \/>\n<meta property=\"og:title\" content=\"R\u00e9paration poign\u00e9e de porte Lancia Delta Integrale - Turijnmagazijn\" \/>\n<meta property=\"og:description\" content=\"Chaque Lancia Delta 1 avec le code de ch\u00e2ssis 831 est \u00e9quip\u00e9e d&rsquo;une poign\u00e9e de porte de conception faible. La poign\u00e9e de porte est constitu\u00e9e d&rsquo;une plaque arri\u00e8re en plastique dans laquelle un levier m\u00e9tallique transmet la transmission de la commande \u00ab ouvert \u00bb \u00e0 la serrure m\u00e9canique de la porte. La partie faible de [&hellip;]\" \/>\n<meta property=\"og:url\" content=\"https:\/\/turijnmagazijn.nl\/fr\/reparation-poignee-de-porte-lancia-delta-integrale\/\" \/>\n<meta property=\"og:site_name\" content=\"Turijnmagazijn\" \/>\n<meta property=\"article:publisher\" content=\"https:\/\/www.facebook.com\/turijnmagazijn\" \/>\n<meta property=\"article:modified_time\" content=\"2023-03-27T09:10:42+00:00\" \/>\n<meta name=\"twitter:card\" content=\"summary_large_image\" \/>\n<meta name=\"twitter:label1\" content=\"Dur\u00e9e de lecture estim\u00e9e\" \/>\n\t<meta name=\"twitter:data1\" content=\"1 minute\" \/>\n<script type=\"application\/ld+json\" class=\"yoast-schema-graph\">{\"@context\":\"https:\/\/schema.org\",\"@graph\":[{\"@type\":\"WebPage\",\"@id\":\"https:\/\/turijnmagazijn.nl\/fr\/reparation-poignee-de-porte-lancia-delta-integrale\/\",\"url\":\"https:\/\/turijnmagazijn.nl\/fr\/reparation-poignee-de-porte-lancia-delta-integrale\/\",\"name\":\"R\u00e9paration poign\u00e9e de porte Lancia Delta Integrale - Turijnmagazijn\",\"isPartOf\":{\"@id\":\"https:\/\/turijnmagazijn.jumpstone-dev.nl\/#website\"},\"datePublished\":\"2023-03-10T12:54:14+00:00\",\"dateModified\":\"2023-03-27T09:10:42+00:00\",\"breadcrumb\":{\"@id\":\"https:\/\/turijnmagazijn.nl\/fr\/reparation-poignee-de-porte-lancia-delta-integrale\/#breadcrumb\"},\"inLanguage\":\"fr-FR\",\"potentialAction\":[{\"@type\":\"ReadAction\",\"target\":[\"https:\/\/turijnmagazijn.nl\/fr\/reparation-poignee-de-porte-lancia-delta-integrale\/\"]}]},{\"@type\":\"BreadcrumbList\",\"@id\":\"https:\/\/turijnmagazijn.nl\/fr\/reparation-poignee-de-porte-lancia-delta-integrale\/#breadcrumb\",\"itemListElement\":[{\"@type\":\"ListItem\",\"position\":1,\"name\":\"Home\",\"item\":\"https:\/\/turijnmagazijn.nl\/fr\/\"},{\"@type\":\"ListItem\",\"position\":2,\"name\":\"R\u00e9paration poign\u00e9e de porte Lancia Delta Integrale\"}]},{\"@type\":\"WebSite\",\"@id\":\"https:\/\/turijnmagazijn.jumpstone-dev.nl\/#website\",\"url\":\"https:\/\/turijnmagazijn.jumpstone-dev.nl\/\",\"name\":\"Turijnmagazijn\",\"description\":\"Onderdelen nieuw en gebruikt - Fiat &amp; Lancia\",\"publisher\":{\"@id\":\"https:\/\/turijnmagazijn.jumpstone-dev.nl\/#organization\"},\"potentialAction\":[{\"@type\":\"SearchAction\",\"target\":{\"@type\":\"EntryPoint\",\"urlTemplate\":\"https:\/\/turijnmagazijn.jumpstone-dev.nl\/?s={search_term_string}\"},\"query-input\":{\"@type\":\"PropertyValueSpecification\",\"valueRequired\":true,\"valueName\":\"search_term_string\"}}],\"inLanguage\":\"fr-FR\"},{\"@type\":\"Organization\",\"@id\":\"https:\/\/turijnmagazijn.jumpstone-dev.nl\/#organization\",\"name\":\"Turijnmagazijn\",\"url\":\"https:\/\/turijnmagazijn.jumpstone-dev.nl\/\",\"logo\":{\"@type\":\"ImageObject\",\"inLanguage\":\"fr-FR\",\"@id\":\"https:\/\/turijnmagazijn.jumpstone-dev.nl\/#\/schema\/logo\/image\/\",\"url\":\"https:\/\/turijnmagazijn.nl\/wp-content\/uploads\/2021\/02\/turijnmagazijnlogo.png\",\"contentUrl\":\"https:\/\/turijnmagazijn.nl\/wp-content\/uploads\/2021\/02\/turijnmagazijnlogo.png\",\"width\":555,\"height\":270,\"caption\":\"Turijnmagazijn\"},\"image\":{\"@id\":\"https:\/\/turijnmagazijn.jumpstone-dev.nl\/#\/schema\/logo\/image\/\"},\"sameAs\":[\"https:\/\/www.facebook.com\/turijnmagazijn\"]}]}<\/script>\n<!-- \/ Yoast SEO plugin. -->","yoast_head_json":{"title":"R\u00e9paration poign\u00e9e de porte Lancia Delta Integrale - Turijnmagazijn","robots":{"index":"index","follow":"follow","max-snippet":"max-snippet:-1","max-image-preview":"max-image-preview:large","max-video-preview":"max-video-preview:-1"},"canonical":"https:\/\/turijnmagazijn.nl\/fr\/reparation-poignee-de-porte-lancia-delta-integrale\/","og_locale":"fr_FR","og_type":"article","og_title":"R\u00e9paration poign\u00e9e de porte Lancia Delta Integrale - Turijnmagazijn","og_description":"Chaque Lancia Delta 1 avec le code de ch\u00e2ssis 831 est \u00e9quip\u00e9e d&rsquo;une poign\u00e9e de porte de conception faible. La poign\u00e9e de porte est constitu\u00e9e d&rsquo;une plaque arri\u00e8re en plastique dans laquelle un levier m\u00e9tallique transmet la transmission de la commande \u00ab ouvert \u00bb \u00e0 la serrure m\u00e9canique de la porte. La partie faible de [&hellip;]","og_url":"https:\/\/turijnmagazijn.nl\/fr\/reparation-poignee-de-porte-lancia-delta-integrale\/","og_site_name":"Turijnmagazijn","article_publisher":"https:\/\/www.facebook.com\/turijnmagazijn","article_modified_time":"2023-03-27T09:10:42+00:00","twitter_card":"summary_large_image","twitter_misc":{"Dur\u00e9e de lecture estim\u00e9e":"1 minute"},"schema":{"@context":"https:\/\/schema.org","@graph":[{"@type":"WebPage","@id":"https:\/\/turijnmagazijn.nl\/fr\/reparation-poignee-de-porte-lancia-delta-integrale\/","url":"https:\/\/turijnmagazijn.nl\/fr\/reparation-poignee-de-porte-lancia-delta-integrale\/","name":"R\u00e9paration poign\u00e9e de porte Lancia Delta Integrale - Turijnmagazijn","isPartOf":{"@id":"https:\/\/turijnmagazijn.jumpstone-dev.nl\/#website"},"datePublished":"2023-03-10T12:54:14+00:00","dateModified":"2023-03-27T09:10:42+00:00","breadcrumb":{"@id":"https:\/\/turijnmagazijn.nl\/fr\/reparation-poignee-de-porte-lancia-delta-integrale\/#breadcrumb"},"inLanguage":"fr-FR","potentialAction":[{"@type":"ReadAction","target":["https:\/\/turijnmagazijn.nl\/fr\/reparation-poignee-de-porte-lancia-delta-integrale\/"]}]},{"@type":"BreadcrumbList","@id":"https:\/\/turijnmagazijn.nl\/fr\/reparation-poignee-de-porte-lancia-delta-integrale\/#breadcrumb","itemListElement":[{"@type":"ListItem","position":1,"name":"Home","item":"https:\/\/turijnmagazijn.nl\/fr\/"},{"@type":"ListItem","position":2,"name":"R\u00e9paration poign\u00e9e de porte Lancia Delta Integrale"}]},{"@type":"WebSite","@id":"https:\/\/turijnmagazijn.jumpstone-dev.nl\/#website","url":"https:\/\/turijnmagazijn.jumpstone-dev.nl\/","name":"Turijnmagazijn","description":"Onderdelen nieuw en gebruikt - Fiat &amp; Lancia","publisher":{"@id":"https:\/\/turijnmagazijn.jumpstone-dev.nl\/#organization"},"potentialAction":[{"@type":"SearchAction","target":{"@type":"EntryPoint","urlTemplate":"https:\/\/turijnmagazijn.jumpstone-dev.nl\/?s={search_term_string}"},"query-input":{"@type":"PropertyValueSpecification","valueRequired":true,"valueName":"search_term_string"}}],"inLanguage":"fr-FR"},{"@type":"Organization","@id":"https:\/\/turijnmagazijn.jumpstone-dev.nl\/#organization","name":"Turijnmagazijn","url":"https:\/\/turijnmagazijn.jumpstone-dev.nl\/","logo":{"@type":"ImageObject","inLanguage":"fr-FR","@id":"https:\/\/turijnmagazijn.jumpstone-dev.nl\/#\/schema\/logo\/image\/","url":"https:\/\/turijnmagazijn.nl\/wp-content\/uploads\/2021\/02\/turijnmagazijnlogo.png","contentUrl":"https:\/\/turijnmagazijn.nl\/wp-content\/uploads\/2021\/02\/turijnmagazijnlogo.png","width":555,"height":270,"caption":"Turijnmagazijn"},"image":{"@id":"https:\/\/turijnmagazijn.jumpstone-dev.nl\/#\/schema\/logo\/image\/"},"sameAs":["https:\/\/www.facebook.com\/turijnmagazijn"]}]}},"_links":{"self":[{"href":"https:\/\/turijnmagazijn.nl\/fr\/wp-json\/wp\/v2\/pages\/60162","targetHints":{"allow":["GET"]}}],"collection":[{"href":"https:\/\/turijnmagazijn.nl\/fr\/wp-json\/wp\/v2\/pages"}],"about":[{"href":"https:\/\/turijnmagazijn.nl\/fr\/wp-json\/wp\/v2\/types\/page"}],"author":[{"embeddable":true,"href":"https:\/\/turijnmagazijn.nl\/fr\/wp-json\/wp\/v2\/users\/1"}],"replies":[{"embeddable":true,"href":"https:\/\/turijnmagazijn.nl\/fr\/wp-json\/wp\/v2\/comments?post=60162"}],"version-history":[{"count":0,"href":"https:\/\/turijnmagazijn.nl\/fr\/wp-json\/wp\/v2\/pages\/60162\/revisions"}],"wp:attachment":[{"href":"https:\/\/turijnmagazijn.nl\/fr\/wp-json\/wp\/v2\/media?parent=60162"}],"curies":[{"name":"wp","href":"https:\/\/api.w.org\/{rel}","templated":true}]}}