{"id":60166,"date":"2023-03-10T13:57:11","date_gmt":"2023-03-10T12:57:11","guid":{"rendered":"https:\/\/turijnmagazijn.nl\/reparation-levier-de-vitesse-lancia-kappa\/"},"modified":"2023-03-27T11:23:47","modified_gmt":"2023-03-27T09:23:47","slug":"reparation-levier-de-vitesse-lancia-kappa","status":"publish","type":"page","link":"https:\/\/turijnmagazijn.nl\/fr\/reparation-levier-de-vitesse-lancia-kappa\/","title":{"rendered":"R\u00e9paration levier de vitesse Lancia Kappa"},"content":{"rendered":"\t\t<div data-elementor-type=\"wp-page\" data-elementor-id=\"60166\" class=\"elementor elementor-60166 elementor-16487\" data-elementor-post-type=\"page\">\n\t\t\t\t\t\t<section class=\"elementor-section elementor-top-section elementor-element elementor-element-9b9fadd elementor-section-boxed elementor-section-height-default elementor-section-height-default\" data-id=\"9b9fadd\" data-element_type=\"section\" data-e-type=\"section\" data-settings=\"{&quot;jet_parallax_layout_list&quot;:[]}\">\n\t\t\t\t\t\t<div class=\"elementor-container elementor-column-gap-no\">\n\t\t\t\t\t<div class=\"elementor-column elementor-col-100 elementor-top-column elementor-element elementor-element-2bb7047\" data-id=\"2bb7047\" data-element_type=\"column\" data-e-type=\"column\">\n\t\t\t<div class=\"elementor-widget-wrap elementor-element-populated\">\n\t\t\t\t\t\t<div class=\"elementor-element elementor-element-e4486d5 elementor-widget elementor-widget-heading\" data-id=\"e4486d5\" data-element_type=\"widget\" data-e-type=\"widget\" data-widget_type=\"heading.default\">\n\t\t\t\t<div class=\"elementor-widget-container\">\n\t\t\t\t\t<h1 class=\"elementor-heading-title elementor-size-default\">R\u00e9paration levier de vitesse Lancia Kappa<\/h1>\t\t\t\t<\/div>\n\t\t\t\t<\/div>\n\t\t\t\t<div class=\"elementor-element elementor-element-d9edf80 elementor-widget elementor-widget-text-editor\" data-id=\"d9edf80\" data-element_type=\"widget\" data-e-type=\"widget\" data-widget_type=\"text-editor.default\">\n\t\t\t\t<div class=\"elementor-widget-container\">\n\t\t\t\t\t\t\t\t\t<p>Dans diff\u00e9rentes versions de la Lancia Kappa, le levier de vitesses est recouvert de cuir. Au fil des ans, l&rsquo;impression en relief du motif de changement de vitesse s&rsquo;estompe, ou les coutures du cuir se d\u00e9tachent et la partie en cuir se s\u00e9pare du levier de vitesses.<\/p>\n<p>Un de nos partenaires a d\u00e9velopp\u00e9 une tr\u00e8s bonne solution pour r\u00e9soudre ce probl\u00e8me.<\/p>\n<p>Soit dit en passant, non seulement pour la Lancia Kappa, mais aussi pour diverses autres voitures FCA qui souffrent du m\u00eame probl\u00e8me. Vous trouverez par exemple sur notre site un pommeau de levier de vitesses de remplacement avec sellerie cuir ou Alcantara pour :<\/p>\n<ul>\n<li>Fiat Coup\u00e9<\/li>\n<li>Alfa Romeo 166<\/li>\n<li>Alfa Romeo GTV (code ch\u00e2ssis 916)<\/li>\n<li>Alfa Romeo Spider (code ch\u00e2ssis 916)<\/li>\n<\/ul>\n<p>Un manuel d&rsquo;assemblage pour ces produits se trouve ci-dessous :<\/p>\n<p id=\"tw-target-text\" class=\"tw-data-text tw-text-large tw-ta\" dir=\"ltr\" data-placeholder=\"Vertaling\"><strong><span class=\"Y2IQFc\" lang=\"nl\">M\u00e9thode d&rsquo;installation (mod\u00e8les \u00e0 train descendant)<\/span><\/strong><\/p>\n<ol>\n<li dir=\"ltr\" data-placeholder=\"Vertaling\">D\u00e9gagez le brevet de la jupe de changement de vitesse et retirez-le compl\u00e8tement du levier de vitesses.<\/li>\n<li dir=\"ltr\" data-placeholder=\"Vertaling\">Tirez sur le bouton bascule pr\u00e9c\u00e9dent. Il est tr\u00e8s important que vous ne tourniez pas le pommeau de vitesse lors du retrait ou de l&rsquo;installation, car cela pourrait l&rsquo;endommager !<\/li>\n<li dir=\"ltr\" data-placeholder=\"Vertaling\">L&rsquo;extr\u00e9mit\u00e9 de la tige a un bord saillant, qui d\u00e9termine la position du pommeau de vitesse et ajuste la conception interne du pommeau de vitesse<br \/>sur ce. Habituellement, le pommeau de vitesse n&rsquo;est pas coll\u00e9 \u00e0 la tige, il suffit donc de tirer le pr\u00e9c\u00e9dent vers le haut avec une force suffisante.<br \/>Si vous rencontrez des difficult\u00e9s pour retirer le bouton pr\u00e9c\u00e9dent, vous pourrez peut-\u00eatre cr\u00e9er une fourchette par le bas (\u00e0 l&rsquo;aide d&rsquo;une pince, par exemple) et appuyer sur cette fourchette (pince) pour faire sortir le bouton de changement de vitesse.<\/li>\n<li dir=\"ltr\" data-placeholder=\"Vertaling\">Assurez-vous que le pommeau de vitesse est dans le bon sens. De m\u00eame, poussez le nouveau pommeau de vitesse sur la tige dans le bon sens. Vous le sentirez en place lorsqu&rsquo;il s&rsquo;enclenchera. \u00c9vitez d&rsquo;utiliser des outils ou un marteau lors de l&rsquo;assemblage car cela pourrait endommager le bouton.<\/li>\n<li dir=\"ltr\" data-placeholder=\"Vertaling\">Lorsque le nouveau bouton de l&rsquo;interrupteur est en place, tirez le haut de l&rsquo;interrupteur et rattachez le brevet dans le renfoncement d\u00e9sign\u00e9 au bas du bouton.<\/li>\n<\/ol>\n<p><strong>M\u00e9thode d&rsquo;installation &#8211; Mod\u00e8les invers\u00e9s pull-up<\/strong><\/p>\n<ol>\n<li>Retirez le pommeau de levier de vitesses pr\u00e9c\u00e9dent et retirez tout r\u00e9sidu d&rsquo;adh\u00e9sif du levier de vitesses. L&rsquo;extr\u00e9mit\u00e9 de la tige a une surface nervur\u00e9e verticalement. Le diam\u00e8tre de la tige est de 10 mm. Si vous rencontrez des difficult\u00e9s pour retirer le bouton pr\u00e9c\u00e9dent, vous pourrez peut-\u00eatre cr\u00e9er une fourchette par le bas (\u00e0 l&rsquo;aide d&rsquo;une pince, par exemple) et appuyer sur cette fourchette (pince) pour faire sortir le bouton de changement de vitesse. <br \/><strong>Remarque:<\/strong> Il y a un petit ressort h\u00e9lico\u00efdal sous le levier de vitesses qui assure le bon fonctionnement du syst\u00e8me de traction. Assurez-vous de le remettre en place avant de monter le nouveau pommeau de vitesse !<\/li>\n<li>La surface de connexion du nouveau bouton est \u00e9galement nervur\u00e9e \u00e0 l&rsquo;int\u00e9rieur et en mat\u00e9riau souple. Enduisez l\u00e9g\u00e8rement les deux surfaces avec un adh\u00e9sif flexible (par exemple Palmatex, adh\u00e9sif plastique UHU, etc.)<\/li>\n<li>Placez le pommeau de levier de vitesses sur le manche et assurez-vous que le pommeau de levier de vitesses est dans la bonne direction. <strong>Il est tr\u00e8s important que vous ne tourniez pas le pommeau de vitesse lors du retrait ou de l&rsquo;installation, car cela pourrait l&rsquo;endommager ! Poussez le pommeau de levier de vitesses vers le bas avec une grande force et poussez-le aussi loin que possible jusqu&rsquo;\u00e0 ce qu&rsquo;il s&rsquo;arr\u00eate. \u00c9vitez \u00e9galement d&rsquo;utiliser des outils ou un marteau lors de l&rsquo;assemblage car cela pourrait endommager le bouton.<\/strong><\/li>\n<\/ol>\n\t\t\t\t\t\t\t\t<\/div>\n\t\t\t\t<\/div>\n\t\t\t\t<div class=\"elementor-element elementor-element-297e39f elementor-widget elementor-widget-gallery\" data-id=\"297e39f\" data-element_type=\"widget\" data-e-type=\"widget\" data-settings=\"{&quot;columns&quot;:3,&quot;columns_tablet&quot;:3,&quot;columns_mobile&quot;:3,&quot;gap&quot;:{&quot;unit&quot;:&quot;px&quot;,&quot;size&quot;:20,&quot;sizes&quot;:[]},&quot;aspect_ratio&quot;:&quot;1:1&quot;,&quot;gallery_layout&quot;:&quot;grid&quot;,&quot;gap_tablet&quot;:{&quot;unit&quot;:&quot;px&quot;,&quot;size&quot;:10,&quot;sizes&quot;:[]},&quot;gap_mobile&quot;:{&quot;unit&quot;:&quot;px&quot;,&quot;size&quot;:10,&quot;sizes&quot;:[]},&quot;link_to&quot;:&quot;file&quot;,&quot;overlay_background&quot;:&quot;yes&quot;,&quot;content_hover_animation&quot;:&quot;fade-in&quot;}\" data-widget_type=\"gallery.default\">\n\t\t\t\t<div class=\"elementor-widget-container\">\n\t\t\t\t\t\t\t<div class=\"elementor-gallery__container\">\n\t\t\t\t\t\t\t<a class=\"e-gallery-item elementor-gallery-item elementor-animated-content\" href=\"https:\/\/turijnmagazijn.nl\/wp-content\/uploads\/2023\/03\/versnellingspook-1.jpeg\" data-elementor-open-lightbox=\"yes\" data-elementor-lightbox-slideshow=\"297e39f\" data-e-action-hash=\"#elementor-action%3Aaction%3Dlightbox%26settings%3DeyJpZCI6MTY0ODksInVybCI6Imh0dHBzOlwvXC90dXJpam5tYWdhemlqbi5ubFwvd3AtY29udGVudFwvdXBsb2Fkc1wvMjAyM1wvMDNcL3ZlcnNuZWxsaW5nc3Bvb2stMS5qcGVnIiwic2xpZGVzaG93IjoiMjk3ZTM5ZiJ9\">\n\t\t\t\t\t<div class=\"e-gallery-image elementor-gallery-item__image\" data-thumbnail=\"https:\/\/turijnmagazijn.nl\/wp-content\/uploads\/2023\/03\/versnellingspook-1.jpeg\" data-width=\"800\" data-height=\"450\" aria-label=\"\" role=\"img\" ><\/div>\n\t\t\t\t\t\t\t\t\t\t\t<div class=\"elementor-gallery-item__overlay\"><\/div>\n\t\t\t\t\t\t\t\t\t\t\t\t\t\t<\/a>\n\t\t\t\t\t\t\t<a class=\"e-gallery-item elementor-gallery-item elementor-animated-content\" href=\"https:\/\/turijnmagazijn.nl\/wp-content\/uploads\/2023\/03\/versnellingspook-2.png\" data-elementor-open-lightbox=\"yes\" data-elementor-lightbox-slideshow=\"297e39f\" data-e-action-hash=\"#elementor-action%3Aaction%3Dlightbox%26settings%3DeyJpZCI6MTY0OTAsInVybCI6Imh0dHBzOlwvXC90dXJpam5tYWdhemlqbi5ubFwvd3AtY29udGVudFwvdXBsb2Fkc1wvMjAyM1wvMDNcL3ZlcnNuZWxsaW5nc3Bvb2stMi5wbmciLCJzbGlkZXNob3ciOiIyOTdlMzlmIn0%3D\">\n\t\t\t\t\t<div class=\"e-gallery-image elementor-gallery-item__image\" data-thumbnail=\"https:\/\/turijnmagazijn.nl\/wp-content\/uploads\/2023\/03\/versnellingspook-2.png\" data-width=\"291\" data-height=\"300\" aria-label=\"\" role=\"img\" ><\/div>\n\t\t\t\t\t\t\t\t\t\t\t<div class=\"elementor-gallery-item__overlay\"><\/div>\n\t\t\t\t\t\t\t\t\t\t\t\t\t\t<\/a>\n\t\t\t\t\t\t\t<a class=\"e-gallery-item elementor-gallery-item elementor-animated-content\" href=\"https:\/\/turijnmagazijn.nl\/wp-content\/uploads\/2023\/03\/versnellingspook-3.png\" data-elementor-open-lightbox=\"yes\" data-elementor-lightbox-slideshow=\"297e39f\" data-e-action-hash=\"#elementor-action%3Aaction%3Dlightbox%26settings%3DeyJpZCI6MTY0OTEsInVybCI6Imh0dHBzOlwvXC90dXJpam5tYWdhemlqbi5ubFwvd3AtY29udGVudFwvdXBsb2Fkc1wvMjAyM1wvMDNcL3ZlcnNuZWxsaW5nc3Bvb2stMy5wbmciLCJzbGlkZXNob3ciOiIyOTdlMzlmIn0%3D\">\n\t\t\t\t\t<div class=\"e-gallery-image elementor-gallery-item__image\" data-thumbnail=\"https:\/\/turijnmagazijn.nl\/wp-content\/uploads\/2023\/03\/versnellingspook-3.png\" data-width=\"292\" data-height=\"300\" aria-label=\"\" role=\"img\" ><\/div>\n\t\t\t\t\t\t\t\t\t\t\t<div class=\"elementor-gallery-item__overlay\"><\/div>\n\t\t\t\t\t\t\t\t\t\t\t\t\t\t<\/a>\n\t\t\t\t\t<\/div>\n\t\t\t\t\t<\/div>\n\t\t\t\t<\/div>\n\t\t\t\t\t<\/div>\n\t\t<\/div>\n\t\t\t\t\t<\/div>\n\t\t<\/section>\n\t\t\t\t<\/div>\n\t\t","protected":false},"excerpt":{"rendered":"<p>Dans diff\u00e9rentes versions de la Lancia Kappa, le levier de vitesses est recouvert de cuir. Au fil des ans, l&rsquo;impression en relief du motif de changement de vitesse s&rsquo;estompe, ou les coutures du cuir se d\u00e9tachent et la partie en cuir se s\u00e9pare du levier de vitesses. Un de nos partenaires a d\u00e9velopp\u00e9 une tr\u00e8s [&hellip;]<\/p>\n","protected":false},"author":1,"featured_media":0,"parent":0,"menu_order":0,"comment_status":"closed","ping_status":"closed","template":"","meta":{"_acf_changed":false,"footnotes":""},"class_list":["post-60166","page","type-page","status-publish","hentry"],"acf":[],"yoast_head":"<!-- This site is optimized with the Yoast SEO plugin v27.3 - https:\/\/yoast.com\/product\/yoast-seo-wordpress\/ -->\n<title>R\u00e9paration levier de vitesse Lancia Kappa - Turijnmagazijn<\/title>\n<meta name=\"robots\" content=\"index, follow, max-snippet:-1, max-image-preview:large, max-video-preview:-1\" \/>\n<link rel=\"canonical\" href=\"https:\/\/turijnmagazijn.nl\/fr\/reparation-levier-de-vitesse-lancia-kappa\/\" \/>\n<meta property=\"og:locale\" content=\"fr_FR\" \/>\n<meta property=\"og:type\" content=\"article\" \/>\n<meta property=\"og:title\" content=\"R\u00e9paration levier de vitesse Lancia Kappa - Turijnmagazijn\" \/>\n<meta property=\"og:description\" content=\"Dans diff\u00e9rentes versions de la Lancia Kappa, le levier de vitesses est recouvert de cuir. Au fil des ans, l&rsquo;impression en relief du motif de changement de vitesse s&rsquo;estompe, ou les coutures du cuir se d\u00e9tachent et la partie en cuir se s\u00e9pare du levier de vitesses. Un de nos partenaires a d\u00e9velopp\u00e9 une tr\u00e8s [&hellip;]\" \/>\n<meta property=\"og:url\" content=\"https:\/\/turijnmagazijn.nl\/fr\/reparation-levier-de-vitesse-lancia-kappa\/\" \/>\n<meta property=\"og:site_name\" content=\"Turijnmagazijn\" \/>\n<meta property=\"article:publisher\" content=\"https:\/\/www.facebook.com\/turijnmagazijn\" \/>\n<meta property=\"article:modified_time\" content=\"2023-03-27T09:23:47+00:00\" \/>\n<meta name=\"twitter:card\" content=\"summary_large_image\" \/>\n<meta name=\"twitter:label1\" content=\"Dur\u00e9e de lecture estim\u00e9e\" \/>\n\t<meta name=\"twitter:data1\" content=\"3 minutes\" \/>\n<script type=\"application\/ld+json\" class=\"yoast-schema-graph\">{\"@context\":\"https:\\\/\\\/schema.org\",\"@graph\":[{\"@type\":\"WebPage\",\"@id\":\"https:\\\/\\\/turijnmagazijn.nl\\\/fr\\\/reparation-levier-de-vitesse-lancia-kappa\\\/\",\"url\":\"https:\\\/\\\/turijnmagazijn.nl\\\/fr\\\/reparation-levier-de-vitesse-lancia-kappa\\\/\",\"name\":\"R\u00e9paration levier de vitesse Lancia Kappa - Turijnmagazijn\",\"isPartOf\":{\"@id\":\"https:\\\/\\\/turijnmagazijn.jumpstone-dev.nl\\\/#website\"},\"datePublished\":\"2023-03-10T12:57:11+00:00\",\"dateModified\":\"2023-03-27T09:23:47+00:00\",\"breadcrumb\":{\"@id\":\"https:\\\/\\\/turijnmagazijn.nl\\\/fr\\\/reparation-levier-de-vitesse-lancia-kappa\\\/#breadcrumb\"},\"inLanguage\":\"fr-FR\",\"potentialAction\":[{\"@type\":\"ReadAction\",\"target\":[\"https:\\\/\\\/turijnmagazijn.nl\\\/fr\\\/reparation-levier-de-vitesse-lancia-kappa\\\/\"]}]},{\"@type\":\"BreadcrumbList\",\"@id\":\"https:\\\/\\\/turijnmagazijn.nl\\\/fr\\\/reparation-levier-de-vitesse-lancia-kappa\\\/#breadcrumb\",\"itemListElement\":[{\"@type\":\"ListItem\",\"position\":1,\"name\":\"Home\",\"item\":\"https:\\\/\\\/turijnmagazijn.nl\\\/fr\\\/\"},{\"@type\":\"ListItem\",\"position\":2,\"name\":\"R\u00e9paration levier de vitesse Lancia Kappa\"}]},{\"@type\":\"WebSite\",\"@id\":\"https:\\\/\\\/turijnmagazijn.jumpstone-dev.nl\\\/#website\",\"url\":\"https:\\\/\\\/turijnmagazijn.jumpstone-dev.nl\\\/\",\"name\":\"Turijnmagazijn\",\"description\":\"Onderdelen nieuw en gebruikt - Fiat &amp; Lancia\",\"publisher\":{\"@id\":\"https:\\\/\\\/turijnmagazijn.jumpstone-dev.nl\\\/#organization\"},\"potentialAction\":[{\"@type\":\"SearchAction\",\"target\":{\"@type\":\"EntryPoint\",\"urlTemplate\":\"https:\\\/\\\/turijnmagazijn.jumpstone-dev.nl\\\/?s={search_term_string}\"},\"query-input\":{\"@type\":\"PropertyValueSpecification\",\"valueRequired\":true,\"valueName\":\"search_term_string\"}}],\"inLanguage\":\"fr-FR\"},{\"@type\":\"Organization\",\"@id\":\"https:\\\/\\\/turijnmagazijn.jumpstone-dev.nl\\\/#organization\",\"name\":\"Turijnmagazijn\",\"url\":\"https:\\\/\\\/turijnmagazijn.jumpstone-dev.nl\\\/\",\"logo\":{\"@type\":\"ImageObject\",\"inLanguage\":\"fr-FR\",\"@id\":\"https:\\\/\\\/turijnmagazijn.jumpstone-dev.nl\\\/#\\\/schema\\\/logo\\\/image\\\/\",\"url\":\"https:\\\/\\\/turijnmagazijn.nl\\\/wp-content\\\/uploads\\\/2021\\\/02\\\/turijnmagazijnlogo.png\",\"contentUrl\":\"https:\\\/\\\/turijnmagazijn.nl\\\/wp-content\\\/uploads\\\/2021\\\/02\\\/turijnmagazijnlogo.png\",\"width\":555,\"height\":270,\"caption\":\"Turijnmagazijn\"},\"image\":{\"@id\":\"https:\\\/\\\/turijnmagazijn.jumpstone-dev.nl\\\/#\\\/schema\\\/logo\\\/image\\\/\"},\"sameAs\":[\"https:\\\/\\\/www.facebook.com\\\/turijnmagazijn\"]}]}<\/script>\n<!-- \/ Yoast SEO plugin. -->","yoast_head_json":{"title":"R\u00e9paration levier de vitesse Lancia Kappa - Turijnmagazijn","robots":{"index":"index","follow":"follow","max-snippet":"max-snippet:-1","max-image-preview":"max-image-preview:large","max-video-preview":"max-video-preview:-1"},"canonical":"https:\/\/turijnmagazijn.nl\/fr\/reparation-levier-de-vitesse-lancia-kappa\/","og_locale":"fr_FR","og_type":"article","og_title":"R\u00e9paration levier de vitesse Lancia Kappa - Turijnmagazijn","og_description":"Dans diff\u00e9rentes versions de la Lancia Kappa, le levier de vitesses est recouvert de cuir. Au fil des ans, l&rsquo;impression en relief du motif de changement de vitesse s&rsquo;estompe, ou les coutures du cuir se d\u00e9tachent et la partie en cuir se s\u00e9pare du levier de vitesses. Un de nos partenaires a d\u00e9velopp\u00e9 une tr\u00e8s [&hellip;]","og_url":"https:\/\/turijnmagazijn.nl\/fr\/reparation-levier-de-vitesse-lancia-kappa\/","og_site_name":"Turijnmagazijn","article_publisher":"https:\/\/www.facebook.com\/turijnmagazijn","article_modified_time":"2023-03-27T09:23:47+00:00","twitter_card":"summary_large_image","twitter_misc":{"Dur\u00e9e de lecture estim\u00e9e":"3 minutes"},"schema":{"@context":"https:\/\/schema.org","@graph":[{"@type":"WebPage","@id":"https:\/\/turijnmagazijn.nl\/fr\/reparation-levier-de-vitesse-lancia-kappa\/","url":"https:\/\/turijnmagazijn.nl\/fr\/reparation-levier-de-vitesse-lancia-kappa\/","name":"R\u00e9paration levier de vitesse Lancia Kappa - Turijnmagazijn","isPartOf":{"@id":"https:\/\/turijnmagazijn.jumpstone-dev.nl\/#website"},"datePublished":"2023-03-10T12:57:11+00:00","dateModified":"2023-03-27T09:23:47+00:00","breadcrumb":{"@id":"https:\/\/turijnmagazijn.nl\/fr\/reparation-levier-de-vitesse-lancia-kappa\/#breadcrumb"},"inLanguage":"fr-FR","potentialAction":[{"@type":"ReadAction","target":["https:\/\/turijnmagazijn.nl\/fr\/reparation-levier-de-vitesse-lancia-kappa\/"]}]},{"@type":"BreadcrumbList","@id":"https:\/\/turijnmagazijn.nl\/fr\/reparation-levier-de-vitesse-lancia-kappa\/#breadcrumb","itemListElement":[{"@type":"ListItem","position":1,"name":"Home","item":"https:\/\/turijnmagazijn.nl\/fr\/"},{"@type":"ListItem","position":2,"name":"R\u00e9paration levier de vitesse Lancia Kappa"}]},{"@type":"WebSite","@id":"https:\/\/turijnmagazijn.jumpstone-dev.nl\/#website","url":"https:\/\/turijnmagazijn.jumpstone-dev.nl\/","name":"Turijnmagazijn","description":"Onderdelen nieuw en gebruikt - Fiat &amp; Lancia","publisher":{"@id":"https:\/\/turijnmagazijn.jumpstone-dev.nl\/#organization"},"potentialAction":[{"@type":"SearchAction","target":{"@type":"EntryPoint","urlTemplate":"https:\/\/turijnmagazijn.jumpstone-dev.nl\/?s={search_term_string}"},"query-input":{"@type":"PropertyValueSpecification","valueRequired":true,"valueName":"search_term_string"}}],"inLanguage":"fr-FR"},{"@type":"Organization","@id":"https:\/\/turijnmagazijn.jumpstone-dev.nl\/#organization","name":"Turijnmagazijn","url":"https:\/\/turijnmagazijn.jumpstone-dev.nl\/","logo":{"@type":"ImageObject","inLanguage":"fr-FR","@id":"https:\/\/turijnmagazijn.jumpstone-dev.nl\/#\/schema\/logo\/image\/","url":"https:\/\/turijnmagazijn.nl\/wp-content\/uploads\/2021\/02\/turijnmagazijnlogo.png","contentUrl":"https:\/\/turijnmagazijn.nl\/wp-content\/uploads\/2021\/02\/turijnmagazijnlogo.png","width":555,"height":270,"caption":"Turijnmagazijn"},"image":{"@id":"https:\/\/turijnmagazijn.jumpstone-dev.nl\/#\/schema\/logo\/image\/"},"sameAs":["https:\/\/www.facebook.com\/turijnmagazijn"]}]}},"_links":{"self":[{"href":"https:\/\/turijnmagazijn.nl\/fr\/wp-json\/wp\/v2\/pages\/60166","targetHints":{"allow":["GET"]}}],"collection":[{"href":"https:\/\/turijnmagazijn.nl\/fr\/wp-json\/wp\/v2\/pages"}],"about":[{"href":"https:\/\/turijnmagazijn.nl\/fr\/wp-json\/wp\/v2\/types\/page"}],"author":[{"embeddable":true,"href":"https:\/\/turijnmagazijn.nl\/fr\/wp-json\/wp\/v2\/users\/1"}],"replies":[{"embeddable":true,"href":"https:\/\/turijnmagazijn.nl\/fr\/wp-json\/wp\/v2\/comments?post=60166"}],"version-history":[{"count":0,"href":"https:\/\/turijnmagazijn.nl\/fr\/wp-json\/wp\/v2\/pages\/60166\/revisions"}],"wp:attachment":[{"href":"https:\/\/turijnmagazijn.nl\/fr\/wp-json\/wp\/v2\/media?parent=60166"}],"curies":[{"name":"wp","href":"https:\/\/api.w.org\/{rel}","templated":true}]}}