{"id":60268,"date":"2023-03-10T20:40:15","date_gmt":"2023-03-10T19:40:15","guid":{"rendered":"https:\/\/turijnmagazijn.nl\/product\/douille-de-guidage-point-de-pivot-de-siege-arriere-lancia-delta-integrale-imitation-set-2-pcs\/"},"modified":"2025-05-30T11:16:03","modified_gmt":"2025-05-30T09:16:03","slug":"bus-guide-backseat-pivot-lancia-delta-integral-imitation-set-2-st","status":"publish","type":"product","link":"https:\/\/turijnmagazijn.nl\/fr\/produit\/bus-guide-backseat-pivot-lancia-delta-integral-imitation-set-2-st\/","title":{"rendered":"Douille de guidage Point de pivot de si\u00e8ge arri\u00e8re Lancia Delta Integrale IMITATION set 2 pcs."},"content":{"rendered":"<p>Jeu de 2 douilles de guidage imitation neuves pour montage sur le point pivot de la banquette arri\u00e8re. Normalement, il y a un manchon en plastique gris sur le point de suspension central plaqu\u00e9 or du si\u00e8ge arri\u00e8re pour Lancia Delta HF Integrale. Convient \u00e0 tous les types Delta avec si\u00e8ges arri\u00e8re rabattables divis\u00e9s. Cette douille remplace parfaitement celle d&rsquo;origine et assure un mouvement de rotation serr\u00e9 sans bruit m\u00e9tallique. Le bus est fait de plastique moul\u00e9, pas d&rsquo;une impression 3d. Voir exemple applicable aux photos jointes. OEM LANCIA 82362680 (r\u00e9f\u00e9rence uniquement, pi\u00e8ce imitation)<\/p>\n","protected":false},"excerpt":{"rendered":"<p>Jeu de 2 douilles de guidage imitation neuves pour montage sur le point pivot de la banquette arri\u00e8re. Normalement, il y a un manchon en plastique gris sur le point de suspension central plaqu\u00e9 or du si\u00e8ge arri\u00e8re pour Lancia Delta HF Integrale. Convient \u00e0 tous les types Delta avec si\u00e8ges arri\u00e8re rabattables divis\u00e9s.<\/p>\n","protected":false},"featured_media":58563,"comment_status":"closed","ping_status":"closed","template":"","meta":{"_acf_changed":false},"product_brand":[],"product_cat":[1809,1806,1819,1821,1825,1836,1830,1838,1798],"product_tag":[],"class_list":{"0":"post-60268","1":"product","2":"type-product","3":"status-publish","4":"has-post-thumbnail","6":"product_cat-1-1-1-3-1-5-fr","7":"product_cat-delta-1-831-fr","8":"product_cat-gt-i-e-fr","9":"product_cat-hf-4wd-fr","10":"product_cat-hf-turbo-fr","11":"product_cat-integrale-16v-fr","12":"product_cat-integrale-8v-fr","13":"product_cat-integrale-evo-fr","14":"product_cat-lancia-fr","15":"pa_soort-onderdeel-interieur-et-sellerie","17":"first","18":"instock","19":"taxable","20":"shipping-taxable","21":"purchasable","22":"product-type-simple"},"acf":[],"yoast_head":"<!-- This site is optimized with the Yoast SEO plugin v27.2 - https:\/\/yoast.com\/product\/yoast-seo-wordpress\/ -->\n<title>Douille de guidage Point de pivot de si\u00e8ge arri\u00e8re Lancia Delta Integrale IMITATION set 2 pcs. - Turijnmagazijn<\/title>\n<meta name=\"robots\" content=\"index, follow, max-snippet:-1, max-image-preview:large, max-video-preview:-1\" \/>\n<link rel=\"canonical\" href=\"https:\/\/turijnmagazijn.nl\/fr\/produit\/bus-guide-backseat-pivot-lancia-delta-integral-imitation-set-2-st\/\" \/>\n<meta property=\"og:locale\" content=\"fr_FR\" \/>\n<meta property=\"og:type\" content=\"article\" \/>\n<meta property=\"og:title\" content=\"Douille de guidage Point de pivot de si\u00e8ge arri\u00e8re Lancia Delta Integrale IMITATION set 2 pcs. - Turijnmagazijn\" \/>\n<meta property=\"og:description\" content=\"Jeu de 2 douilles de guidage imitation neuves pour montage sur le point pivot de la banquette arri\u00e8re. Normalement, il y a un manchon en plastique gris sur le point de suspension central plaqu\u00e9 or du si\u00e8ge arri\u00e8re pour Lancia Delta HF Integrale. Convient \u00e0 tous les types Delta avec si\u00e8ges arri\u00e8re rabattables divis\u00e9s.\" \/>\n<meta property=\"og:url\" content=\"https:\/\/turijnmagazijn.nl\/fr\/produit\/bus-guide-backseat-pivot-lancia-delta-integral-imitation-set-2-st\/\" \/>\n<meta property=\"og:site_name\" content=\"Turijnmagazijn\" \/>\n<meta property=\"article:publisher\" content=\"https:\/\/www.facebook.com\/turijnmagazijn\" \/>\n<meta property=\"article:modified_time\" content=\"2025-05-30T09:16:03+00:00\" \/>\n<meta property=\"og:image\" content=\"https:\/\/turijnmagazijn.nl\/wp-content\/uploads\/2023\/03\/DN0100300-Geleide-bus-2-st-achterbank-draaipunt-Lancia-Delta-Intgrale-82362680-IMITATIE-1.jpg\" \/>\n\t<meta property=\"og:image:width\" content=\"1024\" \/>\n\t<meta property=\"og:image:height\" content=\"768\" \/>\n\t<meta property=\"og:image:type\" content=\"image\/jpeg\" \/>\n<meta name=\"twitter:card\" content=\"summary_large_image\" \/>\n<meta name=\"twitter:label1\" content=\"Dur\u00e9e de lecture estim\u00e9e\" \/>\n\t<meta name=\"twitter:data1\" content=\"1 minute\" \/>\n<script type=\"application\/ld+json\" class=\"yoast-schema-graph\">{\"@context\":\"https:\/\/schema.org\",\"@graph\":[{\"@type\":\"WebPage\",\"@id\":\"https:\/\/turijnmagazijn.nl\/fr\/produit\/bus-guide-backseat-pivot-lancia-delta-integral-imitation-set-2-st\/\",\"url\":\"https:\/\/turijnmagazijn.nl\/fr\/produit\/bus-guide-backseat-pivot-lancia-delta-integral-imitation-set-2-st\/\",\"name\":\"Douille de guidage Point de pivot de si\u00e8ge arri\u00e8re Lancia Delta Integrale IMITATION set 2 pcs. - Turijnmagazijn\",\"isPartOf\":{\"@id\":\"https:\/\/turijnmagazijn.jumpstone-dev.nl\/#website\"},\"primaryImageOfPage\":{\"@id\":\"https:\/\/turijnmagazijn.nl\/fr\/produit\/bus-guide-backseat-pivot-lancia-delta-integral-imitation-set-2-st\/#primaryimage\"},\"image\":{\"@id\":\"https:\/\/turijnmagazijn.nl\/fr\/produit\/bus-guide-backseat-pivot-lancia-delta-integral-imitation-set-2-st\/#primaryimage\"},\"thumbnailUrl\":\"https:\/\/turijnmagazijn.nl\/wp-content\/uploads\/2023\/03\/DN0100300-Geleide-bus-2-st-achterbank-draaipunt-Lancia-Delta-Intgrale-82362680-IMITATIE-1.jpg\",\"datePublished\":\"2023-03-10T19:40:15+00:00\",\"dateModified\":\"2025-05-30T09:16:03+00:00\",\"breadcrumb\":{\"@id\":\"https:\/\/turijnmagazijn.nl\/fr\/produit\/bus-guide-backseat-pivot-lancia-delta-integral-imitation-set-2-st\/#breadcrumb\"},\"inLanguage\":\"fr-FR\",\"potentialAction\":[{\"@type\":\"ReadAction\",\"target\":[\"https:\/\/turijnmagazijn.nl\/fr\/produit\/bus-guide-backseat-pivot-lancia-delta-integral-imitation-set-2-st\/\"]}]},{\"@type\":\"ImageObject\",\"inLanguage\":\"fr-FR\",\"@id\":\"https:\/\/turijnmagazijn.nl\/fr\/produit\/bus-guide-backseat-pivot-lancia-delta-integral-imitation-set-2-st\/#primaryimage\",\"url\":\"https:\/\/turijnmagazijn.nl\/wp-content\/uploads\/2023\/03\/DN0100300-Geleide-bus-2-st-achterbank-draaipunt-Lancia-Delta-Intgrale-82362680-IMITATIE-1.jpg\",\"contentUrl\":\"https:\/\/turijnmagazijn.nl\/wp-content\/uploads\/2023\/03\/DN0100300-Geleide-bus-2-st-achterbank-draaipunt-Lancia-Delta-Intgrale-82362680-IMITATIE-1.jpg\",\"width\":1024,\"height\":768},{\"@type\":\"BreadcrumbList\",\"@id\":\"https:\/\/turijnmagazijn.nl\/fr\/produit\/bus-guide-backseat-pivot-lancia-delta-integral-imitation-set-2-st\/#breadcrumb\",\"itemListElement\":[{\"@type\":\"ListItem\",\"position\":1,\"name\":\"Home\",\"item\":\"https:\/\/turijnmagazijn.jumpstone-dev.nl\/\"},{\"@type\":\"ListItem\",\"position\":2,\"name\":\"Produits\",\"item\":\"https:\/\/turijnmagazijn.nl\/fr\/shop\/\"},{\"@type\":\"ListItem\",\"position\":3,\"name\":\"Douille de guidage Point de pivot de si\u00e8ge arri\u00e8re Lancia Delta Integrale IMITATION set 2 pcs.\"}]},{\"@type\":\"WebSite\",\"@id\":\"https:\/\/turijnmagazijn.jumpstone-dev.nl\/#website\",\"url\":\"https:\/\/turijnmagazijn.jumpstone-dev.nl\/\",\"name\":\"Turijnmagazijn\",\"description\":\"Onderdelen nieuw en gebruikt - Fiat &amp; Lancia\",\"publisher\":{\"@id\":\"https:\/\/turijnmagazijn.jumpstone-dev.nl\/#organization\"},\"potentialAction\":[{\"@type\":\"SearchAction\",\"target\":{\"@type\":\"EntryPoint\",\"urlTemplate\":\"https:\/\/turijnmagazijn.jumpstone-dev.nl\/?s={search_term_string}\"},\"query-input\":{\"@type\":\"PropertyValueSpecification\",\"valueRequired\":true,\"valueName\":\"search_term_string\"}}],\"inLanguage\":\"fr-FR\"},{\"@type\":\"Organization\",\"@id\":\"https:\/\/turijnmagazijn.jumpstone-dev.nl\/#organization\",\"name\":\"Turijnmagazijn\",\"url\":\"https:\/\/turijnmagazijn.jumpstone-dev.nl\/\",\"logo\":{\"@type\":\"ImageObject\",\"inLanguage\":\"fr-FR\",\"@id\":\"https:\/\/turijnmagazijn.jumpstone-dev.nl\/#\/schema\/logo\/image\/\",\"url\":\"https:\/\/turijnmagazijn.nl\/wp-content\/uploads\/2021\/02\/turijnmagazijnlogo.png\",\"contentUrl\":\"https:\/\/turijnmagazijn.nl\/wp-content\/uploads\/2021\/02\/turijnmagazijnlogo.png\",\"width\":555,\"height\":270,\"caption\":\"Turijnmagazijn\"},\"image\":{\"@id\":\"https:\/\/turijnmagazijn.jumpstone-dev.nl\/#\/schema\/logo\/image\/\"},\"sameAs\":[\"https:\/\/www.facebook.com\/turijnmagazijn\"]}]}<\/script>\n<!-- \/ Yoast SEO plugin. -->","yoast_head_json":{"title":"Douille de guidage Point de pivot de si\u00e8ge arri\u00e8re Lancia Delta Integrale IMITATION set 2 pcs. - Turijnmagazijn","robots":{"index":"index","follow":"follow","max-snippet":"max-snippet:-1","max-image-preview":"max-image-preview:large","max-video-preview":"max-video-preview:-1"},"canonical":"https:\/\/turijnmagazijn.nl\/fr\/produit\/bus-guide-backseat-pivot-lancia-delta-integral-imitation-set-2-st\/","og_locale":"fr_FR","og_type":"article","og_title":"Douille de guidage Point de pivot de si\u00e8ge arri\u00e8re Lancia Delta Integrale IMITATION set 2 pcs. - Turijnmagazijn","og_description":"Jeu de 2 douilles de guidage imitation neuves pour montage sur le point pivot de la banquette arri\u00e8re. Normalement, il y a un manchon en plastique gris sur le point de suspension central plaqu\u00e9 or du si\u00e8ge arri\u00e8re pour Lancia Delta HF Integrale. Convient \u00e0 tous les types Delta avec si\u00e8ges arri\u00e8re rabattables divis\u00e9s.","og_url":"https:\/\/turijnmagazijn.nl\/fr\/produit\/bus-guide-backseat-pivot-lancia-delta-integral-imitation-set-2-st\/","og_site_name":"Turijnmagazijn","article_publisher":"https:\/\/www.facebook.com\/turijnmagazijn","article_modified_time":"2025-05-30T09:16:03+00:00","og_image":[{"width":1024,"height":768,"url":"https:\/\/turijnmagazijn.nl\/wp-content\/uploads\/2023\/03\/DN0100300-Geleide-bus-2-st-achterbank-draaipunt-Lancia-Delta-Intgrale-82362680-IMITATIE-1.jpg","type":"image\/jpeg"}],"twitter_card":"summary_large_image","twitter_misc":{"Dur\u00e9e de lecture estim\u00e9e":"1 minute"},"schema":{"@context":"https:\/\/schema.org","@graph":[{"@type":"WebPage","@id":"https:\/\/turijnmagazijn.nl\/fr\/produit\/bus-guide-backseat-pivot-lancia-delta-integral-imitation-set-2-st\/","url":"https:\/\/turijnmagazijn.nl\/fr\/produit\/bus-guide-backseat-pivot-lancia-delta-integral-imitation-set-2-st\/","name":"Douille de guidage Point de pivot de si\u00e8ge arri\u00e8re Lancia Delta Integrale IMITATION set 2 pcs. - Turijnmagazijn","isPartOf":{"@id":"https:\/\/turijnmagazijn.jumpstone-dev.nl\/#website"},"primaryImageOfPage":{"@id":"https:\/\/turijnmagazijn.nl\/fr\/produit\/bus-guide-backseat-pivot-lancia-delta-integral-imitation-set-2-st\/#primaryimage"},"image":{"@id":"https:\/\/turijnmagazijn.nl\/fr\/produit\/bus-guide-backseat-pivot-lancia-delta-integral-imitation-set-2-st\/#primaryimage"},"thumbnailUrl":"https:\/\/turijnmagazijn.nl\/wp-content\/uploads\/2023\/03\/DN0100300-Geleide-bus-2-st-achterbank-draaipunt-Lancia-Delta-Intgrale-82362680-IMITATIE-1.jpg","datePublished":"2023-03-10T19:40:15+00:00","dateModified":"2025-05-30T09:16:03+00:00","breadcrumb":{"@id":"https:\/\/turijnmagazijn.nl\/fr\/produit\/bus-guide-backseat-pivot-lancia-delta-integral-imitation-set-2-st\/#breadcrumb"},"inLanguage":"fr-FR","potentialAction":[{"@type":"ReadAction","target":["https:\/\/turijnmagazijn.nl\/fr\/produit\/bus-guide-backseat-pivot-lancia-delta-integral-imitation-set-2-st\/"]}]},{"@type":"ImageObject","inLanguage":"fr-FR","@id":"https:\/\/turijnmagazijn.nl\/fr\/produit\/bus-guide-backseat-pivot-lancia-delta-integral-imitation-set-2-st\/#primaryimage","url":"https:\/\/turijnmagazijn.nl\/wp-content\/uploads\/2023\/03\/DN0100300-Geleide-bus-2-st-achterbank-draaipunt-Lancia-Delta-Intgrale-82362680-IMITATIE-1.jpg","contentUrl":"https:\/\/turijnmagazijn.nl\/wp-content\/uploads\/2023\/03\/DN0100300-Geleide-bus-2-st-achterbank-draaipunt-Lancia-Delta-Intgrale-82362680-IMITATIE-1.jpg","width":1024,"height":768},{"@type":"BreadcrumbList","@id":"https:\/\/turijnmagazijn.nl\/fr\/produit\/bus-guide-backseat-pivot-lancia-delta-integral-imitation-set-2-st\/#breadcrumb","itemListElement":[{"@type":"ListItem","position":1,"name":"Home","item":"https:\/\/turijnmagazijn.jumpstone-dev.nl\/"},{"@type":"ListItem","position":2,"name":"Produits","item":"https:\/\/turijnmagazijn.nl\/fr\/shop\/"},{"@type":"ListItem","position":3,"name":"Douille de guidage Point de pivot de si\u00e8ge arri\u00e8re Lancia Delta Integrale IMITATION set 2 pcs."}]},{"@type":"WebSite","@id":"https:\/\/turijnmagazijn.jumpstone-dev.nl\/#website","url":"https:\/\/turijnmagazijn.jumpstone-dev.nl\/","name":"Turijnmagazijn","description":"Onderdelen nieuw en gebruikt - Fiat &amp; Lancia","publisher":{"@id":"https:\/\/turijnmagazijn.jumpstone-dev.nl\/#organization"},"potentialAction":[{"@type":"SearchAction","target":{"@type":"EntryPoint","urlTemplate":"https:\/\/turijnmagazijn.jumpstone-dev.nl\/?s={search_term_string}"},"query-input":{"@type":"PropertyValueSpecification","valueRequired":true,"valueName":"search_term_string"}}],"inLanguage":"fr-FR"},{"@type":"Organization","@id":"https:\/\/turijnmagazijn.jumpstone-dev.nl\/#organization","name":"Turijnmagazijn","url":"https:\/\/turijnmagazijn.jumpstone-dev.nl\/","logo":{"@type":"ImageObject","inLanguage":"fr-FR","@id":"https:\/\/turijnmagazijn.jumpstone-dev.nl\/#\/schema\/logo\/image\/","url":"https:\/\/turijnmagazijn.nl\/wp-content\/uploads\/2021\/02\/turijnmagazijnlogo.png","contentUrl":"https:\/\/turijnmagazijn.nl\/wp-content\/uploads\/2021\/02\/turijnmagazijnlogo.png","width":555,"height":270,"caption":"Turijnmagazijn"},"image":{"@id":"https:\/\/turijnmagazijn.jumpstone-dev.nl\/#\/schema\/logo\/image\/"},"sameAs":["https:\/\/www.facebook.com\/turijnmagazijn"]}]}},"_links":{"self":[{"href":"https:\/\/turijnmagazijn.nl\/fr\/wp-json\/wp\/v2\/product\/60268","targetHints":{"allow":["GET"]}}],"collection":[{"href":"https:\/\/turijnmagazijn.nl\/fr\/wp-json\/wp\/v2\/product"}],"about":[{"href":"https:\/\/turijnmagazijn.nl\/fr\/wp-json\/wp\/v2\/types\/product"}],"replies":[{"embeddable":true,"href":"https:\/\/turijnmagazijn.nl\/fr\/wp-json\/wp\/v2\/comments?post=60268"}],"wp:featuredmedia":[{"embeddable":true,"href":"https:\/\/turijnmagazijn.nl\/fr\/wp-json\/wp\/v2\/media\/58563"}],"wp:attachment":[{"href":"https:\/\/turijnmagazijn.nl\/fr\/wp-json\/wp\/v2\/media?parent=60268"}],"wp:term":[{"taxonomy":"product_brand","embeddable":true,"href":"https:\/\/turijnmagazijn.nl\/fr\/wp-json\/wp\/v2\/product_brand?post=60268"},{"taxonomy":"product_cat","embeddable":true,"href":"https:\/\/turijnmagazijn.nl\/fr\/wp-json\/wp\/v2\/product_cat?post=60268"},{"taxonomy":"product_tag","embeddable":true,"href":"https:\/\/turijnmagazijn.nl\/fr\/wp-json\/wp\/v2\/product_tag?post=60268"}],"curies":[{"name":"wp","href":"https:\/\/api.w.org\/{rel}","templated":true}]}}