{"id":60275,"date":"2023-03-03T09:08:36","date_gmt":"2023-03-03T08:08:36","guid":{"rendered":"https:\/\/turijnmagazijn.nl\/product\/ecrou-de-verrouillage-m10x125-lancia-delta-integral-supports-moteur\/"},"modified":"2024-09-17T21:31:40","modified_gmt":"2024-09-17T19:31:40","slug":"borgmoer-m10x125-lancia-delta-integral-supports-de-moteur-nouveau","status":"publish","type":"product","link":"https:\/\/turijnmagazijn.nl\/fr\/produit\/borgmoer-m10x125-lancia-delta-integral-supports-de-moteur-nouveau\/","title":{"rendered":"\u00c9crou de verrouillage M10x1,25 Lancia Delta Integral supports moteur"},"content":{"rendered":"<p>Nouveau Borgmoer M10x1,25 applicable \u00e0 Lancia Delta Integrale pour l\u2019installation des supports moteur. Ces \u00e9crous de verrouillage sont en acier de qualit\u00e9 8.8. Ils sont jaune passiv\u00e9 pour une excellente protection contre la rouille. Concerne un nouvel article, il ne s\u2019agit pas d\u2019un produit Lancia original. Peut servir de remplacement pour : OEM Lancia 15503721 Cette pi\u00e8ce a 8 applications diff\u00e9rentes sur Lancia Delta Integrale : Num\u00e9ro de pi\u00e8ce 5 sur le dessin technique de EPER num\u00e9ro de dessin 1000200003. Deux par voiture sont n\u00e9cessaires. Pi\u00e8ce num\u00e9ro 9 sur le dessin technique du dessin EPER num\u00e9ro 1000200004 concernant l&rsquo;application sur la Lancia Delta Integrale.<br \/>\nDeux exemplaires de cet article sont n\u00e9cessaires par voiture.<br \/>\nLa pi\u00e8ce num\u00e9ro 4 du dessin technique de l&rsquo;EPER num\u00e9ro B282C8EDDAEE5F256DAF76728EA2EC59 concernant l&rsquo;application sur la Lancia Delta Integrale.<br \/>\n6 pi\u00e8ces de cet article sont n\u00e9cessaires par voiture.<br \/>\nPi\u00e8ce num\u00e9ro 10 sur le dessin technique de l&rsquo;EPER num\u00e9ro de dessin CDDCE95D36F16827475BBF2156E132B1 concernant l&rsquo;application sur la Lancia Delta Integrale.<br \/>\nDeux unit\u00e9s de cet article sont n\u00e9cessaires par voiture.<br \/>\nNum\u00e9ro de pi\u00e8ce 16 sur le dessin technique de l&rsquo;EPER num\u00e9ro de dessin C85E2A615D2876ECB0B05CDED66FA89C mbt application sur la Lancia Delta Integrale.<br \/>\n6 pi\u00e8ces de cet article sont n\u00e9cessaires par voiture.<br \/>\nPi\u00e8ce num\u00e9ro 5 du dessin technique de l&rsquo;EPER num\u00e9ro 1924237C28E78614914B46B69E39D719 concernant l&rsquo;application sur la Lancia Delta Integrale.<br \/>\n4 pi\u00e8ces de cette pi\u00e8ce sont n\u00e9cessaires par voiture.<br \/>\nPi\u00e8ce num\u00e9ro 3 sur le dessin technique de l&rsquo;EPER num\u00e9ro de dessin 5A271F0539ED26323019B863DA26DB57 concernant l&rsquo;application sur la Lancia Delta Integrale.<br \/>\n10 pi\u00e8ces de cette pi\u00e8ce sont n\u00e9cessaires par voiture.<br \/>\nNum\u00e9ro de pi\u00e8ce 13 sur le dessin technique de EPER num\u00e9ro de dessin 34EB00C773FFA518BDFDC97BA6356646 concernant l&rsquo;application sur la Lancia Delta Integrale.<br \/>\n2 pi\u00e8ces de cet article sont n\u00e9cessaires par voiture.<br \/>\nLes num\u00e9ros OEM Lancia 60805325 ne sont donn\u00e9s qu&rsquo;\u00e0 titre indicatif !              <\/p>\n","protected":false},"excerpt":{"rendered":"<p>15503721 Contre-\u00e9crou M10x1.25 Lancia Delta Integrale supports moteur, bo\u00eetier de direction, support de diff\u00e9rentiel, bo\u00eetier de direction, triangle, pare-chocs arri\u00e8re.<\/p>\n","protected":false},"featured_media":34212,"comment_status":"closed","ping_status":"closed","template":"","meta":{"_acf_changed":false},"product_brand":[],"product_cat":[1806,1821,1825,1836,1830,1838],"product_tag":[],"class_list":{"0":"post-60275","1":"product","2":"type-product","3":"status-publish","4":"has-post-thumbnail","6":"product_cat-delta-1-831-fr","7":"product_cat-hf-4wd-fr","8":"product_cat-hf-turbo-fr","9":"product_cat-integrale-16v-fr","10":"product_cat-integrale-8v-fr","11":"product_cat-integrale-evo-fr","12":"pa_soort-onderdeel-controle","14":"first","15":"instock","16":"taxable","17":"shipping-taxable","18":"purchasable","19":"product-type-simple"},"acf":[],"yoast_head":"<!-- This site is optimized with the Yoast SEO plugin v27.2 - https:\/\/yoast.com\/product\/yoast-seo-wordpress\/ -->\n<title>\u00c9crou de verrouillage M10x1,25 Lancia Delta Integral supports moteur - Turijnmagazijn<\/title>\n<meta name=\"robots\" content=\"index, follow, max-snippet:-1, max-image-preview:large, max-video-preview:-1\" \/>\n<link rel=\"canonical\" href=\"https:\/\/turijnmagazijn.nl\/fr\/produit\/borgmoer-m10x125-lancia-delta-integral-supports-de-moteur-nouveau\/\" \/>\n<meta property=\"og:locale\" content=\"fr_FR\" \/>\n<meta property=\"og:type\" content=\"article\" \/>\n<meta property=\"og:title\" content=\"\u00c9crou de verrouillage M10x1,25 Lancia Delta Integral supports moteur - Turijnmagazijn\" \/>\n<meta property=\"og:description\" content=\"15503721 Contre-\u00e9crou M10x1.25 Lancia Delta Integrale supports moteur, bo\u00eetier de direction, support de diff\u00e9rentiel, bo\u00eetier de direction, triangle, pare-chocs arri\u00e8re.\" \/>\n<meta property=\"og:url\" content=\"https:\/\/turijnmagazijn.nl\/fr\/produit\/borgmoer-m10x125-lancia-delta-integral-supports-de-moteur-nouveau\/\" \/>\n<meta property=\"og:site_name\" content=\"Turijnmagazijn\" \/>\n<meta property=\"article:publisher\" content=\"https:\/\/www.facebook.com\/turijnmagazijn\" \/>\n<meta property=\"article:modified_time\" content=\"2024-09-17T19:31:40+00:00\" \/>\n<meta property=\"og:image\" content=\"https:\/\/turijnmagazijn.nl\/wp-content\/uploads\/2023\/03\/DN00100014_Borgmoer_M10x125_Lancia_Delta_Integrale_motorsteunen_-NIEUW-_1.jpg\" \/>\n\t<meta property=\"og:image:width\" content=\"800\" \/>\n\t<meta property=\"og:image:height\" content=\"600\" \/>\n\t<meta property=\"og:image:type\" content=\"image\/jpeg\" \/>\n<meta name=\"twitter:card\" content=\"summary_large_image\" \/>\n<meta name=\"twitter:label1\" content=\"Dur\u00e9e de lecture estim\u00e9e\" \/>\n\t<meta name=\"twitter:data1\" content=\"2 minutes\" \/>\n<script type=\"application\/ld+json\" class=\"yoast-schema-graph\">{\"@context\":\"https:\/\/schema.org\",\"@graph\":[{\"@type\":\"WebPage\",\"@id\":\"https:\/\/turijnmagazijn.nl\/fr\/produit\/borgmoer-m10x125-lancia-delta-integral-supports-de-moteur-nouveau\/\",\"url\":\"https:\/\/turijnmagazijn.nl\/fr\/produit\/borgmoer-m10x125-lancia-delta-integral-supports-de-moteur-nouveau\/\",\"name\":\"\u00c9crou de verrouillage M10x1,25 Lancia Delta Integral supports moteur - Turijnmagazijn\",\"isPartOf\":{\"@id\":\"https:\/\/turijnmagazijn.jumpstone-dev.nl\/#website\"},\"primaryImageOfPage\":{\"@id\":\"https:\/\/turijnmagazijn.nl\/fr\/produit\/borgmoer-m10x125-lancia-delta-integral-supports-de-moteur-nouveau\/#primaryimage\"},\"image\":{\"@id\":\"https:\/\/turijnmagazijn.nl\/fr\/produit\/borgmoer-m10x125-lancia-delta-integral-supports-de-moteur-nouveau\/#primaryimage\"},\"thumbnailUrl\":\"https:\/\/turijnmagazijn.nl\/wp-content\/uploads\/2023\/03\/DN00100014_Borgmoer_M10x125_Lancia_Delta_Integrale_motorsteunen_-NIEUW-_1.jpg\",\"datePublished\":\"2023-03-03T08:08:36+00:00\",\"dateModified\":\"2024-09-17T19:31:40+00:00\",\"breadcrumb\":{\"@id\":\"https:\/\/turijnmagazijn.nl\/fr\/produit\/borgmoer-m10x125-lancia-delta-integral-supports-de-moteur-nouveau\/#breadcrumb\"},\"inLanguage\":\"fr-FR\",\"potentialAction\":[{\"@type\":\"ReadAction\",\"target\":[\"https:\/\/turijnmagazijn.nl\/fr\/produit\/borgmoer-m10x125-lancia-delta-integral-supports-de-moteur-nouveau\/\"]}]},{\"@type\":\"ImageObject\",\"inLanguage\":\"fr-FR\",\"@id\":\"https:\/\/turijnmagazijn.nl\/fr\/produit\/borgmoer-m10x125-lancia-delta-integral-supports-de-moteur-nouveau\/#primaryimage\",\"url\":\"https:\/\/turijnmagazijn.nl\/wp-content\/uploads\/2023\/03\/DN00100014_Borgmoer_M10x125_Lancia_Delta_Integrale_motorsteunen_-NIEUW-_1.jpg\",\"contentUrl\":\"https:\/\/turijnmagazijn.nl\/wp-content\/uploads\/2023\/03\/DN00100014_Borgmoer_M10x125_Lancia_Delta_Integrale_motorsteunen_-NIEUW-_1.jpg\",\"width\":800,\"height\":600},{\"@type\":\"BreadcrumbList\",\"@id\":\"https:\/\/turijnmagazijn.nl\/fr\/produit\/borgmoer-m10x125-lancia-delta-integral-supports-de-moteur-nouveau\/#breadcrumb\",\"itemListElement\":[{\"@type\":\"ListItem\",\"position\":1,\"name\":\"Home\",\"item\":\"https:\/\/turijnmagazijn.nl\/fr\/\"},{\"@type\":\"ListItem\",\"position\":2,\"name\":\"Produits\",\"item\":\"https:\/\/turijnmagazijn.nl\/fr\/shop\/\"},{\"@type\":\"ListItem\",\"position\":3,\"name\":\"\u00c9crou de verrouillage M10x1,25 Lancia Delta Integral supports moteur\"}]},{\"@type\":\"WebSite\",\"@id\":\"https:\/\/turijnmagazijn.jumpstone-dev.nl\/#website\",\"url\":\"https:\/\/turijnmagazijn.jumpstone-dev.nl\/\",\"name\":\"Turijnmagazijn\",\"description\":\"Onderdelen nieuw en gebruikt - Fiat &amp; Lancia\",\"publisher\":{\"@id\":\"https:\/\/turijnmagazijn.jumpstone-dev.nl\/#organization\"},\"potentialAction\":[{\"@type\":\"SearchAction\",\"target\":{\"@type\":\"EntryPoint\",\"urlTemplate\":\"https:\/\/turijnmagazijn.jumpstone-dev.nl\/?s={search_term_string}\"},\"query-input\":{\"@type\":\"PropertyValueSpecification\",\"valueRequired\":true,\"valueName\":\"search_term_string\"}}],\"inLanguage\":\"fr-FR\"},{\"@type\":\"Organization\",\"@id\":\"https:\/\/turijnmagazijn.jumpstone-dev.nl\/#organization\",\"name\":\"Turijnmagazijn\",\"url\":\"https:\/\/turijnmagazijn.jumpstone-dev.nl\/\",\"logo\":{\"@type\":\"ImageObject\",\"inLanguage\":\"fr-FR\",\"@id\":\"https:\/\/turijnmagazijn.jumpstone-dev.nl\/#\/schema\/logo\/image\/\",\"url\":\"https:\/\/turijnmagazijn.nl\/wp-content\/uploads\/2021\/02\/turijnmagazijnlogo.png\",\"contentUrl\":\"https:\/\/turijnmagazijn.nl\/wp-content\/uploads\/2021\/02\/turijnmagazijnlogo.png\",\"width\":555,\"height\":270,\"caption\":\"Turijnmagazijn\"},\"image\":{\"@id\":\"https:\/\/turijnmagazijn.jumpstone-dev.nl\/#\/schema\/logo\/image\/\"},\"sameAs\":[\"https:\/\/www.facebook.com\/turijnmagazijn\"]}]}<\/script>\n<!-- \/ Yoast SEO plugin. -->","yoast_head_json":{"title":"\u00c9crou de verrouillage M10x1,25 Lancia Delta Integral supports moteur - Turijnmagazijn","robots":{"index":"index","follow":"follow","max-snippet":"max-snippet:-1","max-image-preview":"max-image-preview:large","max-video-preview":"max-video-preview:-1"},"canonical":"https:\/\/turijnmagazijn.nl\/fr\/produit\/borgmoer-m10x125-lancia-delta-integral-supports-de-moteur-nouveau\/","og_locale":"fr_FR","og_type":"article","og_title":"\u00c9crou de verrouillage M10x1,25 Lancia Delta Integral supports moteur - Turijnmagazijn","og_description":"15503721 Contre-\u00e9crou M10x1.25 Lancia Delta Integrale supports moteur, bo\u00eetier de direction, support de diff\u00e9rentiel, bo\u00eetier de direction, triangle, pare-chocs arri\u00e8re.","og_url":"https:\/\/turijnmagazijn.nl\/fr\/produit\/borgmoer-m10x125-lancia-delta-integral-supports-de-moteur-nouveau\/","og_site_name":"Turijnmagazijn","article_publisher":"https:\/\/www.facebook.com\/turijnmagazijn","article_modified_time":"2024-09-17T19:31:40+00:00","og_image":[{"width":800,"height":600,"url":"https:\/\/turijnmagazijn.nl\/wp-content\/uploads\/2023\/03\/DN00100014_Borgmoer_M10x125_Lancia_Delta_Integrale_motorsteunen_-NIEUW-_1.jpg","type":"image\/jpeg"}],"twitter_card":"summary_large_image","twitter_misc":{"Dur\u00e9e de lecture estim\u00e9e":"2 minutes"},"schema":{"@context":"https:\/\/schema.org","@graph":[{"@type":"WebPage","@id":"https:\/\/turijnmagazijn.nl\/fr\/produit\/borgmoer-m10x125-lancia-delta-integral-supports-de-moteur-nouveau\/","url":"https:\/\/turijnmagazijn.nl\/fr\/produit\/borgmoer-m10x125-lancia-delta-integral-supports-de-moteur-nouveau\/","name":"\u00c9crou de verrouillage M10x1,25 Lancia Delta Integral supports moteur - Turijnmagazijn","isPartOf":{"@id":"https:\/\/turijnmagazijn.jumpstone-dev.nl\/#website"},"primaryImageOfPage":{"@id":"https:\/\/turijnmagazijn.nl\/fr\/produit\/borgmoer-m10x125-lancia-delta-integral-supports-de-moteur-nouveau\/#primaryimage"},"image":{"@id":"https:\/\/turijnmagazijn.nl\/fr\/produit\/borgmoer-m10x125-lancia-delta-integral-supports-de-moteur-nouveau\/#primaryimage"},"thumbnailUrl":"https:\/\/turijnmagazijn.nl\/wp-content\/uploads\/2023\/03\/DN00100014_Borgmoer_M10x125_Lancia_Delta_Integrale_motorsteunen_-NIEUW-_1.jpg","datePublished":"2023-03-03T08:08:36+00:00","dateModified":"2024-09-17T19:31:40+00:00","breadcrumb":{"@id":"https:\/\/turijnmagazijn.nl\/fr\/produit\/borgmoer-m10x125-lancia-delta-integral-supports-de-moteur-nouveau\/#breadcrumb"},"inLanguage":"fr-FR","potentialAction":[{"@type":"ReadAction","target":["https:\/\/turijnmagazijn.nl\/fr\/produit\/borgmoer-m10x125-lancia-delta-integral-supports-de-moteur-nouveau\/"]}]},{"@type":"ImageObject","inLanguage":"fr-FR","@id":"https:\/\/turijnmagazijn.nl\/fr\/produit\/borgmoer-m10x125-lancia-delta-integral-supports-de-moteur-nouveau\/#primaryimage","url":"https:\/\/turijnmagazijn.nl\/wp-content\/uploads\/2023\/03\/DN00100014_Borgmoer_M10x125_Lancia_Delta_Integrale_motorsteunen_-NIEUW-_1.jpg","contentUrl":"https:\/\/turijnmagazijn.nl\/wp-content\/uploads\/2023\/03\/DN00100014_Borgmoer_M10x125_Lancia_Delta_Integrale_motorsteunen_-NIEUW-_1.jpg","width":800,"height":600},{"@type":"BreadcrumbList","@id":"https:\/\/turijnmagazijn.nl\/fr\/produit\/borgmoer-m10x125-lancia-delta-integral-supports-de-moteur-nouveau\/#breadcrumb","itemListElement":[{"@type":"ListItem","position":1,"name":"Home","item":"https:\/\/turijnmagazijn.nl\/fr\/"},{"@type":"ListItem","position":2,"name":"Produits","item":"https:\/\/turijnmagazijn.nl\/fr\/shop\/"},{"@type":"ListItem","position":3,"name":"\u00c9crou de verrouillage M10x1,25 Lancia Delta Integral supports moteur"}]},{"@type":"WebSite","@id":"https:\/\/turijnmagazijn.jumpstone-dev.nl\/#website","url":"https:\/\/turijnmagazijn.jumpstone-dev.nl\/","name":"Turijnmagazijn","description":"Onderdelen nieuw en gebruikt - Fiat &amp; Lancia","publisher":{"@id":"https:\/\/turijnmagazijn.jumpstone-dev.nl\/#organization"},"potentialAction":[{"@type":"SearchAction","target":{"@type":"EntryPoint","urlTemplate":"https:\/\/turijnmagazijn.jumpstone-dev.nl\/?s={search_term_string}"},"query-input":{"@type":"PropertyValueSpecification","valueRequired":true,"valueName":"search_term_string"}}],"inLanguage":"fr-FR"},{"@type":"Organization","@id":"https:\/\/turijnmagazijn.jumpstone-dev.nl\/#organization","name":"Turijnmagazijn","url":"https:\/\/turijnmagazijn.jumpstone-dev.nl\/","logo":{"@type":"ImageObject","inLanguage":"fr-FR","@id":"https:\/\/turijnmagazijn.jumpstone-dev.nl\/#\/schema\/logo\/image\/","url":"https:\/\/turijnmagazijn.nl\/wp-content\/uploads\/2021\/02\/turijnmagazijnlogo.png","contentUrl":"https:\/\/turijnmagazijn.nl\/wp-content\/uploads\/2021\/02\/turijnmagazijnlogo.png","width":555,"height":270,"caption":"Turijnmagazijn"},"image":{"@id":"https:\/\/turijnmagazijn.jumpstone-dev.nl\/#\/schema\/logo\/image\/"},"sameAs":["https:\/\/www.facebook.com\/turijnmagazijn"]}]}},"_links":{"self":[{"href":"https:\/\/turijnmagazijn.nl\/fr\/wp-json\/wp\/v2\/product\/60275","targetHints":{"allow":["GET"]}}],"collection":[{"href":"https:\/\/turijnmagazijn.nl\/fr\/wp-json\/wp\/v2\/product"}],"about":[{"href":"https:\/\/turijnmagazijn.nl\/fr\/wp-json\/wp\/v2\/types\/product"}],"replies":[{"embeddable":true,"href":"https:\/\/turijnmagazijn.nl\/fr\/wp-json\/wp\/v2\/comments?post=60275"}],"wp:featuredmedia":[{"embeddable":true,"href":"https:\/\/turijnmagazijn.nl\/fr\/wp-json\/wp\/v2\/media\/34212"}],"wp:attachment":[{"href":"https:\/\/turijnmagazijn.nl\/fr\/wp-json\/wp\/v2\/media?parent=60275"}],"wp:term":[{"taxonomy":"product_brand","embeddable":true,"href":"https:\/\/turijnmagazijn.nl\/fr\/wp-json\/wp\/v2\/product_brand?post=60275"},{"taxonomy":"product_cat","embeddable":true,"href":"https:\/\/turijnmagazijn.nl\/fr\/wp-json\/wp\/v2\/product_cat?post=60275"},{"taxonomy":"product_tag","embeddable":true,"href":"https:\/\/turijnmagazijn.nl\/fr\/wp-json\/wp\/v2\/product_tag?post=60275"}],"curies":[{"name":"wp","href":"https:\/\/api.w.org\/{rel}","templated":true}]}}