{"id":60302,"date":"2023-03-13T14:23:32","date_gmt":"2023-03-13T13:23:32","guid":{"rendered":"https:\/\/turijnmagazijn.nl\/product\/housse-de-protection-de-feu-antibrouillard-hella-comet-550-design-italien\/"},"modified":"2025-05-30T11:15:34","modified_gmt":"2025-05-30T09:15:34","slug":"lampe-antibrouillard-housse-de-protection-hella-comete-550-conception-italienne","status":"publish","type":"product","link":"https:\/\/turijnmagazijn.nl\/fr\/produit\/lampe-antibrouillard-housse-de-protection-hella-comete-550-conception-italienne\/","title":{"rendered":"Housse de protection de feu antibrouillard Hella Comet 550 &#8211; Design italien"},"content":{"rendered":"<p>Housse de protection en plastique souple pour Hella Comet 550, phares antibrouillard ronds de rechange. Ces phares antibrouillard ont \u00e9t\u00e9 largement utilis\u00e9s comme accessoire suppl\u00e9mentaire dans les ann\u00e9es 70 et 80 sur les voitures de sport.<\/p>\n<p>L\u2019inscription Hella appara\u00eet plut\u00f4t allemande, c\u2019est pourquoi nous avons d\u00e9velopp\u00e9 une variante qui correspond \u00e0 la Hella mais avec l\u2019inscription Carello cr\u00e9e un accent italien.<\/p>\n<p>Nous fabriquons ces hottes sur commande, alors comptez un d\u00e9lai de livraison de 4 semaines \u00e0 partir du moment de la commande.<\/p>\n<p>Moyennant des frais suppl\u00e9mentaires, il est possible de rendre les abat-jour adapt\u00e9s \u00e0 un autre type de phares antibrouillard de rechange ou de modifier l\u2019impression pour un design de votre choix.<\/p>\n<p>Si vous \u00eates int\u00e9ress\u00e9 par la personnalisation: contactez-sales@delenkorf.nl pour plus d\u2019informations et pour discuter des possibilit\u00e9s.<\/p>\n<p>&nbsp;<\/p>\n<p>En raison de la m\u00e9thode de production, il n\u2019est pas possible de livrer un produit compl\u00e8tement lisse (les originaux non plus) et nous pla\u00e7ons l\u2019impression sous la forme d\u2019un autocollant en vinyle. Regardez bien les photos pour avoir une bonne id\u00e9e de ce que vous pouvez attendre de ce produit.<\/p>\n<p>&nbsp;<\/p>\n<p>Cette pi\u00e8ce n\u2019est pas sp\u00e9cifique \u00e0 la marque, les phares antibrouillard Hella Comet peuvent \u00eatre trouv\u00e9s sur diff\u00e9rentes voitures, s\u2019il vous pla\u00eet contactez-nous en cas de doute.<\/p>\n","protected":false},"excerpt":{"rendered":"<p>Housse de protection en plastique souple pour Hella Comet 550, phares antibrouillard ronds de rechange. Ces phares antibrouillard ont \u00e9t\u00e9 largement utilis\u00e9s comme accessoire suppl\u00e9mentaire dans les ann\u00e9es 70 et 80 sur les voitures de sport.<\/p>\n","protected":false},"featured_media":58583,"comment_status":"open","ping_status":"closed","template":"","meta":{"_acf_changed":false},"product_brand":[],"product_cat":[1588,1589,1594,1670,1675,1582,1667,1806,1690,1640,1798,1754,1786,1792],"product_tag":[],"class_list":{"0":"post-60302","1":"product","2":"type-product","3":"status-publish","4":"has-post-thumbnail","6":"product_cat-33-905-fr","7":"product_cat-75-161-fr","8":"product_cat-90-162-fr","9":"product_cat-a111-fr","10":"product_cat-a112-112-fr","11":"product_cat-alfa-romeo-fr","12":"product_cat-autobianchi-fr","13":"product_cat-delta-1-831-fr","14":"product_cat-fiat-fr","15":"product_cat-gtv6-669-fr","16":"product_cat-lancia-fr","17":"product_cat-ritmo-183-fr","18":"product_cat-uno-1-146-fr","19":"product_cat-x1-9-128-fr","20":"pa_soort-onderdeel-eclairage","22":"first","23":"instock","24":"taxable","25":"shipping-taxable","26":"purchasable","27":"product-type-simple"},"acf":[],"yoast_head":"<!-- This site is optimized with the Yoast SEO plugin v27.2 - https:\/\/yoast.com\/product\/yoast-seo-wordpress\/ -->\n<title>Housse de protection de feu antibrouillard Hella Comet 550 - Design italien - Turijnmagazijn<\/title>\n<meta name=\"robots\" content=\"index, follow, max-snippet:-1, max-image-preview:large, max-video-preview:-1\" \/>\n<link rel=\"canonical\" href=\"https:\/\/turijnmagazijn.nl\/fr\/produit\/lampe-antibrouillard-housse-de-protection-hella-comete-550-conception-italienne\/\" \/>\n<meta property=\"og:locale\" content=\"fr_FR\" \/>\n<meta property=\"og:type\" content=\"article\" \/>\n<meta property=\"og:title\" content=\"Housse de protection de feu antibrouillard Hella Comet 550 - Design italien - Turijnmagazijn\" \/>\n<meta property=\"og:description\" content=\"Housse de protection en plastique souple pour Hella Comet 550, phares antibrouillard ronds de rechange. Ces phares antibrouillard ont \u00e9t\u00e9 largement utilis\u00e9s comme accessoire suppl\u00e9mentaire dans les ann\u00e9es 70 et 80 sur les voitures de sport.\" \/>\n<meta property=\"og:url\" content=\"https:\/\/turijnmagazijn.nl\/fr\/produit\/lampe-antibrouillard-housse-de-protection-hella-comete-550-conception-italienne\/\" \/>\n<meta property=\"og:site_name\" content=\"Turijnmagazijn\" \/>\n<meta property=\"article:publisher\" content=\"https:\/\/www.facebook.com\/turijnmagazijn\" \/>\n<meta property=\"article:modified_time\" content=\"2025-05-30T09:15:34+00:00\" \/>\n<meta property=\"og:image\" content=\"https:\/\/turijnmagazijn.nl\/wp-content\/uploads\/2023\/03\/DN0100301-Mistlamp-beschermkap-Hella-Comet-550-Italian-design-2.jpeg\" \/>\n\t<meta property=\"og:image:width\" content=\"2000\" \/>\n\t<meta property=\"og:image:height\" content=\"1125\" \/>\n\t<meta property=\"og:image:type\" content=\"image\/jpeg\" \/>\n<meta name=\"twitter:card\" content=\"summary_large_image\" \/>\n<meta name=\"twitter:label1\" content=\"Dur\u00e9e de lecture estim\u00e9e\" \/>\n\t<meta name=\"twitter:data1\" content=\"1 minute\" \/>\n<script type=\"application\/ld+json\" class=\"yoast-schema-graph\">{\"@context\":\"https:\/\/schema.org\",\"@graph\":[{\"@type\":\"WebPage\",\"@id\":\"https:\/\/turijnmagazijn.nl\/fr\/produit\/lampe-antibrouillard-housse-de-protection-hella-comete-550-conception-italienne\/\",\"url\":\"https:\/\/turijnmagazijn.nl\/fr\/produit\/lampe-antibrouillard-housse-de-protection-hella-comete-550-conception-italienne\/\",\"name\":\"Housse de protection de feu antibrouillard Hella Comet 550 - Design italien - Turijnmagazijn\",\"isPartOf\":{\"@id\":\"https:\/\/turijnmagazijn.jumpstone-dev.nl\/#website\"},\"primaryImageOfPage\":{\"@id\":\"https:\/\/turijnmagazijn.nl\/fr\/produit\/lampe-antibrouillard-housse-de-protection-hella-comete-550-conception-italienne\/#primaryimage\"},\"image\":{\"@id\":\"https:\/\/turijnmagazijn.nl\/fr\/produit\/lampe-antibrouillard-housse-de-protection-hella-comete-550-conception-italienne\/#primaryimage\"},\"thumbnailUrl\":\"https:\/\/turijnmagazijn.nl\/wp-content\/uploads\/2023\/03\/DN0100301-Mistlamp-beschermkap-Hella-Comet-550-Italian-design-2.jpeg\",\"datePublished\":\"2023-03-13T13:23:32+00:00\",\"dateModified\":\"2025-05-30T09:15:34+00:00\",\"breadcrumb\":{\"@id\":\"https:\/\/turijnmagazijn.nl\/fr\/produit\/lampe-antibrouillard-housse-de-protection-hella-comete-550-conception-italienne\/#breadcrumb\"},\"inLanguage\":\"fr-FR\",\"potentialAction\":[{\"@type\":\"ReadAction\",\"target\":[\"https:\/\/turijnmagazijn.nl\/fr\/produit\/lampe-antibrouillard-housse-de-protection-hella-comete-550-conception-italienne\/\"]}]},{\"@type\":\"ImageObject\",\"inLanguage\":\"fr-FR\",\"@id\":\"https:\/\/turijnmagazijn.nl\/fr\/produit\/lampe-antibrouillard-housse-de-protection-hella-comete-550-conception-italienne\/#primaryimage\",\"url\":\"https:\/\/turijnmagazijn.nl\/wp-content\/uploads\/2023\/03\/DN0100301-Mistlamp-beschermkap-Hella-Comet-550-Italian-design-2.jpeg\",\"contentUrl\":\"https:\/\/turijnmagazijn.nl\/wp-content\/uploads\/2023\/03\/DN0100301-Mistlamp-beschermkap-Hella-Comet-550-Italian-design-2.jpeg\",\"width\":2000,\"height\":1125},{\"@type\":\"BreadcrumbList\",\"@id\":\"https:\/\/turijnmagazijn.nl\/fr\/produit\/lampe-antibrouillard-housse-de-protection-hella-comete-550-conception-italienne\/#breadcrumb\",\"itemListElement\":[{\"@type\":\"ListItem\",\"position\":1,\"name\":\"Home\",\"item\":\"https:\/\/turijnmagazijn.nl\/fr\/\"},{\"@type\":\"ListItem\",\"position\":2,\"name\":\"Produits\",\"item\":\"https:\/\/turijnmagazijn.nl\/fr\/shop\/\"},{\"@type\":\"ListItem\",\"position\":3,\"name\":\"Housse de protection de feu antibrouillard Hella Comet 550 &#8211; Design italien\"}]},{\"@type\":\"WebSite\",\"@id\":\"https:\/\/turijnmagazijn.jumpstone-dev.nl\/#website\",\"url\":\"https:\/\/turijnmagazijn.jumpstone-dev.nl\/\",\"name\":\"Turijnmagazijn\",\"description\":\"Onderdelen nieuw en gebruikt - Fiat &amp; Lancia\",\"publisher\":{\"@id\":\"https:\/\/turijnmagazijn.jumpstone-dev.nl\/#organization\"},\"potentialAction\":[{\"@type\":\"SearchAction\",\"target\":{\"@type\":\"EntryPoint\",\"urlTemplate\":\"https:\/\/turijnmagazijn.jumpstone-dev.nl\/?s={search_term_string}\"},\"query-input\":{\"@type\":\"PropertyValueSpecification\",\"valueRequired\":true,\"valueName\":\"search_term_string\"}}],\"inLanguage\":\"fr-FR\"},{\"@type\":\"Organization\",\"@id\":\"https:\/\/turijnmagazijn.jumpstone-dev.nl\/#organization\",\"name\":\"Turijnmagazijn\",\"url\":\"https:\/\/turijnmagazijn.jumpstone-dev.nl\/\",\"logo\":{\"@type\":\"ImageObject\",\"inLanguage\":\"fr-FR\",\"@id\":\"https:\/\/turijnmagazijn.jumpstone-dev.nl\/#\/schema\/logo\/image\/\",\"url\":\"https:\/\/turijnmagazijn.nl\/wp-content\/uploads\/2021\/02\/turijnmagazijnlogo.png\",\"contentUrl\":\"https:\/\/turijnmagazijn.nl\/wp-content\/uploads\/2021\/02\/turijnmagazijnlogo.png\",\"width\":555,\"height\":270,\"caption\":\"Turijnmagazijn\"},\"image\":{\"@id\":\"https:\/\/turijnmagazijn.jumpstone-dev.nl\/#\/schema\/logo\/image\/\"},\"sameAs\":[\"https:\/\/www.facebook.com\/turijnmagazijn\"]}]}<\/script>\n<!-- \/ Yoast SEO plugin. -->","yoast_head_json":{"title":"Housse de protection de feu antibrouillard Hella Comet 550 - Design italien - Turijnmagazijn","robots":{"index":"index","follow":"follow","max-snippet":"max-snippet:-1","max-image-preview":"max-image-preview:large","max-video-preview":"max-video-preview:-1"},"canonical":"https:\/\/turijnmagazijn.nl\/fr\/produit\/lampe-antibrouillard-housse-de-protection-hella-comete-550-conception-italienne\/","og_locale":"fr_FR","og_type":"article","og_title":"Housse de protection de feu antibrouillard Hella Comet 550 - Design italien - Turijnmagazijn","og_description":"Housse de protection en plastique souple pour Hella Comet 550, phares antibrouillard ronds de rechange. Ces phares antibrouillard ont \u00e9t\u00e9 largement utilis\u00e9s comme accessoire suppl\u00e9mentaire dans les ann\u00e9es 70 et 80 sur les voitures de sport.","og_url":"https:\/\/turijnmagazijn.nl\/fr\/produit\/lampe-antibrouillard-housse-de-protection-hella-comete-550-conception-italienne\/","og_site_name":"Turijnmagazijn","article_publisher":"https:\/\/www.facebook.com\/turijnmagazijn","article_modified_time":"2025-05-30T09:15:34+00:00","og_image":[{"width":2000,"height":1125,"url":"https:\/\/turijnmagazijn.nl\/wp-content\/uploads\/2023\/03\/DN0100301-Mistlamp-beschermkap-Hella-Comet-550-Italian-design-2.jpeg","type":"image\/jpeg"}],"twitter_card":"summary_large_image","twitter_misc":{"Dur\u00e9e de lecture estim\u00e9e":"1 minute"},"schema":{"@context":"https:\/\/schema.org","@graph":[{"@type":"WebPage","@id":"https:\/\/turijnmagazijn.nl\/fr\/produit\/lampe-antibrouillard-housse-de-protection-hella-comete-550-conception-italienne\/","url":"https:\/\/turijnmagazijn.nl\/fr\/produit\/lampe-antibrouillard-housse-de-protection-hella-comete-550-conception-italienne\/","name":"Housse de protection de feu antibrouillard Hella Comet 550 - Design italien - Turijnmagazijn","isPartOf":{"@id":"https:\/\/turijnmagazijn.jumpstone-dev.nl\/#website"},"primaryImageOfPage":{"@id":"https:\/\/turijnmagazijn.nl\/fr\/produit\/lampe-antibrouillard-housse-de-protection-hella-comete-550-conception-italienne\/#primaryimage"},"image":{"@id":"https:\/\/turijnmagazijn.nl\/fr\/produit\/lampe-antibrouillard-housse-de-protection-hella-comete-550-conception-italienne\/#primaryimage"},"thumbnailUrl":"https:\/\/turijnmagazijn.nl\/wp-content\/uploads\/2023\/03\/DN0100301-Mistlamp-beschermkap-Hella-Comet-550-Italian-design-2.jpeg","datePublished":"2023-03-13T13:23:32+00:00","dateModified":"2025-05-30T09:15:34+00:00","breadcrumb":{"@id":"https:\/\/turijnmagazijn.nl\/fr\/produit\/lampe-antibrouillard-housse-de-protection-hella-comete-550-conception-italienne\/#breadcrumb"},"inLanguage":"fr-FR","potentialAction":[{"@type":"ReadAction","target":["https:\/\/turijnmagazijn.nl\/fr\/produit\/lampe-antibrouillard-housse-de-protection-hella-comete-550-conception-italienne\/"]}]},{"@type":"ImageObject","inLanguage":"fr-FR","@id":"https:\/\/turijnmagazijn.nl\/fr\/produit\/lampe-antibrouillard-housse-de-protection-hella-comete-550-conception-italienne\/#primaryimage","url":"https:\/\/turijnmagazijn.nl\/wp-content\/uploads\/2023\/03\/DN0100301-Mistlamp-beschermkap-Hella-Comet-550-Italian-design-2.jpeg","contentUrl":"https:\/\/turijnmagazijn.nl\/wp-content\/uploads\/2023\/03\/DN0100301-Mistlamp-beschermkap-Hella-Comet-550-Italian-design-2.jpeg","width":2000,"height":1125},{"@type":"BreadcrumbList","@id":"https:\/\/turijnmagazijn.nl\/fr\/produit\/lampe-antibrouillard-housse-de-protection-hella-comete-550-conception-italienne\/#breadcrumb","itemListElement":[{"@type":"ListItem","position":1,"name":"Home","item":"https:\/\/turijnmagazijn.nl\/fr\/"},{"@type":"ListItem","position":2,"name":"Produits","item":"https:\/\/turijnmagazijn.nl\/fr\/shop\/"},{"@type":"ListItem","position":3,"name":"Housse de protection de feu antibrouillard Hella Comet 550 &#8211; Design italien"}]},{"@type":"WebSite","@id":"https:\/\/turijnmagazijn.jumpstone-dev.nl\/#website","url":"https:\/\/turijnmagazijn.jumpstone-dev.nl\/","name":"Turijnmagazijn","description":"Onderdelen nieuw en gebruikt - Fiat &amp; Lancia","publisher":{"@id":"https:\/\/turijnmagazijn.jumpstone-dev.nl\/#organization"},"potentialAction":[{"@type":"SearchAction","target":{"@type":"EntryPoint","urlTemplate":"https:\/\/turijnmagazijn.jumpstone-dev.nl\/?s={search_term_string}"},"query-input":{"@type":"PropertyValueSpecification","valueRequired":true,"valueName":"search_term_string"}}],"inLanguage":"fr-FR"},{"@type":"Organization","@id":"https:\/\/turijnmagazijn.jumpstone-dev.nl\/#organization","name":"Turijnmagazijn","url":"https:\/\/turijnmagazijn.jumpstone-dev.nl\/","logo":{"@type":"ImageObject","inLanguage":"fr-FR","@id":"https:\/\/turijnmagazijn.jumpstone-dev.nl\/#\/schema\/logo\/image\/","url":"https:\/\/turijnmagazijn.nl\/wp-content\/uploads\/2021\/02\/turijnmagazijnlogo.png","contentUrl":"https:\/\/turijnmagazijn.nl\/wp-content\/uploads\/2021\/02\/turijnmagazijnlogo.png","width":555,"height":270,"caption":"Turijnmagazijn"},"image":{"@id":"https:\/\/turijnmagazijn.jumpstone-dev.nl\/#\/schema\/logo\/image\/"},"sameAs":["https:\/\/www.facebook.com\/turijnmagazijn"]}]}},"_links":{"self":[{"href":"https:\/\/turijnmagazijn.nl\/fr\/wp-json\/wp\/v2\/product\/60302","targetHints":{"allow":["GET"]}}],"collection":[{"href":"https:\/\/turijnmagazijn.nl\/fr\/wp-json\/wp\/v2\/product"}],"about":[{"href":"https:\/\/turijnmagazijn.nl\/fr\/wp-json\/wp\/v2\/types\/product"}],"replies":[{"embeddable":true,"href":"https:\/\/turijnmagazijn.nl\/fr\/wp-json\/wp\/v2\/comments?post=60302"}],"wp:featuredmedia":[{"embeddable":true,"href":"https:\/\/turijnmagazijn.nl\/fr\/wp-json\/wp\/v2\/media\/58583"}],"wp:attachment":[{"href":"https:\/\/turijnmagazijn.nl\/fr\/wp-json\/wp\/v2\/media?parent=60302"}],"wp:term":[{"taxonomy":"product_brand","embeddable":true,"href":"https:\/\/turijnmagazijn.nl\/fr\/wp-json\/wp\/v2\/product_brand?post=60302"},{"taxonomy":"product_cat","embeddable":true,"href":"https:\/\/turijnmagazijn.nl\/fr\/wp-json\/wp\/v2\/product_cat?post=60302"},{"taxonomy":"product_tag","embeddable":true,"href":"https:\/\/turijnmagazijn.nl\/fr\/wp-json\/wp\/v2\/product_tag?post=60302"}],"curies":[{"name":"wp","href":"https:\/\/api.w.org\/{rel}","templated":true}]}}