{"id":60429,"date":"2023-03-03T09:09:41","date_gmt":"2023-03-03T08:09:41","guid":{"rendered":"https:\/\/turijnmagazijn.nl\/product\/phare-en-caoutchouc-lancia-kappa-left\/"},"modified":"2025-04-17T16:58:45","modified_gmt":"2025-04-17T14:58:45","slug":"rubber-phare-lancia-kappa-gauche","status":"publish","type":"product","link":"https:\/\/turijnmagazijn.nl\/fr\/produit\/rubber-phare-lancia-kappa-gauche\/","title":{"rendered":"Phare en caoutchouc Lancia Kappa Left"},"content":{"rendered":"<p>Joint en caoutchouc gris utilis\u00e9 pour finir l\u2019espace entre le phare et la t\u00f4le pour le phare pour Lancia Kappa gauche, c\u00f4t\u00e9 conducteur.<\/p>\n<p>d\u2019une berline Lancia Kappa construite en 1995.<\/p>\n<p>Inscriptions sur le lampadaire:<\/p>\n<p>Carello 36670-748<\/p>\n<p>36670700<\/p>\n<p>Ce caoutchouc n\u2019a pas de num\u00e9ro de pi\u00e8ce s\u00e9par\u00e9 donc pour r\u00e9f\u00e9rence le num\u00e9ro OEM Lancia <span style=\"line-height: normal; text-align: -webkit-right;\">82484465 de l\u2019ensemble du phare.<\/span><\/p>\n","protected":false},"excerpt":{"rendered":"<p>Phare en caoutchouc Lancia Kappa Left &#8211; Joint en caoutchouc gris utilis\u00e9 pour finir l\u2019espace entre le phare et la t\u00f4le pour le phare pour Lancia Kappa gauche, c\u00f4t\u00e9 conducteur.<\/p>\n","protected":false},"featured_media":35200,"comment_status":"closed","ping_status":"closed","template":"","meta":{"_acf_changed":false},"product_brand":[],"product_cat":[1862,1865,1860,1798,1870],"product_tag":[],"class_list":{"0":"post-60429","1":"product","2":"type-product","3":"status-publish","4":"has-post-thumbnail","6":"product_cat-berlina-fr","7":"product_cat-coupe-fr","8":"product_cat-kappa-838-fr","9":"product_cat-lancia-fr","10":"product_cat-sw-fr","11":"pa_soort-onderdeel-eclairage","12":"pa_soort-onderdeel-interieur-et-sellerie","14":"first","15":"instock","16":"shipping-taxable","17":"purchasable","18":"product-type-simple"},"acf":[],"yoast_head":"<!-- This site is optimized with the Yoast SEO plugin v27.3 - https:\/\/yoast.com\/product\/yoast-seo-wordpress\/ -->\n<title>Phare en caoutchouc Lancia Kappa Left - Turijnmagazijn<\/title>\n<meta name=\"robots\" content=\"index, follow, max-snippet:-1, max-image-preview:large, max-video-preview:-1\" \/>\n<link rel=\"canonical\" href=\"https:\/\/turijnmagazijn.nl\/fr\/produit\/rubber-phare-lancia-kappa-gauche\/\" \/>\n<meta property=\"og:locale\" content=\"fr_FR\" \/>\n<meta property=\"og:type\" content=\"article\" \/>\n<meta property=\"og:title\" content=\"Phare en caoutchouc Lancia Kappa Left - Turijnmagazijn\" \/>\n<meta property=\"og:description\" content=\"Phare en caoutchouc Lancia Kappa Left - Joint en caoutchouc gris utilis\u00e9 pour finir l\u2019espace entre le phare et la t\u00f4le pour le phare pour Lancia Kappa gauche, c\u00f4t\u00e9 conducteur.\" \/>\n<meta property=\"og:url\" content=\"https:\/\/turijnmagazijn.nl\/fr\/produit\/rubber-phare-lancia-kappa-gauche\/\" \/>\n<meta property=\"og:site_name\" content=\"Turijnmagazijn\" \/>\n<meta property=\"article:publisher\" content=\"https:\/\/www.facebook.com\/turijnmagazijn\" \/>\n<meta property=\"article:modified_time\" content=\"2025-04-17T14:58:45+00:00\" \/>\n<meta property=\"og:image\" content=\"https:\/\/turijnmagazijn.nl\/wp-content\/uploads\/2023\/03\/DK00100015-Rubber-koplamp-Lancia-Kappa-Links-6-1.jpg\" \/>\n\t<meta property=\"og:image:width\" content=\"1024\" \/>\n\t<meta property=\"og:image:height\" content=\"768\" \/>\n\t<meta property=\"og:image:type\" content=\"image\/jpeg\" \/>\n<meta name=\"twitter:card\" content=\"summary_large_image\" \/>\n<script type=\"application\/ld+json\" class=\"yoast-schema-graph\">{\"@context\":\"https:\\\/\\\/schema.org\",\"@graph\":[{\"@type\":\"WebPage\",\"@id\":\"https:\\\/\\\/turijnmagazijn.nl\\\/fr\\\/produit\\\/rubber-phare-lancia-kappa-gauche\\\/\",\"url\":\"https:\\\/\\\/turijnmagazijn.nl\\\/fr\\\/produit\\\/rubber-phare-lancia-kappa-gauche\\\/\",\"name\":\"Phare en caoutchouc Lancia Kappa Left - Turijnmagazijn\",\"isPartOf\":{\"@id\":\"https:\\\/\\\/turijnmagazijn.jumpstone-dev.nl\\\/#website\"},\"primaryImageOfPage\":{\"@id\":\"https:\\\/\\\/turijnmagazijn.nl\\\/fr\\\/produit\\\/rubber-phare-lancia-kappa-gauche\\\/#primaryimage\"},\"image\":{\"@id\":\"https:\\\/\\\/turijnmagazijn.nl\\\/fr\\\/produit\\\/rubber-phare-lancia-kappa-gauche\\\/#primaryimage\"},\"thumbnailUrl\":\"https:\\\/\\\/turijnmagazijn.nl\\\/wp-content\\\/uploads\\\/2023\\\/03\\\/DK00100015-Rubber-koplamp-Lancia-Kappa-Links-6-1.jpg\",\"datePublished\":\"2023-03-03T08:09:41+00:00\",\"dateModified\":\"2025-04-17T14:58:45+00:00\",\"breadcrumb\":{\"@id\":\"https:\\\/\\\/turijnmagazijn.nl\\\/fr\\\/produit\\\/rubber-phare-lancia-kappa-gauche\\\/#breadcrumb\"},\"inLanguage\":\"fr-FR\",\"potentialAction\":[{\"@type\":\"ReadAction\",\"target\":[\"https:\\\/\\\/turijnmagazijn.nl\\\/fr\\\/produit\\\/rubber-phare-lancia-kappa-gauche\\\/\"]}]},{\"@type\":\"ImageObject\",\"inLanguage\":\"fr-FR\",\"@id\":\"https:\\\/\\\/turijnmagazijn.nl\\\/fr\\\/produit\\\/rubber-phare-lancia-kappa-gauche\\\/#primaryimage\",\"url\":\"https:\\\/\\\/turijnmagazijn.nl\\\/wp-content\\\/uploads\\\/2023\\\/03\\\/DK00100015-Rubber-koplamp-Lancia-Kappa-Links-6-1.jpg\",\"contentUrl\":\"https:\\\/\\\/turijnmagazijn.nl\\\/wp-content\\\/uploads\\\/2023\\\/03\\\/DK00100015-Rubber-koplamp-Lancia-Kappa-Links-6-1.jpg\",\"width\":1024,\"height\":768},{\"@type\":\"BreadcrumbList\",\"@id\":\"https:\\\/\\\/turijnmagazijn.nl\\\/fr\\\/produit\\\/rubber-phare-lancia-kappa-gauche\\\/#breadcrumb\",\"itemListElement\":[{\"@type\":\"ListItem\",\"position\":1,\"name\":\"Home\",\"item\":\"https:\\\/\\\/turijnmagazijn.nl\\\/fr\\\/\"},{\"@type\":\"ListItem\",\"position\":2,\"name\":\"Produits\",\"item\":\"https:\\\/\\\/turijnmagazijn.nl\\\/fr\\\/shop\\\/\"},{\"@type\":\"ListItem\",\"position\":3,\"name\":\"Phare en caoutchouc Lancia Kappa Left\"}]},{\"@type\":\"WebSite\",\"@id\":\"https:\\\/\\\/turijnmagazijn.jumpstone-dev.nl\\\/#website\",\"url\":\"https:\\\/\\\/turijnmagazijn.jumpstone-dev.nl\\\/\",\"name\":\"Turijnmagazijn\",\"description\":\"Onderdelen nieuw en gebruikt - Fiat &amp; Lancia\",\"publisher\":{\"@id\":\"https:\\\/\\\/turijnmagazijn.jumpstone-dev.nl\\\/#organization\"},\"potentialAction\":[{\"@type\":\"SearchAction\",\"target\":{\"@type\":\"EntryPoint\",\"urlTemplate\":\"https:\\\/\\\/turijnmagazijn.jumpstone-dev.nl\\\/?s={search_term_string}\"},\"query-input\":{\"@type\":\"PropertyValueSpecification\",\"valueRequired\":true,\"valueName\":\"search_term_string\"}}],\"inLanguage\":\"fr-FR\"},{\"@type\":\"Organization\",\"@id\":\"https:\\\/\\\/turijnmagazijn.jumpstone-dev.nl\\\/#organization\",\"name\":\"Turijnmagazijn\",\"url\":\"https:\\\/\\\/turijnmagazijn.jumpstone-dev.nl\\\/\",\"logo\":{\"@type\":\"ImageObject\",\"inLanguage\":\"fr-FR\",\"@id\":\"https:\\\/\\\/turijnmagazijn.jumpstone-dev.nl\\\/#\\\/schema\\\/logo\\\/image\\\/\",\"url\":\"https:\\\/\\\/turijnmagazijn.nl\\\/wp-content\\\/uploads\\\/2021\\\/02\\\/turijnmagazijnlogo.png\",\"contentUrl\":\"https:\\\/\\\/turijnmagazijn.nl\\\/wp-content\\\/uploads\\\/2021\\\/02\\\/turijnmagazijnlogo.png\",\"width\":555,\"height\":270,\"caption\":\"Turijnmagazijn\"},\"image\":{\"@id\":\"https:\\\/\\\/turijnmagazijn.jumpstone-dev.nl\\\/#\\\/schema\\\/logo\\\/image\\\/\"},\"sameAs\":[\"https:\\\/\\\/www.facebook.com\\\/turijnmagazijn\"]}]}<\/script>\n<!-- \/ Yoast SEO plugin. -->","yoast_head_json":{"title":"Phare en caoutchouc Lancia Kappa Left - Turijnmagazijn","robots":{"index":"index","follow":"follow","max-snippet":"max-snippet:-1","max-image-preview":"max-image-preview:large","max-video-preview":"max-video-preview:-1"},"canonical":"https:\/\/turijnmagazijn.nl\/fr\/produit\/rubber-phare-lancia-kappa-gauche\/","og_locale":"fr_FR","og_type":"article","og_title":"Phare en caoutchouc Lancia Kappa Left - Turijnmagazijn","og_description":"Phare en caoutchouc Lancia Kappa Left - Joint en caoutchouc gris utilis\u00e9 pour finir l\u2019espace entre le phare et la t\u00f4le pour le phare pour Lancia Kappa gauche, c\u00f4t\u00e9 conducteur.","og_url":"https:\/\/turijnmagazijn.nl\/fr\/produit\/rubber-phare-lancia-kappa-gauche\/","og_site_name":"Turijnmagazijn","article_publisher":"https:\/\/www.facebook.com\/turijnmagazijn","article_modified_time":"2025-04-17T14:58:45+00:00","og_image":[{"width":1024,"height":768,"url":"https:\/\/turijnmagazijn.nl\/wp-content\/uploads\/2023\/03\/DK00100015-Rubber-koplamp-Lancia-Kappa-Links-6-1.jpg","type":"image\/jpeg"}],"twitter_card":"summary_large_image","schema":{"@context":"https:\/\/schema.org","@graph":[{"@type":"WebPage","@id":"https:\/\/turijnmagazijn.nl\/fr\/produit\/rubber-phare-lancia-kappa-gauche\/","url":"https:\/\/turijnmagazijn.nl\/fr\/produit\/rubber-phare-lancia-kappa-gauche\/","name":"Phare en caoutchouc Lancia Kappa Left - Turijnmagazijn","isPartOf":{"@id":"https:\/\/turijnmagazijn.jumpstone-dev.nl\/#website"},"primaryImageOfPage":{"@id":"https:\/\/turijnmagazijn.nl\/fr\/produit\/rubber-phare-lancia-kappa-gauche\/#primaryimage"},"image":{"@id":"https:\/\/turijnmagazijn.nl\/fr\/produit\/rubber-phare-lancia-kappa-gauche\/#primaryimage"},"thumbnailUrl":"https:\/\/turijnmagazijn.nl\/wp-content\/uploads\/2023\/03\/DK00100015-Rubber-koplamp-Lancia-Kappa-Links-6-1.jpg","datePublished":"2023-03-03T08:09:41+00:00","dateModified":"2025-04-17T14:58:45+00:00","breadcrumb":{"@id":"https:\/\/turijnmagazijn.nl\/fr\/produit\/rubber-phare-lancia-kappa-gauche\/#breadcrumb"},"inLanguage":"fr-FR","potentialAction":[{"@type":"ReadAction","target":["https:\/\/turijnmagazijn.nl\/fr\/produit\/rubber-phare-lancia-kappa-gauche\/"]}]},{"@type":"ImageObject","inLanguage":"fr-FR","@id":"https:\/\/turijnmagazijn.nl\/fr\/produit\/rubber-phare-lancia-kappa-gauche\/#primaryimage","url":"https:\/\/turijnmagazijn.nl\/wp-content\/uploads\/2023\/03\/DK00100015-Rubber-koplamp-Lancia-Kappa-Links-6-1.jpg","contentUrl":"https:\/\/turijnmagazijn.nl\/wp-content\/uploads\/2023\/03\/DK00100015-Rubber-koplamp-Lancia-Kappa-Links-6-1.jpg","width":1024,"height":768},{"@type":"BreadcrumbList","@id":"https:\/\/turijnmagazijn.nl\/fr\/produit\/rubber-phare-lancia-kappa-gauche\/#breadcrumb","itemListElement":[{"@type":"ListItem","position":1,"name":"Home","item":"https:\/\/turijnmagazijn.nl\/fr\/"},{"@type":"ListItem","position":2,"name":"Produits","item":"https:\/\/turijnmagazijn.nl\/fr\/shop\/"},{"@type":"ListItem","position":3,"name":"Phare en caoutchouc Lancia Kappa Left"}]},{"@type":"WebSite","@id":"https:\/\/turijnmagazijn.jumpstone-dev.nl\/#website","url":"https:\/\/turijnmagazijn.jumpstone-dev.nl\/","name":"Turijnmagazijn","description":"Onderdelen nieuw en gebruikt - Fiat &amp; Lancia","publisher":{"@id":"https:\/\/turijnmagazijn.jumpstone-dev.nl\/#organization"},"potentialAction":[{"@type":"SearchAction","target":{"@type":"EntryPoint","urlTemplate":"https:\/\/turijnmagazijn.jumpstone-dev.nl\/?s={search_term_string}"},"query-input":{"@type":"PropertyValueSpecification","valueRequired":true,"valueName":"search_term_string"}}],"inLanguage":"fr-FR"},{"@type":"Organization","@id":"https:\/\/turijnmagazijn.jumpstone-dev.nl\/#organization","name":"Turijnmagazijn","url":"https:\/\/turijnmagazijn.jumpstone-dev.nl\/","logo":{"@type":"ImageObject","inLanguage":"fr-FR","@id":"https:\/\/turijnmagazijn.jumpstone-dev.nl\/#\/schema\/logo\/image\/","url":"https:\/\/turijnmagazijn.nl\/wp-content\/uploads\/2021\/02\/turijnmagazijnlogo.png","contentUrl":"https:\/\/turijnmagazijn.nl\/wp-content\/uploads\/2021\/02\/turijnmagazijnlogo.png","width":555,"height":270,"caption":"Turijnmagazijn"},"image":{"@id":"https:\/\/turijnmagazijn.jumpstone-dev.nl\/#\/schema\/logo\/image\/"},"sameAs":["https:\/\/www.facebook.com\/turijnmagazijn"]}]}},"_links":{"self":[{"href":"https:\/\/turijnmagazijn.nl\/fr\/wp-json\/wp\/v2\/product\/60429","targetHints":{"allow":["GET"]}}],"collection":[{"href":"https:\/\/turijnmagazijn.nl\/fr\/wp-json\/wp\/v2\/product"}],"about":[{"href":"https:\/\/turijnmagazijn.nl\/fr\/wp-json\/wp\/v2\/types\/product"}],"replies":[{"embeddable":true,"href":"https:\/\/turijnmagazijn.nl\/fr\/wp-json\/wp\/v2\/comments?post=60429"}],"wp:featuredmedia":[{"embeddable":true,"href":"https:\/\/turijnmagazijn.nl\/fr\/wp-json\/wp\/v2\/media\/35200"}],"wp:attachment":[{"href":"https:\/\/turijnmagazijn.nl\/fr\/wp-json\/wp\/v2\/media?parent=60429"}],"wp:term":[{"taxonomy":"product_brand","embeddable":true,"href":"https:\/\/turijnmagazijn.nl\/fr\/wp-json\/wp\/v2\/product_brand?post=60429"},{"taxonomy":"product_cat","embeddable":true,"href":"https:\/\/turijnmagazijn.nl\/fr\/wp-json\/wp\/v2\/product_cat?post=60429"},{"taxonomy":"product_tag","embeddable":true,"href":"https:\/\/turijnmagazijn.nl\/fr\/wp-json\/wp\/v2\/product_tag?post=60429"}],"curies":[{"name":"wp","href":"https:\/\/api.w.org\/{rel}","templated":true}]}}