{"id":60472,"date":"2023-03-03T09:09:42","date_gmt":"2023-03-03T08:09:42","guid":{"rendered":"https:\/\/turijnmagazijn.nl\/product\/relais-noir-50a-alfa-lancia-fiat\/"},"modified":"2025-06-10T08:53:36","modified_gmt":"2025-06-10T06:53:36","slug":"relais-noir-50a-alpha-lancia-fiat","status":"publish","type":"product","link":"https:\/\/turijnmagazijn.nl\/fr\/produit\/relais-noir-50a-alpha-lancia-fiat\/","title":{"rendered":"Relais noir 50A Alfa Lancia Fiat"},"content":{"rendered":"<p>Relais qui contr\u00f4le le relief du verrou de contact pour l\u2019Alfa Romeo 166. L\u2019unit\u00e9 est situ\u00e9e \u00e0 la position A dans la bo\u00eete \u00e0 fusibles d\u2019une Alfa 166 au niveau du genou gauche du conducteur, sous le tableau de bord. Dans la bo\u00eete \u00e0 fusibles d\u2019une Lancia Kappa, ce relais se trouve \u00e0 la position E1 dans la bo\u00eete \u00e0 fusibles sous le tableau de bord.<\/p>\n<p>L&rsquo;unit\u00e9 est en bon \u00e9tat de fonctionnement, d\u00e9mont\u00e9e d&rsquo;une Alfa 166 de 1999. Une deuxi\u00e8me unit\u00e9 est disponible de la marque Siemens, d\u00e9mont\u00e9e d&rsquo;une Lancia Kappa sedan de 1995. inscriptions : 12V-50A B365 2110 TRW Sipea<\/p>\n<p>\u00c9galement appliqu\u00e9 aux mod\u00e8les Fiat;<\/p>\n<ul>\n<li>FIAT BARCHETTA<\/li>\n<li>FIAT BRAV<wbr><\/wbr>A\/BRAVO<\/li>\n<li>FIAT COUP\u00c9&rsquo;<\/li>\n<\/ul>\n<p>Num\u00e9ro OEM Alfa Romeo 7606542<\/p>\n<p>Lancia OEM 60813779<\/p>\n","protected":false},"excerpt":{"rendered":"<p>60813779 Relief relay 50A ignition switch Alfa 166 Lancia Kappa &#8211; Relais commandant la d\u00e9charge du commutateur d&rsquo;allumage pour l&rsquo;Alfa Romeo 166.Relay black 50A Alfa Lancia Fiat &#8211; Relais commandant la d\u00e9charge du commutateur d&rsquo;allumage pour l&rsquo;Alfa Romeo 166.Relay black 50A Alfa Lancia Fiat &#8211; Relais commandant la d\u00e9charge du commutateur d&rsquo;allumage pour l&rsquo;Alfa Rom<\/p>\n","protected":false},"featured_media":35360,"comment_status":"closed","ping_status":"closed","template":"","meta":{"_acf_changed":false},"product_brand":[],"product_cat":[1650,1582,1702,1862,1865,1719,1690,1860,1798,1870],"product_tag":[],"class_list":{"0":"post-60472","1":"product","2":"type-product","3":"status-publish","4":"has-post-thumbnail","6":"product_cat-166-936-fr","7":"product_cat-alfa-romeo-fr","8":"product_cat-barchetta-183-fr","9":"product_cat-berlina-fr","10":"product_cat-coupe-fr","11":"product_cat-coupe-175-fr","12":"product_cat-fiat-fr","13":"product_cat-kappa-838-fr","14":"product_cat-lancia-fr","15":"product_cat-sw-fr","16":"pa_soort-onderdeel-electronique-et-cables","18":"first","19":"instock","20":"shipping-taxable","21":"purchasable","22":"product-type-simple"},"acf":[],"yoast_head":"<!-- This site is optimized with the Yoast SEO plugin v27.3 - https:\/\/yoast.com\/product\/yoast-seo-wordpress\/ -->\n<title>Relais noir 50A Alfa Lancia Fiat - Turijnmagazijn<\/title>\n<meta name=\"robots\" content=\"index, follow, max-snippet:-1, max-image-preview:large, max-video-preview:-1\" \/>\n<link rel=\"canonical\" href=\"https:\/\/turijnmagazijn.nl\/fr\/produit\/relais-noir-50a-alpha-lancia-fiat\/\" \/>\n<meta property=\"og:locale\" content=\"fr_FR\" \/>\n<meta property=\"og:type\" content=\"article\" \/>\n<meta property=\"og:title\" content=\"Relais noir 50A Alfa Lancia Fiat - Turijnmagazijn\" \/>\n<meta property=\"og:description\" content=\"60813779 Relief relay 50A ignition switch Alfa 166 Lancia Kappa - Relais commandant la d\u00e9charge du commutateur d&#039;allumage pour l&#039;Alfa Romeo 166.Relay black 50A Alfa Lancia Fiat - Relais commandant la d\u00e9charge du commutateur d&#039;allumage pour l&#039;Alfa Romeo 166.Relay black 50A Alfa Lancia Fiat - Relais commandant la d\u00e9charge du commutateur d&#039;allumage pour l&#039;Alfa Rom\" \/>\n<meta property=\"og:url\" content=\"https:\/\/turijnmagazijn.nl\/fr\/produit\/relais-noir-50a-alpha-lancia-fiat\/\" \/>\n<meta property=\"og:site_name\" content=\"Turijnmagazijn\" \/>\n<meta property=\"article:publisher\" content=\"https:\/\/www.facebook.com\/turijnmagazijn\" \/>\n<meta property=\"article:modified_time\" content=\"2025-06-10T06:53:36+00:00\" \/>\n<meta property=\"og:image\" content=\"https:\/\/turijnmagazijn.nl\/wp-content\/uploads\/2023\/03\/ontlastingsrelais-contactslot-alfa-166-283.jpg\" \/>\n\t<meta property=\"og:image:width\" content=\"1440\" \/>\n\t<meta property=\"og:image:height\" content=\"1080\" \/>\n\t<meta property=\"og:image:type\" content=\"image\/jpeg\" \/>\n<meta name=\"twitter:card\" content=\"summary_large_image\" \/>\n<meta name=\"twitter:label1\" content=\"Dur\u00e9e de lecture estim\u00e9e\" \/>\n\t<meta name=\"twitter:data1\" content=\"1 minute\" \/>\n<script type=\"application\/ld+json\" class=\"yoast-schema-graph\">{\"@context\":\"https:\\\/\\\/schema.org\",\"@graph\":[{\"@type\":\"WebPage\",\"@id\":\"https:\\\/\\\/turijnmagazijn.nl\\\/fr\\\/produit\\\/relais-noir-50a-alpha-lancia-fiat\\\/\",\"url\":\"https:\\\/\\\/turijnmagazijn.nl\\\/fr\\\/produit\\\/relais-noir-50a-alpha-lancia-fiat\\\/\",\"name\":\"Relais noir 50A Alfa Lancia Fiat - Turijnmagazijn\",\"isPartOf\":{\"@id\":\"https:\\\/\\\/turijnmagazijn.jumpstone-dev.nl\\\/#website\"},\"primaryImageOfPage\":{\"@id\":\"https:\\\/\\\/turijnmagazijn.nl\\\/fr\\\/produit\\\/relais-noir-50a-alpha-lancia-fiat\\\/#primaryimage\"},\"image\":{\"@id\":\"https:\\\/\\\/turijnmagazijn.nl\\\/fr\\\/produit\\\/relais-noir-50a-alpha-lancia-fiat\\\/#primaryimage\"},\"thumbnailUrl\":\"https:\\\/\\\/turijnmagazijn.nl\\\/wp-content\\\/uploads\\\/2023\\\/03\\\/ontlastingsrelais-contactslot-alfa-166-283.jpg\",\"datePublished\":\"2023-03-03T08:09:42+00:00\",\"dateModified\":\"2025-06-10T06:53:36+00:00\",\"breadcrumb\":{\"@id\":\"https:\\\/\\\/turijnmagazijn.nl\\\/fr\\\/produit\\\/relais-noir-50a-alpha-lancia-fiat\\\/#breadcrumb\"},\"inLanguage\":\"fr-FR\",\"potentialAction\":[{\"@type\":\"ReadAction\",\"target\":[\"https:\\\/\\\/turijnmagazijn.nl\\\/fr\\\/produit\\\/relais-noir-50a-alpha-lancia-fiat\\\/\"]}]},{\"@type\":\"ImageObject\",\"inLanguage\":\"fr-FR\",\"@id\":\"https:\\\/\\\/turijnmagazijn.nl\\\/fr\\\/produit\\\/relais-noir-50a-alpha-lancia-fiat\\\/#primaryimage\",\"url\":\"https:\\\/\\\/turijnmagazijn.nl\\\/wp-content\\\/uploads\\\/2023\\\/03\\\/ontlastingsrelais-contactslot-alfa-166-283.jpg\",\"contentUrl\":\"https:\\\/\\\/turijnmagazijn.nl\\\/wp-content\\\/uploads\\\/2023\\\/03\\\/ontlastingsrelais-contactslot-alfa-166-283.jpg\",\"width\":1440,\"height\":1080},{\"@type\":\"BreadcrumbList\",\"@id\":\"https:\\\/\\\/turijnmagazijn.nl\\\/fr\\\/produit\\\/relais-noir-50a-alpha-lancia-fiat\\\/#breadcrumb\",\"itemListElement\":[{\"@type\":\"ListItem\",\"position\":1,\"name\":\"Home\",\"item\":\"https:\\\/\\\/turijnmagazijn.nl\\\/fr\\\/\"},{\"@type\":\"ListItem\",\"position\":2,\"name\":\"Produits\",\"item\":\"https:\\\/\\\/turijnmagazijn.nl\\\/fr\\\/shop\\\/\"},{\"@type\":\"ListItem\",\"position\":3,\"name\":\"Relais noir 50A Alfa Lancia Fiat\"}]},{\"@type\":\"WebSite\",\"@id\":\"https:\\\/\\\/turijnmagazijn.jumpstone-dev.nl\\\/#website\",\"url\":\"https:\\\/\\\/turijnmagazijn.jumpstone-dev.nl\\\/\",\"name\":\"Turijnmagazijn\",\"description\":\"Onderdelen nieuw en gebruikt - Fiat &amp; Lancia\",\"publisher\":{\"@id\":\"https:\\\/\\\/turijnmagazijn.jumpstone-dev.nl\\\/#organization\"},\"potentialAction\":[{\"@type\":\"SearchAction\",\"target\":{\"@type\":\"EntryPoint\",\"urlTemplate\":\"https:\\\/\\\/turijnmagazijn.jumpstone-dev.nl\\\/?s={search_term_string}\"},\"query-input\":{\"@type\":\"PropertyValueSpecification\",\"valueRequired\":true,\"valueName\":\"search_term_string\"}}],\"inLanguage\":\"fr-FR\"},{\"@type\":\"Organization\",\"@id\":\"https:\\\/\\\/turijnmagazijn.jumpstone-dev.nl\\\/#organization\",\"name\":\"Turijnmagazijn\",\"url\":\"https:\\\/\\\/turijnmagazijn.jumpstone-dev.nl\\\/\",\"logo\":{\"@type\":\"ImageObject\",\"inLanguage\":\"fr-FR\",\"@id\":\"https:\\\/\\\/turijnmagazijn.jumpstone-dev.nl\\\/#\\\/schema\\\/logo\\\/image\\\/\",\"url\":\"https:\\\/\\\/turijnmagazijn.nl\\\/wp-content\\\/uploads\\\/2021\\\/02\\\/turijnmagazijnlogo.png\",\"contentUrl\":\"https:\\\/\\\/turijnmagazijn.nl\\\/wp-content\\\/uploads\\\/2021\\\/02\\\/turijnmagazijnlogo.png\",\"width\":555,\"height\":270,\"caption\":\"Turijnmagazijn\"},\"image\":{\"@id\":\"https:\\\/\\\/turijnmagazijn.jumpstone-dev.nl\\\/#\\\/schema\\\/logo\\\/image\\\/\"},\"sameAs\":[\"https:\\\/\\\/www.facebook.com\\\/turijnmagazijn\"]}]}<\/script>\n<!-- \/ Yoast SEO plugin. -->","yoast_head_json":{"title":"Relais noir 50A Alfa Lancia Fiat - Turijnmagazijn","robots":{"index":"index","follow":"follow","max-snippet":"max-snippet:-1","max-image-preview":"max-image-preview:large","max-video-preview":"max-video-preview:-1"},"canonical":"https:\/\/turijnmagazijn.nl\/fr\/produit\/relais-noir-50a-alpha-lancia-fiat\/","og_locale":"fr_FR","og_type":"article","og_title":"Relais noir 50A Alfa Lancia Fiat - Turijnmagazijn","og_description":"60813779 Relief relay 50A ignition switch Alfa 166 Lancia Kappa - Relais commandant la d\u00e9charge du commutateur d'allumage pour l'Alfa Romeo 166.Relay black 50A Alfa Lancia Fiat - Relais commandant la d\u00e9charge du commutateur d'allumage pour l'Alfa Romeo 166.Relay black 50A Alfa Lancia Fiat - Relais commandant la d\u00e9charge du commutateur d'allumage pour l'Alfa Rom","og_url":"https:\/\/turijnmagazijn.nl\/fr\/produit\/relais-noir-50a-alpha-lancia-fiat\/","og_site_name":"Turijnmagazijn","article_publisher":"https:\/\/www.facebook.com\/turijnmagazijn","article_modified_time":"2025-06-10T06:53:36+00:00","og_image":[{"width":1440,"height":1080,"url":"https:\/\/turijnmagazijn.nl\/wp-content\/uploads\/2023\/03\/ontlastingsrelais-contactslot-alfa-166-283.jpg","type":"image\/jpeg"}],"twitter_card":"summary_large_image","twitter_misc":{"Dur\u00e9e de lecture estim\u00e9e":"1 minute"},"schema":{"@context":"https:\/\/schema.org","@graph":[{"@type":"WebPage","@id":"https:\/\/turijnmagazijn.nl\/fr\/produit\/relais-noir-50a-alpha-lancia-fiat\/","url":"https:\/\/turijnmagazijn.nl\/fr\/produit\/relais-noir-50a-alpha-lancia-fiat\/","name":"Relais noir 50A Alfa Lancia Fiat - Turijnmagazijn","isPartOf":{"@id":"https:\/\/turijnmagazijn.jumpstone-dev.nl\/#website"},"primaryImageOfPage":{"@id":"https:\/\/turijnmagazijn.nl\/fr\/produit\/relais-noir-50a-alpha-lancia-fiat\/#primaryimage"},"image":{"@id":"https:\/\/turijnmagazijn.nl\/fr\/produit\/relais-noir-50a-alpha-lancia-fiat\/#primaryimage"},"thumbnailUrl":"https:\/\/turijnmagazijn.nl\/wp-content\/uploads\/2023\/03\/ontlastingsrelais-contactslot-alfa-166-283.jpg","datePublished":"2023-03-03T08:09:42+00:00","dateModified":"2025-06-10T06:53:36+00:00","breadcrumb":{"@id":"https:\/\/turijnmagazijn.nl\/fr\/produit\/relais-noir-50a-alpha-lancia-fiat\/#breadcrumb"},"inLanguage":"fr-FR","potentialAction":[{"@type":"ReadAction","target":["https:\/\/turijnmagazijn.nl\/fr\/produit\/relais-noir-50a-alpha-lancia-fiat\/"]}]},{"@type":"ImageObject","inLanguage":"fr-FR","@id":"https:\/\/turijnmagazijn.nl\/fr\/produit\/relais-noir-50a-alpha-lancia-fiat\/#primaryimage","url":"https:\/\/turijnmagazijn.nl\/wp-content\/uploads\/2023\/03\/ontlastingsrelais-contactslot-alfa-166-283.jpg","contentUrl":"https:\/\/turijnmagazijn.nl\/wp-content\/uploads\/2023\/03\/ontlastingsrelais-contactslot-alfa-166-283.jpg","width":1440,"height":1080},{"@type":"BreadcrumbList","@id":"https:\/\/turijnmagazijn.nl\/fr\/produit\/relais-noir-50a-alpha-lancia-fiat\/#breadcrumb","itemListElement":[{"@type":"ListItem","position":1,"name":"Home","item":"https:\/\/turijnmagazijn.nl\/fr\/"},{"@type":"ListItem","position":2,"name":"Produits","item":"https:\/\/turijnmagazijn.nl\/fr\/shop\/"},{"@type":"ListItem","position":3,"name":"Relais noir 50A Alfa Lancia Fiat"}]},{"@type":"WebSite","@id":"https:\/\/turijnmagazijn.jumpstone-dev.nl\/#website","url":"https:\/\/turijnmagazijn.jumpstone-dev.nl\/","name":"Turijnmagazijn","description":"Onderdelen nieuw en gebruikt - Fiat &amp; Lancia","publisher":{"@id":"https:\/\/turijnmagazijn.jumpstone-dev.nl\/#organization"},"potentialAction":[{"@type":"SearchAction","target":{"@type":"EntryPoint","urlTemplate":"https:\/\/turijnmagazijn.jumpstone-dev.nl\/?s={search_term_string}"},"query-input":{"@type":"PropertyValueSpecification","valueRequired":true,"valueName":"search_term_string"}}],"inLanguage":"fr-FR"},{"@type":"Organization","@id":"https:\/\/turijnmagazijn.jumpstone-dev.nl\/#organization","name":"Turijnmagazijn","url":"https:\/\/turijnmagazijn.jumpstone-dev.nl\/","logo":{"@type":"ImageObject","inLanguage":"fr-FR","@id":"https:\/\/turijnmagazijn.jumpstone-dev.nl\/#\/schema\/logo\/image\/","url":"https:\/\/turijnmagazijn.nl\/wp-content\/uploads\/2021\/02\/turijnmagazijnlogo.png","contentUrl":"https:\/\/turijnmagazijn.nl\/wp-content\/uploads\/2021\/02\/turijnmagazijnlogo.png","width":555,"height":270,"caption":"Turijnmagazijn"},"image":{"@id":"https:\/\/turijnmagazijn.jumpstone-dev.nl\/#\/schema\/logo\/image\/"},"sameAs":["https:\/\/www.facebook.com\/turijnmagazijn"]}]}},"_links":{"self":[{"href":"https:\/\/turijnmagazijn.nl\/fr\/wp-json\/wp\/v2\/product\/60472","targetHints":{"allow":["GET"]}}],"collection":[{"href":"https:\/\/turijnmagazijn.nl\/fr\/wp-json\/wp\/v2\/product"}],"about":[{"href":"https:\/\/turijnmagazijn.nl\/fr\/wp-json\/wp\/v2\/types\/product"}],"replies":[{"embeddable":true,"href":"https:\/\/turijnmagazijn.nl\/fr\/wp-json\/wp\/v2\/comments?post=60472"}],"wp:featuredmedia":[{"embeddable":true,"href":"https:\/\/turijnmagazijn.nl\/fr\/wp-json\/wp\/v2\/media\/35360"}],"wp:attachment":[{"href":"https:\/\/turijnmagazijn.nl\/fr\/wp-json\/wp\/v2\/media?parent=60472"}],"wp:term":[{"taxonomy":"product_brand","embeddable":true,"href":"https:\/\/turijnmagazijn.nl\/fr\/wp-json\/wp\/v2\/product_brand?post=60472"},{"taxonomy":"product_cat","embeddable":true,"href":"https:\/\/turijnmagazijn.nl\/fr\/wp-json\/wp\/v2\/product_cat?post=60472"},{"taxonomy":"product_tag","embeddable":true,"href":"https:\/\/turijnmagazijn.nl\/fr\/wp-json\/wp\/v2\/product_tag?post=60472"}],"curies":[{"name":"wp","href":"https:\/\/api.w.org\/{rel}","templated":true}]}}