{"id":60483,"date":"2023-03-03T09:09:42","date_gmt":"2023-03-03T08:09:42","guid":{"rendered":"https:\/\/turijnmagazijn.nl\/product\/tableau-de-bord-alfa-166-2-0-16v-twinspark\/"},"modified":"2023-07-26T13:37:56","modified_gmt":"2023-07-26T11:37:56","slug":"tableau-de-bord-alfa-166-2-0-16v-twinspark","status":"publish","type":"product","link":"https:\/\/turijnmagazijn.nl\/fr\/produit\/tableau-de-bord-alfa-166-2-0-16v-twinspark\/","title":{"rendered":"Tableau de bord Alfa 166 2.0 16V TwinSpark"},"content":{"rendered":"<p>Tableau de bord pour une Alfa Romeo 166 2.0 16V TwinSpark. L\u2019instrumentation provient d\u2019une Alfa 166 construite en 1999. La lecture du compteur kilom\u00e9trique de l\u2019horloge est d\u2019environ 291 000 km. L\u2019instrumentation comprend un tachym\u00e8tre, le kilom\u00e9trage, la jauge de niveau de carburant, la jauge de temp\u00e9rature de l\u2019eau de refroidissement ainsi que des voyants.<\/p>\n<p>L\u2019\u00e9cran est test\u00e9 et exempt de&nbsp;pixels morts, tous les compteurs fonctionnent correctement.&nbsp; Cette armoire de comptoir est fabriqu\u00e9e par Magneti Marelli.<\/p>\n<p>Num\u00e9ro OEM Alfa Romeo&nbsp;<\/p>\n","protected":false},"excerpt":{"rendered":"<p>Tableau de bord Alfa 166 2.0 16V TwinSpark &#8211; Tableau de bord pour une Alfa Romeo 166 2.<\/p>\n","protected":false},"featured_media":35380,"comment_status":"open","ping_status":"closed","template":"","meta":{"_acf_changed":false},"product_brand":[],"product_cat":[1650,1582],"product_tag":[],"class_list":{"0":"post-60483","1":"product","2":"type-product","3":"status-publish","4":"has-post-thumbnail","6":"product_cat-166-936-fr","7":"product_cat-alfa-romeo-fr","8":"pa_soort-onderdeel-tableau-de-bord-et-commutateurs","10":"first","11":"instock","12":"shipping-taxable","13":"purchasable","14":"product-type-simple"},"acf":[],"yoast_head":"<!-- This site is optimized with the Yoast SEO plugin v27.2 - https:\/\/yoast.com\/product\/yoast-seo-wordpress\/ -->\n<title>Tableau de bord Alfa 166 2.0 16V TwinSpark - Turijnmagazijn<\/title>\n<meta name=\"robots\" content=\"index, follow, max-snippet:-1, max-image-preview:large, max-video-preview:-1\" \/>\n<link rel=\"canonical\" href=\"https:\/\/turijnmagazijn.nl\/fr\/produit\/tableau-de-bord-alfa-166-2-0-16v-twinspark\/\" \/>\n<meta property=\"og:locale\" content=\"fr_FR\" \/>\n<meta property=\"og:type\" content=\"article\" \/>\n<meta property=\"og:title\" content=\"Tableau de bord Alfa 166 2.0 16V TwinSpark - Turijnmagazijn\" \/>\n<meta property=\"og:description\" content=\"Tableau de bord Alfa 166 2.0 16V TwinSpark - Tableau de bord pour une Alfa Romeo 166 2.\" \/>\n<meta property=\"og:url\" content=\"https:\/\/turijnmagazijn.nl\/fr\/produit\/tableau-de-bord-alfa-166-2-0-16v-twinspark\/\" \/>\n<meta property=\"og:site_name\" content=\"Turijnmagazijn\" \/>\n<meta property=\"article:publisher\" content=\"https:\/\/www.facebook.com\/turijnmagazijn\" \/>\n<meta property=\"article:modified_time\" content=\"2023-07-26T11:37:56+00:00\" \/>\n<meta property=\"og:image\" content=\"https:\/\/turijnmagazijn.jumpstone-dev.nl\/wp-content\/uploads\/2023\/03\/DK00100189_Instrumentenpaneel_Alfa_166_2.0_16V_TwinSpark_2-1.jpg\" \/>\n\t<meta property=\"og:image:width\" content=\"800\" \/>\n\t<meta property=\"og:image:height\" content=\"600\" \/>\n\t<meta property=\"og:image:type\" content=\"image\/jpeg\" \/>\n<meta name=\"twitter:card\" content=\"summary_large_image\" \/>\n<script type=\"application\/ld+json\" class=\"yoast-schema-graph\">{\"@context\":\"https:\/\/schema.org\",\"@graph\":[{\"@type\":\"WebPage\",\"@id\":\"https:\/\/turijnmagazijn.nl\/fr\/produit\/tableau-de-bord-alfa-166-2-0-16v-twinspark\/\",\"url\":\"https:\/\/turijnmagazijn.nl\/fr\/produit\/tableau-de-bord-alfa-166-2-0-16v-twinspark\/\",\"name\":\"Tableau de bord Alfa 166 2.0 16V TwinSpark - Turijnmagazijn\",\"isPartOf\":{\"@id\":\"https:\/\/turijnmagazijn.jumpstone-dev.nl\/#website\"},\"primaryImageOfPage\":{\"@id\":\"https:\/\/turijnmagazijn.nl\/fr\/produit\/tableau-de-bord-alfa-166-2-0-16v-twinspark\/#primaryimage\"},\"image\":{\"@id\":\"https:\/\/turijnmagazijn.nl\/fr\/produit\/tableau-de-bord-alfa-166-2-0-16v-twinspark\/#primaryimage\"},\"thumbnailUrl\":\"https:\/\/turijnmagazijn.nl\/wp-content\/uploads\/2023\/03\/DK00100189_Instrumentenpaneel_Alfa_166_2.0_16V_TwinSpark_2-1.jpg\",\"datePublished\":\"2023-03-03T08:09:42+00:00\",\"dateModified\":\"2023-07-26T11:37:56+00:00\",\"breadcrumb\":{\"@id\":\"https:\/\/turijnmagazijn.nl\/fr\/produit\/tableau-de-bord-alfa-166-2-0-16v-twinspark\/#breadcrumb\"},\"inLanguage\":\"fr-FR\",\"potentialAction\":[{\"@type\":\"ReadAction\",\"target\":[\"https:\/\/turijnmagazijn.nl\/fr\/produit\/tableau-de-bord-alfa-166-2-0-16v-twinspark\/\"]}]},{\"@type\":\"ImageObject\",\"inLanguage\":\"fr-FR\",\"@id\":\"https:\/\/turijnmagazijn.nl\/fr\/produit\/tableau-de-bord-alfa-166-2-0-16v-twinspark\/#primaryimage\",\"url\":\"https:\/\/turijnmagazijn.nl\/wp-content\/uploads\/2023\/03\/DK00100189_Instrumentenpaneel_Alfa_166_2.0_16V_TwinSpark_2-1.jpg\",\"contentUrl\":\"https:\/\/turijnmagazijn.nl\/wp-content\/uploads\/2023\/03\/DK00100189_Instrumentenpaneel_Alfa_166_2.0_16V_TwinSpark_2-1.jpg\",\"width\":800,\"height\":600},{\"@type\":\"BreadcrumbList\",\"@id\":\"https:\/\/turijnmagazijn.nl\/fr\/produit\/tableau-de-bord-alfa-166-2-0-16v-twinspark\/#breadcrumb\",\"itemListElement\":[{\"@type\":\"ListItem\",\"position\":1,\"name\":\"Home\",\"item\":\"https:\/\/turijnmagazijn.nl\/fr\/\"},{\"@type\":\"ListItem\",\"position\":2,\"name\":\"Produits\",\"item\":\"https:\/\/turijnmagazijn.nl\/fr\/shop\/\"},{\"@type\":\"ListItem\",\"position\":3,\"name\":\"Tableau de bord Alfa 166 2.0 16V TwinSpark\"}]},{\"@type\":\"WebSite\",\"@id\":\"https:\/\/turijnmagazijn.jumpstone-dev.nl\/#website\",\"url\":\"https:\/\/turijnmagazijn.jumpstone-dev.nl\/\",\"name\":\"Turijnmagazijn\",\"description\":\"Onderdelen nieuw en gebruikt - Fiat &amp; Lancia\",\"publisher\":{\"@id\":\"https:\/\/turijnmagazijn.jumpstone-dev.nl\/#organization\"},\"potentialAction\":[{\"@type\":\"SearchAction\",\"target\":{\"@type\":\"EntryPoint\",\"urlTemplate\":\"https:\/\/turijnmagazijn.jumpstone-dev.nl\/?s={search_term_string}\"},\"query-input\":{\"@type\":\"PropertyValueSpecification\",\"valueRequired\":true,\"valueName\":\"search_term_string\"}}],\"inLanguage\":\"fr-FR\"},{\"@type\":\"Organization\",\"@id\":\"https:\/\/turijnmagazijn.jumpstone-dev.nl\/#organization\",\"name\":\"Turijnmagazijn\",\"url\":\"https:\/\/turijnmagazijn.jumpstone-dev.nl\/\",\"logo\":{\"@type\":\"ImageObject\",\"inLanguage\":\"fr-FR\",\"@id\":\"https:\/\/turijnmagazijn.jumpstone-dev.nl\/#\/schema\/logo\/image\/\",\"url\":\"https:\/\/turijnmagazijn.nl\/wp-content\/uploads\/2021\/02\/turijnmagazijnlogo.png\",\"contentUrl\":\"https:\/\/turijnmagazijn.nl\/wp-content\/uploads\/2021\/02\/turijnmagazijnlogo.png\",\"width\":555,\"height\":270,\"caption\":\"Turijnmagazijn\"},\"image\":{\"@id\":\"https:\/\/turijnmagazijn.jumpstone-dev.nl\/#\/schema\/logo\/image\/\"},\"sameAs\":[\"https:\/\/www.facebook.com\/turijnmagazijn\"]}]}<\/script>\n<!-- \/ Yoast SEO plugin. -->","yoast_head_json":{"title":"Tableau de bord Alfa 166 2.0 16V TwinSpark - Turijnmagazijn","robots":{"index":"index","follow":"follow","max-snippet":"max-snippet:-1","max-image-preview":"max-image-preview:large","max-video-preview":"max-video-preview:-1"},"canonical":"https:\/\/turijnmagazijn.nl\/fr\/produit\/tableau-de-bord-alfa-166-2-0-16v-twinspark\/","og_locale":"fr_FR","og_type":"article","og_title":"Tableau de bord Alfa 166 2.0 16V TwinSpark - Turijnmagazijn","og_description":"Tableau de bord Alfa 166 2.0 16V TwinSpark - Tableau de bord pour une Alfa Romeo 166 2.","og_url":"https:\/\/turijnmagazijn.nl\/fr\/produit\/tableau-de-bord-alfa-166-2-0-16v-twinspark\/","og_site_name":"Turijnmagazijn","article_publisher":"https:\/\/www.facebook.com\/turijnmagazijn","article_modified_time":"2023-07-26T11:37:56+00:00","og_image":[{"width":800,"height":600,"url":"https:\/\/turijnmagazijn.jumpstone-dev.nl\/wp-content\/uploads\/2023\/03\/DK00100189_Instrumentenpaneel_Alfa_166_2.0_16V_TwinSpark_2-1.jpg","type":"image\/jpeg"}],"twitter_card":"summary_large_image","schema":{"@context":"https:\/\/schema.org","@graph":[{"@type":"WebPage","@id":"https:\/\/turijnmagazijn.nl\/fr\/produit\/tableau-de-bord-alfa-166-2-0-16v-twinspark\/","url":"https:\/\/turijnmagazijn.nl\/fr\/produit\/tableau-de-bord-alfa-166-2-0-16v-twinspark\/","name":"Tableau de bord Alfa 166 2.0 16V TwinSpark - Turijnmagazijn","isPartOf":{"@id":"https:\/\/turijnmagazijn.jumpstone-dev.nl\/#website"},"primaryImageOfPage":{"@id":"https:\/\/turijnmagazijn.nl\/fr\/produit\/tableau-de-bord-alfa-166-2-0-16v-twinspark\/#primaryimage"},"image":{"@id":"https:\/\/turijnmagazijn.nl\/fr\/produit\/tableau-de-bord-alfa-166-2-0-16v-twinspark\/#primaryimage"},"thumbnailUrl":"https:\/\/turijnmagazijn.nl\/wp-content\/uploads\/2023\/03\/DK00100189_Instrumentenpaneel_Alfa_166_2.0_16V_TwinSpark_2-1.jpg","datePublished":"2023-03-03T08:09:42+00:00","dateModified":"2023-07-26T11:37:56+00:00","breadcrumb":{"@id":"https:\/\/turijnmagazijn.nl\/fr\/produit\/tableau-de-bord-alfa-166-2-0-16v-twinspark\/#breadcrumb"},"inLanguage":"fr-FR","potentialAction":[{"@type":"ReadAction","target":["https:\/\/turijnmagazijn.nl\/fr\/produit\/tableau-de-bord-alfa-166-2-0-16v-twinspark\/"]}]},{"@type":"ImageObject","inLanguage":"fr-FR","@id":"https:\/\/turijnmagazijn.nl\/fr\/produit\/tableau-de-bord-alfa-166-2-0-16v-twinspark\/#primaryimage","url":"https:\/\/turijnmagazijn.nl\/wp-content\/uploads\/2023\/03\/DK00100189_Instrumentenpaneel_Alfa_166_2.0_16V_TwinSpark_2-1.jpg","contentUrl":"https:\/\/turijnmagazijn.nl\/wp-content\/uploads\/2023\/03\/DK00100189_Instrumentenpaneel_Alfa_166_2.0_16V_TwinSpark_2-1.jpg","width":800,"height":600},{"@type":"BreadcrumbList","@id":"https:\/\/turijnmagazijn.nl\/fr\/produit\/tableau-de-bord-alfa-166-2-0-16v-twinspark\/#breadcrumb","itemListElement":[{"@type":"ListItem","position":1,"name":"Home","item":"https:\/\/turijnmagazijn.nl\/fr\/"},{"@type":"ListItem","position":2,"name":"Produits","item":"https:\/\/turijnmagazijn.nl\/fr\/shop\/"},{"@type":"ListItem","position":3,"name":"Tableau de bord Alfa 166 2.0 16V TwinSpark"}]},{"@type":"WebSite","@id":"https:\/\/turijnmagazijn.jumpstone-dev.nl\/#website","url":"https:\/\/turijnmagazijn.jumpstone-dev.nl\/","name":"Turijnmagazijn","description":"Onderdelen nieuw en gebruikt - Fiat &amp; Lancia","publisher":{"@id":"https:\/\/turijnmagazijn.jumpstone-dev.nl\/#organization"},"potentialAction":[{"@type":"SearchAction","target":{"@type":"EntryPoint","urlTemplate":"https:\/\/turijnmagazijn.jumpstone-dev.nl\/?s={search_term_string}"},"query-input":{"@type":"PropertyValueSpecification","valueRequired":true,"valueName":"search_term_string"}}],"inLanguage":"fr-FR"},{"@type":"Organization","@id":"https:\/\/turijnmagazijn.jumpstone-dev.nl\/#organization","name":"Turijnmagazijn","url":"https:\/\/turijnmagazijn.jumpstone-dev.nl\/","logo":{"@type":"ImageObject","inLanguage":"fr-FR","@id":"https:\/\/turijnmagazijn.jumpstone-dev.nl\/#\/schema\/logo\/image\/","url":"https:\/\/turijnmagazijn.nl\/wp-content\/uploads\/2021\/02\/turijnmagazijnlogo.png","contentUrl":"https:\/\/turijnmagazijn.nl\/wp-content\/uploads\/2021\/02\/turijnmagazijnlogo.png","width":555,"height":270,"caption":"Turijnmagazijn"},"image":{"@id":"https:\/\/turijnmagazijn.jumpstone-dev.nl\/#\/schema\/logo\/image\/"},"sameAs":["https:\/\/www.facebook.com\/turijnmagazijn"]}]}},"_links":{"self":[{"href":"https:\/\/turijnmagazijn.nl\/fr\/wp-json\/wp\/v2\/product\/60483","targetHints":{"allow":["GET"]}}],"collection":[{"href":"https:\/\/turijnmagazijn.nl\/fr\/wp-json\/wp\/v2\/product"}],"about":[{"href":"https:\/\/turijnmagazijn.nl\/fr\/wp-json\/wp\/v2\/types\/product"}],"replies":[{"embeddable":true,"href":"https:\/\/turijnmagazijn.nl\/fr\/wp-json\/wp\/v2\/comments?post=60483"}],"wp:featuredmedia":[{"embeddable":true,"href":"https:\/\/turijnmagazijn.nl\/fr\/wp-json\/wp\/v2\/media\/35380"}],"wp:attachment":[{"href":"https:\/\/turijnmagazijn.nl\/fr\/wp-json\/wp\/v2\/media?parent=60483"}],"wp:term":[{"taxonomy":"product_brand","embeddable":true,"href":"https:\/\/turijnmagazijn.nl\/fr\/wp-json\/wp\/v2\/product_brand?post=60483"},{"taxonomy":"product_cat","embeddable":true,"href":"https:\/\/turijnmagazijn.nl\/fr\/wp-json\/wp\/v2\/product_cat?post=60483"},{"taxonomy":"product_tag","embeddable":true,"href":"https:\/\/turijnmagazijn.nl\/fr\/wp-json\/wp\/v2\/product_tag?post=60483"}],"curies":[{"name":"wp","href":"https:\/\/api.w.org\/{rel}","templated":true}]}}