{"id":60492,"date":"2023-03-03T09:09:42","date_gmt":"2023-03-03T08:09:42","guid":{"rendered":"https:\/\/turijnmagazijn.nl\/product\/feu-antibrouillard-relais-feux-de-croisement-klaxon-lumiere-de-ville-lancia-delta\/"},"modified":"2026-01-11T17:09:25","modified_gmt":"2026-01-11T16:09:25","slug":"relais-brouillard-lumineux-feux-de-croisement-klaxon-ville-lumiere-lancia-delta","status":"publish","type":"product","link":"https:\/\/turijnmagazijn.nl\/fr\/produit\/relais-brouillard-lumineux-feux-de-croisement-klaxon-ville-lumiere-lancia-delta\/","title":{"rendered":"Feu antibrouillard relais, feux de croisement, klaxon, lumi\u00e8re de ville Lancia Delta"},"content":{"rendered":"<p>Relais (gris) de 20 amp\u00e8res pour la Lancia Delta du 2\u00e8me type. Le relais est utilis\u00e9 sur cette voiture pour allumer les feux de brouillard avant, les feux de croisement, les feux de ville et le klaxon. Les ann\u00e9es de construction de cette voiture se situent entre 1993 et 2000. Ce type de relais a \u00e9galement \u00e9t\u00e9 appliqu\u00e9 \u00e0 diverses autres Lancias.<\/p>\n<p>Application \u00e0 Lancia Delta Integrale pour le chauffage de la lunette arri\u00e8re et l\u2019essuie-glace.<\/p>\n<p>Num\u00e9ro OEM Lancia 7686773<\/p>\n","protected":false},"excerpt":{"rendered":"<p>7686773 Relais feu de brouillard, feu de croisement, klaxon, \u00e9clairage urbain Lancia Delta e.2 &#8211; Relais (gris) de 20 amp\u00e8res pour la Lancia Delta du 2\u00e8me type.Relais feu de brouillard, feu de croisement, klaxon, \u00e9clairage urbain Lancia Delta &#8211; Relais (gris) de 20 amp\u00e8res.<\/p>\n","protected":false},"featured_media":93001,"comment_status":"closed","ping_status":"closed","template":"","meta":{"_acf_changed":false},"product_brand":[],"product_cat":[1809,1846,1851,1806,1841,1819,1821,1825,1836,1830,1838,1798],"product_tag":[],"class_list":{"0":"post-60492","1":"product","2":"type-product","3":"status-publish","4":"has-post-thumbnail","6":"product_cat-1-1-1-3-1-5-fr","7":"product_cat-3-deurs-hpe-fr","8":"product_cat-5-deurs-fr","9":"product_cat-delta-1-831-fr","10":"product_cat-delta-2-836-fr","11":"product_cat-gt-i-e-fr","12":"product_cat-hf-4wd-fr","13":"product_cat-hf-turbo-fr","14":"product_cat-integrale-16v-fr","15":"product_cat-integrale-8v-fr","16":"product_cat-integrale-evo-fr","17":"product_cat-lancia-fr","18":"pa_soort-onderdeel-electronique-et-cables","20":"first","21":"instock","22":"shipping-taxable","23":"purchasable","24":"product-type-simple"},"acf":[],"yoast_head":"<!-- This site is optimized with the Yoast SEO plugin v27.2 - https:\/\/yoast.com\/product\/yoast-seo-wordpress\/ -->\n<title>Feu antibrouillard relais, feux de croisement, klaxon, lumi\u00e8re de ville Lancia Delta - Turijnmagazijn<\/title>\n<meta name=\"robots\" content=\"index, follow, max-snippet:-1, max-image-preview:large, max-video-preview:-1\" \/>\n<link rel=\"canonical\" href=\"https:\/\/turijnmagazijn.nl\/fr\/produit\/relais-brouillard-lumineux-feux-de-croisement-klaxon-ville-lumiere-lancia-delta\/\" \/>\n<meta property=\"og:locale\" content=\"fr_FR\" \/>\n<meta property=\"og:type\" content=\"article\" \/>\n<meta property=\"og:title\" content=\"Feu antibrouillard relais, feux de croisement, klaxon, lumi\u00e8re de ville Lancia Delta - Turijnmagazijn\" \/>\n<meta property=\"og:description\" content=\"7686773 Relais feu de brouillard, feu de croisement, klaxon, \u00e9clairage urbain Lancia Delta e.2 - Relais (gris) de 20 amp\u00e8res pour la Lancia Delta du 2\u00e8me type.Relais feu de brouillard, feu de croisement, klaxon, \u00e9clairage urbain Lancia Delta - Relais (gris) de 20 amp\u00e8res.\" \/>\n<meta property=\"og:url\" content=\"https:\/\/turijnmagazijn.nl\/fr\/produit\/relais-brouillard-lumineux-feux-de-croisement-klaxon-ville-lumiere-lancia-delta\/\" \/>\n<meta property=\"og:site_name\" content=\"Turijnmagazijn\" \/>\n<meta property=\"article:publisher\" content=\"https:\/\/www.facebook.com\/turijnmagazijn\" \/>\n<meta property=\"article:modified_time\" content=\"2026-01-11T16:09:25+00:00\" \/>\n<meta property=\"og:image\" content=\"https:\/\/turijnmagazijn.nl\/wp-content\/uploads\/2023\/03\/relais-mistlicht-dimlicht-claxon-stadslicht-lancia-delta-e-2-243.jpg\" \/>\n\t<meta property=\"og:image:width\" content=\"1440\" \/>\n\t<meta property=\"og:image:height\" content=\"1080\" \/>\n\t<meta property=\"og:image:type\" content=\"image\/jpeg\" \/>\n<meta name=\"twitter:card\" content=\"summary_large_image\" \/>\n<script type=\"application\/ld+json\" class=\"yoast-schema-graph\">{\"@context\":\"https:\/\/schema.org\",\"@graph\":[{\"@type\":\"WebPage\",\"@id\":\"https:\/\/turijnmagazijn.nl\/fr\/produit\/relais-brouillard-lumineux-feux-de-croisement-klaxon-ville-lumiere-lancia-delta\/\",\"url\":\"https:\/\/turijnmagazijn.nl\/fr\/produit\/relais-brouillard-lumineux-feux-de-croisement-klaxon-ville-lumiere-lancia-delta\/\",\"name\":\"Feu antibrouillard relais, feux de croisement, klaxon, lumi\u00e8re de ville Lancia Delta - Turijnmagazijn\",\"isPartOf\":{\"@id\":\"https:\/\/turijnmagazijn.jumpstone-dev.nl\/#website\"},\"primaryImageOfPage\":{\"@id\":\"https:\/\/turijnmagazijn.nl\/fr\/produit\/relais-brouillard-lumineux-feux-de-croisement-klaxon-ville-lumiere-lancia-delta\/#primaryimage\"},\"image\":{\"@id\":\"https:\/\/turijnmagazijn.nl\/fr\/produit\/relais-brouillard-lumineux-feux-de-croisement-klaxon-ville-lumiere-lancia-delta\/#primaryimage\"},\"thumbnailUrl\":\"https:\/\/turijnmagazijn.nl\/wp-content\/uploads\/2023\/03\/DK0100172-relais-grijs-20A-Lancia-Delta-2-7686773-scaled.png\",\"datePublished\":\"2023-03-03T08:09:42+00:00\",\"dateModified\":\"2026-01-11T16:09:25+00:00\",\"breadcrumb\":{\"@id\":\"https:\/\/turijnmagazijn.nl\/fr\/produit\/relais-brouillard-lumineux-feux-de-croisement-klaxon-ville-lumiere-lancia-delta\/#breadcrumb\"},\"inLanguage\":\"fr-FR\",\"potentialAction\":[{\"@type\":\"ReadAction\",\"target\":[\"https:\/\/turijnmagazijn.nl\/fr\/produit\/relais-brouillard-lumineux-feux-de-croisement-klaxon-ville-lumiere-lancia-delta\/\"]}]},{\"@type\":\"ImageObject\",\"inLanguage\":\"fr-FR\",\"@id\":\"https:\/\/turijnmagazijn.nl\/fr\/produit\/relais-brouillard-lumineux-feux-de-croisement-klaxon-ville-lumiere-lancia-delta\/#primaryimage\",\"url\":\"https:\/\/turijnmagazijn.nl\/wp-content\/uploads\/2023\/03\/DK0100172-relais-grijs-20A-Lancia-Delta-2-7686773-scaled.png\",\"contentUrl\":\"https:\/\/turijnmagazijn.nl\/wp-content\/uploads\/2023\/03\/DK0100172-relais-grijs-20A-Lancia-Delta-2-7686773-scaled.png\",\"width\":2560,\"height\":2512},{\"@type\":\"BreadcrumbList\",\"@id\":\"https:\/\/turijnmagazijn.nl\/fr\/produit\/relais-brouillard-lumineux-feux-de-croisement-klaxon-ville-lumiere-lancia-delta\/#breadcrumb\",\"itemListElement\":[{\"@type\":\"ListItem\",\"position\":1,\"name\":\"Home\",\"item\":\"https:\/\/turijnmagazijn.nl\/fr\/\"},{\"@type\":\"ListItem\",\"position\":2,\"name\":\"Produits\",\"item\":\"https:\/\/turijnmagazijn.nl\/fr\/shop\/\"},{\"@type\":\"ListItem\",\"position\":3,\"name\":\"Feu antibrouillard relais, feux de croisement, klaxon, lumi\u00e8re de ville Lancia Delta\"}]},{\"@type\":\"WebSite\",\"@id\":\"https:\/\/turijnmagazijn.jumpstone-dev.nl\/#website\",\"url\":\"https:\/\/turijnmagazijn.jumpstone-dev.nl\/\",\"name\":\"Turijnmagazijn\",\"description\":\"Onderdelen nieuw en gebruikt - Fiat &amp; Lancia\",\"publisher\":{\"@id\":\"https:\/\/turijnmagazijn.jumpstone-dev.nl\/#organization\"},\"potentialAction\":[{\"@type\":\"SearchAction\",\"target\":{\"@type\":\"EntryPoint\",\"urlTemplate\":\"https:\/\/turijnmagazijn.jumpstone-dev.nl\/?s={search_term_string}\"},\"query-input\":{\"@type\":\"PropertyValueSpecification\",\"valueRequired\":true,\"valueName\":\"search_term_string\"}}],\"inLanguage\":\"fr-FR\"},{\"@type\":\"Organization\",\"@id\":\"https:\/\/turijnmagazijn.jumpstone-dev.nl\/#organization\",\"name\":\"Turijnmagazijn\",\"url\":\"https:\/\/turijnmagazijn.jumpstone-dev.nl\/\",\"logo\":{\"@type\":\"ImageObject\",\"inLanguage\":\"fr-FR\",\"@id\":\"https:\/\/turijnmagazijn.jumpstone-dev.nl\/#\/schema\/logo\/image\/\",\"url\":\"https:\/\/turijnmagazijn.nl\/wp-content\/uploads\/2021\/02\/turijnmagazijnlogo.png\",\"contentUrl\":\"https:\/\/turijnmagazijn.nl\/wp-content\/uploads\/2021\/02\/turijnmagazijnlogo.png\",\"width\":555,\"height\":270,\"caption\":\"Turijnmagazijn\"},\"image\":{\"@id\":\"https:\/\/turijnmagazijn.jumpstone-dev.nl\/#\/schema\/logo\/image\/\"},\"sameAs\":[\"https:\/\/www.facebook.com\/turijnmagazijn\"]}]}<\/script>\n<!-- \/ Yoast SEO plugin. -->","yoast_head_json":{"title":"Feu antibrouillard relais, feux de croisement, klaxon, lumi\u00e8re de ville Lancia Delta - Turijnmagazijn","robots":{"index":"index","follow":"follow","max-snippet":"max-snippet:-1","max-image-preview":"max-image-preview:large","max-video-preview":"max-video-preview:-1"},"canonical":"https:\/\/turijnmagazijn.nl\/fr\/produit\/relais-brouillard-lumineux-feux-de-croisement-klaxon-ville-lumiere-lancia-delta\/","og_locale":"fr_FR","og_type":"article","og_title":"Feu antibrouillard relais, feux de croisement, klaxon, lumi\u00e8re de ville Lancia Delta - Turijnmagazijn","og_description":"7686773 Relais feu de brouillard, feu de croisement, klaxon, \u00e9clairage urbain Lancia Delta e.2 - Relais (gris) de 20 amp\u00e8res pour la Lancia Delta du 2\u00e8me type.Relais feu de brouillard, feu de croisement, klaxon, \u00e9clairage urbain Lancia Delta - Relais (gris) de 20 amp\u00e8res.","og_url":"https:\/\/turijnmagazijn.nl\/fr\/produit\/relais-brouillard-lumineux-feux-de-croisement-klaxon-ville-lumiere-lancia-delta\/","og_site_name":"Turijnmagazijn","article_publisher":"https:\/\/www.facebook.com\/turijnmagazijn","article_modified_time":"2026-01-11T16:09:25+00:00","og_image":[{"width":1440,"height":1080,"url":"https:\/\/turijnmagazijn.nl\/wp-content\/uploads\/2023\/03\/relais-mistlicht-dimlicht-claxon-stadslicht-lancia-delta-e-2-243.jpg","type":"image\/jpeg"}],"twitter_card":"summary_large_image","schema":{"@context":"https:\/\/schema.org","@graph":[{"@type":"WebPage","@id":"https:\/\/turijnmagazijn.nl\/fr\/produit\/relais-brouillard-lumineux-feux-de-croisement-klaxon-ville-lumiere-lancia-delta\/","url":"https:\/\/turijnmagazijn.nl\/fr\/produit\/relais-brouillard-lumineux-feux-de-croisement-klaxon-ville-lumiere-lancia-delta\/","name":"Feu antibrouillard relais, feux de croisement, klaxon, lumi\u00e8re de ville Lancia Delta - Turijnmagazijn","isPartOf":{"@id":"https:\/\/turijnmagazijn.jumpstone-dev.nl\/#website"},"primaryImageOfPage":{"@id":"https:\/\/turijnmagazijn.nl\/fr\/produit\/relais-brouillard-lumineux-feux-de-croisement-klaxon-ville-lumiere-lancia-delta\/#primaryimage"},"image":{"@id":"https:\/\/turijnmagazijn.nl\/fr\/produit\/relais-brouillard-lumineux-feux-de-croisement-klaxon-ville-lumiere-lancia-delta\/#primaryimage"},"thumbnailUrl":"https:\/\/turijnmagazijn.nl\/wp-content\/uploads\/2023\/03\/DK0100172-relais-grijs-20A-Lancia-Delta-2-7686773-scaled.png","datePublished":"2023-03-03T08:09:42+00:00","dateModified":"2026-01-11T16:09:25+00:00","breadcrumb":{"@id":"https:\/\/turijnmagazijn.nl\/fr\/produit\/relais-brouillard-lumineux-feux-de-croisement-klaxon-ville-lumiere-lancia-delta\/#breadcrumb"},"inLanguage":"fr-FR","potentialAction":[{"@type":"ReadAction","target":["https:\/\/turijnmagazijn.nl\/fr\/produit\/relais-brouillard-lumineux-feux-de-croisement-klaxon-ville-lumiere-lancia-delta\/"]}]},{"@type":"ImageObject","inLanguage":"fr-FR","@id":"https:\/\/turijnmagazijn.nl\/fr\/produit\/relais-brouillard-lumineux-feux-de-croisement-klaxon-ville-lumiere-lancia-delta\/#primaryimage","url":"https:\/\/turijnmagazijn.nl\/wp-content\/uploads\/2023\/03\/DK0100172-relais-grijs-20A-Lancia-Delta-2-7686773-scaled.png","contentUrl":"https:\/\/turijnmagazijn.nl\/wp-content\/uploads\/2023\/03\/DK0100172-relais-grijs-20A-Lancia-Delta-2-7686773-scaled.png","width":2560,"height":2512},{"@type":"BreadcrumbList","@id":"https:\/\/turijnmagazijn.nl\/fr\/produit\/relais-brouillard-lumineux-feux-de-croisement-klaxon-ville-lumiere-lancia-delta\/#breadcrumb","itemListElement":[{"@type":"ListItem","position":1,"name":"Home","item":"https:\/\/turijnmagazijn.nl\/fr\/"},{"@type":"ListItem","position":2,"name":"Produits","item":"https:\/\/turijnmagazijn.nl\/fr\/shop\/"},{"@type":"ListItem","position":3,"name":"Feu antibrouillard relais, feux de croisement, klaxon, lumi\u00e8re de ville Lancia Delta"}]},{"@type":"WebSite","@id":"https:\/\/turijnmagazijn.jumpstone-dev.nl\/#website","url":"https:\/\/turijnmagazijn.jumpstone-dev.nl\/","name":"Turijnmagazijn","description":"Onderdelen nieuw en gebruikt - Fiat &amp; Lancia","publisher":{"@id":"https:\/\/turijnmagazijn.jumpstone-dev.nl\/#organization"},"potentialAction":[{"@type":"SearchAction","target":{"@type":"EntryPoint","urlTemplate":"https:\/\/turijnmagazijn.jumpstone-dev.nl\/?s={search_term_string}"},"query-input":{"@type":"PropertyValueSpecification","valueRequired":true,"valueName":"search_term_string"}}],"inLanguage":"fr-FR"},{"@type":"Organization","@id":"https:\/\/turijnmagazijn.jumpstone-dev.nl\/#organization","name":"Turijnmagazijn","url":"https:\/\/turijnmagazijn.jumpstone-dev.nl\/","logo":{"@type":"ImageObject","inLanguage":"fr-FR","@id":"https:\/\/turijnmagazijn.jumpstone-dev.nl\/#\/schema\/logo\/image\/","url":"https:\/\/turijnmagazijn.nl\/wp-content\/uploads\/2021\/02\/turijnmagazijnlogo.png","contentUrl":"https:\/\/turijnmagazijn.nl\/wp-content\/uploads\/2021\/02\/turijnmagazijnlogo.png","width":555,"height":270,"caption":"Turijnmagazijn"},"image":{"@id":"https:\/\/turijnmagazijn.jumpstone-dev.nl\/#\/schema\/logo\/image\/"},"sameAs":["https:\/\/www.facebook.com\/turijnmagazijn"]}]}},"_links":{"self":[{"href":"https:\/\/turijnmagazijn.nl\/fr\/wp-json\/wp\/v2\/product\/60492","targetHints":{"allow":["GET"]}}],"collection":[{"href":"https:\/\/turijnmagazijn.nl\/fr\/wp-json\/wp\/v2\/product"}],"about":[{"href":"https:\/\/turijnmagazijn.nl\/fr\/wp-json\/wp\/v2\/types\/product"}],"replies":[{"embeddable":true,"href":"https:\/\/turijnmagazijn.nl\/fr\/wp-json\/wp\/v2\/comments?post=60492"}],"wp:featuredmedia":[{"embeddable":true,"href":"https:\/\/turijnmagazijn.nl\/fr\/wp-json\/wp\/v2\/media\/93001"}],"wp:attachment":[{"href":"https:\/\/turijnmagazijn.nl\/fr\/wp-json\/wp\/v2\/media?parent=60492"}],"wp:term":[{"taxonomy":"product_brand","embeddable":true,"href":"https:\/\/turijnmagazijn.nl\/fr\/wp-json\/wp\/v2\/product_brand?post=60492"},{"taxonomy":"product_cat","embeddable":true,"href":"https:\/\/turijnmagazijn.nl\/fr\/wp-json\/wp\/v2\/product_cat?post=60492"},{"taxonomy":"product_tag","embeddable":true,"href":"https:\/\/turijnmagazijn.nl\/fr\/wp-json\/wp\/v2\/product_tag?post=60492"}],"curies":[{"name":"wp","href":"https:\/\/api.w.org\/{rel}","templated":true}]}}