{"id":60529,"date":"2023-03-03T09:12:50","date_gmt":"2023-03-03T08:12:50","guid":{"rendered":"https:\/\/turijnmagazijn.nl\/product\/ecu-ordinateur-de-gestion-moteur-lancia-dedra-1-8-ie-1990\/"},"modified":"2024-08-19T11:23:29","modified_gmt":"2024-08-19T09:23:29","slug":"ecu-engine-management-computer-lancia-dedra-1-8-ie-1990","status":"publish","type":"product","link":"https:\/\/turijnmagazijn.nl\/fr\/produit\/ecu-engine-management-computer-lancia-dedra-1-8-ie-1990\/","title":{"rendered":"ECU Ordinateur de gestion moteur Lancia Dedra 1.8 IE 1990"},"content":{"rendered":"<p><span style=\"color: rgb(34, 34, 34); font-family: arial, sans-serif; font-size: small; line-height: normal;\">Ordinateur de gestion moteur pour le contr\u00f4le de l\u2019injection et de l\u2019allumage pour Lancia Dedra. Applicable pour le moteur essence 1.8 I.E. D\u2019apr\u00e8s un Dedra construit en 1990. L\u2019ordinateur est une bo\u00eete en aluminium mont\u00e9e dans le compartiment des pieds du c\u00f4t\u00e9 passager. L\u2019ordinateur est un produit IAW de type Weber.<\/span><\/p>\n<div style=\"color: rgb(34, 34, 34); font-family: arial, sans-serif; font-size: small; line-height: normal;\"><\/div>\n<div style=\"color: rgb(34, 34, 34); font-family: arial, sans-serif; font-size: small; line-height: normal;\">\n<p>Inscriptions sur l&rsquo;unit\u00e9 : Weber Italy IAW 04U Fabriacato da Marelli Autronica<\/div>\n<div style=\"color: rgb(34, 34, 34); font-family: arial, sans-serif; font-size: small; line-height: normal;\">WH4U.07\/<a href=\"http:\/\/8sd.bt\/\" target=\"_blank\" style=\"color: rgb(17, 85, 204);\" rel=\"noopener\">8SD.BT<\/a><\/div>\n<div style=\"color: rgb(34, 34, 34); font-family: arial, sans-serif; font-size: small; line-height: normal;\"><\/div>\n<div style=\"color: rgb(34, 34, 34); font-family: arial, sans-serif; font-size: small; line-height: normal;\">Num\u00e9ro OEM Lancia Inconnu<\/div>\n","protected":false},"excerpt":{"rendered":"<p>ECU Ordinateur de gestion du moteur Lancia Dedra 1.8 IE 1990 &#8211; Ordinateur de gestion du moteur pour le contr\u00f4le de l\u2019injection et de l\u2019allumage pour Lancia Dedra.<\/p>\n","protected":false},"featured_media":39468,"comment_status":"open","ping_status":"closed","template":"","meta":{"_acf_changed":false},"product_brand":[],"product_cat":[1802,1798],"product_tag":[],"class_list":{"0":"post-60529","1":"product","2":"type-product","3":"status-publish","4":"has-post-thumbnail","6":"product_cat-dedra-835-fr","7":"product_cat-lancia-fr","8":"pa_soort-onderdeel-moteur-et-accessoires","9":"pa_soort-onderdeel-systemes-de-carburant","11":"first","12":"instock","13":"shipping-taxable","14":"purchasable","15":"product-type-simple"},"acf":[],"yoast_head":"<!-- This site is optimized with the Yoast SEO plugin v27.3 - https:\/\/yoast.com\/product\/yoast-seo-wordpress\/ -->\n<title>ECU Ordinateur de gestion moteur Lancia Dedra 1.8 IE 1990 - Turijnmagazijn<\/title>\n<meta name=\"robots\" content=\"index, follow, max-snippet:-1, max-image-preview:large, max-video-preview:-1\" \/>\n<link rel=\"canonical\" href=\"https:\/\/turijnmagazijn.nl\/fr\/produit\/ecu-engine-management-computer-lancia-dedra-1-8-ie-1990\/\" \/>\n<meta property=\"og:locale\" content=\"fr_FR\" \/>\n<meta property=\"og:type\" content=\"article\" \/>\n<meta property=\"og:title\" content=\"ECU Ordinateur de gestion moteur Lancia Dedra 1.8 IE 1990 - Turijnmagazijn\" \/>\n<meta property=\"og:description\" content=\"ECU Ordinateur de gestion du moteur Lancia Dedra 1.8 IE 1990 - Ordinateur de gestion du moteur pour le contr\u00f4le de l\u2019injection et de l\u2019allumage pour Lancia Dedra.\" \/>\n<meta property=\"og:url\" content=\"https:\/\/turijnmagazijn.nl\/fr\/produit\/ecu-engine-management-computer-lancia-dedra-1-8-ie-1990\/\" \/>\n<meta property=\"og:site_name\" content=\"Turijnmagazijn\" \/>\n<meta property=\"article:publisher\" content=\"https:\/\/www.facebook.com\/turijnmagazijn\" \/>\n<meta property=\"article:modified_time\" content=\"2024-08-19T09:23:29+00:00\" \/>\n<meta property=\"og:image\" content=\"https:\/\/turijnmagazijn.nl\/wp-content\/uploads\/2023\/03\/DK00101048_ECU_Motormanagement_computer_Lancia_Dedra_1.8_IE_1990_5.jpeg\" \/>\n\t<meta property=\"og:image:width\" content=\"800\" \/>\n\t<meta property=\"og:image:height\" content=\"600\" \/>\n\t<meta property=\"og:image:type\" content=\"image\/jpeg\" \/>\n<meta name=\"twitter:card\" content=\"summary_large_image\" \/>\n<script type=\"application\/ld+json\" class=\"yoast-schema-graph\">{\"@context\":\"https:\\\/\\\/schema.org\",\"@graph\":[{\"@type\":\"WebPage\",\"@id\":\"https:\\\/\\\/turijnmagazijn.nl\\\/fr\\\/produit\\\/ecu-engine-management-computer-lancia-dedra-1-8-ie-1990\\\/\",\"url\":\"https:\\\/\\\/turijnmagazijn.nl\\\/fr\\\/produit\\\/ecu-engine-management-computer-lancia-dedra-1-8-ie-1990\\\/\",\"name\":\"ECU Ordinateur de gestion moteur Lancia Dedra 1.8 IE 1990 - Turijnmagazijn\",\"isPartOf\":{\"@id\":\"https:\\\/\\\/turijnmagazijn.jumpstone-dev.nl\\\/#website\"},\"primaryImageOfPage\":{\"@id\":\"https:\\\/\\\/turijnmagazijn.nl\\\/fr\\\/produit\\\/ecu-engine-management-computer-lancia-dedra-1-8-ie-1990\\\/#primaryimage\"},\"image\":{\"@id\":\"https:\\\/\\\/turijnmagazijn.nl\\\/fr\\\/produit\\\/ecu-engine-management-computer-lancia-dedra-1-8-ie-1990\\\/#primaryimage\"},\"thumbnailUrl\":\"https:\\\/\\\/turijnmagazijn.nl\\\/wp-content\\\/uploads\\\/2023\\\/03\\\/DK00101048_ECU_Motormanagement_computer_Lancia_Dedra_1.8_IE_1990_5.jpeg\",\"datePublished\":\"2023-03-03T08:12:50+00:00\",\"dateModified\":\"2024-08-19T09:23:29+00:00\",\"breadcrumb\":{\"@id\":\"https:\\\/\\\/turijnmagazijn.nl\\\/fr\\\/produit\\\/ecu-engine-management-computer-lancia-dedra-1-8-ie-1990\\\/#breadcrumb\"},\"inLanguage\":\"fr-FR\",\"potentialAction\":[{\"@type\":\"ReadAction\",\"target\":[\"https:\\\/\\\/turijnmagazijn.nl\\\/fr\\\/produit\\\/ecu-engine-management-computer-lancia-dedra-1-8-ie-1990\\\/\"]}]},{\"@type\":\"ImageObject\",\"inLanguage\":\"fr-FR\",\"@id\":\"https:\\\/\\\/turijnmagazijn.nl\\\/fr\\\/produit\\\/ecu-engine-management-computer-lancia-dedra-1-8-ie-1990\\\/#primaryimage\",\"url\":\"https:\\\/\\\/turijnmagazijn.nl\\\/wp-content\\\/uploads\\\/2023\\\/03\\\/DK00101048_ECU_Motormanagement_computer_Lancia_Dedra_1.8_IE_1990_5.jpeg\",\"contentUrl\":\"https:\\\/\\\/turijnmagazijn.nl\\\/wp-content\\\/uploads\\\/2023\\\/03\\\/DK00101048_ECU_Motormanagement_computer_Lancia_Dedra_1.8_IE_1990_5.jpeg\",\"width\":800,\"height\":600},{\"@type\":\"BreadcrumbList\",\"@id\":\"https:\\\/\\\/turijnmagazijn.nl\\\/fr\\\/produit\\\/ecu-engine-management-computer-lancia-dedra-1-8-ie-1990\\\/#breadcrumb\",\"itemListElement\":[{\"@type\":\"ListItem\",\"position\":1,\"name\":\"Home\",\"item\":\"https:\\\/\\\/turijnmagazijn.nl\\\/fr\\\/\"},{\"@type\":\"ListItem\",\"position\":2,\"name\":\"Produits\",\"item\":\"https:\\\/\\\/turijnmagazijn.nl\\\/fr\\\/shop\\\/\"},{\"@type\":\"ListItem\",\"position\":3,\"name\":\"ECU Ordinateur de gestion moteur Lancia Dedra 1.8 IE 1990\"}]},{\"@type\":\"WebSite\",\"@id\":\"https:\\\/\\\/turijnmagazijn.jumpstone-dev.nl\\\/#website\",\"url\":\"https:\\\/\\\/turijnmagazijn.jumpstone-dev.nl\\\/\",\"name\":\"Turijnmagazijn\",\"description\":\"Onderdelen nieuw en gebruikt - Fiat &amp; Lancia\",\"publisher\":{\"@id\":\"https:\\\/\\\/turijnmagazijn.jumpstone-dev.nl\\\/#organization\"},\"potentialAction\":[{\"@type\":\"SearchAction\",\"target\":{\"@type\":\"EntryPoint\",\"urlTemplate\":\"https:\\\/\\\/turijnmagazijn.jumpstone-dev.nl\\\/?s={search_term_string}\"},\"query-input\":{\"@type\":\"PropertyValueSpecification\",\"valueRequired\":true,\"valueName\":\"search_term_string\"}}],\"inLanguage\":\"fr-FR\"},{\"@type\":\"Organization\",\"@id\":\"https:\\\/\\\/turijnmagazijn.jumpstone-dev.nl\\\/#organization\",\"name\":\"Turijnmagazijn\",\"url\":\"https:\\\/\\\/turijnmagazijn.jumpstone-dev.nl\\\/\",\"logo\":{\"@type\":\"ImageObject\",\"inLanguage\":\"fr-FR\",\"@id\":\"https:\\\/\\\/turijnmagazijn.jumpstone-dev.nl\\\/#\\\/schema\\\/logo\\\/image\\\/\",\"url\":\"https:\\\/\\\/turijnmagazijn.nl\\\/wp-content\\\/uploads\\\/2021\\\/02\\\/turijnmagazijnlogo.png\",\"contentUrl\":\"https:\\\/\\\/turijnmagazijn.nl\\\/wp-content\\\/uploads\\\/2021\\\/02\\\/turijnmagazijnlogo.png\",\"width\":555,\"height\":270,\"caption\":\"Turijnmagazijn\"},\"image\":{\"@id\":\"https:\\\/\\\/turijnmagazijn.jumpstone-dev.nl\\\/#\\\/schema\\\/logo\\\/image\\\/\"},\"sameAs\":[\"https:\\\/\\\/www.facebook.com\\\/turijnmagazijn\"]}]}<\/script>\n<!-- \/ Yoast SEO plugin. -->","yoast_head_json":{"title":"ECU Ordinateur de gestion moteur Lancia Dedra 1.8 IE 1990 - Turijnmagazijn","robots":{"index":"index","follow":"follow","max-snippet":"max-snippet:-1","max-image-preview":"max-image-preview:large","max-video-preview":"max-video-preview:-1"},"canonical":"https:\/\/turijnmagazijn.nl\/fr\/produit\/ecu-engine-management-computer-lancia-dedra-1-8-ie-1990\/","og_locale":"fr_FR","og_type":"article","og_title":"ECU Ordinateur de gestion moteur Lancia Dedra 1.8 IE 1990 - Turijnmagazijn","og_description":"ECU Ordinateur de gestion du moteur Lancia Dedra 1.8 IE 1990 - Ordinateur de gestion du moteur pour le contr\u00f4le de l\u2019injection et de l\u2019allumage pour Lancia Dedra.","og_url":"https:\/\/turijnmagazijn.nl\/fr\/produit\/ecu-engine-management-computer-lancia-dedra-1-8-ie-1990\/","og_site_name":"Turijnmagazijn","article_publisher":"https:\/\/www.facebook.com\/turijnmagazijn","article_modified_time":"2024-08-19T09:23:29+00:00","og_image":[{"width":800,"height":600,"url":"https:\/\/turijnmagazijn.nl\/wp-content\/uploads\/2023\/03\/DK00101048_ECU_Motormanagement_computer_Lancia_Dedra_1.8_IE_1990_5.jpeg","type":"image\/jpeg"}],"twitter_card":"summary_large_image","schema":{"@context":"https:\/\/schema.org","@graph":[{"@type":"WebPage","@id":"https:\/\/turijnmagazijn.nl\/fr\/produit\/ecu-engine-management-computer-lancia-dedra-1-8-ie-1990\/","url":"https:\/\/turijnmagazijn.nl\/fr\/produit\/ecu-engine-management-computer-lancia-dedra-1-8-ie-1990\/","name":"ECU Ordinateur de gestion moteur Lancia Dedra 1.8 IE 1990 - Turijnmagazijn","isPartOf":{"@id":"https:\/\/turijnmagazijn.jumpstone-dev.nl\/#website"},"primaryImageOfPage":{"@id":"https:\/\/turijnmagazijn.nl\/fr\/produit\/ecu-engine-management-computer-lancia-dedra-1-8-ie-1990\/#primaryimage"},"image":{"@id":"https:\/\/turijnmagazijn.nl\/fr\/produit\/ecu-engine-management-computer-lancia-dedra-1-8-ie-1990\/#primaryimage"},"thumbnailUrl":"https:\/\/turijnmagazijn.nl\/wp-content\/uploads\/2023\/03\/DK00101048_ECU_Motormanagement_computer_Lancia_Dedra_1.8_IE_1990_5.jpeg","datePublished":"2023-03-03T08:12:50+00:00","dateModified":"2024-08-19T09:23:29+00:00","breadcrumb":{"@id":"https:\/\/turijnmagazijn.nl\/fr\/produit\/ecu-engine-management-computer-lancia-dedra-1-8-ie-1990\/#breadcrumb"},"inLanguage":"fr-FR","potentialAction":[{"@type":"ReadAction","target":["https:\/\/turijnmagazijn.nl\/fr\/produit\/ecu-engine-management-computer-lancia-dedra-1-8-ie-1990\/"]}]},{"@type":"ImageObject","inLanguage":"fr-FR","@id":"https:\/\/turijnmagazijn.nl\/fr\/produit\/ecu-engine-management-computer-lancia-dedra-1-8-ie-1990\/#primaryimage","url":"https:\/\/turijnmagazijn.nl\/wp-content\/uploads\/2023\/03\/DK00101048_ECU_Motormanagement_computer_Lancia_Dedra_1.8_IE_1990_5.jpeg","contentUrl":"https:\/\/turijnmagazijn.nl\/wp-content\/uploads\/2023\/03\/DK00101048_ECU_Motormanagement_computer_Lancia_Dedra_1.8_IE_1990_5.jpeg","width":800,"height":600},{"@type":"BreadcrumbList","@id":"https:\/\/turijnmagazijn.nl\/fr\/produit\/ecu-engine-management-computer-lancia-dedra-1-8-ie-1990\/#breadcrumb","itemListElement":[{"@type":"ListItem","position":1,"name":"Home","item":"https:\/\/turijnmagazijn.nl\/fr\/"},{"@type":"ListItem","position":2,"name":"Produits","item":"https:\/\/turijnmagazijn.nl\/fr\/shop\/"},{"@type":"ListItem","position":3,"name":"ECU Ordinateur de gestion moteur Lancia Dedra 1.8 IE 1990"}]},{"@type":"WebSite","@id":"https:\/\/turijnmagazijn.jumpstone-dev.nl\/#website","url":"https:\/\/turijnmagazijn.jumpstone-dev.nl\/","name":"Turijnmagazijn","description":"Onderdelen nieuw en gebruikt - Fiat &amp; Lancia","publisher":{"@id":"https:\/\/turijnmagazijn.jumpstone-dev.nl\/#organization"},"potentialAction":[{"@type":"SearchAction","target":{"@type":"EntryPoint","urlTemplate":"https:\/\/turijnmagazijn.jumpstone-dev.nl\/?s={search_term_string}"},"query-input":{"@type":"PropertyValueSpecification","valueRequired":true,"valueName":"search_term_string"}}],"inLanguage":"fr-FR"},{"@type":"Organization","@id":"https:\/\/turijnmagazijn.jumpstone-dev.nl\/#organization","name":"Turijnmagazijn","url":"https:\/\/turijnmagazijn.jumpstone-dev.nl\/","logo":{"@type":"ImageObject","inLanguage":"fr-FR","@id":"https:\/\/turijnmagazijn.jumpstone-dev.nl\/#\/schema\/logo\/image\/","url":"https:\/\/turijnmagazijn.nl\/wp-content\/uploads\/2021\/02\/turijnmagazijnlogo.png","contentUrl":"https:\/\/turijnmagazijn.nl\/wp-content\/uploads\/2021\/02\/turijnmagazijnlogo.png","width":555,"height":270,"caption":"Turijnmagazijn"},"image":{"@id":"https:\/\/turijnmagazijn.jumpstone-dev.nl\/#\/schema\/logo\/image\/"},"sameAs":["https:\/\/www.facebook.com\/turijnmagazijn"]}]}},"_links":{"self":[{"href":"https:\/\/turijnmagazijn.nl\/fr\/wp-json\/wp\/v2\/product\/60529","targetHints":{"allow":["GET"]}}],"collection":[{"href":"https:\/\/turijnmagazijn.nl\/fr\/wp-json\/wp\/v2\/product"}],"about":[{"href":"https:\/\/turijnmagazijn.nl\/fr\/wp-json\/wp\/v2\/types\/product"}],"replies":[{"embeddable":true,"href":"https:\/\/turijnmagazijn.nl\/fr\/wp-json\/wp\/v2\/comments?post=60529"}],"wp:featuredmedia":[{"embeddable":true,"href":"https:\/\/turijnmagazijn.nl\/fr\/wp-json\/wp\/v2\/media\/39468"}],"wp:attachment":[{"href":"https:\/\/turijnmagazijn.nl\/fr\/wp-json\/wp\/v2\/media?parent=60529"}],"wp:term":[{"taxonomy":"product_brand","embeddable":true,"href":"https:\/\/turijnmagazijn.nl\/fr\/wp-json\/wp\/v2\/product_brand?post=60529"},{"taxonomy":"product_cat","embeddable":true,"href":"https:\/\/turijnmagazijn.nl\/fr\/wp-json\/wp\/v2\/product_cat?post=60529"},{"taxonomy":"product_tag","embeddable":true,"href":"https:\/\/turijnmagazijn.nl\/fr\/wp-json\/wp\/v2\/product_tag?post=60529"}],"curies":[{"name":"wp","href":"https:\/\/api.w.org\/{rel}","templated":true}]}}