{"id":60590,"date":"2023-03-03T09:13:12","date_gmt":"2023-03-03T08:13:12","guid":{"rendered":"https:\/\/turijnmagazijn.nl\/product\/collecteur-dadmission-arriere-a-tuyau-a-vide-central-lancia-delta-ii-hf-turbo\/"},"modified":"2023-07-26T13:52:59","modified_gmt":"2023-07-26T11:52:59","slug":"tuyau-a-vide-collecteur-dadmission-arriere-milieu-lancia-delta-ii-hf-turbo","status":"publish","type":"product","link":"https:\/\/turijnmagazijn.nl\/fr\/produit\/tuyau-a-vide-collecteur-dadmission-arriere-milieu-lancia-delta-ii-hf-turbo\/","title":{"rendered":"Collecteur d\u2019admission arri\u00e8re \u00e0 tuyau \u00e0 vide central Lancia Delta II HF turbo"},"content":{"rendered":"<p>Tuyau de vide pour montage \u00e0 l\u2019arri\u00e8re de la partie sup\u00e9rieure du collecteur d\u2019admission. Il s\u2019agit d\u2019un tuyau en trois pi\u00e8ces avec une partie m\u00e9tallique centrale et deux pi\u00e8ces en caoutchouc fazible de chaque c\u00f4t\u00e9, le tuyau est en bon \u00e9tat. D\u2019une Lancia Delta II 2.0 16V HF Turbo construite en 1999.<\/p>\n<p>OEM LANCIA 7764821<\/p>\n","protected":false},"excerpt":{"rendered":"<p>Collecteur d\u2019admission arri\u00e8re \u00e0 tuyau d\u2019aspiration central Lancia Delta II HF turbo &#8211; Tuyau de vide pour montage \u00e0 l\u2019arri\u00e8re de la partie sup\u00e9rieure du collecteur d\u2019admission.<\/p>\n","protected":false},"featured_media":39848,"comment_status":"open","ping_status":"closed","template":"","meta":{"_acf_changed":false},"product_brand":[],"product_cat":[1841,1798],"product_tag":[],"class_list":{"0":"post-60590","1":"product","2":"type-product","3":"status-publish","4":"has-post-thumbnail","6":"product_cat-delta-2-836-fr","7":"product_cat-lancia-fr","8":"pa_soort-onderdeel-moteur-et-accessoires","9":"pa_soort-onderdeel-systemes-de-carburant","11":"first","12":"instock","13":"shipping-taxable","14":"purchasable","15":"product-type-simple"},"acf":[],"yoast_head":"<!-- This site is optimized with the Yoast SEO plugin v27.3 - https:\/\/yoast.com\/product\/yoast-seo-wordpress\/ -->\n<title>Collecteur d\u2019admission arri\u00e8re \u00e0 tuyau \u00e0 vide central Lancia Delta II HF turbo - Turijnmagazijn<\/title>\n<meta name=\"robots\" content=\"index, follow, max-snippet:-1, max-image-preview:large, max-video-preview:-1\" \/>\n<link rel=\"canonical\" href=\"https:\/\/turijnmagazijn.nl\/fr\/produit\/tuyau-a-vide-collecteur-dadmission-arriere-milieu-lancia-delta-ii-hf-turbo\/\" \/>\n<meta property=\"og:locale\" content=\"fr_FR\" \/>\n<meta property=\"og:type\" content=\"article\" \/>\n<meta property=\"og:title\" content=\"Collecteur d\u2019admission arri\u00e8re \u00e0 tuyau \u00e0 vide central Lancia Delta II HF turbo - Turijnmagazijn\" \/>\n<meta property=\"og:description\" content=\"Collecteur d\u2019admission arri\u00e8re \u00e0 tuyau d\u2019aspiration central Lancia Delta II HF turbo - Tuyau de vide pour montage \u00e0 l\u2019arri\u00e8re de la partie sup\u00e9rieure du collecteur d\u2019admission.\" \/>\n<meta property=\"og:url\" content=\"https:\/\/turijnmagazijn.nl\/fr\/produit\/tuyau-a-vide-collecteur-dadmission-arriere-milieu-lancia-delta-ii-hf-turbo\/\" \/>\n<meta property=\"og:site_name\" content=\"Turijnmagazijn\" \/>\n<meta property=\"article:publisher\" content=\"https:\/\/www.facebook.com\/turijnmagazijn\" \/>\n<meta property=\"article:modified_time\" content=\"2023-07-26T11:52:59+00:00\" \/>\n<meta property=\"og:image\" content=\"https:\/\/turijnmagazijn.jumpstone-dev.nl\/wp-content\/uploads\/2023\/03\/DK0010116920Vacuumleiding20emissiesysteem20Alfa201.920JTD203-800x600-1.jpg\" \/>\n\t<meta property=\"og:image:width\" content=\"800\" \/>\n\t<meta property=\"og:image:height\" content=\"600\" \/>\n\t<meta property=\"og:image:type\" content=\"image\/jpeg\" \/>\n<meta name=\"twitter:card\" content=\"summary_large_image\" \/>\n<script type=\"application\/ld+json\" class=\"yoast-schema-graph\">{\"@context\":\"https:\\\/\\\/schema.org\",\"@graph\":[{\"@type\":\"WebPage\",\"@id\":\"https:\\\/\\\/turijnmagazijn.nl\\\/fr\\\/produit\\\/tuyau-a-vide-collecteur-dadmission-arriere-milieu-lancia-delta-ii-hf-turbo\\\/\",\"url\":\"https:\\\/\\\/turijnmagazijn.nl\\\/fr\\\/produit\\\/tuyau-a-vide-collecteur-dadmission-arriere-milieu-lancia-delta-ii-hf-turbo\\\/\",\"name\":\"Collecteur d\u2019admission arri\u00e8re \u00e0 tuyau \u00e0 vide central Lancia Delta II HF turbo - Turijnmagazijn\",\"isPartOf\":{\"@id\":\"https:\\\/\\\/turijnmagazijn.jumpstone-dev.nl\\\/#website\"},\"primaryImageOfPage\":{\"@id\":\"https:\\\/\\\/turijnmagazijn.nl\\\/fr\\\/produit\\\/tuyau-a-vide-collecteur-dadmission-arriere-milieu-lancia-delta-ii-hf-turbo\\\/#primaryimage\"},\"image\":{\"@id\":\"https:\\\/\\\/turijnmagazijn.nl\\\/fr\\\/produit\\\/tuyau-a-vide-collecteur-dadmission-arriere-milieu-lancia-delta-ii-hf-turbo\\\/#primaryimage\"},\"thumbnailUrl\":\"https:\\\/\\\/turijnmagazijn.nl\\\/wp-content\\\/uploads\\\/2023\\\/03\\\/DK0010116920Vacuumleiding20emissiesysteem20Alfa201.920JTD203-800x600-1.jpg\",\"datePublished\":\"2023-03-03T08:13:12+00:00\",\"dateModified\":\"2023-07-26T11:52:59+00:00\",\"breadcrumb\":{\"@id\":\"https:\\\/\\\/turijnmagazijn.nl\\\/fr\\\/produit\\\/tuyau-a-vide-collecteur-dadmission-arriere-milieu-lancia-delta-ii-hf-turbo\\\/#breadcrumb\"},\"inLanguage\":\"fr-FR\",\"potentialAction\":[{\"@type\":\"ReadAction\",\"target\":[\"https:\\\/\\\/turijnmagazijn.nl\\\/fr\\\/produit\\\/tuyau-a-vide-collecteur-dadmission-arriere-milieu-lancia-delta-ii-hf-turbo\\\/\"]}]},{\"@type\":\"ImageObject\",\"inLanguage\":\"fr-FR\",\"@id\":\"https:\\\/\\\/turijnmagazijn.nl\\\/fr\\\/produit\\\/tuyau-a-vide-collecteur-dadmission-arriere-milieu-lancia-delta-ii-hf-turbo\\\/#primaryimage\",\"url\":\"https:\\\/\\\/turijnmagazijn.nl\\\/wp-content\\\/uploads\\\/2023\\\/03\\\/DK0010116920Vacuumleiding20emissiesysteem20Alfa201.920JTD203-800x600-1.jpg\",\"contentUrl\":\"https:\\\/\\\/turijnmagazijn.nl\\\/wp-content\\\/uploads\\\/2023\\\/03\\\/DK0010116920Vacuumleiding20emissiesysteem20Alfa201.920JTD203-800x600-1.jpg\",\"width\":800,\"height\":600},{\"@type\":\"BreadcrumbList\",\"@id\":\"https:\\\/\\\/turijnmagazijn.nl\\\/fr\\\/produit\\\/tuyau-a-vide-collecteur-dadmission-arriere-milieu-lancia-delta-ii-hf-turbo\\\/#breadcrumb\",\"itemListElement\":[{\"@type\":\"ListItem\",\"position\":1,\"name\":\"Home\",\"item\":\"https:\\\/\\\/turijnmagazijn.nl\\\/fr\\\/\"},{\"@type\":\"ListItem\",\"position\":2,\"name\":\"Produits\",\"item\":\"https:\\\/\\\/turijnmagazijn.nl\\\/fr\\\/shop\\\/\"},{\"@type\":\"ListItem\",\"position\":3,\"name\":\"Collecteur d\u2019admission arri\u00e8re \u00e0 tuyau \u00e0 vide central Lancia Delta II HF turbo\"}]},{\"@type\":\"WebSite\",\"@id\":\"https:\\\/\\\/turijnmagazijn.jumpstone-dev.nl\\\/#website\",\"url\":\"https:\\\/\\\/turijnmagazijn.jumpstone-dev.nl\\\/\",\"name\":\"Turijnmagazijn\",\"description\":\"Onderdelen nieuw en gebruikt - Fiat &amp; Lancia\",\"publisher\":{\"@id\":\"https:\\\/\\\/turijnmagazijn.jumpstone-dev.nl\\\/#organization\"},\"potentialAction\":[{\"@type\":\"SearchAction\",\"target\":{\"@type\":\"EntryPoint\",\"urlTemplate\":\"https:\\\/\\\/turijnmagazijn.jumpstone-dev.nl\\\/?s={search_term_string}\"},\"query-input\":{\"@type\":\"PropertyValueSpecification\",\"valueRequired\":true,\"valueName\":\"search_term_string\"}}],\"inLanguage\":\"fr-FR\"},{\"@type\":\"Organization\",\"@id\":\"https:\\\/\\\/turijnmagazijn.jumpstone-dev.nl\\\/#organization\",\"name\":\"Turijnmagazijn\",\"url\":\"https:\\\/\\\/turijnmagazijn.jumpstone-dev.nl\\\/\",\"logo\":{\"@type\":\"ImageObject\",\"inLanguage\":\"fr-FR\",\"@id\":\"https:\\\/\\\/turijnmagazijn.jumpstone-dev.nl\\\/#\\\/schema\\\/logo\\\/image\\\/\",\"url\":\"https:\\\/\\\/turijnmagazijn.nl\\\/wp-content\\\/uploads\\\/2021\\\/02\\\/turijnmagazijnlogo.png\",\"contentUrl\":\"https:\\\/\\\/turijnmagazijn.nl\\\/wp-content\\\/uploads\\\/2021\\\/02\\\/turijnmagazijnlogo.png\",\"width\":555,\"height\":270,\"caption\":\"Turijnmagazijn\"},\"image\":{\"@id\":\"https:\\\/\\\/turijnmagazijn.jumpstone-dev.nl\\\/#\\\/schema\\\/logo\\\/image\\\/\"},\"sameAs\":[\"https:\\\/\\\/www.facebook.com\\\/turijnmagazijn\"]}]}<\/script>\n<!-- \/ Yoast SEO plugin. -->","yoast_head_json":{"title":"Collecteur d\u2019admission arri\u00e8re \u00e0 tuyau \u00e0 vide central Lancia Delta II HF turbo - Turijnmagazijn","robots":{"index":"index","follow":"follow","max-snippet":"max-snippet:-1","max-image-preview":"max-image-preview:large","max-video-preview":"max-video-preview:-1"},"canonical":"https:\/\/turijnmagazijn.nl\/fr\/produit\/tuyau-a-vide-collecteur-dadmission-arriere-milieu-lancia-delta-ii-hf-turbo\/","og_locale":"fr_FR","og_type":"article","og_title":"Collecteur d\u2019admission arri\u00e8re \u00e0 tuyau \u00e0 vide central Lancia Delta II HF turbo - Turijnmagazijn","og_description":"Collecteur d\u2019admission arri\u00e8re \u00e0 tuyau d\u2019aspiration central Lancia Delta II HF turbo - Tuyau de vide pour montage \u00e0 l\u2019arri\u00e8re de la partie sup\u00e9rieure du collecteur d\u2019admission.","og_url":"https:\/\/turijnmagazijn.nl\/fr\/produit\/tuyau-a-vide-collecteur-dadmission-arriere-milieu-lancia-delta-ii-hf-turbo\/","og_site_name":"Turijnmagazijn","article_publisher":"https:\/\/www.facebook.com\/turijnmagazijn","article_modified_time":"2023-07-26T11:52:59+00:00","og_image":[{"width":800,"height":600,"url":"https:\/\/turijnmagazijn.jumpstone-dev.nl\/wp-content\/uploads\/2023\/03\/DK0010116920Vacuumleiding20emissiesysteem20Alfa201.920JTD203-800x600-1.jpg","type":"image\/jpeg"}],"twitter_card":"summary_large_image","schema":{"@context":"https:\/\/schema.org","@graph":[{"@type":"WebPage","@id":"https:\/\/turijnmagazijn.nl\/fr\/produit\/tuyau-a-vide-collecteur-dadmission-arriere-milieu-lancia-delta-ii-hf-turbo\/","url":"https:\/\/turijnmagazijn.nl\/fr\/produit\/tuyau-a-vide-collecteur-dadmission-arriere-milieu-lancia-delta-ii-hf-turbo\/","name":"Collecteur d\u2019admission arri\u00e8re \u00e0 tuyau \u00e0 vide central Lancia Delta II HF turbo - Turijnmagazijn","isPartOf":{"@id":"https:\/\/turijnmagazijn.jumpstone-dev.nl\/#website"},"primaryImageOfPage":{"@id":"https:\/\/turijnmagazijn.nl\/fr\/produit\/tuyau-a-vide-collecteur-dadmission-arriere-milieu-lancia-delta-ii-hf-turbo\/#primaryimage"},"image":{"@id":"https:\/\/turijnmagazijn.nl\/fr\/produit\/tuyau-a-vide-collecteur-dadmission-arriere-milieu-lancia-delta-ii-hf-turbo\/#primaryimage"},"thumbnailUrl":"https:\/\/turijnmagazijn.nl\/wp-content\/uploads\/2023\/03\/DK0010116920Vacuumleiding20emissiesysteem20Alfa201.920JTD203-800x600-1.jpg","datePublished":"2023-03-03T08:13:12+00:00","dateModified":"2023-07-26T11:52:59+00:00","breadcrumb":{"@id":"https:\/\/turijnmagazijn.nl\/fr\/produit\/tuyau-a-vide-collecteur-dadmission-arriere-milieu-lancia-delta-ii-hf-turbo\/#breadcrumb"},"inLanguage":"fr-FR","potentialAction":[{"@type":"ReadAction","target":["https:\/\/turijnmagazijn.nl\/fr\/produit\/tuyau-a-vide-collecteur-dadmission-arriere-milieu-lancia-delta-ii-hf-turbo\/"]}]},{"@type":"ImageObject","inLanguage":"fr-FR","@id":"https:\/\/turijnmagazijn.nl\/fr\/produit\/tuyau-a-vide-collecteur-dadmission-arriere-milieu-lancia-delta-ii-hf-turbo\/#primaryimage","url":"https:\/\/turijnmagazijn.nl\/wp-content\/uploads\/2023\/03\/DK0010116920Vacuumleiding20emissiesysteem20Alfa201.920JTD203-800x600-1.jpg","contentUrl":"https:\/\/turijnmagazijn.nl\/wp-content\/uploads\/2023\/03\/DK0010116920Vacuumleiding20emissiesysteem20Alfa201.920JTD203-800x600-1.jpg","width":800,"height":600},{"@type":"BreadcrumbList","@id":"https:\/\/turijnmagazijn.nl\/fr\/produit\/tuyau-a-vide-collecteur-dadmission-arriere-milieu-lancia-delta-ii-hf-turbo\/#breadcrumb","itemListElement":[{"@type":"ListItem","position":1,"name":"Home","item":"https:\/\/turijnmagazijn.nl\/fr\/"},{"@type":"ListItem","position":2,"name":"Produits","item":"https:\/\/turijnmagazijn.nl\/fr\/shop\/"},{"@type":"ListItem","position":3,"name":"Collecteur d\u2019admission arri\u00e8re \u00e0 tuyau \u00e0 vide central Lancia Delta II HF turbo"}]},{"@type":"WebSite","@id":"https:\/\/turijnmagazijn.jumpstone-dev.nl\/#website","url":"https:\/\/turijnmagazijn.jumpstone-dev.nl\/","name":"Turijnmagazijn","description":"Onderdelen nieuw en gebruikt - Fiat &amp; Lancia","publisher":{"@id":"https:\/\/turijnmagazijn.jumpstone-dev.nl\/#organization"},"potentialAction":[{"@type":"SearchAction","target":{"@type":"EntryPoint","urlTemplate":"https:\/\/turijnmagazijn.jumpstone-dev.nl\/?s={search_term_string}"},"query-input":{"@type":"PropertyValueSpecification","valueRequired":true,"valueName":"search_term_string"}}],"inLanguage":"fr-FR"},{"@type":"Organization","@id":"https:\/\/turijnmagazijn.jumpstone-dev.nl\/#organization","name":"Turijnmagazijn","url":"https:\/\/turijnmagazijn.jumpstone-dev.nl\/","logo":{"@type":"ImageObject","inLanguage":"fr-FR","@id":"https:\/\/turijnmagazijn.jumpstone-dev.nl\/#\/schema\/logo\/image\/","url":"https:\/\/turijnmagazijn.nl\/wp-content\/uploads\/2021\/02\/turijnmagazijnlogo.png","contentUrl":"https:\/\/turijnmagazijn.nl\/wp-content\/uploads\/2021\/02\/turijnmagazijnlogo.png","width":555,"height":270,"caption":"Turijnmagazijn"},"image":{"@id":"https:\/\/turijnmagazijn.jumpstone-dev.nl\/#\/schema\/logo\/image\/"},"sameAs":["https:\/\/www.facebook.com\/turijnmagazijn"]}]}},"_links":{"self":[{"href":"https:\/\/turijnmagazijn.nl\/fr\/wp-json\/wp\/v2\/product\/60590","targetHints":{"allow":["GET"]}}],"collection":[{"href":"https:\/\/turijnmagazijn.nl\/fr\/wp-json\/wp\/v2\/product"}],"about":[{"href":"https:\/\/turijnmagazijn.nl\/fr\/wp-json\/wp\/v2\/types\/product"}],"replies":[{"embeddable":true,"href":"https:\/\/turijnmagazijn.nl\/fr\/wp-json\/wp\/v2\/comments?post=60590"}],"wp:featuredmedia":[{"embeddable":true,"href":"https:\/\/turijnmagazijn.nl\/fr\/wp-json\/wp\/v2\/media\/39848"}],"wp:attachment":[{"href":"https:\/\/turijnmagazijn.nl\/fr\/wp-json\/wp\/v2\/media?parent=60590"}],"wp:term":[{"taxonomy":"product_brand","embeddable":true,"href":"https:\/\/turijnmagazijn.nl\/fr\/wp-json\/wp\/v2\/product_brand?post=60590"},{"taxonomy":"product_cat","embeddable":true,"href":"https:\/\/turijnmagazijn.nl\/fr\/wp-json\/wp\/v2\/product_cat?post=60590"},{"taxonomy":"product_tag","embeddable":true,"href":"https:\/\/turijnmagazijn.nl\/fr\/wp-json\/wp\/v2\/product_tag?post=60590"}],"curies":[{"name":"wp","href":"https:\/\/api.w.org\/{rel}","templated":true}]}}