{"id":60591,"date":"2023-03-03T09:13:12","date_gmt":"2023-03-03T08:13:12","guid":{"rendered":"https:\/\/turijnmagazijn.nl\/product\/cadre-pare-chocs-avant-gauche-alfa-156-sans-feu-antibrouillard\/"},"modified":"2023-07-26T13:53:03","modified_gmt":"2023-07-26T11:53:03","slug":"cadre-pare-chocs-avant-gauche-alfa-156-sans-feu-antibrouillard","status":"publish","type":"product","link":"https:\/\/turijnmagazijn.nl\/fr\/produit\/cadre-pare-chocs-avant-gauche-alfa-156-sans-feu-antibrouillard\/","title":{"rendered":"Cadre Pare-chocs avant gauche Alfa 156 sans feu antibrouillard"},"content":{"rendered":"<p><span style=\"font-size: 12px;\">Cadre en plastique \u00e0 gauche pour montage dans le pare-chocs avant sans d\u00e9coupe pour antibrouillard pour Alfa Romeo 156. D\u2019une berline construite en 1999. Le cadre est \u00e9quip\u00e9 d\u2019une ouverture de refroidissement avec grille en nid d\u2019abeille m\u00e9tallique clou\u00e9e (il existe \u00e9galement des versions en circulation avec une grille en plastique). La pi\u00e8ce en plastique est dans un \u00e9tat raisonnable, la grille m\u00e9tallique est fortement rouill\u00e9e.<\/span><\/p>\n<p><\/p>\n<p>Inscription sur le cadre :<\/p>\n<p>60631026<\/p>\n<p><\/p>\n<p>Num\u00e9ro OEM Alfa Romeo 156024090<\/p>\n<div><\/div>\n","protected":false},"excerpt":{"rendered":"<p>Cadre Pare-chocs avant gauche Alfa 156 sans feu antibrouillard &#8211; Cadre en plastique gauche pour montage dans le pare-chocs avant sans d\u00e9coupe pour feu antibrouillard pour Alfa Romeo 156.<\/p>\n","protected":false},"featured_media":39876,"comment_status":"open","ping_status":"closed","template":"","meta":{"_acf_changed":false},"product_brand":[],"product_cat":[1613,1582,1617,1623],"product_tag":[],"class_list":{"0":"post-60591","1":"product","2":"type-product","3":"status-publish","4":"has-post-thumbnail","6":"product_cat-156-932-fr","7":"product_cat-alfa-romeo-fr","8":"product_cat-sedan-fr","9":"product_cat-sportwagon-fr","10":"pa_soort-onderdeel-carrosserie-et-tolerie","11":"pa_soort-onderdeel-electronique-et-cables","13":"first","14":"instock","15":"shipping-taxable","16":"purchasable","17":"product-type-simple"},"acf":[],"yoast_head":"<!-- This site is optimized with the Yoast SEO plugin v27.2 - https:\/\/yoast.com\/product\/yoast-seo-wordpress\/ -->\n<title>Cadre Pare-chocs avant gauche Alfa 156 sans feu antibrouillard - Turijnmagazijn<\/title>\n<meta name=\"robots\" content=\"index, follow, max-snippet:-1, max-image-preview:large, max-video-preview:-1\" \/>\n<link rel=\"canonical\" href=\"https:\/\/turijnmagazijn.nl\/fr\/produit\/cadre-pare-chocs-avant-gauche-alfa-156-sans-feu-antibrouillard\/\" \/>\n<meta property=\"og:locale\" content=\"fr_FR\" \/>\n<meta property=\"og:type\" content=\"article\" \/>\n<meta property=\"og:title\" content=\"Cadre Pare-chocs avant gauche Alfa 156 sans feu antibrouillard - Turijnmagazijn\" \/>\n<meta property=\"og:description\" content=\"Cadre Pare-chocs avant gauche Alfa 156 sans feu antibrouillard - Cadre en plastique gauche pour montage dans le pare-chocs avant sans d\u00e9coupe pour feu antibrouillard pour Alfa Romeo 156.\" \/>\n<meta property=\"og:url\" content=\"https:\/\/turijnmagazijn.nl\/fr\/produit\/cadre-pare-chocs-avant-gauche-alfa-156-sans-feu-antibrouillard\/\" \/>\n<meta property=\"og:site_name\" content=\"Turijnmagazijn\" \/>\n<meta property=\"article:publisher\" content=\"https:\/\/www.facebook.com\/turijnmagazijn\" \/>\n<meta property=\"article:modified_time\" content=\"2023-07-26T11:53:03+00:00\" \/>\n<meta property=\"og:image\" content=\"https:\/\/turijnmagazijn.jumpstone-dev.nl\/wp-content\/uploads\/2023\/03\/DK00101173_Frame_Links_voorbumper_Alfa_156_zonder_mistlicht_3-1.jpg\" \/>\n\t<meta property=\"og:image:width\" content=\"800\" \/>\n\t<meta property=\"og:image:height\" content=\"600\" \/>\n\t<meta property=\"og:image:type\" content=\"image\/jpeg\" \/>\n<meta name=\"twitter:card\" content=\"summary_large_image\" \/>\n<script type=\"application\/ld+json\" class=\"yoast-schema-graph\">{\"@context\":\"https:\/\/schema.org\",\"@graph\":[{\"@type\":\"WebPage\",\"@id\":\"https:\/\/turijnmagazijn.nl\/fr\/produit\/cadre-pare-chocs-avant-gauche-alfa-156-sans-feu-antibrouillard\/\",\"url\":\"https:\/\/turijnmagazijn.nl\/fr\/produit\/cadre-pare-chocs-avant-gauche-alfa-156-sans-feu-antibrouillard\/\",\"name\":\"Cadre Pare-chocs avant gauche Alfa 156 sans feu antibrouillard - Turijnmagazijn\",\"isPartOf\":{\"@id\":\"https:\/\/turijnmagazijn.jumpstone-dev.nl\/#website\"},\"primaryImageOfPage\":{\"@id\":\"https:\/\/turijnmagazijn.nl\/fr\/produit\/cadre-pare-chocs-avant-gauche-alfa-156-sans-feu-antibrouillard\/#primaryimage\"},\"image\":{\"@id\":\"https:\/\/turijnmagazijn.nl\/fr\/produit\/cadre-pare-chocs-avant-gauche-alfa-156-sans-feu-antibrouillard\/#primaryimage\"},\"thumbnailUrl\":\"https:\/\/turijnmagazijn.nl\/wp-content\/uploads\/2023\/03\/DK00101173_Frame_Links_voorbumper_Alfa_156_zonder_mistlicht_3-1.jpg\",\"datePublished\":\"2023-03-03T08:13:12+00:00\",\"dateModified\":\"2023-07-26T11:53:03+00:00\",\"breadcrumb\":{\"@id\":\"https:\/\/turijnmagazijn.nl\/fr\/produit\/cadre-pare-chocs-avant-gauche-alfa-156-sans-feu-antibrouillard\/#breadcrumb\"},\"inLanguage\":\"fr-FR\",\"potentialAction\":[{\"@type\":\"ReadAction\",\"target\":[\"https:\/\/turijnmagazijn.nl\/fr\/produit\/cadre-pare-chocs-avant-gauche-alfa-156-sans-feu-antibrouillard\/\"]}]},{\"@type\":\"ImageObject\",\"inLanguage\":\"fr-FR\",\"@id\":\"https:\/\/turijnmagazijn.nl\/fr\/produit\/cadre-pare-chocs-avant-gauche-alfa-156-sans-feu-antibrouillard\/#primaryimage\",\"url\":\"https:\/\/turijnmagazijn.nl\/wp-content\/uploads\/2023\/03\/DK00101173_Frame_Links_voorbumper_Alfa_156_zonder_mistlicht_3-1.jpg\",\"contentUrl\":\"https:\/\/turijnmagazijn.nl\/wp-content\/uploads\/2023\/03\/DK00101173_Frame_Links_voorbumper_Alfa_156_zonder_mistlicht_3-1.jpg\",\"width\":800,\"height\":600},{\"@type\":\"BreadcrumbList\",\"@id\":\"https:\/\/turijnmagazijn.nl\/fr\/produit\/cadre-pare-chocs-avant-gauche-alfa-156-sans-feu-antibrouillard\/#breadcrumb\",\"itemListElement\":[{\"@type\":\"ListItem\",\"position\":1,\"name\":\"Home\",\"item\":\"https:\/\/turijnmagazijn.jumpstone-dev.nl\/\"},{\"@type\":\"ListItem\",\"position\":2,\"name\":\"Produits\",\"item\":\"https:\/\/turijnmagazijn.nl\/fr\/shop\/\"},{\"@type\":\"ListItem\",\"position\":3,\"name\":\"Cadre Pare-chocs avant gauche Alfa 156 sans feu antibrouillard\"}]},{\"@type\":\"WebSite\",\"@id\":\"https:\/\/turijnmagazijn.jumpstone-dev.nl\/#website\",\"url\":\"https:\/\/turijnmagazijn.jumpstone-dev.nl\/\",\"name\":\"Turijnmagazijn\",\"description\":\"Onderdelen nieuw en gebruikt - Fiat &amp; Lancia\",\"publisher\":{\"@id\":\"https:\/\/turijnmagazijn.jumpstone-dev.nl\/#organization\"},\"potentialAction\":[{\"@type\":\"SearchAction\",\"target\":{\"@type\":\"EntryPoint\",\"urlTemplate\":\"https:\/\/turijnmagazijn.jumpstone-dev.nl\/?s={search_term_string}\"},\"query-input\":{\"@type\":\"PropertyValueSpecification\",\"valueRequired\":true,\"valueName\":\"search_term_string\"}}],\"inLanguage\":\"fr-FR\"},{\"@type\":\"Organization\",\"@id\":\"https:\/\/turijnmagazijn.jumpstone-dev.nl\/#organization\",\"name\":\"Turijnmagazijn\",\"url\":\"https:\/\/turijnmagazijn.jumpstone-dev.nl\/\",\"logo\":{\"@type\":\"ImageObject\",\"inLanguage\":\"fr-FR\",\"@id\":\"https:\/\/turijnmagazijn.jumpstone-dev.nl\/#\/schema\/logo\/image\/\",\"url\":\"https:\/\/turijnmagazijn.nl\/wp-content\/uploads\/2021\/02\/turijnmagazijnlogo.png\",\"contentUrl\":\"https:\/\/turijnmagazijn.nl\/wp-content\/uploads\/2021\/02\/turijnmagazijnlogo.png\",\"width\":555,\"height\":270,\"caption\":\"Turijnmagazijn\"},\"image\":{\"@id\":\"https:\/\/turijnmagazijn.jumpstone-dev.nl\/#\/schema\/logo\/image\/\"},\"sameAs\":[\"https:\/\/www.facebook.com\/turijnmagazijn\"]}]}<\/script>\n<!-- \/ Yoast SEO plugin. -->","yoast_head_json":{"title":"Cadre Pare-chocs avant gauche Alfa 156 sans feu antibrouillard - Turijnmagazijn","robots":{"index":"index","follow":"follow","max-snippet":"max-snippet:-1","max-image-preview":"max-image-preview:large","max-video-preview":"max-video-preview:-1"},"canonical":"https:\/\/turijnmagazijn.nl\/fr\/produit\/cadre-pare-chocs-avant-gauche-alfa-156-sans-feu-antibrouillard\/","og_locale":"fr_FR","og_type":"article","og_title":"Cadre Pare-chocs avant gauche Alfa 156 sans feu antibrouillard - Turijnmagazijn","og_description":"Cadre Pare-chocs avant gauche Alfa 156 sans feu antibrouillard - Cadre en plastique gauche pour montage dans le pare-chocs avant sans d\u00e9coupe pour feu antibrouillard pour Alfa Romeo 156.","og_url":"https:\/\/turijnmagazijn.nl\/fr\/produit\/cadre-pare-chocs-avant-gauche-alfa-156-sans-feu-antibrouillard\/","og_site_name":"Turijnmagazijn","article_publisher":"https:\/\/www.facebook.com\/turijnmagazijn","article_modified_time":"2023-07-26T11:53:03+00:00","og_image":[{"width":800,"height":600,"url":"https:\/\/turijnmagazijn.jumpstone-dev.nl\/wp-content\/uploads\/2023\/03\/DK00101173_Frame_Links_voorbumper_Alfa_156_zonder_mistlicht_3-1.jpg","type":"image\/jpeg"}],"twitter_card":"summary_large_image","schema":{"@context":"https:\/\/schema.org","@graph":[{"@type":"WebPage","@id":"https:\/\/turijnmagazijn.nl\/fr\/produit\/cadre-pare-chocs-avant-gauche-alfa-156-sans-feu-antibrouillard\/","url":"https:\/\/turijnmagazijn.nl\/fr\/produit\/cadre-pare-chocs-avant-gauche-alfa-156-sans-feu-antibrouillard\/","name":"Cadre Pare-chocs avant gauche Alfa 156 sans feu antibrouillard - Turijnmagazijn","isPartOf":{"@id":"https:\/\/turijnmagazijn.jumpstone-dev.nl\/#website"},"primaryImageOfPage":{"@id":"https:\/\/turijnmagazijn.nl\/fr\/produit\/cadre-pare-chocs-avant-gauche-alfa-156-sans-feu-antibrouillard\/#primaryimage"},"image":{"@id":"https:\/\/turijnmagazijn.nl\/fr\/produit\/cadre-pare-chocs-avant-gauche-alfa-156-sans-feu-antibrouillard\/#primaryimage"},"thumbnailUrl":"https:\/\/turijnmagazijn.nl\/wp-content\/uploads\/2023\/03\/DK00101173_Frame_Links_voorbumper_Alfa_156_zonder_mistlicht_3-1.jpg","datePublished":"2023-03-03T08:13:12+00:00","dateModified":"2023-07-26T11:53:03+00:00","breadcrumb":{"@id":"https:\/\/turijnmagazijn.nl\/fr\/produit\/cadre-pare-chocs-avant-gauche-alfa-156-sans-feu-antibrouillard\/#breadcrumb"},"inLanguage":"fr-FR","potentialAction":[{"@type":"ReadAction","target":["https:\/\/turijnmagazijn.nl\/fr\/produit\/cadre-pare-chocs-avant-gauche-alfa-156-sans-feu-antibrouillard\/"]}]},{"@type":"ImageObject","inLanguage":"fr-FR","@id":"https:\/\/turijnmagazijn.nl\/fr\/produit\/cadre-pare-chocs-avant-gauche-alfa-156-sans-feu-antibrouillard\/#primaryimage","url":"https:\/\/turijnmagazijn.nl\/wp-content\/uploads\/2023\/03\/DK00101173_Frame_Links_voorbumper_Alfa_156_zonder_mistlicht_3-1.jpg","contentUrl":"https:\/\/turijnmagazijn.nl\/wp-content\/uploads\/2023\/03\/DK00101173_Frame_Links_voorbumper_Alfa_156_zonder_mistlicht_3-1.jpg","width":800,"height":600},{"@type":"BreadcrumbList","@id":"https:\/\/turijnmagazijn.nl\/fr\/produit\/cadre-pare-chocs-avant-gauche-alfa-156-sans-feu-antibrouillard\/#breadcrumb","itemListElement":[{"@type":"ListItem","position":1,"name":"Home","item":"https:\/\/turijnmagazijn.jumpstone-dev.nl\/"},{"@type":"ListItem","position":2,"name":"Produits","item":"https:\/\/turijnmagazijn.nl\/fr\/shop\/"},{"@type":"ListItem","position":3,"name":"Cadre Pare-chocs avant gauche Alfa 156 sans feu antibrouillard"}]},{"@type":"WebSite","@id":"https:\/\/turijnmagazijn.jumpstone-dev.nl\/#website","url":"https:\/\/turijnmagazijn.jumpstone-dev.nl\/","name":"Turijnmagazijn","description":"Onderdelen nieuw en gebruikt - Fiat &amp; Lancia","publisher":{"@id":"https:\/\/turijnmagazijn.jumpstone-dev.nl\/#organization"},"potentialAction":[{"@type":"SearchAction","target":{"@type":"EntryPoint","urlTemplate":"https:\/\/turijnmagazijn.jumpstone-dev.nl\/?s={search_term_string}"},"query-input":{"@type":"PropertyValueSpecification","valueRequired":true,"valueName":"search_term_string"}}],"inLanguage":"fr-FR"},{"@type":"Organization","@id":"https:\/\/turijnmagazijn.jumpstone-dev.nl\/#organization","name":"Turijnmagazijn","url":"https:\/\/turijnmagazijn.jumpstone-dev.nl\/","logo":{"@type":"ImageObject","inLanguage":"fr-FR","@id":"https:\/\/turijnmagazijn.jumpstone-dev.nl\/#\/schema\/logo\/image\/","url":"https:\/\/turijnmagazijn.nl\/wp-content\/uploads\/2021\/02\/turijnmagazijnlogo.png","contentUrl":"https:\/\/turijnmagazijn.nl\/wp-content\/uploads\/2021\/02\/turijnmagazijnlogo.png","width":555,"height":270,"caption":"Turijnmagazijn"},"image":{"@id":"https:\/\/turijnmagazijn.jumpstone-dev.nl\/#\/schema\/logo\/image\/"},"sameAs":["https:\/\/www.facebook.com\/turijnmagazijn"]}]}},"_links":{"self":[{"href":"https:\/\/turijnmagazijn.nl\/fr\/wp-json\/wp\/v2\/product\/60591","targetHints":{"allow":["GET"]}}],"collection":[{"href":"https:\/\/turijnmagazijn.nl\/fr\/wp-json\/wp\/v2\/product"}],"about":[{"href":"https:\/\/turijnmagazijn.nl\/fr\/wp-json\/wp\/v2\/types\/product"}],"replies":[{"embeddable":true,"href":"https:\/\/turijnmagazijn.nl\/fr\/wp-json\/wp\/v2\/comments?post=60591"}],"wp:featuredmedia":[{"embeddable":true,"href":"https:\/\/turijnmagazijn.nl\/fr\/wp-json\/wp\/v2\/media\/39876"}],"wp:attachment":[{"href":"https:\/\/turijnmagazijn.nl\/fr\/wp-json\/wp\/v2\/media?parent=60591"}],"wp:term":[{"taxonomy":"product_brand","embeddable":true,"href":"https:\/\/turijnmagazijn.nl\/fr\/wp-json\/wp\/v2\/product_brand?post=60591"},{"taxonomy":"product_cat","embeddable":true,"href":"https:\/\/turijnmagazijn.nl\/fr\/wp-json\/wp\/v2\/product_cat?post=60591"},{"taxonomy":"product_tag","embeddable":true,"href":"https:\/\/turijnmagazijn.nl\/fr\/wp-json\/wp\/v2\/product_tag?post=60591"}],"curies":[{"name":"wp","href":"https:\/\/api.w.org\/{rel}","templated":true}]}}