{"id":60619,"date":"2023-03-03T09:18:24","date_gmt":"2023-03-03T08:18:24","guid":{"rendered":"https:\/\/turijnmagazijn.nl\/product\/capteur-daccelerateur-lancia-fiat-alfa-romeo-differents-types\/"},"modified":"2023-07-26T14:15:37","modified_gmt":"2023-07-26T12:15:37","slug":"limite-capteur-lancia-fiat-alpha-romeo-divers-types","status":"publish","type":"product","link":"https:\/\/turijnmagazijn.nl\/fr\/produit\/limite-capteur-lancia-fiat-alpha-romeo-divers-types\/","title":{"rendered":"Capteur d\u2019acc\u00e9l\u00e9rateur Lancia Fiat Alfa Romeo diff\u00e9rents types"},"content":{"rendered":"<p>Capteur de position de l\u2019acc\u00e9l\u00e9rateur utilis\u00e9 pour montage sur le corps de l\u2019acc\u00e9l\u00e9rateur. Concerne une unit\u00e9 usag\u00e9e d\u2019une Delta II construite en 1999. Ces capteurs ont \u00e9t\u00e9 utilis\u00e9s sur diff\u00e9rents mod\u00e8les, notamment :<\/p>\n<\/p>\n<ul>\n<li>Fiat Tipo<\/li>\n<li>Fiat Tempra<\/li>\n<li>Fiat Bravo<\/li>\n<li>Fiat Brava<\/li>\n<li>Fiat Marea<\/li>\n<li>Lancia Delta II<\/li>\n<li>Lancia Dedra<\/li>\n<li>Alfa Romeo 145<\/li>\n<li>Alfa Romeo 146<\/li>\n<\/ul>\n<p><\/p>\n<p>OEM 7714824<\/p>\n","protected":false},"excerpt":{"rendered":"<p>Capteur de soupape d\u2019acc\u00e9l\u00e9rateur Lancia Fiat Alfa Romeo diff\u00e9rents types &#8211; Capteur de position d\u2019acc\u00e9l\u00e9rateur utilis\u00e9 pour le montage sur le corps de l\u2019acc\u00e9l\u00e9rateur.<\/p>\n","protected":false},"featured_media":45604,"comment_status":"open","ping_status":"closed","template":"","meta":{"_acf_changed":false},"product_brand":[],"product_cat":[1597,1582,1802,1806,1690,1798,1736,1738,1779,1781],"product_tag":[],"class_list":{"0":"post-60619","1":"product","2":"type-product","3":"status-publish","4":"has-post-thumbnail","6":"product_cat-145-930a-fr","7":"product_cat-alfa-romeo-fr","8":"product_cat-dedra-835-fr","9":"product_cat-delta-1-831-fr","10":"product_cat-fiat-fr","11":"product_cat-lancia-fr","12":"product_cat-marea-185-fr","13":"product_cat-multipla-186-fr","14":"product_cat-tempra-159-fr","15":"product_cat-tipo-1-160-fr","16":"pa_soort-onderdeel-moteur-et-accessoires","18":"first","19":"instock","20":"shipping-taxable","21":"purchasable","22":"product-type-simple"},"acf":[],"yoast_head":"<!-- This site is optimized with the Yoast SEO plugin v27.3 - https:\/\/yoast.com\/product\/yoast-seo-wordpress\/ -->\n<title>Capteur d\u2019acc\u00e9l\u00e9rateur Lancia Fiat Alfa Romeo diff\u00e9rents types - Turijnmagazijn<\/title>\n<meta name=\"robots\" content=\"index, follow, max-snippet:-1, max-image-preview:large, max-video-preview:-1\" \/>\n<link rel=\"canonical\" href=\"https:\/\/turijnmagazijn.nl\/fr\/produit\/limite-capteur-lancia-fiat-alpha-romeo-divers-types\/\" \/>\n<meta property=\"og:locale\" content=\"fr_FR\" \/>\n<meta property=\"og:type\" content=\"article\" \/>\n<meta property=\"og:title\" content=\"Capteur d\u2019acc\u00e9l\u00e9rateur Lancia Fiat Alfa Romeo diff\u00e9rents types - Turijnmagazijn\" \/>\n<meta property=\"og:description\" content=\"Capteur de soupape d\u2019acc\u00e9l\u00e9rateur Lancia Fiat Alfa Romeo diff\u00e9rents types - Capteur de position d\u2019acc\u00e9l\u00e9rateur utilis\u00e9 pour le montage sur le corps de l\u2019acc\u00e9l\u00e9rateur.\" \/>\n<meta property=\"og:url\" content=\"https:\/\/turijnmagazijn.nl\/fr\/produit\/limite-capteur-lancia-fiat-alpha-romeo-divers-types\/\" \/>\n<meta property=\"og:site_name\" content=\"Turijnmagazijn\" \/>\n<meta property=\"article:publisher\" content=\"https:\/\/www.facebook.com\/turijnmagazijn\" \/>\n<meta property=\"article:modified_time\" content=\"2023-07-26T12:15:37+00:00\" \/>\n<meta property=\"og:image\" content=\"https:\/\/turijnmagazijn.jumpstone-dev.nl\/wp-content\/uploads\/2023\/03\/DK00102083-Gasklep-sensor-Lancia-Fiat-Alfa-Romeo-diverse-typen-3-1.jpg\" \/>\n\t<meta property=\"og:image:width\" content=\"1024\" \/>\n\t<meta property=\"og:image:height\" content=\"768\" \/>\n\t<meta property=\"og:image:type\" content=\"image\/jpeg\" \/>\n<meta name=\"twitter:card\" content=\"summary_large_image\" \/>\n<script type=\"application\/ld+json\" class=\"yoast-schema-graph\">{\"@context\":\"https:\\\/\\\/schema.org\",\"@graph\":[{\"@type\":\"WebPage\",\"@id\":\"https:\\\/\\\/turijnmagazijn.nl\\\/fr\\\/produit\\\/limite-capteur-lancia-fiat-alpha-romeo-divers-types\\\/\",\"url\":\"https:\\\/\\\/turijnmagazijn.nl\\\/fr\\\/produit\\\/limite-capteur-lancia-fiat-alpha-romeo-divers-types\\\/\",\"name\":\"Capteur d\u2019acc\u00e9l\u00e9rateur Lancia Fiat Alfa Romeo diff\u00e9rents types - Turijnmagazijn\",\"isPartOf\":{\"@id\":\"https:\\\/\\\/turijnmagazijn.jumpstone-dev.nl\\\/#website\"},\"primaryImageOfPage\":{\"@id\":\"https:\\\/\\\/turijnmagazijn.nl\\\/fr\\\/produit\\\/limite-capteur-lancia-fiat-alpha-romeo-divers-types\\\/#primaryimage\"},\"image\":{\"@id\":\"https:\\\/\\\/turijnmagazijn.nl\\\/fr\\\/produit\\\/limite-capteur-lancia-fiat-alpha-romeo-divers-types\\\/#primaryimage\"},\"thumbnailUrl\":\"https:\\\/\\\/turijnmagazijn.nl\\\/wp-content\\\/uploads\\\/2023\\\/03\\\/DK00102083-Gasklep-sensor-Lancia-Fiat-Alfa-Romeo-diverse-typen-3-1.jpg\",\"datePublished\":\"2023-03-03T08:18:24+00:00\",\"dateModified\":\"2023-07-26T12:15:37+00:00\",\"breadcrumb\":{\"@id\":\"https:\\\/\\\/turijnmagazijn.nl\\\/fr\\\/produit\\\/limite-capteur-lancia-fiat-alpha-romeo-divers-types\\\/#breadcrumb\"},\"inLanguage\":\"fr-FR\",\"potentialAction\":[{\"@type\":\"ReadAction\",\"target\":[\"https:\\\/\\\/turijnmagazijn.nl\\\/fr\\\/produit\\\/limite-capteur-lancia-fiat-alpha-romeo-divers-types\\\/\"]}]},{\"@type\":\"ImageObject\",\"inLanguage\":\"fr-FR\",\"@id\":\"https:\\\/\\\/turijnmagazijn.nl\\\/fr\\\/produit\\\/limite-capteur-lancia-fiat-alpha-romeo-divers-types\\\/#primaryimage\",\"url\":\"https:\\\/\\\/turijnmagazijn.nl\\\/wp-content\\\/uploads\\\/2023\\\/03\\\/DK00102083-Gasklep-sensor-Lancia-Fiat-Alfa-Romeo-diverse-typen-3-1.jpg\",\"contentUrl\":\"https:\\\/\\\/turijnmagazijn.nl\\\/wp-content\\\/uploads\\\/2023\\\/03\\\/DK00102083-Gasklep-sensor-Lancia-Fiat-Alfa-Romeo-diverse-typen-3-1.jpg\",\"width\":1024,\"height\":768},{\"@type\":\"BreadcrumbList\",\"@id\":\"https:\\\/\\\/turijnmagazijn.nl\\\/fr\\\/produit\\\/limite-capteur-lancia-fiat-alpha-romeo-divers-types\\\/#breadcrumb\",\"itemListElement\":[{\"@type\":\"ListItem\",\"position\":1,\"name\":\"Home\",\"item\":\"https:\\\/\\\/turijnmagazijn.nl\\\/fr\\\/\"},{\"@type\":\"ListItem\",\"position\":2,\"name\":\"Produits\",\"item\":\"https:\\\/\\\/turijnmagazijn.nl\\\/fr\\\/shop\\\/\"},{\"@type\":\"ListItem\",\"position\":3,\"name\":\"Capteur d\u2019acc\u00e9l\u00e9rateur Lancia Fiat Alfa Romeo diff\u00e9rents types\"}]},{\"@type\":\"WebSite\",\"@id\":\"https:\\\/\\\/turijnmagazijn.jumpstone-dev.nl\\\/#website\",\"url\":\"https:\\\/\\\/turijnmagazijn.jumpstone-dev.nl\\\/\",\"name\":\"Turijnmagazijn\",\"description\":\"Onderdelen nieuw en gebruikt - Fiat &amp; Lancia\",\"publisher\":{\"@id\":\"https:\\\/\\\/turijnmagazijn.jumpstone-dev.nl\\\/#organization\"},\"potentialAction\":[{\"@type\":\"SearchAction\",\"target\":{\"@type\":\"EntryPoint\",\"urlTemplate\":\"https:\\\/\\\/turijnmagazijn.jumpstone-dev.nl\\\/?s={search_term_string}\"},\"query-input\":{\"@type\":\"PropertyValueSpecification\",\"valueRequired\":true,\"valueName\":\"search_term_string\"}}],\"inLanguage\":\"fr-FR\"},{\"@type\":\"Organization\",\"@id\":\"https:\\\/\\\/turijnmagazijn.jumpstone-dev.nl\\\/#organization\",\"name\":\"Turijnmagazijn\",\"url\":\"https:\\\/\\\/turijnmagazijn.jumpstone-dev.nl\\\/\",\"logo\":{\"@type\":\"ImageObject\",\"inLanguage\":\"fr-FR\",\"@id\":\"https:\\\/\\\/turijnmagazijn.jumpstone-dev.nl\\\/#\\\/schema\\\/logo\\\/image\\\/\",\"url\":\"https:\\\/\\\/turijnmagazijn.nl\\\/wp-content\\\/uploads\\\/2021\\\/02\\\/turijnmagazijnlogo.png\",\"contentUrl\":\"https:\\\/\\\/turijnmagazijn.nl\\\/wp-content\\\/uploads\\\/2021\\\/02\\\/turijnmagazijnlogo.png\",\"width\":555,\"height\":270,\"caption\":\"Turijnmagazijn\"},\"image\":{\"@id\":\"https:\\\/\\\/turijnmagazijn.jumpstone-dev.nl\\\/#\\\/schema\\\/logo\\\/image\\\/\"},\"sameAs\":[\"https:\\\/\\\/www.facebook.com\\\/turijnmagazijn\"]}]}<\/script>\n<!-- \/ Yoast SEO plugin. -->","yoast_head_json":{"title":"Capteur d\u2019acc\u00e9l\u00e9rateur Lancia Fiat Alfa Romeo diff\u00e9rents types - Turijnmagazijn","robots":{"index":"index","follow":"follow","max-snippet":"max-snippet:-1","max-image-preview":"max-image-preview:large","max-video-preview":"max-video-preview:-1"},"canonical":"https:\/\/turijnmagazijn.nl\/fr\/produit\/limite-capteur-lancia-fiat-alpha-romeo-divers-types\/","og_locale":"fr_FR","og_type":"article","og_title":"Capteur d\u2019acc\u00e9l\u00e9rateur Lancia Fiat Alfa Romeo diff\u00e9rents types - Turijnmagazijn","og_description":"Capteur de soupape d\u2019acc\u00e9l\u00e9rateur Lancia Fiat Alfa Romeo diff\u00e9rents types - Capteur de position d\u2019acc\u00e9l\u00e9rateur utilis\u00e9 pour le montage sur le corps de l\u2019acc\u00e9l\u00e9rateur.","og_url":"https:\/\/turijnmagazijn.nl\/fr\/produit\/limite-capteur-lancia-fiat-alpha-romeo-divers-types\/","og_site_name":"Turijnmagazijn","article_publisher":"https:\/\/www.facebook.com\/turijnmagazijn","article_modified_time":"2023-07-26T12:15:37+00:00","og_image":[{"width":1024,"height":768,"url":"https:\/\/turijnmagazijn.jumpstone-dev.nl\/wp-content\/uploads\/2023\/03\/DK00102083-Gasklep-sensor-Lancia-Fiat-Alfa-Romeo-diverse-typen-3-1.jpg","type":"image\/jpeg"}],"twitter_card":"summary_large_image","schema":{"@context":"https:\/\/schema.org","@graph":[{"@type":"WebPage","@id":"https:\/\/turijnmagazijn.nl\/fr\/produit\/limite-capteur-lancia-fiat-alpha-romeo-divers-types\/","url":"https:\/\/turijnmagazijn.nl\/fr\/produit\/limite-capteur-lancia-fiat-alpha-romeo-divers-types\/","name":"Capteur d\u2019acc\u00e9l\u00e9rateur Lancia Fiat Alfa Romeo diff\u00e9rents types - Turijnmagazijn","isPartOf":{"@id":"https:\/\/turijnmagazijn.jumpstone-dev.nl\/#website"},"primaryImageOfPage":{"@id":"https:\/\/turijnmagazijn.nl\/fr\/produit\/limite-capteur-lancia-fiat-alpha-romeo-divers-types\/#primaryimage"},"image":{"@id":"https:\/\/turijnmagazijn.nl\/fr\/produit\/limite-capteur-lancia-fiat-alpha-romeo-divers-types\/#primaryimage"},"thumbnailUrl":"https:\/\/turijnmagazijn.nl\/wp-content\/uploads\/2023\/03\/DK00102083-Gasklep-sensor-Lancia-Fiat-Alfa-Romeo-diverse-typen-3-1.jpg","datePublished":"2023-03-03T08:18:24+00:00","dateModified":"2023-07-26T12:15:37+00:00","breadcrumb":{"@id":"https:\/\/turijnmagazijn.nl\/fr\/produit\/limite-capteur-lancia-fiat-alpha-romeo-divers-types\/#breadcrumb"},"inLanguage":"fr-FR","potentialAction":[{"@type":"ReadAction","target":["https:\/\/turijnmagazijn.nl\/fr\/produit\/limite-capteur-lancia-fiat-alpha-romeo-divers-types\/"]}]},{"@type":"ImageObject","inLanguage":"fr-FR","@id":"https:\/\/turijnmagazijn.nl\/fr\/produit\/limite-capteur-lancia-fiat-alpha-romeo-divers-types\/#primaryimage","url":"https:\/\/turijnmagazijn.nl\/wp-content\/uploads\/2023\/03\/DK00102083-Gasklep-sensor-Lancia-Fiat-Alfa-Romeo-diverse-typen-3-1.jpg","contentUrl":"https:\/\/turijnmagazijn.nl\/wp-content\/uploads\/2023\/03\/DK00102083-Gasklep-sensor-Lancia-Fiat-Alfa-Romeo-diverse-typen-3-1.jpg","width":1024,"height":768},{"@type":"BreadcrumbList","@id":"https:\/\/turijnmagazijn.nl\/fr\/produit\/limite-capteur-lancia-fiat-alpha-romeo-divers-types\/#breadcrumb","itemListElement":[{"@type":"ListItem","position":1,"name":"Home","item":"https:\/\/turijnmagazijn.nl\/fr\/"},{"@type":"ListItem","position":2,"name":"Produits","item":"https:\/\/turijnmagazijn.nl\/fr\/shop\/"},{"@type":"ListItem","position":3,"name":"Capteur d\u2019acc\u00e9l\u00e9rateur Lancia Fiat Alfa Romeo diff\u00e9rents types"}]},{"@type":"WebSite","@id":"https:\/\/turijnmagazijn.jumpstone-dev.nl\/#website","url":"https:\/\/turijnmagazijn.jumpstone-dev.nl\/","name":"Turijnmagazijn","description":"Onderdelen nieuw en gebruikt - Fiat &amp; Lancia","publisher":{"@id":"https:\/\/turijnmagazijn.jumpstone-dev.nl\/#organization"},"potentialAction":[{"@type":"SearchAction","target":{"@type":"EntryPoint","urlTemplate":"https:\/\/turijnmagazijn.jumpstone-dev.nl\/?s={search_term_string}"},"query-input":{"@type":"PropertyValueSpecification","valueRequired":true,"valueName":"search_term_string"}}],"inLanguage":"fr-FR"},{"@type":"Organization","@id":"https:\/\/turijnmagazijn.jumpstone-dev.nl\/#organization","name":"Turijnmagazijn","url":"https:\/\/turijnmagazijn.jumpstone-dev.nl\/","logo":{"@type":"ImageObject","inLanguage":"fr-FR","@id":"https:\/\/turijnmagazijn.jumpstone-dev.nl\/#\/schema\/logo\/image\/","url":"https:\/\/turijnmagazijn.nl\/wp-content\/uploads\/2021\/02\/turijnmagazijnlogo.png","contentUrl":"https:\/\/turijnmagazijn.nl\/wp-content\/uploads\/2021\/02\/turijnmagazijnlogo.png","width":555,"height":270,"caption":"Turijnmagazijn"},"image":{"@id":"https:\/\/turijnmagazijn.jumpstone-dev.nl\/#\/schema\/logo\/image\/"},"sameAs":["https:\/\/www.facebook.com\/turijnmagazijn"]}]}},"_links":{"self":[{"href":"https:\/\/turijnmagazijn.nl\/fr\/wp-json\/wp\/v2\/product\/60619","targetHints":{"allow":["GET"]}}],"collection":[{"href":"https:\/\/turijnmagazijn.nl\/fr\/wp-json\/wp\/v2\/product"}],"about":[{"href":"https:\/\/turijnmagazijn.nl\/fr\/wp-json\/wp\/v2\/types\/product"}],"replies":[{"embeddable":true,"href":"https:\/\/turijnmagazijn.nl\/fr\/wp-json\/wp\/v2\/comments?post=60619"}],"wp:featuredmedia":[{"embeddable":true,"href":"https:\/\/turijnmagazijn.nl\/fr\/wp-json\/wp\/v2\/media\/45604"}],"wp:attachment":[{"href":"https:\/\/turijnmagazijn.nl\/fr\/wp-json\/wp\/v2\/media?parent=60619"}],"wp:term":[{"taxonomy":"product_brand","embeddable":true,"href":"https:\/\/turijnmagazijn.nl\/fr\/wp-json\/wp\/v2\/product_brand?post=60619"},{"taxonomy":"product_cat","embeddable":true,"href":"https:\/\/turijnmagazijn.nl\/fr\/wp-json\/wp\/v2\/product_cat?post=60619"},{"taxonomy":"product_tag","embeddable":true,"href":"https:\/\/turijnmagazijn.nl\/fr\/wp-json\/wp\/v2\/product_tag?post=60619"}],"curies":[{"name":"wp","href":"https:\/\/api.w.org\/{rel}","templated":true}]}}