{"id":60653,"date":"2023-03-03T08:18:24","date_gmt":"2023-03-03T07:18:24","guid":{"rendered":"https:\/\/turijnmagazijn.nl\/product\/tube-dadmission-en-caoutchouc-entre-la-piece-en-plastique-et-le-boitier-du-filtre-a-air-lancia-delta-ii\/"},"modified":"2023-08-02T23:04:09","modified_gmt":"2023-08-02T21:04:09","slug":"tube-dentree-caoutchouc-entre-piece-plastique-et-boitier-de-filtre-a-air-lancia-delta-ii","status":"publish","type":"product","link":"https:\/\/turijnmagazijn.nl\/fr\/produit\/tube-dentree-caoutchouc-entre-piece-plastique-et-boitier-de-filtre-a-air-lancia-delta-ii\/","title":{"rendered":"Tube d\u2019admission en caoutchouc entre la pi\u00e8ce en plastique et le bo\u00eetier du filtre \u00e0 air Lancia Delta II"},"content":{"rendered":"<p>Tube en caoutchouc usag\u00e9 pour connecter le tuyau d\u2019admission d\u2019air entre le bo\u00eetier du filtre \u00e0 air et le tuyau en plastique pour Lancia Delta II \u00e9quip\u00e9 d\u2019un moteur essence 1.6 16V. Il s\u2019agit d\u2019un tuyau qui n\u2019est pas disponible s\u00e9par\u00e9ment aupr\u00e8s du concessionnaire, mais qui fait partie du num\u00e9ro de pi\u00e8ce 46535688. D\u2019une LS delta II construite en 1999 avec un moteur 1.6 16V.  <\/p>\n<p>Concerne la partie courbe plus longue.<\/p>\n","protected":false},"excerpt":{"rendered":"<p>Tube d\u2019admission en caoutchouc entre la pi\u00e8ce en plastique et le bo\u00eetier du filtre \u00e0 air Lancia Delta II &#8211; Tube en caoutchouc usag\u00e9 pour connecter le tuyau d\u2019admission d\u2019air entre le bo\u00eetier du filtre \u00e0 air et le tuyau en plastique pour Lancia Delta II \u00e9quip\u00e9 de 1.<\/p>\n","protected":false},"featured_media":45736,"comment_status":"open","ping_status":"closed","template":"","meta":{"_acf_changed":false},"product_brand":[],"product_cat":[1841,1798],"product_tag":[],"class_list":{"0":"post-60653","1":"product","2":"type-product","3":"status-publish","4":"has-post-thumbnail","6":"product_cat-delta-2-836-fr","7":"product_cat-lancia-fr","8":"pa_soort-onderdeel-moteur-et-accessoires","10":"first","11":"instock","12":"shipping-taxable","13":"purchasable","14":"product-type-simple"},"acf":[],"yoast_head":"<!-- This site is optimized with the Yoast SEO plugin v27.3 - https:\/\/yoast.com\/product\/yoast-seo-wordpress\/ -->\n<title>Tube d\u2019admission en caoutchouc entre la pi\u00e8ce en plastique et le bo\u00eetier du filtre \u00e0 air Lancia Delta II - Turijnmagazijn<\/title>\n<meta name=\"robots\" content=\"index, follow, max-snippet:-1, max-image-preview:large, max-video-preview:-1\" \/>\n<link rel=\"canonical\" href=\"https:\/\/turijnmagazijn.nl\/fr\/produit\/tube-dentree-caoutchouc-entre-piece-plastique-et-boitier-de-filtre-a-air-lancia-delta-ii\/\" \/>\n<meta property=\"og:locale\" content=\"fr_FR\" \/>\n<meta property=\"og:type\" content=\"article\" \/>\n<meta property=\"og:title\" content=\"Tube d\u2019admission en caoutchouc entre la pi\u00e8ce en plastique et le bo\u00eetier du filtre \u00e0 air Lancia Delta II - Turijnmagazijn\" \/>\n<meta property=\"og:description\" content=\"Tube d\u2019admission en caoutchouc entre la pi\u00e8ce en plastique et le bo\u00eetier du filtre \u00e0 air Lancia Delta II - Tube en caoutchouc usag\u00e9 pour connecter le tuyau d\u2019admission d\u2019air entre le bo\u00eetier du filtre \u00e0 air et le tuyau en plastique pour Lancia Delta II \u00e9quip\u00e9 de 1.\" \/>\n<meta property=\"og:url\" content=\"https:\/\/turijnmagazijn.nl\/fr\/produit\/tube-dentree-caoutchouc-entre-piece-plastique-et-boitier-de-filtre-a-air-lancia-delta-ii\/\" \/>\n<meta property=\"og:site_name\" content=\"Turijnmagazijn\" \/>\n<meta property=\"article:publisher\" content=\"https:\/\/www.facebook.com\/turijnmagazijn\" \/>\n<meta property=\"article:modified_time\" content=\"2023-08-02T21:04:09+00:00\" \/>\n<meta property=\"og:image\" content=\"https:\/\/turijnmagazijn.nl\/wp-content\/uploads\/2023\/03\/DK00102094-Inlaat-buis-rubber-tussen-kunststofdeel-en-luchtfilterhuis-Lancia-Delta-II-4-1.jpg\" \/>\n\t<meta property=\"og:image:width\" content=\"1024\" \/>\n\t<meta property=\"og:image:height\" content=\"768\" \/>\n\t<meta property=\"og:image:type\" content=\"image\/jpeg\" \/>\n<meta name=\"twitter:card\" content=\"summary_large_image\" \/>\n<script type=\"application\/ld+json\" class=\"yoast-schema-graph\">{\"@context\":\"https:\\\/\\\/schema.org\",\"@graph\":[{\"@type\":\"WebPage\",\"@id\":\"https:\\\/\\\/turijnmagazijn.nl\\\/fr\\\/produit\\\/tube-dentree-caoutchouc-entre-piece-plastique-et-boitier-de-filtre-a-air-lancia-delta-ii\\\/\",\"url\":\"https:\\\/\\\/turijnmagazijn.nl\\\/fr\\\/produit\\\/tube-dentree-caoutchouc-entre-piece-plastique-et-boitier-de-filtre-a-air-lancia-delta-ii\\\/\",\"name\":\"Tube d\u2019admission en caoutchouc entre la pi\u00e8ce en plastique et le bo\u00eetier du filtre \u00e0 air Lancia Delta II - Turijnmagazijn\",\"isPartOf\":{\"@id\":\"https:\\\/\\\/turijnmagazijn.jumpstone-dev.nl\\\/#website\"},\"primaryImageOfPage\":{\"@id\":\"https:\\\/\\\/turijnmagazijn.nl\\\/fr\\\/produit\\\/tube-dentree-caoutchouc-entre-piece-plastique-et-boitier-de-filtre-a-air-lancia-delta-ii\\\/#primaryimage\"},\"image\":{\"@id\":\"https:\\\/\\\/turijnmagazijn.nl\\\/fr\\\/produit\\\/tube-dentree-caoutchouc-entre-piece-plastique-et-boitier-de-filtre-a-air-lancia-delta-ii\\\/#primaryimage\"},\"thumbnailUrl\":\"https:\\\/\\\/turijnmagazijn.nl\\\/wp-content\\\/uploads\\\/2023\\\/03\\\/DK00102094-Inlaat-buis-rubber-tussen-kunststofdeel-en-luchtfilterhuis-Lancia-Delta-II-4-1.jpg\",\"datePublished\":\"2023-03-03T07:18:24+00:00\",\"dateModified\":\"2023-08-02T21:04:09+00:00\",\"breadcrumb\":{\"@id\":\"https:\\\/\\\/turijnmagazijn.nl\\\/fr\\\/produit\\\/tube-dentree-caoutchouc-entre-piece-plastique-et-boitier-de-filtre-a-air-lancia-delta-ii\\\/#breadcrumb\"},\"inLanguage\":\"fr-FR\",\"potentialAction\":[{\"@type\":\"ReadAction\",\"target\":[\"https:\\\/\\\/turijnmagazijn.nl\\\/fr\\\/produit\\\/tube-dentree-caoutchouc-entre-piece-plastique-et-boitier-de-filtre-a-air-lancia-delta-ii\\\/\"]}]},{\"@type\":\"ImageObject\",\"inLanguage\":\"fr-FR\",\"@id\":\"https:\\\/\\\/turijnmagazijn.nl\\\/fr\\\/produit\\\/tube-dentree-caoutchouc-entre-piece-plastique-et-boitier-de-filtre-a-air-lancia-delta-ii\\\/#primaryimage\",\"url\":\"https:\\\/\\\/turijnmagazijn.nl\\\/wp-content\\\/uploads\\\/2023\\\/03\\\/DK00102094-Inlaat-buis-rubber-tussen-kunststofdeel-en-luchtfilterhuis-Lancia-Delta-II-4-1.jpg\",\"contentUrl\":\"https:\\\/\\\/turijnmagazijn.nl\\\/wp-content\\\/uploads\\\/2023\\\/03\\\/DK00102094-Inlaat-buis-rubber-tussen-kunststofdeel-en-luchtfilterhuis-Lancia-Delta-II-4-1.jpg\",\"width\":1024,\"height\":768},{\"@type\":\"BreadcrumbList\",\"@id\":\"https:\\\/\\\/turijnmagazijn.nl\\\/fr\\\/produit\\\/tube-dentree-caoutchouc-entre-piece-plastique-et-boitier-de-filtre-a-air-lancia-delta-ii\\\/#breadcrumb\",\"itemListElement\":[{\"@type\":\"ListItem\",\"position\":1,\"name\":\"Home\",\"item\":\"https:\\\/\\\/turijnmagazijn.nl\\\/fr\\\/\"},{\"@type\":\"ListItem\",\"position\":2,\"name\":\"Produits\",\"item\":\"https:\\\/\\\/turijnmagazijn.nl\\\/fr\\\/shop\\\/\"},{\"@type\":\"ListItem\",\"position\":3,\"name\":\"Tube d\u2019admission en caoutchouc entre la pi\u00e8ce en plastique et le bo\u00eetier du filtre \u00e0 air Lancia Delta II\"}]},{\"@type\":\"WebSite\",\"@id\":\"https:\\\/\\\/turijnmagazijn.jumpstone-dev.nl\\\/#website\",\"url\":\"https:\\\/\\\/turijnmagazijn.jumpstone-dev.nl\\\/\",\"name\":\"Turijnmagazijn\",\"description\":\"Onderdelen nieuw en gebruikt - Fiat &amp; Lancia\",\"publisher\":{\"@id\":\"https:\\\/\\\/turijnmagazijn.jumpstone-dev.nl\\\/#organization\"},\"potentialAction\":[{\"@type\":\"SearchAction\",\"target\":{\"@type\":\"EntryPoint\",\"urlTemplate\":\"https:\\\/\\\/turijnmagazijn.jumpstone-dev.nl\\\/?s={search_term_string}\"},\"query-input\":{\"@type\":\"PropertyValueSpecification\",\"valueRequired\":true,\"valueName\":\"search_term_string\"}}],\"inLanguage\":\"fr-FR\"},{\"@type\":\"Organization\",\"@id\":\"https:\\\/\\\/turijnmagazijn.jumpstone-dev.nl\\\/#organization\",\"name\":\"Turijnmagazijn\",\"url\":\"https:\\\/\\\/turijnmagazijn.jumpstone-dev.nl\\\/\",\"logo\":{\"@type\":\"ImageObject\",\"inLanguage\":\"fr-FR\",\"@id\":\"https:\\\/\\\/turijnmagazijn.jumpstone-dev.nl\\\/#\\\/schema\\\/logo\\\/image\\\/\",\"url\":\"https:\\\/\\\/turijnmagazijn.nl\\\/wp-content\\\/uploads\\\/2021\\\/02\\\/turijnmagazijnlogo.png\",\"contentUrl\":\"https:\\\/\\\/turijnmagazijn.nl\\\/wp-content\\\/uploads\\\/2021\\\/02\\\/turijnmagazijnlogo.png\",\"width\":555,\"height\":270,\"caption\":\"Turijnmagazijn\"},\"image\":{\"@id\":\"https:\\\/\\\/turijnmagazijn.jumpstone-dev.nl\\\/#\\\/schema\\\/logo\\\/image\\\/\"},\"sameAs\":[\"https:\\\/\\\/www.facebook.com\\\/turijnmagazijn\"]}]}<\/script>\n<!-- \/ Yoast SEO plugin. -->","yoast_head_json":{"title":"Tube d\u2019admission en caoutchouc entre la pi\u00e8ce en plastique et le bo\u00eetier du filtre \u00e0 air Lancia Delta II - Turijnmagazijn","robots":{"index":"index","follow":"follow","max-snippet":"max-snippet:-1","max-image-preview":"max-image-preview:large","max-video-preview":"max-video-preview:-1"},"canonical":"https:\/\/turijnmagazijn.nl\/fr\/produit\/tube-dentree-caoutchouc-entre-piece-plastique-et-boitier-de-filtre-a-air-lancia-delta-ii\/","og_locale":"fr_FR","og_type":"article","og_title":"Tube d\u2019admission en caoutchouc entre la pi\u00e8ce en plastique et le bo\u00eetier du filtre \u00e0 air Lancia Delta II - Turijnmagazijn","og_description":"Tube d\u2019admission en caoutchouc entre la pi\u00e8ce en plastique et le bo\u00eetier du filtre \u00e0 air Lancia Delta II - Tube en caoutchouc usag\u00e9 pour connecter le tuyau d\u2019admission d\u2019air entre le bo\u00eetier du filtre \u00e0 air et le tuyau en plastique pour Lancia Delta II \u00e9quip\u00e9 de 1.","og_url":"https:\/\/turijnmagazijn.nl\/fr\/produit\/tube-dentree-caoutchouc-entre-piece-plastique-et-boitier-de-filtre-a-air-lancia-delta-ii\/","og_site_name":"Turijnmagazijn","article_publisher":"https:\/\/www.facebook.com\/turijnmagazijn","article_modified_time":"2023-08-02T21:04:09+00:00","og_image":[{"width":1024,"height":768,"url":"https:\/\/turijnmagazijn.nl\/wp-content\/uploads\/2023\/03\/DK00102094-Inlaat-buis-rubber-tussen-kunststofdeel-en-luchtfilterhuis-Lancia-Delta-II-4-1.jpg","type":"image\/jpeg"}],"twitter_card":"summary_large_image","schema":{"@context":"https:\/\/schema.org","@graph":[{"@type":"WebPage","@id":"https:\/\/turijnmagazijn.nl\/fr\/produit\/tube-dentree-caoutchouc-entre-piece-plastique-et-boitier-de-filtre-a-air-lancia-delta-ii\/","url":"https:\/\/turijnmagazijn.nl\/fr\/produit\/tube-dentree-caoutchouc-entre-piece-plastique-et-boitier-de-filtre-a-air-lancia-delta-ii\/","name":"Tube d\u2019admission en caoutchouc entre la pi\u00e8ce en plastique et le bo\u00eetier du filtre \u00e0 air Lancia Delta II - Turijnmagazijn","isPartOf":{"@id":"https:\/\/turijnmagazijn.jumpstone-dev.nl\/#website"},"primaryImageOfPage":{"@id":"https:\/\/turijnmagazijn.nl\/fr\/produit\/tube-dentree-caoutchouc-entre-piece-plastique-et-boitier-de-filtre-a-air-lancia-delta-ii\/#primaryimage"},"image":{"@id":"https:\/\/turijnmagazijn.nl\/fr\/produit\/tube-dentree-caoutchouc-entre-piece-plastique-et-boitier-de-filtre-a-air-lancia-delta-ii\/#primaryimage"},"thumbnailUrl":"https:\/\/turijnmagazijn.nl\/wp-content\/uploads\/2023\/03\/DK00102094-Inlaat-buis-rubber-tussen-kunststofdeel-en-luchtfilterhuis-Lancia-Delta-II-4-1.jpg","datePublished":"2023-03-03T07:18:24+00:00","dateModified":"2023-08-02T21:04:09+00:00","breadcrumb":{"@id":"https:\/\/turijnmagazijn.nl\/fr\/produit\/tube-dentree-caoutchouc-entre-piece-plastique-et-boitier-de-filtre-a-air-lancia-delta-ii\/#breadcrumb"},"inLanguage":"fr-FR","potentialAction":[{"@type":"ReadAction","target":["https:\/\/turijnmagazijn.nl\/fr\/produit\/tube-dentree-caoutchouc-entre-piece-plastique-et-boitier-de-filtre-a-air-lancia-delta-ii\/"]}]},{"@type":"ImageObject","inLanguage":"fr-FR","@id":"https:\/\/turijnmagazijn.nl\/fr\/produit\/tube-dentree-caoutchouc-entre-piece-plastique-et-boitier-de-filtre-a-air-lancia-delta-ii\/#primaryimage","url":"https:\/\/turijnmagazijn.nl\/wp-content\/uploads\/2023\/03\/DK00102094-Inlaat-buis-rubber-tussen-kunststofdeel-en-luchtfilterhuis-Lancia-Delta-II-4-1.jpg","contentUrl":"https:\/\/turijnmagazijn.nl\/wp-content\/uploads\/2023\/03\/DK00102094-Inlaat-buis-rubber-tussen-kunststofdeel-en-luchtfilterhuis-Lancia-Delta-II-4-1.jpg","width":1024,"height":768},{"@type":"BreadcrumbList","@id":"https:\/\/turijnmagazijn.nl\/fr\/produit\/tube-dentree-caoutchouc-entre-piece-plastique-et-boitier-de-filtre-a-air-lancia-delta-ii\/#breadcrumb","itemListElement":[{"@type":"ListItem","position":1,"name":"Home","item":"https:\/\/turijnmagazijn.nl\/fr\/"},{"@type":"ListItem","position":2,"name":"Produits","item":"https:\/\/turijnmagazijn.nl\/fr\/shop\/"},{"@type":"ListItem","position":3,"name":"Tube d\u2019admission en caoutchouc entre la pi\u00e8ce en plastique et le bo\u00eetier du filtre \u00e0 air Lancia Delta II"}]},{"@type":"WebSite","@id":"https:\/\/turijnmagazijn.jumpstone-dev.nl\/#website","url":"https:\/\/turijnmagazijn.jumpstone-dev.nl\/","name":"Turijnmagazijn","description":"Onderdelen nieuw en gebruikt - Fiat &amp; Lancia","publisher":{"@id":"https:\/\/turijnmagazijn.jumpstone-dev.nl\/#organization"},"potentialAction":[{"@type":"SearchAction","target":{"@type":"EntryPoint","urlTemplate":"https:\/\/turijnmagazijn.jumpstone-dev.nl\/?s={search_term_string}"},"query-input":{"@type":"PropertyValueSpecification","valueRequired":true,"valueName":"search_term_string"}}],"inLanguage":"fr-FR"},{"@type":"Organization","@id":"https:\/\/turijnmagazijn.jumpstone-dev.nl\/#organization","name":"Turijnmagazijn","url":"https:\/\/turijnmagazijn.jumpstone-dev.nl\/","logo":{"@type":"ImageObject","inLanguage":"fr-FR","@id":"https:\/\/turijnmagazijn.jumpstone-dev.nl\/#\/schema\/logo\/image\/","url":"https:\/\/turijnmagazijn.nl\/wp-content\/uploads\/2021\/02\/turijnmagazijnlogo.png","contentUrl":"https:\/\/turijnmagazijn.nl\/wp-content\/uploads\/2021\/02\/turijnmagazijnlogo.png","width":555,"height":270,"caption":"Turijnmagazijn"},"image":{"@id":"https:\/\/turijnmagazijn.jumpstone-dev.nl\/#\/schema\/logo\/image\/"},"sameAs":["https:\/\/www.facebook.com\/turijnmagazijn"]}]}},"_links":{"self":[{"href":"https:\/\/turijnmagazijn.nl\/fr\/wp-json\/wp\/v2\/product\/60653","targetHints":{"allow":["GET"]}}],"collection":[{"href":"https:\/\/turijnmagazijn.nl\/fr\/wp-json\/wp\/v2\/product"}],"about":[{"href":"https:\/\/turijnmagazijn.nl\/fr\/wp-json\/wp\/v2\/types\/product"}],"replies":[{"embeddable":true,"href":"https:\/\/turijnmagazijn.nl\/fr\/wp-json\/wp\/v2\/comments?post=60653"}],"wp:featuredmedia":[{"embeddable":true,"href":"https:\/\/turijnmagazijn.nl\/fr\/wp-json\/wp\/v2\/media\/45736"}],"wp:attachment":[{"href":"https:\/\/turijnmagazijn.nl\/fr\/wp-json\/wp\/v2\/media?parent=60653"}],"wp:term":[{"taxonomy":"product_brand","embeddable":true,"href":"https:\/\/turijnmagazijn.nl\/fr\/wp-json\/wp\/v2\/product_brand?post=60653"},{"taxonomy":"product_cat","embeddable":true,"href":"https:\/\/turijnmagazijn.nl\/fr\/wp-json\/wp\/v2\/product_cat?post=60653"},{"taxonomy":"product_tag","embeddable":true,"href":"https:\/\/turijnmagazijn.nl\/fr\/wp-json\/wp\/v2\/product_tag?post=60653"}],"curies":[{"name":"wp","href":"https:\/\/api.w.org\/{rel}","templated":true}]}}