{"id":60664,"date":"2023-03-03T09:18:25","date_gmt":"2023-03-03T08:18:25","guid":{"rendered":"https:\/\/turijnmagazijn.nl\/product\/arbre-dentrainement-a-plaque-de-verrouillage-lancia-delta-hf-integrale-8v-16v-evo-nouveau\/"},"modified":"2024-11-01T17:38:28","modified_gmt":"2024-11-01T16:38:28","slug":"plaque-de-verrouillage-arbre-dentrainement-lancia-delta-hf-integral-8v-16v-evo-new","status":"publish","type":"product","link":"https:\/\/turijnmagazijn.nl\/fr\/produit\/plaque-de-verrouillage-arbre-dentrainement-lancia-delta-hf-integral-8v-16v-evo-new\/","title":{"rendered":"Arbre d\u2019entra\u00eenement \u00e0 plaque de verrouillage Lancia Delta HF Integrale 8V 16V EVO -NOUVEAU-"},"content":{"rendered":"<p>Clip de verrouillage pour le montage des arbres d\u2019entra\u00eenement pour Lancia Delta HF Integrale applicable \u00e0 8V 16V et EVO. Ces plaques de verrouillage sont utilis\u00e9es pour une r\u00e9partition \u00e9gale du moment de deux boulons pour la connexion entre le joint CV de l\u2019arbre d\u2019entra\u00eenement du c\u00f4t\u00e9 du godet. \u00c9galement utilis\u00e9 avec l\u2019arbre d\u2019entra\u00eenement central ou l\u2019arbre \u00e0 cardan sur le joint CV.<\/p>\n<p>Concerne les pi\u00e8ces neuves d\u2019origine Lancia.<\/p>\n<p>Ventes par pi\u00e8ce.<\/p>\n<p>Pi\u00e8ce num\u00e9ro 13 sur le dessin technique du dessin EPER num\u00e9ro 2430100001 concernant l&rsquo;application sur la Lancia Delta Integrale. 3 pi\u00e8ces de cette pi\u00e8ce sont n\u00e9cessaires par voiture. <\/p>\n<p>Lancia OEM 4315446<\/p>\n","protected":false},"excerpt":{"rendered":"<p>Arbre d\u2019entra\u00eenement \u00e0 plaque de verrouillage Lancia Delta HF Integrale 8V 16V EVO &#8211; Clip de verrouillage pour le montage des arbres d\u2019entra\u00eenement pour Lancia Delta HF Integrale applicable \u00e0 8V 16V et EVO. Arbre d\u2019entra\u00eenement \u00e0 plaque de verrouillage Lancia Delta HF Integrale 8V 16V EVO NEW &#8211; Clip de verrouillage pour montage d<\/p>\n","protected":false},"featured_media":45796,"comment_status":"open","ping_status":"closed","template":"","meta":{"_acf_changed":false},"product_brand":[],"product_cat":[1609,1582,1702,1644,1806,1690,1830,1798,1752,1896],"product_tag":[],"class_list":{"0":"post-60664","1":"product","2":"type-product","3":"status-publish","4":"has-post-thumbnail","6":"product_cat-155-167-fr","7":"product_cat-alfa-romeo-fr","8":"product_cat-barchetta-183-fr","9":"product_cat-brera-939-fr","10":"product_cat-delta-1-831-fr","11":"product_cat-fiat-fr","12":"product_cat-integrale-8v-fr","13":"product_cat-lancia-fr","14":"product_cat-punto-2-188-fr","15":"product_cat-thema-834-fr","16":"pa_soort-onderdeel-moteur-et-accessoires","17":"pa_soort-onderdeel-suspension-et-chassis","19":"first","20":"instock","21":"shipping-taxable","22":"purchasable","23":"product-type-simple"},"acf":[],"yoast_head":"<!-- This site is optimized with the Yoast SEO plugin v27.3 - https:\/\/yoast.com\/product\/yoast-seo-wordpress\/ -->\n<title>Arbre d\u2019entra\u00eenement \u00e0 plaque de verrouillage Lancia Delta HF Integrale 8V 16V EVO -NOUVEAU- Turijnmagazijn<\/title>\n<meta name=\"robots\" content=\"index, follow, max-snippet:-1, max-image-preview:large, max-video-preview:-1\" \/>\n<link rel=\"canonical\" href=\"https:\/\/turijnmagazijn.nl\/fr\/produit\/plaque-de-verrouillage-arbre-dentrainement-lancia-delta-hf-integral-8v-16v-evo-new\/\" \/>\n<meta property=\"og:locale\" content=\"fr_FR\" \/>\n<meta property=\"og:type\" content=\"article\" \/>\n<meta property=\"og:title\" content=\"Arbre d\u2019entra\u00eenement \u00e0 plaque de verrouillage Lancia Delta HF Integrale 8V 16V EVO -NOUVEAU- Turijnmagazijn\" \/>\n<meta property=\"og:description\" content=\"Arbre d\u2019entra\u00eenement \u00e0 plaque de verrouillage Lancia Delta HF Integrale 8V 16V EVO - Clip de verrouillage pour le montage des arbres d\u2019entra\u00eenement pour Lancia Delta HF Integrale applicable \u00e0 8V 16V et EVO. Arbre d\u2019entra\u00eenement \u00e0 plaque de verrouillage Lancia Delta HF Integrale 8V 16V EVO NEW - Clip de verrouillage pour montage d\" \/>\n<meta property=\"og:url\" content=\"https:\/\/turijnmagazijn.nl\/fr\/produit\/plaque-de-verrouillage-arbre-dentrainement-lancia-delta-hf-integral-8v-16v-evo-new\/\" \/>\n<meta property=\"og:site_name\" content=\"Turijnmagazijn\" \/>\n<meta property=\"article:publisher\" content=\"https:\/\/www.facebook.com\/turijnmagazijn\" \/>\n<meta property=\"article:modified_time\" content=\"2024-11-01T16:38:28+00:00\" \/>\n<meta property=\"og:image\" content=\"https:\/\/turijnmagazijn.nl\/wp-content\/uploads\/2023\/03\/DK00102104-Borgplaat-aandrijfas-Lancia-Delta-HF-Integrale-8V-16V-EVO-NIEUW-2-1.jpg\" \/>\n\t<meta property=\"og:image:width\" content=\"1024\" \/>\n\t<meta property=\"og:image:height\" content=\"768\" \/>\n\t<meta property=\"og:image:type\" content=\"image\/jpeg\" \/>\n<meta name=\"twitter:card\" content=\"summary_large_image\" \/>\n<meta name=\"twitter:label1\" content=\"Dur\u00e9e de lecture estim\u00e9e\" \/>\n\t<meta name=\"twitter:data1\" content=\"1 minute\" \/>\n<script type=\"application\/ld+json\" class=\"yoast-schema-graph\">{\"@context\":\"https:\\\/\\\/schema.org\",\"@graph\":[{\"@type\":\"WebPage\",\"@id\":\"https:\\\/\\\/turijnmagazijn.nl\\\/fr\\\/produit\\\/plaque-de-verrouillage-arbre-dentrainement-lancia-delta-hf-integral-8v-16v-evo-new\\\/\",\"url\":\"https:\\\/\\\/turijnmagazijn.nl\\\/fr\\\/produit\\\/plaque-de-verrouillage-arbre-dentrainement-lancia-delta-hf-integral-8v-16v-evo-new\\\/\",\"name\":\"Arbre d\u2019entra\u00eenement \u00e0 plaque de verrouillage Lancia Delta HF Integrale 8V 16V EVO -NOUVEAU- Turijnmagazijn\",\"isPartOf\":{\"@id\":\"https:\\\/\\\/turijnmagazijn.jumpstone-dev.nl\\\/#website\"},\"primaryImageOfPage\":{\"@id\":\"https:\\\/\\\/turijnmagazijn.nl\\\/fr\\\/produit\\\/plaque-de-verrouillage-arbre-dentrainement-lancia-delta-hf-integral-8v-16v-evo-new\\\/#primaryimage\"},\"image\":{\"@id\":\"https:\\\/\\\/turijnmagazijn.nl\\\/fr\\\/produit\\\/plaque-de-verrouillage-arbre-dentrainement-lancia-delta-hf-integral-8v-16v-evo-new\\\/#primaryimage\"},\"thumbnailUrl\":\"https:\\\/\\\/turijnmagazijn.nl\\\/wp-content\\\/uploads\\\/2023\\\/03\\\/DK00102104-Borgplaat-aandrijfas-Lancia-Delta-HF-Integrale-8V-16V-EVO-NIEUW-2-1.jpg\",\"datePublished\":\"2023-03-03T08:18:25+00:00\",\"dateModified\":\"2024-11-01T16:38:28+00:00\",\"breadcrumb\":{\"@id\":\"https:\\\/\\\/turijnmagazijn.nl\\\/fr\\\/produit\\\/plaque-de-verrouillage-arbre-dentrainement-lancia-delta-hf-integral-8v-16v-evo-new\\\/#breadcrumb\"},\"inLanguage\":\"fr-FR\",\"potentialAction\":[{\"@type\":\"ReadAction\",\"target\":[\"https:\\\/\\\/turijnmagazijn.nl\\\/fr\\\/produit\\\/plaque-de-verrouillage-arbre-dentrainement-lancia-delta-hf-integral-8v-16v-evo-new\\\/\"]}]},{\"@type\":\"ImageObject\",\"inLanguage\":\"fr-FR\",\"@id\":\"https:\\\/\\\/turijnmagazijn.nl\\\/fr\\\/produit\\\/plaque-de-verrouillage-arbre-dentrainement-lancia-delta-hf-integral-8v-16v-evo-new\\\/#primaryimage\",\"url\":\"https:\\\/\\\/turijnmagazijn.nl\\\/wp-content\\\/uploads\\\/2023\\\/03\\\/DK00102104-Borgplaat-aandrijfas-Lancia-Delta-HF-Integrale-8V-16V-EVO-NIEUW-2-1.jpg\",\"contentUrl\":\"https:\\\/\\\/turijnmagazijn.nl\\\/wp-content\\\/uploads\\\/2023\\\/03\\\/DK00102104-Borgplaat-aandrijfas-Lancia-Delta-HF-Integrale-8V-16V-EVO-NIEUW-2-1.jpg\",\"width\":1024,\"height\":768},{\"@type\":\"BreadcrumbList\",\"@id\":\"https:\\\/\\\/turijnmagazijn.nl\\\/fr\\\/produit\\\/plaque-de-verrouillage-arbre-dentrainement-lancia-delta-hf-integral-8v-16v-evo-new\\\/#breadcrumb\",\"itemListElement\":[{\"@type\":\"ListItem\",\"position\":1,\"name\":\"Home\",\"item\":\"https:\\\/\\\/turijnmagazijn.nl\\\/fr\\\/\"},{\"@type\":\"ListItem\",\"position\":2,\"name\":\"Produits\",\"item\":\"https:\\\/\\\/turijnmagazijn.nl\\\/fr\\\/shop\\\/\"},{\"@type\":\"ListItem\",\"position\":3,\"name\":\"Arbre d\u2019entra\u00eenement \u00e0 plaque de verrouillage Lancia Delta HF Integrale 8V 16V EVO -NOUVEAU-\"}]},{\"@type\":\"WebSite\",\"@id\":\"https:\\\/\\\/turijnmagazijn.jumpstone-dev.nl\\\/#website\",\"url\":\"https:\\\/\\\/turijnmagazijn.jumpstone-dev.nl\\\/\",\"name\":\"Turijnmagazijn\",\"description\":\"Onderdelen nieuw en gebruikt - Fiat &amp; Lancia\",\"publisher\":{\"@id\":\"https:\\\/\\\/turijnmagazijn.jumpstone-dev.nl\\\/#organization\"},\"potentialAction\":[{\"@type\":\"SearchAction\",\"target\":{\"@type\":\"EntryPoint\",\"urlTemplate\":\"https:\\\/\\\/turijnmagazijn.jumpstone-dev.nl\\\/?s={search_term_string}\"},\"query-input\":{\"@type\":\"PropertyValueSpecification\",\"valueRequired\":true,\"valueName\":\"search_term_string\"}}],\"inLanguage\":\"fr-FR\"},{\"@type\":\"Organization\",\"@id\":\"https:\\\/\\\/turijnmagazijn.jumpstone-dev.nl\\\/#organization\",\"name\":\"Turijnmagazijn\",\"url\":\"https:\\\/\\\/turijnmagazijn.jumpstone-dev.nl\\\/\",\"logo\":{\"@type\":\"ImageObject\",\"inLanguage\":\"fr-FR\",\"@id\":\"https:\\\/\\\/turijnmagazijn.jumpstone-dev.nl\\\/#\\\/schema\\\/logo\\\/image\\\/\",\"url\":\"https:\\\/\\\/turijnmagazijn.nl\\\/wp-content\\\/uploads\\\/2021\\\/02\\\/turijnmagazijnlogo.png\",\"contentUrl\":\"https:\\\/\\\/turijnmagazijn.nl\\\/wp-content\\\/uploads\\\/2021\\\/02\\\/turijnmagazijnlogo.png\",\"width\":555,\"height\":270,\"caption\":\"Turijnmagazijn\"},\"image\":{\"@id\":\"https:\\\/\\\/turijnmagazijn.jumpstone-dev.nl\\\/#\\\/schema\\\/logo\\\/image\\\/\"},\"sameAs\":[\"https:\\\/\\\/www.facebook.com\\\/turijnmagazijn\"]}]}<\/script>\n<!-- \/ Yoast SEO plugin. -->","yoast_head_json":{"title":"Arbre d\u2019entra\u00eenement \u00e0 plaque de verrouillage Lancia Delta HF Integrale 8V 16V EVO -NOUVEAU- Turijnmagazijn","robots":{"index":"index","follow":"follow","max-snippet":"max-snippet:-1","max-image-preview":"max-image-preview:large","max-video-preview":"max-video-preview:-1"},"canonical":"https:\/\/turijnmagazijn.nl\/fr\/produit\/plaque-de-verrouillage-arbre-dentrainement-lancia-delta-hf-integral-8v-16v-evo-new\/","og_locale":"fr_FR","og_type":"article","og_title":"Arbre d\u2019entra\u00eenement \u00e0 plaque de verrouillage Lancia Delta HF Integrale 8V 16V EVO -NOUVEAU- Turijnmagazijn","og_description":"Arbre d\u2019entra\u00eenement \u00e0 plaque de verrouillage Lancia Delta HF Integrale 8V 16V EVO - Clip de verrouillage pour le montage des arbres d\u2019entra\u00eenement pour Lancia Delta HF Integrale applicable \u00e0 8V 16V et EVO. Arbre d\u2019entra\u00eenement \u00e0 plaque de verrouillage Lancia Delta HF Integrale 8V 16V EVO NEW - Clip de verrouillage pour montage d","og_url":"https:\/\/turijnmagazijn.nl\/fr\/produit\/plaque-de-verrouillage-arbre-dentrainement-lancia-delta-hf-integral-8v-16v-evo-new\/","og_site_name":"Turijnmagazijn","article_publisher":"https:\/\/www.facebook.com\/turijnmagazijn","article_modified_time":"2024-11-01T16:38:28+00:00","og_image":[{"width":1024,"height":768,"url":"https:\/\/turijnmagazijn.nl\/wp-content\/uploads\/2023\/03\/DK00102104-Borgplaat-aandrijfas-Lancia-Delta-HF-Integrale-8V-16V-EVO-NIEUW-2-1.jpg","type":"image\/jpeg"}],"twitter_card":"summary_large_image","twitter_misc":{"Dur\u00e9e de lecture estim\u00e9e":"1 minute"},"schema":{"@context":"https:\/\/schema.org","@graph":[{"@type":"WebPage","@id":"https:\/\/turijnmagazijn.nl\/fr\/produit\/plaque-de-verrouillage-arbre-dentrainement-lancia-delta-hf-integral-8v-16v-evo-new\/","url":"https:\/\/turijnmagazijn.nl\/fr\/produit\/plaque-de-verrouillage-arbre-dentrainement-lancia-delta-hf-integral-8v-16v-evo-new\/","name":"Arbre d\u2019entra\u00eenement \u00e0 plaque de verrouillage Lancia Delta HF Integrale 8V 16V EVO -NOUVEAU- Turijnmagazijn","isPartOf":{"@id":"https:\/\/turijnmagazijn.jumpstone-dev.nl\/#website"},"primaryImageOfPage":{"@id":"https:\/\/turijnmagazijn.nl\/fr\/produit\/plaque-de-verrouillage-arbre-dentrainement-lancia-delta-hf-integral-8v-16v-evo-new\/#primaryimage"},"image":{"@id":"https:\/\/turijnmagazijn.nl\/fr\/produit\/plaque-de-verrouillage-arbre-dentrainement-lancia-delta-hf-integral-8v-16v-evo-new\/#primaryimage"},"thumbnailUrl":"https:\/\/turijnmagazijn.nl\/wp-content\/uploads\/2023\/03\/DK00102104-Borgplaat-aandrijfas-Lancia-Delta-HF-Integrale-8V-16V-EVO-NIEUW-2-1.jpg","datePublished":"2023-03-03T08:18:25+00:00","dateModified":"2024-11-01T16:38:28+00:00","breadcrumb":{"@id":"https:\/\/turijnmagazijn.nl\/fr\/produit\/plaque-de-verrouillage-arbre-dentrainement-lancia-delta-hf-integral-8v-16v-evo-new\/#breadcrumb"},"inLanguage":"fr-FR","potentialAction":[{"@type":"ReadAction","target":["https:\/\/turijnmagazijn.nl\/fr\/produit\/plaque-de-verrouillage-arbre-dentrainement-lancia-delta-hf-integral-8v-16v-evo-new\/"]}]},{"@type":"ImageObject","inLanguage":"fr-FR","@id":"https:\/\/turijnmagazijn.nl\/fr\/produit\/plaque-de-verrouillage-arbre-dentrainement-lancia-delta-hf-integral-8v-16v-evo-new\/#primaryimage","url":"https:\/\/turijnmagazijn.nl\/wp-content\/uploads\/2023\/03\/DK00102104-Borgplaat-aandrijfas-Lancia-Delta-HF-Integrale-8V-16V-EVO-NIEUW-2-1.jpg","contentUrl":"https:\/\/turijnmagazijn.nl\/wp-content\/uploads\/2023\/03\/DK00102104-Borgplaat-aandrijfas-Lancia-Delta-HF-Integrale-8V-16V-EVO-NIEUW-2-1.jpg","width":1024,"height":768},{"@type":"BreadcrumbList","@id":"https:\/\/turijnmagazijn.nl\/fr\/produit\/plaque-de-verrouillage-arbre-dentrainement-lancia-delta-hf-integral-8v-16v-evo-new\/#breadcrumb","itemListElement":[{"@type":"ListItem","position":1,"name":"Home","item":"https:\/\/turijnmagazijn.nl\/fr\/"},{"@type":"ListItem","position":2,"name":"Produits","item":"https:\/\/turijnmagazijn.nl\/fr\/shop\/"},{"@type":"ListItem","position":3,"name":"Arbre d\u2019entra\u00eenement \u00e0 plaque de verrouillage Lancia Delta HF Integrale 8V 16V EVO -NOUVEAU-"}]},{"@type":"WebSite","@id":"https:\/\/turijnmagazijn.jumpstone-dev.nl\/#website","url":"https:\/\/turijnmagazijn.jumpstone-dev.nl\/","name":"Turijnmagazijn","description":"Onderdelen nieuw en gebruikt - Fiat &amp; Lancia","publisher":{"@id":"https:\/\/turijnmagazijn.jumpstone-dev.nl\/#organization"},"potentialAction":[{"@type":"SearchAction","target":{"@type":"EntryPoint","urlTemplate":"https:\/\/turijnmagazijn.jumpstone-dev.nl\/?s={search_term_string}"},"query-input":{"@type":"PropertyValueSpecification","valueRequired":true,"valueName":"search_term_string"}}],"inLanguage":"fr-FR"},{"@type":"Organization","@id":"https:\/\/turijnmagazijn.jumpstone-dev.nl\/#organization","name":"Turijnmagazijn","url":"https:\/\/turijnmagazijn.jumpstone-dev.nl\/","logo":{"@type":"ImageObject","inLanguage":"fr-FR","@id":"https:\/\/turijnmagazijn.jumpstone-dev.nl\/#\/schema\/logo\/image\/","url":"https:\/\/turijnmagazijn.nl\/wp-content\/uploads\/2021\/02\/turijnmagazijnlogo.png","contentUrl":"https:\/\/turijnmagazijn.nl\/wp-content\/uploads\/2021\/02\/turijnmagazijnlogo.png","width":555,"height":270,"caption":"Turijnmagazijn"},"image":{"@id":"https:\/\/turijnmagazijn.jumpstone-dev.nl\/#\/schema\/logo\/image\/"},"sameAs":["https:\/\/www.facebook.com\/turijnmagazijn"]}]}},"_links":{"self":[{"href":"https:\/\/turijnmagazijn.nl\/fr\/wp-json\/wp\/v2\/product\/60664","targetHints":{"allow":["GET"]}}],"collection":[{"href":"https:\/\/turijnmagazijn.nl\/fr\/wp-json\/wp\/v2\/product"}],"about":[{"href":"https:\/\/turijnmagazijn.nl\/fr\/wp-json\/wp\/v2\/types\/product"}],"replies":[{"embeddable":true,"href":"https:\/\/turijnmagazijn.nl\/fr\/wp-json\/wp\/v2\/comments?post=60664"}],"wp:featuredmedia":[{"embeddable":true,"href":"https:\/\/turijnmagazijn.nl\/fr\/wp-json\/wp\/v2\/media\/45796"}],"wp:attachment":[{"href":"https:\/\/turijnmagazijn.nl\/fr\/wp-json\/wp\/v2\/media?parent=60664"}],"wp:term":[{"taxonomy":"product_brand","embeddable":true,"href":"https:\/\/turijnmagazijn.nl\/fr\/wp-json\/wp\/v2\/product_brand?post=60664"},{"taxonomy":"product_cat","embeddable":true,"href":"https:\/\/turijnmagazijn.nl\/fr\/wp-json\/wp\/v2\/product_cat?post=60664"},{"taxonomy":"product_tag","embeddable":true,"href":"https:\/\/turijnmagazijn.nl\/fr\/wp-json\/wp\/v2\/product_tag?post=60664"}],"curies":[{"name":"wp","href":"https:\/\/api.w.org\/{rel}","templated":true}]}}