{"id":60692,"date":"2023-03-03T09:18:46","date_gmt":"2023-03-03T08:18:46","guid":{"rendered":"https:\/\/turijnmagazijn.nl\/product\/retroviseur-exterieur-links-lancia-ypsilon-i-electrique-nouveau\/"},"modified":"2023-07-26T13:12:24","modified_gmt":"2023-07-26T11:12:24","slug":"retroviseur-exterieur-gauche-lancia-ypsilon-i-electric-new","status":"publish","type":"product","link":"https:\/\/turijnmagazijn.nl\/fr\/produit\/retroviseur-exterieur-gauche-lancia-ypsilon-i-electric-new\/","title":{"rendered":"R\u00e9troviseur ext\u00e9rieur Links Lancia Ypsilon I \u00e9lectrique -NOUVEAU-"},"content":{"rendered":"<p>Pi\u00e8ces neuves de l\u2019ancien stock, ces articles ne sont pas fournis avec l\u2019emballage d\u2019origine, mais sont neufs et d\u2019origine d\u2019usine, donc n\u2019ont jamais \u00e9t\u00e9 mont\u00e9s sur une voiture auparavant.&nbsp;<\/p>\n<p>Version la plus \u00e9tendue du r\u00e9troviseur ext\u00e9rieur, enti\u00e8rement r\u00e9glable \u00e9lectriquement, verre miroir chauffant et \u00e9quip\u00e9 d\u2019un capteur pour la climatisation. Le miroir dispose d\u2019une connexion \u00e0 7 broches. Est destin\u00e9 \u00e0 la version LX de l\u2019Ypsilon avec climatisation. Concerne un r\u00e9troviseur avec un capot en plastique noir, ne convient pas \u00e0 une voiture avec des r\u00e9troviseurs peints. Complet avec verre miroir.<\/p>\n<p>OEM LANCIA 716649099<\/p>\n","protected":false},"excerpt":{"rendered":"<p>R\u00e9troviseur ext\u00e9rieur Links Lancia Ypsilon I \u00e9lectrique -NOUVEAU- &#8211; Nouvelle pi\u00e8ce de l\u2019ancien stock, ces articles ne sont pas fournis avec l\u2019emballage d\u2019origine, mais sont neufs et d\u2019origine d\u2019usine, donc n\u2019ont jamais \u00e9t\u00e9 mont\u00e9s sur une voiture auparavant.<\/p>\n","protected":false},"featured_media":45960,"comment_status":"open","ping_status":"closed","template":"","meta":{"_acf_changed":false},"product_brand":[],"product_cat":[1798,1914],"product_tag":[],"class_list":{"0":"post-60692","1":"product","2":"type-product","3":"status-publish","4":"has-post-thumbnail","6":"product_cat-lancia-fr","7":"product_cat-ypsilon-1-840-fr","8":"pa_soort-onderdeel-dautres-pieces-de-voiture","9":"pa_soort-onderdeel-miroirs","11":"first","12":"instock","13":"shipping-taxable","14":"purchasable","15":"product-type-simple"},"acf":[],"yoast_head":"<!-- This site is optimized with the Yoast SEO plugin v27.3 - https:\/\/yoast.com\/product\/yoast-seo-wordpress\/ -->\n<title>R\u00e9troviseur ext\u00e9rieur Links Lancia Ypsilon I \u00e9lectrique -NOUVEAU- Turijnmagazijn<\/title>\n<meta name=\"robots\" content=\"index, follow, max-snippet:-1, max-image-preview:large, max-video-preview:-1\" \/>\n<link rel=\"canonical\" href=\"https:\/\/turijnmagazijn.nl\/fr\/produit\/retroviseur-exterieur-gauche-lancia-ypsilon-i-electric-new\/\" \/>\n<meta property=\"og:locale\" content=\"fr_FR\" \/>\n<meta property=\"og:type\" content=\"article\" \/>\n<meta property=\"og:title\" content=\"R\u00e9troviseur ext\u00e9rieur Links Lancia Ypsilon I \u00e9lectrique -NOUVEAU- Turijnmagazijn\" \/>\n<meta property=\"og:description\" content=\"R\u00e9troviseur ext\u00e9rieur Links Lancia Ypsilon I \u00e9lectrique -NOUVEAU- - Nouvelle pi\u00e8ce de l\u2019ancien stock, ces articles ne sont pas fournis avec l\u2019emballage d\u2019origine, mais sont neufs et d\u2019origine d\u2019usine, donc n\u2019ont jamais \u00e9t\u00e9 mont\u00e9s sur une voiture auparavant.\" \/>\n<meta property=\"og:url\" content=\"https:\/\/turijnmagazijn.nl\/fr\/produit\/retroviseur-exterieur-gauche-lancia-ypsilon-i-electric-new\/\" \/>\n<meta property=\"og:site_name\" content=\"Turijnmagazijn\" \/>\n<meta property=\"article:publisher\" content=\"https:\/\/www.facebook.com\/turijnmagazijn\" \/>\n<meta property=\"article:modified_time\" content=\"2023-07-26T11:12:24+00:00\" \/>\n<meta property=\"og:image\" content=\"https:\/\/turijnmagazijn.jumpstone-dev.nl\/wp-content\/uploads\/2023\/03\/DK00102116-Buitenspiegel-Links-Lancia-Ypsilon-I-elektrisch-NIEUW-7-1.jpg\" \/>\n\t<meta property=\"og:image:width\" content=\"1024\" \/>\n\t<meta property=\"og:image:height\" content=\"768\" \/>\n\t<meta property=\"og:image:type\" content=\"image\/jpeg\" \/>\n<meta name=\"twitter:card\" content=\"summary_large_image\" \/>\n<meta name=\"twitter:label1\" content=\"Dur\u00e9e de lecture estim\u00e9e\" \/>\n\t<meta name=\"twitter:data1\" content=\"1 minute\" \/>\n<script type=\"application\/ld+json\" class=\"yoast-schema-graph\">{\"@context\":\"https:\\\/\\\/schema.org\",\"@graph\":[{\"@type\":\"WebPage\",\"@id\":\"https:\\\/\\\/turijnmagazijn.nl\\\/fr\\\/produit\\\/retroviseur-exterieur-gauche-lancia-ypsilon-i-electric-new\\\/\",\"url\":\"https:\\\/\\\/turijnmagazijn.nl\\\/fr\\\/produit\\\/retroviseur-exterieur-gauche-lancia-ypsilon-i-electric-new\\\/\",\"name\":\"R\u00e9troviseur ext\u00e9rieur Links Lancia Ypsilon I \u00e9lectrique -NOUVEAU- Turijnmagazijn\",\"isPartOf\":{\"@id\":\"https:\\\/\\\/turijnmagazijn.jumpstone-dev.nl\\\/#website\"},\"primaryImageOfPage\":{\"@id\":\"https:\\\/\\\/turijnmagazijn.nl\\\/fr\\\/produit\\\/retroviseur-exterieur-gauche-lancia-ypsilon-i-electric-new\\\/#primaryimage\"},\"image\":{\"@id\":\"https:\\\/\\\/turijnmagazijn.nl\\\/fr\\\/produit\\\/retroviseur-exterieur-gauche-lancia-ypsilon-i-electric-new\\\/#primaryimage\"},\"thumbnailUrl\":\"https:\\\/\\\/turijnmagazijn.nl\\\/wp-content\\\/uploads\\\/2023\\\/03\\\/DK00102116-Buitenspiegel-Links-Lancia-Ypsilon-I-elektrisch-NIEUW-7-1.jpg\",\"datePublished\":\"2023-03-03T08:18:46+00:00\",\"dateModified\":\"2023-07-26T11:12:24+00:00\",\"breadcrumb\":{\"@id\":\"https:\\\/\\\/turijnmagazijn.nl\\\/fr\\\/produit\\\/retroviseur-exterieur-gauche-lancia-ypsilon-i-electric-new\\\/#breadcrumb\"},\"inLanguage\":\"fr-FR\",\"potentialAction\":[{\"@type\":\"ReadAction\",\"target\":[\"https:\\\/\\\/turijnmagazijn.nl\\\/fr\\\/produit\\\/retroviseur-exterieur-gauche-lancia-ypsilon-i-electric-new\\\/\"]}]},{\"@type\":\"ImageObject\",\"inLanguage\":\"fr-FR\",\"@id\":\"https:\\\/\\\/turijnmagazijn.nl\\\/fr\\\/produit\\\/retroviseur-exterieur-gauche-lancia-ypsilon-i-electric-new\\\/#primaryimage\",\"url\":\"https:\\\/\\\/turijnmagazijn.nl\\\/wp-content\\\/uploads\\\/2023\\\/03\\\/DK00102116-Buitenspiegel-Links-Lancia-Ypsilon-I-elektrisch-NIEUW-7-1.jpg\",\"contentUrl\":\"https:\\\/\\\/turijnmagazijn.nl\\\/wp-content\\\/uploads\\\/2023\\\/03\\\/DK00102116-Buitenspiegel-Links-Lancia-Ypsilon-I-elektrisch-NIEUW-7-1.jpg\",\"width\":1024,\"height\":768},{\"@type\":\"BreadcrumbList\",\"@id\":\"https:\\\/\\\/turijnmagazijn.nl\\\/fr\\\/produit\\\/retroviseur-exterieur-gauche-lancia-ypsilon-i-electric-new\\\/#breadcrumb\",\"itemListElement\":[{\"@type\":\"ListItem\",\"position\":1,\"name\":\"Home\",\"item\":\"https:\\\/\\\/turijnmagazijn.nl\\\/fr\\\/\"},{\"@type\":\"ListItem\",\"position\":2,\"name\":\"Produits\",\"item\":\"https:\\\/\\\/turijnmagazijn.nl\\\/fr\\\/shop\\\/\"},{\"@type\":\"ListItem\",\"position\":3,\"name\":\"R\u00e9troviseur ext\u00e9rieur Links Lancia Ypsilon I \u00e9lectrique -NOUVEAU-\"}]},{\"@type\":\"WebSite\",\"@id\":\"https:\\\/\\\/turijnmagazijn.jumpstone-dev.nl\\\/#website\",\"url\":\"https:\\\/\\\/turijnmagazijn.jumpstone-dev.nl\\\/\",\"name\":\"Turijnmagazijn\",\"description\":\"Onderdelen nieuw en gebruikt - Fiat &amp; Lancia\",\"publisher\":{\"@id\":\"https:\\\/\\\/turijnmagazijn.jumpstone-dev.nl\\\/#organization\"},\"potentialAction\":[{\"@type\":\"SearchAction\",\"target\":{\"@type\":\"EntryPoint\",\"urlTemplate\":\"https:\\\/\\\/turijnmagazijn.jumpstone-dev.nl\\\/?s={search_term_string}\"},\"query-input\":{\"@type\":\"PropertyValueSpecification\",\"valueRequired\":true,\"valueName\":\"search_term_string\"}}],\"inLanguage\":\"fr-FR\"},{\"@type\":\"Organization\",\"@id\":\"https:\\\/\\\/turijnmagazijn.jumpstone-dev.nl\\\/#organization\",\"name\":\"Turijnmagazijn\",\"url\":\"https:\\\/\\\/turijnmagazijn.jumpstone-dev.nl\\\/\",\"logo\":{\"@type\":\"ImageObject\",\"inLanguage\":\"fr-FR\",\"@id\":\"https:\\\/\\\/turijnmagazijn.jumpstone-dev.nl\\\/#\\\/schema\\\/logo\\\/image\\\/\",\"url\":\"https:\\\/\\\/turijnmagazijn.nl\\\/wp-content\\\/uploads\\\/2021\\\/02\\\/turijnmagazijnlogo.png\",\"contentUrl\":\"https:\\\/\\\/turijnmagazijn.nl\\\/wp-content\\\/uploads\\\/2021\\\/02\\\/turijnmagazijnlogo.png\",\"width\":555,\"height\":270,\"caption\":\"Turijnmagazijn\"},\"image\":{\"@id\":\"https:\\\/\\\/turijnmagazijn.jumpstone-dev.nl\\\/#\\\/schema\\\/logo\\\/image\\\/\"},\"sameAs\":[\"https:\\\/\\\/www.facebook.com\\\/turijnmagazijn\"]}]}<\/script>\n<!-- \/ Yoast SEO plugin. -->","yoast_head_json":{"title":"R\u00e9troviseur ext\u00e9rieur Links Lancia Ypsilon I \u00e9lectrique -NOUVEAU- Turijnmagazijn","robots":{"index":"index","follow":"follow","max-snippet":"max-snippet:-1","max-image-preview":"max-image-preview:large","max-video-preview":"max-video-preview:-1"},"canonical":"https:\/\/turijnmagazijn.nl\/fr\/produit\/retroviseur-exterieur-gauche-lancia-ypsilon-i-electric-new\/","og_locale":"fr_FR","og_type":"article","og_title":"R\u00e9troviseur ext\u00e9rieur Links Lancia Ypsilon I \u00e9lectrique -NOUVEAU- Turijnmagazijn","og_description":"R\u00e9troviseur ext\u00e9rieur Links Lancia Ypsilon I \u00e9lectrique -NOUVEAU- - Nouvelle pi\u00e8ce de l\u2019ancien stock, ces articles ne sont pas fournis avec l\u2019emballage d\u2019origine, mais sont neufs et d\u2019origine d\u2019usine, donc n\u2019ont jamais \u00e9t\u00e9 mont\u00e9s sur une voiture auparavant.","og_url":"https:\/\/turijnmagazijn.nl\/fr\/produit\/retroviseur-exterieur-gauche-lancia-ypsilon-i-electric-new\/","og_site_name":"Turijnmagazijn","article_publisher":"https:\/\/www.facebook.com\/turijnmagazijn","article_modified_time":"2023-07-26T11:12:24+00:00","og_image":[{"width":1024,"height":768,"url":"https:\/\/turijnmagazijn.jumpstone-dev.nl\/wp-content\/uploads\/2023\/03\/DK00102116-Buitenspiegel-Links-Lancia-Ypsilon-I-elektrisch-NIEUW-7-1.jpg","type":"image\/jpeg"}],"twitter_card":"summary_large_image","twitter_misc":{"Dur\u00e9e de lecture estim\u00e9e":"1 minute"},"schema":{"@context":"https:\/\/schema.org","@graph":[{"@type":"WebPage","@id":"https:\/\/turijnmagazijn.nl\/fr\/produit\/retroviseur-exterieur-gauche-lancia-ypsilon-i-electric-new\/","url":"https:\/\/turijnmagazijn.nl\/fr\/produit\/retroviseur-exterieur-gauche-lancia-ypsilon-i-electric-new\/","name":"R\u00e9troviseur ext\u00e9rieur Links Lancia Ypsilon I \u00e9lectrique -NOUVEAU- Turijnmagazijn","isPartOf":{"@id":"https:\/\/turijnmagazijn.jumpstone-dev.nl\/#website"},"primaryImageOfPage":{"@id":"https:\/\/turijnmagazijn.nl\/fr\/produit\/retroviseur-exterieur-gauche-lancia-ypsilon-i-electric-new\/#primaryimage"},"image":{"@id":"https:\/\/turijnmagazijn.nl\/fr\/produit\/retroviseur-exterieur-gauche-lancia-ypsilon-i-electric-new\/#primaryimage"},"thumbnailUrl":"https:\/\/turijnmagazijn.nl\/wp-content\/uploads\/2023\/03\/DK00102116-Buitenspiegel-Links-Lancia-Ypsilon-I-elektrisch-NIEUW-7-1.jpg","datePublished":"2023-03-03T08:18:46+00:00","dateModified":"2023-07-26T11:12:24+00:00","breadcrumb":{"@id":"https:\/\/turijnmagazijn.nl\/fr\/produit\/retroviseur-exterieur-gauche-lancia-ypsilon-i-electric-new\/#breadcrumb"},"inLanguage":"fr-FR","potentialAction":[{"@type":"ReadAction","target":["https:\/\/turijnmagazijn.nl\/fr\/produit\/retroviseur-exterieur-gauche-lancia-ypsilon-i-electric-new\/"]}]},{"@type":"ImageObject","inLanguage":"fr-FR","@id":"https:\/\/turijnmagazijn.nl\/fr\/produit\/retroviseur-exterieur-gauche-lancia-ypsilon-i-electric-new\/#primaryimage","url":"https:\/\/turijnmagazijn.nl\/wp-content\/uploads\/2023\/03\/DK00102116-Buitenspiegel-Links-Lancia-Ypsilon-I-elektrisch-NIEUW-7-1.jpg","contentUrl":"https:\/\/turijnmagazijn.nl\/wp-content\/uploads\/2023\/03\/DK00102116-Buitenspiegel-Links-Lancia-Ypsilon-I-elektrisch-NIEUW-7-1.jpg","width":1024,"height":768},{"@type":"BreadcrumbList","@id":"https:\/\/turijnmagazijn.nl\/fr\/produit\/retroviseur-exterieur-gauche-lancia-ypsilon-i-electric-new\/#breadcrumb","itemListElement":[{"@type":"ListItem","position":1,"name":"Home","item":"https:\/\/turijnmagazijn.nl\/fr\/"},{"@type":"ListItem","position":2,"name":"Produits","item":"https:\/\/turijnmagazijn.nl\/fr\/shop\/"},{"@type":"ListItem","position":3,"name":"R\u00e9troviseur ext\u00e9rieur Links Lancia Ypsilon I \u00e9lectrique -NOUVEAU-"}]},{"@type":"WebSite","@id":"https:\/\/turijnmagazijn.jumpstone-dev.nl\/#website","url":"https:\/\/turijnmagazijn.jumpstone-dev.nl\/","name":"Turijnmagazijn","description":"Onderdelen nieuw en gebruikt - Fiat &amp; Lancia","publisher":{"@id":"https:\/\/turijnmagazijn.jumpstone-dev.nl\/#organization"},"potentialAction":[{"@type":"SearchAction","target":{"@type":"EntryPoint","urlTemplate":"https:\/\/turijnmagazijn.jumpstone-dev.nl\/?s={search_term_string}"},"query-input":{"@type":"PropertyValueSpecification","valueRequired":true,"valueName":"search_term_string"}}],"inLanguage":"fr-FR"},{"@type":"Organization","@id":"https:\/\/turijnmagazijn.jumpstone-dev.nl\/#organization","name":"Turijnmagazijn","url":"https:\/\/turijnmagazijn.jumpstone-dev.nl\/","logo":{"@type":"ImageObject","inLanguage":"fr-FR","@id":"https:\/\/turijnmagazijn.jumpstone-dev.nl\/#\/schema\/logo\/image\/","url":"https:\/\/turijnmagazijn.nl\/wp-content\/uploads\/2021\/02\/turijnmagazijnlogo.png","contentUrl":"https:\/\/turijnmagazijn.nl\/wp-content\/uploads\/2021\/02\/turijnmagazijnlogo.png","width":555,"height":270,"caption":"Turijnmagazijn"},"image":{"@id":"https:\/\/turijnmagazijn.jumpstone-dev.nl\/#\/schema\/logo\/image\/"},"sameAs":["https:\/\/www.facebook.com\/turijnmagazijn"]}]}},"_links":{"self":[{"href":"https:\/\/turijnmagazijn.nl\/fr\/wp-json\/wp\/v2\/product\/60692","targetHints":{"allow":["GET"]}}],"collection":[{"href":"https:\/\/turijnmagazijn.nl\/fr\/wp-json\/wp\/v2\/product"}],"about":[{"href":"https:\/\/turijnmagazijn.nl\/fr\/wp-json\/wp\/v2\/types\/product"}],"replies":[{"embeddable":true,"href":"https:\/\/turijnmagazijn.nl\/fr\/wp-json\/wp\/v2\/comments?post=60692"}],"wp:featuredmedia":[{"embeddable":true,"href":"https:\/\/turijnmagazijn.nl\/fr\/wp-json\/wp\/v2\/media\/45960"}],"wp:attachment":[{"href":"https:\/\/turijnmagazijn.nl\/fr\/wp-json\/wp\/v2\/media?parent=60692"}],"wp:term":[{"taxonomy":"product_brand","embeddable":true,"href":"https:\/\/turijnmagazijn.nl\/fr\/wp-json\/wp\/v2\/product_brand?post=60692"},{"taxonomy":"product_cat","embeddable":true,"href":"https:\/\/turijnmagazijn.nl\/fr\/wp-json\/wp\/v2\/product_cat?post=60692"},{"taxonomy":"product_tag","embeddable":true,"href":"https:\/\/turijnmagazijn.nl\/fr\/wp-json\/wp\/v2\/product_tag?post=60692"}],"curies":[{"name":"wp","href":"https:\/\/api.w.org\/{rel}","templated":true}]}}