{"id":60773,"date":"2023-03-03T09:18:47","date_gmt":"2023-03-03T08:18:47","guid":{"rendered":"https:\/\/turijnmagazijn.nl\/product\/lumiere-de-recul-de-luminaire-lancia-delta-integrale-gauche\/"},"modified":"2025-09-26T10:25:01","modified_gmt":"2025-09-26T08:25:01","slug":"lumiere-de-recul-de-luminaire-lancia-delta-integrale-gauche","status":"publish","type":"product","link":"https:\/\/turijnmagazijn.nl\/fr\/produit\/lumiere-de-recul-de-luminaire-lancia-delta-integrale-gauche\/","title":{"rendered":"Lumi\u00e8re de recul de luminaire Lancia Delta Integrale gauche"},"content":{"rendered":"<p>Utilise le luminaire d\u2019origine pour la lumi\u00e8re de recul de la Lancia Delta Integrale. Ne concerne que le luminaire sans verre. Cet appareil n\u2019a plus de fiche, il doit donc \u00eatre r\u00e9ins\u00e9r\u00e9.<\/p>\n<p>L\u2019unit\u00e9 est par ailleurs en bon \u00e9tat&nbsp; (\u00e0 l\u2019exception des pi\u00e8ces manquantes mentionn\u00e9es) et se pr\u00eate bien \u00e0 la r\u00e9utilisation.<\/p>\n<p>OEM lancia 82455221<\/p>\n","protected":false},"excerpt":{"rendered":"<p>Lumi\u00e8re de recul de luminaire Lancia Delta Integrale gauche &#8211; Fixation d\u2019origine utilis\u00e9e pour la lumi\u00e8re de recul pour Lancia Delta Integrale.<\/p>\n","protected":false},"featured_media":46372,"comment_status":"open","ping_status":"closed","template":"","meta":{"_acf_changed":false},"product_brand":[],"product_cat":[1806,1830,1798],"product_tag":[],"class_list":{"0":"post-60773","1":"product","2":"type-product","3":"status-publish","4":"has-post-thumbnail","6":"product_cat-delta-1-831-fr","7":"product_cat-integrale-8v-fr","8":"product_cat-lancia-fr","9":"pa_soort-onderdeel-eclairage","10":"pa_soort-onderdeel-interieur-et-sellerie","12":"first","13":"instock","14":"shipping-taxable","15":"purchasable","16":"product-type-simple"},"acf":[],"yoast_head":"<!-- This site is optimized with the Yoast SEO plugin v27.2 - https:\/\/yoast.com\/product\/yoast-seo-wordpress\/ -->\n<title>Lumi\u00e8re de recul de luminaire Lancia Delta Integrale gauche - Turijnmagazijn<\/title>\n<meta name=\"robots\" content=\"index, follow, max-snippet:-1, max-image-preview:large, max-video-preview:-1\" \/>\n<link rel=\"canonical\" href=\"https:\/\/turijnmagazijn.nl\/fr\/produit\/lumiere-de-recul-de-luminaire-lancia-delta-integrale-gauche\/\" \/>\n<meta property=\"og:locale\" content=\"fr_FR\" \/>\n<meta property=\"og:type\" content=\"article\" \/>\n<meta property=\"og:title\" content=\"Lumi\u00e8re de recul de luminaire Lancia Delta Integrale gauche - Turijnmagazijn\" \/>\n<meta property=\"og:description\" content=\"Lumi\u00e8re de recul de luminaire Lancia Delta Integrale gauche - Fixation d\u2019origine utilis\u00e9e pour la lumi\u00e8re de recul pour Lancia Delta Integrale.\" \/>\n<meta property=\"og:url\" content=\"https:\/\/turijnmagazijn.nl\/fr\/produit\/lumiere-de-recul-de-luminaire-lancia-delta-integrale-gauche\/\" \/>\n<meta property=\"og:site_name\" content=\"Turijnmagazijn\" \/>\n<meta property=\"article:publisher\" content=\"https:\/\/www.facebook.com\/turijnmagazijn\" \/>\n<meta property=\"article:modified_time\" content=\"2025-09-26T08:25:01+00:00\" \/>\n<meta property=\"og:image\" content=\"https:\/\/turijnmagazijn.nl\/wp-content\/uploads\/2023\/03\/DK00102162-Armatuur-achteruitrijlicht-Lancia-Delta-Integrale-links-4-1.jpg\" \/>\n\t<meta property=\"og:image:width\" content=\"1024\" \/>\n\t<meta property=\"og:image:height\" content=\"768\" \/>\n\t<meta property=\"og:image:type\" content=\"image\/jpeg\" \/>\n<meta name=\"twitter:card\" content=\"summary_large_image\" \/>\n<script type=\"application\/ld+json\" class=\"yoast-schema-graph\">{\"@context\":\"https:\/\/schema.org\",\"@graph\":[{\"@type\":\"WebPage\",\"@id\":\"https:\/\/turijnmagazijn.nl\/fr\/produit\/lumiere-de-recul-de-luminaire-lancia-delta-integrale-gauche\/\",\"url\":\"https:\/\/turijnmagazijn.nl\/fr\/produit\/lumiere-de-recul-de-luminaire-lancia-delta-integrale-gauche\/\",\"name\":\"Lumi\u00e8re de recul de luminaire Lancia Delta Integrale gauche - Turijnmagazijn\",\"isPartOf\":{\"@id\":\"https:\/\/turijnmagazijn.jumpstone-dev.nl\/#website\"},\"primaryImageOfPage\":{\"@id\":\"https:\/\/turijnmagazijn.nl\/fr\/produit\/lumiere-de-recul-de-luminaire-lancia-delta-integrale-gauche\/#primaryimage\"},\"image\":{\"@id\":\"https:\/\/turijnmagazijn.nl\/fr\/produit\/lumiere-de-recul-de-luminaire-lancia-delta-integrale-gauche\/#primaryimage\"},\"thumbnailUrl\":\"https:\/\/turijnmagazijn.nl\/wp-content\/uploads\/2023\/03\/DK00102162-Armatuur-achteruitrijlicht-Lancia-Delta-Integrale-links-4-1.jpg\",\"datePublished\":\"2023-03-03T08:18:47+00:00\",\"dateModified\":\"2025-09-26T08:25:01+00:00\",\"breadcrumb\":{\"@id\":\"https:\/\/turijnmagazijn.nl\/fr\/produit\/lumiere-de-recul-de-luminaire-lancia-delta-integrale-gauche\/#breadcrumb\"},\"inLanguage\":\"fr-FR\",\"potentialAction\":[{\"@type\":\"ReadAction\",\"target\":[\"https:\/\/turijnmagazijn.nl\/fr\/produit\/lumiere-de-recul-de-luminaire-lancia-delta-integrale-gauche\/\"]}]},{\"@type\":\"ImageObject\",\"inLanguage\":\"fr-FR\",\"@id\":\"https:\/\/turijnmagazijn.nl\/fr\/produit\/lumiere-de-recul-de-luminaire-lancia-delta-integrale-gauche\/#primaryimage\",\"url\":\"https:\/\/turijnmagazijn.nl\/wp-content\/uploads\/2023\/03\/DK00102162-Armatuur-achteruitrijlicht-Lancia-Delta-Integrale-links-4-1.jpg\",\"contentUrl\":\"https:\/\/turijnmagazijn.nl\/wp-content\/uploads\/2023\/03\/DK00102162-Armatuur-achteruitrijlicht-Lancia-Delta-Integrale-links-4-1.jpg\",\"width\":1024,\"height\":768},{\"@type\":\"BreadcrumbList\",\"@id\":\"https:\/\/turijnmagazijn.nl\/fr\/produit\/lumiere-de-recul-de-luminaire-lancia-delta-integrale-gauche\/#breadcrumb\",\"itemListElement\":[{\"@type\":\"ListItem\",\"position\":1,\"name\":\"Home\",\"item\":\"https:\/\/turijnmagazijn.jumpstone-dev.nl\/\"},{\"@type\":\"ListItem\",\"position\":2,\"name\":\"Produits\",\"item\":\"https:\/\/turijnmagazijn.nl\/fr\/shop\/\"},{\"@type\":\"ListItem\",\"position\":3,\"name\":\"Lumi\u00e8re de recul de luminaire Lancia Delta Integrale gauche\"}]},{\"@type\":\"WebSite\",\"@id\":\"https:\/\/turijnmagazijn.jumpstone-dev.nl\/#website\",\"url\":\"https:\/\/turijnmagazijn.jumpstone-dev.nl\/\",\"name\":\"Turijnmagazijn\",\"description\":\"Onderdelen nieuw en gebruikt - Fiat &amp; Lancia\",\"publisher\":{\"@id\":\"https:\/\/turijnmagazijn.jumpstone-dev.nl\/#organization\"},\"potentialAction\":[{\"@type\":\"SearchAction\",\"target\":{\"@type\":\"EntryPoint\",\"urlTemplate\":\"https:\/\/turijnmagazijn.jumpstone-dev.nl\/?s={search_term_string}\"},\"query-input\":{\"@type\":\"PropertyValueSpecification\",\"valueRequired\":true,\"valueName\":\"search_term_string\"}}],\"inLanguage\":\"fr-FR\"},{\"@type\":\"Organization\",\"@id\":\"https:\/\/turijnmagazijn.jumpstone-dev.nl\/#organization\",\"name\":\"Turijnmagazijn\",\"url\":\"https:\/\/turijnmagazijn.jumpstone-dev.nl\/\",\"logo\":{\"@type\":\"ImageObject\",\"inLanguage\":\"fr-FR\",\"@id\":\"https:\/\/turijnmagazijn.jumpstone-dev.nl\/#\/schema\/logo\/image\/\",\"url\":\"https:\/\/turijnmagazijn.nl\/wp-content\/uploads\/2021\/02\/turijnmagazijnlogo.png\",\"contentUrl\":\"https:\/\/turijnmagazijn.nl\/wp-content\/uploads\/2021\/02\/turijnmagazijnlogo.png\",\"width\":555,\"height\":270,\"caption\":\"Turijnmagazijn\"},\"image\":{\"@id\":\"https:\/\/turijnmagazijn.jumpstone-dev.nl\/#\/schema\/logo\/image\/\"},\"sameAs\":[\"https:\/\/www.facebook.com\/turijnmagazijn\"]}]}<\/script>\n<!-- \/ Yoast SEO plugin. -->","yoast_head_json":{"title":"Lumi\u00e8re de recul de luminaire Lancia Delta Integrale gauche - Turijnmagazijn","robots":{"index":"index","follow":"follow","max-snippet":"max-snippet:-1","max-image-preview":"max-image-preview:large","max-video-preview":"max-video-preview:-1"},"canonical":"https:\/\/turijnmagazijn.nl\/fr\/produit\/lumiere-de-recul-de-luminaire-lancia-delta-integrale-gauche\/","og_locale":"fr_FR","og_type":"article","og_title":"Lumi\u00e8re de recul de luminaire Lancia Delta Integrale gauche - Turijnmagazijn","og_description":"Lumi\u00e8re de recul de luminaire Lancia Delta Integrale gauche - Fixation d\u2019origine utilis\u00e9e pour la lumi\u00e8re de recul pour Lancia Delta Integrale.","og_url":"https:\/\/turijnmagazijn.nl\/fr\/produit\/lumiere-de-recul-de-luminaire-lancia-delta-integrale-gauche\/","og_site_name":"Turijnmagazijn","article_publisher":"https:\/\/www.facebook.com\/turijnmagazijn","article_modified_time":"2025-09-26T08:25:01+00:00","og_image":[{"width":1024,"height":768,"url":"https:\/\/turijnmagazijn.nl\/wp-content\/uploads\/2023\/03\/DK00102162-Armatuur-achteruitrijlicht-Lancia-Delta-Integrale-links-4-1.jpg","type":"image\/jpeg"}],"twitter_card":"summary_large_image","schema":{"@context":"https:\/\/schema.org","@graph":[{"@type":"WebPage","@id":"https:\/\/turijnmagazijn.nl\/fr\/produit\/lumiere-de-recul-de-luminaire-lancia-delta-integrale-gauche\/","url":"https:\/\/turijnmagazijn.nl\/fr\/produit\/lumiere-de-recul-de-luminaire-lancia-delta-integrale-gauche\/","name":"Lumi\u00e8re de recul de luminaire Lancia Delta Integrale gauche - Turijnmagazijn","isPartOf":{"@id":"https:\/\/turijnmagazijn.jumpstone-dev.nl\/#website"},"primaryImageOfPage":{"@id":"https:\/\/turijnmagazijn.nl\/fr\/produit\/lumiere-de-recul-de-luminaire-lancia-delta-integrale-gauche\/#primaryimage"},"image":{"@id":"https:\/\/turijnmagazijn.nl\/fr\/produit\/lumiere-de-recul-de-luminaire-lancia-delta-integrale-gauche\/#primaryimage"},"thumbnailUrl":"https:\/\/turijnmagazijn.nl\/wp-content\/uploads\/2023\/03\/DK00102162-Armatuur-achteruitrijlicht-Lancia-Delta-Integrale-links-4-1.jpg","datePublished":"2023-03-03T08:18:47+00:00","dateModified":"2025-09-26T08:25:01+00:00","breadcrumb":{"@id":"https:\/\/turijnmagazijn.nl\/fr\/produit\/lumiere-de-recul-de-luminaire-lancia-delta-integrale-gauche\/#breadcrumb"},"inLanguage":"fr-FR","potentialAction":[{"@type":"ReadAction","target":["https:\/\/turijnmagazijn.nl\/fr\/produit\/lumiere-de-recul-de-luminaire-lancia-delta-integrale-gauche\/"]}]},{"@type":"ImageObject","inLanguage":"fr-FR","@id":"https:\/\/turijnmagazijn.nl\/fr\/produit\/lumiere-de-recul-de-luminaire-lancia-delta-integrale-gauche\/#primaryimage","url":"https:\/\/turijnmagazijn.nl\/wp-content\/uploads\/2023\/03\/DK00102162-Armatuur-achteruitrijlicht-Lancia-Delta-Integrale-links-4-1.jpg","contentUrl":"https:\/\/turijnmagazijn.nl\/wp-content\/uploads\/2023\/03\/DK00102162-Armatuur-achteruitrijlicht-Lancia-Delta-Integrale-links-4-1.jpg","width":1024,"height":768},{"@type":"BreadcrumbList","@id":"https:\/\/turijnmagazijn.nl\/fr\/produit\/lumiere-de-recul-de-luminaire-lancia-delta-integrale-gauche\/#breadcrumb","itemListElement":[{"@type":"ListItem","position":1,"name":"Home","item":"https:\/\/turijnmagazijn.jumpstone-dev.nl\/"},{"@type":"ListItem","position":2,"name":"Produits","item":"https:\/\/turijnmagazijn.nl\/fr\/shop\/"},{"@type":"ListItem","position":3,"name":"Lumi\u00e8re de recul de luminaire Lancia Delta Integrale gauche"}]},{"@type":"WebSite","@id":"https:\/\/turijnmagazijn.jumpstone-dev.nl\/#website","url":"https:\/\/turijnmagazijn.jumpstone-dev.nl\/","name":"Turijnmagazijn","description":"Onderdelen nieuw en gebruikt - Fiat &amp; Lancia","publisher":{"@id":"https:\/\/turijnmagazijn.jumpstone-dev.nl\/#organization"},"potentialAction":[{"@type":"SearchAction","target":{"@type":"EntryPoint","urlTemplate":"https:\/\/turijnmagazijn.jumpstone-dev.nl\/?s={search_term_string}"},"query-input":{"@type":"PropertyValueSpecification","valueRequired":true,"valueName":"search_term_string"}}],"inLanguage":"fr-FR"},{"@type":"Organization","@id":"https:\/\/turijnmagazijn.jumpstone-dev.nl\/#organization","name":"Turijnmagazijn","url":"https:\/\/turijnmagazijn.jumpstone-dev.nl\/","logo":{"@type":"ImageObject","inLanguage":"fr-FR","@id":"https:\/\/turijnmagazijn.jumpstone-dev.nl\/#\/schema\/logo\/image\/","url":"https:\/\/turijnmagazijn.nl\/wp-content\/uploads\/2021\/02\/turijnmagazijnlogo.png","contentUrl":"https:\/\/turijnmagazijn.nl\/wp-content\/uploads\/2021\/02\/turijnmagazijnlogo.png","width":555,"height":270,"caption":"Turijnmagazijn"},"image":{"@id":"https:\/\/turijnmagazijn.jumpstone-dev.nl\/#\/schema\/logo\/image\/"},"sameAs":["https:\/\/www.facebook.com\/turijnmagazijn"]}]}},"_links":{"self":[{"href":"https:\/\/turijnmagazijn.nl\/fr\/wp-json\/wp\/v2\/product\/60773","targetHints":{"allow":["GET"]}}],"collection":[{"href":"https:\/\/turijnmagazijn.nl\/fr\/wp-json\/wp\/v2\/product"}],"about":[{"href":"https:\/\/turijnmagazijn.nl\/fr\/wp-json\/wp\/v2\/types\/product"}],"replies":[{"embeddable":true,"href":"https:\/\/turijnmagazijn.nl\/fr\/wp-json\/wp\/v2\/comments?post=60773"}],"wp:featuredmedia":[{"embeddable":true,"href":"https:\/\/turijnmagazijn.nl\/fr\/wp-json\/wp\/v2\/media\/46372"}],"wp:attachment":[{"href":"https:\/\/turijnmagazijn.nl\/fr\/wp-json\/wp\/v2\/media?parent=60773"}],"wp:term":[{"taxonomy":"product_brand","embeddable":true,"href":"https:\/\/turijnmagazijn.nl\/fr\/wp-json\/wp\/v2\/product_brand?post=60773"},{"taxonomy":"product_cat","embeddable":true,"href":"https:\/\/turijnmagazijn.nl\/fr\/wp-json\/wp\/v2\/product_cat?post=60773"},{"taxonomy":"product_tag","embeddable":true,"href":"https:\/\/turijnmagazijn.nl\/fr\/wp-json\/wp\/v2\/product_tag?post=60773"}],"curies":[{"name":"wp","href":"https:\/\/api.w.org\/{rel}","templated":true}]}}