{"id":60845,"date":"2023-03-25T20:58:21","date_gmt":"2023-03-25T19:58:21","guid":{"rendered":"https:\/\/turijnmagazijn.nl\/product\/clip-set-lr-pour-plage-arriere-fiat-grande-punto\/"},"modified":"2025-05-29T11:43:13","modified_gmt":"2025-05-29T09:43:13","slug":"clip-set-lr-pour-porte-colis-fiat-grande-punto","status":"publish","type":"product","link":"https:\/\/turijnmagazijn.nl\/fr\/produit\/clip-set-lr-pour-porte-colis-fiat-grande-punto\/","title":{"rendered":"Clip SET L+R pour plage arri\u00e8re Fiat Grande Punto"},"content":{"rendered":"<p><a style=\"background-color: #ffffff; color: #23527c; outline: 0px;\" href=\"https:\/\/turijnmagazijn.nl\/fr\/expedition-par-boite-aux-lettres\/\" target=\"\" rel=\"noopener\"><img decoding=\"async\" src=\"https:\/\/www.delenkorf.nl\/image\/catalog\/brievenbus.png\"><\/a><span style=\"font-size: 12px;\"><br \/>\n<\/span><\/p>\n<p>Jeu de 2 clips imitation neufs pour l&rsquo;installation de la plage arri\u00e8re pour Fiat Grande Punto et Punto EVO. Ces clips se cassent souvent et font en sorte que l\u2019\u00e9tag\u00e8re \u00e0 colis ne se d\u00e9place plus proprement lorsque le hayon est ouvert. Ils sont tr\u00e8s faciles \u00e0 remplacer vous-m\u00eame.<\/p>\n<p>Portez une attention particuli\u00e8re \u00e0 la diff\u00e9rence entre gauche et droite, ce sont deux versions diff\u00e9rentes, pour votre commodit\u00e9, nous avons fourni les copies de gauche avec un marquage blanc sur le c\u00f4t\u00e9 concave de la &lsquo;pyramide&rsquo;.<\/p>\n<p>Directement disponible sur stock n\u00e9erlandais, livr\u00e9 en quelques jours. Si n\u00e9cessaire, utilisez l&rsquo;option d&rsquo;exp\u00e9dition par bo\u00eete aux lettres, voir le bouton ci-dessus pour plus d&rsquo;informations sur la fa\u00e7on d&rsquo;organiser cela. Set OEM nr Fiat 71719953 et 71719952<\/p>\n<p>(num\u00e9ro de r\u00e9f\u00e9rence, concerne une pi\u00e8ce d\u2019imitation aux m\u00eames sp\u00e9cifications, sont 1 \u00e0 1 interchangeables)<\/p>\n","protected":false},"excerpt":{"rendered":"<p>71719953 717199532 Clip SET L + R pour \u00e9tag\u00e8re de colis fiat punto 3- Jeu de 2 nouveaux clips d\u2019imitation pour le montage de l\u2019\u00e9tag\u00e8re de colis pour Fiat Punto 3.<\/p>\n","protected":false},"featured_media":53008,"comment_status":"closed","ping_status":"closed","template":"","meta":{"_acf_changed":false},"product_brand":[],"product_cat":[1766,1769,1690,1731,1798,1774,1763,1917],"product_tag":[],"class_list":{"0":"post-60845","1":"product","2":"type-product","3":"status-publish","4":"has-post-thumbnail","6":"product_cat-5drs-fr","7":"product_cat-abarth-3drs-fr","8":"product_cat-fiat-fr","9":"product_cat-grande-punto-199-fr","10":"product_cat-lancia-fr","11":"product_cat-multiwagon-fr","12":"product_cat-stilo-192-fr","13":"product_cat-ypsilon-2-843-fr","14":"pa_soort-onderdeel-interieur-et-sellerie","16":"first","17":"instock","18":"featured","19":"taxable","20":"shipping-taxable","21":"purchasable","22":"product-type-simple"},"acf":[],"yoast_head":"<!-- This site is optimized with the Yoast SEO plugin v27.2 - https:\/\/yoast.com\/product\/yoast-seo-wordpress\/ -->\n<title>Clip SET L+R pour plage arri\u00e8re Fiat Grande Punto - Turijnmagazijn<\/title>\n<meta name=\"robots\" content=\"index, follow, max-snippet:-1, max-image-preview:large, max-video-preview:-1\" \/>\n<link rel=\"canonical\" href=\"https:\/\/turijnmagazijn.nl\/fr\/produit\/clip-set-lr-pour-porte-colis-fiat-grande-punto\/\" \/>\n<meta property=\"og:locale\" content=\"fr_FR\" \/>\n<meta property=\"og:type\" content=\"article\" \/>\n<meta property=\"og:title\" content=\"Clip SET L+R pour plage arri\u00e8re Fiat Grande Punto - Turijnmagazijn\" \/>\n<meta property=\"og:description\" content=\"71719953 717199532 Clip SET L + R pour \u00e9tag\u00e8re de colis fiat punto 3- Jeu de 2 nouveaux clips d\u2019imitation pour le montage de l\u2019\u00e9tag\u00e8re de colis pour Fiat Punto 3.\" \/>\n<meta property=\"og:url\" content=\"https:\/\/turijnmagazijn.nl\/fr\/produit\/clip-set-lr-pour-porte-colis-fiat-grande-punto\/\" \/>\n<meta property=\"og:site_name\" content=\"Turijnmagazijn\" \/>\n<meta property=\"article:publisher\" content=\"https:\/\/www.facebook.com\/turijnmagazijn\" \/>\n<meta property=\"article:modified_time\" content=\"2025-05-29T09:43:13+00:00\" \/>\n<meta property=\"og:image\" content=\"https:\/\/turijnmagazijn.nl\/wp-content\/uploads\/2023\/03\/DN00100123-Clip-SET-LR-voor-hoedenplank-Fiat-Stilo-Grande-Punto-5.jpg\" \/>\n\t<meta property=\"og:image:width\" content=\"1024\" \/>\n\t<meta property=\"og:image:height\" content=\"768\" \/>\n\t<meta property=\"og:image:type\" content=\"image\/jpeg\" \/>\n<meta name=\"twitter:card\" content=\"summary_large_image\" \/>\n<meta name=\"twitter:label1\" content=\"Dur\u00e9e de lecture estim\u00e9e\" \/>\n\t<meta name=\"twitter:data1\" content=\"1 minute\" \/>\n<script type=\"application\/ld+json\" class=\"yoast-schema-graph\">{\"@context\":\"https:\/\/schema.org\",\"@graph\":[{\"@type\":\"WebPage\",\"@id\":\"https:\/\/turijnmagazijn.nl\/fr\/produit\/clip-set-lr-pour-porte-colis-fiat-grande-punto\/\",\"url\":\"https:\/\/turijnmagazijn.nl\/fr\/produit\/clip-set-lr-pour-porte-colis-fiat-grande-punto\/\",\"name\":\"Clip SET L+R pour plage arri\u00e8re Fiat Grande Punto - Turijnmagazijn\",\"isPartOf\":{\"@id\":\"https:\/\/turijnmagazijn.jumpstone-dev.nl\/#website\"},\"primaryImageOfPage\":{\"@id\":\"https:\/\/turijnmagazijn.nl\/fr\/produit\/clip-set-lr-pour-porte-colis-fiat-grande-punto\/#primaryimage\"},\"image\":{\"@id\":\"https:\/\/turijnmagazijn.nl\/fr\/produit\/clip-set-lr-pour-porte-colis-fiat-grande-punto\/#primaryimage\"},\"thumbnailUrl\":\"https:\/\/turijnmagazijn.nl\/wp-content\/uploads\/2023\/03\/DN00100123-Clip-SET-LR-voor-hoedenplank-Fiat-Stilo-Grande-Punto-5.jpg\",\"datePublished\":\"2023-03-25T19:58:21+00:00\",\"dateModified\":\"2025-05-29T09:43:13+00:00\",\"breadcrumb\":{\"@id\":\"https:\/\/turijnmagazijn.nl\/fr\/produit\/clip-set-lr-pour-porte-colis-fiat-grande-punto\/#breadcrumb\"},\"inLanguage\":\"fr-FR\",\"potentialAction\":[{\"@type\":\"ReadAction\",\"target\":[\"https:\/\/turijnmagazijn.nl\/fr\/produit\/clip-set-lr-pour-porte-colis-fiat-grande-punto\/\"]}]},{\"@type\":\"ImageObject\",\"inLanguage\":\"fr-FR\",\"@id\":\"https:\/\/turijnmagazijn.nl\/fr\/produit\/clip-set-lr-pour-porte-colis-fiat-grande-punto\/#primaryimage\",\"url\":\"https:\/\/turijnmagazijn.nl\/wp-content\/uploads\/2023\/03\/DN00100123-Clip-SET-LR-voor-hoedenplank-Fiat-Stilo-Grande-Punto-5.jpg\",\"contentUrl\":\"https:\/\/turijnmagazijn.nl\/wp-content\/uploads\/2023\/03\/DN00100123-Clip-SET-LR-voor-hoedenplank-Fiat-Stilo-Grande-Punto-5.jpg\",\"width\":1024,\"height\":768},{\"@type\":\"BreadcrumbList\",\"@id\":\"https:\/\/turijnmagazijn.nl\/fr\/produit\/clip-set-lr-pour-porte-colis-fiat-grande-punto\/#breadcrumb\",\"itemListElement\":[{\"@type\":\"ListItem\",\"position\":1,\"name\":\"Home\",\"item\":\"https:\/\/turijnmagazijn.jumpstone-dev.nl\/\"},{\"@type\":\"ListItem\",\"position\":2,\"name\":\"Produits\",\"item\":\"https:\/\/turijnmagazijn.nl\/fr\/shop\/\"},{\"@type\":\"ListItem\",\"position\":3,\"name\":\"Clip SET L+R pour plage arri\u00e8re Fiat Grande Punto\"}]},{\"@type\":\"WebSite\",\"@id\":\"https:\/\/turijnmagazijn.jumpstone-dev.nl\/#website\",\"url\":\"https:\/\/turijnmagazijn.jumpstone-dev.nl\/\",\"name\":\"Turijnmagazijn\",\"description\":\"Onderdelen nieuw en gebruikt - Fiat &amp; Lancia\",\"publisher\":{\"@id\":\"https:\/\/turijnmagazijn.jumpstone-dev.nl\/#organization\"},\"potentialAction\":[{\"@type\":\"SearchAction\",\"target\":{\"@type\":\"EntryPoint\",\"urlTemplate\":\"https:\/\/turijnmagazijn.jumpstone-dev.nl\/?s={search_term_string}\"},\"query-input\":{\"@type\":\"PropertyValueSpecification\",\"valueRequired\":true,\"valueName\":\"search_term_string\"}}],\"inLanguage\":\"fr-FR\"},{\"@type\":\"Organization\",\"@id\":\"https:\/\/turijnmagazijn.jumpstone-dev.nl\/#organization\",\"name\":\"Turijnmagazijn\",\"url\":\"https:\/\/turijnmagazijn.jumpstone-dev.nl\/\",\"logo\":{\"@type\":\"ImageObject\",\"inLanguage\":\"fr-FR\",\"@id\":\"https:\/\/turijnmagazijn.jumpstone-dev.nl\/#\/schema\/logo\/image\/\",\"url\":\"https:\/\/turijnmagazijn.nl\/wp-content\/uploads\/2021\/02\/turijnmagazijnlogo.png\",\"contentUrl\":\"https:\/\/turijnmagazijn.nl\/wp-content\/uploads\/2021\/02\/turijnmagazijnlogo.png\",\"width\":555,\"height\":270,\"caption\":\"Turijnmagazijn\"},\"image\":{\"@id\":\"https:\/\/turijnmagazijn.jumpstone-dev.nl\/#\/schema\/logo\/image\/\"},\"sameAs\":[\"https:\/\/www.facebook.com\/turijnmagazijn\"]}]}<\/script>\n<!-- \/ Yoast SEO plugin. -->","yoast_head_json":{"title":"Clip SET L+R pour plage arri\u00e8re Fiat Grande Punto - Turijnmagazijn","robots":{"index":"index","follow":"follow","max-snippet":"max-snippet:-1","max-image-preview":"max-image-preview:large","max-video-preview":"max-video-preview:-1"},"canonical":"https:\/\/turijnmagazijn.nl\/fr\/produit\/clip-set-lr-pour-porte-colis-fiat-grande-punto\/","og_locale":"fr_FR","og_type":"article","og_title":"Clip SET L+R pour plage arri\u00e8re Fiat Grande Punto - Turijnmagazijn","og_description":"71719953 717199532 Clip SET L + R pour \u00e9tag\u00e8re de colis fiat punto 3- Jeu de 2 nouveaux clips d\u2019imitation pour le montage de l\u2019\u00e9tag\u00e8re de colis pour Fiat Punto 3.","og_url":"https:\/\/turijnmagazijn.nl\/fr\/produit\/clip-set-lr-pour-porte-colis-fiat-grande-punto\/","og_site_name":"Turijnmagazijn","article_publisher":"https:\/\/www.facebook.com\/turijnmagazijn","article_modified_time":"2025-05-29T09:43:13+00:00","og_image":[{"width":1024,"height":768,"url":"https:\/\/turijnmagazijn.nl\/wp-content\/uploads\/2023\/03\/DN00100123-Clip-SET-LR-voor-hoedenplank-Fiat-Stilo-Grande-Punto-5.jpg","type":"image\/jpeg"}],"twitter_card":"summary_large_image","twitter_misc":{"Dur\u00e9e de lecture estim\u00e9e":"1 minute"},"schema":{"@context":"https:\/\/schema.org","@graph":[{"@type":"WebPage","@id":"https:\/\/turijnmagazijn.nl\/fr\/produit\/clip-set-lr-pour-porte-colis-fiat-grande-punto\/","url":"https:\/\/turijnmagazijn.nl\/fr\/produit\/clip-set-lr-pour-porte-colis-fiat-grande-punto\/","name":"Clip SET L+R pour plage arri\u00e8re Fiat Grande Punto - Turijnmagazijn","isPartOf":{"@id":"https:\/\/turijnmagazijn.jumpstone-dev.nl\/#website"},"primaryImageOfPage":{"@id":"https:\/\/turijnmagazijn.nl\/fr\/produit\/clip-set-lr-pour-porte-colis-fiat-grande-punto\/#primaryimage"},"image":{"@id":"https:\/\/turijnmagazijn.nl\/fr\/produit\/clip-set-lr-pour-porte-colis-fiat-grande-punto\/#primaryimage"},"thumbnailUrl":"https:\/\/turijnmagazijn.nl\/wp-content\/uploads\/2023\/03\/DN00100123-Clip-SET-LR-voor-hoedenplank-Fiat-Stilo-Grande-Punto-5.jpg","datePublished":"2023-03-25T19:58:21+00:00","dateModified":"2025-05-29T09:43:13+00:00","breadcrumb":{"@id":"https:\/\/turijnmagazijn.nl\/fr\/produit\/clip-set-lr-pour-porte-colis-fiat-grande-punto\/#breadcrumb"},"inLanguage":"fr-FR","potentialAction":[{"@type":"ReadAction","target":["https:\/\/turijnmagazijn.nl\/fr\/produit\/clip-set-lr-pour-porte-colis-fiat-grande-punto\/"]}]},{"@type":"ImageObject","inLanguage":"fr-FR","@id":"https:\/\/turijnmagazijn.nl\/fr\/produit\/clip-set-lr-pour-porte-colis-fiat-grande-punto\/#primaryimage","url":"https:\/\/turijnmagazijn.nl\/wp-content\/uploads\/2023\/03\/DN00100123-Clip-SET-LR-voor-hoedenplank-Fiat-Stilo-Grande-Punto-5.jpg","contentUrl":"https:\/\/turijnmagazijn.nl\/wp-content\/uploads\/2023\/03\/DN00100123-Clip-SET-LR-voor-hoedenplank-Fiat-Stilo-Grande-Punto-5.jpg","width":1024,"height":768},{"@type":"BreadcrumbList","@id":"https:\/\/turijnmagazijn.nl\/fr\/produit\/clip-set-lr-pour-porte-colis-fiat-grande-punto\/#breadcrumb","itemListElement":[{"@type":"ListItem","position":1,"name":"Home","item":"https:\/\/turijnmagazijn.jumpstone-dev.nl\/"},{"@type":"ListItem","position":2,"name":"Produits","item":"https:\/\/turijnmagazijn.nl\/fr\/shop\/"},{"@type":"ListItem","position":3,"name":"Clip SET L+R pour plage arri\u00e8re Fiat Grande Punto"}]},{"@type":"WebSite","@id":"https:\/\/turijnmagazijn.jumpstone-dev.nl\/#website","url":"https:\/\/turijnmagazijn.jumpstone-dev.nl\/","name":"Turijnmagazijn","description":"Onderdelen nieuw en gebruikt - Fiat &amp; Lancia","publisher":{"@id":"https:\/\/turijnmagazijn.jumpstone-dev.nl\/#organization"},"potentialAction":[{"@type":"SearchAction","target":{"@type":"EntryPoint","urlTemplate":"https:\/\/turijnmagazijn.jumpstone-dev.nl\/?s={search_term_string}"},"query-input":{"@type":"PropertyValueSpecification","valueRequired":true,"valueName":"search_term_string"}}],"inLanguage":"fr-FR"},{"@type":"Organization","@id":"https:\/\/turijnmagazijn.jumpstone-dev.nl\/#organization","name":"Turijnmagazijn","url":"https:\/\/turijnmagazijn.jumpstone-dev.nl\/","logo":{"@type":"ImageObject","inLanguage":"fr-FR","@id":"https:\/\/turijnmagazijn.jumpstone-dev.nl\/#\/schema\/logo\/image\/","url":"https:\/\/turijnmagazijn.nl\/wp-content\/uploads\/2021\/02\/turijnmagazijnlogo.png","contentUrl":"https:\/\/turijnmagazijn.nl\/wp-content\/uploads\/2021\/02\/turijnmagazijnlogo.png","width":555,"height":270,"caption":"Turijnmagazijn"},"image":{"@id":"https:\/\/turijnmagazijn.jumpstone-dev.nl\/#\/schema\/logo\/image\/"},"sameAs":["https:\/\/www.facebook.com\/turijnmagazijn"]}]}},"_links":{"self":[{"href":"https:\/\/turijnmagazijn.nl\/fr\/wp-json\/wp\/v2\/product\/60845","targetHints":{"allow":["GET"]}}],"collection":[{"href":"https:\/\/turijnmagazijn.nl\/fr\/wp-json\/wp\/v2\/product"}],"about":[{"href":"https:\/\/turijnmagazijn.nl\/fr\/wp-json\/wp\/v2\/types\/product"}],"replies":[{"embeddable":true,"href":"https:\/\/turijnmagazijn.nl\/fr\/wp-json\/wp\/v2\/comments?post=60845"}],"wp:featuredmedia":[{"embeddable":true,"href":"https:\/\/turijnmagazijn.nl\/fr\/wp-json\/wp\/v2\/media\/53008"}],"wp:attachment":[{"href":"https:\/\/turijnmagazijn.nl\/fr\/wp-json\/wp\/v2\/media?parent=60845"}],"wp:term":[{"taxonomy":"product_brand","embeddable":true,"href":"https:\/\/turijnmagazijn.nl\/fr\/wp-json\/wp\/v2\/product_brand?post=60845"},{"taxonomy":"product_cat","embeddable":true,"href":"https:\/\/turijnmagazijn.nl\/fr\/wp-json\/wp\/v2\/product_cat?post=60845"},{"taxonomy":"product_tag","embeddable":true,"href":"https:\/\/turijnmagazijn.nl\/fr\/wp-json\/wp\/v2\/product_tag?post=60845"}],"curies":[{"name":"wp","href":"https:\/\/api.w.org\/{rel}","templated":true}]}}