{"id":61696,"date":"2023-04-02T19:29:53","date_gmt":"2023-04-02T17:29:53","guid":{"rendered":"https:\/\/turijnmagazijn.nl\/product\/tuyau-deau-de-refroidissement-metal-lancia-kappa-20v\/"},"modified":"2023-07-27T13:17:26","modified_gmt":"2023-07-27T11:17:26","slug":"durite-eau-de-refroidissement-metal-lancia-kappa-20v","status":"publish","type":"product","link":"https:\/\/turijnmagazijn.nl\/fr\/produit\/durite-eau-de-refroidissement-metal-lancia-kappa-20v\/","title":{"rendered":"Tuyau d&rsquo;eau de refroidissement m\u00e9tal Lancia Kappa 20V"},"content":{"rendered":"<p>Pi\u00e8ce d&rsquo;occasion qui a \u00e9t\u00e9 r\u00e9vis\u00e9e par sablage et peinture.<\/p>\n<p>Tuyau d&rsquo;eau de refroidissement en m\u00e9tal pour montage sur le bloc moteur. Applicable aux mod\u00e8les Lancia Kappa \u00e9quip\u00e9s de moteurs 20V, peut \u00eatre utilis\u00e9 sur les mod\u00e8les 2.4 et 2.0 20V.<\/p>\n<p>OEM Lancia 7751510<\/p>\n<p>OEM Alfa Romeo 55190089<\/p>\n","protected":false},"excerpt":{"rendered":"<p>55190089 7751510 Tuyau d&rsquo;eau de refroidissement en m\u00e9tal pour montage sur le bloc moteur. Applicable aux mod\u00e8les Lancia Kappa \u00e9quip\u00e9s de moteurs 20V, peut \u00eatre utilis\u00e9 sur les mod\u00e8les 2.4 et 2.0 20V.<\/p>\n","protected":false},"featured_media":68322,"comment_status":"closed","ping_status":"closed","template":"","meta":{"_acf_changed":false},"product_brand":[],"product_cat":[1862,1865,1860,1798,1870],"product_tag":[],"class_list":{"0":"post-61696","1":"product","2":"type-product","3":"status-publish","4":"has-post-thumbnail","6":"product_cat-berlina-fr","7":"product_cat-coupe-fr","8":"product_cat-kappa-838-fr","9":"product_cat-lancia-fr","10":"product_cat-sw-fr","11":"pa_soort-onderdeel-moteur-et-accessoires","13":"first","14":"instock","15":"shipping-taxable","16":"purchasable","17":"product-type-simple"},"acf":[],"yoast_head":"<!-- This site is optimized with the Yoast SEO plugin v27.3 - https:\/\/yoast.com\/product\/yoast-seo-wordpress\/ -->\n<title>Tuyau d&#039;eau de refroidissement m\u00e9tal Lancia Kappa 20V - Turijnmagazijn<\/title>\n<meta name=\"robots\" content=\"index, follow, max-snippet:-1, max-image-preview:large, max-video-preview:-1\" \/>\n<link rel=\"canonical\" href=\"https:\/\/turijnmagazijn.nl\/fr\/produit\/durite-eau-de-refroidissement-metal-lancia-kappa-20v\/\" \/>\n<meta property=\"og:locale\" content=\"fr_FR\" \/>\n<meta property=\"og:type\" content=\"article\" \/>\n<meta property=\"og:title\" content=\"Tuyau d&#039;eau de refroidissement m\u00e9tal Lancia Kappa 20V - Turijnmagazijn\" \/>\n<meta property=\"og:description\" content=\"55190089 7751510 Tuyau d&#039;eau de refroidissement en m\u00e9tal pour montage sur le bloc moteur. Applicable aux mod\u00e8les Lancia Kappa \u00e9quip\u00e9s de moteurs 20V, peut \u00eatre utilis\u00e9 sur les mod\u00e8les 2.4 et 2.0 20V.\" \/>\n<meta property=\"og:url\" content=\"https:\/\/turijnmagazijn.nl\/fr\/produit\/durite-eau-de-refroidissement-metal-lancia-kappa-20v\/\" \/>\n<meta property=\"og:site_name\" content=\"Turijnmagazijn\" \/>\n<meta property=\"article:publisher\" content=\"https:\/\/www.facebook.com\/turijnmagazijn\" \/>\n<meta property=\"article:modified_time\" content=\"2023-07-27T11:17:26+00:00\" \/>\n<meta property=\"og:image\" content=\"https:\/\/turijnmagazijn.nl\/wp-content\/uploads\/2023\/04\/DK0102573-Koelwater-leiding-metaal-Lancia-Kappa-20V-7751510-3-jpg.webp\" \/>\n\t<meta property=\"og:image:width\" content=\"1024\" \/>\n\t<meta property=\"og:image:height\" content=\"768\" \/>\n\t<meta property=\"og:image:type\" content=\"image\/jpeg\" \/>\n<meta name=\"twitter:card\" content=\"summary_large_image\" \/>\n<script type=\"application\/ld+json\" class=\"yoast-schema-graph\">{\"@context\":\"https:\\\/\\\/schema.org\",\"@graph\":[{\"@type\":\"WebPage\",\"@id\":\"https:\\\/\\\/turijnmagazijn.nl\\\/fr\\\/produit\\\/durite-eau-de-refroidissement-metal-lancia-kappa-20v\\\/\",\"url\":\"https:\\\/\\\/turijnmagazijn.nl\\\/fr\\\/produit\\\/durite-eau-de-refroidissement-metal-lancia-kappa-20v\\\/\",\"name\":\"Tuyau d'eau de refroidissement m\u00e9tal Lancia Kappa 20V - Turijnmagazijn\",\"isPartOf\":{\"@id\":\"https:\\\/\\\/turijnmagazijn.jumpstone-dev.nl\\\/#website\"},\"primaryImageOfPage\":{\"@id\":\"https:\\\/\\\/turijnmagazijn.nl\\\/fr\\\/produit\\\/durite-eau-de-refroidissement-metal-lancia-kappa-20v\\\/#primaryimage\"},\"image\":{\"@id\":\"https:\\\/\\\/turijnmagazijn.nl\\\/fr\\\/produit\\\/durite-eau-de-refroidissement-metal-lancia-kappa-20v\\\/#primaryimage\"},\"thumbnailUrl\":\"https:\\\/\\\/turijnmagazijn.nl\\\/wp-content\\\/uploads\\\/2023\\\/04\\\/DK0102573-Koelwater-leiding-metaal-Lancia-Kappa-20V-7751510-3-jpg.webp\",\"datePublished\":\"2023-04-02T17:29:53+00:00\",\"dateModified\":\"2023-07-27T11:17:26+00:00\",\"breadcrumb\":{\"@id\":\"https:\\\/\\\/turijnmagazijn.nl\\\/fr\\\/produit\\\/durite-eau-de-refroidissement-metal-lancia-kappa-20v\\\/#breadcrumb\"},\"inLanguage\":\"fr-FR\",\"potentialAction\":[{\"@type\":\"ReadAction\",\"target\":[\"https:\\\/\\\/turijnmagazijn.nl\\\/fr\\\/produit\\\/durite-eau-de-refroidissement-metal-lancia-kappa-20v\\\/\"]}]},{\"@type\":\"ImageObject\",\"inLanguage\":\"fr-FR\",\"@id\":\"https:\\\/\\\/turijnmagazijn.nl\\\/fr\\\/produit\\\/durite-eau-de-refroidissement-metal-lancia-kappa-20v\\\/#primaryimage\",\"url\":\"https:\\\/\\\/turijnmagazijn.nl\\\/wp-content\\\/uploads\\\/2023\\\/04\\\/DK0102573-Koelwater-leiding-metaal-Lancia-Kappa-20V-7751510-3-jpg.webp\",\"contentUrl\":\"https:\\\/\\\/turijnmagazijn.nl\\\/wp-content\\\/uploads\\\/2023\\\/04\\\/DK0102573-Koelwater-leiding-metaal-Lancia-Kappa-20V-7751510-3-jpg.webp\",\"width\":1024,\"height\":768},{\"@type\":\"BreadcrumbList\",\"@id\":\"https:\\\/\\\/turijnmagazijn.nl\\\/fr\\\/produit\\\/durite-eau-de-refroidissement-metal-lancia-kappa-20v\\\/#breadcrumb\",\"itemListElement\":[{\"@type\":\"ListItem\",\"position\":1,\"name\":\"Home\",\"item\":\"https:\\\/\\\/turijnmagazijn.nl\\\/fr\\\/\"},{\"@type\":\"ListItem\",\"position\":2,\"name\":\"Produits\",\"item\":\"https:\\\/\\\/turijnmagazijn.nl\\\/fr\\\/shop\\\/\"},{\"@type\":\"ListItem\",\"position\":3,\"name\":\"Tuyau d&#8217;eau de refroidissement m\u00e9tal Lancia Kappa 20V\"}]},{\"@type\":\"WebSite\",\"@id\":\"https:\\\/\\\/turijnmagazijn.jumpstone-dev.nl\\\/#website\",\"url\":\"https:\\\/\\\/turijnmagazijn.jumpstone-dev.nl\\\/\",\"name\":\"Turijnmagazijn\",\"description\":\"Onderdelen nieuw en gebruikt - Fiat &amp; Lancia\",\"publisher\":{\"@id\":\"https:\\\/\\\/turijnmagazijn.jumpstone-dev.nl\\\/#organization\"},\"potentialAction\":[{\"@type\":\"SearchAction\",\"target\":{\"@type\":\"EntryPoint\",\"urlTemplate\":\"https:\\\/\\\/turijnmagazijn.jumpstone-dev.nl\\\/?s={search_term_string}\"},\"query-input\":{\"@type\":\"PropertyValueSpecification\",\"valueRequired\":true,\"valueName\":\"search_term_string\"}}],\"inLanguage\":\"fr-FR\"},{\"@type\":\"Organization\",\"@id\":\"https:\\\/\\\/turijnmagazijn.jumpstone-dev.nl\\\/#organization\",\"name\":\"Turijnmagazijn\",\"url\":\"https:\\\/\\\/turijnmagazijn.jumpstone-dev.nl\\\/\",\"logo\":{\"@type\":\"ImageObject\",\"inLanguage\":\"fr-FR\",\"@id\":\"https:\\\/\\\/turijnmagazijn.jumpstone-dev.nl\\\/#\\\/schema\\\/logo\\\/image\\\/\",\"url\":\"https:\\\/\\\/turijnmagazijn.nl\\\/wp-content\\\/uploads\\\/2021\\\/02\\\/turijnmagazijnlogo.png\",\"contentUrl\":\"https:\\\/\\\/turijnmagazijn.nl\\\/wp-content\\\/uploads\\\/2021\\\/02\\\/turijnmagazijnlogo.png\",\"width\":555,\"height\":270,\"caption\":\"Turijnmagazijn\"},\"image\":{\"@id\":\"https:\\\/\\\/turijnmagazijn.jumpstone-dev.nl\\\/#\\\/schema\\\/logo\\\/image\\\/\"},\"sameAs\":[\"https:\\\/\\\/www.facebook.com\\\/turijnmagazijn\"]}]}<\/script>\n<!-- \/ Yoast SEO plugin. -->","yoast_head_json":{"title":"Tuyau d'eau de refroidissement m\u00e9tal Lancia Kappa 20V - Turijnmagazijn","robots":{"index":"index","follow":"follow","max-snippet":"max-snippet:-1","max-image-preview":"max-image-preview:large","max-video-preview":"max-video-preview:-1"},"canonical":"https:\/\/turijnmagazijn.nl\/fr\/produit\/durite-eau-de-refroidissement-metal-lancia-kappa-20v\/","og_locale":"fr_FR","og_type":"article","og_title":"Tuyau d'eau de refroidissement m\u00e9tal Lancia Kappa 20V - Turijnmagazijn","og_description":"55190089 7751510 Tuyau d'eau de refroidissement en m\u00e9tal pour montage sur le bloc moteur. Applicable aux mod\u00e8les Lancia Kappa \u00e9quip\u00e9s de moteurs 20V, peut \u00eatre utilis\u00e9 sur les mod\u00e8les 2.4 et 2.0 20V.","og_url":"https:\/\/turijnmagazijn.nl\/fr\/produit\/durite-eau-de-refroidissement-metal-lancia-kappa-20v\/","og_site_name":"Turijnmagazijn","article_publisher":"https:\/\/www.facebook.com\/turijnmagazijn","article_modified_time":"2023-07-27T11:17:26+00:00","og_image":[{"width":1024,"height":768,"url":"https:\/\/turijnmagazijn.nl\/wp-content\/uploads\/2023\/04\/DK0102573-Koelwater-leiding-metaal-Lancia-Kappa-20V-7751510-3-jpg.webp","type":"image\/jpeg"}],"twitter_card":"summary_large_image","schema":{"@context":"https:\/\/schema.org","@graph":[{"@type":"WebPage","@id":"https:\/\/turijnmagazijn.nl\/fr\/produit\/durite-eau-de-refroidissement-metal-lancia-kappa-20v\/","url":"https:\/\/turijnmagazijn.nl\/fr\/produit\/durite-eau-de-refroidissement-metal-lancia-kappa-20v\/","name":"Tuyau d'eau de refroidissement m\u00e9tal Lancia Kappa 20V - Turijnmagazijn","isPartOf":{"@id":"https:\/\/turijnmagazijn.jumpstone-dev.nl\/#website"},"primaryImageOfPage":{"@id":"https:\/\/turijnmagazijn.nl\/fr\/produit\/durite-eau-de-refroidissement-metal-lancia-kappa-20v\/#primaryimage"},"image":{"@id":"https:\/\/turijnmagazijn.nl\/fr\/produit\/durite-eau-de-refroidissement-metal-lancia-kappa-20v\/#primaryimage"},"thumbnailUrl":"https:\/\/turijnmagazijn.nl\/wp-content\/uploads\/2023\/04\/DK0102573-Koelwater-leiding-metaal-Lancia-Kappa-20V-7751510-3-jpg.webp","datePublished":"2023-04-02T17:29:53+00:00","dateModified":"2023-07-27T11:17:26+00:00","breadcrumb":{"@id":"https:\/\/turijnmagazijn.nl\/fr\/produit\/durite-eau-de-refroidissement-metal-lancia-kappa-20v\/#breadcrumb"},"inLanguage":"fr-FR","potentialAction":[{"@type":"ReadAction","target":["https:\/\/turijnmagazijn.nl\/fr\/produit\/durite-eau-de-refroidissement-metal-lancia-kappa-20v\/"]}]},{"@type":"ImageObject","inLanguage":"fr-FR","@id":"https:\/\/turijnmagazijn.nl\/fr\/produit\/durite-eau-de-refroidissement-metal-lancia-kappa-20v\/#primaryimage","url":"https:\/\/turijnmagazijn.nl\/wp-content\/uploads\/2023\/04\/DK0102573-Koelwater-leiding-metaal-Lancia-Kappa-20V-7751510-3-jpg.webp","contentUrl":"https:\/\/turijnmagazijn.nl\/wp-content\/uploads\/2023\/04\/DK0102573-Koelwater-leiding-metaal-Lancia-Kappa-20V-7751510-3-jpg.webp","width":1024,"height":768},{"@type":"BreadcrumbList","@id":"https:\/\/turijnmagazijn.nl\/fr\/produit\/durite-eau-de-refroidissement-metal-lancia-kappa-20v\/#breadcrumb","itemListElement":[{"@type":"ListItem","position":1,"name":"Home","item":"https:\/\/turijnmagazijn.nl\/fr\/"},{"@type":"ListItem","position":2,"name":"Produits","item":"https:\/\/turijnmagazijn.nl\/fr\/shop\/"},{"@type":"ListItem","position":3,"name":"Tuyau d&#8217;eau de refroidissement m\u00e9tal Lancia Kappa 20V"}]},{"@type":"WebSite","@id":"https:\/\/turijnmagazijn.jumpstone-dev.nl\/#website","url":"https:\/\/turijnmagazijn.jumpstone-dev.nl\/","name":"Turijnmagazijn","description":"Onderdelen nieuw en gebruikt - Fiat &amp; Lancia","publisher":{"@id":"https:\/\/turijnmagazijn.jumpstone-dev.nl\/#organization"},"potentialAction":[{"@type":"SearchAction","target":{"@type":"EntryPoint","urlTemplate":"https:\/\/turijnmagazijn.jumpstone-dev.nl\/?s={search_term_string}"},"query-input":{"@type":"PropertyValueSpecification","valueRequired":true,"valueName":"search_term_string"}}],"inLanguage":"fr-FR"},{"@type":"Organization","@id":"https:\/\/turijnmagazijn.jumpstone-dev.nl\/#organization","name":"Turijnmagazijn","url":"https:\/\/turijnmagazijn.jumpstone-dev.nl\/","logo":{"@type":"ImageObject","inLanguage":"fr-FR","@id":"https:\/\/turijnmagazijn.jumpstone-dev.nl\/#\/schema\/logo\/image\/","url":"https:\/\/turijnmagazijn.nl\/wp-content\/uploads\/2021\/02\/turijnmagazijnlogo.png","contentUrl":"https:\/\/turijnmagazijn.nl\/wp-content\/uploads\/2021\/02\/turijnmagazijnlogo.png","width":555,"height":270,"caption":"Turijnmagazijn"},"image":{"@id":"https:\/\/turijnmagazijn.jumpstone-dev.nl\/#\/schema\/logo\/image\/"},"sameAs":["https:\/\/www.facebook.com\/turijnmagazijn"]}]}},"_links":{"self":[{"href":"https:\/\/turijnmagazijn.nl\/fr\/wp-json\/wp\/v2\/product\/61696","targetHints":{"allow":["GET"]}}],"collection":[{"href":"https:\/\/turijnmagazijn.nl\/fr\/wp-json\/wp\/v2\/product"}],"about":[{"href":"https:\/\/turijnmagazijn.nl\/fr\/wp-json\/wp\/v2\/types\/product"}],"replies":[{"embeddable":true,"href":"https:\/\/turijnmagazijn.nl\/fr\/wp-json\/wp\/v2\/comments?post=61696"}],"wp:featuredmedia":[{"embeddable":true,"href":"https:\/\/turijnmagazijn.nl\/fr\/wp-json\/wp\/v2\/media\/68322"}],"wp:attachment":[{"href":"https:\/\/turijnmagazijn.nl\/fr\/wp-json\/wp\/v2\/media?parent=61696"}],"wp:term":[{"taxonomy":"product_brand","embeddable":true,"href":"https:\/\/turijnmagazijn.nl\/fr\/wp-json\/wp\/v2\/product_brand?post=61696"},{"taxonomy":"product_cat","embeddable":true,"href":"https:\/\/turijnmagazijn.nl\/fr\/wp-json\/wp\/v2\/product_cat?post=61696"},{"taxonomy":"product_tag","embeddable":true,"href":"https:\/\/turijnmagazijn.nl\/fr\/wp-json\/wp\/v2\/product_tag?post=61696"}],"curies":[{"name":"wp","href":"https:\/\/api.w.org\/{rel}","templated":true}]}}