{"id":62256,"date":"2023-03-03T08:08:36","date_gmt":"2023-03-03T07:08:36","guid":{"rendered":"https:\/\/turijnmagazijn.nl\/product\/logo-cle-fiat-pour-stilo-punto-ii-500-grande-punto-imitation-2-pieces-nouveau\/"},"modified":"2026-02-02T10:32:42","modified_gmt":"2026-02-02T09:32:42","slug":"cle-logo-fiat-pour-stilo-punto-ii-500-grande-punto-imitation-2-pieces-nouveau","status":"publish","type":"product","link":"https:\/\/turijnmagazijn.nl\/fr\/produit\/cle-logo-fiat-pour-stilo-punto-ii-500-grande-punto-imitation-2-pieces-nouveau\/","title":{"rendered":"Cl\u00e9 logo Fiat NOIR Stilo Punto II 500 Grande Punto 2 pcs. 14mm"},"content":{"rendered":"<p>\u00ab\u00a0Set de 2 nouveaux logos \u00e0 apposer sur la cl\u00e9 pour Fiat 500, Stilo, Grande punto et Punto II. Il s&rsquo;agit d&rsquo;un logo rond en aluminium estamp\u00e9, donc pas un simple autocollant, mais un logo avec du relief. Ces logos ne sont pas des logos officiels de Fiat, mais un produit d&rsquo;imitation parfaitement adapt\u00e9. Voir la photo d&rsquo;exemple d&rsquo;une cl\u00e9 d&rsquo;une Punto II sur laquelle le logo a \u00e9t\u00e9 appos\u00e9. Une photo d&rsquo;exemple d&rsquo;une cl\u00e9 pliante de Fiat Stilo, Grande Punto et Fiat nouva 500 sur laquelle le logo a \u00e9t\u00e9 appos\u00e9 suivra. Sur la plupart des photos, le logo est recouvert d&rsquo;un film protecteur, ce qui rend le produit moins beau qu&rsquo;il ne l&rsquo;est en r\u00e9alit\u00e9. N\u00b0 OEM pour r\u00e9f\u00e9rence (pas une pi\u00e8ce d&rsquo;origine) 71719162\u00a0\u00bb<\/p>\n","protected":false},"excerpt":{"rendered":"<p>71719952 alternative au logo original pour la cl\u00e9 de Fiat Punto type 2.<\/p>\n","protected":false},"featured_media":33956,"comment_status":"closed","ping_status":"closed","template":"","meta":{"_acf_changed":false},"product_brand":[],"product_cat":[1694,1766,1769,1731,1774,1763],"product_tag":[],"class_list":{"0":"post-62256","1":"product","2":"type-product","3":"status-publish","4":"has-post-thumbnail","6":"product_cat-500-312-fr","7":"product_cat-5drs-fr","8":"product_cat-abarth-3drs-fr","9":"product_cat-grande-punto-199-fr","10":"product_cat-multiwagon-fr","11":"product_cat-stilo-192-fr","12":"pa_soort-onderdeel-porte-cles-et-autocollants","14":"first","15":"instock","16":"taxable","17":"shipping-taxable","18":"purchasable","19":"product-type-simple"},"acf":[],"yoast_head":"<!-- This site is optimized with the Yoast SEO plugin v27.3 - https:\/\/yoast.com\/product\/yoast-seo-wordpress\/ -->\n<title>Cl\u00e9 logo Fiat NOIR Stilo Punto II 500 Grande Punto 2 pcs. 14mm - Turijnmagazijn<\/title>\n<meta name=\"robots\" content=\"index, follow, max-snippet:-1, max-image-preview:large, max-video-preview:-1\" \/>\n<link rel=\"canonical\" href=\"https:\/\/turijnmagazijn.nl\/fr\/produit\/cle-logo-fiat-pour-stilo-punto-ii-500-grande-punto-imitation-2-pieces-nouveau\/\" \/>\n<meta property=\"og:locale\" content=\"fr_FR\" \/>\n<meta property=\"og:type\" content=\"article\" \/>\n<meta property=\"og:title\" content=\"Cl\u00e9 logo Fiat NOIR Stilo Punto II 500 Grande Punto 2 pcs. 14mm - Turijnmagazijn\" \/>\n<meta property=\"og:description\" content=\"71719952 alternative au logo original pour la cl\u00e9 de Fiat Punto type 2.\" \/>\n<meta property=\"og:url\" content=\"https:\/\/turijnmagazijn.nl\/fr\/produit\/cle-logo-fiat-pour-stilo-punto-ii-500-grande-punto-imitation-2-pieces-nouveau\/\" \/>\n<meta property=\"og:site_name\" content=\"Turijnmagazijn\" \/>\n<meta property=\"article:publisher\" content=\"https:\/\/www.facebook.com\/turijnmagazijn\" \/>\n<meta property=\"article:modified_time\" content=\"2026-02-02T09:32:42+00:00\" \/>\n<meta property=\"og:image\" content=\"https:\/\/turijnmagazijn.nl\/wp-content\/uploads\/2023\/03\/DN00100001_Sleutel_logo_Fiat_voor_Stilo_Punto_II_500_Grande_Punto_immitatie_2_stuks_6.jpg\" \/>\n\t<meta property=\"og:image:width\" content=\"800\" \/>\n\t<meta property=\"og:image:height\" content=\"600\" \/>\n\t<meta property=\"og:image:type\" content=\"image\/jpeg\" \/>\n<meta name=\"twitter:card\" content=\"summary_large_image\" \/>\n<meta name=\"twitter:label1\" content=\"Dur\u00e9e de lecture estim\u00e9e\" \/>\n\t<meta name=\"twitter:data1\" content=\"1 minute\" \/>\n<script type=\"application\/ld+json\" class=\"yoast-schema-graph\">{\"@context\":\"https:\\\/\\\/schema.org\",\"@graph\":[{\"@type\":\"WebPage\",\"@id\":\"https:\\\/\\\/turijnmagazijn.nl\\\/fr\\\/produit\\\/cle-logo-fiat-pour-stilo-punto-ii-500-grande-punto-imitation-2-pieces-nouveau\\\/\",\"url\":\"https:\\\/\\\/turijnmagazijn.nl\\\/fr\\\/produit\\\/cle-logo-fiat-pour-stilo-punto-ii-500-grande-punto-imitation-2-pieces-nouveau\\\/\",\"name\":\"Cl\u00e9 logo Fiat NOIR Stilo Punto II 500 Grande Punto 2 pcs. 14mm - Turijnmagazijn\",\"isPartOf\":{\"@id\":\"https:\\\/\\\/turijnmagazijn.jumpstone-dev.nl\\\/#website\"},\"primaryImageOfPage\":{\"@id\":\"https:\\\/\\\/turijnmagazijn.nl\\\/fr\\\/produit\\\/cle-logo-fiat-pour-stilo-punto-ii-500-grande-punto-imitation-2-pieces-nouveau\\\/#primaryimage\"},\"image\":{\"@id\":\"https:\\\/\\\/turijnmagazijn.nl\\\/fr\\\/produit\\\/cle-logo-fiat-pour-stilo-punto-ii-500-grande-punto-imitation-2-pieces-nouveau\\\/#primaryimage\"},\"thumbnailUrl\":\"https:\\\/\\\/turijnmagazijn.nl\\\/wp-content\\\/uploads\\\/2023\\\/03\\\/DN00100001_Sleutel_logo_Fiat_voor_Stilo_Punto_II_500_Grande_Punto_immitatie_2_stuks_6.jpg\",\"datePublished\":\"2023-03-03T07:08:36+00:00\",\"dateModified\":\"2026-02-02T09:32:42+00:00\",\"breadcrumb\":{\"@id\":\"https:\\\/\\\/turijnmagazijn.nl\\\/fr\\\/produit\\\/cle-logo-fiat-pour-stilo-punto-ii-500-grande-punto-imitation-2-pieces-nouveau\\\/#breadcrumb\"},\"inLanguage\":\"fr-FR\",\"potentialAction\":[{\"@type\":\"ReadAction\",\"target\":[\"https:\\\/\\\/turijnmagazijn.nl\\\/fr\\\/produit\\\/cle-logo-fiat-pour-stilo-punto-ii-500-grande-punto-imitation-2-pieces-nouveau\\\/\"]}]},{\"@type\":\"ImageObject\",\"inLanguage\":\"fr-FR\",\"@id\":\"https:\\\/\\\/turijnmagazijn.nl\\\/fr\\\/produit\\\/cle-logo-fiat-pour-stilo-punto-ii-500-grande-punto-imitation-2-pieces-nouveau\\\/#primaryimage\",\"url\":\"https:\\\/\\\/turijnmagazijn.nl\\\/wp-content\\\/uploads\\\/2023\\\/03\\\/DN00100001_Sleutel_logo_Fiat_voor_Stilo_Punto_II_500_Grande_Punto_immitatie_2_stuks_6.jpg\",\"contentUrl\":\"https:\\\/\\\/turijnmagazijn.nl\\\/wp-content\\\/uploads\\\/2023\\\/03\\\/DN00100001_Sleutel_logo_Fiat_voor_Stilo_Punto_II_500_Grande_Punto_immitatie_2_stuks_6.jpg\",\"width\":800,\"height\":600},{\"@type\":\"BreadcrumbList\",\"@id\":\"https:\\\/\\\/turijnmagazijn.nl\\\/fr\\\/produit\\\/cle-logo-fiat-pour-stilo-punto-ii-500-grande-punto-imitation-2-pieces-nouveau\\\/#breadcrumb\",\"itemListElement\":[{\"@type\":\"ListItem\",\"position\":1,\"name\":\"Home\",\"item\":\"https:\\\/\\\/turijnmagazijn.nl\\\/fr\\\/\"},{\"@type\":\"ListItem\",\"position\":2,\"name\":\"Produits\",\"item\":\"https:\\\/\\\/turijnmagazijn.nl\\\/fr\\\/shop\\\/\"},{\"@type\":\"ListItem\",\"position\":3,\"name\":\"Cl\u00e9 logo Fiat NOIR Stilo Punto II 500 Grande Punto 2 pcs. 14mm\"}]},{\"@type\":\"WebSite\",\"@id\":\"https:\\\/\\\/turijnmagazijn.jumpstone-dev.nl\\\/#website\",\"url\":\"https:\\\/\\\/turijnmagazijn.jumpstone-dev.nl\\\/\",\"name\":\"Turijnmagazijn\",\"description\":\"Onderdelen nieuw en gebruikt - Fiat &amp; Lancia\",\"publisher\":{\"@id\":\"https:\\\/\\\/turijnmagazijn.jumpstone-dev.nl\\\/#organization\"},\"potentialAction\":[{\"@type\":\"SearchAction\",\"target\":{\"@type\":\"EntryPoint\",\"urlTemplate\":\"https:\\\/\\\/turijnmagazijn.jumpstone-dev.nl\\\/?s={search_term_string}\"},\"query-input\":{\"@type\":\"PropertyValueSpecification\",\"valueRequired\":true,\"valueName\":\"search_term_string\"}}],\"inLanguage\":\"fr-FR\"},{\"@type\":\"Organization\",\"@id\":\"https:\\\/\\\/turijnmagazijn.jumpstone-dev.nl\\\/#organization\",\"name\":\"Turijnmagazijn\",\"url\":\"https:\\\/\\\/turijnmagazijn.jumpstone-dev.nl\\\/\",\"logo\":{\"@type\":\"ImageObject\",\"inLanguage\":\"fr-FR\",\"@id\":\"https:\\\/\\\/turijnmagazijn.jumpstone-dev.nl\\\/#\\\/schema\\\/logo\\\/image\\\/\",\"url\":\"https:\\\/\\\/turijnmagazijn.nl\\\/wp-content\\\/uploads\\\/2021\\\/02\\\/turijnmagazijnlogo.png\",\"contentUrl\":\"https:\\\/\\\/turijnmagazijn.nl\\\/wp-content\\\/uploads\\\/2021\\\/02\\\/turijnmagazijnlogo.png\",\"width\":555,\"height\":270,\"caption\":\"Turijnmagazijn\"},\"image\":{\"@id\":\"https:\\\/\\\/turijnmagazijn.jumpstone-dev.nl\\\/#\\\/schema\\\/logo\\\/image\\\/\"},\"sameAs\":[\"https:\\\/\\\/www.facebook.com\\\/turijnmagazijn\"]}]}<\/script>\n<!-- \/ Yoast SEO plugin. -->","yoast_head_json":{"title":"Cl\u00e9 logo Fiat NOIR Stilo Punto II 500 Grande Punto 2 pcs. 14mm - Turijnmagazijn","robots":{"index":"index","follow":"follow","max-snippet":"max-snippet:-1","max-image-preview":"max-image-preview:large","max-video-preview":"max-video-preview:-1"},"canonical":"https:\/\/turijnmagazijn.nl\/fr\/produit\/cle-logo-fiat-pour-stilo-punto-ii-500-grande-punto-imitation-2-pieces-nouveau\/","og_locale":"fr_FR","og_type":"article","og_title":"Cl\u00e9 logo Fiat NOIR Stilo Punto II 500 Grande Punto 2 pcs. 14mm - Turijnmagazijn","og_description":"71719952 alternative au logo original pour la cl\u00e9 de Fiat Punto type 2.","og_url":"https:\/\/turijnmagazijn.nl\/fr\/produit\/cle-logo-fiat-pour-stilo-punto-ii-500-grande-punto-imitation-2-pieces-nouveau\/","og_site_name":"Turijnmagazijn","article_publisher":"https:\/\/www.facebook.com\/turijnmagazijn","article_modified_time":"2026-02-02T09:32:42+00:00","og_image":[{"width":800,"height":600,"url":"https:\/\/turijnmagazijn.nl\/wp-content\/uploads\/2023\/03\/DN00100001_Sleutel_logo_Fiat_voor_Stilo_Punto_II_500_Grande_Punto_immitatie_2_stuks_6.jpg","type":"image\/jpeg"}],"twitter_card":"summary_large_image","twitter_misc":{"Dur\u00e9e de lecture estim\u00e9e":"1 minute"},"schema":{"@context":"https:\/\/schema.org","@graph":[{"@type":"WebPage","@id":"https:\/\/turijnmagazijn.nl\/fr\/produit\/cle-logo-fiat-pour-stilo-punto-ii-500-grande-punto-imitation-2-pieces-nouveau\/","url":"https:\/\/turijnmagazijn.nl\/fr\/produit\/cle-logo-fiat-pour-stilo-punto-ii-500-grande-punto-imitation-2-pieces-nouveau\/","name":"Cl\u00e9 logo Fiat NOIR Stilo Punto II 500 Grande Punto 2 pcs. 14mm - Turijnmagazijn","isPartOf":{"@id":"https:\/\/turijnmagazijn.jumpstone-dev.nl\/#website"},"primaryImageOfPage":{"@id":"https:\/\/turijnmagazijn.nl\/fr\/produit\/cle-logo-fiat-pour-stilo-punto-ii-500-grande-punto-imitation-2-pieces-nouveau\/#primaryimage"},"image":{"@id":"https:\/\/turijnmagazijn.nl\/fr\/produit\/cle-logo-fiat-pour-stilo-punto-ii-500-grande-punto-imitation-2-pieces-nouveau\/#primaryimage"},"thumbnailUrl":"https:\/\/turijnmagazijn.nl\/wp-content\/uploads\/2023\/03\/DN00100001_Sleutel_logo_Fiat_voor_Stilo_Punto_II_500_Grande_Punto_immitatie_2_stuks_6.jpg","datePublished":"2023-03-03T07:08:36+00:00","dateModified":"2026-02-02T09:32:42+00:00","breadcrumb":{"@id":"https:\/\/turijnmagazijn.nl\/fr\/produit\/cle-logo-fiat-pour-stilo-punto-ii-500-grande-punto-imitation-2-pieces-nouveau\/#breadcrumb"},"inLanguage":"fr-FR","potentialAction":[{"@type":"ReadAction","target":["https:\/\/turijnmagazijn.nl\/fr\/produit\/cle-logo-fiat-pour-stilo-punto-ii-500-grande-punto-imitation-2-pieces-nouveau\/"]}]},{"@type":"ImageObject","inLanguage":"fr-FR","@id":"https:\/\/turijnmagazijn.nl\/fr\/produit\/cle-logo-fiat-pour-stilo-punto-ii-500-grande-punto-imitation-2-pieces-nouveau\/#primaryimage","url":"https:\/\/turijnmagazijn.nl\/wp-content\/uploads\/2023\/03\/DN00100001_Sleutel_logo_Fiat_voor_Stilo_Punto_II_500_Grande_Punto_immitatie_2_stuks_6.jpg","contentUrl":"https:\/\/turijnmagazijn.nl\/wp-content\/uploads\/2023\/03\/DN00100001_Sleutel_logo_Fiat_voor_Stilo_Punto_II_500_Grande_Punto_immitatie_2_stuks_6.jpg","width":800,"height":600},{"@type":"BreadcrumbList","@id":"https:\/\/turijnmagazijn.nl\/fr\/produit\/cle-logo-fiat-pour-stilo-punto-ii-500-grande-punto-imitation-2-pieces-nouveau\/#breadcrumb","itemListElement":[{"@type":"ListItem","position":1,"name":"Home","item":"https:\/\/turijnmagazijn.nl\/fr\/"},{"@type":"ListItem","position":2,"name":"Produits","item":"https:\/\/turijnmagazijn.nl\/fr\/shop\/"},{"@type":"ListItem","position":3,"name":"Cl\u00e9 logo Fiat NOIR Stilo Punto II 500 Grande Punto 2 pcs. 14mm"}]},{"@type":"WebSite","@id":"https:\/\/turijnmagazijn.jumpstone-dev.nl\/#website","url":"https:\/\/turijnmagazijn.jumpstone-dev.nl\/","name":"Turijnmagazijn","description":"Onderdelen nieuw en gebruikt - Fiat &amp; Lancia","publisher":{"@id":"https:\/\/turijnmagazijn.jumpstone-dev.nl\/#organization"},"potentialAction":[{"@type":"SearchAction","target":{"@type":"EntryPoint","urlTemplate":"https:\/\/turijnmagazijn.jumpstone-dev.nl\/?s={search_term_string}"},"query-input":{"@type":"PropertyValueSpecification","valueRequired":true,"valueName":"search_term_string"}}],"inLanguage":"fr-FR"},{"@type":"Organization","@id":"https:\/\/turijnmagazijn.jumpstone-dev.nl\/#organization","name":"Turijnmagazijn","url":"https:\/\/turijnmagazijn.jumpstone-dev.nl\/","logo":{"@type":"ImageObject","inLanguage":"fr-FR","@id":"https:\/\/turijnmagazijn.jumpstone-dev.nl\/#\/schema\/logo\/image\/","url":"https:\/\/turijnmagazijn.nl\/wp-content\/uploads\/2021\/02\/turijnmagazijnlogo.png","contentUrl":"https:\/\/turijnmagazijn.nl\/wp-content\/uploads\/2021\/02\/turijnmagazijnlogo.png","width":555,"height":270,"caption":"Turijnmagazijn"},"image":{"@id":"https:\/\/turijnmagazijn.jumpstone-dev.nl\/#\/schema\/logo\/image\/"},"sameAs":["https:\/\/www.facebook.com\/turijnmagazijn"]}]}},"_links":{"self":[{"href":"https:\/\/turijnmagazijn.nl\/fr\/wp-json\/wp\/v2\/product\/62256","targetHints":{"allow":["GET"]}}],"collection":[{"href":"https:\/\/turijnmagazijn.nl\/fr\/wp-json\/wp\/v2\/product"}],"about":[{"href":"https:\/\/turijnmagazijn.nl\/fr\/wp-json\/wp\/v2\/types\/product"}],"replies":[{"embeddable":true,"href":"https:\/\/turijnmagazijn.nl\/fr\/wp-json\/wp\/v2\/comments?post=62256"}],"wp:featuredmedia":[{"embeddable":true,"href":"https:\/\/turijnmagazijn.nl\/fr\/wp-json\/wp\/v2\/media\/33956"}],"wp:attachment":[{"href":"https:\/\/turijnmagazijn.nl\/fr\/wp-json\/wp\/v2\/media?parent=62256"}],"wp:term":[{"taxonomy":"product_brand","embeddable":true,"href":"https:\/\/turijnmagazijn.nl\/fr\/wp-json\/wp\/v2\/product_brand?post=62256"},{"taxonomy":"product_cat","embeddable":true,"href":"https:\/\/turijnmagazijn.nl\/fr\/wp-json\/wp\/v2\/product_cat?post=62256"},{"taxonomy":"product_tag","embeddable":true,"href":"https:\/\/turijnmagazijn.nl\/fr\/wp-json\/wp\/v2\/product_tag?post=62256"}],"curies":[{"name":"wp","href":"https:\/\/api.w.org\/{rel}","templated":true}]}}