{"id":62290,"date":"2023-03-03T08:08:37","date_gmt":"2023-03-03T07:08:37","guid":{"rendered":"https:\/\/turijnmagazijn.nl\/product\/set-de-reparation-lave-glace-100-cm-tuyau-lancia-kappa-nouveau\/"},"modified":"2023-07-31T20:16:36","modified_gmt":"2023-07-31T18:16:36","slug":"reparation-set-lave-glace-100-cm-tuyau-lancia-kappa-neuf","status":"publish","type":"product","link":"https:\/\/turijnmagazijn.nl\/fr\/produit\/reparation-set-lave-glace-100-cm-tuyau-lancia-kappa-neuf\/","title":{"rendered":"Set de r\u00e9paration lave-glace 100 cm tuyau Fiat Lancia Alfa Romeo -NOUVEAU-"},"content":{"rendered":"<p>  Kit de r\u00e9paration de tuyau de lave-glace pour Lancia Kappa, \u00e9galement adapt\u00e9 pour Lybra et Delta. Id\u00e9al \u00e0 utiliser pour remplacer un tuyau de lave-glace perfor\u00e9. Lorsque vous avez d\u00e9tect\u00e9 la partie qui fuit du tuyau, coupez cette partie du tuyau \u00e0 deux endroits avec un couteau tranchant. Vous pouvez ensuite simplement couper une nouvelle longueur de tuyau \u00e0 la taille et appuyer sur les connecteurs fournis de chaque c\u00f4t\u00e9. De l\u2019autre c\u00f4t\u00e9 du connecteur, vous faites la connexion \u00e0 votre tuyau d\u2019origine entre lequel vous avez d\u00e9coup\u00e9 la mauvaise partie. En dehors d\u2019un couteau de passe-temps tranchant, vous n\u2019avez besoin d\u2019aucun outil pour ce travail. Tr\u00e8s facile \u00e0 faire vous-m\u00eame. L\u2019ensemble se compose de: tuyau EPDM de 100 centim\u00e8tres (diam\u00e8tre int\u00e9rieur de 4,2 mm et diam\u00e8tre ext\u00e9rieur de 8,5 mm) 2 connecteurs adapt\u00e9s aux tuyaux d\u2019un diam\u00e8tre int\u00e9rieur compris entre 4 et 5 mm Concerne le tuyau universel qui remplace bien le tuyau OEM avec le num\u00e9ro: LANCIA 46418539  <\/p>\n","protected":false},"excerpt":{"rendered":"<p>Kit de r\u00e9paration de tuyau de lave-glace pour Lancia Kappa, \u00e9galement adapt\u00e9 pour Lybra et Delta. Id\u00e9al \u00e0 utiliser pour remplacer un tuyau de lave-glace perfor\u00e9. Lorsque vous avez d\u00e9tect\u00e9 la partie qui fuit du tuyau, coupez cette partie du tuyau \u00e0 deux endroits avec un couteau tranchant. Vous pouvez ensuite simplement couper une nouvelle [&hellip;]<\/p>\n","protected":false},"featured_media":34264,"comment_status":"closed","ping_status":"closed","template":"","meta":{"_acf_changed":false},"product_brand":[],"product_cat":[1597,1601,1606,1609,1613,1659,1654,1650,1846,1851,1694,1766,1769,1582,1702,1862,1705,1713,1865,1719,1722,1841,1690,1731,1860,1798,1736,1774,1752,1617,1623,1763,1870],"product_tag":[],"class_list":{"0":"post-62290","1":"product","2":"type-product","3":"status-publish","4":"has-post-thumbnail","6":"product_cat-145-930a-fr","7":"product_cat-146-930b-fr","8":"product_cat-147-937-fr","9":"product_cat-155-167-fr","10":"product_cat-156-932-fr","11":"product_cat-159-939-fr","12":"product_cat-164-164-fr","13":"product_cat-166-936-fr","14":"product_cat-3-deurs-hpe-fr","15":"product_cat-5-deurs-fr","16":"product_cat-500-312-fr","17":"product_cat-5drs-fr","18":"product_cat-abarth-3drs-fr","19":"product_cat-alfa-romeo-fr","20":"product_cat-barchetta-183-fr","21":"product_cat-berlina-fr","22":"product_cat-brava-198-fr","23":"product_cat-cinquecento-170-fr","24":"product_cat-coupe-fr","25":"product_cat-coupe-175-fr","26":"product_cat-croma-1-154-fr","27":"product_cat-delta-2-836-fr","28":"product_cat-fiat-fr","29":"product_cat-grande-punto-199-fr","30":"product_cat-kappa-838-fr","31":"product_cat-lancia-fr","32":"product_cat-marea-185-fr","33":"product_cat-multiwagon-fr","34":"product_cat-punto-2-188-fr","35":"product_cat-sedan-fr","36":"product_cat-sportwagon-fr","37":"product_cat-stilo-192-fr","38":"product_cat-sw-fr","39":"pa_soort-onderdeel-fenetres-et-accessoires","41":"first","42":"instock","43":"taxable","44":"shipping-taxable","45":"purchasable","46":"product-type-simple"},"acf":[],"yoast_head":"<!-- This site is optimized with the Yoast SEO plugin v27.2 - https:\/\/yoast.com\/product\/yoast-seo-wordpress\/ -->\n<title>Set de r\u00e9paration lave-glace 100 cm tuyau Fiat Lancia Alfa Romeo -NOUVEAU- Turijnmagazijn<\/title>\n<meta name=\"robots\" content=\"index, follow, max-snippet:-1, max-image-preview:large, max-video-preview:-1\" \/>\n<link rel=\"canonical\" href=\"https:\/\/turijnmagazijn.nl\/fr\/produit\/reparation-set-lave-glace-100-cm-tuyau-lancia-kappa-neuf\/\" \/>\n<meta property=\"og:locale\" content=\"fr_FR\" \/>\n<meta property=\"og:type\" content=\"article\" \/>\n<meta property=\"og:title\" content=\"Set de r\u00e9paration lave-glace 100 cm tuyau Fiat Lancia Alfa Romeo -NOUVEAU- Turijnmagazijn\" \/>\n<meta property=\"og:description\" content=\"Kit de r\u00e9paration de tuyau de lave-glace pour Lancia Kappa, \u00e9galement adapt\u00e9 pour Lybra et Delta. Id\u00e9al \u00e0 utiliser pour remplacer un tuyau de lave-glace perfor\u00e9. Lorsque vous avez d\u00e9tect\u00e9 la partie qui fuit du tuyau, coupez cette partie du tuyau \u00e0 deux endroits avec un couteau tranchant. Vous pouvez ensuite simplement couper une nouvelle [&hellip;]\" \/>\n<meta property=\"og:url\" content=\"https:\/\/turijnmagazijn.nl\/fr\/produit\/reparation-set-lave-glace-100-cm-tuyau-lancia-kappa-neuf\/\" \/>\n<meta property=\"og:site_name\" content=\"Turijnmagazijn\" \/>\n<meta property=\"article:publisher\" content=\"https:\/\/www.facebook.com\/turijnmagazijn\" \/>\n<meta property=\"article:modified_time\" content=\"2023-07-31T18:16:36+00:00\" \/>\n<meta property=\"og:image\" content=\"https:\/\/turijnmagazijn.nl\/wp-content\/uploads\/2023\/03\/DN00100024_Reparatie_set_ruitensproeier_100_cm_slang_3.jpg\" \/>\n\t<meta property=\"og:image:width\" content=\"800\" \/>\n\t<meta property=\"og:image:height\" content=\"600\" \/>\n\t<meta property=\"og:image:type\" content=\"image\/jpeg\" \/>\n<meta name=\"twitter:card\" content=\"summary_large_image\" \/>\n<meta name=\"twitter:label1\" content=\"Dur\u00e9e de lecture estim\u00e9e\" \/>\n\t<meta name=\"twitter:data1\" content=\"1 minute\" \/>\n<script type=\"application\/ld+json\" class=\"yoast-schema-graph\">{\"@context\":\"https:\/\/schema.org\",\"@graph\":[{\"@type\":\"WebPage\",\"@id\":\"https:\/\/turijnmagazijn.nl\/fr\/produit\/reparation-set-lave-glace-100-cm-tuyau-lancia-kappa-neuf\/\",\"url\":\"https:\/\/turijnmagazijn.nl\/fr\/produit\/reparation-set-lave-glace-100-cm-tuyau-lancia-kappa-neuf\/\",\"name\":\"Set de r\u00e9paration lave-glace 100 cm tuyau Fiat Lancia Alfa Romeo -NOUVEAU- Turijnmagazijn\",\"isPartOf\":{\"@id\":\"https:\/\/turijnmagazijn.jumpstone-dev.nl\/#website\"},\"primaryImageOfPage\":{\"@id\":\"https:\/\/turijnmagazijn.nl\/fr\/produit\/reparation-set-lave-glace-100-cm-tuyau-lancia-kappa-neuf\/#primaryimage\"},\"image\":{\"@id\":\"https:\/\/turijnmagazijn.nl\/fr\/produit\/reparation-set-lave-glace-100-cm-tuyau-lancia-kappa-neuf\/#primaryimage\"},\"thumbnailUrl\":\"https:\/\/turijnmagazijn.nl\/wp-content\/uploads\/2023\/03\/DN00100024_Reparatie_set_ruitensproeier_100_cm_slang_3.jpg\",\"datePublished\":\"2023-03-03T07:08:37+00:00\",\"dateModified\":\"2023-07-31T18:16:36+00:00\",\"breadcrumb\":{\"@id\":\"https:\/\/turijnmagazijn.nl\/fr\/produit\/reparation-set-lave-glace-100-cm-tuyau-lancia-kappa-neuf\/#breadcrumb\"},\"inLanguage\":\"fr-FR\",\"potentialAction\":[{\"@type\":\"ReadAction\",\"target\":[\"https:\/\/turijnmagazijn.nl\/fr\/produit\/reparation-set-lave-glace-100-cm-tuyau-lancia-kappa-neuf\/\"]}]},{\"@type\":\"ImageObject\",\"inLanguage\":\"fr-FR\",\"@id\":\"https:\/\/turijnmagazijn.nl\/fr\/produit\/reparation-set-lave-glace-100-cm-tuyau-lancia-kappa-neuf\/#primaryimage\",\"url\":\"https:\/\/turijnmagazijn.nl\/wp-content\/uploads\/2023\/03\/DN00100024_Reparatie_set_ruitensproeier_100_cm_slang_3.jpg\",\"contentUrl\":\"https:\/\/turijnmagazijn.nl\/wp-content\/uploads\/2023\/03\/DN00100024_Reparatie_set_ruitensproeier_100_cm_slang_3.jpg\",\"width\":800,\"height\":600},{\"@type\":\"BreadcrumbList\",\"@id\":\"https:\/\/turijnmagazijn.nl\/fr\/produit\/reparation-set-lave-glace-100-cm-tuyau-lancia-kappa-neuf\/#breadcrumb\",\"itemListElement\":[{\"@type\":\"ListItem\",\"position\":1,\"name\":\"Home\",\"item\":\"https:\/\/turijnmagazijn.jumpstone-dev.nl\/\"},{\"@type\":\"ListItem\",\"position\":2,\"name\":\"Produits\",\"item\":\"https:\/\/turijnmagazijn.nl\/fr\/shop\/\"},{\"@type\":\"ListItem\",\"position\":3,\"name\":\"Set de r\u00e9paration lave-glace 100 cm tuyau Fiat Lancia Alfa Romeo -NOUVEAU-\"}]},{\"@type\":\"WebSite\",\"@id\":\"https:\/\/turijnmagazijn.jumpstone-dev.nl\/#website\",\"url\":\"https:\/\/turijnmagazijn.jumpstone-dev.nl\/\",\"name\":\"Turijnmagazijn\",\"description\":\"Onderdelen nieuw en gebruikt - Fiat &amp; Lancia\",\"publisher\":{\"@id\":\"https:\/\/turijnmagazijn.jumpstone-dev.nl\/#organization\"},\"potentialAction\":[{\"@type\":\"SearchAction\",\"target\":{\"@type\":\"EntryPoint\",\"urlTemplate\":\"https:\/\/turijnmagazijn.jumpstone-dev.nl\/?s={search_term_string}\"},\"query-input\":{\"@type\":\"PropertyValueSpecification\",\"valueRequired\":true,\"valueName\":\"search_term_string\"}}],\"inLanguage\":\"fr-FR\"},{\"@type\":\"Organization\",\"@id\":\"https:\/\/turijnmagazijn.jumpstone-dev.nl\/#organization\",\"name\":\"Turijnmagazijn\",\"url\":\"https:\/\/turijnmagazijn.jumpstone-dev.nl\/\",\"logo\":{\"@type\":\"ImageObject\",\"inLanguage\":\"fr-FR\",\"@id\":\"https:\/\/turijnmagazijn.jumpstone-dev.nl\/#\/schema\/logo\/image\/\",\"url\":\"https:\/\/turijnmagazijn.nl\/wp-content\/uploads\/2021\/02\/turijnmagazijnlogo.png\",\"contentUrl\":\"https:\/\/turijnmagazijn.nl\/wp-content\/uploads\/2021\/02\/turijnmagazijnlogo.png\",\"width\":555,\"height\":270,\"caption\":\"Turijnmagazijn\"},\"image\":{\"@id\":\"https:\/\/turijnmagazijn.jumpstone-dev.nl\/#\/schema\/logo\/image\/\"},\"sameAs\":[\"https:\/\/www.facebook.com\/turijnmagazijn\"]}]}<\/script>\n<!-- \/ Yoast SEO plugin. -->","yoast_head_json":{"title":"Set de r\u00e9paration lave-glace 100 cm tuyau Fiat Lancia Alfa Romeo -NOUVEAU- Turijnmagazijn","robots":{"index":"index","follow":"follow","max-snippet":"max-snippet:-1","max-image-preview":"max-image-preview:large","max-video-preview":"max-video-preview:-1"},"canonical":"https:\/\/turijnmagazijn.nl\/fr\/produit\/reparation-set-lave-glace-100-cm-tuyau-lancia-kappa-neuf\/","og_locale":"fr_FR","og_type":"article","og_title":"Set de r\u00e9paration lave-glace 100 cm tuyau Fiat Lancia Alfa Romeo -NOUVEAU- Turijnmagazijn","og_description":"Kit de r\u00e9paration de tuyau de lave-glace pour Lancia Kappa, \u00e9galement adapt\u00e9 pour Lybra et Delta. Id\u00e9al \u00e0 utiliser pour remplacer un tuyau de lave-glace perfor\u00e9. Lorsque vous avez d\u00e9tect\u00e9 la partie qui fuit du tuyau, coupez cette partie du tuyau \u00e0 deux endroits avec un couteau tranchant. Vous pouvez ensuite simplement couper une nouvelle [&hellip;]","og_url":"https:\/\/turijnmagazijn.nl\/fr\/produit\/reparation-set-lave-glace-100-cm-tuyau-lancia-kappa-neuf\/","og_site_name":"Turijnmagazijn","article_publisher":"https:\/\/www.facebook.com\/turijnmagazijn","article_modified_time":"2023-07-31T18:16:36+00:00","og_image":[{"width":800,"height":600,"url":"https:\/\/turijnmagazijn.nl\/wp-content\/uploads\/2023\/03\/DN00100024_Reparatie_set_ruitensproeier_100_cm_slang_3.jpg","type":"image\/jpeg"}],"twitter_card":"summary_large_image","twitter_misc":{"Dur\u00e9e de lecture estim\u00e9e":"1 minute"},"schema":{"@context":"https:\/\/schema.org","@graph":[{"@type":"WebPage","@id":"https:\/\/turijnmagazijn.nl\/fr\/produit\/reparation-set-lave-glace-100-cm-tuyau-lancia-kappa-neuf\/","url":"https:\/\/turijnmagazijn.nl\/fr\/produit\/reparation-set-lave-glace-100-cm-tuyau-lancia-kappa-neuf\/","name":"Set de r\u00e9paration lave-glace 100 cm tuyau Fiat Lancia Alfa Romeo -NOUVEAU- Turijnmagazijn","isPartOf":{"@id":"https:\/\/turijnmagazijn.jumpstone-dev.nl\/#website"},"primaryImageOfPage":{"@id":"https:\/\/turijnmagazijn.nl\/fr\/produit\/reparation-set-lave-glace-100-cm-tuyau-lancia-kappa-neuf\/#primaryimage"},"image":{"@id":"https:\/\/turijnmagazijn.nl\/fr\/produit\/reparation-set-lave-glace-100-cm-tuyau-lancia-kappa-neuf\/#primaryimage"},"thumbnailUrl":"https:\/\/turijnmagazijn.nl\/wp-content\/uploads\/2023\/03\/DN00100024_Reparatie_set_ruitensproeier_100_cm_slang_3.jpg","datePublished":"2023-03-03T07:08:37+00:00","dateModified":"2023-07-31T18:16:36+00:00","breadcrumb":{"@id":"https:\/\/turijnmagazijn.nl\/fr\/produit\/reparation-set-lave-glace-100-cm-tuyau-lancia-kappa-neuf\/#breadcrumb"},"inLanguage":"fr-FR","potentialAction":[{"@type":"ReadAction","target":["https:\/\/turijnmagazijn.nl\/fr\/produit\/reparation-set-lave-glace-100-cm-tuyau-lancia-kappa-neuf\/"]}]},{"@type":"ImageObject","inLanguage":"fr-FR","@id":"https:\/\/turijnmagazijn.nl\/fr\/produit\/reparation-set-lave-glace-100-cm-tuyau-lancia-kappa-neuf\/#primaryimage","url":"https:\/\/turijnmagazijn.nl\/wp-content\/uploads\/2023\/03\/DN00100024_Reparatie_set_ruitensproeier_100_cm_slang_3.jpg","contentUrl":"https:\/\/turijnmagazijn.nl\/wp-content\/uploads\/2023\/03\/DN00100024_Reparatie_set_ruitensproeier_100_cm_slang_3.jpg","width":800,"height":600},{"@type":"BreadcrumbList","@id":"https:\/\/turijnmagazijn.nl\/fr\/produit\/reparation-set-lave-glace-100-cm-tuyau-lancia-kappa-neuf\/#breadcrumb","itemListElement":[{"@type":"ListItem","position":1,"name":"Home","item":"https:\/\/turijnmagazijn.jumpstone-dev.nl\/"},{"@type":"ListItem","position":2,"name":"Produits","item":"https:\/\/turijnmagazijn.nl\/fr\/shop\/"},{"@type":"ListItem","position":3,"name":"Set de r\u00e9paration lave-glace 100 cm tuyau Fiat Lancia Alfa Romeo -NOUVEAU-"}]},{"@type":"WebSite","@id":"https:\/\/turijnmagazijn.jumpstone-dev.nl\/#website","url":"https:\/\/turijnmagazijn.jumpstone-dev.nl\/","name":"Turijnmagazijn","description":"Onderdelen nieuw en gebruikt - Fiat &amp; Lancia","publisher":{"@id":"https:\/\/turijnmagazijn.jumpstone-dev.nl\/#organization"},"potentialAction":[{"@type":"SearchAction","target":{"@type":"EntryPoint","urlTemplate":"https:\/\/turijnmagazijn.jumpstone-dev.nl\/?s={search_term_string}"},"query-input":{"@type":"PropertyValueSpecification","valueRequired":true,"valueName":"search_term_string"}}],"inLanguage":"fr-FR"},{"@type":"Organization","@id":"https:\/\/turijnmagazijn.jumpstone-dev.nl\/#organization","name":"Turijnmagazijn","url":"https:\/\/turijnmagazijn.jumpstone-dev.nl\/","logo":{"@type":"ImageObject","inLanguage":"fr-FR","@id":"https:\/\/turijnmagazijn.jumpstone-dev.nl\/#\/schema\/logo\/image\/","url":"https:\/\/turijnmagazijn.nl\/wp-content\/uploads\/2021\/02\/turijnmagazijnlogo.png","contentUrl":"https:\/\/turijnmagazijn.nl\/wp-content\/uploads\/2021\/02\/turijnmagazijnlogo.png","width":555,"height":270,"caption":"Turijnmagazijn"},"image":{"@id":"https:\/\/turijnmagazijn.jumpstone-dev.nl\/#\/schema\/logo\/image\/"},"sameAs":["https:\/\/www.facebook.com\/turijnmagazijn"]}]}},"_links":{"self":[{"href":"https:\/\/turijnmagazijn.nl\/fr\/wp-json\/wp\/v2\/product\/62290","targetHints":{"allow":["GET"]}}],"collection":[{"href":"https:\/\/turijnmagazijn.nl\/fr\/wp-json\/wp\/v2\/product"}],"about":[{"href":"https:\/\/turijnmagazijn.nl\/fr\/wp-json\/wp\/v2\/types\/product"}],"replies":[{"embeddable":true,"href":"https:\/\/turijnmagazijn.nl\/fr\/wp-json\/wp\/v2\/comments?post=62290"}],"wp:featuredmedia":[{"embeddable":true,"href":"https:\/\/turijnmagazijn.nl\/fr\/wp-json\/wp\/v2\/media\/34264"}],"wp:attachment":[{"href":"https:\/\/turijnmagazijn.nl\/fr\/wp-json\/wp\/v2\/media?parent=62290"}],"wp:term":[{"taxonomy":"product_brand","embeddable":true,"href":"https:\/\/turijnmagazijn.nl\/fr\/wp-json\/wp\/v2\/product_brand?post=62290"},{"taxonomy":"product_cat","embeddable":true,"href":"https:\/\/turijnmagazijn.nl\/fr\/wp-json\/wp\/v2\/product_cat?post=62290"},{"taxonomy":"product_tag","embeddable":true,"href":"https:\/\/turijnmagazijn.nl\/fr\/wp-json\/wp\/v2\/product_tag?post=62290"}],"curies":[{"name":"wp","href":"https:\/\/api.w.org\/{rel}","templated":true}]}}