{"id":62303,"date":"2023-03-03T09:08:36","date_gmt":"2023-03-03T08:08:36","guid":{"rendered":"https:\/\/turijnmagazijn.nl\/product\/support-moteur-a-boulon-lancia-delta-integrale-16043424-nouveau\/"},"modified":"2024-09-17T21:01:33","modified_gmt":"2024-09-17T19:01:33","slug":"montage-de-moteur-a-boulon-lancia-delta-integral-16043424-nouveau","status":"publish","type":"product","link":"https:\/\/turijnmagazijn.nl\/fr\/produit\/montage-de-moteur-a-boulon-lancia-delta-integral-16043424-nouveau\/","title":{"rendered":"Support moteur \u00e0 boulon Lancia Delta Integrale 16043424 -NOUVEAU-"},"content":{"rendered":"<p>Nouveau boulon M8 d\u2019origine pour Lancia Delta Integrale. Utilis\u00e9, entre autres, pour la fixation d\u2019un support de moteur. la suspension, le diff\u00e9rentiel, les accessoires du moteur, la bo\u00eete de vitesses et les courroies. Ventes par pi\u00e8ce. LOBO 8.8 longueur du filetage 20 mm longueur totale 25 mm M8 OEM Lancia 16043424 Cette pi\u00e8ce a 10 applications diff\u00e9rentes sur Lancia Delta Integrale : Num\u00e9ro de pi\u00e8ce 10 sur le dessin technique de EPER num\u00e9ro de dessin 1000200004. 3 pi\u00e8ces sont n\u00e9cessaires par voiture. Pi\u00e8ce num\u00e9ro 16 sur le dessin technique du dessin EPER num\u00e9ro 1810300002 concernant l&rsquo;application sur la Lancia Delta Integrale.<br \/>\n3 pi\u00e8ces de cet article sont n\u00e9cessaires par voiture.<br \/>\nPi\u00e8ce num\u00e9ro 14 sur le dessin technique de l&rsquo;EPER num\u00e9ro 2120700001 concernant l&rsquo;application sur la Lancia Delta Integrale.<br \/>\nVous aurez besoin de 2 pi\u00e8ces de cet article par voiture.<br \/>\nLa pi\u00e8ce num\u00e9ro 13 du dessin technique de l&rsquo;EPER num\u00e9ro 2121900001 concernant l&rsquo;application sur la Lancia Delta Integrale.<br \/>\nVous aurez besoin de 2 pi\u00e8ces de cet article par voiture.<br \/>\nR\u00e9f\u00e9rence 7 du dessin technique de l&rsquo;EPER num\u00e9ro F789404C0A777F7F5B39D4F73EFB9F97 concernant l&rsquo;application sur la Lancia Delta Integrale.<br \/>\nDeux unit\u00e9s de cet article sont n\u00e9cessaires par voiture.<br \/>\nNum\u00e9ro de pi\u00e8ce 9 sur le dessin technique de l&rsquo;EPER num\u00e9ro de dessin EF8EE98A3A5FF0EAD160E15C44C51196 concernant l&rsquo;application sur la Lancia Delta Integrale.<br \/>\nSept unit\u00e9s de cet article sont n\u00e9cessaires par voiture.<br \/>\nPi\u00e8ce num\u00e9ro 4 du dessin technique de l&rsquo;EPER num\u00e9ro de dessin 9D545124BD2DBED149BF01C884314030 concernant l&rsquo;application sur la Lancia Delta Integrale.<br \/>\n4 pi\u00e8ces de cet article sont n\u00e9cessaires par voiture.<br \/>\nNum\u00e9ro de pi\u00e8ce 6 sur le dessin technique de l&rsquo;EPER num\u00e9ro de dessin 0A537EE66D87B995AC297F269E3468DE concernant l&rsquo;application sur la Lancia Delta Integrale.<br \/>\n4 pi\u00e8ces de cet article sont n\u00e9cessaires par voiture.<br \/>\nNum\u00e9ro de pi\u00e8ce 13 sur le dessin technique du dessin EPER num\u00e9ro 1025200001 concernant l&rsquo;application sur la Lancia Delta Integrale.<br \/>\n3 pi\u00e8ces de cet article sont n\u00e9cessaires par voiture.<br \/>\nNum\u00e9ro de pi\u00e8ce 11 sur le dessin technique de l&rsquo;EPER num\u00e9ro 1030100002 concernant l&rsquo;application sur la Lancia Delta Integrale.<br \/>\nVous aurez besoin de 2 pi\u00e8ces de cet article par voiture.                   &nbsp;<\/p>\n","protected":false},"excerpt":{"rendered":"<p>16043424 boulon M8 Lancia Delta Integrale<\/p>\n","protected":false},"featured_media":34072,"comment_status":"open","ping_status":"closed","template":"","meta":{"_acf_changed":false},"product_brand":[],"product_cat":[1809,1806,1819,1821,1825,1836,1830,1838,1798],"product_tag":[],"class_list":{"0":"post-62303","1":"product","2":"type-product","3":"status-publish","4":"has-post-thumbnail","6":"product_cat-1-1-1-3-1-5-fr","7":"product_cat-delta-1-831-fr","8":"product_cat-gt-i-e-fr","9":"product_cat-hf-4wd-fr","10":"product_cat-hf-turbo-fr","11":"product_cat-integrale-16v-fr","12":"product_cat-integrale-8v-fr","13":"product_cat-integrale-evo-fr","14":"product_cat-lancia-fr","15":"pa_soort-onderdeel-livres-et-documentation","17":"first","18":"instock","19":"taxable","20":"shipping-taxable","21":"purchasable","22":"product-type-simple"},"acf":[],"yoast_head":"<!-- This site is optimized with the Yoast SEO plugin v27.2 - https:\/\/yoast.com\/product\/yoast-seo-wordpress\/ -->\n<title>Support moteur \u00e0 boulon Lancia Delta Integrale 16043424 -NOUVEAU- Turijnmagazijn<\/title>\n<meta name=\"robots\" content=\"index, follow, max-snippet:-1, max-image-preview:large, max-video-preview:-1\" \/>\n<link rel=\"canonical\" href=\"https:\/\/turijnmagazijn.nl\/fr\/produit\/montage-de-moteur-a-boulon-lancia-delta-integral-16043424-nouveau\/\" \/>\n<meta property=\"og:locale\" content=\"fr_FR\" \/>\n<meta property=\"og:type\" content=\"article\" \/>\n<meta property=\"og:title\" content=\"Support moteur \u00e0 boulon Lancia Delta Integrale 16043424 -NOUVEAU- Turijnmagazijn\" \/>\n<meta property=\"og:description\" content=\"16043424 boulon M8 Lancia Delta Integrale\" \/>\n<meta property=\"og:url\" content=\"https:\/\/turijnmagazijn.nl\/fr\/produit\/montage-de-moteur-a-boulon-lancia-delta-integral-16043424-nouveau\/\" \/>\n<meta property=\"og:site_name\" content=\"Turijnmagazijn\" \/>\n<meta property=\"article:publisher\" content=\"https:\/\/www.facebook.com\/turijnmagazijn\" \/>\n<meta property=\"article:modified_time\" content=\"2024-09-17T19:01:33+00:00\" \/>\n<meta property=\"og:image\" content=\"https:\/\/turijnmagazijn.nl\/wp-content\/uploads\/2023\/03\/DN00100019_Bout_motorsteun_Lancia_Delta_Integrale_16043424_-NIEUW-_1.jpg\" \/>\n\t<meta property=\"og:image:width\" content=\"800\" \/>\n\t<meta property=\"og:image:height\" content=\"600\" \/>\n\t<meta property=\"og:image:type\" content=\"image\/jpeg\" \/>\n<meta name=\"twitter:card\" content=\"summary_large_image\" \/>\n<meta name=\"twitter:label1\" content=\"Dur\u00e9e de lecture estim\u00e9e\" \/>\n\t<meta name=\"twitter:data1\" content=\"2 minutes\" \/>\n<script type=\"application\/ld+json\" class=\"yoast-schema-graph\">{\"@context\":\"https:\/\/schema.org\",\"@graph\":[{\"@type\":\"WebPage\",\"@id\":\"https:\/\/turijnmagazijn.nl\/fr\/produit\/montage-de-moteur-a-boulon-lancia-delta-integral-16043424-nouveau\/\",\"url\":\"https:\/\/turijnmagazijn.nl\/fr\/produit\/montage-de-moteur-a-boulon-lancia-delta-integral-16043424-nouveau\/\",\"name\":\"Support moteur \u00e0 boulon Lancia Delta Integrale 16043424 -NOUVEAU- Turijnmagazijn\",\"isPartOf\":{\"@id\":\"https:\/\/turijnmagazijn.jumpstone-dev.nl\/#website\"},\"primaryImageOfPage\":{\"@id\":\"https:\/\/turijnmagazijn.nl\/fr\/produit\/montage-de-moteur-a-boulon-lancia-delta-integral-16043424-nouveau\/#primaryimage\"},\"image\":{\"@id\":\"https:\/\/turijnmagazijn.nl\/fr\/produit\/montage-de-moteur-a-boulon-lancia-delta-integral-16043424-nouveau\/#primaryimage\"},\"thumbnailUrl\":\"https:\/\/turijnmagazijn.nl\/wp-content\/uploads\/2023\/03\/DN00100019_Bout_motorsteun_Lancia_Delta_Integrale_16043424_-NIEUW-_1.jpg\",\"datePublished\":\"2023-03-03T08:08:36+00:00\",\"dateModified\":\"2024-09-17T19:01:33+00:00\",\"breadcrumb\":{\"@id\":\"https:\/\/turijnmagazijn.nl\/fr\/produit\/montage-de-moteur-a-boulon-lancia-delta-integral-16043424-nouveau\/#breadcrumb\"},\"inLanguage\":\"fr-FR\",\"potentialAction\":[{\"@type\":\"ReadAction\",\"target\":[\"https:\/\/turijnmagazijn.nl\/fr\/produit\/montage-de-moteur-a-boulon-lancia-delta-integral-16043424-nouveau\/\"]}]},{\"@type\":\"ImageObject\",\"inLanguage\":\"fr-FR\",\"@id\":\"https:\/\/turijnmagazijn.nl\/fr\/produit\/montage-de-moteur-a-boulon-lancia-delta-integral-16043424-nouveau\/#primaryimage\",\"url\":\"https:\/\/turijnmagazijn.nl\/wp-content\/uploads\/2023\/03\/DN00100019_Bout_motorsteun_Lancia_Delta_Integrale_16043424_-NIEUW-_1.jpg\",\"contentUrl\":\"https:\/\/turijnmagazijn.nl\/wp-content\/uploads\/2023\/03\/DN00100019_Bout_motorsteun_Lancia_Delta_Integrale_16043424_-NIEUW-_1.jpg\",\"width\":800,\"height\":600},{\"@type\":\"BreadcrumbList\",\"@id\":\"https:\/\/turijnmagazijn.nl\/fr\/produit\/montage-de-moteur-a-boulon-lancia-delta-integral-16043424-nouveau\/#breadcrumb\",\"itemListElement\":[{\"@type\":\"ListItem\",\"position\":1,\"name\":\"Home\",\"item\":\"https:\/\/turijnmagazijn.nl\/fr\/\"},{\"@type\":\"ListItem\",\"position\":2,\"name\":\"Produits\",\"item\":\"https:\/\/turijnmagazijn.nl\/fr\/shop\/\"},{\"@type\":\"ListItem\",\"position\":3,\"name\":\"Support moteur \u00e0 boulon Lancia Delta Integrale 16043424 -NOUVEAU-\"}]},{\"@type\":\"WebSite\",\"@id\":\"https:\/\/turijnmagazijn.jumpstone-dev.nl\/#website\",\"url\":\"https:\/\/turijnmagazijn.jumpstone-dev.nl\/\",\"name\":\"Turijnmagazijn\",\"description\":\"Onderdelen nieuw en gebruikt - Fiat &amp; Lancia\",\"publisher\":{\"@id\":\"https:\/\/turijnmagazijn.jumpstone-dev.nl\/#organization\"},\"potentialAction\":[{\"@type\":\"SearchAction\",\"target\":{\"@type\":\"EntryPoint\",\"urlTemplate\":\"https:\/\/turijnmagazijn.jumpstone-dev.nl\/?s={search_term_string}\"},\"query-input\":{\"@type\":\"PropertyValueSpecification\",\"valueRequired\":true,\"valueName\":\"search_term_string\"}}],\"inLanguage\":\"fr-FR\"},{\"@type\":\"Organization\",\"@id\":\"https:\/\/turijnmagazijn.jumpstone-dev.nl\/#organization\",\"name\":\"Turijnmagazijn\",\"url\":\"https:\/\/turijnmagazijn.jumpstone-dev.nl\/\",\"logo\":{\"@type\":\"ImageObject\",\"inLanguage\":\"fr-FR\",\"@id\":\"https:\/\/turijnmagazijn.jumpstone-dev.nl\/#\/schema\/logo\/image\/\",\"url\":\"https:\/\/turijnmagazijn.nl\/wp-content\/uploads\/2021\/02\/turijnmagazijnlogo.png\",\"contentUrl\":\"https:\/\/turijnmagazijn.nl\/wp-content\/uploads\/2021\/02\/turijnmagazijnlogo.png\",\"width\":555,\"height\":270,\"caption\":\"Turijnmagazijn\"},\"image\":{\"@id\":\"https:\/\/turijnmagazijn.jumpstone-dev.nl\/#\/schema\/logo\/image\/\"},\"sameAs\":[\"https:\/\/www.facebook.com\/turijnmagazijn\"]}]}<\/script>\n<!-- \/ Yoast SEO plugin. -->","yoast_head_json":{"title":"Support moteur \u00e0 boulon Lancia Delta Integrale 16043424 -NOUVEAU- Turijnmagazijn","robots":{"index":"index","follow":"follow","max-snippet":"max-snippet:-1","max-image-preview":"max-image-preview:large","max-video-preview":"max-video-preview:-1"},"canonical":"https:\/\/turijnmagazijn.nl\/fr\/produit\/montage-de-moteur-a-boulon-lancia-delta-integral-16043424-nouveau\/","og_locale":"fr_FR","og_type":"article","og_title":"Support moteur \u00e0 boulon Lancia Delta Integrale 16043424 -NOUVEAU- Turijnmagazijn","og_description":"16043424 boulon M8 Lancia Delta Integrale","og_url":"https:\/\/turijnmagazijn.nl\/fr\/produit\/montage-de-moteur-a-boulon-lancia-delta-integral-16043424-nouveau\/","og_site_name":"Turijnmagazijn","article_publisher":"https:\/\/www.facebook.com\/turijnmagazijn","article_modified_time":"2024-09-17T19:01:33+00:00","og_image":[{"width":800,"height":600,"url":"https:\/\/turijnmagazijn.nl\/wp-content\/uploads\/2023\/03\/DN00100019_Bout_motorsteun_Lancia_Delta_Integrale_16043424_-NIEUW-_1.jpg","type":"image\/jpeg"}],"twitter_card":"summary_large_image","twitter_misc":{"Dur\u00e9e de lecture estim\u00e9e":"2 minutes"},"schema":{"@context":"https:\/\/schema.org","@graph":[{"@type":"WebPage","@id":"https:\/\/turijnmagazijn.nl\/fr\/produit\/montage-de-moteur-a-boulon-lancia-delta-integral-16043424-nouveau\/","url":"https:\/\/turijnmagazijn.nl\/fr\/produit\/montage-de-moteur-a-boulon-lancia-delta-integral-16043424-nouveau\/","name":"Support moteur \u00e0 boulon Lancia Delta Integrale 16043424 -NOUVEAU- Turijnmagazijn","isPartOf":{"@id":"https:\/\/turijnmagazijn.jumpstone-dev.nl\/#website"},"primaryImageOfPage":{"@id":"https:\/\/turijnmagazijn.nl\/fr\/produit\/montage-de-moteur-a-boulon-lancia-delta-integral-16043424-nouveau\/#primaryimage"},"image":{"@id":"https:\/\/turijnmagazijn.nl\/fr\/produit\/montage-de-moteur-a-boulon-lancia-delta-integral-16043424-nouveau\/#primaryimage"},"thumbnailUrl":"https:\/\/turijnmagazijn.nl\/wp-content\/uploads\/2023\/03\/DN00100019_Bout_motorsteun_Lancia_Delta_Integrale_16043424_-NIEUW-_1.jpg","datePublished":"2023-03-03T08:08:36+00:00","dateModified":"2024-09-17T19:01:33+00:00","breadcrumb":{"@id":"https:\/\/turijnmagazijn.nl\/fr\/produit\/montage-de-moteur-a-boulon-lancia-delta-integral-16043424-nouveau\/#breadcrumb"},"inLanguage":"fr-FR","potentialAction":[{"@type":"ReadAction","target":["https:\/\/turijnmagazijn.nl\/fr\/produit\/montage-de-moteur-a-boulon-lancia-delta-integral-16043424-nouveau\/"]}]},{"@type":"ImageObject","inLanguage":"fr-FR","@id":"https:\/\/turijnmagazijn.nl\/fr\/produit\/montage-de-moteur-a-boulon-lancia-delta-integral-16043424-nouveau\/#primaryimage","url":"https:\/\/turijnmagazijn.nl\/wp-content\/uploads\/2023\/03\/DN00100019_Bout_motorsteun_Lancia_Delta_Integrale_16043424_-NIEUW-_1.jpg","contentUrl":"https:\/\/turijnmagazijn.nl\/wp-content\/uploads\/2023\/03\/DN00100019_Bout_motorsteun_Lancia_Delta_Integrale_16043424_-NIEUW-_1.jpg","width":800,"height":600},{"@type":"BreadcrumbList","@id":"https:\/\/turijnmagazijn.nl\/fr\/produit\/montage-de-moteur-a-boulon-lancia-delta-integral-16043424-nouveau\/#breadcrumb","itemListElement":[{"@type":"ListItem","position":1,"name":"Home","item":"https:\/\/turijnmagazijn.nl\/fr\/"},{"@type":"ListItem","position":2,"name":"Produits","item":"https:\/\/turijnmagazijn.nl\/fr\/shop\/"},{"@type":"ListItem","position":3,"name":"Support moteur \u00e0 boulon Lancia Delta Integrale 16043424 -NOUVEAU-"}]},{"@type":"WebSite","@id":"https:\/\/turijnmagazijn.jumpstone-dev.nl\/#website","url":"https:\/\/turijnmagazijn.jumpstone-dev.nl\/","name":"Turijnmagazijn","description":"Onderdelen nieuw en gebruikt - Fiat &amp; Lancia","publisher":{"@id":"https:\/\/turijnmagazijn.jumpstone-dev.nl\/#organization"},"potentialAction":[{"@type":"SearchAction","target":{"@type":"EntryPoint","urlTemplate":"https:\/\/turijnmagazijn.jumpstone-dev.nl\/?s={search_term_string}"},"query-input":{"@type":"PropertyValueSpecification","valueRequired":true,"valueName":"search_term_string"}}],"inLanguage":"fr-FR"},{"@type":"Organization","@id":"https:\/\/turijnmagazijn.jumpstone-dev.nl\/#organization","name":"Turijnmagazijn","url":"https:\/\/turijnmagazijn.jumpstone-dev.nl\/","logo":{"@type":"ImageObject","inLanguage":"fr-FR","@id":"https:\/\/turijnmagazijn.jumpstone-dev.nl\/#\/schema\/logo\/image\/","url":"https:\/\/turijnmagazijn.nl\/wp-content\/uploads\/2021\/02\/turijnmagazijnlogo.png","contentUrl":"https:\/\/turijnmagazijn.nl\/wp-content\/uploads\/2021\/02\/turijnmagazijnlogo.png","width":555,"height":270,"caption":"Turijnmagazijn"},"image":{"@id":"https:\/\/turijnmagazijn.jumpstone-dev.nl\/#\/schema\/logo\/image\/"},"sameAs":["https:\/\/www.facebook.com\/turijnmagazijn"]}]}},"_links":{"self":[{"href":"https:\/\/turijnmagazijn.nl\/fr\/wp-json\/wp\/v2\/product\/62303","targetHints":{"allow":["GET"]}}],"collection":[{"href":"https:\/\/turijnmagazijn.nl\/fr\/wp-json\/wp\/v2\/product"}],"about":[{"href":"https:\/\/turijnmagazijn.nl\/fr\/wp-json\/wp\/v2\/types\/product"}],"replies":[{"embeddable":true,"href":"https:\/\/turijnmagazijn.nl\/fr\/wp-json\/wp\/v2\/comments?post=62303"}],"wp:featuredmedia":[{"embeddable":true,"href":"https:\/\/turijnmagazijn.nl\/fr\/wp-json\/wp\/v2\/media\/34072"}],"wp:attachment":[{"href":"https:\/\/turijnmagazijn.nl\/fr\/wp-json\/wp\/v2\/media?parent=62303"}],"wp:term":[{"taxonomy":"product_brand","embeddable":true,"href":"https:\/\/turijnmagazijn.nl\/fr\/wp-json\/wp\/v2\/product_brand?post=62303"},{"taxonomy":"product_cat","embeddable":true,"href":"https:\/\/turijnmagazijn.nl\/fr\/wp-json\/wp\/v2\/product_cat?post=62303"},{"taxonomy":"product_tag","embeddable":true,"href":"https:\/\/turijnmagazijn.nl\/fr\/wp-json\/wp\/v2\/product_tag?post=62303"}],"curies":[{"name":"wp","href":"https:\/\/api.w.org\/{rel}","templated":true}]}}