{"id":62322,"date":"2023-03-03T08:08:59","date_gmt":"2023-03-03T07:08:59","guid":{"rendered":"https:\/\/turijnmagazijn.nl\/product\/resistance-radiateur-ventilateur-fiat-lancia-alfa-romeo-nouveau\/"},"modified":"2026-03-04T09:00:04","modified_gmt":"2026-03-04T08:00:04","slug":"resistance-radiateur-ventilateur-fiat-lancia-alpha-romeo-nouveau","status":"publish","type":"product","link":"https:\/\/turijnmagazijn.nl\/fr\/produit\/resistance-radiateur-ventilateur-fiat-lancia-alpha-romeo-nouveau\/","title":{"rendered":"R\u00e9sistance Radiateur Ventilateur Fiat\/Lancia\/Alfa Romeo -NOUVEAU-"},"content":{"rendered":"<p style=\"margin-bottom: 10px; line-height: 20.79px; font-size: 13px;\">Nouvelle r\u00e9sistance pour le ventilateur de refroidissement \/ ventilateur du radiateur avec une r\u00e9sistance de 0,18 Ohms. Ce type de r\u00e9sistance a \u00e9t\u00e9 appliqu\u00e9 \u00e0 un tr\u00e8s grand nombre de mod\u00e8les Fiat Lancia et Alfa Romeo. Concerne une pi\u00e8ce d\u2019imitation produite en Chine. La qualit\u00e9 de construction est l\u00e9g\u00e8rement inf\u00e9rieure aux r\u00e9sistances d\u2019origine produites en Italie que le concessionnaire fournit et prescrit. Cependant, une r\u00e9sistance d\u2019origine par le concessionnaire co\u00fbte au moins 60,-, m\u00eame si vous n\u2019obtenez cette r\u00e9sistance que la moiti\u00e9 de la dur\u00e9e de vie d\u2019une r\u00e9sistance originale, vous \u00eates toujours moins cher!<\/p>\n<p style=\"margin-bottom: 10px; line-height: 20.79px; font-size: 13px;\"><span style=\"line-height: 20.79px; font-size: 13.33px;\">R\u00e9sistance du ventilateur 0.18 Ohm type R19K marquage A563<\/span><\/p>\n<p>  Pi\u00e8ce num\u00e9ro 2 du dessin technique du dessin EPER num\u00e9ro 1040900001 concernant l&rsquo;application sur la Lancia Delta Integrale.<br \/>\nUne copie de cette pi\u00e8ce est n\u00e9cessaire par voiture.   <\/p>\n<p style=\"margin-bottom: 10px; line-height: 20.79px; font-size: 13px;\">Applicable aux voitures suivantes:<\/p>\n<table class=\"table table-bordered\">\n<tbody>\n<tr>\n<td><span style=\"font-weight: bold;\">Alfa Romeo : <\/span><\/td>\n<td><span style=\"font-weight: bold;\">Lancia :<\/span><\/td>\n<td><span style=\"font-weight: bold;\">Fiat :<\/span><\/td>\n<\/tr>\n<tr>\n<td>145<\/td>\n<td>LANCIA DEDRA<\/td>\n<td>Barchetta<\/td>\n<\/tr>\n<tr>\n<td>146<\/td>\n<td>LANCIA DELTA<\/td>\n<td>Id\u00e9e<\/td>\n<\/tr>\n<tr>\n<td>147<\/td>\n<td>LANCIA KAPPA<\/td>\n<td>Punto II (1999-2009)<\/td>\n<\/tr>\n<tr>\n<td>155<\/td>\n<td>LANCIA LYBRA<\/td>\n<td>Bravo (1995-2001)<\/td>\n<\/tr>\n<tr>\n<td>156<\/td>\n<td>LANCIA THEMA<\/td>\n<td>Brava (1995-2001)<\/td>\n<\/tr>\n<tr>\n<td>164<\/td>\n<td>LANCIA Y<\/td>\n<td>Stilo (2001-2007)<\/td>\n<\/tr>\n<tr>\n<td>166<\/td>\n<td><\/td>\n<td>Multipla (1998-2005)<\/td>\n<\/tr>\n<tr>\n<td>SPIDER<\/td>\n<td><\/td>\n<td>Marea<\/td>\n<\/tr>\n<tr>\n<td> GTV &#8211; GT<\/td>\n<td><\/td>\n<td>Coup\u00e9 (1996-2000)<\/td>\n<\/tr>\n<\/tbody>\n<\/table>\n<p style=\"margin-bottom: 10px; line-height: 20.79px; font-size: 13px;\">Lorsque la r\u00e9sistance de votre voiture est d\u00e9fectueuse, la fonction de changement de vitesse du ventilateur ne fonctionne plus correctement et le ventilateur ne peut fonctionner qu\u2019\u00e0 pleine puissance ou \u00e9teint, et non plus \u00e0 mi-puissance. Le remplacement de la r\u00e9sistance r\u00e9sout ce probl\u00e8me et emp\u00eache la surchauffe de l\u2019eau de refroidissement.<\/p>\n<p style=\"margin-bottom: 10px; line-height: 20.79px; font-size: 13px;\"><span style=\"font-weight: bold;\">Nous avons cette pi\u00e8ce en stock aux Pays-Bas, donc dans les deux jours ouvrables \u00e0 votre domicile!<\/span><\/p>\n<p style=\"margin-bottom: 10px; line-height: 20.79px;\">N\u00b0 OEM ALFA ROMEO: 60692416<\/p>\n<p style=\"margin-bottom: 10px; line-height: 20.79px;\">NUM\u00c9RO OEM ALFA ROMEO: 60656300<\/p>\n<p style=\"margin-bottom: 10px; line-height: 20.79px;\">NUM\u00c9RO OEM ALFA ROMEO: 60617160<\/p>\n<p style=\"margin-bottom: 10px; line-height: 20.79px;\">Num\u00e9ro d\u2019origine Fiat: 51736774<\/p>\n<p style=\"margin-bottom: 10px; line-height: 20.79px;\">Num\u00e9ro OEM Fiat: 46533716<\/p>\n<p style=\"margin-bottom: 10px; line-height: 20.79px;\">Num\u00e9ro OEM Fiat : 51736776<\/p>\n<p style=\"margin-bottom: 10px; line-height: 20.79px;\">Num\u00e9ro OEM Fiat: 7782831<\/p>\n<p style=\"margin-bottom: 10px; line-height: 20.79px;\">Num\u00e9ro OEM Fiat: 7739435<\/p>\n<p style=\"margin-bottom: 10px; line-height: 20.79px;\">Num\u00e9ro d\u2019origine Fiat: 7606530<\/p>\n<p style=\"margin-bottom: 10px; line-height: 20.79px;\">N\u00b0 OEM LANCIA: 7739435<\/p>\n<p style=\"margin-bottom: 10px; line-height: 20.79px;\">N\u00b0 OEM LANCIA: 7782831<\/p>\n<p style=\"margin-bottom: 10px; line-height: 20.79px;\">N\u00b0 OEM LANCIA: 60811737<\/p>\n<p style=\"margin-bottom: 10px; line-height: 20.79px;\">N\u00b0 OEM LANCIA: 71740060<\/p>\n<p style=\"margin-bottom: 10px; line-height: 20.79px;\">N\u00b0 OEM LANCIA: 51736774<\/p>\n<p style=\"margin-bottom: 10px; line-height: 20.79px;\">N\u00b0 OEM LANCIA: 60658834<\/p>\n<p style=\"margin-bottom: 10px; line-height: 20.79px;\">N\u00b0 OEM LANCIA: 51736776<\/p>\n","protected":false},"excerpt":{"rendered":"<p>7739435 R\u00e9sistance Ventilateur de radiateur Fiat\/Lancia\/Alfa Romeo -NOUVEAU- &#8211; Nouvelle r\u00e9sistance pour le ventilateur de refroidissement \/ ventilateur du radiateur avec une r\u00e9sistance de 0,18 Ohm.<\/p>\n","protected":false},"featured_media":34480,"comment_status":"closed","ping_status":"closed","template":"","meta":{"_acf_changed":false},"product_brand":[],"product_cat":[1809,1597,1601,1606,1609,1613,1654,1650,1846,1851,1766,1769,1582,1702,1862,1709,1865,1719,1802,1806,1841,1690,1631,1819,1636,1821,1825,1836,1830,1838,1860,1798,1873,1736,1738,1774,1752,1882,1617,1623,1763,1870,1880,1896,1902,1897,1914],"product_tag":[],"class_list":{"0":"post-62322","1":"product","2":"type-product","3":"status-publish","4":"has-post-thumbnail","6":"product_cat-1-1-1-3-1-5-fr","7":"product_cat-145-930a-fr","8":"product_cat-146-930b-fr","9":"product_cat-147-937-fr","10":"product_cat-155-167-fr","11":"product_cat-156-932-fr","12":"product_cat-164-164-fr","13":"product_cat-166-936-fr","14":"product_cat-3-deurs-hpe-fr","15":"product_cat-5-deurs-fr","16":"product_cat-5drs-fr","17":"product_cat-abarth-3drs-fr","18":"product_cat-alfa-romeo-fr","19":"product_cat-barchetta-183-fr","20":"product_cat-berlina-fr","21":"product_cat-bravo-198-fr","22":"product_cat-coupe-fr","23":"product_cat-coupe-175-fr","24":"product_cat-dedra-835-fr","25":"product_cat-delta-1-831-fr","26":"product_cat-delta-2-836-fr","27":"product_cat-fiat-fr","28":"product_cat-gt-937-fr","29":"product_cat-gt-i-e-fr","30":"product_cat-gtv-916-fr","31":"product_cat-hf-4wd-fr","32":"product_cat-hf-turbo-fr","33":"product_cat-integrale-16v-fr","34":"product_cat-integrale-8v-fr","35":"product_cat-integrale-evo-fr","36":"product_cat-kappa-838-fr","37":"product_cat-lancia-fr","38":"product_cat-lybra-839-fr","39":"product_cat-marea-185-fr","40":"product_cat-multipla-186-fr","41":"product_cat-multiwagon-fr","42":"product_cat-punto-2-188-fr","43":"product_cat-sedan-lybra-839-fr","44":"product_cat-sedan-fr","45":"product_cat-sportwagon-fr","46":"product_cat-stilo-192-fr","47":"product_cat-sw-fr","48":"product_cat-sw-lybra-839-fr","49":"product_cat-thema-834-fr","50":"product_cat-thema-sedan-fr","51":"product_cat-thema-sw-fr","52":"product_cat-ypsilon-1-840-fr","53":"pa_soort-onderdeel-electronique-et-cables","55":"first","56":"instock","57":"taxable","58":"shipping-taxable","59":"purchasable","60":"product-type-simple"},"acf":[],"yoast_head":"<!-- This site is optimized with the Yoast SEO plugin v27.3 - https:\/\/yoast.com\/product\/yoast-seo-wordpress\/ -->\n<title>R\u00e9sistance Radiateur Ventilateur Fiat\/Lancia\/Alfa Romeo -NOUVEAU- Turijnmagazijn<\/title>\n<meta name=\"robots\" content=\"index, follow, max-snippet:-1, max-image-preview:large, max-video-preview:-1\" \/>\n<link rel=\"canonical\" href=\"https:\/\/turijnmagazijn.nl\/fr\/produit\/resistance-radiateur-ventilateur-fiat-lancia-alpha-romeo-nouveau\/\" \/>\n<meta property=\"og:locale\" content=\"fr_FR\" \/>\n<meta property=\"og:type\" content=\"article\" \/>\n<meta property=\"og:title\" content=\"R\u00e9sistance Radiateur Ventilateur Fiat\/Lancia\/Alfa Romeo -NOUVEAU- Turijnmagazijn\" \/>\n<meta property=\"og:description\" content=\"7739435 R\u00e9sistance Ventilateur de radiateur Fiat\/Lancia\/Alfa Romeo -NOUVEAU- - Nouvelle r\u00e9sistance pour le ventilateur de refroidissement \/ ventilateur du radiateur avec une r\u00e9sistance de 0,18 Ohm.\" \/>\n<meta property=\"og:url\" content=\"https:\/\/turijnmagazijn.nl\/fr\/produit\/resistance-radiateur-ventilateur-fiat-lancia-alpha-romeo-nouveau\/\" \/>\n<meta property=\"og:site_name\" content=\"Turijnmagazijn\" \/>\n<meta property=\"article:publisher\" content=\"https:\/\/www.facebook.com\/turijnmagazijn\" \/>\n<meta property=\"article:modified_time\" content=\"2026-03-04T08:00:04+00:00\" \/>\n<meta property=\"og:image\" content=\"https:\/\/turijnmagazijn.nl\/wp-content\/uploads\/2023\/03\/DN00100032-Weerstand-Radiateur-Ventilator-Fiat-Lancia-Alfa-Romeo-NIEUW-4.jpg\" \/>\n\t<meta property=\"og:image:width\" content=\"1024\" \/>\n\t<meta property=\"og:image:height\" content=\"768\" \/>\n\t<meta property=\"og:image:type\" content=\"image\/jpeg\" \/>\n<meta name=\"twitter:card\" content=\"summary_large_image\" \/>\n<meta name=\"twitter:label1\" content=\"Dur\u00e9e de lecture estim\u00e9e\" \/>\n\t<meta name=\"twitter:data1\" content=\"2 minutes\" \/>\n<script type=\"application\/ld+json\" class=\"yoast-schema-graph\">{\"@context\":\"https:\\\/\\\/schema.org\",\"@graph\":[{\"@type\":\"WebPage\",\"@id\":\"https:\\\/\\\/turijnmagazijn.nl\\\/fr\\\/produit\\\/resistance-radiateur-ventilateur-fiat-lancia-alpha-romeo-nouveau\\\/\",\"url\":\"https:\\\/\\\/turijnmagazijn.nl\\\/fr\\\/produit\\\/resistance-radiateur-ventilateur-fiat-lancia-alpha-romeo-nouveau\\\/\",\"name\":\"R\u00e9sistance Radiateur Ventilateur Fiat\\\/Lancia\\\/Alfa Romeo -NOUVEAU- Turijnmagazijn\",\"isPartOf\":{\"@id\":\"https:\\\/\\\/turijnmagazijn.jumpstone-dev.nl\\\/#website\"},\"primaryImageOfPage\":{\"@id\":\"https:\\\/\\\/turijnmagazijn.nl\\\/fr\\\/produit\\\/resistance-radiateur-ventilateur-fiat-lancia-alpha-romeo-nouveau\\\/#primaryimage\"},\"image\":{\"@id\":\"https:\\\/\\\/turijnmagazijn.nl\\\/fr\\\/produit\\\/resistance-radiateur-ventilateur-fiat-lancia-alpha-romeo-nouveau\\\/#primaryimage\"},\"thumbnailUrl\":\"https:\\\/\\\/turijnmagazijn.nl\\\/wp-content\\\/uploads\\\/2023\\\/03\\\/DN00100032-Weerstand-Radiateur-Ventilator-Fiat-Lancia-Alfa-Romeo-NIEUW-4.jpg\",\"datePublished\":\"2023-03-03T07:08:59+00:00\",\"dateModified\":\"2026-03-04T08:00:04+00:00\",\"breadcrumb\":{\"@id\":\"https:\\\/\\\/turijnmagazijn.nl\\\/fr\\\/produit\\\/resistance-radiateur-ventilateur-fiat-lancia-alpha-romeo-nouveau\\\/#breadcrumb\"},\"inLanguage\":\"fr-FR\",\"potentialAction\":[{\"@type\":\"ReadAction\",\"target\":[\"https:\\\/\\\/turijnmagazijn.nl\\\/fr\\\/produit\\\/resistance-radiateur-ventilateur-fiat-lancia-alpha-romeo-nouveau\\\/\"]}]},{\"@type\":\"ImageObject\",\"inLanguage\":\"fr-FR\",\"@id\":\"https:\\\/\\\/turijnmagazijn.nl\\\/fr\\\/produit\\\/resistance-radiateur-ventilateur-fiat-lancia-alpha-romeo-nouveau\\\/#primaryimage\",\"url\":\"https:\\\/\\\/turijnmagazijn.nl\\\/wp-content\\\/uploads\\\/2023\\\/03\\\/DN00100032-Weerstand-Radiateur-Ventilator-Fiat-Lancia-Alfa-Romeo-NIEUW-4.jpg\",\"contentUrl\":\"https:\\\/\\\/turijnmagazijn.nl\\\/wp-content\\\/uploads\\\/2023\\\/03\\\/DN00100032-Weerstand-Radiateur-Ventilator-Fiat-Lancia-Alfa-Romeo-NIEUW-4.jpg\",\"width\":1024,\"height\":768},{\"@type\":\"BreadcrumbList\",\"@id\":\"https:\\\/\\\/turijnmagazijn.nl\\\/fr\\\/produit\\\/resistance-radiateur-ventilateur-fiat-lancia-alpha-romeo-nouveau\\\/#breadcrumb\",\"itemListElement\":[{\"@type\":\"ListItem\",\"position\":1,\"name\":\"Home\",\"item\":\"https:\\\/\\\/turijnmagazijn.nl\\\/fr\\\/\"},{\"@type\":\"ListItem\",\"position\":2,\"name\":\"Produits\",\"item\":\"https:\\\/\\\/turijnmagazijn.nl\\\/fr\\\/shop\\\/\"},{\"@type\":\"ListItem\",\"position\":3,\"name\":\"R\u00e9sistance Radiateur Ventilateur Fiat\\\/Lancia\\\/Alfa Romeo -NOUVEAU-\"}]},{\"@type\":\"WebSite\",\"@id\":\"https:\\\/\\\/turijnmagazijn.jumpstone-dev.nl\\\/#website\",\"url\":\"https:\\\/\\\/turijnmagazijn.jumpstone-dev.nl\\\/\",\"name\":\"Turijnmagazijn\",\"description\":\"Onderdelen nieuw en gebruikt - Fiat &amp; Lancia\",\"publisher\":{\"@id\":\"https:\\\/\\\/turijnmagazijn.jumpstone-dev.nl\\\/#organization\"},\"potentialAction\":[{\"@type\":\"SearchAction\",\"target\":{\"@type\":\"EntryPoint\",\"urlTemplate\":\"https:\\\/\\\/turijnmagazijn.jumpstone-dev.nl\\\/?s={search_term_string}\"},\"query-input\":{\"@type\":\"PropertyValueSpecification\",\"valueRequired\":true,\"valueName\":\"search_term_string\"}}],\"inLanguage\":\"fr-FR\"},{\"@type\":\"Organization\",\"@id\":\"https:\\\/\\\/turijnmagazijn.jumpstone-dev.nl\\\/#organization\",\"name\":\"Turijnmagazijn\",\"url\":\"https:\\\/\\\/turijnmagazijn.jumpstone-dev.nl\\\/\",\"logo\":{\"@type\":\"ImageObject\",\"inLanguage\":\"fr-FR\",\"@id\":\"https:\\\/\\\/turijnmagazijn.jumpstone-dev.nl\\\/#\\\/schema\\\/logo\\\/image\\\/\",\"url\":\"https:\\\/\\\/turijnmagazijn.nl\\\/wp-content\\\/uploads\\\/2021\\\/02\\\/turijnmagazijnlogo.png\",\"contentUrl\":\"https:\\\/\\\/turijnmagazijn.nl\\\/wp-content\\\/uploads\\\/2021\\\/02\\\/turijnmagazijnlogo.png\",\"width\":555,\"height\":270,\"caption\":\"Turijnmagazijn\"},\"image\":{\"@id\":\"https:\\\/\\\/turijnmagazijn.jumpstone-dev.nl\\\/#\\\/schema\\\/logo\\\/image\\\/\"},\"sameAs\":[\"https:\\\/\\\/www.facebook.com\\\/turijnmagazijn\"]}]}<\/script>\n<!-- \/ Yoast SEO plugin. -->","yoast_head_json":{"title":"R\u00e9sistance Radiateur Ventilateur Fiat\/Lancia\/Alfa Romeo -NOUVEAU- Turijnmagazijn","robots":{"index":"index","follow":"follow","max-snippet":"max-snippet:-1","max-image-preview":"max-image-preview:large","max-video-preview":"max-video-preview:-1"},"canonical":"https:\/\/turijnmagazijn.nl\/fr\/produit\/resistance-radiateur-ventilateur-fiat-lancia-alpha-romeo-nouveau\/","og_locale":"fr_FR","og_type":"article","og_title":"R\u00e9sistance Radiateur Ventilateur Fiat\/Lancia\/Alfa Romeo -NOUVEAU- Turijnmagazijn","og_description":"7739435 R\u00e9sistance Ventilateur de radiateur Fiat\/Lancia\/Alfa Romeo -NOUVEAU- - Nouvelle r\u00e9sistance pour le ventilateur de refroidissement \/ ventilateur du radiateur avec une r\u00e9sistance de 0,18 Ohm.","og_url":"https:\/\/turijnmagazijn.nl\/fr\/produit\/resistance-radiateur-ventilateur-fiat-lancia-alpha-romeo-nouveau\/","og_site_name":"Turijnmagazijn","article_publisher":"https:\/\/www.facebook.com\/turijnmagazijn","article_modified_time":"2026-03-04T08:00:04+00:00","og_image":[{"width":1024,"height":768,"url":"https:\/\/turijnmagazijn.nl\/wp-content\/uploads\/2023\/03\/DN00100032-Weerstand-Radiateur-Ventilator-Fiat-Lancia-Alfa-Romeo-NIEUW-4.jpg","type":"image\/jpeg"}],"twitter_card":"summary_large_image","twitter_misc":{"Dur\u00e9e de lecture estim\u00e9e":"2 minutes"},"schema":{"@context":"https:\/\/schema.org","@graph":[{"@type":"WebPage","@id":"https:\/\/turijnmagazijn.nl\/fr\/produit\/resistance-radiateur-ventilateur-fiat-lancia-alpha-romeo-nouveau\/","url":"https:\/\/turijnmagazijn.nl\/fr\/produit\/resistance-radiateur-ventilateur-fiat-lancia-alpha-romeo-nouveau\/","name":"R\u00e9sistance Radiateur Ventilateur Fiat\/Lancia\/Alfa Romeo -NOUVEAU- Turijnmagazijn","isPartOf":{"@id":"https:\/\/turijnmagazijn.jumpstone-dev.nl\/#website"},"primaryImageOfPage":{"@id":"https:\/\/turijnmagazijn.nl\/fr\/produit\/resistance-radiateur-ventilateur-fiat-lancia-alpha-romeo-nouveau\/#primaryimage"},"image":{"@id":"https:\/\/turijnmagazijn.nl\/fr\/produit\/resistance-radiateur-ventilateur-fiat-lancia-alpha-romeo-nouveau\/#primaryimage"},"thumbnailUrl":"https:\/\/turijnmagazijn.nl\/wp-content\/uploads\/2023\/03\/DN00100032-Weerstand-Radiateur-Ventilator-Fiat-Lancia-Alfa-Romeo-NIEUW-4.jpg","datePublished":"2023-03-03T07:08:59+00:00","dateModified":"2026-03-04T08:00:04+00:00","breadcrumb":{"@id":"https:\/\/turijnmagazijn.nl\/fr\/produit\/resistance-radiateur-ventilateur-fiat-lancia-alpha-romeo-nouveau\/#breadcrumb"},"inLanguage":"fr-FR","potentialAction":[{"@type":"ReadAction","target":["https:\/\/turijnmagazijn.nl\/fr\/produit\/resistance-radiateur-ventilateur-fiat-lancia-alpha-romeo-nouveau\/"]}]},{"@type":"ImageObject","inLanguage":"fr-FR","@id":"https:\/\/turijnmagazijn.nl\/fr\/produit\/resistance-radiateur-ventilateur-fiat-lancia-alpha-romeo-nouveau\/#primaryimage","url":"https:\/\/turijnmagazijn.nl\/wp-content\/uploads\/2023\/03\/DN00100032-Weerstand-Radiateur-Ventilator-Fiat-Lancia-Alfa-Romeo-NIEUW-4.jpg","contentUrl":"https:\/\/turijnmagazijn.nl\/wp-content\/uploads\/2023\/03\/DN00100032-Weerstand-Radiateur-Ventilator-Fiat-Lancia-Alfa-Romeo-NIEUW-4.jpg","width":1024,"height":768},{"@type":"BreadcrumbList","@id":"https:\/\/turijnmagazijn.nl\/fr\/produit\/resistance-radiateur-ventilateur-fiat-lancia-alpha-romeo-nouveau\/#breadcrumb","itemListElement":[{"@type":"ListItem","position":1,"name":"Home","item":"https:\/\/turijnmagazijn.nl\/fr\/"},{"@type":"ListItem","position":2,"name":"Produits","item":"https:\/\/turijnmagazijn.nl\/fr\/shop\/"},{"@type":"ListItem","position":3,"name":"R\u00e9sistance Radiateur Ventilateur Fiat\/Lancia\/Alfa Romeo -NOUVEAU-"}]},{"@type":"WebSite","@id":"https:\/\/turijnmagazijn.jumpstone-dev.nl\/#website","url":"https:\/\/turijnmagazijn.jumpstone-dev.nl\/","name":"Turijnmagazijn","description":"Onderdelen nieuw en gebruikt - Fiat &amp; Lancia","publisher":{"@id":"https:\/\/turijnmagazijn.jumpstone-dev.nl\/#organization"},"potentialAction":[{"@type":"SearchAction","target":{"@type":"EntryPoint","urlTemplate":"https:\/\/turijnmagazijn.jumpstone-dev.nl\/?s={search_term_string}"},"query-input":{"@type":"PropertyValueSpecification","valueRequired":true,"valueName":"search_term_string"}}],"inLanguage":"fr-FR"},{"@type":"Organization","@id":"https:\/\/turijnmagazijn.jumpstone-dev.nl\/#organization","name":"Turijnmagazijn","url":"https:\/\/turijnmagazijn.jumpstone-dev.nl\/","logo":{"@type":"ImageObject","inLanguage":"fr-FR","@id":"https:\/\/turijnmagazijn.jumpstone-dev.nl\/#\/schema\/logo\/image\/","url":"https:\/\/turijnmagazijn.nl\/wp-content\/uploads\/2021\/02\/turijnmagazijnlogo.png","contentUrl":"https:\/\/turijnmagazijn.nl\/wp-content\/uploads\/2021\/02\/turijnmagazijnlogo.png","width":555,"height":270,"caption":"Turijnmagazijn"},"image":{"@id":"https:\/\/turijnmagazijn.jumpstone-dev.nl\/#\/schema\/logo\/image\/"},"sameAs":["https:\/\/www.facebook.com\/turijnmagazijn"]}]}},"_links":{"self":[{"href":"https:\/\/turijnmagazijn.nl\/fr\/wp-json\/wp\/v2\/product\/62322","targetHints":{"allow":["GET"]}}],"collection":[{"href":"https:\/\/turijnmagazijn.nl\/fr\/wp-json\/wp\/v2\/product"}],"about":[{"href":"https:\/\/turijnmagazijn.nl\/fr\/wp-json\/wp\/v2\/types\/product"}],"replies":[{"embeddable":true,"href":"https:\/\/turijnmagazijn.nl\/fr\/wp-json\/wp\/v2\/comments?post=62322"}],"wp:featuredmedia":[{"embeddable":true,"href":"https:\/\/turijnmagazijn.nl\/fr\/wp-json\/wp\/v2\/media\/34480"}],"wp:attachment":[{"href":"https:\/\/turijnmagazijn.nl\/fr\/wp-json\/wp\/v2\/media?parent=62322"}],"wp:term":[{"taxonomy":"product_brand","embeddable":true,"href":"https:\/\/turijnmagazijn.nl\/fr\/wp-json\/wp\/v2\/product_brand?post=62322"},{"taxonomy":"product_cat","embeddable":true,"href":"https:\/\/turijnmagazijn.nl\/fr\/wp-json\/wp\/v2\/product_cat?post=62322"},{"taxonomy":"product_tag","embeddable":true,"href":"https:\/\/turijnmagazijn.nl\/fr\/wp-json\/wp\/v2\/product_tag?post=62322"}],"curies":[{"name":"wp","href":"https:\/\/api.w.org\/{rel}","templated":true}]}}