{"id":62334,"date":"2023-03-03T09:08:37","date_gmt":"2023-03-03T08:08:37","guid":{"rendered":"https:\/\/turijnmagazijn.nl\/product\/plaque-de-base-de-renforcement-triangles-avant-lancia-delta-integrale-jeu-de-2-nieuw\/"},"modified":"2023-07-26T14:20:41","modified_gmt":"2023-07-26T12:20:41","slug":"renforcement-bottom-plate-front-wishbones-lancia-delta-integral-set-of-2-new","status":"publish","type":"product","link":"https:\/\/turijnmagazijn.nl\/fr\/produit\/renforcement-bottom-plate-front-wishbones-lancia-delta-integral-set-of-2-new\/","title":{"rendered":"Plaque de base de renforcement triangles avant Lancia Delta Integrale (jeu de 2) -NiEUW-"},"content":{"rendered":"<p><a href=\"https:\/\/turijnmagazijn.nl\/fr\/expedition-par-boite-aux-lettres\/\" target=\"\" style=\"background-color: rgb(255, 255, 255); color: rgb(35, 82, 124); outline: 0px;\" rel=\"noopener\"><img decoding=\"async\" src=\"https:\/\/www.delenkorf.nl\/image\/catalog\/brievenbus.png\"><\/a><\/p>\n<p>Produit unique d\u00e9velopp\u00e9 en interne. Une plaque d\u2019acier inoxydable de 4 mm d\u2019\u00e9paisseur d\u00e9coup\u00e9e au laser pour un ajustement exact. Cette plaque peut \u00e9ventuellement \u00eatre boulonn\u00e9e ou soud\u00e9e au point de suspension arri\u00e8re des triangles avant gauche et droite (deux plaques n\u00e9cessaires par voiture, est fourni par nous en tant qu\u2019ensemble). En appliquant cette plaque, le point de fixation naturellement faible sur le corps pour les triangles avant est consid\u00e9rablement renforc\u00e9.&nbsp;<br \/>Apr\u00e8s l\u2019assemblage, les extr\u00e9mit\u00e9s sont faciles \u00e0 plier \u00e0 la taille de la voiture.<\/p>\n","protected":false},"excerpt":{"rendered":"<p>Arcades avant de plaque de base de renforcement Lancia Delta Integrale (jeu de 2) -NiEUW- &#8211; Produit unique d\u00e9velopp\u00e9 en interne.<\/p>\n","protected":false},"featured_media":34360,"comment_status":"open","ping_status":"closed","template":"","meta":{"_acf_changed":false},"product_brand":[],"product_cat":[1806,1836,1830,1838,1798],"product_tag":[],"class_list":{"0":"post-62334","1":"product","2":"type-product","3":"status-publish","4":"has-post-thumbnail","6":"product_cat-delta-1-831-fr","7":"product_cat-integrale-16v-fr","8":"product_cat-integrale-8v-fr","9":"product_cat-integrale-evo-fr","10":"product_cat-lancia-fr","11":"pa_soort-onderdeel-carrosserie-et-tolerie","13":"first","14":"outofstock","15":"taxable","16":"shipping-taxable","17":"purchasable","18":"product-type-simple"},"acf":[],"yoast_head":"<!-- This site is optimized with the Yoast SEO plugin v27.2 - https:\/\/yoast.com\/product\/yoast-seo-wordpress\/ -->\n<title>Plaque de base de renforcement triangles avant Lancia Delta Integrale (jeu de 2) -NiEUW- Turijnmagazijn<\/title>\n<meta name=\"robots\" content=\"index, follow, max-snippet:-1, max-image-preview:large, max-video-preview:-1\" \/>\n<link rel=\"canonical\" href=\"https:\/\/turijnmagazijn.nl\/fr\/produit\/renforcement-bottom-plate-front-wishbones-lancia-delta-integral-set-of-2-new\/\" \/>\n<meta property=\"og:locale\" content=\"fr_FR\" \/>\n<meta property=\"og:type\" content=\"article\" \/>\n<meta property=\"og:title\" content=\"Plaque de base de renforcement triangles avant Lancia Delta Integrale (jeu de 2) -NiEUW- Turijnmagazijn\" \/>\n<meta property=\"og:description\" content=\"Arcades avant de plaque de base de renforcement Lancia Delta Integrale (jeu de 2) -NiEUW- - Produit unique d\u00e9velopp\u00e9 en interne.\" \/>\n<meta property=\"og:url\" content=\"https:\/\/turijnmagazijn.nl\/fr\/produit\/renforcement-bottom-plate-front-wishbones-lancia-delta-integral-set-of-2-new\/\" \/>\n<meta property=\"og:site_name\" content=\"Turijnmagazijn\" \/>\n<meta property=\"article:publisher\" content=\"https:\/\/www.facebook.com\/turijnmagazijn\" \/>\n<meta property=\"article:modified_time\" content=\"2023-07-26T12:20:41+00:00\" \/>\n<meta property=\"og:image\" content=\"https:\/\/turijnmagazijn.jumpstone-dev.nl\/wp-content\/uploads\/2023\/03\/DN00100036_Vloerplaat_versteviging_Lancia_Delta_Integrale_voorste_draagarm_2.jpg\" \/>\n\t<meta property=\"og:image:width\" content=\"520\" \/>\n\t<meta property=\"og:image:height\" content=\"368\" \/>\n\t<meta property=\"og:image:type\" content=\"image\/jpeg\" \/>\n<meta name=\"twitter:card\" content=\"summary_large_image\" \/>\n<script type=\"application\/ld+json\" class=\"yoast-schema-graph\">{\"@context\":\"https:\/\/schema.org\",\"@graph\":[{\"@type\":\"WebPage\",\"@id\":\"https:\/\/turijnmagazijn.nl\/fr\/produit\/renforcement-bottom-plate-front-wishbones-lancia-delta-integral-set-of-2-new\/\",\"url\":\"https:\/\/turijnmagazijn.nl\/fr\/produit\/renforcement-bottom-plate-front-wishbones-lancia-delta-integral-set-of-2-new\/\",\"name\":\"Plaque de base de renforcement triangles avant Lancia Delta Integrale (jeu de 2) -NiEUW- Turijnmagazijn\",\"isPartOf\":{\"@id\":\"https:\/\/turijnmagazijn.jumpstone-dev.nl\/#website\"},\"primaryImageOfPage\":{\"@id\":\"https:\/\/turijnmagazijn.nl\/fr\/produit\/renforcement-bottom-plate-front-wishbones-lancia-delta-integral-set-of-2-new\/#primaryimage\"},\"image\":{\"@id\":\"https:\/\/turijnmagazijn.nl\/fr\/produit\/renforcement-bottom-plate-front-wishbones-lancia-delta-integral-set-of-2-new\/#primaryimage\"},\"thumbnailUrl\":\"https:\/\/turijnmagazijn.nl\/wp-content\/uploads\/2023\/03\/DN00100036_Vloerplaat_versteviging_Lancia_Delta_Integrale_voorste_draagarm_2.jpg\",\"datePublished\":\"2023-03-03T08:08:37+00:00\",\"dateModified\":\"2023-07-26T12:20:41+00:00\",\"breadcrumb\":{\"@id\":\"https:\/\/turijnmagazijn.nl\/fr\/produit\/renforcement-bottom-plate-front-wishbones-lancia-delta-integral-set-of-2-new\/#breadcrumb\"},\"inLanguage\":\"fr-FR\",\"potentialAction\":[{\"@type\":\"ReadAction\",\"target\":[\"https:\/\/turijnmagazijn.nl\/fr\/produit\/renforcement-bottom-plate-front-wishbones-lancia-delta-integral-set-of-2-new\/\"]}]},{\"@type\":\"ImageObject\",\"inLanguage\":\"fr-FR\",\"@id\":\"https:\/\/turijnmagazijn.nl\/fr\/produit\/renforcement-bottom-plate-front-wishbones-lancia-delta-integral-set-of-2-new\/#primaryimage\",\"url\":\"https:\/\/turijnmagazijn.nl\/wp-content\/uploads\/2023\/03\/DN00100036_Vloerplaat_versteviging_Lancia_Delta_Integrale_voorste_draagarm_2.jpg\",\"contentUrl\":\"https:\/\/turijnmagazijn.nl\/wp-content\/uploads\/2023\/03\/DN00100036_Vloerplaat_versteviging_Lancia_Delta_Integrale_voorste_draagarm_2.jpg\",\"width\":520,\"height\":368},{\"@type\":\"BreadcrumbList\",\"@id\":\"https:\/\/turijnmagazijn.nl\/fr\/produit\/renforcement-bottom-plate-front-wishbones-lancia-delta-integral-set-of-2-new\/#breadcrumb\",\"itemListElement\":[{\"@type\":\"ListItem\",\"position\":1,\"name\":\"Home\",\"item\":\"https:\/\/turijnmagazijn.jumpstone-dev.nl\/\"},{\"@type\":\"ListItem\",\"position\":2,\"name\":\"Produits\",\"item\":\"https:\/\/turijnmagazijn.nl\/fr\/shop\/\"},{\"@type\":\"ListItem\",\"position\":3,\"name\":\"Plaque de base de renforcement triangles avant Lancia Delta Integrale (jeu de 2) -NiEUW-\"}]},{\"@type\":\"WebSite\",\"@id\":\"https:\/\/turijnmagazijn.jumpstone-dev.nl\/#website\",\"url\":\"https:\/\/turijnmagazijn.jumpstone-dev.nl\/\",\"name\":\"Turijnmagazijn\",\"description\":\"Onderdelen nieuw en gebruikt - Fiat &amp; Lancia\",\"publisher\":{\"@id\":\"https:\/\/turijnmagazijn.jumpstone-dev.nl\/#organization\"},\"potentialAction\":[{\"@type\":\"SearchAction\",\"target\":{\"@type\":\"EntryPoint\",\"urlTemplate\":\"https:\/\/turijnmagazijn.jumpstone-dev.nl\/?s={search_term_string}\"},\"query-input\":{\"@type\":\"PropertyValueSpecification\",\"valueRequired\":true,\"valueName\":\"search_term_string\"}}],\"inLanguage\":\"fr-FR\"},{\"@type\":\"Organization\",\"@id\":\"https:\/\/turijnmagazijn.jumpstone-dev.nl\/#organization\",\"name\":\"Turijnmagazijn\",\"url\":\"https:\/\/turijnmagazijn.jumpstone-dev.nl\/\",\"logo\":{\"@type\":\"ImageObject\",\"inLanguage\":\"fr-FR\",\"@id\":\"https:\/\/turijnmagazijn.jumpstone-dev.nl\/#\/schema\/logo\/image\/\",\"url\":\"https:\/\/turijnmagazijn.nl\/wp-content\/uploads\/2021\/02\/turijnmagazijnlogo.png\",\"contentUrl\":\"https:\/\/turijnmagazijn.nl\/wp-content\/uploads\/2021\/02\/turijnmagazijnlogo.png\",\"width\":555,\"height\":270,\"caption\":\"Turijnmagazijn\"},\"image\":{\"@id\":\"https:\/\/turijnmagazijn.jumpstone-dev.nl\/#\/schema\/logo\/image\/\"},\"sameAs\":[\"https:\/\/www.facebook.com\/turijnmagazijn\"]}]}<\/script>\n<!-- \/ Yoast SEO plugin. -->","yoast_head_json":{"title":"Plaque de base de renforcement triangles avant Lancia Delta Integrale (jeu de 2) -NiEUW- Turijnmagazijn","robots":{"index":"index","follow":"follow","max-snippet":"max-snippet:-1","max-image-preview":"max-image-preview:large","max-video-preview":"max-video-preview:-1"},"canonical":"https:\/\/turijnmagazijn.nl\/fr\/produit\/renforcement-bottom-plate-front-wishbones-lancia-delta-integral-set-of-2-new\/","og_locale":"fr_FR","og_type":"article","og_title":"Plaque de base de renforcement triangles avant Lancia Delta Integrale (jeu de 2) -NiEUW- Turijnmagazijn","og_description":"Arcades avant de plaque de base de renforcement Lancia Delta Integrale (jeu de 2) -NiEUW- - Produit unique d\u00e9velopp\u00e9 en interne.","og_url":"https:\/\/turijnmagazijn.nl\/fr\/produit\/renforcement-bottom-plate-front-wishbones-lancia-delta-integral-set-of-2-new\/","og_site_name":"Turijnmagazijn","article_publisher":"https:\/\/www.facebook.com\/turijnmagazijn","article_modified_time":"2023-07-26T12:20:41+00:00","og_image":[{"width":520,"height":368,"url":"https:\/\/turijnmagazijn.jumpstone-dev.nl\/wp-content\/uploads\/2023\/03\/DN00100036_Vloerplaat_versteviging_Lancia_Delta_Integrale_voorste_draagarm_2.jpg","type":"image\/jpeg"}],"twitter_card":"summary_large_image","schema":{"@context":"https:\/\/schema.org","@graph":[{"@type":"WebPage","@id":"https:\/\/turijnmagazijn.nl\/fr\/produit\/renforcement-bottom-plate-front-wishbones-lancia-delta-integral-set-of-2-new\/","url":"https:\/\/turijnmagazijn.nl\/fr\/produit\/renforcement-bottom-plate-front-wishbones-lancia-delta-integral-set-of-2-new\/","name":"Plaque de base de renforcement triangles avant Lancia Delta Integrale (jeu de 2) -NiEUW- Turijnmagazijn","isPartOf":{"@id":"https:\/\/turijnmagazijn.jumpstone-dev.nl\/#website"},"primaryImageOfPage":{"@id":"https:\/\/turijnmagazijn.nl\/fr\/produit\/renforcement-bottom-plate-front-wishbones-lancia-delta-integral-set-of-2-new\/#primaryimage"},"image":{"@id":"https:\/\/turijnmagazijn.nl\/fr\/produit\/renforcement-bottom-plate-front-wishbones-lancia-delta-integral-set-of-2-new\/#primaryimage"},"thumbnailUrl":"https:\/\/turijnmagazijn.nl\/wp-content\/uploads\/2023\/03\/DN00100036_Vloerplaat_versteviging_Lancia_Delta_Integrale_voorste_draagarm_2.jpg","datePublished":"2023-03-03T08:08:37+00:00","dateModified":"2023-07-26T12:20:41+00:00","breadcrumb":{"@id":"https:\/\/turijnmagazijn.nl\/fr\/produit\/renforcement-bottom-plate-front-wishbones-lancia-delta-integral-set-of-2-new\/#breadcrumb"},"inLanguage":"fr-FR","potentialAction":[{"@type":"ReadAction","target":["https:\/\/turijnmagazijn.nl\/fr\/produit\/renforcement-bottom-plate-front-wishbones-lancia-delta-integral-set-of-2-new\/"]}]},{"@type":"ImageObject","inLanguage":"fr-FR","@id":"https:\/\/turijnmagazijn.nl\/fr\/produit\/renforcement-bottom-plate-front-wishbones-lancia-delta-integral-set-of-2-new\/#primaryimage","url":"https:\/\/turijnmagazijn.nl\/wp-content\/uploads\/2023\/03\/DN00100036_Vloerplaat_versteviging_Lancia_Delta_Integrale_voorste_draagarm_2.jpg","contentUrl":"https:\/\/turijnmagazijn.nl\/wp-content\/uploads\/2023\/03\/DN00100036_Vloerplaat_versteviging_Lancia_Delta_Integrale_voorste_draagarm_2.jpg","width":520,"height":368},{"@type":"BreadcrumbList","@id":"https:\/\/turijnmagazijn.nl\/fr\/produit\/renforcement-bottom-plate-front-wishbones-lancia-delta-integral-set-of-2-new\/#breadcrumb","itemListElement":[{"@type":"ListItem","position":1,"name":"Home","item":"https:\/\/turijnmagazijn.jumpstone-dev.nl\/"},{"@type":"ListItem","position":2,"name":"Produits","item":"https:\/\/turijnmagazijn.nl\/fr\/shop\/"},{"@type":"ListItem","position":3,"name":"Plaque de base de renforcement triangles avant Lancia Delta Integrale (jeu de 2) -NiEUW-"}]},{"@type":"WebSite","@id":"https:\/\/turijnmagazijn.jumpstone-dev.nl\/#website","url":"https:\/\/turijnmagazijn.jumpstone-dev.nl\/","name":"Turijnmagazijn","description":"Onderdelen nieuw en gebruikt - Fiat &amp; Lancia","publisher":{"@id":"https:\/\/turijnmagazijn.jumpstone-dev.nl\/#organization"},"potentialAction":[{"@type":"SearchAction","target":{"@type":"EntryPoint","urlTemplate":"https:\/\/turijnmagazijn.jumpstone-dev.nl\/?s={search_term_string}"},"query-input":{"@type":"PropertyValueSpecification","valueRequired":true,"valueName":"search_term_string"}}],"inLanguage":"fr-FR"},{"@type":"Organization","@id":"https:\/\/turijnmagazijn.jumpstone-dev.nl\/#organization","name":"Turijnmagazijn","url":"https:\/\/turijnmagazijn.jumpstone-dev.nl\/","logo":{"@type":"ImageObject","inLanguage":"fr-FR","@id":"https:\/\/turijnmagazijn.jumpstone-dev.nl\/#\/schema\/logo\/image\/","url":"https:\/\/turijnmagazijn.nl\/wp-content\/uploads\/2021\/02\/turijnmagazijnlogo.png","contentUrl":"https:\/\/turijnmagazijn.nl\/wp-content\/uploads\/2021\/02\/turijnmagazijnlogo.png","width":555,"height":270,"caption":"Turijnmagazijn"},"image":{"@id":"https:\/\/turijnmagazijn.jumpstone-dev.nl\/#\/schema\/logo\/image\/"},"sameAs":["https:\/\/www.facebook.com\/turijnmagazijn"]}]}},"_links":{"self":[{"href":"https:\/\/turijnmagazijn.nl\/fr\/wp-json\/wp\/v2\/product\/62334","targetHints":{"allow":["GET"]}}],"collection":[{"href":"https:\/\/turijnmagazijn.nl\/fr\/wp-json\/wp\/v2\/product"}],"about":[{"href":"https:\/\/turijnmagazijn.nl\/fr\/wp-json\/wp\/v2\/types\/product"}],"replies":[{"embeddable":true,"href":"https:\/\/turijnmagazijn.nl\/fr\/wp-json\/wp\/v2\/comments?post=62334"}],"wp:featuredmedia":[{"embeddable":true,"href":"https:\/\/turijnmagazijn.nl\/fr\/wp-json\/wp\/v2\/media\/34360"}],"wp:attachment":[{"href":"https:\/\/turijnmagazijn.nl\/fr\/wp-json\/wp\/v2\/media?parent=62334"}],"wp:term":[{"taxonomy":"product_brand","embeddable":true,"href":"https:\/\/turijnmagazijn.nl\/fr\/wp-json\/wp\/v2\/product_brand?post=62334"},{"taxonomy":"product_cat","embeddable":true,"href":"https:\/\/turijnmagazijn.nl\/fr\/wp-json\/wp\/v2\/product_cat?post=62334"},{"taxonomy":"product_tag","embeddable":true,"href":"https:\/\/turijnmagazijn.nl\/fr\/wp-json\/wp\/v2\/product_tag?post=62334"}],"curies":[{"name":"wp","href":"https:\/\/api.w.org\/{rel}","templated":true}]}}