{"id":62339,"date":"2023-03-03T09:08:59","date_gmt":"2023-03-03T08:08:59","guid":{"rendered":"https:\/\/turijnmagazijn.nl\/product\/support-caoutchouc-dechappement-lancia-delta-hf-integrale-nouveau\/"},"modified":"2025-05-29T16:24:20","modified_gmt":"2025-05-29T14:24:20","slug":"support-caoutchouc-dechappement-lancia-delta-hf-integral-nouveau","status":"publish","type":"product","link":"https:\/\/turijnmagazijn.nl\/fr\/produit\/support-caoutchouc-dechappement-lancia-delta-hf-integral-nouveau\/","title":{"rendered":"Support caoutchouc d\u2019\u00e9chappement Lancia Delta HF Integrale -NOUVEAU-"},"content":{"rendered":"<p>Reproduction de haute qualit\u00e9 d\u2019une pi\u00e8ce qui n\u2019\u00e9tait pas disponible chez Lancia depuis des ann\u00e9es.<br \/>\nSupport pour le montage de l\u2019\u00e9chappement en acier inoxydable de haute qualit\u00e9 et \u00e9quip\u00e9 d\u2019un renfoncement pour l\u2019\u00e9l\u00e9vation sur le caoutchouc d\u2019\u00e9chappement pour une fixation correcte du caoutchouc \u00e0 son emplacement de montage. 3 ou 4 de ces supports ont \u00e9t\u00e9 utilis\u00e9s par wagon.<\/p>\n<p>\u00c0 titre de comparaison, ce support peut remplacer directement le num\u00e9ro de pi\u00e8ce ci-dessous.<\/p>\n<p>Lancia OEM 82430843<\/p>\n<p>Pour le montage sur ce caoutchouc :<\/p>\n<p>Lancia OEM <span style=\"text-align: -webkit-right;\">82418333<\/span><\/p>\n<p>Le num\u00e9ro de pi\u00e8ce est \u00e0 titre indicatif uniquement, il ne s\u2019agit pas d\u2019une pi\u00e8ce Lancia originale mais d\u2019une reproduction de haute qualit\u00e9 en acier inoxydable.<\/p>\n<p>Num\u00e9ro de pi\u00e8ce 6 sur le dessin technique de l&rsquo;EPER, num\u00e9ro de dessin 1025801002. 3 pi\u00e8ces sont n\u00e9cessaires par voiture.<\/p>\n","protected":false},"excerpt":{"rendered":"<p>82430843 Support caoutchouc d\u2019\u00e9chappement Lancia Delta HF Integrale -NOUVEAU- &#8211; Reproduction de haute qualit\u00e9 d\u2019une pi\u00e8ce qui n\u2019a pas \u00e9t\u00e9 disponible chez Lancia depuis des ann\u00e9es.<\/p>\n","protected":false},"featured_media":17128,"comment_status":"open","ping_status":"closed","template":"","meta":{"_acf_changed":false},"product_brand":[],"product_cat":[1806,1821,1836,1830,1838,1798],"product_tag":[],"class_list":{"0":"post-62339","1":"product","2":"type-product","3":"status-publish","4":"has-post-thumbnail","6":"product_cat-delta-1-831-fr","7":"product_cat-hf-4wd-fr","8":"product_cat-integrale-16v-fr","9":"product_cat-integrale-8v-fr","10":"product_cat-integrale-evo-fr","11":"product_cat-lancia-fr","12":"pa_soort-onderdeel-les-systemes-dechappement","14":"first","15":"instock","16":"taxable","17":"shipping-taxable","18":"purchasable","19":"product-type-simple"},"acf":[],"yoast_head":"<!-- This site is optimized with the Yoast SEO plugin v27.2 - https:\/\/yoast.com\/product\/yoast-seo-wordpress\/ -->\n<title>Support caoutchouc d\u2019\u00e9chappement Lancia Delta HF Integrale -NOUVEAU- Turijnmagazijn<\/title>\n<meta name=\"robots\" content=\"index, follow, max-snippet:-1, max-image-preview:large, max-video-preview:-1\" \/>\n<link rel=\"canonical\" href=\"https:\/\/turijnmagazijn.nl\/fr\/produit\/support-caoutchouc-dechappement-lancia-delta-hf-integral-nouveau\/\" \/>\n<meta property=\"og:locale\" content=\"fr_FR\" \/>\n<meta property=\"og:type\" content=\"article\" \/>\n<meta property=\"og:title\" content=\"Support caoutchouc d\u2019\u00e9chappement Lancia Delta HF Integrale -NOUVEAU- Turijnmagazijn\" \/>\n<meta property=\"og:description\" content=\"82430843 Support caoutchouc d\u2019\u00e9chappement Lancia Delta HF Integrale -NOUVEAU- - Reproduction de haute qualit\u00e9 d\u2019une pi\u00e8ce qui n\u2019a pas \u00e9t\u00e9 disponible chez Lancia depuis des ann\u00e9es.\" \/>\n<meta property=\"og:url\" content=\"https:\/\/turijnmagazijn.nl\/fr\/produit\/support-caoutchouc-dechappement-lancia-delta-hf-integral-nouveau\/\" \/>\n<meta property=\"og:site_name\" content=\"Turijnmagazijn\" \/>\n<meta property=\"article:publisher\" content=\"https:\/\/www.facebook.com\/turijnmagazijn\" \/>\n<meta property=\"article:modified_time\" content=\"2025-05-29T14:24:20+00:00\" \/>\n<meta property=\"og:image\" content=\"https:\/\/turijnmagazijn.nl\/wp-content\/uploads\/2023\/03\/DN00100044-Beugel-uitlaatrubber-Lancia-Delta-HF-Integrale-NIEUW-3-1.jpg\" \/>\n\t<meta property=\"og:image:width\" content=\"1024\" \/>\n\t<meta property=\"og:image:height\" content=\"768\" \/>\n\t<meta property=\"og:image:type\" content=\"image\/jpeg\" \/>\n<meta name=\"twitter:card\" content=\"summary_large_image\" \/>\n<meta name=\"twitter:label1\" content=\"Dur\u00e9e de lecture estim\u00e9e\" \/>\n\t<meta name=\"twitter:data1\" content=\"1 minute\" \/>\n<script type=\"application\/ld+json\" class=\"yoast-schema-graph\">{\"@context\":\"https:\/\/schema.org\",\"@graph\":[{\"@type\":\"WebPage\",\"@id\":\"https:\/\/turijnmagazijn.nl\/fr\/produit\/support-caoutchouc-dechappement-lancia-delta-hf-integral-nouveau\/\",\"url\":\"https:\/\/turijnmagazijn.nl\/fr\/produit\/support-caoutchouc-dechappement-lancia-delta-hf-integral-nouveau\/\",\"name\":\"Support caoutchouc d\u2019\u00e9chappement Lancia Delta HF Integrale -NOUVEAU- Turijnmagazijn\",\"isPartOf\":{\"@id\":\"https:\/\/turijnmagazijn.jumpstone-dev.nl\/#website\"},\"primaryImageOfPage\":{\"@id\":\"https:\/\/turijnmagazijn.nl\/fr\/produit\/support-caoutchouc-dechappement-lancia-delta-hf-integral-nouveau\/#primaryimage\"},\"image\":{\"@id\":\"https:\/\/turijnmagazijn.nl\/fr\/produit\/support-caoutchouc-dechappement-lancia-delta-hf-integral-nouveau\/#primaryimage\"},\"thumbnailUrl\":\"https:\/\/turijnmagazijn.nl\/wp-content\/uploads\/2023\/02\/DN0010004420Beugel20uitlaatrubber20Lancia20Delta20HF20Integrale20-NIEUW-20134.jpg\",\"datePublished\":\"2023-03-03T08:08:59+00:00\",\"dateModified\":\"2025-05-29T14:24:20+00:00\",\"breadcrumb\":{\"@id\":\"https:\/\/turijnmagazijn.nl\/fr\/produit\/support-caoutchouc-dechappement-lancia-delta-hf-integral-nouveau\/#breadcrumb\"},\"inLanguage\":\"fr-FR\",\"potentialAction\":[{\"@type\":\"ReadAction\",\"target\":[\"https:\/\/turijnmagazijn.nl\/fr\/produit\/support-caoutchouc-dechappement-lancia-delta-hf-integral-nouveau\/\"]}]},{\"@type\":\"ImageObject\",\"inLanguage\":\"fr-FR\",\"@id\":\"https:\/\/turijnmagazijn.nl\/fr\/produit\/support-caoutchouc-dechappement-lancia-delta-hf-integral-nouveau\/#primaryimage\",\"url\":\"https:\/\/turijnmagazijn.nl\/wp-content\/uploads\/2023\/02\/DN0010004420Beugel20uitlaatrubber20Lancia20Delta20HF20Integrale20-NIEUW-20134.jpg\",\"contentUrl\":\"https:\/\/turijnmagazijn.nl\/wp-content\/uploads\/2023\/02\/DN0010004420Beugel20uitlaatrubber20Lancia20Delta20HF20Integrale20-NIEUW-20134.jpg\",\"width\":1024,\"height\":768},{\"@type\":\"BreadcrumbList\",\"@id\":\"https:\/\/turijnmagazijn.nl\/fr\/produit\/support-caoutchouc-dechappement-lancia-delta-hf-integral-nouveau\/#breadcrumb\",\"itemListElement\":[{\"@type\":\"ListItem\",\"position\":1,\"name\":\"Home\",\"item\":\"https:\/\/turijnmagazijn.nl\/fr\/\"},{\"@type\":\"ListItem\",\"position\":2,\"name\":\"Produits\",\"item\":\"https:\/\/turijnmagazijn.nl\/fr\/shop\/\"},{\"@type\":\"ListItem\",\"position\":3,\"name\":\"Support caoutchouc d\u2019\u00e9chappement Lancia Delta HF Integrale -NOUVEAU-\"}]},{\"@type\":\"WebSite\",\"@id\":\"https:\/\/turijnmagazijn.jumpstone-dev.nl\/#website\",\"url\":\"https:\/\/turijnmagazijn.jumpstone-dev.nl\/\",\"name\":\"Turijnmagazijn\",\"description\":\"Onderdelen nieuw en gebruikt - Fiat &amp; Lancia\",\"publisher\":{\"@id\":\"https:\/\/turijnmagazijn.jumpstone-dev.nl\/#organization\"},\"potentialAction\":[{\"@type\":\"SearchAction\",\"target\":{\"@type\":\"EntryPoint\",\"urlTemplate\":\"https:\/\/turijnmagazijn.jumpstone-dev.nl\/?s={search_term_string}\"},\"query-input\":{\"@type\":\"PropertyValueSpecification\",\"valueRequired\":true,\"valueName\":\"search_term_string\"}}],\"inLanguage\":\"fr-FR\"},{\"@type\":\"Organization\",\"@id\":\"https:\/\/turijnmagazijn.jumpstone-dev.nl\/#organization\",\"name\":\"Turijnmagazijn\",\"url\":\"https:\/\/turijnmagazijn.jumpstone-dev.nl\/\",\"logo\":{\"@type\":\"ImageObject\",\"inLanguage\":\"fr-FR\",\"@id\":\"https:\/\/turijnmagazijn.jumpstone-dev.nl\/#\/schema\/logo\/image\/\",\"url\":\"https:\/\/turijnmagazijn.nl\/wp-content\/uploads\/2021\/02\/turijnmagazijnlogo.png\",\"contentUrl\":\"https:\/\/turijnmagazijn.nl\/wp-content\/uploads\/2021\/02\/turijnmagazijnlogo.png\",\"width\":555,\"height\":270,\"caption\":\"Turijnmagazijn\"},\"image\":{\"@id\":\"https:\/\/turijnmagazijn.jumpstone-dev.nl\/#\/schema\/logo\/image\/\"},\"sameAs\":[\"https:\/\/www.facebook.com\/turijnmagazijn\"]}]}<\/script>\n<!-- \/ Yoast SEO plugin. -->","yoast_head_json":{"title":"Support caoutchouc d\u2019\u00e9chappement Lancia Delta HF Integrale -NOUVEAU- Turijnmagazijn","robots":{"index":"index","follow":"follow","max-snippet":"max-snippet:-1","max-image-preview":"max-image-preview:large","max-video-preview":"max-video-preview:-1"},"canonical":"https:\/\/turijnmagazijn.nl\/fr\/produit\/support-caoutchouc-dechappement-lancia-delta-hf-integral-nouveau\/","og_locale":"fr_FR","og_type":"article","og_title":"Support caoutchouc d\u2019\u00e9chappement Lancia Delta HF Integrale -NOUVEAU- Turijnmagazijn","og_description":"82430843 Support caoutchouc d\u2019\u00e9chappement Lancia Delta HF Integrale -NOUVEAU- - Reproduction de haute qualit\u00e9 d\u2019une pi\u00e8ce qui n\u2019a pas \u00e9t\u00e9 disponible chez Lancia depuis des ann\u00e9es.","og_url":"https:\/\/turijnmagazijn.nl\/fr\/produit\/support-caoutchouc-dechappement-lancia-delta-hf-integral-nouveau\/","og_site_name":"Turijnmagazijn","article_publisher":"https:\/\/www.facebook.com\/turijnmagazijn","article_modified_time":"2025-05-29T14:24:20+00:00","og_image":[{"width":1024,"height":768,"url":"https:\/\/turijnmagazijn.nl\/wp-content\/uploads\/2023\/03\/DN00100044-Beugel-uitlaatrubber-Lancia-Delta-HF-Integrale-NIEUW-3-1.jpg","type":"image\/jpeg"}],"twitter_card":"summary_large_image","twitter_misc":{"Dur\u00e9e de lecture estim\u00e9e":"1 minute"},"schema":{"@context":"https:\/\/schema.org","@graph":[{"@type":"WebPage","@id":"https:\/\/turijnmagazijn.nl\/fr\/produit\/support-caoutchouc-dechappement-lancia-delta-hf-integral-nouveau\/","url":"https:\/\/turijnmagazijn.nl\/fr\/produit\/support-caoutchouc-dechappement-lancia-delta-hf-integral-nouveau\/","name":"Support caoutchouc d\u2019\u00e9chappement Lancia Delta HF Integrale -NOUVEAU- Turijnmagazijn","isPartOf":{"@id":"https:\/\/turijnmagazijn.jumpstone-dev.nl\/#website"},"primaryImageOfPage":{"@id":"https:\/\/turijnmagazijn.nl\/fr\/produit\/support-caoutchouc-dechappement-lancia-delta-hf-integral-nouveau\/#primaryimage"},"image":{"@id":"https:\/\/turijnmagazijn.nl\/fr\/produit\/support-caoutchouc-dechappement-lancia-delta-hf-integral-nouveau\/#primaryimage"},"thumbnailUrl":"https:\/\/turijnmagazijn.nl\/wp-content\/uploads\/2023\/02\/DN0010004420Beugel20uitlaatrubber20Lancia20Delta20HF20Integrale20-NIEUW-20134.jpg","datePublished":"2023-03-03T08:08:59+00:00","dateModified":"2025-05-29T14:24:20+00:00","breadcrumb":{"@id":"https:\/\/turijnmagazijn.nl\/fr\/produit\/support-caoutchouc-dechappement-lancia-delta-hf-integral-nouveau\/#breadcrumb"},"inLanguage":"fr-FR","potentialAction":[{"@type":"ReadAction","target":["https:\/\/turijnmagazijn.nl\/fr\/produit\/support-caoutchouc-dechappement-lancia-delta-hf-integral-nouveau\/"]}]},{"@type":"ImageObject","inLanguage":"fr-FR","@id":"https:\/\/turijnmagazijn.nl\/fr\/produit\/support-caoutchouc-dechappement-lancia-delta-hf-integral-nouveau\/#primaryimage","url":"https:\/\/turijnmagazijn.nl\/wp-content\/uploads\/2023\/02\/DN0010004420Beugel20uitlaatrubber20Lancia20Delta20HF20Integrale20-NIEUW-20134.jpg","contentUrl":"https:\/\/turijnmagazijn.nl\/wp-content\/uploads\/2023\/02\/DN0010004420Beugel20uitlaatrubber20Lancia20Delta20HF20Integrale20-NIEUW-20134.jpg","width":1024,"height":768},{"@type":"BreadcrumbList","@id":"https:\/\/turijnmagazijn.nl\/fr\/produit\/support-caoutchouc-dechappement-lancia-delta-hf-integral-nouveau\/#breadcrumb","itemListElement":[{"@type":"ListItem","position":1,"name":"Home","item":"https:\/\/turijnmagazijn.nl\/fr\/"},{"@type":"ListItem","position":2,"name":"Produits","item":"https:\/\/turijnmagazijn.nl\/fr\/shop\/"},{"@type":"ListItem","position":3,"name":"Support caoutchouc d\u2019\u00e9chappement Lancia Delta HF Integrale -NOUVEAU-"}]},{"@type":"WebSite","@id":"https:\/\/turijnmagazijn.jumpstone-dev.nl\/#website","url":"https:\/\/turijnmagazijn.jumpstone-dev.nl\/","name":"Turijnmagazijn","description":"Onderdelen nieuw en gebruikt - Fiat &amp; Lancia","publisher":{"@id":"https:\/\/turijnmagazijn.jumpstone-dev.nl\/#organization"},"potentialAction":[{"@type":"SearchAction","target":{"@type":"EntryPoint","urlTemplate":"https:\/\/turijnmagazijn.jumpstone-dev.nl\/?s={search_term_string}"},"query-input":{"@type":"PropertyValueSpecification","valueRequired":true,"valueName":"search_term_string"}}],"inLanguage":"fr-FR"},{"@type":"Organization","@id":"https:\/\/turijnmagazijn.jumpstone-dev.nl\/#organization","name":"Turijnmagazijn","url":"https:\/\/turijnmagazijn.jumpstone-dev.nl\/","logo":{"@type":"ImageObject","inLanguage":"fr-FR","@id":"https:\/\/turijnmagazijn.jumpstone-dev.nl\/#\/schema\/logo\/image\/","url":"https:\/\/turijnmagazijn.nl\/wp-content\/uploads\/2021\/02\/turijnmagazijnlogo.png","contentUrl":"https:\/\/turijnmagazijn.nl\/wp-content\/uploads\/2021\/02\/turijnmagazijnlogo.png","width":555,"height":270,"caption":"Turijnmagazijn"},"image":{"@id":"https:\/\/turijnmagazijn.jumpstone-dev.nl\/#\/schema\/logo\/image\/"},"sameAs":["https:\/\/www.facebook.com\/turijnmagazijn"]}]}},"_links":{"self":[{"href":"https:\/\/turijnmagazijn.nl\/fr\/wp-json\/wp\/v2\/product\/62339","targetHints":{"allow":["GET"]}}],"collection":[{"href":"https:\/\/turijnmagazijn.nl\/fr\/wp-json\/wp\/v2\/product"}],"about":[{"href":"https:\/\/turijnmagazijn.nl\/fr\/wp-json\/wp\/v2\/types\/product"}],"replies":[{"embeddable":true,"href":"https:\/\/turijnmagazijn.nl\/fr\/wp-json\/wp\/v2\/comments?post=62339"}],"wp:featuredmedia":[{"embeddable":true,"href":"https:\/\/turijnmagazijn.nl\/fr\/wp-json\/wp\/v2\/media\/17128"}],"wp:attachment":[{"href":"https:\/\/turijnmagazijn.nl\/fr\/wp-json\/wp\/v2\/media?parent=62339"}],"wp:term":[{"taxonomy":"product_brand","embeddable":true,"href":"https:\/\/turijnmagazijn.nl\/fr\/wp-json\/wp\/v2\/product_brand?post=62339"},{"taxonomy":"product_cat","embeddable":true,"href":"https:\/\/turijnmagazijn.nl\/fr\/wp-json\/wp\/v2\/product_cat?post=62339"},{"taxonomy":"product_tag","embeddable":true,"href":"https:\/\/turijnmagazijn.nl\/fr\/wp-json\/wp\/v2\/product_tag?post=62339"}],"curies":[{"name":"wp","href":"https:\/\/api.w.org\/{rel}","templated":true}]}}